{"id":14421,"date":"2020-03-25T13:02:12","date_gmt":"2020-03-25T12:02:12","guid":{"rendered":"http:\/\/nomadcoffee.es\/partners-friends\/"},"modified":"2021-04-22T12:42:15","modified_gmt":"2021-04-22T10:42:15","slug":"coffeeshops","status":"publish","type":"page","link":"https:\/\/subs.nomadcoffee.es\/ca\/embaixadors-mon-cafeteries-col%c2%b7labordors\/coffeeshops\/","title":{"rendered":"Partners &#038; friends"},"content":{"rendered":"","protected":false},"excerpt":{"rendered":"","protected":false},"author":5,"featured_media":0,"parent":14464,"menu_order":0,"comment_status":"closed","ping_status":"closed","template":"page-coffeeshops.php","meta":{"footnotes":""},"acf":[],"yoast_head":"<!-- This site is optimized with the Yoast SEO plugin v22.6 - https:\/\/yoast.com\/wordpress\/plugins\/seo\/ -->\n<title>Siguis on siguis troba&#039;ns! - Partners &amp; friends - NOMAD<\/title>\n<meta name=\"description\" content=\"Barcelona, Europa, Am\u00e8rica .. \u00c9s igual, siguis on siguis troba una cafeteria on preparin NOMAD COFFEE i d\u00f3na&#039;t un plaer;)\" \/>\n<meta name=\"robots\" content=\"noindex, nofollow\" \/>\n<meta property=\"og:locale\" content=\"ca_ES\" \/>\n<meta property=\"og:type\" content=\"article\" \/>\n<meta property=\"og:title\" content=\"Siguis on siguis troba&#039;ns! - Partners &amp; friends - NOMAD\" \/>\n<meta property=\"og:description\" content=\"Barcelona, Europa, Am\u00e8rica .. \u00c9s igual, siguis on siguis troba una cafeteria on preparin NOMAD COFFEE i d\u00f3na&#039;t un plaer;)\" \/>\n<meta property=\"og:url\" content=\"https:\/\/subs.nomadcoffee.es\/ca\/embaixadors-mon-cafeteries-col%c2%b7labordors\/coffeeshops\/\" \/>\n<meta property=\"og:site_name\" content=\"NOMAD\" \/>\n<meta property=\"article:modified_time\" content=\"2021-04-22T10:42:15+00:00\" \/>\n<meta name=\"twitter:card\" content=\"summary_large_image\" \/>\n<script type=\"application\/ld+json\" class=\"yoast-schema-graph\">{\"@context\":\"https:\/\/schema.org\",\"@graph\":[{\"@type\":\"WebPage\",\"@id\":\"https:\/\/subs.nomadcoffee.es\/ca\/embaixadors-mon-cafeteries-col%c2%b7labordors\/coffeeshops\/\",\"url\":\"https:\/\/subs.nomadcoffee.es\/ca\/embaixadors-mon-cafeteries-col%c2%b7labordors\/coffeeshops\/\",\"name\":\"Siguis on siguis troba'ns! - Partners & friends - NOMAD\",\"isPartOf\":{\"@id\":\"https:\/\/subs.nomadcoffee.es\/ca\/#website\"},\"datePublished\":\"2020-03-25T12:02:12+00:00\",\"dateModified\":\"2021-04-22T10:42:15+00:00\",\"description\":\"Barcelona, Europa, Am\u00e8rica .. \u00c9s igual, siguis on siguis troba una cafeteria on preparin NOMAD COFFEE i d\u00f3na't un plaer;)\",\"breadcrumb\":{\"@id\":\"https:\/\/subs.nomadcoffee.es\/ca\/embaixadors-mon-cafeteries-col%c2%b7labordors\/coffeeshops\/#breadcrumb\"},\"inLanguage\":\"ca\",\"potentialAction\":[{\"@type\":\"ReadAction\",\"target\":[\"https:\/\/subs.nomadcoffee.es\/ca\/embaixadors-mon-cafeteries-col%c2%b7labordors\/coffeeshops\/\"]}]},{\"@type\":\"BreadcrumbList\",\"@id\":\"https:\/\/subs.nomadcoffee.es\/ca\/embaixadors-mon-cafeteries-col%c2%b7labordors\/coffeeshops\/#breadcrumb\",\"itemListElement\":[{\"@type\":\"ListItem\",\"position\":1,\"name\":\"Portada\",\"item\":\"https:\/\/subs.nomadcoffee.es\/ca\/\"},{\"@type\":\"ListItem\",\"position\":2,\"name\":\"Coffeeshops\",\"item\":\"https:\/\/subs.nomadcoffee.es\/ca\/embaixadors-mon-cafeteries-col%c2%b7labordors\/\"},{\"@type\":\"ListItem\",\"position\":3,\"name\":\"Partners &#038; friends\"}]},{\"@type\":\"WebSite\",\"@id\":\"https:\/\/subs.nomadcoffee.es\/ca\/#website\",\"url\":\"https:\/\/subs.nomadcoffee.es\/ca\/\",\"name\":\"Nomad Coffee\",\"description\":\"Caf\u00e9 de origen, tostado en Barcelona\",\"publisher\":{\"@id\":\"https:\/\/subs.nomadcoffee.es\/ca\/#organization\"},\"alternateName\":\"Nomad Coffee\",\"potentialAction\":[{\"@type\":\"SearchAction\",\"target\":{\"@type\":\"EntryPoint\",\"urlTemplate\":\"https:\/\/subs.nomadcoffee.es\/ca\/?s={search_term_string}\"},\"query-input\":\"required name=search_term_string\"}],\"inLanguage\":\"ca\"},{\"@type\":\"Organization\",\"@id\":\"https:\/\/subs.nomadcoffee.es\/ca\/#organization\",\"name\":\"Nomad Coffee\",\"alternateName\":\"Nomad Coffee\",\"url\":\"https:\/\/subs.nomadcoffee.es\/ca\/\",\"logo\":{\"@type\":\"ImageObject\",\"inLanguage\":\"ca\",\"@id\":\"https:\/\/subs.nomadcoffee.es\/ca\/#\/schema\/logo\/image\/\",\"url\":\"https:\/\/nomadcoffee.es\/wp-content\/uploads\/2023\/05\/logo-Nomad.jpg\",\"contentUrl\":\"https:\/\/nomadcoffee.es\/wp-content\/uploads\/2023\/05\/logo-Nomad.jpg\",\"width\":200,\"height\":200,\"caption\":\"Nomad Coffee\"},\"image\":{\"@id\":\"https:\/\/subs.nomadcoffee.es\/ca\/#\/schema\/logo\/image\/\"}}]}<\/script>\n<!-- \/ Yoast SEO plugin. -->","yoast_head_json":{"title":"Siguis on siguis troba'ns! - Partners & friends - NOMAD","description":"Barcelona, Europa, Am\u00e8rica .. \u00c9s igual, siguis on siguis troba una cafeteria on preparin NOMAD COFFEE i d\u00f3na't un plaer;)","robots":{"index":"noindex","follow":"nofollow"},"og_locale":"ca_ES","og_type":"article","og_title":"Siguis on siguis troba'ns! - Partners & friends - NOMAD","og_description":"Barcelona, Europa, Am\u00e8rica .. \u00c9s igual, siguis on siguis troba una cafeteria on preparin NOMAD COFFEE i d\u00f3na't un plaer;)","og_url":"https:\/\/subs.nomadcoffee.es\/ca\/embaixadors-mon-cafeteries-col%c2%b7labordors\/coffeeshops\/","og_site_name":"NOMAD","article_modified_time":"2021-04-22T10:42:15+00:00","twitter_card":"summary_large_image","schema":{"@context":"https:\/\/schema.org","@graph":[{"@type":"WebPage","@id":"https:\/\/subs.nomadcoffee.es\/ca\/embaixadors-mon-cafeteries-col%c2%b7labordors\/coffeeshops\/","url":"https:\/\/subs.nomadcoffee.es\/ca\/embaixadors-mon-cafeteries-col%c2%b7labordors\/coffeeshops\/","name":"Siguis on siguis troba'ns! - Partners & friends - NOMAD","isPartOf":{"@id":"https:\/\/subs.nomadcoffee.es\/ca\/#website"},"datePublished":"2020-03-25T12:02:12+00:00","dateModified":"2021-04-22T10:42:15+00:00","description":"Barcelona, Europa, Am\u00e8rica .. \u00c9s igual, siguis on siguis troba una cafeteria on preparin NOMAD COFFEE i d\u00f3na't un plaer;)","breadcrumb":{"@id":"https:\/\/subs.nomadcoffee.es\/ca\/embaixadors-mon-cafeteries-col%c2%b7labordors\/coffeeshops\/#breadcrumb"},"inLanguage":"ca","potentialAction":[{"@type":"ReadAction","target":["https:\/\/subs.nomadcoffee.es\/ca\/embaixadors-mon-cafeteries-col%c2%b7labordors\/coffeeshops\/"]}]},{"@type":"BreadcrumbList","@id":"https:\/\/subs.nomadcoffee.es\/ca\/embaixadors-mon-cafeteries-col%c2%b7labordors\/coffeeshops\/#breadcrumb","itemListElement":[{"@type":"ListItem","position":1,"name":"Portada","item":"https:\/\/subs.nomadcoffee.es\/ca\/"},{"@type":"ListItem","position":2,"name":"Coffeeshops","item":"https:\/\/subs.nomadcoffee.es\/ca\/embaixadors-mon-cafeteries-col%c2%b7labordors\/"},{"@type":"ListItem","position":3,"name":"Partners &#038; friends"}]},{"@type":"WebSite","@id":"https:\/\/subs.nomadcoffee.es\/ca\/#website","url":"https:\/\/subs.nomadcoffee.es\/ca\/","name":"Nomad Coffee","description":"Caf\u00e9 de origen, tostado en Barcelona","publisher":{"@id":"https:\/\/subs.nomadcoffee.es\/ca\/#organization"},"alternateName":"Nomad Coffee","potentialAction":[{"@type":"SearchAction","target":{"@type":"EntryPoint","urlTemplate":"https:\/\/subs.nomadcoffee.es\/ca\/?s={search_term_string}"},"query-input":"required name=search_term_string"}],"inLanguage":"ca"},{"@type":"Organization","@id":"https:\/\/subs.nomadcoffee.es\/ca\/#organization","name":"Nomad Coffee","alternateName":"Nomad Coffee","url":"https:\/\/subs.nomadcoffee.es\/ca\/","logo":{"@type":"ImageObject","inLanguage":"ca","@id":"https:\/\/subs.nomadcoffee.es\/ca\/#\/schema\/logo\/image\/","url":"https:\/\/nomadcoffee.es\/wp-content\/uploads\/2023\/05\/logo-Nomad.jpg","contentUrl":"https:\/\/nomadcoffee.es\/wp-content\/uploads\/2023\/05\/logo-Nomad.jpg","width":200,"height":200,"caption":"Nomad Coffee"},"image":{"@id":"https:\/\/subs.nomadcoffee.es\/ca\/#\/schema\/logo\/image\/"}}]}},"_links":{"self":[{"href":"https:\/\/subs.nomadcoffee.es\/ca\/wp-json\/wp\/v2\/pages\/14421"}],"collection":[{"href":"https:\/\/subs.nomadcoffee.es\/ca\/wp-json\/wp\/v2\/pages"}],"about":[{"href":"https:\/\/subs.nomadcoffee.es\/ca\/wp-json\/wp\/v2\/types\/page"}],"author":[{"embeddable":true,"href":"https:\/\/subs.nomadcoffee.es\/ca\/wp-json\/wp\/v2\/users\/5"}],"replies":[{"embeddable":true,"href":"https:\/\/subs.nomadcoffee.es\/ca\/wp-json\/wp\/v2\/comments?post=14421"}],"version-history":[{"count":1,"href":"https:\/\/subs.nomadcoffee.es\/ca\/wp-json\/wp\/v2\/pages\/14421\/revisions"}],"predecessor-version":[{"id":19491,"href":"https:\/\/subs.nomadcoffee.es\/ca\/wp-json\/wp\/v2\/pages\/14421\/revisions\/19491"}],"up":[{"embeddable":true,"href":"https:\/\/subs.nomadcoffee.es\/ca\/wp-json\/wp\/v2\/pages\/14464"}],"wp:attachment":[{"href":"https:\/\/subs.nomadcoffee.es\/ca\/wp-json\/wp\/v2\/media?parent=14421"}],"curies":[{"name":"wp","href":"https:\/\/api.w.org\/{rel}","templated":true}]}}