{"id":14423,"date":"2020-03-25T13:01:38","date_gmt":"2020-03-25T12:01:38","guid":{"rendered":"http:\/\/nomadcoffee.es\/nomad-cafes\/"},"modified":"2022-09-15T10:39:55","modified_gmt":"2022-09-15T08:39:55","slug":"nomad-cafes-locals-barcelona","status":"publish","type":"page","link":"https:\/\/subs.nomadcoffee.es\/ca\/embaixadors-mon-cafeteries-col%c2%b7labordors\/nomad-cafes-locals-barcelona\/","title":{"rendered":"Nomad Caf\u00e8s"},"content":{"rendered":"","protected":false},"excerpt":{"rendered":"","protected":false},"author":5,"featured_media":0,"parent":14464,"menu_order":0,"comment_status":"closed","ping_status":"closed","template":"page-coffeeshops-nomad.php","meta":{"footnotes":""},"acf":[],"yoast_head":"<!-- This site is optimized with the Yoast SEO plugin v22.6 - https:\/\/yoast.com\/wordpress\/plugins\/seo\/ -->\n<title>Els nostres locals - Barcelona - NOMAD<\/title>\n<meta name=\"description\" content=\"Vols trobar-nos i no saps on som? Aqu\u00ed podr\u00e1s trobar els nostres estimats locals de Barcelona. Vine i pren-te un caf\u00e9 amb nosaltres ;)!\" \/>\n<meta name=\"robots\" content=\"noindex, follow, max-snippet:-1, max-image-preview:large, max-video-preview:-1\" \/>\n<meta property=\"og:locale\" content=\"ca_ES\" \/>\n<meta property=\"og:type\" content=\"article\" \/>\n<meta property=\"og:title\" content=\"Els nostres locals - Barcelona - NOMAD\" \/>\n<meta property=\"og:description\" content=\"Vols trobar-nos i no saps on som? Aqu\u00ed podr\u00e1s trobar els nostres estimats locals de Barcelona. Vine i pren-te un caf\u00e9 amb nosaltres ;)!\" \/>\n<meta property=\"og:url\" content=\"https:\/\/subs.nomadcoffee.es\/ca\/embaixadors-mon-cafeteries-col%c2%b7labordors\/nomad-cafes-locals-barcelona\/\" \/>\n<meta property=\"og:site_name\" content=\"NOMAD\" \/>\n<meta property=\"article:modified_time\" content=\"2022-09-15T08:39:55+00:00\" \/>\n<meta name=\"twitter:card\" content=\"summary_large_image\" \/>\n<script type=\"application\/ld+json\" class=\"yoast-schema-graph\">{\"@context\":\"https:\/\/schema.org\",\"@graph\":[{\"@type\":\"WebPage\",\"@id\":\"https:\/\/subs.nomadcoffee.es\/ca\/embaixadors-mon-cafeteries-col%c2%b7labordors\/nomad-cafes-locals-barcelona\/\",\"url\":\"https:\/\/subs.nomadcoffee.es\/ca\/embaixadors-mon-cafeteries-col%c2%b7labordors\/nomad-cafes-locals-barcelona\/\",\"name\":\"Els nostres locals - Barcelona - NOMAD\",\"isPartOf\":{\"@id\":\"https:\/\/subs.nomadcoffee.es\/ca\/#website\"},\"datePublished\":\"2020-03-25T12:01:38+00:00\",\"dateModified\":\"2022-09-15T08:39:55+00:00\",\"description\":\"Vols trobar-nos i no saps on som? Aqu\u00ed podr\u00e1s trobar els nostres estimats locals de Barcelona. Vine i pren-te un caf\u00e9 amb nosaltres ;)!\",\"breadcrumb\":{\"@id\":\"https:\/\/subs.nomadcoffee.es\/ca\/embaixadors-mon-cafeteries-col%c2%b7labordors\/nomad-cafes-locals-barcelona\/#breadcrumb\"},\"inLanguage\":\"ca\",\"potentialAction\":[{\"@type\":\"ReadAction\",\"target\":[\"https:\/\/subs.nomadcoffee.es\/ca\/embaixadors-mon-cafeteries-col%c2%b7labordors\/nomad-cafes-locals-barcelona\/\"]}]},{\"@type\":\"BreadcrumbList\",\"@id\":\"https:\/\/subs.nomadcoffee.es\/ca\/embaixadors-mon-cafeteries-col%c2%b7labordors\/nomad-cafes-locals-barcelona\/#breadcrumb\",\"itemListElement\":[{\"@type\":\"ListItem\",\"position\":1,\"name\":\"Portada\",\"item\":\"https:\/\/subs.nomadcoffee.es\/ca\/\"},{\"@type\":\"ListItem\",\"position\":2,\"name\":\"Coffeeshops\",\"item\":\"https:\/\/subs.nomadcoffee.es\/ca\/embaixadors-mon-cafeteries-col%c2%b7labordors\/\"},{\"@type\":\"ListItem\",\"position\":3,\"name\":\"Nomad Caf\u00e8s\"}]},{\"@type\":\"WebSite\",\"@id\":\"https:\/\/subs.nomadcoffee.es\/ca\/#website\",\"url\":\"https:\/\/subs.nomadcoffee.es\/ca\/\",\"name\":\"Nomad Coffee\",\"description\":\"Caf\u00e9 de origen, tostado en Barcelona\",\"publisher\":{\"@id\":\"https:\/\/subs.nomadcoffee.es\/ca\/#organization\"},\"alternateName\":\"Nomad Coffee\",\"potentialAction\":[{\"@type\":\"SearchAction\",\"target\":{\"@type\":\"EntryPoint\",\"urlTemplate\":\"https:\/\/subs.nomadcoffee.es\/ca\/?s={search_term_string}\"},\"query-input\":\"required name=search_term_string\"}],\"inLanguage\":\"ca\"},{\"@type\":\"Organization\",\"@id\":\"https:\/\/subs.nomadcoffee.es\/ca\/#organization\",\"name\":\"Nomad Coffee\",\"alternateName\":\"Nomad Coffee\",\"url\":\"https:\/\/subs.nomadcoffee.es\/ca\/\",\"logo\":{\"@type\":\"ImageObject\",\"inLanguage\":\"ca\",\"@id\":\"https:\/\/subs.nomadcoffee.es\/ca\/#\/schema\/logo\/image\/\",\"url\":\"https:\/\/nomadcoffee.es\/wp-content\/uploads\/2023\/05\/logo-Nomad.jpg\",\"contentUrl\":\"https:\/\/nomadcoffee.es\/wp-content\/uploads\/2023\/05\/logo-Nomad.jpg\",\"width\":200,\"height\":200,\"caption\":\"Nomad Coffee\"},\"image\":{\"@id\":\"https:\/\/subs.nomadcoffee.es\/ca\/#\/schema\/logo\/image\/\"}}]}<\/script>\n<!-- \/ Yoast SEO plugin. -->","yoast_head_json":{"title":"Els nostres locals - Barcelona - NOMAD","description":"Vols trobar-nos i no saps on som? Aqu\u00ed podr\u00e1s trobar els nostres estimats locals de Barcelona. Vine i pren-te un caf\u00e9 amb nosaltres ;)!","robots":{"index":"noindex","follow":"follow","max-snippet":"max-snippet:-1","max-image-preview":"max-image-preview:large","max-video-preview":"max-video-preview:-1"},"og_locale":"ca_ES","og_type":"article","og_title":"Els nostres locals - Barcelona - NOMAD","og_description":"Vols trobar-nos i no saps on som? Aqu\u00ed podr\u00e1s trobar els nostres estimats locals de Barcelona. Vine i pren-te un caf\u00e9 amb nosaltres ;)!","og_url":"https:\/\/subs.nomadcoffee.es\/ca\/embaixadors-mon-cafeteries-col%c2%b7labordors\/nomad-cafes-locals-barcelona\/","og_site_name":"NOMAD","article_modified_time":"2022-09-15T08:39:55+00:00","twitter_card":"summary_large_image","schema":{"@context":"https:\/\/schema.org","@graph":[{"@type":"WebPage","@id":"https:\/\/subs.nomadcoffee.es\/ca\/embaixadors-mon-cafeteries-col%c2%b7labordors\/nomad-cafes-locals-barcelona\/","url":"https:\/\/subs.nomadcoffee.es\/ca\/embaixadors-mon-cafeteries-col%c2%b7labordors\/nomad-cafes-locals-barcelona\/","name":"Els nostres locals - Barcelona - NOMAD","isPartOf":{"@id":"https:\/\/subs.nomadcoffee.es\/ca\/#website"},"datePublished":"2020-03-25T12:01:38+00:00","dateModified":"2022-09-15T08:39:55+00:00","description":"Vols trobar-nos i no saps on som? Aqu\u00ed podr\u00e1s trobar els nostres estimats locals de Barcelona. Vine i pren-te un caf\u00e9 amb nosaltres ;)!","breadcrumb":{"@id":"https:\/\/subs.nomadcoffee.es\/ca\/embaixadors-mon-cafeteries-col%c2%b7labordors\/nomad-cafes-locals-barcelona\/#breadcrumb"},"inLanguage":"ca","potentialAction":[{"@type":"ReadAction","target":["https:\/\/subs.nomadcoffee.es\/ca\/embaixadors-mon-cafeteries-col%c2%b7labordors\/nomad-cafes-locals-barcelona\/"]}]},{"@type":"BreadcrumbList","@id":"https:\/\/subs.nomadcoffee.es\/ca\/embaixadors-mon-cafeteries-col%c2%b7labordors\/nomad-cafes-locals-barcelona\/#breadcrumb","itemListElement":[{"@type":"ListItem","position":1,"name":"Portada","item":"https:\/\/subs.nomadcoffee.es\/ca\/"},{"@type":"ListItem","position":2,"name":"Coffeeshops","item":"https:\/\/subs.nomadcoffee.es\/ca\/embaixadors-mon-cafeteries-col%c2%b7labordors\/"},{"@type":"ListItem","position":3,"name":"Nomad Caf\u00e8s"}]},{"@type":"WebSite","@id":"https:\/\/subs.nomadcoffee.es\/ca\/#website","url":"https:\/\/subs.nomadcoffee.es\/ca\/","name":"Nomad Coffee","description":"Caf\u00e9 de origen, tostado en Barcelona","publisher":{"@id":"https:\/\/subs.nomadcoffee.es\/ca\/#organization"},"alternateName":"Nomad Coffee","potentialAction":[{"@type":"SearchAction","target":{"@type":"EntryPoint","urlTemplate":"https:\/\/subs.nomadcoffee.es\/ca\/?s={search_term_string}"},"query-input":"required name=search_term_string"}],"inLanguage":"ca"},{"@type":"Organization","@id":"https:\/\/subs.nomadcoffee.es\/ca\/#organization","name":"Nomad Coffee","alternateName":"Nomad Coffee","url":"https:\/\/subs.nomadcoffee.es\/ca\/","logo":{"@type":"ImageObject","inLanguage":"ca","@id":"https:\/\/subs.nomadcoffee.es\/ca\/#\/schema\/logo\/image\/","url":"https:\/\/nomadcoffee.es\/wp-content\/uploads\/2023\/05\/logo-Nomad.jpg","contentUrl":"https:\/\/nomadcoffee.es\/wp-content\/uploads\/2023\/05\/logo-Nomad.jpg","width":200,"height":200,"caption":"Nomad Coffee"},"image":{"@id":"https:\/\/subs.nomadcoffee.es\/ca\/#\/schema\/logo\/image\/"}}]}},"_links":{"self":[{"href":"https:\/\/subs.nomadcoffee.es\/ca\/wp-json\/wp\/v2\/pages\/14423"}],"collection":[{"href":"https:\/\/subs.nomadcoffee.es\/ca\/wp-json\/wp\/v2\/pages"}],"about":[{"href":"https:\/\/subs.nomadcoffee.es\/ca\/wp-json\/wp\/v2\/types\/page"}],"author":[{"embeddable":true,"href":"https:\/\/subs.nomadcoffee.es\/ca\/wp-json\/wp\/v2\/users\/5"}],"replies":[{"embeddable":true,"href":"https:\/\/subs.nomadcoffee.es\/ca\/wp-json\/wp\/v2\/comments?post=14423"}],"version-history":[{"count":31,"href":"https:\/\/subs.nomadcoffee.es\/ca\/wp-json\/wp\/v2\/pages\/14423\/revisions"}],"predecessor-version":[{"id":68087,"href":"https:\/\/subs.nomadcoffee.es\/ca\/wp-json\/wp\/v2\/pages\/14423\/revisions\/68087"}],"up":[{"embeddable":true,"href":"https:\/\/subs.nomadcoffee.es\/ca\/wp-json\/wp\/v2\/pages\/14464"}],"wp:attachment":[{"href":"https:\/\/subs.nomadcoffee.es\/ca\/wp-json\/wp\/v2\/media?parent=14423"}],"curies":[{"name":"wp","href":"https:\/\/api.w.org\/{rel}","templated":true}]}}