{"id":14441,"date":"2020-02-29T14:18:33","date_gmt":"2020-02-29T13:18:33","guid":{"rendered":"http:\/\/nomadcoffee.es\/como-preparar-cafe-en-casa\/"},"modified":"2022-09-08T09:17:30","modified_gmt":"2022-09-08T07:17:30","slug":"receptari-casa-apren-nomad","status":"publish","type":"page","link":"https:\/\/subs.nomadcoffee.es\/ca\/help\/receptari-casa-apren-nomad\/","title":{"rendered":"Com preparar caf\u00e8 a casa"},"content":{"rendered":"<p>Et portem el caf\u00e8 a casa cada mes?<br \/>\nSubsciu-te i reb mensualment dues bossetes dels nostres millors caf\u00e8s de temporada.<\/p>\n<p><a href=\"https:\/\/nomadcoffee.es\/ca\/suscription\/\">Veure opcions<\/a><\/p>\n","protected":false},"excerpt":{"rendered":"<p>Et portem el caf\u00e8 a casa cada mes? Subsciu-te i reb mensualment dues bossetes dels nostres millors caf\u00e8s de temporada. [&hellip;]<\/p>\n","protected":false},"author":5,"featured_media":12164,"parent":14444,"menu_order":0,"comment_status":"closed","ping_status":"closed","template":"page-help-preparar-cafe-en-casa.php","meta":{"footnotes":""},"acf":[],"yoast_head":"<!-- This site is optimized with the Yoast SEO plugin v22.6 - https:\/\/yoast.com\/wordpress\/plugins\/seo\/ -->\n<title>T&#039;ajudem - Com preparar caf\u00e8 a casa - NOMAD COFFEE<\/title>\n<meta name=\"description\" content=\"Receptari Nomad, cont\u00e9 algunes de les receptes preferides de l&#039;equip de Nomad Coffee. Apr\u00e8n diferents tipus d&#039;extracci\u00f3 per a casa.\" \/>\n<meta name=\"robots\" content=\"noindex, follow, max-snippet:-1, max-image-preview:large, max-video-preview:-1\" \/>\n<meta property=\"og:locale\" content=\"ca_ES\" \/>\n<meta property=\"og:type\" content=\"article\" \/>\n<meta property=\"og:title\" content=\"T&#039;ajudem - Com preparar caf\u00e8 a casa - NOMAD COFFEE\" \/>\n<meta property=\"og:description\" content=\"Receptari Nomad, cont\u00e9 algunes de les receptes preferides de l&#039;equip de Nomad Coffee. Apr\u00e8n diferents tipus d&#039;extracci\u00f3 per a casa.\" \/>\n<meta property=\"og:url\" content=\"https:\/\/subs.nomadcoffee.es\/ca\/help\/receptari-casa-apren-nomad\/\" \/>\n<meta property=\"og:site_name\" content=\"NOMAD\" \/>\n<meta property=\"article:modified_time\" content=\"2022-09-08T07:17:30+00:00\" \/>\n<meta property=\"og:image\" content=\"https:\/\/subs.nomadcoffee.es\/wp-content\/uploads\/2020\/01\/Recurso-4@2x-100.jpg\" \/>\n\t<meta property=\"og:image:width\" content=\"2049\" \/>\n\t<meta property=\"og:image:height\" content=\"1238\" \/>\n\t<meta property=\"og:image:type\" content=\"image\/jpeg\" \/>\n<meta name=\"twitter:card\" content=\"summary_large_image\" \/>\n<meta name=\"twitter:label1\" content=\"Temps estimat de lectura\" \/>\n\t<meta name=\"twitter:data1\" content=\"1 minut\" \/>\n<script type=\"application\/ld+json\" class=\"yoast-schema-graph\">{\"@context\":\"https:\/\/schema.org\",\"@graph\":[{\"@type\":\"WebPage\",\"@id\":\"https:\/\/subs.nomadcoffee.es\/ca\/help\/receptari-casa-apren-nomad\/\",\"url\":\"https:\/\/subs.nomadcoffee.es\/ca\/help\/receptari-casa-apren-nomad\/\",\"name\":\"T'ajudem - Com preparar caf\u00e8 a casa - NOMAD COFFEE\",\"isPartOf\":{\"@id\":\"https:\/\/subs.nomadcoffee.es\/ca\/#website\"},\"primaryImageOfPage\":{\"@id\":\"https:\/\/subs.nomadcoffee.es\/ca\/help\/receptari-casa-apren-nomad\/#primaryimage\"},\"image\":{\"@id\":\"https:\/\/subs.nomadcoffee.es\/ca\/help\/receptari-casa-apren-nomad\/#primaryimage\"},\"thumbnailUrl\":\"https:\/\/subs.nomadcoffee.es\/wp-content\/uploads\/2020\/01\/Recurso-4@2x-100.jpg\",\"datePublished\":\"2020-02-29T13:18:33+00:00\",\"dateModified\":\"2022-09-08T07:17:30+00:00\",\"description\":\"Receptari Nomad, cont\u00e9 algunes de les receptes preferides de l'equip de Nomad Coffee. Apr\u00e8n diferents tipus d'extracci\u00f3 per a casa.\",\"breadcrumb\":{\"@id\":\"https:\/\/subs.nomadcoffee.es\/ca\/help\/receptari-casa-apren-nomad\/#breadcrumb\"},\"inLanguage\":\"ca\",\"potentialAction\":[{\"@type\":\"ReadAction\",\"target\":[\"https:\/\/subs.nomadcoffee.es\/ca\/help\/receptari-casa-apren-nomad\/\"]}]},{\"@type\":\"ImageObject\",\"inLanguage\":\"ca\",\"@id\":\"https:\/\/subs.nomadcoffee.es\/ca\/help\/receptari-casa-apren-nomad\/#primaryimage\",\"url\":\"https:\/\/subs.nomadcoffee.es\/wp-content\/uploads\/2020\/01\/Recurso-4@2x-100.jpg\",\"contentUrl\":\"https:\/\/subs.nomadcoffee.es\/wp-content\/uploads\/2020\/01\/Recurso-4@2x-100.jpg\",\"width\":2049,\"height\":1238},{\"@type\":\"BreadcrumbList\",\"@id\":\"https:\/\/subs.nomadcoffee.es\/ca\/help\/receptari-casa-apren-nomad\/#breadcrumb\",\"itemListElement\":[{\"@type\":\"ListItem\",\"position\":1,\"name\":\"Portada\",\"item\":\"https:\/\/subs.nomadcoffee.es\/ca\/\"},{\"@type\":\"ListItem\",\"position\":2,\"name\":\"Ajuda\",\"item\":\"https:\/\/subs.nomadcoffee.es\/ca\/help\/\"},{\"@type\":\"ListItem\",\"position\":3,\"name\":\"Com preparar caf\u00e8 a casa\"}]},{\"@type\":\"WebSite\",\"@id\":\"https:\/\/subs.nomadcoffee.es\/ca\/#website\",\"url\":\"https:\/\/subs.nomadcoffee.es\/ca\/\",\"name\":\"Nomad Coffee\",\"description\":\"Caf\u00e9 de origen, tostado en Barcelona\",\"publisher\":{\"@id\":\"https:\/\/subs.nomadcoffee.es\/ca\/#organization\"},\"alternateName\":\"Nomad Coffee\",\"potentialAction\":[{\"@type\":\"SearchAction\",\"target\":{\"@type\":\"EntryPoint\",\"urlTemplate\":\"https:\/\/subs.nomadcoffee.es\/ca\/?s={search_term_string}\"},\"query-input\":\"required name=search_term_string\"}],\"inLanguage\":\"ca\"},{\"@type\":\"Organization\",\"@id\":\"https:\/\/subs.nomadcoffee.es\/ca\/#organization\",\"name\":\"Nomad Coffee\",\"alternateName\":\"Nomad Coffee\",\"url\":\"https:\/\/subs.nomadcoffee.es\/ca\/\",\"logo\":{\"@type\":\"ImageObject\",\"inLanguage\":\"ca\",\"@id\":\"https:\/\/subs.nomadcoffee.es\/ca\/#\/schema\/logo\/image\/\",\"url\":\"https:\/\/nomadcoffee.es\/wp-content\/uploads\/2023\/05\/logo-Nomad.jpg\",\"contentUrl\":\"https:\/\/nomadcoffee.es\/wp-content\/uploads\/2023\/05\/logo-Nomad.jpg\",\"width\":200,\"height\":200,\"caption\":\"Nomad Coffee\"},\"image\":{\"@id\":\"https:\/\/subs.nomadcoffee.es\/ca\/#\/schema\/logo\/image\/\"}}]}<\/script>\n<!-- \/ Yoast SEO plugin. -->","yoast_head_json":{"title":"T'ajudem - Com preparar caf\u00e8 a casa - NOMAD COFFEE","description":"Receptari Nomad, cont\u00e9 algunes de les receptes preferides de l'equip de Nomad Coffee. Apr\u00e8n diferents tipus d'extracci\u00f3 per a casa.","robots":{"index":"noindex","follow":"follow","max-snippet":"max-snippet:-1","max-image-preview":"max-image-preview:large","max-video-preview":"max-video-preview:-1"},"og_locale":"ca_ES","og_type":"article","og_title":"T'ajudem - Com preparar caf\u00e8 a casa - NOMAD COFFEE","og_description":"Receptari Nomad, cont\u00e9 algunes de les receptes preferides de l'equip de Nomad Coffee. Apr\u00e8n diferents tipus d'extracci\u00f3 per a casa.","og_url":"https:\/\/subs.nomadcoffee.es\/ca\/help\/receptari-casa-apren-nomad\/","og_site_name":"NOMAD","article_modified_time":"2022-09-08T07:17:30+00:00","og_image":[{"width":2049,"height":1238,"url":"https:\/\/subs.nomadcoffee.es\/wp-content\/uploads\/2020\/01\/Recurso-4@2x-100.jpg","type":"image\/jpeg"}],"twitter_card":"summary_large_image","twitter_misc":{"Temps estimat de lectura":"1 minut"},"schema":{"@context":"https:\/\/schema.org","@graph":[{"@type":"WebPage","@id":"https:\/\/subs.nomadcoffee.es\/ca\/help\/receptari-casa-apren-nomad\/","url":"https:\/\/subs.nomadcoffee.es\/ca\/help\/receptari-casa-apren-nomad\/","name":"T'ajudem - Com preparar caf\u00e8 a casa - NOMAD COFFEE","isPartOf":{"@id":"https:\/\/subs.nomadcoffee.es\/ca\/#website"},"primaryImageOfPage":{"@id":"https:\/\/subs.nomadcoffee.es\/ca\/help\/receptari-casa-apren-nomad\/#primaryimage"},"image":{"@id":"https:\/\/subs.nomadcoffee.es\/ca\/help\/receptari-casa-apren-nomad\/#primaryimage"},"thumbnailUrl":"https:\/\/subs.nomadcoffee.es\/wp-content\/uploads\/2020\/01\/Recurso-4@2x-100.jpg","datePublished":"2020-02-29T13:18:33+00:00","dateModified":"2022-09-08T07:17:30+00:00","description":"Receptari Nomad, cont\u00e9 algunes de les receptes preferides de l'equip de Nomad Coffee. Apr\u00e8n diferents tipus d'extracci\u00f3 per a casa.","breadcrumb":{"@id":"https:\/\/subs.nomadcoffee.es\/ca\/help\/receptari-casa-apren-nomad\/#breadcrumb"},"inLanguage":"ca","potentialAction":[{"@type":"ReadAction","target":["https:\/\/subs.nomadcoffee.es\/ca\/help\/receptari-casa-apren-nomad\/"]}]},{"@type":"ImageObject","inLanguage":"ca","@id":"https:\/\/subs.nomadcoffee.es\/ca\/help\/receptari-casa-apren-nomad\/#primaryimage","url":"https:\/\/subs.nomadcoffee.es\/wp-content\/uploads\/2020\/01\/Recurso-4@2x-100.jpg","contentUrl":"https:\/\/subs.nomadcoffee.es\/wp-content\/uploads\/2020\/01\/Recurso-4@2x-100.jpg","width":2049,"height":1238},{"@type":"BreadcrumbList","@id":"https:\/\/subs.nomadcoffee.es\/ca\/help\/receptari-casa-apren-nomad\/#breadcrumb","itemListElement":[{"@type":"ListItem","position":1,"name":"Portada","item":"https:\/\/subs.nomadcoffee.es\/ca\/"},{"@type":"ListItem","position":2,"name":"Ajuda","item":"https:\/\/subs.nomadcoffee.es\/ca\/help\/"},{"@type":"ListItem","position":3,"name":"Com preparar caf\u00e8 a casa"}]},{"@type":"WebSite","@id":"https:\/\/subs.nomadcoffee.es\/ca\/#website","url":"https:\/\/subs.nomadcoffee.es\/ca\/","name":"Nomad Coffee","description":"Caf\u00e9 de origen, tostado en Barcelona","publisher":{"@id":"https:\/\/subs.nomadcoffee.es\/ca\/#organization"},"alternateName":"Nomad Coffee","potentialAction":[{"@type":"SearchAction","target":{"@type":"EntryPoint","urlTemplate":"https:\/\/subs.nomadcoffee.es\/ca\/?s={search_term_string}"},"query-input":"required name=search_term_string"}],"inLanguage":"ca"},{"@type":"Organization","@id":"https:\/\/subs.nomadcoffee.es\/ca\/#organization","name":"Nomad Coffee","alternateName":"Nomad Coffee","url":"https:\/\/subs.nomadcoffee.es\/ca\/","logo":{"@type":"ImageObject","inLanguage":"ca","@id":"https:\/\/subs.nomadcoffee.es\/ca\/#\/schema\/logo\/image\/","url":"https:\/\/nomadcoffee.es\/wp-content\/uploads\/2023\/05\/logo-Nomad.jpg","contentUrl":"https:\/\/nomadcoffee.es\/wp-content\/uploads\/2023\/05\/logo-Nomad.jpg","width":200,"height":200,"caption":"Nomad Coffee"},"image":{"@id":"https:\/\/subs.nomadcoffee.es\/ca\/#\/schema\/logo\/image\/"}}]}},"_links":{"self":[{"href":"https:\/\/subs.nomadcoffee.es\/ca\/wp-json\/wp\/v2\/pages\/14441"}],"collection":[{"href":"https:\/\/subs.nomadcoffee.es\/ca\/wp-json\/wp\/v2\/pages"}],"about":[{"href":"https:\/\/subs.nomadcoffee.es\/ca\/wp-json\/wp\/v2\/types\/page"}],"author":[{"embeddable":true,"href":"https:\/\/subs.nomadcoffee.es\/ca\/wp-json\/wp\/v2\/users\/5"}],"replies":[{"embeddable":true,"href":"https:\/\/subs.nomadcoffee.es\/ca\/wp-json\/wp\/v2\/comments?post=14441"}],"version-history":[{"count":31,"href":"https:\/\/subs.nomadcoffee.es\/ca\/wp-json\/wp\/v2\/pages\/14441\/revisions"}],"predecessor-version":[{"id":72020,"href":"https:\/\/subs.nomadcoffee.es\/ca\/wp-json\/wp\/v2\/pages\/14441\/revisions\/72020"}],"up":[{"embeddable":true,"href":"https:\/\/subs.nomadcoffee.es\/ca\/wp-json\/wp\/v2\/pages\/14444"}],"wp:featuredmedia":[{"embeddable":true,"href":"https:\/\/subs.nomadcoffee.es\/ca\/wp-json\/wp\/v2\/media\/12164"}],"wp:attachment":[{"href":"https:\/\/subs.nomadcoffee.es\/ca\/wp-json\/wp\/v2\/media?parent=14441"}],"curies":[{"name":"wp","href":"https:\/\/api.w.org\/{rel}","templated":true}]}}