{"id":14455,"date":"2018-10-30T16:11:07","date_gmt":"2018-10-30T15:11:07","guid":{"rendered":"http:\/\/nomadcoffee.es\/politica-de-privacidad\/"},"modified":"2023-04-18T13:23:33","modified_gmt":"2023-04-18T11:23:33","slug":"politica-de-privacitat","status":"publish","type":"page","link":"https:\/\/subs.nomadcoffee.es\/ca\/politica-de-privacitat\/","title":{"rendered":"Politica de Privacitat"},"content":{"rendered":"<div id=\"clickdatos\">\n<p>En compliment del que estableix la RGPD, l&#8217;informem que les seves dades seran tractades en els nostres fitxers, amb la finalitat del manteniment i compliment de la relaci\u00f3 amb la nostra entitat, incloent l&#8217;enviament de comunicacions en el marc de l&#8217;esmentada relaci\u00f3.<\/p>\n<p>Les dades que recopilem s\u00f3n utilitzats per a diferents fins, com per exemple, per a proporcionar informaci\u00f3 sobre els nostres productes i serveis, per a gestionar les sol\u00b7licituds d&#8217;informaci\u00f3 o per a permetre l&#8217;acc\u00e9s als nostres continguts. A m\u00e9s, utilitzem cookies per a millorar l&#8217;experi\u00e8ncia de l&#8217;usuari i recopilar informaci\u00f3 estad\u00edstica que ens ajudi a entendre millor com utilitza la nostra p\u00e0gina web.<\/p>\n<p>Les dades que ens proporcionen els usuaris seran tractats per la nostra empresa, responsable del tractament de les dades, i no seran cedits a tercers sense el seu consentiment previ i expr\u00e9s, excepte obligaci\u00f3 legal. En qualsevol moment, l&#8217;usuari, pot exercir els seus drets d&#8217;acc\u00e9s, rectificaci\u00f3, cancel\u00b7laci\u00f3, oposici\u00f3, portabilitat i limitaci\u00f3 del tractament, contactant amb nosaltres a trav\u00e9s dels mitjans que posem a la seva disposici\u00f3.<\/p>\n<p>Li recomanem que llegeixi detingudament la nostra pol\u00edtica de privacitat abans de proporcionar-nos les seves dades personals, perqu\u00e8 pugui entendre completament com els utilitzem i com protegim la seva privacitat.<\/p>\n<p>Si els nostres usuaris tenen alguna pregunta o inquietud sobre l&#8217;\u00fas que fem de les seves dades personals, poden posar-se en contacte amb nosaltres a trav\u00e9s dels mitjans que posem a la seva disposici\u00f3:<\/p>\n<p>Email: privacy@nomadcoffee.es<br \/>\nTel\u00e8fon: +34 628 566 235<\/p>\n<p>Aix\u00ed mateix, les seves dades seran cedides en tots aquells casos en qu\u00e8 sigui necessari per al desenvolupament, compliment i control de la relaci\u00f3 amb la nostra entitat o en els sup\u00f2sits en qu\u00e8 ho autoritzi una norma amb rang de llei. En compliment de la *RGPD pot exercitar els seus drets ARC davant Nomad Coffee, amb adre\u00e7a en Marroc 160, 08019 \u2013 Barcelona, adjuntant fotoc\u00f2pia del seu DNI.<\/p>\n<p>Bases generals<\/p>\n<p>En Nomad Coffee S.L. ens prenem molt de deb\u00f2 la protecci\u00f3 de les dades personals dels nostres clients i usuaris. A continuaci\u00f3, detallem la nostra pol\u00edtica de protecci\u00f3 de dades per a informar sobre els tractaments que duem a terme amb les dades personals que ens proporcionen.<\/p>\n<ol>\n<li>Identificaci\u00f3 del responsable del tractament de les dades personals: Nomad Coffee S.L., amb CIF B66400664.<\/li>\n<li>Les dades que recopilem s\u00f3n utilitzats per a diferents fins, com per exemple, per a proporcionar informaci\u00f3 sobre els nostres productes i serveis, per a gestionar les sol\u00b7licituds d&#8217;informaci\u00f3 o per a permetre l&#8217;acc\u00e9s als nostres continguts. A m\u00e9s, utilitzem cookies per a millorar l&#8217;experi\u00e8ncia de l&#8217;usuari i recopilar informaci\u00f3 estad\u00edstica que ens ajudi a entendre millor com utilitza la nostra p\u00e0gina web.<\/li>\n<li>En compliment amb la Llei org\u00e0nica de Protecci\u00f3 de Dades (LOPD) i el Reglament General de Protecci\u00f3 de Dades (*RGPD), aix\u00ed com la Llei org\u00e0nica de Protecci\u00f3 de Dades i Garantia de Drets Digitals (LOPDGDD), les dades personals que ens proporciona el client a trav\u00e9s de la nostra p\u00e0gina web seran tractats de manera confidencial i conforme a la normativa aplicable.<\/li>\n<li>Categories de dades personals que es tractaran: les dades personals que recopilem s\u00f3n nom i cognoms, adre\u00e7a, adre\u00e7a de correu electr\u00f2nic, i dades de pagament depenent de la passarel\u00b7la de pagament seleccionada (PayPal, targeta de cr\u00e8dit).<\/li>\n<li>Les dades que ens proporcionen els usuaris seran tractats per la nostra empresa, responsable del tractament de les dades, i no seran cedits a tercers sense el seu consentiment previ i expr\u00e9s, excepte obligaci\u00f3 legal. En qualsevol moment, l&#8217;usuari, pot exercir els seus drets d&#8217;acc\u00e9s, rectificaci\u00f3, cancel\u00b7laci\u00f3, oposici\u00f3, portabilitat i limitaci\u00f3 del tractament, contactant amb nosaltres a trav\u00e9s dels mitjans que posem a la seva disposici\u00f3.<\/li>\n<li>La transfer\u00e8ncia de dades internacionals no \u00e9s una cosa que controlem i que \u00e9s portada per tercers, de la qual cosa no ens fem responsables.<\/li>\n<li>La conservaci\u00f3 de les dades personals varia d&#8217;entre 24 hores, per a cookies que s&#8217;usen per a distingir als usuaris, fins a un temps indeterminat per als clients a l&#8217;engr\u00f2s, que seran eliminats en sortir de la cartera de clients.<\/li>\n<li>Drets dels interessats: els interessats tenen dret a accedir, rectificar, suprimir, limitar, portar i oposar-se al tractament de les seves dades personals. En compliment de la Llei 34\/2002 de l&#8217;11 de juliol, de Serveis de la Societat de la Informaci\u00f3 i de Comer\u00e7 Electr\u00f2nic, poden revocar en qualsevol moment, de manera senzilla i gratu\u00efta, el consentiment per a la recepci\u00f3 i emmagatzematge de les dades enviant un e-mail amb la seva sol\u00b7licitud a: privacy@nomadcoffee.es. Tamb\u00e9 tenen dret a presentar una reclamaci\u00f3 davant l&#8217;Ag\u00e8ncia Espanyola de Protecci\u00f3 de Dades.<\/li>\n<li>Utilitzem mesures de seguretat per a protegir les dades personals, basades en la pol\u00edtica de protecci\u00f3 de dades de Google, ja que \u00e9s el sistema que utilitzem.<\/li>\n<li>Existeixen decisions automatitzades sobre la recopilaci\u00f3 i l&#8217;\u00fas de dades personals, que venen generats pel nostre servei web, com per exemple per a recopilar les dades del contacte.<\/li>\n<\/ol>\n<\/div>\n","protected":false},"excerpt":{"rendered":"<p>En compliment del que estableix la RGPD, l&#8217;informem que les seves dades seran tractades en els nostres fitxers, amb la [&hellip;]<\/p>\n","protected":false},"author":5,"featured_media":0,"parent":0,"menu_order":0,"comment_status":"closed","ping_status":"closed","template":"page-legales.php","meta":{"footnotes":""},"acf":[],"yoast_head":"<!-- This site is optimized with the Yoast SEO plugin v22.6 - https:\/\/yoast.com\/wordpress\/plugins\/seo\/ -->\n<title>Politica de Privacitat - NOMAD<\/title>\n<meta name=\"description\" content=\"Aqu\u00ed trobar\u00e0s tota la informaci\u00f3 necesaria sobre la nostra pol\u00edtica de privacitat.\" \/>\n<meta name=\"robots\" content=\"noindex, nofollow\" \/>\n<meta property=\"og:locale\" content=\"ca_ES\" \/>\n<meta property=\"og:type\" content=\"article\" \/>\n<meta property=\"og:title\" content=\"Politica de Privacitat - NOMAD\" \/>\n<meta property=\"og:description\" content=\"Aqu\u00ed trobar\u00e0s tota la informaci\u00f3 necesaria sobre la nostra pol\u00edtica de privacitat.\" \/>\n<meta property=\"og:url\" content=\"https:\/\/subs.nomadcoffee.es\/ca\/politica-de-privacitat\/\" \/>\n<meta property=\"og:site_name\" content=\"NOMAD\" \/>\n<meta property=\"article:modified_time\" content=\"2023-04-18T11:23:33+00:00\" \/>\n<meta name=\"twitter:card\" content=\"summary_large_image\" \/>\n<meta name=\"twitter:label1\" content=\"Temps estimat de lectura\" \/>\n\t<meta name=\"twitter:data1\" content=\"4 minuts\" \/>\n<script type=\"application\/ld+json\" class=\"yoast-schema-graph\">{\"@context\":\"https:\/\/schema.org\",\"@graph\":[{\"@type\":\"WebPage\",\"@id\":\"https:\/\/subs.nomadcoffee.es\/ca\/politica-de-privacitat\/\",\"url\":\"https:\/\/subs.nomadcoffee.es\/ca\/politica-de-privacitat\/\",\"name\":\"Politica de Privacitat - NOMAD\",\"isPartOf\":{\"@id\":\"https:\/\/subs.nomadcoffee.es\/ca\/#website\"},\"datePublished\":\"2018-10-30T15:11:07+00:00\",\"dateModified\":\"2023-04-18T11:23:33+00:00\",\"description\":\"Aqu\u00ed trobar\u00e0s tota la informaci\u00f3 necesaria sobre la nostra pol\u00edtica de privacitat.\",\"breadcrumb\":{\"@id\":\"https:\/\/subs.nomadcoffee.es\/ca\/politica-de-privacitat\/#breadcrumb\"},\"inLanguage\":\"ca\",\"potentialAction\":[{\"@type\":\"ReadAction\",\"target\":[\"https:\/\/subs.nomadcoffee.es\/ca\/politica-de-privacitat\/\"]}]},{\"@type\":\"BreadcrumbList\",\"@id\":\"https:\/\/subs.nomadcoffee.es\/ca\/politica-de-privacitat\/#breadcrumb\",\"itemListElement\":[{\"@type\":\"ListItem\",\"position\":1,\"name\":\"Portada\",\"item\":\"https:\/\/subs.nomadcoffee.es\/ca\/\"},{\"@type\":\"ListItem\",\"position\":2,\"name\":\"Politica de Privacitat\"}]},{\"@type\":\"WebSite\",\"@id\":\"https:\/\/subs.nomadcoffee.es\/ca\/#website\",\"url\":\"https:\/\/subs.nomadcoffee.es\/ca\/\",\"name\":\"Nomad Coffee\",\"description\":\"Caf\u00e9 de origen, tostado en Barcelona\",\"publisher\":{\"@id\":\"https:\/\/subs.nomadcoffee.es\/ca\/#organization\"},\"alternateName\":\"Nomad Coffee\",\"potentialAction\":[{\"@type\":\"SearchAction\",\"target\":{\"@type\":\"EntryPoint\",\"urlTemplate\":\"https:\/\/subs.nomadcoffee.es\/ca\/?s={search_term_string}\"},\"query-input\":\"required name=search_term_string\"}],\"inLanguage\":\"ca\"},{\"@type\":\"Organization\",\"@id\":\"https:\/\/subs.nomadcoffee.es\/ca\/#organization\",\"name\":\"Nomad Coffee\",\"alternateName\":\"Nomad Coffee\",\"url\":\"https:\/\/subs.nomadcoffee.es\/ca\/\",\"logo\":{\"@type\":\"ImageObject\",\"inLanguage\":\"ca\",\"@id\":\"https:\/\/subs.nomadcoffee.es\/ca\/#\/schema\/logo\/image\/\",\"url\":\"https:\/\/nomadcoffee.es\/wp-content\/uploads\/2023\/05\/logo-Nomad.jpg\",\"contentUrl\":\"https:\/\/nomadcoffee.es\/wp-content\/uploads\/2023\/05\/logo-Nomad.jpg\",\"width\":200,\"height\":200,\"caption\":\"Nomad Coffee\"},\"image\":{\"@id\":\"https:\/\/subs.nomadcoffee.es\/ca\/#\/schema\/logo\/image\/\"}}]}<\/script>\n<!-- \/ Yoast SEO plugin. -->","yoast_head_json":{"title":"Politica de Privacitat - NOMAD","description":"Aqu\u00ed trobar\u00e0s tota la informaci\u00f3 necesaria sobre la nostra pol\u00edtica de privacitat.","robots":{"index":"noindex","follow":"nofollow"},"og_locale":"ca_ES","og_type":"article","og_title":"Politica de Privacitat - NOMAD","og_description":"Aqu\u00ed trobar\u00e0s tota la informaci\u00f3 necesaria sobre la nostra pol\u00edtica de privacitat.","og_url":"https:\/\/subs.nomadcoffee.es\/ca\/politica-de-privacitat\/","og_site_name":"NOMAD","article_modified_time":"2023-04-18T11:23:33+00:00","twitter_card":"summary_large_image","twitter_misc":{"Temps estimat de lectura":"4 minuts"},"schema":{"@context":"https:\/\/schema.org","@graph":[{"@type":"WebPage","@id":"https:\/\/subs.nomadcoffee.es\/ca\/politica-de-privacitat\/","url":"https:\/\/subs.nomadcoffee.es\/ca\/politica-de-privacitat\/","name":"Politica de Privacitat - NOMAD","isPartOf":{"@id":"https:\/\/subs.nomadcoffee.es\/ca\/#website"},"datePublished":"2018-10-30T15:11:07+00:00","dateModified":"2023-04-18T11:23:33+00:00","description":"Aqu\u00ed trobar\u00e0s tota la informaci\u00f3 necesaria sobre la nostra pol\u00edtica de privacitat.","breadcrumb":{"@id":"https:\/\/subs.nomadcoffee.es\/ca\/politica-de-privacitat\/#breadcrumb"},"inLanguage":"ca","potentialAction":[{"@type":"ReadAction","target":["https:\/\/subs.nomadcoffee.es\/ca\/politica-de-privacitat\/"]}]},{"@type":"BreadcrumbList","@id":"https:\/\/subs.nomadcoffee.es\/ca\/politica-de-privacitat\/#breadcrumb","itemListElement":[{"@type":"ListItem","position":1,"name":"Portada","item":"https:\/\/subs.nomadcoffee.es\/ca\/"},{"@type":"ListItem","position":2,"name":"Politica de Privacitat"}]},{"@type":"WebSite","@id":"https:\/\/subs.nomadcoffee.es\/ca\/#website","url":"https:\/\/subs.nomadcoffee.es\/ca\/","name":"Nomad Coffee","description":"Caf\u00e9 de origen, tostado en Barcelona","publisher":{"@id":"https:\/\/subs.nomadcoffee.es\/ca\/#organization"},"alternateName":"Nomad Coffee","potentialAction":[{"@type":"SearchAction","target":{"@type":"EntryPoint","urlTemplate":"https:\/\/subs.nomadcoffee.es\/ca\/?s={search_term_string}"},"query-input":"required name=search_term_string"}],"inLanguage":"ca"},{"@type":"Organization","@id":"https:\/\/subs.nomadcoffee.es\/ca\/#organization","name":"Nomad Coffee","alternateName":"Nomad Coffee","url":"https:\/\/subs.nomadcoffee.es\/ca\/","logo":{"@type":"ImageObject","inLanguage":"ca","@id":"https:\/\/subs.nomadcoffee.es\/ca\/#\/schema\/logo\/image\/","url":"https:\/\/nomadcoffee.es\/wp-content\/uploads\/2023\/05\/logo-Nomad.jpg","contentUrl":"https:\/\/nomadcoffee.es\/wp-content\/uploads\/2023\/05\/logo-Nomad.jpg","width":200,"height":200,"caption":"Nomad Coffee"},"image":{"@id":"https:\/\/subs.nomadcoffee.es\/ca\/#\/schema\/logo\/image\/"}}]}},"_links":{"self":[{"href":"https:\/\/subs.nomadcoffee.es\/ca\/wp-json\/wp\/v2\/pages\/14455"}],"collection":[{"href":"https:\/\/subs.nomadcoffee.es\/ca\/wp-json\/wp\/v2\/pages"}],"about":[{"href":"https:\/\/subs.nomadcoffee.es\/ca\/wp-json\/wp\/v2\/types\/page"}],"author":[{"embeddable":true,"href":"https:\/\/subs.nomadcoffee.es\/ca\/wp-json\/wp\/v2\/users\/5"}],"replies":[{"embeddable":true,"href":"https:\/\/subs.nomadcoffee.es\/ca\/wp-json\/wp\/v2\/comments?post=14455"}],"version-history":[{"count":5,"href":"https:\/\/subs.nomadcoffee.es\/ca\/wp-json\/wp\/v2\/pages\/14455\/revisions"}],"predecessor-version":[{"id":79844,"href":"https:\/\/subs.nomadcoffee.es\/ca\/wp-json\/wp\/v2\/pages\/14455\/revisions\/79844"}],"wp:attachment":[{"href":"https:\/\/subs.nomadcoffee.es\/ca\/wp-json\/wp\/v2\/media?parent=14455"}],"curies":[{"name":"wp","href":"https:\/\/api.w.org\/{rel}","templated":true}]}}