{"id":14457,"date":"2018-10-30T16:11:07","date_gmt":"2018-10-30T15:11:07","guid":{"rendered":"http:\/\/nomadcoffee.es\/politica-de-cookies\/"},"modified":"2021-03-16T16:49:48","modified_gmt":"2021-03-16T15:49:48","slug":"politica-de-cookies","status":"publish","type":"page","link":"https:\/\/subs.nomadcoffee.es\/ca\/politica-de-cookies\/","title":{"rendered":"Politica de Cookies"},"content":{"rendered":"<div id=\"clickdatos\">\n<p>Al web<a href=\"http:\/\/nomadcoffee.es\"> http:\/\/nomadcoffee.es<\/a> utilitzem cookies per a facilitar la relaci\u00f3 dels visitants amb el nostre contingut i per permetre elaborar estad\u00edstiques sobre les visitants que rebem.<\/p>\n<\/div>\n<p>En compliment de la Directiva 2009\/136 \/ CE, desenvolupada en el nostre ordenament per l&#8217;apartat segon de l&#8217;article 22 de la Llei de Serveis de Societat de la Informaci\u00f3, seguint les directrius de l&#8217;Ag\u00e8ncia Espanyola de Protecci\u00f3 de Dades, procedim a informar-detalladament de l&#8217; \u00fas que es realitza al nostre web.<\/p>\n<p>Es denominen galetes a uns petits arxius que es graven en el navegador utilitzat per cada visitant del nostre web perqu\u00e8 el servidor pugui recordar la visita d&#8217;aquest usuari amb posterioritat quan torni a accedir als nostres continguts. Aquesta informaci\u00f3 no revela la seva identitat, ni dada personal, ni accedeix a el contingut emmagatzemat en el seu pc, per\u00f2 s\u00ed que permet al nostre sistema identificar a vost\u00e8 com un usuari determinat que ja va visitar la web amb anterioritat, va visualitzar determinades p\u00e0gines, etc. ia m\u00e9s permet guardar les seves prefer\u00e8ncies personals i informaci\u00f3 t\u00e8cnica com ara les visites realitzades o p\u00e0gines concretes que visiti.<\/p>\n<p>La finalitat de les cookies \u00e9s la de facilitar a l&#8217;Usuari un acc\u00e9s m\u00e9s r\u00e0pid als Serveis seleccionats.<\/p>\n<p>Si no desitja que es guardin cookies o prefereix rebre una informaci\u00f3 cada vegada que una galeta sol\u00b7liciti instal\u00b7lar-se, per configurar els vostres opcions de navegaci\u00f3 perqu\u00e8 es faci d&#8217;aquesta forma. La major part dels navegadors permeten la gesti\u00f3 de les cookies de 3 formes diferents:<\/p>\n<ul>\n<li>Les cookies s\u00f3n sempre rebutjades;<\/li>\n<li>El navegador pregunta si l&#8217;usuari vol instal\u00b7lar cada galeta;<\/li>\n<li>Les cookies s\u00f3n sempre acceptades;<\/li>\n<\/ul>\n<p>El seu navegador tamb\u00e9 pot incloure la possibilitat de seleccionar amb detall les galetes que desitja que s&#8217;instal\u00b7lin al seu ordinador. En concret, l&#8217;usuari pot normalment acceptar alguna de les seg\u00fcents opcions:<\/p>\n<ul>\n<li>rebutjar les cookies de determinats dominis;<\/li>\n<li>rebutjar les galetes de tercers;<\/li>\n<li>acceptar cookies com no persistents (s&#8217;eliminen quan el navegador es tanca);<\/li>\n<li>permetre a l&#8217;servidor crear cookies per un domini diferent.<\/li>\n<\/ul>\n<p><strong>Per permetre, con\u00e8ixer, bloquejar o eliminar les cookies instal\u00b7lades en el seu equip pot fer-ho mitjan\u00e7ant la configuraci\u00f3 de les opcions de el navegador en el vostre ordinador<\/strong>.<\/p>\n<p>Podeu trobar informaci\u00f3 sobre com configurar els navegadors m\u00e9s usats en les seg\u00fcents ubicacions:<\/p>\n<ul>\n<li><strong>Internet Explorer<\/strong>: Eines -&gt; Opcions d&#8217;Internet -&gt; Privacitat -&gt; Configuraci\u00f3. Per a m\u00e9s informaci\u00f3, pot consultar el <a href=\"http:\/\/windows.microsoft.com\/es-ES\/windows\/support\">suport de Microsoft<\/a> o l&#8217;Ajuda de el navegador.<\/li>\n<li><strong>Firefox: Eines<\/strong> -&gt; Opcions -&gt; Privadesa -&gt; Hist\u00f2ric -&gt; Configuraci\u00f3 Personalitzada. Per a m\u00e9s informaci\u00f3, podeu consultar el suport de Mozilla o l&#8217;Ajuda de el navegador.<\/li>\n<li><strong>Chrome: Configuraci\u00f3<\/strong> -&gt; Mostra opcions avan\u00e7ades -&gt; Privadesa -&gt; Configuraci\u00f3 de contingut. Per a m\u00e9s informaci\u00f3, podeu consultar el suport de Google o l&#8217;Ajuda de el navegador.<\/li>\n<li><strong>Safari<\/strong>: Prefer\u00e8ncies -&gt; Seguretat. Per a m\u00e9s informaci\u00f3, pot consultar el suport d&#8217;Apple o l&#8217;Ajuda de el navegador.<\/li>\n<\/ul>\n<p>Respecte de les galetes de tercers, \u00e9s a dir aquelles que s\u00f3n alienes al nostre lloc web, no podem fer-nos responsables de el contingut i veracitat de les pol\u00edtiques de privacitat que ells inclouen de manera que la informaci\u00f3 que li oferim \u00e9s sempre amb refer\u00e8ncia a la font.<\/p>\n<p>A continuaci\u00f3 us informem detalladament de les galetes que poden instal\u00b7lar-se des del nostre lloc web. En funci\u00f3 de la seva navegaci\u00f3 podran instal\u00b7lar-se totes o nom\u00e9s algunes d&#8217;elles.<\/p>\n<p>&nbsp;<\/p>\n<div id=\"clickdatos\">\n<p>&nbsp;<\/p>\n<div id=\"listadodecookies\">\n<table class=\"table-responsive\" style=\"border: 1px solid black;\">\n<tbody>\n<tr align=\"center\">\n<td style=\"border: 1px solid black;\">Nom<\/td>\n<td style=\"border: 1px solid black;\">Categoria<\/td>\n<td style=\"border: 1px solid black;\">Descripci\u00f3<\/td>\n<td style=\"border: 1px solid black;\">Propietat<\/td>\n<td style=\"border: 1px solid black;\">Duraci\u00f3<\/td>\n<\/tr>\n<tr id=\"_ga\" align=\"center\">\n<td style=\"border: 1px solid black;\">_ga<\/td>\n<td style=\"border: 1px solid black;\">An\u00e0lisis<\/td>\n<td style=\"border: 1px solid black;\">Es fa servir per distingir els usuaris.<\/td>\n<td style=\"border: 1px solid black;\">Tercers<\/td>\n<td style=\"border: 1px solid black;\">2 anys<\/td>\n<\/tr>\n<tr id=\"_gat\" align=\"center\">\n<td style=\"border: 1px solid black;\">_gat<\/td>\n<td style=\"border: 1px solid black;\">Publicitat<\/td>\n<td style=\"border: 1px solid black;\">Es fa servir per diferenciar entre els diferents objectes de seguiment creats a la sessi\u00f3.<\/td>\n<td style=\"border: 1px solid black;\">Tercers<\/td>\n<td style=\"border: 1px solid black;\">1 minut<\/td>\n<\/tr>\n<tr id=\"_gid\" align=\"center\">\n<td style=\"border: 1px solid black;\">_gid<\/td>\n<td style=\"border: 1px solid black;\">An\u00e0lisis<\/td>\n<td style=\"border: 1px solid black;\">Es fa servir per distingir els usuaris.<\/td>\n<td style=\"border: 1px solid black;\">Tercers<\/td>\n<td style=\"border: 1px solid black;\">24 hores<\/td>\n<\/tr>\n<tr id=\"wordpress_\" align=\"center\">\n<td style=\"border: 1px solid black;\">wordpress_<\/td>\n<td style=\"border: 1px solid black;\">Funcionalitat<\/td>\n<td style=\"border: 1px solid black;\">S&#8217;activa durant el login i guarda els detalls d&#8217;autenticaci\u00f3.<\/td>\n<td style=\"border: 1px solid black;\">Propia<\/td>\n<td style=\"border: 1px solid black;\">1 any<\/td>\n<\/tr>\n<tr id=\"wordpress_logged_in_\" align=\"center\">\n<td style=\"border: 1px solid black;\">wordpress_logged_in_<\/td>\n<td style=\"border: 1px solid black;\">Funcionalitat<\/td>\n<td style=\"border: 1px solid black;\">S&#8217;activa durant el login i guarda els detalls d&#8217;autenticaci\u00f3.<\/td>\n<td style=\"border: 1px solid black;\">Propia<\/td>\n<td style=\"border: 1px solid black;\">1 any<\/td>\n<\/tr>\n<tr id=\"wordpress_test_cookie\" align=\"center\">\n<td style=\"border: 1px solid black;\">wordpress_test_cookie<\/td>\n<td style=\"border: 1px solid black;\">Funcionalitat<\/td>\n<td style=\"border: 1px solid black;\">S&#8217;activa durant el login i guarda els detalls d&#8217;autenticaci\u00f3.<\/td>\n<td style=\"border: 1px solid black;\">Propia<\/td>\n<td style=\"border: 1px solid black;\">1 any<\/td>\n<\/tr>\n<tr id=\"wp-settings-\" align=\"center\">\n<td style=\"border: 1px solid black;\">wp-settings-<\/td>\n<td style=\"border: 1px solid black;\">Funcionalitat<\/td>\n<td style=\"border: 1px solid black;\">Serveix per personalitzar la interf\u00edcie d&#8217;usuari.<\/td>\n<td style=\"border: 1px solid black;\">Propia<\/td>\n<td style=\"border: 1px solid black;\">1 any<\/td>\n<\/tr>\n<tr id=\"wp-settings-time-\" align=\"center\">\n<td style=\"border: 1px solid black;\">wp-settings-time-<\/td>\n<td style=\"border: 1px solid black;\">Funcionalitat<\/td>\n<td style=\"border: 1px solid black;\">Serveix per personalitzar la interf\u00edcie d&#8217;usuari.<\/td>\n<td style=\"border: 1px solid black;\">Propia<\/td>\n<td style=\"border: 1px solid black;\">Finalitzaci\u00f3 de la sessi\u00f3<\/td>\n<\/tr>\n<tr id=\"gadwp_wg_default_dimension\" align=\"center\">\n<td style=\"border: 1px solid black;\">gadwp_wg_default_dimension<\/td>\n<td style=\"border: 1px solid black;\">Funcionalitat<\/td>\n<td style=\"border: 1px solid black;\">Gestiona la gesti\u00f3 de l&#8217;acc\u00e9s a la web i el desplegament d&#8217;imatges.<\/td>\n<td style=\"border: 1px solid black;\">Propia<\/td>\n<td style=\"border: 1px solid black;\">1 setmana<\/td>\n<\/tr>\n<tr id=\"gadwp_wg_default_metric\" align=\"center\">\n<td style=\"border: 1px solid black;\">gadwp_wg_default_metric<\/td>\n<td style=\"border: 1px solid black;\">Funcionalitat<\/td>\n<td style=\"border: 1px solid black;\">Gestiona la gesti\u00f3 de l&#8217;acc\u00e9s a la web i el desplegament d&#8217;imatges.<\/td>\n<td style=\"border: 1px solid black;\">Propia<\/td>\n<td style=\"border: 1px solid black;\">1 setmana<\/td>\n<\/tr>\n<tr id=\"vchideactivationmsg_vc11\" align=\"center\">\n<td style=\"border: 1px solid black;\">vchideactivationmsg_vc11<\/td>\n<td style=\"border: 1px solid black;\">Funcionalitat<\/td>\n<td style=\"border: 1px solid black;\">Cookie t\u00e9cnica<\/td>\n<td style=\"border: 1px solid black;\">Propia<\/td>\n<td style=\"border: 1px solid black;\">Desconeixem l&#8217;origen de la cookie<\/td>\n<\/tr>\n<tr id=\"AMP_TOKEN\" align=\"center\">\n<td style=\"border: 1px solid black;\">AMP_TOKEN<\/td>\n<td style=\"border: 1px solid black;\">Funcionalitat<\/td>\n<td style=\"border: 1px solid black;\">Cookie t\u00e9cnica<\/td>\n<td style=\"border: 1px solid black;\">Propia<\/td>\n<td style=\"border: 1px solid black;\">Desconeixem l&#8217;origen de la cookie<\/td>\n<\/tr>\n<tr id=\"_icl_current_admin_language_d41d8cd98f00b204e9800998ecf8427e\" align=\"center\">\n<td style=\"border: 1px solid black;\">_icl_current_admin_language_d41d8cd98f00b204e9800998ecf8427e<\/td>\n<td style=\"border: 1px solid black;\">Funcionalitat<\/td>\n<td style=\"border: 1px solid black;\">Cookie t\u00e9cnica<\/td>\n<td style=\"border: 1px solid black;\">Propia<\/td>\n<td style=\"border: 1px solid black;\">Desconeixem l&#8217;origen de la cookie<\/td>\n<\/tr>\n<tr id=\"_icl_current_language\" align=\"center\">\n<td style=\"border: 1px solid black;\">_icl_current_language<\/td>\n<td style=\"border: 1px solid black;\">Funcionalitat<\/td>\n<td style=\"border: 1px solid black;\">Cookie t\u00e9cnica<\/td>\n<td style=\"border: 1px solid black;\">Propia<\/td>\n<td style=\"border: 1px solid black;\">idioma<\/td>\n<\/tr>\n<\/tbody>\n<\/table>\n<\/div>\n<p>Es pot modificar aquesta Pol\u00edtica de Cookies en funci\u00f3 d&#8217;exig\u00e8ncies legislatives, reglament\u00e0ries, o amb la finalitat d&#8217;adaptar aquesta pol\u00edtica a les instruccions dictades per l&#8217;Ag\u00e8ncia Espanyola de Protecci\u00f3 de Dades, per aix\u00f2 s&#8217;aconsella als Usuaris que la visitin peri\u00f2dicament.<\/p>\n<p>Quan es produeixin canvis significatius en aquesta Pol\u00edtica de Cookies, es comunicaran als Usuaris b\u00e9 mitjan\u00e7ant el web o mitjan\u00e7ant correu electr\u00f2nic als usuaris registrats.<\/p>\n<\/div>\n","protected":false},"excerpt":{"rendered":"<p>Al web http:\/\/nomadcoffee.es utilitzem cookies per a facilitar la relaci\u00f3 dels visitants amb el nostre contingut i per permetre elaborar [&hellip;]<\/p>\n","protected":false},"author":5,"featured_media":0,"parent":0,"menu_order":0,"comment_status":"closed","ping_status":"closed","template":"page-legales.php","meta":{"footnotes":""},"acf":[],"yoast_head":"<!-- This site is optimized with the Yoast SEO plugin v22.6 - https:\/\/yoast.com\/wordpress\/plugins\/seo\/ -->\n<title>Politica de Cookies - NOMAD<\/title>\n<meta name=\"description\" content=\"Aqu\u00ed trobar\u00e0s l&#039;informaci\u00f3 sobre l&#039;\u00fas de les nostres cookies, no son les que fem a l&#039;obrador, per\u00f2 ens ajuden molt a treballar.\" \/>\n<meta name=\"robots\" content=\"noindex, nofollow\" \/>\n<meta property=\"og:locale\" content=\"ca_ES\" \/>\n<meta property=\"og:type\" content=\"article\" \/>\n<meta property=\"og:title\" content=\"Politica de Cookies - NOMAD\" \/>\n<meta property=\"og:description\" content=\"Aqu\u00ed trobar\u00e0s l&#039;informaci\u00f3 sobre l&#039;\u00fas de les nostres cookies, no son les que fem a l&#039;obrador, per\u00f2 ens ajuden molt a treballar.\" \/>\n<meta property=\"og:url\" content=\"https:\/\/subs.nomadcoffee.es\/ca\/politica-de-cookies\/\" \/>\n<meta property=\"og:site_name\" content=\"NOMAD\" \/>\n<meta property=\"article:modified_time\" content=\"2021-03-16T15:49:48+00:00\" \/>\n<meta name=\"twitter:card\" content=\"summary_large_image\" \/>\n<meta name=\"twitter:label1\" content=\"Temps estimat de lectura\" \/>\n\t<meta name=\"twitter:data1\" content=\"4 minuts\" \/>\n<script type=\"application\/ld+json\" class=\"yoast-schema-graph\">{\"@context\":\"https:\/\/schema.org\",\"@graph\":[{\"@type\":\"WebPage\",\"@id\":\"https:\/\/subs.nomadcoffee.es\/ca\/politica-de-cookies\/\",\"url\":\"https:\/\/subs.nomadcoffee.es\/ca\/politica-de-cookies\/\",\"name\":\"Politica de Cookies - NOMAD\",\"isPartOf\":{\"@id\":\"https:\/\/subs.nomadcoffee.es\/ca\/#website\"},\"datePublished\":\"2018-10-30T15:11:07+00:00\",\"dateModified\":\"2021-03-16T15:49:48+00:00\",\"description\":\"Aqu\u00ed trobar\u00e0s l'informaci\u00f3 sobre l'\u00fas de les nostres cookies, no son les que fem a l'obrador, per\u00f2 ens ajuden molt a treballar.\",\"breadcrumb\":{\"@id\":\"https:\/\/subs.nomadcoffee.es\/ca\/politica-de-cookies\/#breadcrumb\"},\"inLanguage\":\"ca\",\"potentialAction\":[{\"@type\":\"ReadAction\",\"target\":[\"https:\/\/subs.nomadcoffee.es\/ca\/politica-de-cookies\/\"]}]},{\"@type\":\"BreadcrumbList\",\"@id\":\"https:\/\/subs.nomadcoffee.es\/ca\/politica-de-cookies\/#breadcrumb\",\"itemListElement\":[{\"@type\":\"ListItem\",\"position\":1,\"name\":\"Portada\",\"item\":\"https:\/\/subs.nomadcoffee.es\/ca\/\"},{\"@type\":\"ListItem\",\"position\":2,\"name\":\"Politica de Cookies\"}]},{\"@type\":\"WebSite\",\"@id\":\"https:\/\/subs.nomadcoffee.es\/ca\/#website\",\"url\":\"https:\/\/subs.nomadcoffee.es\/ca\/\",\"name\":\"Nomad Coffee\",\"description\":\"Caf\u00e9 de origen, tostado en Barcelona\",\"publisher\":{\"@id\":\"https:\/\/subs.nomadcoffee.es\/ca\/#organization\"},\"alternateName\":\"Nomad Coffee\",\"potentialAction\":[{\"@type\":\"SearchAction\",\"target\":{\"@type\":\"EntryPoint\",\"urlTemplate\":\"https:\/\/subs.nomadcoffee.es\/ca\/?s={search_term_string}\"},\"query-input\":\"required name=search_term_string\"}],\"inLanguage\":\"ca\"},{\"@type\":\"Organization\",\"@id\":\"https:\/\/subs.nomadcoffee.es\/ca\/#organization\",\"name\":\"Nomad Coffee\",\"alternateName\":\"Nomad Coffee\",\"url\":\"https:\/\/subs.nomadcoffee.es\/ca\/\",\"logo\":{\"@type\":\"ImageObject\",\"inLanguage\":\"ca\",\"@id\":\"https:\/\/subs.nomadcoffee.es\/ca\/#\/schema\/logo\/image\/\",\"url\":\"https:\/\/nomadcoffee.es\/wp-content\/uploads\/2023\/05\/logo-Nomad.jpg\",\"contentUrl\":\"https:\/\/nomadcoffee.es\/wp-content\/uploads\/2023\/05\/logo-Nomad.jpg\",\"width\":200,\"height\":200,\"caption\":\"Nomad Coffee\"},\"image\":{\"@id\":\"https:\/\/subs.nomadcoffee.es\/ca\/#\/schema\/logo\/image\/\"}}]}<\/script>\n<!-- \/ Yoast SEO plugin. -->","yoast_head_json":{"title":"Politica de Cookies - NOMAD","description":"Aqu\u00ed trobar\u00e0s l'informaci\u00f3 sobre l'\u00fas de les nostres cookies, no son les que fem a l'obrador, per\u00f2 ens ajuden molt a treballar.","robots":{"index":"noindex","follow":"nofollow"},"og_locale":"ca_ES","og_type":"article","og_title":"Politica de Cookies - NOMAD","og_description":"Aqu\u00ed trobar\u00e0s l'informaci\u00f3 sobre l'\u00fas de les nostres cookies, no son les que fem a l'obrador, per\u00f2 ens ajuden molt a treballar.","og_url":"https:\/\/subs.nomadcoffee.es\/ca\/politica-de-cookies\/","og_site_name":"NOMAD","article_modified_time":"2021-03-16T15:49:48+00:00","twitter_card":"summary_large_image","twitter_misc":{"Temps estimat de lectura":"4 minuts"},"schema":{"@context":"https:\/\/schema.org","@graph":[{"@type":"WebPage","@id":"https:\/\/subs.nomadcoffee.es\/ca\/politica-de-cookies\/","url":"https:\/\/subs.nomadcoffee.es\/ca\/politica-de-cookies\/","name":"Politica de Cookies - NOMAD","isPartOf":{"@id":"https:\/\/subs.nomadcoffee.es\/ca\/#website"},"datePublished":"2018-10-30T15:11:07+00:00","dateModified":"2021-03-16T15:49:48+00:00","description":"Aqu\u00ed trobar\u00e0s l'informaci\u00f3 sobre l'\u00fas de les nostres cookies, no son les que fem a l'obrador, per\u00f2 ens ajuden molt a treballar.","breadcrumb":{"@id":"https:\/\/subs.nomadcoffee.es\/ca\/politica-de-cookies\/#breadcrumb"},"inLanguage":"ca","potentialAction":[{"@type":"ReadAction","target":["https:\/\/subs.nomadcoffee.es\/ca\/politica-de-cookies\/"]}]},{"@type":"BreadcrumbList","@id":"https:\/\/subs.nomadcoffee.es\/ca\/politica-de-cookies\/#breadcrumb","itemListElement":[{"@type":"ListItem","position":1,"name":"Portada","item":"https:\/\/subs.nomadcoffee.es\/ca\/"},{"@type":"ListItem","position":2,"name":"Politica de Cookies"}]},{"@type":"WebSite","@id":"https:\/\/subs.nomadcoffee.es\/ca\/#website","url":"https:\/\/subs.nomadcoffee.es\/ca\/","name":"Nomad Coffee","description":"Caf\u00e9 de origen, tostado en Barcelona","publisher":{"@id":"https:\/\/subs.nomadcoffee.es\/ca\/#organization"},"alternateName":"Nomad Coffee","potentialAction":[{"@type":"SearchAction","target":{"@type":"EntryPoint","urlTemplate":"https:\/\/subs.nomadcoffee.es\/ca\/?s={search_term_string}"},"query-input":"required name=search_term_string"}],"inLanguage":"ca"},{"@type":"Organization","@id":"https:\/\/subs.nomadcoffee.es\/ca\/#organization","name":"Nomad Coffee","alternateName":"Nomad Coffee","url":"https:\/\/subs.nomadcoffee.es\/ca\/","logo":{"@type":"ImageObject","inLanguage":"ca","@id":"https:\/\/subs.nomadcoffee.es\/ca\/#\/schema\/logo\/image\/","url":"https:\/\/nomadcoffee.es\/wp-content\/uploads\/2023\/05\/logo-Nomad.jpg","contentUrl":"https:\/\/nomadcoffee.es\/wp-content\/uploads\/2023\/05\/logo-Nomad.jpg","width":200,"height":200,"caption":"Nomad Coffee"},"image":{"@id":"https:\/\/subs.nomadcoffee.es\/ca\/#\/schema\/logo\/image\/"}}]}},"_links":{"self":[{"href":"https:\/\/subs.nomadcoffee.es\/ca\/wp-json\/wp\/v2\/pages\/14457"}],"collection":[{"href":"https:\/\/subs.nomadcoffee.es\/ca\/wp-json\/wp\/v2\/pages"}],"about":[{"href":"https:\/\/subs.nomadcoffee.es\/ca\/wp-json\/wp\/v2\/types\/page"}],"author":[{"embeddable":true,"href":"https:\/\/subs.nomadcoffee.es\/ca\/wp-json\/wp\/v2\/users\/5"}],"replies":[{"embeddable":true,"href":"https:\/\/subs.nomadcoffee.es\/ca\/wp-json\/wp\/v2\/comments?post=14457"}],"version-history":[{"count":5,"href":"https:\/\/subs.nomadcoffee.es\/ca\/wp-json\/wp\/v2\/pages\/14457\/revisions"}],"predecessor-version":[{"id":53088,"href":"https:\/\/subs.nomadcoffee.es\/ca\/wp-json\/wp\/v2\/pages\/14457\/revisions\/53088"}],"wp:attachment":[{"href":"https:\/\/subs.nomadcoffee.es\/ca\/wp-json\/wp\/v2\/media?parent=14457"}],"curies":[{"name":"wp","href":"https:\/\/api.w.org\/{rel}","templated":true}]}}