{"id":14462,"date":"2018-10-30T16:11:06","date_gmt":"2018-10-30T15:11:06","guid":{"rendered":"http:\/\/nomadcoffee.es\/avisos-legales\/"},"modified":"2023-11-16T11:04:59","modified_gmt":"2023-11-16T10:04:59","slug":"avisos-legals","status":"publish","type":"page","link":"https:\/\/subs.nomadcoffee.es\/ca\/avisos-legals\/","title":{"rendered":"Avisos Legals"},"content":{"rendered":"<p>&nbsp;<\/p>\n<div id=\"clickdatos\">\n<p>El present Av\u00eds Legal regula les condicions generals d&#8217;acc\u00e9s i utilitzaci\u00f3 del lloc web accessible en l&#8217;adre\u00e7a URL http:\/\/nomadcoffee.es (en endavant, el lloc web), que Nomad Coffee posa a disposici\u00f3 dels usuaris d&#8217;Internet.<br \/>\nLa utilitzaci\u00f3 del lloc web implica l&#8217;acceptaci\u00f3 plena i sense reserves de totes i cadascuna de les disposicions incloses en aquest Av\u00eds Legal. En conseq\u00fc\u00e8ncia, l&#8217;usuari de la p\u00e0gina web ha de llegir atentament el present Av\u00eds Legal en cadascuna de les ocasions en qu\u00e8 es proposi utilitzar la web, ja que el text podria patir modificacions a criteri de l&#8217;titular del web, oa causa d&#8217;un canvi legislatiu , jurisprudencial o en la pr\u00e0ctica empresarial.<\/p>\n<h2>1.- TITULARITAT DEL LLOC WEB.<\/h2>\n<p>Ra\u00f3 Social de l&#8217;Empresa: Nomad Coffee S.L.<br \/>\nNom de titular: Jordi Mestre Ramentol<br \/>\nDomicili social: Marroc 160<br \/>\nPoblaci\u00f3: Barcelona<br \/>\nProv\u00edncia: BARCELONA<br \/>\nC.P .: 08019<br \/>\nC.I.F.\/D.N.I .: B66400664<br \/>\nTel\u00e8fon de contacte: 628566235<br \/>\nCorreu electr\u00f2nic: jordimestreramentol@gmail.com<\/p>\n<p>Dades registrals:<\/p>\n<h2>2.- OBJECTE.<\/h2>\n<p>El lloc web facilita als usuaris de la mateixa l&#8217;acc\u00e9s a informaci\u00f3 i serveis prestats per Nomad Coffee a aquelles persones o organitzacions interessades en els mateixos.<\/p>\n<h2>3.- ACC\u00c9S I UTILITZACI\u00d3 DEL WEB.<\/h2>\n<p>3.1.- Car\u00e0cter gratu\u00eft de l&#8217;acc\u00e9s i utilitzaci\u00f3 de la web.<\/p>\n<p>L&#8217;acc\u00e9s a la web t\u00e9 car\u00e0cter gratu\u00eft per als usuaris de la mateixa.<br \/>\n3.2.- Registre d&#8217;usuaris.<\/p>\n<p>Amb car\u00e0cter general l&#8217;acc\u00e9s i utilitzaci\u00f3 del web no exigeix \u200b\u200bla pr\u00e8via subscripci\u00f3 o registre dels usuaris de la mateixa.<\/p>\n<h2>4.- CONTINGUTS DE LA WEB.<\/h2>\n<p>L&#8217;idioma utilitzat pel titular a la web ser\u00e0 el castell\u00e0. Nomad Coffee no es responsabilitza de la no comprensi\u00f3 o enteniment de l&#8217;idioma del web per l&#8217;usuari, ni de les seves conseq\u00fc\u00e8ncies.<br \/>\nNomad Coffee podr\u00e0 modificar els continguts sense previ av\u00eds, aix\u00ed com suprimir i canviar aquests dins de la web, com la forma en qu\u00e8 s&#8217;accedeix a aquests, sense cap justificaci\u00f3 i lliurement, no responsabilitzant-se de les conseq\u00fc\u00e8ncies que els mateixos puguin ocasionar als usuaris .<br \/>\nEs prohibeix l&#8217;\u00fas dels continguts del web per promocionar, contractar o divulgar publicitat o informaci\u00f3 pr\u00f2pia o de terceres persones sense l&#8217;autoritzaci\u00f3 de Nomad Coffee, ni remetre publicitat o informaci\u00f3 valent-se per a aix\u00f2 dels serveis o informaci\u00f3 que es posen a disposici\u00f3 de els usuaris, independentment de si la utilitzaci\u00f3 \u00e9s gratu\u00efta o no.<br \/>\nEls enlla\u00e7os o hiperenlla\u00e7os que incorporin tercers a les seves p\u00e0gines web, dirigits a aquest web, seran per a l&#8217;obertura de la p\u00e0gina web completa, no podent manifestar, directament o indirectament, indicacions falses, inexactes o confuses, ni inc\u00f3rrer en accions deslleials o il\u00b7l\u00edcites en contra de Nomad Coffee<\/p>\n<h2>5.- LIMITACI\u00d3 DE RESPONSABILITAT.<\/h2>\n<p>Tant l&#8217;acc\u00e9s al web com l&#8217;\u00fas no consentit que pugui efectuar-se de la informaci\u00f3 continguda en la mateixa \u00e9s de l&#8217;exclusiva responsabilitat de qui ho realitza. Nomad Coffee no respondr\u00e0 de cap conseq\u00fc\u00e8ncia, dany o perjudici que poguessin derivar d&#8217;aquest acc\u00e9s o \u00fas. Nomad Coffee no es fa responsable dels errors de seguretat, que es puguin produir ni dels danys que puguin causar-se a el sistema inform\u00e0tic de l&#8217;usuari (maquinari i programari), o als fitxers o documents emmagatzemats en el mateix, com a conseq\u00fc\u00e8ncia de:<br \/>\n&#8211; la pres\u00e8ncia d&#8217;un virus a l&#8217;ordinador de l&#8217;usuari que sigui utilitzat per la connexi\u00f3 als serveis i continguts del web,<br \/>\n&#8211; un mal funcionament de el navegador,<br \/>\n&#8211; i \/ o de l&#8217;\u00fas de versions no actualitzades d&#8217;aquest.<br \/>\nNomad Coffee no es fa responsable de la fiabilitat i rapidesa dels hiperenlla\u00e7os que s&#8217;incorporin al web per a l&#8217;obertura d&#8217;altres. Nomad Coffee no garanteix la utilitat d&#8217;aquests enlla\u00e7os, ni es responsabilitza dels continguts o serveis als quals pugui accedir l&#8217;usuari per mitj\u00e0 d&#8217;aquests enlla\u00e7os, ni de bon funcionament d&#8217;aquestes webs.<br \/>\nNomad Coffee no ser\u00e0 responsable dels virus o altres programes inform\u00e0tics que deteriorin o puguin deteriorar els sistemes o equips inform\u00e0tics dels usuaris a l&#8217;accedir al seu web o altres webs a les que s&#8217;hagi accedit mitjan\u00e7ant enlla\u00e7os d&#8217;aquest web.<\/p>\n<h2>6.- OCUPACI\u00d3 DE LA TECNOLOGIA &#8220;COOKIES&#8221;.<\/h2>\n<p>El web no utilitza cookies ni qualsevol altre procediment invisible de recollida d&#8217;informaci\u00f3 quan l&#8217;usuari navega per ella, respectant en tot moment la confidencialitat i intimitat de la mateixa.<br \/>\n* SI S&#8217;EMPREN COOKIES CONSULTAR COMUNICAT SOBRE \u00daS DE COOKIES La web fa servir cookies, pot consultar la nostra Pol\u00edtica de Cookies, que respecta en tot moment la confidencialitat i intimitat de la mateixa.<\/p>\n<h2>7.- Propietat intel\u00b7lectual i industrial.<\/h2>\n<p>S\u00f3n propietat de Nomad Coffee, tots els drets de propietat industrial i intel\u00b7lectual del web, aix\u00ed com dels continguts que alberga. Qualsevol \u00fas del web o els seus continguts haur\u00e0 de tenir un car\u00e0cter exclusivament particular. Est\u00e0 reservat exclusivament a Nomad Coffee, qualsevol altre \u00fas que suposi la c\u00f2pia, reproducci\u00f3,distribuci\u00f3, transformaci\u00f3, comunicaci\u00f3 p\u00fablica o qualsevol altra acci\u00f3 similar, de tot o part dels continguts del web, de manera que cap usuari podr\u00e0 dur a terme aquestes accions sense l&#8217;autoritzaci\u00f3 pr\u00e8via i per escrit de Nomad Coffee<\/p>\n<h2>8.- POL\u00cdTICA DE PRIVACITAT I PROTECCI\u00d3 DE DADES.<\/h2>\n<p>Nomad Coffee garanteix la protecci\u00f3 i confidencialitat de les dades personals, de qualsevol tipus que ens proporcionin les nostres empreses clients d&#8217;acord amb el que disposa la Llei Org\u00e0nica 15\/1999, de 13 de desembre de Protecci\u00f3 de Dades de Car\u00e0cter Personal.<br \/>\nTotes les dades facilitades per les nostres empreses clients a Nomad Coffee o al seu personal, seran incloses en un fitxer automatitzat de dades de car\u00e0cter personal creat i mantingut sota la responsabilitat de Nomad Coffee, imprescindibles per a prestar els serveis sol\u00b7licitats pels usuaris.<br \/>\nLes dades facilitades seran tractades segons el Reglament de Mesures de Seguretat (Reial Decret 1720\/2007 de 21 de Desembre), en aquest sentit Nomad Coffee ha adoptat els nivells de protecci\u00f3 que legalment s&#8217;exigeixen, i ha instal\u00b7lat totes les mesures t\u00e8cniques al seu abast per evitar la p\u00e8rdua, mal \u00fas, alteraci\u00f3, acc\u00e9s no autoritzat per tercers. No obstant, l&#8217;usuari ha de ser conscient que les mesures de seguretat a Internet no s\u00f3n inexpugnables. En cas que consideri oport\u00fa que es cedeixin les seves dades de car\u00e0cter personal a altres entitats, l&#8217;usuari ser\u00e0 informat de les dades cedides, de la finalitat de l&#8217;arxiu i de el nom i adre\u00e7a de l&#8217;cessionari, perqu\u00e8 del seu consentiment inequ\u00edvoc a l&#8217;respecte.<br \/>\nEn compliment del que estableix la RGPD, l&#8217;usuari podr\u00e0 exercir els seus drets d&#8217;acc\u00e9s, rectificaci\u00f3, cancel\u00b7laci\u00f3 i oposici\u00f3. Per a aix\u00f2 ha de contactar amb nosaltres a jordimestreramentol@gmail.com<\/p>\n<h2>9.- LEGISLACI\u00d3 APLICABLE I JURISDICCI\u00d3 COMPETENT.<\/h2>\n<p>El present Av\u00eds Legal s&#8217;interpretar\u00e0 i regir\u00e0 de conformitat amb la legislaci\u00f3 espanyola. Nomad Coffee i els usuaris, amb ren\u00fancia expressa a qualsevol altre fur que pogu\u00e9s correspondre&#8217;ls, se sotmeten a el dels jutjats i tribunals de el domicili de l&#8217;usuari per a qualsevol controv\u00e8rsia que pogu\u00e9s derivar-se de l&#8217;acc\u00e9s o \u00fas de la web. En el cas que l&#8217;usuari tingui el seu domicili fora d&#8217;Espanya, Nomad Coffee i l&#8217;usuari, es sotmeten, amb ren\u00fancia expressa a qualsevol altre fur, als jutjats i tribunals de el domicili de Nomad Coffee.<\/p>\n<h2><strong>BASES LEGALS DEL SORTEIG NOMAD CHRISTMAS LOTTERY 2023<\/strong><\/h2>\n<p>1.- EMPRESA ORGANITZADORA DEL SORTEIG<\/p>\n<p>L&#8217;Empresa Nomad Coffee S.L. amb domicili a Pujades 95, 08005 Barcelona i n\u00famero identificatiu B66400664 organitza amb finalitats promocionals el sorteig (d&#8217;ara endavant, &#8220;el Sorteig&#8221;) d&#8217;\u00e0mbit internacional i per a majors d&#8217;edat d&#8217;acord amb el que es disposa a l&#8217;apartat de condicions per a participar.<\/p>\n<p>2.- DATA D&#8217;INICI I DATA DE FINALITZACI\u00d3<\/p>\n<p>El SORTEIG s&#8217;iniciar\u00e0 el dia 6 de novembre del 2023 i finalitzar\u00e0 el dia 17 de desembre del 2023. L&#8217;Empresa es reserva la facultat de no dur a terme l&#8217;acci\u00f3 promocional si per a la data reflectida d&#8217;inici de la mateixa no s&#8217;ha registrat una participaci\u00f3 superior a 550 bitllets. De la mateixa manera, l&#8217;Empresa podr\u00e0 estendre la terminaci\u00f3 de l&#8217;acci\u00f3 promocional per 4 dies m\u00e9s, sent la nova data de finalitzaci\u00f3 el 21 de desembre en cas que es registrin un nombre major de 550 bitllets de participaci\u00f3.<\/p>\n<p>3.- REQUISITS DE PARTICIPACI\u00d3 I MEC\u00c0NICA DEL SORTEIG<\/p>\n<p>\u00c9s important subratllar que la participaci\u00f3 en el Sorteig suposa l&#8217;acceptaci\u00f3 incondicional i el respecte del que es disposa en les presents Bases Legals. Els requisits de participaci\u00f3 seran els seg\u00fcents:<\/p>\n<p>&#8211; Podran participar aquelles persones que siguin majors de 18 anys d&#8217;edat.<br \/>\n&#8211; Nom\u00e9s podran participar aquells participants que adquireixin un dels bitllets numerats &#8220;Christmas Lottery&#8221; que es lliuren amb la compra de cada bossa de 250 gr. a trav\u00e9s de la botiga en l\u00ednia de Nomad Coffee, dels seus establiments a la ciutat de Barcelona o a trav\u00e9s d&#8217;establiments col\u00b7laboradors des de la data d&#8217;inici fins a la de finalitzaci\u00f3 del sorteig.<br \/>\n&#8211; Els Participants podran participar amb tots els bitllets numerats que adquireixin.<\/p>\n<p>La mec\u00e0nica del sorteig consisteix en seleccionar un n\u00famero escollit de forma aleat\u00f2ria el dia 22 de desembre del 2023.<\/p>\n<p>4.- CONDICIONS DE LA PROMOCI\u00d3 I PREMIS<\/p>\n<p>Es seleccionar\u00e0 un sol guanyador\/a i a trav\u00e9s de la selecci\u00f3 d&#8217;un n\u00famero escollit de forma aleat\u00f2ria el dia 22 de desembre del 2023.<\/p>\n<p>El\/La guanyador\/a obtindr\u00e0 com a premi: un penjoll d&#8217;or de 24 quilates en forma de gra de caf\u00e8. Es lliurar\u00e0 amb cadena d&#8217;or.<\/p>\n<p>El\/La guanyador\/a podr\u00e0 posar-se en contacte amb l&#8217;Empresa durant el termini de 90 dies a comptar des de la data en qu\u00e8 s&#8217;anunci\u00ef al perfil social de la marca. En cas que en el termini estipulat no es produeixi aquest contacte es procedir\u00e0 a declarar el sorteig desert.<\/p>\n<p>La celebraci\u00f3 del sorteig, aix\u00ed com la concessi\u00f3 del premi, queden subjectes a la normativa fiscal vigent.<\/p>\n<p>5.- LIMITACIONS<\/p>\n<p>Si es pos\u00e9s de manifest que qualsevol dels participants no compleix amb els requisits exigits a les Bases, o les dades proporcionades per participar no fossin v\u00e0lides, la seva participaci\u00f3 es considerar\u00e0 nul\u00b7la i quedaran autom\u00e0ticament exclosos del sorteig, perdent tot dret sobre els premis atorgats en virtut d&#8217;aquesta Promoci\u00f3.<\/p>\n<p>No podran participar en la Promoci\u00f3 les seg\u00fcents persones: (i) Els treballadors per compte ali\u00e8 emprats en qualsevol de les societats i altres entitats amb personalitat jur\u00eddica vinculades a NOMAD COFFEE SL (ii) Les persones f\u00edsiques que participin directa o indirectament en el capital de NOMAD COFFEE SL (iii) Qualsevol altra persona f\u00edsica que hagi participat directa o indirectament en l&#8217;organitzaci\u00f3 d&#8217;aquest Sorteig o hagi estat involucrada directa o indirectament en la seva preparaci\u00f3 o desenvolupament (ag\u00e8ncia, prove\u00efdors, etc.).<\/p>\n<p>El premi atorgat no ser\u00e0 transferible ni susceptible de canvis, alteracions o compensacions a petici\u00f3 dels Participants, no podent ser canviat per cap altre producte ni per diners. NOMAD COFFEE SL es reserva el dret, si concorre justa causa i pr\u00e8via comunicaci\u00f3 en forma legal, d&#8217;efectuar qualsevol canvi, suspendre o ampliar aquest Sorteig.<\/p>\n<p>Correran a compte i c\u00e0rrec del guanyador qualsevol c\u00e0rrega fiscal o tribut\u00e0ria que l&#8217;acceptaci\u00f3 del premi pogu\u00e9s suposar-li, aix\u00ed com qualsevol altre despesa derivada del sorteig que no estigui expressament assumida per NOMAD COFF<\/p>\n<p>EE SL en les presents Bases Legals.<\/p>\n<p>S&#8217;estableix un termini de QUINZE (15) dies naturals des de la data de la concessi\u00f3 del premi per efectuar qualsevol reclamaci\u00f3 motivada. NOMAD COFFEE SL es reserva, en cas d&#8217;obligada necessitat, el dret de substituir el premi per un altre de semblants caracter\u00edstiques.<\/p>\n<p>6.- PUBLICACI\u00d3 DE COMENTARIS O OPINIONS<\/p>\n<p>No es permetran comentaris o opinions del contingut es consideri inadequat, que siguin ofensius, injuriosos o discriminatoris o que poguessin vulnerar drets de tercers. Tampoc es permetran comentaris contra un particular que vulnerin els principis de dret a l&#8217;honor, a la intimitat personal i familiar i a la pr\u00f2pia imatge. No ens responsabilitzarem dels danys ocasionats pels comentaris que facin els participants en el Sorteig, i que en qualsevol moment poguessin ferir la sensibilitat d&#8217;altres participants.<\/p>\n<p>Qualsevol intent d&#8217;entorpir el bon desenvolupament del Sorteig ja sigui per intervenci\u00f3 humana o mitjan\u00e7ant un aut\u00f2mat donar\u00e0 lloc a la desqualificaci\u00f3 immediata del participant anul\u00b7lant-se la seva candidatura.<\/p>\n<p>7.- EXONERACI\u00d3 DE RESPONSABILITAT<\/p>\n<p>A t\u00edtol enunciatiu, per\u00f2 no limitatiu, no ens responsabilitzem de les possibles p\u00e8rdues, robatoris, retards o qualsevol altra circumst\u00e0ncia imputable a tercers que puguin afectar el desenvolupament de la present Promoci\u00f3, aix\u00ed com tampoc ens responsabilitzem de l&#8217;\u00fas que faci el participant respecte del premi que obtingui d&#8217;aquesta Promoci\u00f3, i no assumeix cap responsabilitat per cap dany o perjudici de qualsevol tipus que poguessin patir els Participants, guanyador o tercers.<\/p>\n<p>No assumim la responsabilitat en casos de for\u00e7a major o cas fortu\u00eft que poguessin impedir la realitzaci\u00f3 de la Promoci\u00f3 o el gaudi total o parcial del premi. En cas que aquesta Promoci\u00f3 no pogu\u00e9s realitzar-se, ja sigui per frau detectat en la mateixa, errors t\u00e8cnics, o qualsevol altre motiu que no estigui sota el control de NOMAD COFFEE SL i que afecti al normal desenvolupament del Sorteig, ens reservem el dret de cancel\u00b7lar, modificar, o suspendre la mateixa, incloent la p\u00e0gina web de participaci\u00f3.<\/p>\n<p>8.- FACEBOOK\/INSTAGRAM<\/p>\n<p>El sorteig no est\u00e0 patrocinat, avalat, administrat ni associat de cap manera a Facebook\/Instagram per la qual cosa els Participants alliberen a Facebook de tota responsabilitat pels eventuals danys que es derivin de la mateixa.<\/p>\n<p>9.- PROTECCI\u00d3 DE DADES PERSONALS<\/p>\n<p>L&#8217;Empresa responsable del tractament de les seves dades \u00e9s NOMAD COFFEE SL, amb domicili a Pujades 95, 08005 Barcelona i n\u00famero identificatiu B66400664. NOMAD COFFEE SL es pren molt seriosament la protecci\u00f3 de la seva privacitat i de les seves dades personals. Per tant, la seva informaci\u00f3 personal es conserva de forma segura i es tracta amb el m\u00e0xim de cura. Per a aquest sorteig no es recollir\u00e0 informaci\u00f3 personal de cap dels participants. D&#8217;acord amb el que es disposa en la normativa aplicable en mat\u00e8ria de protecci\u00f3 de dades, i concretament en el Reglament (UE) 2016\/679 del Parlament Europeu i del Consell, de 27 d&#8217;abril de 2016, relatiu a la protecci\u00f3 de les persones f\u00edsiques pel que fa al tractament de dades personals i a la lliure circulaci\u00f3 d&#8217;aquestes dades, cada Participant, amb l&#8217;acceptaci\u00f3 d&#8217;aquestes Bases Legals, consent que les dades personals facilitades per a la participaci\u00f3 en aquest sorteig siguin incorporades a un fitxer titularitat de NOMAD COFFEE SL per tramitar la participaci\u00f3 en el concurs i per comunicar-li el premi en cas que result\u00e9s Guanyador. Li informem que les seves dades personals de contacte seran utilitzades per a les seg\u00fcents finalitats: Comunicaci\u00f3 del premi en cas de resultar guanyador.<\/p>\n<p>Els Participants garanteixen que les dades personals facilitades s\u00f3n veraces i es fan responsables de comunicar a NOMAD COFFEE SL, qualsevol modificaci\u00f3 de les mateixes. NOMAD COFFEE SL es reserva el dret a excloure de la present sortei tot Participant que hagi facilitat dades falses. Es recomana tenir la m\u00e0xima dilig\u00e8ncia en mat\u00e8ria de Protecci\u00f3 de Dades mitjan\u00e7ant la utilitzaci\u00f3 d&#8217;eines de seguretat, no podent-se responsabilitzar a NOMAD COFFEE SL de subtraccions, modificacions o p\u00e8rdues de dades il\u00b7l\u00edcites. Els Participants tenen dret a (i) accedir a les seves dades personals, aix\u00ed com a (ii) sol\u00b7licitar la rectificaci\u00f3 de les dades inexactes o, si escau, sol\u00b7licitar-ne la supressi\u00f3, (iii) sol\u00b7licitar la limitaci\u00f3 del tractament de les seves dades, (iv) oposar-se al tractament de les seves dades i (v) sol\u00b7licitar-ne la portabilitat. Els Participants poden exercir tots aquests drets en la seg\u00fcent adre\u00e7a de correu electr\u00f2nic NOMAD COFFEE SL indicant, el motiu de la seva sol\u00b7licitud. Els Participants poden tamb\u00e9, enviar la seva sol\u00b7licitud per correu ordinari a la seg\u00fcent adre\u00e7a: NOMAD COFFEE SL. Sense perjudici de qualsevol altre recurs administratiu o acci\u00f3 judicial, el Participant tindr\u00e0 dret a presentar una reclamaci\u00f3 davant una Autoritat de Control, en particular a l&#8217;Estat membre en el qual tingui la seva resid\u00e8ncia habitual, lloc de treball o lloc de la suposada infracci\u00f3, en cas que consideri que el tractament de les seves dades personals no \u00e9s adequat a la normativa, ix\u00ed com en el cas de no veure satisfet l&#8217;exercici dels seus drets.<br \/>\nL&#8217;Autoritat de Control davant de la qual s&#8217;hagi presentat la reclamaci\u00f3 informar\u00e0 al reclamant sobre el curs i el resultat de la reclamaci\u00f3.<br \/>\nPer a m\u00e9s informaci\u00f3, pots consultar la pol\u00edtica de privacitat de NOMAD COFFEE SL a trav\u00e9s de l&#8217;enlla\u00e7 seg\u00fcent: link.<\/p>\n<p>10.- CANVIS<br \/>\nEns reservem el dret de modificar o ampliar aquestes bases promocionals, en la mesura que no perjudiqui o minvi els drets dels participants en la Promoci\u00f3.<\/p>\n<p>11.- LEGISLACI\u00d3 APLICABLE I JURISDICCI\u00d3<br \/>\nAquestes bases legals es regiran de conformitat amb la llei espanyola. Seran competents per resoldre qualsevol reclamaci\u00f3 o controv\u00e8rsia que pogu\u00e9s plantejar-se en relaci\u00f3 amb la validesa, interpretaci\u00f3 o compliment d&#8217;aquestes bases els Jutjats i Tribunals de la ciutat del Participant.<\/p>\n<\/div>\n","protected":false},"excerpt":{"rendered":"<p>&nbsp; El present Av\u00eds Legal regula les condicions generals d&#8217;acc\u00e9s i utilitzaci\u00f3 del lloc web accessible en l&#8217;adre\u00e7a URL http:\/\/nomadcoffee.es [&hellip;]<\/p>\n","protected":false},"author":5,"featured_media":0,"parent":0,"menu_order":0,"comment_status":"closed","ping_status":"closed","template":"page-legales.php","meta":{"footnotes":""},"acf":[],"yoast_head":"<!-- This site is optimized with the Yoast SEO plugin v22.6 - https:\/\/yoast.com\/wordpress\/plugins\/seo\/ -->\n<title>Avisos Legals - NOMAD<\/title>\n<meta name=\"robots\" content=\"noindex, nofollow\" \/>\n<meta property=\"og:locale\" content=\"ca_ES\" \/>\n<meta property=\"og:type\" content=\"article\" \/>\n<meta property=\"og:title\" content=\"Avisos Legals - NOMAD\" \/>\n<meta property=\"og:description\" content=\"&nbsp; El present Av\u00eds Legal regula les condicions generals d&#8217;acc\u00e9s i utilitzaci\u00f3 del lloc web accessible en l&#8217;adre\u00e7a URL http:\/\/nomadcoffee.es [&hellip;]\" \/>\n<meta property=\"og:url\" content=\"https:\/\/subs.nomadcoffee.es\/ca\/avisos-legals\/\" \/>\n<meta property=\"og:site_name\" content=\"NOMAD\" \/>\n<meta property=\"article:modified_time\" content=\"2023-11-16T10:04:59+00:00\" \/>\n<meta name=\"twitter:card\" content=\"summary_large_image\" \/>\n<meta name=\"twitter:label1\" content=\"Temps estimat de lectura\" \/>\n\t<meta name=\"twitter:data1\" content=\"13 minuts\" \/>\n<script type=\"application\/ld+json\" class=\"yoast-schema-graph\">{\"@context\":\"https:\/\/schema.org\",\"@graph\":[{\"@type\":\"WebPage\",\"@id\":\"https:\/\/subs.nomadcoffee.es\/ca\/avisos-legals\/\",\"url\":\"https:\/\/subs.nomadcoffee.es\/ca\/avisos-legals\/\",\"name\":\"Avisos Legals - NOMAD\",\"isPartOf\":{\"@id\":\"https:\/\/subs.nomadcoffee.es\/ca\/#website\"},\"datePublished\":\"2018-10-30T15:11:06+00:00\",\"dateModified\":\"2023-11-16T10:04:59+00:00\",\"breadcrumb\":{\"@id\":\"https:\/\/subs.nomadcoffee.es\/ca\/avisos-legals\/#breadcrumb\"},\"inLanguage\":\"ca\",\"potentialAction\":[{\"@type\":\"ReadAction\",\"target\":[\"https:\/\/subs.nomadcoffee.es\/ca\/avisos-legals\/\"]}]},{\"@type\":\"BreadcrumbList\",\"@id\":\"https:\/\/subs.nomadcoffee.es\/ca\/avisos-legals\/#breadcrumb\",\"itemListElement\":[{\"@type\":\"ListItem\",\"position\":1,\"name\":\"Portada\",\"item\":\"https:\/\/subs.nomadcoffee.es\/ca\/\"},{\"@type\":\"ListItem\",\"position\":2,\"name\":\"Avisos Legals\"}]},{\"@type\":\"WebSite\",\"@id\":\"https:\/\/subs.nomadcoffee.es\/ca\/#website\",\"url\":\"https:\/\/subs.nomadcoffee.es\/ca\/\",\"name\":\"Nomad Coffee\",\"description\":\"Caf\u00e9 de origen, tostado en Barcelona\",\"publisher\":{\"@id\":\"https:\/\/subs.nomadcoffee.es\/ca\/#organization\"},\"alternateName\":\"Nomad Coffee\",\"potentialAction\":[{\"@type\":\"SearchAction\",\"target\":{\"@type\":\"EntryPoint\",\"urlTemplate\":\"https:\/\/subs.nomadcoffee.es\/ca\/?s={search_term_string}\"},\"query-input\":\"required name=search_term_string\"}],\"inLanguage\":\"ca\"},{\"@type\":\"Organization\",\"@id\":\"https:\/\/subs.nomadcoffee.es\/ca\/#organization\",\"name\":\"Nomad Coffee\",\"alternateName\":\"Nomad Coffee\",\"url\":\"https:\/\/subs.nomadcoffee.es\/ca\/\",\"logo\":{\"@type\":\"ImageObject\",\"inLanguage\":\"ca\",\"@id\":\"https:\/\/subs.nomadcoffee.es\/ca\/#\/schema\/logo\/image\/\",\"url\":\"https:\/\/nomadcoffee.es\/wp-content\/uploads\/2023\/05\/logo-Nomad.jpg\",\"contentUrl\":\"https:\/\/nomadcoffee.es\/wp-content\/uploads\/2023\/05\/logo-Nomad.jpg\",\"width\":200,\"height\":200,\"caption\":\"Nomad Coffee\"},\"image\":{\"@id\":\"https:\/\/subs.nomadcoffee.es\/ca\/#\/schema\/logo\/image\/\"}}]}<\/script>\n<!-- \/ Yoast SEO plugin. -->","yoast_head_json":{"title":"Avisos Legals - NOMAD","robots":{"index":"noindex","follow":"nofollow"},"og_locale":"ca_ES","og_type":"article","og_title":"Avisos Legals - NOMAD","og_description":"&nbsp; El present Av\u00eds Legal regula les condicions generals d&#8217;acc\u00e9s i utilitzaci\u00f3 del lloc web accessible en l&#8217;adre\u00e7a URL http:\/\/nomadcoffee.es [&hellip;]","og_url":"https:\/\/subs.nomadcoffee.es\/ca\/avisos-legals\/","og_site_name":"NOMAD","article_modified_time":"2023-11-16T10:04:59+00:00","twitter_card":"summary_large_image","twitter_misc":{"Temps estimat de lectura":"13 minuts"},"schema":{"@context":"https:\/\/schema.org","@graph":[{"@type":"WebPage","@id":"https:\/\/subs.nomadcoffee.es\/ca\/avisos-legals\/","url":"https:\/\/subs.nomadcoffee.es\/ca\/avisos-legals\/","name":"Avisos Legals - NOMAD","isPartOf":{"@id":"https:\/\/subs.nomadcoffee.es\/ca\/#website"},"datePublished":"2018-10-30T15:11:06+00:00","dateModified":"2023-11-16T10:04:59+00:00","breadcrumb":{"@id":"https:\/\/subs.nomadcoffee.es\/ca\/avisos-legals\/#breadcrumb"},"inLanguage":"ca","potentialAction":[{"@type":"ReadAction","target":["https:\/\/subs.nomadcoffee.es\/ca\/avisos-legals\/"]}]},{"@type":"BreadcrumbList","@id":"https:\/\/subs.nomadcoffee.es\/ca\/avisos-legals\/#breadcrumb","itemListElement":[{"@type":"ListItem","position":1,"name":"Portada","item":"https:\/\/subs.nomadcoffee.es\/ca\/"},{"@type":"ListItem","position":2,"name":"Avisos Legals"}]},{"@type":"WebSite","@id":"https:\/\/subs.nomadcoffee.es\/ca\/#website","url":"https:\/\/subs.nomadcoffee.es\/ca\/","name":"Nomad Coffee","description":"Caf\u00e9 de origen, tostado en Barcelona","publisher":{"@id":"https:\/\/subs.nomadcoffee.es\/ca\/#organization"},"alternateName":"Nomad Coffee","potentialAction":[{"@type":"SearchAction","target":{"@type":"EntryPoint","urlTemplate":"https:\/\/subs.nomadcoffee.es\/ca\/?s={search_term_string}"},"query-input":"required name=search_term_string"}],"inLanguage":"ca"},{"@type":"Organization","@id":"https:\/\/subs.nomadcoffee.es\/ca\/#organization","name":"Nomad Coffee","alternateName":"Nomad Coffee","url":"https:\/\/subs.nomadcoffee.es\/ca\/","logo":{"@type":"ImageObject","inLanguage":"ca","@id":"https:\/\/subs.nomadcoffee.es\/ca\/#\/schema\/logo\/image\/","url":"https:\/\/nomadcoffee.es\/wp-content\/uploads\/2023\/05\/logo-Nomad.jpg","contentUrl":"https:\/\/nomadcoffee.es\/wp-content\/uploads\/2023\/05\/logo-Nomad.jpg","width":200,"height":200,"caption":"Nomad Coffee"},"image":{"@id":"https:\/\/subs.nomadcoffee.es\/ca\/#\/schema\/logo\/image\/"}}]}},"_links":{"self":[{"href":"https:\/\/subs.nomadcoffee.es\/ca\/wp-json\/wp\/v2\/pages\/14462"}],"collection":[{"href":"https:\/\/subs.nomadcoffee.es\/ca\/wp-json\/wp\/v2\/pages"}],"about":[{"href":"https:\/\/subs.nomadcoffee.es\/ca\/wp-json\/wp\/v2\/types\/page"}],"author":[{"embeddable":true,"href":"https:\/\/subs.nomadcoffee.es\/ca\/wp-json\/wp\/v2\/users\/5"}],"replies":[{"embeddable":true,"href":"https:\/\/subs.nomadcoffee.es\/ca\/wp-json\/wp\/v2\/comments?post=14462"}],"version-history":[{"count":8,"href":"https:\/\/subs.nomadcoffee.es\/ca\/wp-json\/wp\/v2\/pages\/14462\/revisions"}],"predecessor-version":[{"id":88150,"href":"https:\/\/subs.nomadcoffee.es\/ca\/wp-json\/wp\/v2\/pages\/14462\/revisions\/88150"}],"wp:attachment":[{"href":"https:\/\/subs.nomadcoffee.es\/ca\/wp-json\/wp\/v2\/media?parent=14462"}],"curies":[{"name":"wp","href":"https:\/\/api.w.org\/{rel}","templated":true}]}}