{"id":14464,"date":"2018-01-08T08:29:40","date_gmt":"2018-01-08T07:29:40","guid":{"rendered":"http:\/\/nomadcoffee.es\/coffeeshops\/"},"modified":"2021-04-22T14:14:23","modified_gmt":"2021-04-22T12:14:23","slug":"embaixadors-mon-cafeteries-col%c2%b7labordors","status":"publish","type":"page","link":"https:\/\/subs.nomadcoffee.es\/ca\/embaixadors-mon-cafeteries-col%c2%b7labordors\/","title":{"rendered":"Coffeeshops"},"content":{"rendered":"<p>Orgullosos de mostrar-vos els nostres ambaixadors o col\u00b7laboradors a tot el m\u00f3n.<\/p>\n<p>Tot i considerar-nos torradores locals i estar molt dedicats a les cafeteries de Barcelona, hem aconseguit establir lla\u00e7os de col\u00b7laboraci\u00f3 amb cafeteries de tot el m\u00f3n.<\/p>\n<p>Cafater\u00edas que per a nosaltres s\u00f3n la prolongaci\u00f3 del nostre treball de recerca de caf\u00e8 verd en or\u00edgen, tracte directe amb productors, estudi de el torrat de caf\u00e8 i molta cura perqu\u00e8 resultin caf\u00e8s realment sorprenents per als nostres i els vostres clients.<\/p>\n<p>L&#8217;\u00faltim pas de tot aquest treball \u00e9s establir una relaci\u00f3 molt directa i col\u00b7laborativa amb els cients que confien en Nomad. Setmana rere setmana treballem conjuntament per aconseguir els millors resultats amb els nostres caf\u00e8s.<\/p>\n<p>Si et trobes en qualsevol part de l&#8217;Globus potser ets a prop d&#8217;una gran cafeteria, aqu\u00ed van algunes d&#8217;elles.<\/p>\n<p>The Nomad team.<\/p>\n<p>&nbsp;<\/p>\n","protected":false},"excerpt":{"rendered":"<p>Orgullosos de mostrar-vos els nostres ambaixadors o col\u00b7laboradors a tot el m\u00f3n. Tot i considerar-nos torradores locals i estar molt [&hellip;]<\/p>\n","protected":false},"author":5,"featured_media":0,"parent":0,"menu_order":0,"comment_status":"closed","ping_status":"closed","template":"page-coffeeshops.php","meta":{"footnotes":""},"acf":[],"yoast_head":"<!-- This site is optimized with the Yoast SEO plugin v22.6 - https:\/\/yoast.com\/wordpress\/plugins\/seo\/ -->\n<title>Embaixadors - Col\u00b7laboradors - Coffeeshops - NOMAD COFFEE<\/title>\n<meta name=\"description\" content=\"Orgullosos dels nostres ambaixadors o col\u00b7laboradors a tot arreu del m\u00f3n. Cafeter\u00edes que per nosaltres son la propagaci\u00f3 del nostre treball.\" \/>\n<meta name=\"robots\" content=\"noindex, nofollow\" \/>\n<meta property=\"og:locale\" content=\"ca_ES\" \/>\n<meta property=\"og:type\" content=\"article\" \/>\n<meta property=\"og:title\" content=\"Embaixadors - Col\u00b7laboradors - Coffeeshops - NOMAD COFFEE\" \/>\n<meta property=\"og:description\" content=\"Orgullosos dels nostres ambaixadors o col\u00b7laboradors a tot arreu del m\u00f3n. Cafeter\u00edes que per nosaltres son la propagaci\u00f3 del nostre treball.\" \/>\n<meta property=\"og:url\" content=\"https:\/\/subs.nomadcoffee.es\/ca\/embaixadors-mon-cafeteries-col%c2%b7labordors\/\" \/>\n<meta property=\"og:site_name\" content=\"NOMAD\" \/>\n<meta property=\"article:modified_time\" content=\"2021-04-22T12:14:23+00:00\" \/>\n<meta name=\"twitter:card\" content=\"summary_large_image\" \/>\n<meta name=\"twitter:label1\" content=\"Temps estimat de lectura\" \/>\n\t<meta name=\"twitter:data1\" content=\"1 minut\" \/>\n<script type=\"application\/ld+json\" class=\"yoast-schema-graph\">{\"@context\":\"https:\/\/schema.org\",\"@graph\":[{\"@type\":\"WebPage\",\"@id\":\"https:\/\/subs.nomadcoffee.es\/ca\/embaixadors-mon-cafeteries-col%c2%b7labordors\/\",\"url\":\"https:\/\/subs.nomadcoffee.es\/ca\/embaixadors-mon-cafeteries-col%c2%b7labordors\/\",\"name\":\"Embaixadors - Col\u00b7laboradors - Coffeeshops - NOMAD COFFEE\",\"isPartOf\":{\"@id\":\"https:\/\/subs.nomadcoffee.es\/ca\/#website\"},\"datePublished\":\"2018-01-08T07:29:40+00:00\",\"dateModified\":\"2021-04-22T12:14:23+00:00\",\"description\":\"Orgullosos dels nostres ambaixadors o col\u00b7laboradors a tot arreu del m\u00f3n. Cafeter\u00edes que per nosaltres son la propagaci\u00f3 del nostre treball.\",\"breadcrumb\":{\"@id\":\"https:\/\/subs.nomadcoffee.es\/ca\/embaixadors-mon-cafeteries-col%c2%b7labordors\/#breadcrumb\"},\"inLanguage\":\"ca\",\"potentialAction\":[{\"@type\":\"ReadAction\",\"target\":[\"https:\/\/subs.nomadcoffee.es\/ca\/embaixadors-mon-cafeteries-col%c2%b7labordors\/\"]}]},{\"@type\":\"BreadcrumbList\",\"@id\":\"https:\/\/subs.nomadcoffee.es\/ca\/embaixadors-mon-cafeteries-col%c2%b7labordors\/#breadcrumb\",\"itemListElement\":[{\"@type\":\"ListItem\",\"position\":1,\"name\":\"Portada\",\"item\":\"https:\/\/subs.nomadcoffee.es\/ca\/\"},{\"@type\":\"ListItem\",\"position\":2,\"name\":\"Coffeeshops\"}]},{\"@type\":\"WebSite\",\"@id\":\"https:\/\/subs.nomadcoffee.es\/ca\/#website\",\"url\":\"https:\/\/subs.nomadcoffee.es\/ca\/\",\"name\":\"Nomad Coffee\",\"description\":\"Caf\u00e9 de origen, tostado en Barcelona\",\"publisher\":{\"@id\":\"https:\/\/subs.nomadcoffee.es\/ca\/#organization\"},\"alternateName\":\"Nomad Coffee\",\"potentialAction\":[{\"@type\":\"SearchAction\",\"target\":{\"@type\":\"EntryPoint\",\"urlTemplate\":\"https:\/\/subs.nomadcoffee.es\/ca\/?s={search_term_string}\"},\"query-input\":\"required name=search_term_string\"}],\"inLanguage\":\"ca\"},{\"@type\":\"Organization\",\"@id\":\"https:\/\/subs.nomadcoffee.es\/ca\/#organization\",\"name\":\"Nomad Coffee\",\"alternateName\":\"Nomad Coffee\",\"url\":\"https:\/\/subs.nomadcoffee.es\/ca\/\",\"logo\":{\"@type\":\"ImageObject\",\"inLanguage\":\"ca\",\"@id\":\"https:\/\/subs.nomadcoffee.es\/ca\/#\/schema\/logo\/image\/\",\"url\":\"https:\/\/nomadcoffee.es\/wp-content\/uploads\/2023\/05\/logo-Nomad.jpg\",\"contentUrl\":\"https:\/\/nomadcoffee.es\/wp-content\/uploads\/2023\/05\/logo-Nomad.jpg\",\"width\":200,\"height\":200,\"caption\":\"Nomad Coffee\"},\"image\":{\"@id\":\"https:\/\/subs.nomadcoffee.es\/ca\/#\/schema\/logo\/image\/\"}}]}<\/script>\n<!-- \/ Yoast SEO plugin. -->","yoast_head_json":{"title":"Embaixadors - Col\u00b7laboradors - Coffeeshops - NOMAD COFFEE","description":"Orgullosos dels nostres ambaixadors o col\u00b7laboradors a tot arreu del m\u00f3n. Cafeter\u00edes que per nosaltres son la propagaci\u00f3 del nostre treball.","robots":{"index":"noindex","follow":"nofollow"},"og_locale":"ca_ES","og_type":"article","og_title":"Embaixadors - Col\u00b7laboradors - Coffeeshops - NOMAD COFFEE","og_description":"Orgullosos dels nostres ambaixadors o col\u00b7laboradors a tot arreu del m\u00f3n. Cafeter\u00edes que per nosaltres son la propagaci\u00f3 del nostre treball.","og_url":"https:\/\/subs.nomadcoffee.es\/ca\/embaixadors-mon-cafeteries-col%c2%b7labordors\/","og_site_name":"NOMAD","article_modified_time":"2021-04-22T12:14:23+00:00","twitter_card":"summary_large_image","twitter_misc":{"Temps estimat de lectura":"1 minut"},"schema":{"@context":"https:\/\/schema.org","@graph":[{"@type":"WebPage","@id":"https:\/\/subs.nomadcoffee.es\/ca\/embaixadors-mon-cafeteries-col%c2%b7labordors\/","url":"https:\/\/subs.nomadcoffee.es\/ca\/embaixadors-mon-cafeteries-col%c2%b7labordors\/","name":"Embaixadors - Col\u00b7laboradors - Coffeeshops - NOMAD COFFEE","isPartOf":{"@id":"https:\/\/subs.nomadcoffee.es\/ca\/#website"},"datePublished":"2018-01-08T07:29:40+00:00","dateModified":"2021-04-22T12:14:23+00:00","description":"Orgullosos dels nostres ambaixadors o col\u00b7laboradors a tot arreu del m\u00f3n. Cafeter\u00edes que per nosaltres son la propagaci\u00f3 del nostre treball.","breadcrumb":{"@id":"https:\/\/subs.nomadcoffee.es\/ca\/embaixadors-mon-cafeteries-col%c2%b7labordors\/#breadcrumb"},"inLanguage":"ca","potentialAction":[{"@type":"ReadAction","target":["https:\/\/subs.nomadcoffee.es\/ca\/embaixadors-mon-cafeteries-col%c2%b7labordors\/"]}]},{"@type":"BreadcrumbList","@id":"https:\/\/subs.nomadcoffee.es\/ca\/embaixadors-mon-cafeteries-col%c2%b7labordors\/#breadcrumb","itemListElement":[{"@type":"ListItem","position":1,"name":"Portada","item":"https:\/\/subs.nomadcoffee.es\/ca\/"},{"@type":"ListItem","position":2,"name":"Coffeeshops"}]},{"@type":"WebSite","@id":"https:\/\/subs.nomadcoffee.es\/ca\/#website","url":"https:\/\/subs.nomadcoffee.es\/ca\/","name":"Nomad Coffee","description":"Caf\u00e9 de origen, tostado en Barcelona","publisher":{"@id":"https:\/\/subs.nomadcoffee.es\/ca\/#organization"},"alternateName":"Nomad Coffee","potentialAction":[{"@type":"SearchAction","target":{"@type":"EntryPoint","urlTemplate":"https:\/\/subs.nomadcoffee.es\/ca\/?s={search_term_string}"},"query-input":"required name=search_term_string"}],"inLanguage":"ca"},{"@type":"Organization","@id":"https:\/\/subs.nomadcoffee.es\/ca\/#organization","name":"Nomad Coffee","alternateName":"Nomad Coffee","url":"https:\/\/subs.nomadcoffee.es\/ca\/","logo":{"@type":"ImageObject","inLanguage":"ca","@id":"https:\/\/subs.nomadcoffee.es\/ca\/#\/schema\/logo\/image\/","url":"https:\/\/nomadcoffee.es\/wp-content\/uploads\/2023\/05\/logo-Nomad.jpg","contentUrl":"https:\/\/nomadcoffee.es\/wp-content\/uploads\/2023\/05\/logo-Nomad.jpg","width":200,"height":200,"caption":"Nomad Coffee"},"image":{"@id":"https:\/\/subs.nomadcoffee.es\/ca\/#\/schema\/logo\/image\/"}}]}},"_links":{"self":[{"href":"https:\/\/subs.nomadcoffee.es\/ca\/wp-json\/wp\/v2\/pages\/14464"}],"collection":[{"href":"https:\/\/subs.nomadcoffee.es\/ca\/wp-json\/wp\/v2\/pages"}],"about":[{"href":"https:\/\/subs.nomadcoffee.es\/ca\/wp-json\/wp\/v2\/types\/page"}],"author":[{"embeddable":true,"href":"https:\/\/subs.nomadcoffee.es\/ca\/wp-json\/wp\/v2\/users\/5"}],"replies":[{"embeddable":true,"href":"https:\/\/subs.nomadcoffee.es\/ca\/wp-json\/wp\/v2\/comments?post=14464"}],"version-history":[{"count":6,"href":"https:\/\/subs.nomadcoffee.es\/ca\/wp-json\/wp\/v2\/pages\/14464\/revisions"}],"predecessor-version":[{"id":50520,"href":"https:\/\/subs.nomadcoffee.es\/ca\/wp-json\/wp\/v2\/pages\/14464\/revisions\/50520"}],"wp:attachment":[{"href":"https:\/\/subs.nomadcoffee.es\/ca\/wp-json\/wp\/v2\/media?parent=14464"}],"curies":[{"name":"wp","href":"https:\/\/api.w.org\/{rel}","templated":true}]}}