{"id":14780,"date":"2016-09-07T14:13:21","date_gmt":"2016-09-07T12:13:21","guid":{"rendered":"http:\/\/nomadcoffee.es\/politica-de-devoluciones\/"},"modified":"2023-04-27T14:00:13","modified_gmt":"2023-04-27T12:00:13","slug":"politica-de-devolucions-i-cancelacions","status":"publish","type":"page","link":"https:\/\/subs.nomadcoffee.es\/ca\/politica-de-devolucions-i-cancelacions\/","title":{"rendered":"Politica de devolucions i cancelacions"},"content":{"rendered":"<p>Torrem el caf\u00e8 cada setmana i \u00e9s un producte fresc amb poc temps de consumici\u00f3. La frescor i qualitat del nostre caf\u00e8 \u00e9s molt important per als nostres clients i per aix\u00f2 quan ja hem venut i manat el caf\u00e8 a un client i per qualsevol ra\u00f3 se&#8217;ns torna, no podem tornar a vendre-ho.<\/p>\n<p><strong>Per sol\u00b7licitar una devoluci\u00f3 o canvi del producte seran necess\u00e0ries imatges de:<\/strong><\/p>\n<ul>\n<li>Etiqueta de l&#8217;empresa d&#8217;enviaments<\/li>\n<li>Caixa on va arribar el producte<\/li>\n<li>El o els productes que hagin de ser retornats o canviats<\/li>\n<\/ul>\n<p>En cas de no poder facilitar aquestes imatges no podrem procedir a realitzar cap canvi ni devoluci\u00f3. Per a les devolucions es poden fer mitjan\u00e7ant la creaci\u00f3 d&#8217;un cup\u00f3 per utilitzar dins de la web de nomadcoffee.es, devoluci\u00f3 en met\u00e0l\u00b7lic al mateix m\u00e8tode de pagament utilitzat per a realitzar la comanda o b\u00e9 enviant de nou el producte*.<\/p>\n<p><strong>Fem devolucions en els seg\u00fcents casos:<\/strong><\/p>\n<ul>\n<li>Error amb la comanda per part de Nomad<\/li>\n<li>El client no rep el paquet per error de l&#8217;empresa d&#8217;enviaments<\/li>\n<li>El client rep un producte (no caf\u00e8) i no era el que esperava. En aquest cas ens ocuparem de realitzar la recollida i el client haur\u00e0 de fer-se responsable de el cost de l&#8217;enviament. Aquest cost es reduir\u00e0 de l&#8217;import a retornar de l&#8217;producte no desitjat. Aquesta devoluci\u00f3 ser\u00e0 realitzada un cop rebut el producte a les nostres instal \u00b7 lacions havent comprovat que est\u00e0 en perfectes condicions.<\/li>\n<\/ul>\n<p style=\"text-align: center;\"><strong>PER A DEVOLUCIONS FORA DEL TERRITORI NACIONAL PENINSULAR SERAN COBRADES LES DESPESES D&#8217;ENVIAMENT.<\/strong><\/p>\n<p><strong>Per als casos no fem devolucions:<\/strong><\/p>\n<ul>\n<li>Si el caf\u00e8 \/ producte est\u00e0 en bon estat i el client ja no el vol per qualsevol ra\u00f3.<\/li>\n<li>Per abs\u00e8ncia en l&#8217;hora de lliurament de l&#8217;paquet (l&#8217;empresa d&#8217;enviaments ens torna el paquet si el client final no ha pogut rebre el paquet. L&#8217;empresa d&#8217;enviaments crida a el client, envia un SMS i \/ o envia un correu electr\u00f2nic a el client per quedar en una hora concreta. Si l&#8217;empresa d&#8217;enviaments no pot contactar amb el client, Nomad no es responsabilitza).<\/li>\n<li>Si el paquet est\u00e0 termosegellat per\u00f2 per alguna ra\u00f3 el zip interior est\u00e0 obert.<\/li>\n<li>Altres casos on no va ser error per part de Nomad Coffee ni de l&#8217;empresa d&#8217;enviaments.<\/li>\n<\/ul>\n<p style=\"text-align: center;\"><strong>CANCEL\u00b7LACIONS I CANVIS EN CURSOS<\/strong><\/p>\n<p>Si avises amb m\u00e9s de 7 dies abans del curs: es podr\u00e0s tornar a agendar o hi haur\u00e0 una devoluci\u00f3 total del curs.<br \/>\nSi avises entre 7 dies i 48 hrs abans del curs: es podr\u00e0s tornar a agendar o hi haur\u00e0 una devoluci\u00f3 del 50% del valor total del curs.<br \/>\nSi avises amb menys de 48 hrs abans del curs: no hi haur\u00e0 possibilitat de tornar a agendar ni es retornar\u00e0 l&#8217;import.<\/p>\n<p>*subjecte a disponibilitat d&#8217;estoc.<\/p>\n","protected":false},"excerpt":{"rendered":"<p>Torrem el caf\u00e8 cada setmana i \u00e9s un producte fresc amb poc temps de consumici\u00f3. La frescor i qualitat del [&hellip;]<\/p>\n","protected":false},"author":5,"featured_media":0,"parent":0,"menu_order":0,"comment_status":"closed","ping_status":"closed","template":"page-legales.php","meta":{"footnotes":""},"acf":[],"yoast_head":"<!-- This site is optimized with the Yoast SEO plugin v22.6 - https:\/\/yoast.com\/wordpress\/plugins\/seo\/ -->\n<title>Politica de devolucions i cancelacions - NOMAD<\/title>\n<meta name=\"description\" content=\"Tens cap problema amb un dels paquets? Has rebut una bossa trancada? Aqu\u00ed trobar\u00e1s la info necesaria per les devolucions.\" \/>\n<meta name=\"robots\" content=\"noindex, nofollow\" \/>\n<meta property=\"og:locale\" content=\"ca_ES\" \/>\n<meta property=\"og:type\" content=\"article\" \/>\n<meta property=\"og:title\" content=\"Politica de devolucions i cancelacions - NOMAD\" \/>\n<meta property=\"og:description\" content=\"Tens cap problema amb un dels paquets? Has rebut una bossa trancada? Aqu\u00ed trobar\u00e1s la info necesaria per les devolucions.\" \/>\n<meta property=\"og:url\" content=\"https:\/\/subs.nomadcoffee.es\/ca\/politica-de-devolucions-i-cancelacions\/\" \/>\n<meta property=\"og:site_name\" content=\"NOMAD\" \/>\n<meta property=\"article:modified_time\" content=\"2023-04-27T12:00:13+00:00\" \/>\n<meta name=\"twitter:card\" content=\"summary_large_image\" \/>\n<meta name=\"twitter:label1\" content=\"Temps estimat de lectura\" \/>\n\t<meta name=\"twitter:data1\" content=\"3 minuts\" \/>\n<script type=\"application\/ld+json\" class=\"yoast-schema-graph\">{\"@context\":\"https:\/\/schema.org\",\"@graph\":[{\"@type\":\"WebPage\",\"@id\":\"https:\/\/subs.nomadcoffee.es\/ca\/politica-de-devolucions-i-cancelacions\/\",\"url\":\"https:\/\/subs.nomadcoffee.es\/ca\/politica-de-devolucions-i-cancelacions\/\",\"name\":\"Politica de devolucions i cancelacions - NOMAD\",\"isPartOf\":{\"@id\":\"https:\/\/subs.nomadcoffee.es\/ca\/#website\"},\"datePublished\":\"2016-09-07T12:13:21+00:00\",\"dateModified\":\"2023-04-27T12:00:13+00:00\",\"description\":\"Tens cap problema amb un dels paquets? Has rebut una bossa trancada? Aqu\u00ed trobar\u00e1s la info necesaria per les devolucions.\",\"breadcrumb\":{\"@id\":\"https:\/\/subs.nomadcoffee.es\/ca\/politica-de-devolucions-i-cancelacions\/#breadcrumb\"},\"inLanguage\":\"ca\",\"potentialAction\":[{\"@type\":\"ReadAction\",\"target\":[\"https:\/\/subs.nomadcoffee.es\/ca\/politica-de-devolucions-i-cancelacions\/\"]}]},{\"@type\":\"BreadcrumbList\",\"@id\":\"https:\/\/subs.nomadcoffee.es\/ca\/politica-de-devolucions-i-cancelacions\/#breadcrumb\",\"itemListElement\":[{\"@type\":\"ListItem\",\"position\":1,\"name\":\"Portada\",\"item\":\"https:\/\/subs.nomadcoffee.es\/ca\/\"},{\"@type\":\"ListItem\",\"position\":2,\"name\":\"Politica de devolucions i cancelacions\"}]},{\"@type\":\"WebSite\",\"@id\":\"https:\/\/subs.nomadcoffee.es\/ca\/#website\",\"url\":\"https:\/\/subs.nomadcoffee.es\/ca\/\",\"name\":\"Nomad Coffee\",\"description\":\"Caf\u00e9 de origen, tostado en Barcelona\",\"publisher\":{\"@id\":\"https:\/\/subs.nomadcoffee.es\/ca\/#organization\"},\"alternateName\":\"Nomad Coffee\",\"potentialAction\":[{\"@type\":\"SearchAction\",\"target\":{\"@type\":\"EntryPoint\",\"urlTemplate\":\"https:\/\/subs.nomadcoffee.es\/ca\/?s={search_term_string}\"},\"query-input\":\"required name=search_term_string\"}],\"inLanguage\":\"ca\"},{\"@type\":\"Organization\",\"@id\":\"https:\/\/subs.nomadcoffee.es\/ca\/#organization\",\"name\":\"Nomad Coffee\",\"alternateName\":\"Nomad Coffee\",\"url\":\"https:\/\/subs.nomadcoffee.es\/ca\/\",\"logo\":{\"@type\":\"ImageObject\",\"inLanguage\":\"ca\",\"@id\":\"https:\/\/subs.nomadcoffee.es\/ca\/#\/schema\/logo\/image\/\",\"url\":\"https:\/\/nomadcoffee.es\/wp-content\/uploads\/2023\/05\/logo-Nomad.jpg\",\"contentUrl\":\"https:\/\/nomadcoffee.es\/wp-content\/uploads\/2023\/05\/logo-Nomad.jpg\",\"width\":200,\"height\":200,\"caption\":\"Nomad Coffee\"},\"image\":{\"@id\":\"https:\/\/subs.nomadcoffee.es\/ca\/#\/schema\/logo\/image\/\"}}]}<\/script>\n<!-- \/ Yoast SEO plugin. -->","yoast_head_json":{"title":"Politica de devolucions i cancelacions - NOMAD","description":"Tens cap problema amb un dels paquets? Has rebut una bossa trancada? Aqu\u00ed trobar\u00e1s la info necesaria per les devolucions.","robots":{"index":"noindex","follow":"nofollow"},"og_locale":"ca_ES","og_type":"article","og_title":"Politica de devolucions i cancelacions - NOMAD","og_description":"Tens cap problema amb un dels paquets? Has rebut una bossa trancada? Aqu\u00ed trobar\u00e1s la info necesaria per les devolucions.","og_url":"https:\/\/subs.nomadcoffee.es\/ca\/politica-de-devolucions-i-cancelacions\/","og_site_name":"NOMAD","article_modified_time":"2023-04-27T12:00:13+00:00","twitter_card":"summary_large_image","twitter_misc":{"Temps estimat de lectura":"3 minuts"},"schema":{"@context":"https:\/\/schema.org","@graph":[{"@type":"WebPage","@id":"https:\/\/subs.nomadcoffee.es\/ca\/politica-de-devolucions-i-cancelacions\/","url":"https:\/\/subs.nomadcoffee.es\/ca\/politica-de-devolucions-i-cancelacions\/","name":"Politica de devolucions i cancelacions - NOMAD","isPartOf":{"@id":"https:\/\/subs.nomadcoffee.es\/ca\/#website"},"datePublished":"2016-09-07T12:13:21+00:00","dateModified":"2023-04-27T12:00:13+00:00","description":"Tens cap problema amb un dels paquets? Has rebut una bossa trancada? Aqu\u00ed trobar\u00e1s la info necesaria per les devolucions.","breadcrumb":{"@id":"https:\/\/subs.nomadcoffee.es\/ca\/politica-de-devolucions-i-cancelacions\/#breadcrumb"},"inLanguage":"ca","potentialAction":[{"@type":"ReadAction","target":["https:\/\/subs.nomadcoffee.es\/ca\/politica-de-devolucions-i-cancelacions\/"]}]},{"@type":"BreadcrumbList","@id":"https:\/\/subs.nomadcoffee.es\/ca\/politica-de-devolucions-i-cancelacions\/#breadcrumb","itemListElement":[{"@type":"ListItem","position":1,"name":"Portada","item":"https:\/\/subs.nomadcoffee.es\/ca\/"},{"@type":"ListItem","position":2,"name":"Politica de devolucions i cancelacions"}]},{"@type":"WebSite","@id":"https:\/\/subs.nomadcoffee.es\/ca\/#website","url":"https:\/\/subs.nomadcoffee.es\/ca\/","name":"Nomad Coffee","description":"Caf\u00e9 de origen, tostado en Barcelona","publisher":{"@id":"https:\/\/subs.nomadcoffee.es\/ca\/#organization"},"alternateName":"Nomad Coffee","potentialAction":[{"@type":"SearchAction","target":{"@type":"EntryPoint","urlTemplate":"https:\/\/subs.nomadcoffee.es\/ca\/?s={search_term_string}"},"query-input":"required name=search_term_string"}],"inLanguage":"ca"},{"@type":"Organization","@id":"https:\/\/subs.nomadcoffee.es\/ca\/#organization","name":"Nomad Coffee","alternateName":"Nomad Coffee","url":"https:\/\/subs.nomadcoffee.es\/ca\/","logo":{"@type":"ImageObject","inLanguage":"ca","@id":"https:\/\/subs.nomadcoffee.es\/ca\/#\/schema\/logo\/image\/","url":"https:\/\/nomadcoffee.es\/wp-content\/uploads\/2023\/05\/logo-Nomad.jpg","contentUrl":"https:\/\/nomadcoffee.es\/wp-content\/uploads\/2023\/05\/logo-Nomad.jpg","width":200,"height":200,"caption":"Nomad Coffee"},"image":{"@id":"https:\/\/subs.nomadcoffee.es\/ca\/#\/schema\/logo\/image\/"}}]}},"_links":{"self":[{"href":"https:\/\/subs.nomadcoffee.es\/ca\/wp-json\/wp\/v2\/pages\/14780"}],"collection":[{"href":"https:\/\/subs.nomadcoffee.es\/ca\/wp-json\/wp\/v2\/pages"}],"about":[{"href":"https:\/\/subs.nomadcoffee.es\/ca\/wp-json\/wp\/v2\/types\/page"}],"author":[{"embeddable":true,"href":"https:\/\/subs.nomadcoffee.es\/ca\/wp-json\/wp\/v2\/users\/5"}],"replies":[{"embeddable":true,"href":"https:\/\/subs.nomadcoffee.es\/ca\/wp-json\/wp\/v2\/comments?post=14780"}],"version-history":[{"count":9,"href":"https:\/\/subs.nomadcoffee.es\/ca\/wp-json\/wp\/v2\/pages\/14780\/revisions"}],"predecessor-version":[{"id":80213,"href":"https:\/\/subs.nomadcoffee.es\/ca\/wp-json\/wp\/v2\/pages\/14780\/revisions\/80213"}],"wp:attachment":[{"href":"https:\/\/subs.nomadcoffee.es\/ca\/wp-json\/wp\/v2\/media?parent=14780"}],"curies":[{"name":"wp","href":"https:\/\/api.w.org\/{rel}","templated":true}]}}