{"id":49209,"date":"2020-04-07T17:01:26","date_gmt":"2020-04-07T15:01:26","guid":{"rendered":"https:\/\/nomadcoffee.es\/nosotros\/equipo\/"},"modified":"2023-09-19T14:43:31","modified_gmt":"2023-09-19T12:43:31","slug":"nomad-coffee-cafe-despecialitat","status":"publish","type":"page","link":"https:\/\/subs.nomadcoffee.es\/ca\/ens-coneixes-nomad-coffee\/nomad-coffee-cafe-despecialitat\/","title":{"rendered":"Equip"},"content":{"rendered":"","protected":false},"excerpt":{"rendered":"","protected":false},"author":5,"featured_media":0,"parent":14061,"menu_order":0,"comment_status":"closed","ping_status":"closed","template":"page-about-equipo.php","meta":{"footnotes":""},"acf":[],"yoast_head":"<!-- This site is optimized with the Yoast SEO plugin v22.6 - https:\/\/yoast.com\/wordpress\/plugins\/seo\/ -->\n<title>L&#039;Equip - NOMAD COFFEE - Aquests som nosaltres<\/title>\n<meta name=\"description\" content=\"Aquests som nosaltres, l&#039;equip de Nomad Coffee. Entre tots ens ajudem per apropar-te cada d\u00eda del caf\u00e9 d&#039;especialitat una mica m\u00e9s.\" \/>\n<meta name=\"robots\" content=\"noindex, follow, max-snippet:-1, max-image-preview:large, max-video-preview:-1\" \/>\n<meta property=\"og:locale\" content=\"ca_ES\" \/>\n<meta property=\"og:type\" content=\"article\" \/>\n<meta property=\"og:title\" content=\"L&#039;Equip - NOMAD COFFEE - Aquests som nosaltres\" \/>\n<meta property=\"og:description\" content=\"Aquests som nosaltres, l&#039;equip de Nomad Coffee. Entre tots ens ajudem per apropar-te cada d\u00eda del caf\u00e9 d&#039;especialitat una mica m\u00e9s.\" \/>\n<meta property=\"og:url\" content=\"https:\/\/subs.nomadcoffee.es\/ca\/ens-coneixes-nomad-coffee\/nomad-coffee-cafe-despecialitat\/\" \/>\n<meta property=\"og:site_name\" content=\"NOMAD\" \/>\n<meta property=\"article:modified_time\" content=\"2023-09-19T12:43:31+00:00\" \/>\n<meta name=\"twitter:card\" content=\"summary_large_image\" \/>\n<script type=\"application\/ld+json\" class=\"yoast-schema-graph\">{\"@context\":\"https:\/\/schema.org\",\"@graph\":[{\"@type\":\"WebPage\",\"@id\":\"https:\/\/subs.nomadcoffee.es\/ca\/ens-coneixes-nomad-coffee\/nomad-coffee-cafe-despecialitat\/\",\"url\":\"https:\/\/subs.nomadcoffee.es\/ca\/ens-coneixes-nomad-coffee\/nomad-coffee-cafe-despecialitat\/\",\"name\":\"L'Equip - NOMAD COFFEE - Aquests som nosaltres\",\"isPartOf\":{\"@id\":\"https:\/\/subs.nomadcoffee.es\/ca\/#website\"},\"datePublished\":\"2020-04-07T15:01:26+00:00\",\"dateModified\":\"2023-09-19T12:43:31+00:00\",\"description\":\"Aquests som nosaltres, l'equip de Nomad Coffee. Entre tots ens ajudem per apropar-te cada d\u00eda del caf\u00e9 d'especialitat una mica m\u00e9s.\",\"breadcrumb\":{\"@id\":\"https:\/\/subs.nomadcoffee.es\/ca\/ens-coneixes-nomad-coffee\/nomad-coffee-cafe-despecialitat\/#breadcrumb\"},\"inLanguage\":\"ca\",\"potentialAction\":[{\"@type\":\"ReadAction\",\"target\":[\"https:\/\/subs.nomadcoffee.es\/ca\/ens-coneixes-nomad-coffee\/nomad-coffee-cafe-despecialitat\/\"]}]},{\"@type\":\"BreadcrumbList\",\"@id\":\"https:\/\/subs.nomadcoffee.es\/ca\/ens-coneixes-nomad-coffee\/nomad-coffee-cafe-despecialitat\/#breadcrumb\",\"itemListElement\":[{\"@type\":\"ListItem\",\"position\":1,\"name\":\"Portada\",\"item\":\"https:\/\/subs.nomadcoffee.es\/ca\/\"},{\"@type\":\"ListItem\",\"position\":2,\"name\":\"Nosaltres\",\"item\":\"https:\/\/subs.nomadcoffee.es\/ca\/ens-coneixes-nomad-coffee\/\"},{\"@type\":\"ListItem\",\"position\":3,\"name\":\"Equip\"}]},{\"@type\":\"WebSite\",\"@id\":\"https:\/\/subs.nomadcoffee.es\/ca\/#website\",\"url\":\"https:\/\/subs.nomadcoffee.es\/ca\/\",\"name\":\"Nomad Coffee\",\"description\":\"Caf\u00e9 de origen, tostado en Barcelona\",\"publisher\":{\"@id\":\"https:\/\/subs.nomadcoffee.es\/ca\/#organization\"},\"alternateName\":\"Nomad Coffee\",\"potentialAction\":[{\"@type\":\"SearchAction\",\"target\":{\"@type\":\"EntryPoint\",\"urlTemplate\":\"https:\/\/subs.nomadcoffee.es\/ca\/?s={search_term_string}\"},\"query-input\":\"required name=search_term_string\"}],\"inLanguage\":\"ca\"},{\"@type\":\"Organization\",\"@id\":\"https:\/\/subs.nomadcoffee.es\/ca\/#organization\",\"name\":\"Nomad Coffee\",\"alternateName\":\"Nomad Coffee\",\"url\":\"https:\/\/subs.nomadcoffee.es\/ca\/\",\"logo\":{\"@type\":\"ImageObject\",\"inLanguage\":\"ca\",\"@id\":\"https:\/\/subs.nomadcoffee.es\/ca\/#\/schema\/logo\/image\/\",\"url\":\"https:\/\/nomadcoffee.es\/wp-content\/uploads\/2023\/05\/logo-Nomad.jpg\",\"contentUrl\":\"https:\/\/nomadcoffee.es\/wp-content\/uploads\/2023\/05\/logo-Nomad.jpg\",\"width\":200,\"height\":200,\"caption\":\"Nomad Coffee\"},\"image\":{\"@id\":\"https:\/\/subs.nomadcoffee.es\/ca\/#\/schema\/logo\/image\/\"}}]}<\/script>\n<!-- \/ Yoast SEO plugin. -->","yoast_head_json":{"title":"L'Equip - NOMAD COFFEE - Aquests som nosaltres","description":"Aquests som nosaltres, l'equip de Nomad Coffee. Entre tots ens ajudem per apropar-te cada d\u00eda del caf\u00e9 d'especialitat una mica m\u00e9s.","robots":{"index":"noindex","follow":"follow","max-snippet":"max-snippet:-1","max-image-preview":"max-image-preview:large","max-video-preview":"max-video-preview:-1"},"og_locale":"ca_ES","og_type":"article","og_title":"L'Equip - NOMAD COFFEE - Aquests som nosaltres","og_description":"Aquests som nosaltres, l'equip de Nomad Coffee. Entre tots ens ajudem per apropar-te cada d\u00eda del caf\u00e9 d'especialitat una mica m\u00e9s.","og_url":"https:\/\/subs.nomadcoffee.es\/ca\/ens-coneixes-nomad-coffee\/nomad-coffee-cafe-despecialitat\/","og_site_name":"NOMAD","article_modified_time":"2023-09-19T12:43:31+00:00","twitter_card":"summary_large_image","schema":{"@context":"https:\/\/schema.org","@graph":[{"@type":"WebPage","@id":"https:\/\/subs.nomadcoffee.es\/ca\/ens-coneixes-nomad-coffee\/nomad-coffee-cafe-despecialitat\/","url":"https:\/\/subs.nomadcoffee.es\/ca\/ens-coneixes-nomad-coffee\/nomad-coffee-cafe-despecialitat\/","name":"L'Equip - NOMAD COFFEE - Aquests som nosaltres","isPartOf":{"@id":"https:\/\/subs.nomadcoffee.es\/ca\/#website"},"datePublished":"2020-04-07T15:01:26+00:00","dateModified":"2023-09-19T12:43:31+00:00","description":"Aquests som nosaltres, l'equip de Nomad Coffee. Entre tots ens ajudem per apropar-te cada d\u00eda del caf\u00e9 d'especialitat una mica m\u00e9s.","breadcrumb":{"@id":"https:\/\/subs.nomadcoffee.es\/ca\/ens-coneixes-nomad-coffee\/nomad-coffee-cafe-despecialitat\/#breadcrumb"},"inLanguage":"ca","potentialAction":[{"@type":"ReadAction","target":["https:\/\/subs.nomadcoffee.es\/ca\/ens-coneixes-nomad-coffee\/nomad-coffee-cafe-despecialitat\/"]}]},{"@type":"BreadcrumbList","@id":"https:\/\/subs.nomadcoffee.es\/ca\/ens-coneixes-nomad-coffee\/nomad-coffee-cafe-despecialitat\/#breadcrumb","itemListElement":[{"@type":"ListItem","position":1,"name":"Portada","item":"https:\/\/subs.nomadcoffee.es\/ca\/"},{"@type":"ListItem","position":2,"name":"Nosaltres","item":"https:\/\/subs.nomadcoffee.es\/ca\/ens-coneixes-nomad-coffee\/"},{"@type":"ListItem","position":3,"name":"Equip"}]},{"@type":"WebSite","@id":"https:\/\/subs.nomadcoffee.es\/ca\/#website","url":"https:\/\/subs.nomadcoffee.es\/ca\/","name":"Nomad Coffee","description":"Caf\u00e9 de origen, tostado en Barcelona","publisher":{"@id":"https:\/\/subs.nomadcoffee.es\/ca\/#organization"},"alternateName":"Nomad Coffee","potentialAction":[{"@type":"SearchAction","target":{"@type":"EntryPoint","urlTemplate":"https:\/\/subs.nomadcoffee.es\/ca\/?s={search_term_string}"},"query-input":"required name=search_term_string"}],"inLanguage":"ca"},{"@type":"Organization","@id":"https:\/\/subs.nomadcoffee.es\/ca\/#organization","name":"Nomad Coffee","alternateName":"Nomad Coffee","url":"https:\/\/subs.nomadcoffee.es\/ca\/","logo":{"@type":"ImageObject","inLanguage":"ca","@id":"https:\/\/subs.nomadcoffee.es\/ca\/#\/schema\/logo\/image\/","url":"https:\/\/nomadcoffee.es\/wp-content\/uploads\/2023\/05\/logo-Nomad.jpg","contentUrl":"https:\/\/nomadcoffee.es\/wp-content\/uploads\/2023\/05\/logo-Nomad.jpg","width":200,"height":200,"caption":"Nomad Coffee"},"image":{"@id":"https:\/\/subs.nomadcoffee.es\/ca\/#\/schema\/logo\/image\/"}}]}},"_links":{"self":[{"href":"https:\/\/subs.nomadcoffee.es\/ca\/wp-json\/wp\/v2\/pages\/49209"}],"collection":[{"href":"https:\/\/subs.nomadcoffee.es\/ca\/wp-json\/wp\/v2\/pages"}],"about":[{"href":"https:\/\/subs.nomadcoffee.es\/ca\/wp-json\/wp\/v2\/types\/page"}],"author":[{"embeddable":true,"href":"https:\/\/subs.nomadcoffee.es\/ca\/wp-json\/wp\/v2\/users\/5"}],"replies":[{"embeddable":true,"href":"https:\/\/subs.nomadcoffee.es\/ca\/wp-json\/wp\/v2\/comments?post=49209"}],"version-history":[{"count":33,"href":"https:\/\/subs.nomadcoffee.es\/ca\/wp-json\/wp\/v2\/pages\/49209\/revisions"}],"predecessor-version":[{"id":85481,"href":"https:\/\/subs.nomadcoffee.es\/ca\/wp-json\/wp\/v2\/pages\/49209\/revisions\/85481"}],"up":[{"embeddable":true,"href":"https:\/\/subs.nomadcoffee.es\/ca\/wp-json\/wp\/v2\/pages\/14061"}],"wp:attachment":[{"href":"https:\/\/subs.nomadcoffee.es\/ca\/wp-json\/wp\/v2\/media?parent=49209"}],"curies":[{"name":"wp","href":"https:\/\/api.w.org\/{rel}","templated":true}]}}