{"id":49639,"date":"2020-04-07T17:00:34","date_gmt":"2020-04-07T15:00:34","guid":{"rendered":"https:\/\/nomadcoffee.es\/nosaltres\/filosofia\/"},"modified":"2021-04-28T10:22:58","modified_gmt":"2021-04-28T08:22:58","slug":"cafe-despecialitat-nomad-filosofia","status":"publish","type":"page","link":"https:\/\/subs.nomadcoffee.es\/ca\/ens-coneixes-nomad-coffee\/cafe-despecialitat-nomad-filosofia\/","title":{"rendered":"Filosofia"},"content":{"rendered":"<p>Des que NOMAD Coffee en 2011, era un carret ambulant en els mercats de Londres, fins al dia d&#8217;avui, els valors i les metes que ens defineixen segueixen sent els mateixos: proximitat i respecte pel productor i acurat cura en el proc\u00e9s.<\/p>\n<p>M\u00e9s endavant, ja en 2014, ens establim a Barcelona i vam obrir el primer dels <a href=\"https:\/\/nomadcoffee.es\/ca\/coffeeshops\/nomad-cafes\/\">nostres locals<\/a>, amb la idea de contribu\u00efr a impulsar el gust pel <a href=\"https:\/\/nomadcoffee.es\/ca\/tenda\/\">caf\u00e8<\/a> d&#8217;especialitat a la ciutat. Poc despr\u00e9s, vam inaugurar tamb\u00e9 la torradora oberta, i seguint amb la idea d&#8217;apropar el caf\u00e8 a consumidor, vam comen\u00e7ar a distribuir-lo i a crear una <a href=\"https:\/\/nomadcoffee.es\/ca\/coffeeshops\/partners-friends\/\">xarxa de cafeteries<\/a> amb qu\u00e8 col\u00b7laborar i fer cr\u00e9ixer el projecte a nivell nacional i internacional.<\/p>\n","protected":false},"excerpt":{"rendered":"<p>Des que NOMAD Coffee en 2011, era un carret ambulant en els mercats de Londres, fins al dia d&#8217;avui, els [&hellip;]<\/p>\n","protected":false},"author":5,"featured_media":0,"parent":14061,"menu_order":0,"comment_status":"closed","ping_status":"closed","template":"page-about.php","meta":{"footnotes":""},"acf":[],"yoast_head":"<!-- This site is optimized with the Yoast SEO plugin v22.6 - https:\/\/yoast.com\/wordpress\/plugins\/seo\/ -->\n<title>La nostra Filosofia -Modus Operandi - NOMAD COFFEE<\/title>\n<meta name=\"description\" content=\"Aquesta \u00e9s la nostra forma de veure el caf\u00e8 d&#039;especialitat, es el nostre modus operandi de vida. Aquesta \u00e9s la nostra filosof\u00eda a NOMAD COFFEE\" \/>\n<meta name=\"robots\" content=\"noindex, nofollow\" \/>\n<meta property=\"og:locale\" content=\"ca_ES\" \/>\n<meta property=\"og:type\" content=\"article\" \/>\n<meta property=\"og:title\" content=\"La nostra Filosofia -Modus Operandi - NOMAD COFFEE\" \/>\n<meta property=\"og:description\" content=\"Aquesta \u00e9s la nostra forma de veure el caf\u00e8 d&#039;especialitat, es el nostre modus operandi de vida. Aquesta \u00e9s la nostra filosof\u00eda a NOMAD COFFEE\" \/>\n<meta property=\"og:url\" content=\"https:\/\/subs.nomadcoffee.es\/ca\/ens-coneixes-nomad-coffee\/cafe-despecialitat-nomad-filosofia\/\" \/>\n<meta property=\"og:site_name\" content=\"NOMAD\" \/>\n<meta property=\"article:modified_time\" content=\"2021-04-28T08:22:58+00:00\" \/>\n<meta name=\"twitter:card\" content=\"summary_large_image\" \/>\n<meta name=\"twitter:label1\" content=\"Temps estimat de lectura\" \/>\n\t<meta name=\"twitter:data1\" content=\"1 minut\" \/>\n<script type=\"application\/ld+json\" class=\"yoast-schema-graph\">{\"@context\":\"https:\/\/schema.org\",\"@graph\":[{\"@type\":\"WebPage\",\"@id\":\"https:\/\/subs.nomadcoffee.es\/ca\/ens-coneixes-nomad-coffee\/cafe-despecialitat-nomad-filosofia\/\",\"url\":\"https:\/\/subs.nomadcoffee.es\/ca\/ens-coneixes-nomad-coffee\/cafe-despecialitat-nomad-filosofia\/\",\"name\":\"La nostra Filosofia -Modus Operandi - NOMAD COFFEE\",\"isPartOf\":{\"@id\":\"https:\/\/subs.nomadcoffee.es\/ca\/#website\"},\"datePublished\":\"2020-04-07T15:00:34+00:00\",\"dateModified\":\"2021-04-28T08:22:58+00:00\",\"description\":\"Aquesta \u00e9s la nostra forma de veure el caf\u00e8 d'especialitat, es el nostre modus operandi de vida. Aquesta \u00e9s la nostra filosof\u00eda a NOMAD COFFEE\",\"breadcrumb\":{\"@id\":\"https:\/\/subs.nomadcoffee.es\/ca\/ens-coneixes-nomad-coffee\/cafe-despecialitat-nomad-filosofia\/#breadcrumb\"},\"inLanguage\":\"ca\",\"potentialAction\":[{\"@type\":\"ReadAction\",\"target\":[\"https:\/\/subs.nomadcoffee.es\/ca\/ens-coneixes-nomad-coffee\/cafe-despecialitat-nomad-filosofia\/\"]}]},{\"@type\":\"BreadcrumbList\",\"@id\":\"https:\/\/subs.nomadcoffee.es\/ca\/ens-coneixes-nomad-coffee\/cafe-despecialitat-nomad-filosofia\/#breadcrumb\",\"itemListElement\":[{\"@type\":\"ListItem\",\"position\":1,\"name\":\"Portada\",\"item\":\"https:\/\/subs.nomadcoffee.es\/ca\/\"},{\"@type\":\"ListItem\",\"position\":2,\"name\":\"Nosaltres\",\"item\":\"https:\/\/subs.nomadcoffee.es\/ca\/ens-coneixes-nomad-coffee\/\"},{\"@type\":\"ListItem\",\"position\":3,\"name\":\"Filosofia\"}]},{\"@type\":\"WebSite\",\"@id\":\"https:\/\/subs.nomadcoffee.es\/ca\/#website\",\"url\":\"https:\/\/subs.nomadcoffee.es\/ca\/\",\"name\":\"Nomad Coffee\",\"description\":\"Caf\u00e9 de origen, tostado en Barcelona\",\"publisher\":{\"@id\":\"https:\/\/subs.nomadcoffee.es\/ca\/#organization\"},\"alternateName\":\"Nomad Coffee\",\"potentialAction\":[{\"@type\":\"SearchAction\",\"target\":{\"@type\":\"EntryPoint\",\"urlTemplate\":\"https:\/\/subs.nomadcoffee.es\/ca\/?s={search_term_string}\"},\"query-input\":\"required name=search_term_string\"}],\"inLanguage\":\"ca\"},{\"@type\":\"Organization\",\"@id\":\"https:\/\/subs.nomadcoffee.es\/ca\/#organization\",\"name\":\"Nomad Coffee\",\"alternateName\":\"Nomad Coffee\",\"url\":\"https:\/\/subs.nomadcoffee.es\/ca\/\",\"logo\":{\"@type\":\"ImageObject\",\"inLanguage\":\"ca\",\"@id\":\"https:\/\/subs.nomadcoffee.es\/ca\/#\/schema\/logo\/image\/\",\"url\":\"https:\/\/nomadcoffee.es\/wp-content\/uploads\/2023\/05\/logo-Nomad.jpg\",\"contentUrl\":\"https:\/\/nomadcoffee.es\/wp-content\/uploads\/2023\/05\/logo-Nomad.jpg\",\"width\":200,\"height\":200,\"caption\":\"Nomad Coffee\"},\"image\":{\"@id\":\"https:\/\/subs.nomadcoffee.es\/ca\/#\/schema\/logo\/image\/\"}}]}<\/script>\n<!-- \/ Yoast SEO plugin. -->","yoast_head_json":{"title":"La nostra Filosofia -Modus Operandi - NOMAD COFFEE","description":"Aquesta \u00e9s la nostra forma de veure el caf\u00e8 d'especialitat, es el nostre modus operandi de vida. Aquesta \u00e9s la nostra filosof\u00eda a NOMAD COFFEE","robots":{"index":"noindex","follow":"nofollow"},"og_locale":"ca_ES","og_type":"article","og_title":"La nostra Filosofia -Modus Operandi - NOMAD COFFEE","og_description":"Aquesta \u00e9s la nostra forma de veure el caf\u00e8 d'especialitat, es el nostre modus operandi de vida. Aquesta \u00e9s la nostra filosof\u00eda a NOMAD COFFEE","og_url":"https:\/\/subs.nomadcoffee.es\/ca\/ens-coneixes-nomad-coffee\/cafe-despecialitat-nomad-filosofia\/","og_site_name":"NOMAD","article_modified_time":"2021-04-28T08:22:58+00:00","twitter_card":"summary_large_image","twitter_misc":{"Temps estimat de lectura":"1 minut"},"schema":{"@context":"https:\/\/schema.org","@graph":[{"@type":"WebPage","@id":"https:\/\/subs.nomadcoffee.es\/ca\/ens-coneixes-nomad-coffee\/cafe-despecialitat-nomad-filosofia\/","url":"https:\/\/subs.nomadcoffee.es\/ca\/ens-coneixes-nomad-coffee\/cafe-despecialitat-nomad-filosofia\/","name":"La nostra Filosofia -Modus Operandi - NOMAD COFFEE","isPartOf":{"@id":"https:\/\/subs.nomadcoffee.es\/ca\/#website"},"datePublished":"2020-04-07T15:00:34+00:00","dateModified":"2021-04-28T08:22:58+00:00","description":"Aquesta \u00e9s la nostra forma de veure el caf\u00e8 d'especialitat, es el nostre modus operandi de vida. Aquesta \u00e9s la nostra filosof\u00eda a NOMAD COFFEE","breadcrumb":{"@id":"https:\/\/subs.nomadcoffee.es\/ca\/ens-coneixes-nomad-coffee\/cafe-despecialitat-nomad-filosofia\/#breadcrumb"},"inLanguage":"ca","potentialAction":[{"@type":"ReadAction","target":["https:\/\/subs.nomadcoffee.es\/ca\/ens-coneixes-nomad-coffee\/cafe-despecialitat-nomad-filosofia\/"]}]},{"@type":"BreadcrumbList","@id":"https:\/\/subs.nomadcoffee.es\/ca\/ens-coneixes-nomad-coffee\/cafe-despecialitat-nomad-filosofia\/#breadcrumb","itemListElement":[{"@type":"ListItem","position":1,"name":"Portada","item":"https:\/\/subs.nomadcoffee.es\/ca\/"},{"@type":"ListItem","position":2,"name":"Nosaltres","item":"https:\/\/subs.nomadcoffee.es\/ca\/ens-coneixes-nomad-coffee\/"},{"@type":"ListItem","position":3,"name":"Filosofia"}]},{"@type":"WebSite","@id":"https:\/\/subs.nomadcoffee.es\/ca\/#website","url":"https:\/\/subs.nomadcoffee.es\/ca\/","name":"Nomad Coffee","description":"Caf\u00e9 de origen, tostado en Barcelona","publisher":{"@id":"https:\/\/subs.nomadcoffee.es\/ca\/#organization"},"alternateName":"Nomad Coffee","potentialAction":[{"@type":"SearchAction","target":{"@type":"EntryPoint","urlTemplate":"https:\/\/subs.nomadcoffee.es\/ca\/?s={search_term_string}"},"query-input":"required name=search_term_string"}],"inLanguage":"ca"},{"@type":"Organization","@id":"https:\/\/subs.nomadcoffee.es\/ca\/#organization","name":"Nomad Coffee","alternateName":"Nomad Coffee","url":"https:\/\/subs.nomadcoffee.es\/ca\/","logo":{"@type":"ImageObject","inLanguage":"ca","@id":"https:\/\/subs.nomadcoffee.es\/ca\/#\/schema\/logo\/image\/","url":"https:\/\/nomadcoffee.es\/wp-content\/uploads\/2023\/05\/logo-Nomad.jpg","contentUrl":"https:\/\/nomadcoffee.es\/wp-content\/uploads\/2023\/05\/logo-Nomad.jpg","width":200,"height":200,"caption":"Nomad Coffee"},"image":{"@id":"https:\/\/subs.nomadcoffee.es\/ca\/#\/schema\/logo\/image\/"}}]}},"_links":{"self":[{"href":"https:\/\/subs.nomadcoffee.es\/ca\/wp-json\/wp\/v2\/pages\/49639"}],"collection":[{"href":"https:\/\/subs.nomadcoffee.es\/ca\/wp-json\/wp\/v2\/pages"}],"about":[{"href":"https:\/\/subs.nomadcoffee.es\/ca\/wp-json\/wp\/v2\/types\/page"}],"author":[{"embeddable":true,"href":"https:\/\/subs.nomadcoffee.es\/ca\/wp-json\/wp\/v2\/users\/5"}],"replies":[{"embeddable":true,"href":"https:\/\/subs.nomadcoffee.es\/ca\/wp-json\/wp\/v2\/comments?post=49639"}],"version-history":[{"count":4,"href":"https:\/\/subs.nomadcoffee.es\/ca\/wp-json\/wp\/v2\/pages\/49639\/revisions"}],"predecessor-version":[{"id":55294,"href":"https:\/\/subs.nomadcoffee.es\/ca\/wp-json\/wp\/v2\/pages\/49639\/revisions\/55294"}],"up":[{"embeddable":true,"href":"https:\/\/subs.nomadcoffee.es\/ca\/wp-json\/wp\/v2\/pages\/14061"}],"wp:attachment":[{"href":"https:\/\/subs.nomadcoffee.es\/ca\/wp-json\/wp\/v2\/media?parent=49639"}],"curies":[{"name":"wp","href":"https:\/\/api.w.org\/{rel}","templated":true}]}}