{"id":49834,"date":"2020-04-07T17:01:04","date_gmt":"2020-04-07T15:01:04","guid":{"rendered":"https:\/\/nomadcoffee.es\/nosaltres\/historia\/"},"modified":"2022-02-15T12:38:00","modified_gmt":"2022-02-15T11:38:00","slug":"nostra-historia-nomad-coffee","status":"publish","type":"page","link":"https:\/\/subs.nomadcoffee.es\/ca\/ens-coneixes-nomad-coffee\/nostra-historia-nomad-coffee\/","title":{"rendered":"Historia"},"content":{"rendered":"","protected":false},"excerpt":{"rendered":"","protected":false},"author":5,"featured_media":0,"parent":14061,"menu_order":0,"comment_status":"closed","ping_status":"closed","template":"page-about.php","meta":{"footnotes":""},"acf":[],"yoast_head":"<!-- This site is optimized with the Yoast SEO plugin v22.6 - https:\/\/yoast.com\/wordpress\/plugins\/seo\/ -->\n<title>Aqu\u00ed podr\u00e0s llegir sobre la nostra Historia - NOMAD COFFEE<\/title>\n<meta name=\"description\" content=\"Aquesta es la nostra historia, aix\u00f2 es el que hem fet durant els darrers anys i el que ens ha definit. Aix\u00f2 es el que som a NOMAD COFFEE.\" \/>\n<meta name=\"robots\" content=\"noindex, follow, max-snippet:-1, max-image-preview:large, max-video-preview:-1\" \/>\n<meta property=\"og:locale\" content=\"ca_ES\" \/>\n<meta property=\"og:type\" content=\"article\" \/>\n<meta property=\"og:title\" content=\"Aqu\u00ed podr\u00e0s llegir sobre la nostra Historia - NOMAD COFFEE\" \/>\n<meta property=\"og:description\" content=\"Aquesta es la nostra historia, aix\u00f2 es el que hem fet durant els darrers anys i el que ens ha definit. Aix\u00f2 es el que som a NOMAD COFFEE.\" \/>\n<meta property=\"og:url\" content=\"https:\/\/subs.nomadcoffee.es\/ca\/ens-coneixes-nomad-coffee\/nostra-historia-nomad-coffee\/\" \/>\n<meta property=\"og:site_name\" content=\"NOMAD\" \/>\n<meta property=\"article:modified_time\" content=\"2022-02-15T11:38:00+00:00\" \/>\n<meta name=\"twitter:card\" content=\"summary_large_image\" \/>\n<script type=\"application\/ld+json\" class=\"yoast-schema-graph\">{\"@context\":\"https:\/\/schema.org\",\"@graph\":[{\"@type\":\"WebPage\",\"@id\":\"https:\/\/subs.nomadcoffee.es\/ca\/ens-coneixes-nomad-coffee\/nostra-historia-nomad-coffee\/\",\"url\":\"https:\/\/subs.nomadcoffee.es\/ca\/ens-coneixes-nomad-coffee\/nostra-historia-nomad-coffee\/\",\"name\":\"Aqu\u00ed podr\u00e0s llegir sobre la nostra Historia - NOMAD COFFEE\",\"isPartOf\":{\"@id\":\"https:\/\/subs.nomadcoffee.es\/ca\/#website\"},\"datePublished\":\"2020-04-07T15:01:04+00:00\",\"dateModified\":\"2022-02-15T11:38:00+00:00\",\"description\":\"Aquesta es la nostra historia, aix\u00f2 es el que hem fet durant els darrers anys i el que ens ha definit. Aix\u00f2 es el que som a NOMAD COFFEE.\",\"breadcrumb\":{\"@id\":\"https:\/\/subs.nomadcoffee.es\/ca\/ens-coneixes-nomad-coffee\/nostra-historia-nomad-coffee\/#breadcrumb\"},\"inLanguage\":\"ca\",\"potentialAction\":[{\"@type\":\"ReadAction\",\"target\":[\"https:\/\/subs.nomadcoffee.es\/ca\/ens-coneixes-nomad-coffee\/nostra-historia-nomad-coffee\/\"]}]},{\"@type\":\"BreadcrumbList\",\"@id\":\"https:\/\/subs.nomadcoffee.es\/ca\/ens-coneixes-nomad-coffee\/nostra-historia-nomad-coffee\/#breadcrumb\",\"itemListElement\":[{\"@type\":\"ListItem\",\"position\":1,\"name\":\"Portada\",\"item\":\"https:\/\/subs.nomadcoffee.es\/ca\/\"},{\"@type\":\"ListItem\",\"position\":2,\"name\":\"Nosaltres\",\"item\":\"https:\/\/subs.nomadcoffee.es\/ca\/ens-coneixes-nomad-coffee\/\"},{\"@type\":\"ListItem\",\"position\":3,\"name\":\"Historia\"}]},{\"@type\":\"WebSite\",\"@id\":\"https:\/\/subs.nomadcoffee.es\/ca\/#website\",\"url\":\"https:\/\/subs.nomadcoffee.es\/ca\/\",\"name\":\"Nomad Coffee\",\"description\":\"Caf\u00e9 de origen, tostado en Barcelona\",\"publisher\":{\"@id\":\"https:\/\/subs.nomadcoffee.es\/ca\/#organization\"},\"alternateName\":\"Nomad Coffee\",\"potentialAction\":[{\"@type\":\"SearchAction\",\"target\":{\"@type\":\"EntryPoint\",\"urlTemplate\":\"https:\/\/subs.nomadcoffee.es\/ca\/?s={search_term_string}\"},\"query-input\":\"required name=search_term_string\"}],\"inLanguage\":\"ca\"},{\"@type\":\"Organization\",\"@id\":\"https:\/\/subs.nomadcoffee.es\/ca\/#organization\",\"name\":\"Nomad Coffee\",\"alternateName\":\"Nomad Coffee\",\"url\":\"https:\/\/subs.nomadcoffee.es\/ca\/\",\"logo\":{\"@type\":\"ImageObject\",\"inLanguage\":\"ca\",\"@id\":\"https:\/\/subs.nomadcoffee.es\/ca\/#\/schema\/logo\/image\/\",\"url\":\"https:\/\/nomadcoffee.es\/wp-content\/uploads\/2023\/05\/logo-Nomad.jpg\",\"contentUrl\":\"https:\/\/nomadcoffee.es\/wp-content\/uploads\/2023\/05\/logo-Nomad.jpg\",\"width\":200,\"height\":200,\"caption\":\"Nomad Coffee\"},\"image\":{\"@id\":\"https:\/\/subs.nomadcoffee.es\/ca\/#\/schema\/logo\/image\/\"}}]}<\/script>\n<!-- \/ Yoast SEO plugin. -->","yoast_head_json":{"title":"Aqu\u00ed podr\u00e0s llegir sobre la nostra Historia - NOMAD COFFEE","description":"Aquesta es la nostra historia, aix\u00f2 es el que hem fet durant els darrers anys i el que ens ha definit. Aix\u00f2 es el que som a NOMAD COFFEE.","robots":{"index":"noindex","follow":"follow","max-snippet":"max-snippet:-1","max-image-preview":"max-image-preview:large","max-video-preview":"max-video-preview:-1"},"og_locale":"ca_ES","og_type":"article","og_title":"Aqu\u00ed podr\u00e0s llegir sobre la nostra Historia - NOMAD COFFEE","og_description":"Aquesta es la nostra historia, aix\u00f2 es el que hem fet durant els darrers anys i el que ens ha definit. Aix\u00f2 es el que som a NOMAD COFFEE.","og_url":"https:\/\/subs.nomadcoffee.es\/ca\/ens-coneixes-nomad-coffee\/nostra-historia-nomad-coffee\/","og_site_name":"NOMAD","article_modified_time":"2022-02-15T11:38:00+00:00","twitter_card":"summary_large_image","schema":{"@context":"https:\/\/schema.org","@graph":[{"@type":"WebPage","@id":"https:\/\/subs.nomadcoffee.es\/ca\/ens-coneixes-nomad-coffee\/nostra-historia-nomad-coffee\/","url":"https:\/\/subs.nomadcoffee.es\/ca\/ens-coneixes-nomad-coffee\/nostra-historia-nomad-coffee\/","name":"Aqu\u00ed podr\u00e0s llegir sobre la nostra Historia - NOMAD COFFEE","isPartOf":{"@id":"https:\/\/subs.nomadcoffee.es\/ca\/#website"},"datePublished":"2020-04-07T15:01:04+00:00","dateModified":"2022-02-15T11:38:00+00:00","description":"Aquesta es la nostra historia, aix\u00f2 es el que hem fet durant els darrers anys i el que ens ha definit. Aix\u00f2 es el que som a NOMAD COFFEE.","breadcrumb":{"@id":"https:\/\/subs.nomadcoffee.es\/ca\/ens-coneixes-nomad-coffee\/nostra-historia-nomad-coffee\/#breadcrumb"},"inLanguage":"ca","potentialAction":[{"@type":"ReadAction","target":["https:\/\/subs.nomadcoffee.es\/ca\/ens-coneixes-nomad-coffee\/nostra-historia-nomad-coffee\/"]}]},{"@type":"BreadcrumbList","@id":"https:\/\/subs.nomadcoffee.es\/ca\/ens-coneixes-nomad-coffee\/nostra-historia-nomad-coffee\/#breadcrumb","itemListElement":[{"@type":"ListItem","position":1,"name":"Portada","item":"https:\/\/subs.nomadcoffee.es\/ca\/"},{"@type":"ListItem","position":2,"name":"Nosaltres","item":"https:\/\/subs.nomadcoffee.es\/ca\/ens-coneixes-nomad-coffee\/"},{"@type":"ListItem","position":3,"name":"Historia"}]},{"@type":"WebSite","@id":"https:\/\/subs.nomadcoffee.es\/ca\/#website","url":"https:\/\/subs.nomadcoffee.es\/ca\/","name":"Nomad Coffee","description":"Caf\u00e9 de origen, tostado en Barcelona","publisher":{"@id":"https:\/\/subs.nomadcoffee.es\/ca\/#organization"},"alternateName":"Nomad Coffee","potentialAction":[{"@type":"SearchAction","target":{"@type":"EntryPoint","urlTemplate":"https:\/\/subs.nomadcoffee.es\/ca\/?s={search_term_string}"},"query-input":"required name=search_term_string"}],"inLanguage":"ca"},{"@type":"Organization","@id":"https:\/\/subs.nomadcoffee.es\/ca\/#organization","name":"Nomad Coffee","alternateName":"Nomad Coffee","url":"https:\/\/subs.nomadcoffee.es\/ca\/","logo":{"@type":"ImageObject","inLanguage":"ca","@id":"https:\/\/subs.nomadcoffee.es\/ca\/#\/schema\/logo\/image\/","url":"https:\/\/nomadcoffee.es\/wp-content\/uploads\/2023\/05\/logo-Nomad.jpg","contentUrl":"https:\/\/nomadcoffee.es\/wp-content\/uploads\/2023\/05\/logo-Nomad.jpg","width":200,"height":200,"caption":"Nomad Coffee"},"image":{"@id":"https:\/\/subs.nomadcoffee.es\/ca\/#\/schema\/logo\/image\/"}}]}},"_links":{"self":[{"href":"https:\/\/subs.nomadcoffee.es\/ca\/wp-json\/wp\/v2\/pages\/49834"}],"collection":[{"href":"https:\/\/subs.nomadcoffee.es\/ca\/wp-json\/wp\/v2\/pages"}],"about":[{"href":"https:\/\/subs.nomadcoffee.es\/ca\/wp-json\/wp\/v2\/types\/page"}],"author":[{"embeddable":true,"href":"https:\/\/subs.nomadcoffee.es\/ca\/wp-json\/wp\/v2\/users\/5"}],"replies":[{"embeddable":true,"href":"https:\/\/subs.nomadcoffee.es\/ca\/wp-json\/wp\/v2\/comments?post=49834"}],"version-history":[{"count":9,"href":"https:\/\/subs.nomadcoffee.es\/ca\/wp-json\/wp\/v2\/pages\/49834\/revisions"}],"predecessor-version":[{"id":65412,"href":"https:\/\/subs.nomadcoffee.es\/ca\/wp-json\/wp\/v2\/pages\/49834\/revisions\/65412"}],"up":[{"embeddable":true,"href":"https:\/\/subs.nomadcoffee.es\/ca\/wp-json\/wp\/v2\/pages\/14061"}],"wp:attachment":[{"href":"https:\/\/subs.nomadcoffee.es\/ca\/wp-json\/wp\/v2\/media?parent=49834"}],"curies":[{"name":"wp","href":"https:\/\/api.w.org\/{rel}","templated":true}]}}