{"id":49846,"date":"2016-04-29T10:22:05","date_gmt":"2016-04-29T08:22:05","guid":{"rendered":"https:\/\/nomadcoffee.es\/wholesale\/"},"modified":"2023-01-19T15:42:34","modified_gmt":"2023-01-19T14:42:34","slug":"wholesale","status":"publish","type":"page","link":"https:\/\/subs.nomadcoffee.es\/ca\/wholesale\/","title":{"rendered":"Wholesale"},"content":{"rendered":"<p>Si ja treballes amb nosaltres i vols iniciar sesi\u00f3 al teu perfil wholesale pots fer-ho des d&#8217;<a href=\"https:\/\/wholesale.nomadcoffee.es\">aqu\u00ed<\/a><\/p>\n<p>&nbsp;<\/p>\n<p>Si est\u00e0s pensant en oferir caf\u00e8 d&#8217;especialitat en el teu espai, ja sigui una cafeteria, oficina, hotel o restaurant, ens encantaria treballar amb tu i donar-nos suport m\u00fatuament. Omple <a href=\"https:\/\/dwlpsnvcegi.typeform.com\/to\/W8aiZSnl\/\">aquest formulari<\/a> i junts definirem una oferta personalitzada que s&#8217;adapti al teu negoci.<\/p>\n<p>&nbsp;<\/p>\n","protected":false},"excerpt":{"rendered":"<p>Si ja treballes amb nosaltres i vols iniciar sesi\u00f3 al teu perfil wholesale pots fer-ho des d&#8217;aqu\u00ed &nbsp; Si est\u00e0s [&hellip;]<\/p>\n","protected":false},"author":5,"featured_media":14149,"parent":0,"menu_order":0,"comment_status":"closed","ping_status":"closed","template":"page-wholesale.php","meta":{"footnotes":""},"acf":[],"yoast_head":"<!-- This site is optimized with the Yoast SEO plugin v22.6 - https:\/\/yoast.com\/wordpress\/plugins\/seo\/ -->\n<title>Wholesale - NOMAD<\/title>\n<meta name=\"description\" content=\"Has pensat en utilitzar caf\u00e8 d&#039;especialitat al teu local? Desde Nomad Coffee t&#039;ajudem a preparar-te i preparar el caf\u00e8 de la millor manera ;)\" \/>\n<meta name=\"robots\" content=\"noindex, follow, max-snippet:-1, max-image-preview:large, max-video-preview:-1\" \/>\n<meta property=\"og:locale\" content=\"ca_ES\" \/>\n<meta property=\"og:type\" content=\"article\" \/>\n<meta property=\"og:title\" content=\"Wholesale - NOMAD\" \/>\n<meta property=\"og:description\" content=\"Has pensat en utilitzar caf\u00e8 d&#039;especialitat al teu local? Desde Nomad Coffee t&#039;ajudem a preparar-te i preparar el caf\u00e8 de la millor manera ;)\" \/>\n<meta property=\"og:url\" content=\"https:\/\/subs.nomadcoffee.es\/ca\/wholesale\/\" \/>\n<meta property=\"og:site_name\" content=\"NOMAD\" \/>\n<meta property=\"article:modified_time\" content=\"2023-01-19T14:42:34+00:00\" \/>\n<meta property=\"og:image\" content=\"https:\/\/subs.nomadcoffee.es\/wp-content\/uploads\/2020\/03\/nomad_coffee_dealer.jpg\" \/>\n\t<meta property=\"og:image:width\" content=\"1334\" \/>\n\t<meta property=\"og:image:height\" content=\"1001\" \/>\n\t<meta property=\"og:image:type\" content=\"image\/jpeg\" \/>\n<meta name=\"twitter:card\" content=\"summary_large_image\" \/>\n<meta name=\"twitter:label1\" content=\"Temps estimat de lectura\" \/>\n\t<meta name=\"twitter:data1\" content=\"1 minut\" \/>\n<script type=\"application\/ld+json\" class=\"yoast-schema-graph\">{\"@context\":\"https:\/\/schema.org\",\"@graph\":[{\"@type\":\"WebPage\",\"@id\":\"https:\/\/subs.nomadcoffee.es\/ca\/wholesale\/\",\"url\":\"https:\/\/subs.nomadcoffee.es\/ca\/wholesale\/\",\"name\":\"Wholesale - NOMAD\",\"isPartOf\":{\"@id\":\"https:\/\/subs.nomadcoffee.es\/ca\/#website\"},\"primaryImageOfPage\":{\"@id\":\"https:\/\/subs.nomadcoffee.es\/ca\/wholesale\/#primaryimage\"},\"image\":{\"@id\":\"https:\/\/subs.nomadcoffee.es\/ca\/wholesale\/#primaryimage\"},\"thumbnailUrl\":\"https:\/\/subs.nomadcoffee.es\/wp-content\/uploads\/2020\/03\/nomad_coffee_dealer.jpg\",\"datePublished\":\"2016-04-29T08:22:05+00:00\",\"dateModified\":\"2023-01-19T14:42:34+00:00\",\"description\":\"Has pensat en utilitzar caf\u00e8 d'especialitat al teu local? Desde Nomad Coffee t'ajudem a preparar-te i preparar el caf\u00e8 de la millor manera ;)\",\"breadcrumb\":{\"@id\":\"https:\/\/subs.nomadcoffee.es\/ca\/wholesale\/#breadcrumb\"},\"inLanguage\":\"ca\",\"potentialAction\":[{\"@type\":\"ReadAction\",\"target\":[\"https:\/\/subs.nomadcoffee.es\/ca\/wholesale\/\"]}]},{\"@type\":\"ImageObject\",\"inLanguage\":\"ca\",\"@id\":\"https:\/\/subs.nomadcoffee.es\/ca\/wholesale\/#primaryimage\",\"url\":\"https:\/\/subs.nomadcoffee.es\/wp-content\/uploads\/2020\/03\/nomad_coffee_dealer.jpg\",\"contentUrl\":\"https:\/\/subs.nomadcoffee.es\/wp-content\/uploads\/2020\/03\/nomad_coffee_dealer.jpg\",\"width\":1334,\"height\":1001},{\"@type\":\"BreadcrumbList\",\"@id\":\"https:\/\/subs.nomadcoffee.es\/ca\/wholesale\/#breadcrumb\",\"itemListElement\":[{\"@type\":\"ListItem\",\"position\":1,\"name\":\"Portada\",\"item\":\"https:\/\/subs.nomadcoffee.es\/ca\/\"},{\"@type\":\"ListItem\",\"position\":2,\"name\":\"Wholesale\"}]},{\"@type\":\"WebSite\",\"@id\":\"https:\/\/subs.nomadcoffee.es\/ca\/#website\",\"url\":\"https:\/\/subs.nomadcoffee.es\/ca\/\",\"name\":\"Nomad Coffee\",\"description\":\"Caf\u00e9 de origen, tostado en Barcelona\",\"publisher\":{\"@id\":\"https:\/\/subs.nomadcoffee.es\/ca\/#organization\"},\"alternateName\":\"Nomad Coffee\",\"potentialAction\":[{\"@type\":\"SearchAction\",\"target\":{\"@type\":\"EntryPoint\",\"urlTemplate\":\"https:\/\/subs.nomadcoffee.es\/ca\/?s={search_term_string}\"},\"query-input\":\"required name=search_term_string\"}],\"inLanguage\":\"ca\"},{\"@type\":\"Organization\",\"@id\":\"https:\/\/subs.nomadcoffee.es\/ca\/#organization\",\"name\":\"Nomad Coffee\",\"alternateName\":\"Nomad Coffee\",\"url\":\"https:\/\/subs.nomadcoffee.es\/ca\/\",\"logo\":{\"@type\":\"ImageObject\",\"inLanguage\":\"ca\",\"@id\":\"https:\/\/subs.nomadcoffee.es\/ca\/#\/schema\/logo\/image\/\",\"url\":\"https:\/\/nomadcoffee.es\/wp-content\/uploads\/2023\/05\/logo-Nomad.jpg\",\"contentUrl\":\"https:\/\/nomadcoffee.es\/wp-content\/uploads\/2023\/05\/logo-Nomad.jpg\",\"width\":200,\"height\":200,\"caption\":\"Nomad Coffee\"},\"image\":{\"@id\":\"https:\/\/subs.nomadcoffee.es\/ca\/#\/schema\/logo\/image\/\"}}]}<\/script>\n<!-- \/ Yoast SEO plugin. -->","yoast_head_json":{"title":"Wholesale - NOMAD","description":"Has pensat en utilitzar caf\u00e8 d'especialitat al teu local? Desde Nomad Coffee t'ajudem a preparar-te i preparar el caf\u00e8 de la millor manera ;)","robots":{"index":"noindex","follow":"follow","max-snippet":"max-snippet:-1","max-image-preview":"max-image-preview:large","max-video-preview":"max-video-preview:-1"},"og_locale":"ca_ES","og_type":"article","og_title":"Wholesale - NOMAD","og_description":"Has pensat en utilitzar caf\u00e8 d'especialitat al teu local? Desde Nomad Coffee t'ajudem a preparar-te i preparar el caf\u00e8 de la millor manera ;)","og_url":"https:\/\/subs.nomadcoffee.es\/ca\/wholesale\/","og_site_name":"NOMAD","article_modified_time":"2023-01-19T14:42:34+00:00","og_image":[{"width":1334,"height":1001,"url":"https:\/\/subs.nomadcoffee.es\/wp-content\/uploads\/2020\/03\/nomad_coffee_dealer.jpg","type":"image\/jpeg"}],"twitter_card":"summary_large_image","twitter_misc":{"Temps estimat de lectura":"1 minut"},"schema":{"@context":"https:\/\/schema.org","@graph":[{"@type":"WebPage","@id":"https:\/\/subs.nomadcoffee.es\/ca\/wholesale\/","url":"https:\/\/subs.nomadcoffee.es\/ca\/wholesale\/","name":"Wholesale - NOMAD","isPartOf":{"@id":"https:\/\/subs.nomadcoffee.es\/ca\/#website"},"primaryImageOfPage":{"@id":"https:\/\/subs.nomadcoffee.es\/ca\/wholesale\/#primaryimage"},"image":{"@id":"https:\/\/subs.nomadcoffee.es\/ca\/wholesale\/#primaryimage"},"thumbnailUrl":"https:\/\/subs.nomadcoffee.es\/wp-content\/uploads\/2020\/03\/nomad_coffee_dealer.jpg","datePublished":"2016-04-29T08:22:05+00:00","dateModified":"2023-01-19T14:42:34+00:00","description":"Has pensat en utilitzar caf\u00e8 d'especialitat al teu local? Desde Nomad Coffee t'ajudem a preparar-te i preparar el caf\u00e8 de la millor manera ;)","breadcrumb":{"@id":"https:\/\/subs.nomadcoffee.es\/ca\/wholesale\/#breadcrumb"},"inLanguage":"ca","potentialAction":[{"@type":"ReadAction","target":["https:\/\/subs.nomadcoffee.es\/ca\/wholesale\/"]}]},{"@type":"ImageObject","inLanguage":"ca","@id":"https:\/\/subs.nomadcoffee.es\/ca\/wholesale\/#primaryimage","url":"https:\/\/subs.nomadcoffee.es\/wp-content\/uploads\/2020\/03\/nomad_coffee_dealer.jpg","contentUrl":"https:\/\/subs.nomadcoffee.es\/wp-content\/uploads\/2020\/03\/nomad_coffee_dealer.jpg","width":1334,"height":1001},{"@type":"BreadcrumbList","@id":"https:\/\/subs.nomadcoffee.es\/ca\/wholesale\/#breadcrumb","itemListElement":[{"@type":"ListItem","position":1,"name":"Portada","item":"https:\/\/subs.nomadcoffee.es\/ca\/"},{"@type":"ListItem","position":2,"name":"Wholesale"}]},{"@type":"WebSite","@id":"https:\/\/subs.nomadcoffee.es\/ca\/#website","url":"https:\/\/subs.nomadcoffee.es\/ca\/","name":"Nomad Coffee","description":"Caf\u00e9 de origen, tostado en Barcelona","publisher":{"@id":"https:\/\/subs.nomadcoffee.es\/ca\/#organization"},"alternateName":"Nomad Coffee","potentialAction":[{"@type":"SearchAction","target":{"@type":"EntryPoint","urlTemplate":"https:\/\/subs.nomadcoffee.es\/ca\/?s={search_term_string}"},"query-input":"required name=search_term_string"}],"inLanguage":"ca"},{"@type":"Organization","@id":"https:\/\/subs.nomadcoffee.es\/ca\/#organization","name":"Nomad Coffee","alternateName":"Nomad Coffee","url":"https:\/\/subs.nomadcoffee.es\/ca\/","logo":{"@type":"ImageObject","inLanguage":"ca","@id":"https:\/\/subs.nomadcoffee.es\/ca\/#\/schema\/logo\/image\/","url":"https:\/\/nomadcoffee.es\/wp-content\/uploads\/2023\/05\/logo-Nomad.jpg","contentUrl":"https:\/\/nomadcoffee.es\/wp-content\/uploads\/2023\/05\/logo-Nomad.jpg","width":200,"height":200,"caption":"Nomad Coffee"},"image":{"@id":"https:\/\/subs.nomadcoffee.es\/ca\/#\/schema\/logo\/image\/"}}]}},"_links":{"self":[{"href":"https:\/\/subs.nomadcoffee.es\/ca\/wp-json\/wp\/v2\/pages\/49846"}],"collection":[{"href":"https:\/\/subs.nomadcoffee.es\/ca\/wp-json\/wp\/v2\/pages"}],"about":[{"href":"https:\/\/subs.nomadcoffee.es\/ca\/wp-json\/wp\/v2\/types\/page"}],"author":[{"embeddable":true,"href":"https:\/\/subs.nomadcoffee.es\/ca\/wp-json\/wp\/v2\/users\/5"}],"replies":[{"embeddable":true,"href":"https:\/\/subs.nomadcoffee.es\/ca\/wp-json\/wp\/v2\/comments?post=49846"}],"version-history":[{"count":5,"href":"https:\/\/subs.nomadcoffee.es\/ca\/wp-json\/wp\/v2\/pages\/49846\/revisions"}],"predecessor-version":[{"id":76601,"href":"https:\/\/subs.nomadcoffee.es\/ca\/wp-json\/wp\/v2\/pages\/49846\/revisions\/76601"}],"wp:featuredmedia":[{"embeddable":true,"href":"https:\/\/subs.nomadcoffee.es\/ca\/wp-json\/wp\/v2\/media\/14149"}],"wp:attachment":[{"href":"https:\/\/subs.nomadcoffee.es\/ca\/wp-json\/wp\/v2\/media?parent=49846"}],"curies":[{"name":"wp","href":"https:\/\/api.w.org\/{rel}","templated":true}]}}