{"id":49847,"date":"2016-04-29T10:21:11","date_gmt":"2016-04-29T08:21:11","guid":{"rendered":"https:\/\/nomadcoffee.es\/servicios\/"},"modified":"2022-06-30T14:29:17","modified_gmt":"2022-06-30T12:29:17","slug":"serveis","status":"publish","type":"page","link":"https:\/\/subs.nomadcoffee.es\/ca\/serveis\/","title":{"rendered":"Serveis"},"content":{"rendered":"<p>No nom\u00e9s ens divertim torrant i servint caf\u00e8s. A m\u00e9s a m\u00e9s cerquem altres formes de donar a con\u00e9ixer el nostre caf\u00e8 per a que arribi a tot el m\u00f3n. Impartim <a href=\"#cursos-i-cates\">cursos<\/a> i <a href=\"#cursos-i-cates\">cates<\/a> per a aficionades i aficionats i duem a terme <a href=\"#consultories-i-cursos\">consutories<\/a> i <a href=\"#consultories-i-cursos\">cursos<\/a> formatius per a professionals. Ens movem a on faci falta pujats al nostre coffee truck i anem amb la nostra barra a qualsevol <a href=\"#event-or-catering\">event<\/a> o <a href=\"#event-or-catering\">catering<\/a>.<\/p>\n","protected":false},"excerpt":{"rendered":"<p>No nom\u00e9s ens divertim torrant i servint caf\u00e8s. A m\u00e9s a m\u00e9s cerquem altres formes de donar a con\u00e9ixer el [&hellip;]<\/p>\n","protected":false},"author":5,"featured_media":14144,"parent":0,"menu_order":0,"comment_status":"closed","ping_status":"closed","template":"page-servicios.php","meta":{"footnotes":""},"acf":[],"yoast_head":"<!-- This site is optimized with the Yoast SEO plugin v22.6 - https:\/\/yoast.com\/wordpress\/plugins\/seo\/ -->\n<title>Serveis - NOMAD<\/title>\n<meta name=\"description\" content=\"Cursos, cates, consultories i cursos formatius. Ens movem on faci falta i anem amb la nostra barra a qualsevol esdeveniment o c\u00e0tering.\" \/>\n<meta name=\"robots\" content=\"noindex, follow, max-snippet:-1, max-image-preview:large, max-video-preview:-1\" \/>\n<meta property=\"og:locale\" content=\"ca_ES\" \/>\n<meta property=\"og:type\" content=\"article\" \/>\n<meta property=\"og:title\" content=\"Serveis - NOMAD\" \/>\n<meta property=\"og:description\" content=\"Cursos, cates, consultories i cursos formatius. Ens movem on faci falta i anem amb la nostra barra a qualsevol esdeveniment o c\u00e0tering.\" \/>\n<meta property=\"og:url\" content=\"https:\/\/subs.nomadcoffee.es\/ca\/serveis\/\" \/>\n<meta property=\"og:site_name\" content=\"NOMAD\" \/>\n<meta property=\"article:modified_time\" content=\"2022-06-30T12:29:17+00:00\" \/>\n<meta property=\"og:image\" content=\"https:\/\/subs.nomadcoffee.es\/wp-content\/uploads\/2020\/03\/nomad_coffee_cursos_catas_cafe_especialidad-1.jpg\" \/>\n\t<meta property=\"og:image:width\" content=\"1778\" \/>\n\t<meta property=\"og:image:height\" content=\"1333\" \/>\n\t<meta property=\"og:image:type\" content=\"image\/jpeg\" \/>\n<meta name=\"twitter:card\" content=\"summary_large_image\" \/>\n<meta name=\"twitter:label1\" content=\"Temps estimat de lectura\" \/>\n\t<meta name=\"twitter:data1\" content=\"1 minut\" \/>\n<script type=\"application\/ld+json\" class=\"yoast-schema-graph\">{\"@context\":\"https:\/\/schema.org\",\"@graph\":[{\"@type\":\"WebPage\",\"@id\":\"https:\/\/subs.nomadcoffee.es\/ca\/serveis\/\",\"url\":\"https:\/\/subs.nomadcoffee.es\/ca\/serveis\/\",\"name\":\"Serveis - NOMAD\",\"isPartOf\":{\"@id\":\"https:\/\/subs.nomadcoffee.es\/ca\/#website\"},\"primaryImageOfPage\":{\"@id\":\"https:\/\/subs.nomadcoffee.es\/ca\/serveis\/#primaryimage\"},\"image\":{\"@id\":\"https:\/\/subs.nomadcoffee.es\/ca\/serveis\/#primaryimage\"},\"thumbnailUrl\":\"https:\/\/subs.nomadcoffee.es\/wp-content\/uploads\/2020\/03\/nomad_coffee_cursos_catas_cafe_especialidad-1.jpg\",\"datePublished\":\"2016-04-29T08:21:11+00:00\",\"dateModified\":\"2022-06-30T12:29:17+00:00\",\"description\":\"Cursos, cates, consultories i cursos formatius. Ens movem on faci falta i anem amb la nostra barra a qualsevol esdeveniment o c\u00e0tering.\",\"breadcrumb\":{\"@id\":\"https:\/\/subs.nomadcoffee.es\/ca\/serveis\/#breadcrumb\"},\"inLanguage\":\"ca\",\"potentialAction\":[{\"@type\":\"ReadAction\",\"target\":[\"https:\/\/subs.nomadcoffee.es\/ca\/serveis\/\"]}]},{\"@type\":\"ImageObject\",\"inLanguage\":\"ca\",\"@id\":\"https:\/\/subs.nomadcoffee.es\/ca\/serveis\/#primaryimage\",\"url\":\"https:\/\/subs.nomadcoffee.es\/wp-content\/uploads\/2020\/03\/nomad_coffee_cursos_catas_cafe_especialidad-1.jpg\",\"contentUrl\":\"https:\/\/subs.nomadcoffee.es\/wp-content\/uploads\/2020\/03\/nomad_coffee_cursos_catas_cafe_especialidad-1.jpg\",\"width\":1778,\"height\":1333},{\"@type\":\"BreadcrumbList\",\"@id\":\"https:\/\/subs.nomadcoffee.es\/ca\/serveis\/#breadcrumb\",\"itemListElement\":[{\"@type\":\"ListItem\",\"position\":1,\"name\":\"Portada\",\"item\":\"https:\/\/subs.nomadcoffee.es\/ca\/\"},{\"@type\":\"ListItem\",\"position\":2,\"name\":\"Serveis\"}]},{\"@type\":\"WebSite\",\"@id\":\"https:\/\/subs.nomadcoffee.es\/ca\/#website\",\"url\":\"https:\/\/subs.nomadcoffee.es\/ca\/\",\"name\":\"Nomad Coffee\",\"description\":\"Caf\u00e9 de origen, tostado en Barcelona\",\"publisher\":{\"@id\":\"https:\/\/subs.nomadcoffee.es\/ca\/#organization\"},\"alternateName\":\"Nomad Coffee\",\"potentialAction\":[{\"@type\":\"SearchAction\",\"target\":{\"@type\":\"EntryPoint\",\"urlTemplate\":\"https:\/\/subs.nomadcoffee.es\/ca\/?s={search_term_string}\"},\"query-input\":\"required name=search_term_string\"}],\"inLanguage\":\"ca\"},{\"@type\":\"Organization\",\"@id\":\"https:\/\/subs.nomadcoffee.es\/ca\/#organization\",\"name\":\"Nomad Coffee\",\"alternateName\":\"Nomad Coffee\",\"url\":\"https:\/\/subs.nomadcoffee.es\/ca\/\",\"logo\":{\"@type\":\"ImageObject\",\"inLanguage\":\"ca\",\"@id\":\"https:\/\/subs.nomadcoffee.es\/ca\/#\/schema\/logo\/image\/\",\"url\":\"https:\/\/nomadcoffee.es\/wp-content\/uploads\/2023\/05\/logo-Nomad.jpg\",\"contentUrl\":\"https:\/\/nomadcoffee.es\/wp-content\/uploads\/2023\/05\/logo-Nomad.jpg\",\"width\":200,\"height\":200,\"caption\":\"Nomad Coffee\"},\"image\":{\"@id\":\"https:\/\/subs.nomadcoffee.es\/ca\/#\/schema\/logo\/image\/\"}}]}<\/script>\n<!-- \/ Yoast SEO plugin. -->","yoast_head_json":{"title":"Serveis - NOMAD","description":"Cursos, cates, consultories i cursos formatius. Ens movem on faci falta i anem amb la nostra barra a qualsevol esdeveniment o c\u00e0tering.","robots":{"index":"noindex","follow":"follow","max-snippet":"max-snippet:-1","max-image-preview":"max-image-preview:large","max-video-preview":"max-video-preview:-1"},"og_locale":"ca_ES","og_type":"article","og_title":"Serveis - NOMAD","og_description":"Cursos, cates, consultories i cursos formatius. Ens movem on faci falta i anem amb la nostra barra a qualsevol esdeveniment o c\u00e0tering.","og_url":"https:\/\/subs.nomadcoffee.es\/ca\/serveis\/","og_site_name":"NOMAD","article_modified_time":"2022-06-30T12:29:17+00:00","og_image":[{"width":1778,"height":1333,"url":"https:\/\/subs.nomadcoffee.es\/wp-content\/uploads\/2020\/03\/nomad_coffee_cursos_catas_cafe_especialidad-1.jpg","type":"image\/jpeg"}],"twitter_card":"summary_large_image","twitter_misc":{"Temps estimat de lectura":"1 minut"},"schema":{"@context":"https:\/\/schema.org","@graph":[{"@type":"WebPage","@id":"https:\/\/subs.nomadcoffee.es\/ca\/serveis\/","url":"https:\/\/subs.nomadcoffee.es\/ca\/serveis\/","name":"Serveis - NOMAD","isPartOf":{"@id":"https:\/\/subs.nomadcoffee.es\/ca\/#website"},"primaryImageOfPage":{"@id":"https:\/\/subs.nomadcoffee.es\/ca\/serveis\/#primaryimage"},"image":{"@id":"https:\/\/subs.nomadcoffee.es\/ca\/serveis\/#primaryimage"},"thumbnailUrl":"https:\/\/subs.nomadcoffee.es\/wp-content\/uploads\/2020\/03\/nomad_coffee_cursos_catas_cafe_especialidad-1.jpg","datePublished":"2016-04-29T08:21:11+00:00","dateModified":"2022-06-30T12:29:17+00:00","description":"Cursos, cates, consultories i cursos formatius. Ens movem on faci falta i anem amb la nostra barra a qualsevol esdeveniment o c\u00e0tering.","breadcrumb":{"@id":"https:\/\/subs.nomadcoffee.es\/ca\/serveis\/#breadcrumb"},"inLanguage":"ca","potentialAction":[{"@type":"ReadAction","target":["https:\/\/subs.nomadcoffee.es\/ca\/serveis\/"]}]},{"@type":"ImageObject","inLanguage":"ca","@id":"https:\/\/subs.nomadcoffee.es\/ca\/serveis\/#primaryimage","url":"https:\/\/subs.nomadcoffee.es\/wp-content\/uploads\/2020\/03\/nomad_coffee_cursos_catas_cafe_especialidad-1.jpg","contentUrl":"https:\/\/subs.nomadcoffee.es\/wp-content\/uploads\/2020\/03\/nomad_coffee_cursos_catas_cafe_especialidad-1.jpg","width":1778,"height":1333},{"@type":"BreadcrumbList","@id":"https:\/\/subs.nomadcoffee.es\/ca\/serveis\/#breadcrumb","itemListElement":[{"@type":"ListItem","position":1,"name":"Portada","item":"https:\/\/subs.nomadcoffee.es\/ca\/"},{"@type":"ListItem","position":2,"name":"Serveis"}]},{"@type":"WebSite","@id":"https:\/\/subs.nomadcoffee.es\/ca\/#website","url":"https:\/\/subs.nomadcoffee.es\/ca\/","name":"Nomad Coffee","description":"Caf\u00e9 de origen, tostado en Barcelona","publisher":{"@id":"https:\/\/subs.nomadcoffee.es\/ca\/#organization"},"alternateName":"Nomad Coffee","potentialAction":[{"@type":"SearchAction","target":{"@type":"EntryPoint","urlTemplate":"https:\/\/subs.nomadcoffee.es\/ca\/?s={search_term_string}"},"query-input":"required name=search_term_string"}],"inLanguage":"ca"},{"@type":"Organization","@id":"https:\/\/subs.nomadcoffee.es\/ca\/#organization","name":"Nomad Coffee","alternateName":"Nomad Coffee","url":"https:\/\/subs.nomadcoffee.es\/ca\/","logo":{"@type":"ImageObject","inLanguage":"ca","@id":"https:\/\/subs.nomadcoffee.es\/ca\/#\/schema\/logo\/image\/","url":"https:\/\/nomadcoffee.es\/wp-content\/uploads\/2023\/05\/logo-Nomad.jpg","contentUrl":"https:\/\/nomadcoffee.es\/wp-content\/uploads\/2023\/05\/logo-Nomad.jpg","width":200,"height":200,"caption":"Nomad Coffee"},"image":{"@id":"https:\/\/subs.nomadcoffee.es\/ca\/#\/schema\/logo\/image\/"}}]}},"_links":{"self":[{"href":"https:\/\/subs.nomadcoffee.es\/ca\/wp-json\/wp\/v2\/pages\/49847"}],"collection":[{"href":"https:\/\/subs.nomadcoffee.es\/ca\/wp-json\/wp\/v2\/pages"}],"about":[{"href":"https:\/\/subs.nomadcoffee.es\/ca\/wp-json\/wp\/v2\/types\/page"}],"author":[{"embeddable":true,"href":"https:\/\/subs.nomadcoffee.es\/ca\/wp-json\/wp\/v2\/users\/5"}],"replies":[{"embeddable":true,"href":"https:\/\/subs.nomadcoffee.es\/ca\/wp-json\/wp\/v2\/comments?post=49847"}],"version-history":[{"count":3,"href":"https:\/\/subs.nomadcoffee.es\/ca\/wp-json\/wp\/v2\/pages\/49847\/revisions"}],"predecessor-version":[{"id":69852,"href":"https:\/\/subs.nomadcoffee.es\/ca\/wp-json\/wp\/v2\/pages\/49847\/revisions\/69852"}],"wp:featuredmedia":[{"embeddable":true,"href":"https:\/\/subs.nomadcoffee.es\/ca\/wp-json\/wp\/v2\/media\/14144"}],"wp:attachment":[{"href":"https:\/\/subs.nomadcoffee.es\/ca\/wp-json\/wp\/v2\/media?parent=49847"}],"curies":[{"name":"wp","href":"https:\/\/api.w.org\/{rel}","templated":true}]}}