{"id":56115,"date":"2021-05-06T17:30:49","date_gmt":"2021-05-06T15:30:49","guid":{"rendered":"https:\/\/nomadcoffee.es\/ens-coneixes-nomad-coffee\/transparency\/"},"modified":"2023-04-20T11:30:13","modified_gmt":"2023-04-20T09:30:13","slug":"transparency-report-respecte-mostrar","status":"publish","type":"page","link":"https:\/\/subs.nomadcoffee.es\/ca\/ens-coneixes-nomad-coffee\/transparency-report-respecte-mostrar\/","title":{"rendered":"Transparency"},"content":{"rendered":"<h2 style=\"text-align: center;\">TRANSPARENCY REPORT<\/h2>\n<p>El respecte cap el\/la productor\/a de caf\u00e8 ho volem demostrar sent transparents en la compra dels nostres lots. A partir de l\u2019any 2020 vam decidim fer un report de transpar\u00e8ncia de tots els caf\u00e8s que comprem cada any, i des de 2021 hem aconseguit transparentar el 100% del nostre men\u00fa.<\/p>\n<p>En aquest report, a m\u00e9s del preu FOB, trobar\u00e0s la relaci\u00f3 que tenim amb el\/la productor\/a, una comparativa amb preus pagats al 2021 i al 2022, informaci\u00f3 sobre les nostres despeses i sobre les persones que conformen l\u2019equip de NOMAD.<\/p>\n<p>Per veure m\u00e9s sobre aquest informe, fes click a <span style=\"color: #99999;\"> <a href=\"https:\/\/nomadcoffee.es\/wp-content\/uploads\/2023\/04\/Transparency-Report-2022-CAT.pdf\" target=\"_blank\" rel=\"noopener noreferrer\">aquest enlla\u00e7<\/a><\/span>.<\/p>\n<p>Tamb\u00e9 tens els enlla\u00e7os per descarregar-te els reports del <a href=\"https:\/\/nomadcoffee.es\/wp-content\/uploads\/2021\/05\/TRANSPARENCY_REPORT_CAT.pdf\" target=\"_blank\" rel=\"noopener noreferrer\"><span style=\"color: #99999;\">2020<\/span><\/a> i del <a href=\"https:\/\/nomadcoffee.es\/wp-content\/uploads\/2022\/04\/TRANSPARENCY_REPORT_CAT_2021_AAFF.pdf\" target=\"_blank\" rel=\"noopener noreferrer\"><span style=\"color: #99999;\">2021<\/span><\/a>.<\/p>\n<p>&nbsp;<\/p>\n","protected":false},"excerpt":{"rendered":"<p>TRANSPARENCY REPORT El respecte cap el\/la productor\/a de caf\u00e8 ho volem demostrar sent transparents en la compra dels nostres lots. [&hellip;]<\/p>\n","protected":false},"author":5,"featured_media":0,"parent":14061,"menu_order":0,"comment_status":"closed","ping_status":"closed","template":"page-about.php","meta":{"footnotes":""},"acf":[],"yoast_head":"<!-- This site is optimized with the Yoast SEO plugin v22.6 - https:\/\/yoast.com\/wordpress\/plugins\/seo\/ -->\n<title>El nostre estimat transparency report - NOMAD COFFEE<\/title>\n<meta name=\"description\" content=\"Amb aquest transparency report volem demostrar tot el respecte que tenim cap a les \/ els productores \/ \u00e9s i mostrar-nos tal com som.\" \/>\n<meta name=\"robots\" content=\"noindex, follow, max-snippet:-1, max-image-preview:large, max-video-preview:-1\" \/>\n<meta property=\"og:locale\" content=\"ca_ES\" \/>\n<meta property=\"og:type\" content=\"article\" \/>\n<meta property=\"og:title\" content=\"El nostre estimat transparency report - NOMAD COFFEE\" \/>\n<meta property=\"og:description\" content=\"Amb aquest transparency report volem demostrar tot el respecte que tenim cap a les \/ els productores \/ \u00e9s i mostrar-nos tal com som.\" \/>\n<meta property=\"og:url\" content=\"https:\/\/subs.nomadcoffee.es\/ca\/ens-coneixes-nomad-coffee\/transparency-report-respecte-mostrar\/\" \/>\n<meta property=\"og:site_name\" content=\"NOMAD\" \/>\n<meta property=\"article:modified_time\" content=\"2023-04-20T09:30:13+00:00\" \/>\n<meta name=\"twitter:card\" content=\"summary_large_image\" \/>\n<meta name=\"twitter:label1\" content=\"Temps estimat de lectura\" \/>\n\t<meta name=\"twitter:data1\" content=\"1 minut\" \/>\n<script type=\"application\/ld+json\" class=\"yoast-schema-graph\">{\"@context\":\"https:\/\/schema.org\",\"@graph\":[{\"@type\":\"WebPage\",\"@id\":\"https:\/\/subs.nomadcoffee.es\/ca\/ens-coneixes-nomad-coffee\/transparency-report-respecte-mostrar\/\",\"url\":\"https:\/\/subs.nomadcoffee.es\/ca\/ens-coneixes-nomad-coffee\/transparency-report-respecte-mostrar\/\",\"name\":\"El nostre estimat transparency report - NOMAD COFFEE\",\"isPartOf\":{\"@id\":\"https:\/\/subs.nomadcoffee.es\/ca\/#website\"},\"datePublished\":\"2021-05-06T15:30:49+00:00\",\"dateModified\":\"2023-04-20T09:30:13+00:00\",\"description\":\"Amb aquest transparency report volem demostrar tot el respecte que tenim cap a les \/ els productores \/ \u00e9s i mostrar-nos tal com som.\",\"breadcrumb\":{\"@id\":\"https:\/\/subs.nomadcoffee.es\/ca\/ens-coneixes-nomad-coffee\/transparency-report-respecte-mostrar\/#breadcrumb\"},\"inLanguage\":\"ca\",\"potentialAction\":[{\"@type\":\"ReadAction\",\"target\":[\"https:\/\/subs.nomadcoffee.es\/ca\/ens-coneixes-nomad-coffee\/transparency-report-respecte-mostrar\/\"]}]},{\"@type\":\"BreadcrumbList\",\"@id\":\"https:\/\/subs.nomadcoffee.es\/ca\/ens-coneixes-nomad-coffee\/transparency-report-respecte-mostrar\/#breadcrumb\",\"itemListElement\":[{\"@type\":\"ListItem\",\"position\":1,\"name\":\"Portada\",\"item\":\"https:\/\/subs.nomadcoffee.es\/ca\/\"},{\"@type\":\"ListItem\",\"position\":2,\"name\":\"Nosaltres\",\"item\":\"https:\/\/subs.nomadcoffee.es\/ca\/ens-coneixes-nomad-coffee\/\"},{\"@type\":\"ListItem\",\"position\":3,\"name\":\"Transparency\"}]},{\"@type\":\"WebSite\",\"@id\":\"https:\/\/subs.nomadcoffee.es\/ca\/#website\",\"url\":\"https:\/\/subs.nomadcoffee.es\/ca\/\",\"name\":\"Nomad Coffee\",\"description\":\"Caf\u00e9 de origen, tostado en Barcelona\",\"publisher\":{\"@id\":\"https:\/\/subs.nomadcoffee.es\/ca\/#organization\"},\"alternateName\":\"Nomad Coffee\",\"potentialAction\":[{\"@type\":\"SearchAction\",\"target\":{\"@type\":\"EntryPoint\",\"urlTemplate\":\"https:\/\/subs.nomadcoffee.es\/ca\/?s={search_term_string}\"},\"query-input\":\"required name=search_term_string\"}],\"inLanguage\":\"ca\"},{\"@type\":\"Organization\",\"@id\":\"https:\/\/subs.nomadcoffee.es\/ca\/#organization\",\"name\":\"Nomad Coffee\",\"alternateName\":\"Nomad Coffee\",\"url\":\"https:\/\/subs.nomadcoffee.es\/ca\/\",\"logo\":{\"@type\":\"ImageObject\",\"inLanguage\":\"ca\",\"@id\":\"https:\/\/subs.nomadcoffee.es\/ca\/#\/schema\/logo\/image\/\",\"url\":\"https:\/\/nomadcoffee.es\/wp-content\/uploads\/2023\/05\/logo-Nomad.jpg\",\"contentUrl\":\"https:\/\/nomadcoffee.es\/wp-content\/uploads\/2023\/05\/logo-Nomad.jpg\",\"width\":200,\"height\":200,\"caption\":\"Nomad Coffee\"},\"image\":{\"@id\":\"https:\/\/subs.nomadcoffee.es\/ca\/#\/schema\/logo\/image\/\"}}]}<\/script>\n<!-- \/ Yoast SEO plugin. -->","yoast_head_json":{"title":"El nostre estimat transparency report - NOMAD COFFEE","description":"Amb aquest transparency report volem demostrar tot el respecte que tenim cap a les \/ els productores \/ \u00e9s i mostrar-nos tal com som.","robots":{"index":"noindex","follow":"follow","max-snippet":"max-snippet:-1","max-image-preview":"max-image-preview:large","max-video-preview":"max-video-preview:-1"},"og_locale":"ca_ES","og_type":"article","og_title":"El nostre estimat transparency report - NOMAD COFFEE","og_description":"Amb aquest transparency report volem demostrar tot el respecte que tenim cap a les \/ els productores \/ \u00e9s i mostrar-nos tal com som.","og_url":"https:\/\/subs.nomadcoffee.es\/ca\/ens-coneixes-nomad-coffee\/transparency-report-respecte-mostrar\/","og_site_name":"NOMAD","article_modified_time":"2023-04-20T09:30:13+00:00","twitter_card":"summary_large_image","twitter_misc":{"Temps estimat de lectura":"1 minut"},"schema":{"@context":"https:\/\/schema.org","@graph":[{"@type":"WebPage","@id":"https:\/\/subs.nomadcoffee.es\/ca\/ens-coneixes-nomad-coffee\/transparency-report-respecte-mostrar\/","url":"https:\/\/subs.nomadcoffee.es\/ca\/ens-coneixes-nomad-coffee\/transparency-report-respecte-mostrar\/","name":"El nostre estimat transparency report - NOMAD COFFEE","isPartOf":{"@id":"https:\/\/subs.nomadcoffee.es\/ca\/#website"},"datePublished":"2021-05-06T15:30:49+00:00","dateModified":"2023-04-20T09:30:13+00:00","description":"Amb aquest transparency report volem demostrar tot el respecte que tenim cap a les \/ els productores \/ \u00e9s i mostrar-nos tal com som.","breadcrumb":{"@id":"https:\/\/subs.nomadcoffee.es\/ca\/ens-coneixes-nomad-coffee\/transparency-report-respecte-mostrar\/#breadcrumb"},"inLanguage":"ca","potentialAction":[{"@type":"ReadAction","target":["https:\/\/subs.nomadcoffee.es\/ca\/ens-coneixes-nomad-coffee\/transparency-report-respecte-mostrar\/"]}]},{"@type":"BreadcrumbList","@id":"https:\/\/subs.nomadcoffee.es\/ca\/ens-coneixes-nomad-coffee\/transparency-report-respecte-mostrar\/#breadcrumb","itemListElement":[{"@type":"ListItem","position":1,"name":"Portada","item":"https:\/\/subs.nomadcoffee.es\/ca\/"},{"@type":"ListItem","position":2,"name":"Nosaltres","item":"https:\/\/subs.nomadcoffee.es\/ca\/ens-coneixes-nomad-coffee\/"},{"@type":"ListItem","position":3,"name":"Transparency"}]},{"@type":"WebSite","@id":"https:\/\/subs.nomadcoffee.es\/ca\/#website","url":"https:\/\/subs.nomadcoffee.es\/ca\/","name":"Nomad Coffee","description":"Caf\u00e9 de origen, tostado en Barcelona","publisher":{"@id":"https:\/\/subs.nomadcoffee.es\/ca\/#organization"},"alternateName":"Nomad Coffee","potentialAction":[{"@type":"SearchAction","target":{"@type":"EntryPoint","urlTemplate":"https:\/\/subs.nomadcoffee.es\/ca\/?s={search_term_string}"},"query-input":"required name=search_term_string"}],"inLanguage":"ca"},{"@type":"Organization","@id":"https:\/\/subs.nomadcoffee.es\/ca\/#organization","name":"Nomad Coffee","alternateName":"Nomad Coffee","url":"https:\/\/subs.nomadcoffee.es\/ca\/","logo":{"@type":"ImageObject","inLanguage":"ca","@id":"https:\/\/subs.nomadcoffee.es\/ca\/#\/schema\/logo\/image\/","url":"https:\/\/nomadcoffee.es\/wp-content\/uploads\/2023\/05\/logo-Nomad.jpg","contentUrl":"https:\/\/nomadcoffee.es\/wp-content\/uploads\/2023\/05\/logo-Nomad.jpg","width":200,"height":200,"caption":"Nomad Coffee"},"image":{"@id":"https:\/\/subs.nomadcoffee.es\/ca\/#\/schema\/logo\/image\/"}}]}},"_links":{"self":[{"href":"https:\/\/subs.nomadcoffee.es\/ca\/wp-json\/wp\/v2\/pages\/56115"}],"collection":[{"href":"https:\/\/subs.nomadcoffee.es\/ca\/wp-json\/wp\/v2\/pages"}],"about":[{"href":"https:\/\/subs.nomadcoffee.es\/ca\/wp-json\/wp\/v2\/types\/page"}],"author":[{"embeddable":true,"href":"https:\/\/subs.nomadcoffee.es\/ca\/wp-json\/wp\/v2\/users\/5"}],"replies":[{"embeddable":true,"href":"https:\/\/subs.nomadcoffee.es\/ca\/wp-json\/wp\/v2\/comments?post=56115"}],"version-history":[{"count":18,"href":"https:\/\/subs.nomadcoffee.es\/ca\/wp-json\/wp\/v2\/pages\/56115\/revisions"}],"predecessor-version":[{"id":79913,"href":"https:\/\/subs.nomadcoffee.es\/ca\/wp-json\/wp\/v2\/pages\/56115\/revisions\/79913"}],"up":[{"embeddable":true,"href":"https:\/\/subs.nomadcoffee.es\/ca\/wp-json\/wp\/v2\/pages\/14061"}],"wp:attachment":[{"href":"https:\/\/subs.nomadcoffee.es\/ca\/wp-json\/wp\/v2\/media?parent=56115"}],"curies":[{"name":"wp","href":"https:\/\/api.w.org\/{rel}","templated":true}]}}