{"id":65458,"date":"2021-09-29T17:22:50","date_gmt":"2021-09-29T15:22:50","guid":{"rendered":"https:\/\/nomadcoffee.es\/?page_id=65458"},"modified":"2023-05-24T09:29:25","modified_gmt":"2023-05-24T07:29:25","slug":"politica-denviaments-2","status":"publish","type":"page","link":"https:\/\/subs.nomadcoffee.es\/ca\/politica-denviaments-2\/","title":{"rendered":"Politica d&#8217;enviaments"},"content":{"rendered":"<p>* Enviament gratu\u00eft per comandes superiors a 30 \u20ac per a Pen\u00ednsula, Balears i Portugal. UNICAMENT PER CAF\u00c8 (No est\u00e0 incloses les Illes Can\u00e0ries)<\/p>\n<p>* Enviament gratu\u00eft per comandes superiors a 80 \u20ac per a Europa. Pa\u00efsos que es beneficien de la promo: Andorra, \u00c0ustria, B\u00e8lgica, Bulg\u00e0ria, Cro\u00e0cia, Xipre, Rep\u00fablica Txeca, Dinamarca, Est\u00f2nia, Finl\u00e0ndia, Fran\u00e7a, Alemanya, Gibraltar, Gr\u00e8cia, Hongria, Irlanda, It\u00e0lia, Let\u00f2nia, Liechtenstein, Litu\u00e0nia, Luxemburg, M\u00f2naco, Holanda, Pol\u00f2nia, Romania, Eslov\u00e0quia, Eslov\u00e8nia, Su\u00e8cia, Regne Unit. UNICAMENT PER CAF\u00c8<\/p>\n<p>* Les targetes de regal Nomad Coffee estan exemptes d&#8217;enviament gratu\u00eft.<\/p>\n<p>* Els enviaments gratu\u00efts queden exclosos per a Su\u00efssa, Noruega, Jersey, Guernsey, Liechtenstein i San Marino.<\/p>\n<p>En Nomad operem amb Nacex per a comandes nacionals amb un temps de lliurament estimat d&#8217;entre 24h i 48h.<br \/>\nAmb UPS per a comandes internacionals amb un temps de lliurament estimat d&#8217;entre 48h i 96h.<br \/>\nI fem servir UPS Express per a enviaments a Orient Mitj\u00e0 amb un temps de lliurament estimat de 48h i 96h.<\/p>\n<p>Els nostres dies de preparaci\u00f3 i enviament de comandes \u00e9s de dimarts a dijous. I totes les nostres subscripcions s\u00f3n enviades el primer dimecres de cada mes.<\/p>\n<p>Les comandes realitzades despr\u00e9s de les 14.00 (hora peninsular) seran processats el seg\u00fcent dia h\u00e0bil. Les comandes processats els dijous a partir de les 14.00 seran processats dimarts de la setmana seg\u00fcent. Descobreix aqu\u00ed el per qu\u00e8.<\/p>\n<p>Les tarifes d&#8217;enviament internacional cobreixen nom\u00e9s les despeses d&#8217;enviament. Recordeu que els aranzels i els impostos no estan inclosos en el preu de la seva comanda a l&#8217;finalitzar la compra. Aquestes tarifes seran avaluades per l&#8217;empresa transportista i han de ser pagades pel destinatari de la comanda.<\/p>\n<p>Les pol\u00edtiques de Duanes varia \u00e0mpliament d&#8217;un pa\u00eds a un altre; Us recomanem que us poseu en contacte amb la seva oficina de duanes local per obtenir m\u00e9s informaci\u00f3. Quan es requereixen procediments de despatx de duanes, pot causar demores m\u00e9s enll\u00e0 de les nostres estimacions de lliurament originals.<\/p>\n<p style=\"text-align: center;\">\n","protected":false},"excerpt":{"rendered":"<p>* Enviament gratu\u00eft per comandes superiors a 30 \u20ac per a Pen\u00ednsula, Balears i Portugal. UNICAMENT PER CAF\u00c8 (No est\u00e0 [&hellip;]<\/p>\n","protected":false},"author":5,"featured_media":0,"parent":0,"menu_order":0,"comment_status":"closed","ping_status":"closed","template":"page-politica-envios.php","meta":{"footnotes":""},"acf":[],"yoast_head":"<!-- This site is optimized with the Yoast SEO plugin v22.6 - https:\/\/yoast.com\/wordpress\/plugins\/seo\/ -->\n<title>Pol\u00edtica de env\u00edos - NOMAD COFFEE<\/title>\n<meta name=\"description\" content=\"El meu enviament ser\u00e0 gratu\u00eft? Quan trigar\u00e0 la meva comanda? Si voleu saber com funcionen els nostres enviaments, aquest \u00e9s el vostre enlla\u00e7.\" \/>\n<meta name=\"robots\" content=\"noindex, follow, max-snippet:-1, max-image-preview:large, max-video-preview:-1\" \/>\n<meta property=\"og:locale\" content=\"ca_ES\" \/>\n<meta property=\"og:type\" content=\"article\" \/>\n<meta property=\"og:title\" content=\"Pol\u00edtica de env\u00edos - NOMAD COFFEE\" \/>\n<meta property=\"og:description\" content=\"El meu enviament ser\u00e0 gratu\u00eft? Quan trigar\u00e0 la meva comanda? Si voleu saber com funcionen els nostres enviaments, aquest \u00e9s el vostre enlla\u00e7.\" \/>\n<meta property=\"og:url\" content=\"https:\/\/subs.nomadcoffee.es\/ca\/politica-denviaments-2\/\" \/>\n<meta property=\"og:site_name\" content=\"NOMAD\" \/>\n<meta property=\"article:modified_time\" content=\"2023-05-24T07:29:25+00:00\" \/>\n<meta name=\"twitter:card\" content=\"summary_large_image\" \/>\n<meta name=\"twitter:label1\" content=\"Temps estimat de lectura\" \/>\n\t<meta name=\"twitter:data1\" content=\"2 minuts\" \/>\n<script type=\"application\/ld+json\" class=\"yoast-schema-graph\">{\"@context\":\"https:\/\/schema.org\",\"@graph\":[{\"@type\":\"WebPage\",\"@id\":\"https:\/\/subs.nomadcoffee.es\/ca\/politica-denviaments-2\/\",\"url\":\"https:\/\/subs.nomadcoffee.es\/ca\/politica-denviaments-2\/\",\"name\":\"Pol\u00edtica de env\u00edos - NOMAD COFFEE\",\"isPartOf\":{\"@id\":\"https:\/\/subs.nomadcoffee.es\/ca\/#website\"},\"datePublished\":\"2021-09-29T15:22:50+00:00\",\"dateModified\":\"2023-05-24T07:29:25+00:00\",\"description\":\"El meu enviament ser\u00e0 gratu\u00eft? Quan trigar\u00e0 la meva comanda? Si voleu saber com funcionen els nostres enviaments, aquest \u00e9s el vostre enlla\u00e7.\",\"breadcrumb\":{\"@id\":\"https:\/\/subs.nomadcoffee.es\/ca\/politica-denviaments-2\/#breadcrumb\"},\"inLanguage\":\"ca\",\"potentialAction\":[{\"@type\":\"ReadAction\",\"target\":[\"https:\/\/subs.nomadcoffee.es\/ca\/politica-denviaments-2\/\"]}]},{\"@type\":\"BreadcrumbList\",\"@id\":\"https:\/\/subs.nomadcoffee.es\/ca\/politica-denviaments-2\/#breadcrumb\",\"itemListElement\":[{\"@type\":\"ListItem\",\"position\":1,\"name\":\"Portada\",\"item\":\"https:\/\/subs.nomadcoffee.es\/ca\/\"},{\"@type\":\"ListItem\",\"position\":2,\"name\":\"Politica d&#8217;enviaments\"}]},{\"@type\":\"WebSite\",\"@id\":\"https:\/\/subs.nomadcoffee.es\/ca\/#website\",\"url\":\"https:\/\/subs.nomadcoffee.es\/ca\/\",\"name\":\"Nomad Coffee\",\"description\":\"Caf\u00e9 de origen, tostado en Barcelona\",\"publisher\":{\"@id\":\"https:\/\/subs.nomadcoffee.es\/ca\/#organization\"},\"alternateName\":\"Nomad Coffee\",\"potentialAction\":[{\"@type\":\"SearchAction\",\"target\":{\"@type\":\"EntryPoint\",\"urlTemplate\":\"https:\/\/subs.nomadcoffee.es\/ca\/?s={search_term_string}\"},\"query-input\":\"required name=search_term_string\"}],\"inLanguage\":\"ca\"},{\"@type\":\"Organization\",\"@id\":\"https:\/\/subs.nomadcoffee.es\/ca\/#organization\",\"name\":\"Nomad Coffee\",\"alternateName\":\"Nomad Coffee\",\"url\":\"https:\/\/subs.nomadcoffee.es\/ca\/\",\"logo\":{\"@type\":\"ImageObject\",\"inLanguage\":\"ca\",\"@id\":\"https:\/\/subs.nomadcoffee.es\/ca\/#\/schema\/logo\/image\/\",\"url\":\"https:\/\/nomadcoffee.es\/wp-content\/uploads\/2023\/05\/logo-Nomad.jpg\",\"contentUrl\":\"https:\/\/nomadcoffee.es\/wp-content\/uploads\/2023\/05\/logo-Nomad.jpg\",\"width\":200,\"height\":200,\"caption\":\"Nomad Coffee\"},\"image\":{\"@id\":\"https:\/\/subs.nomadcoffee.es\/ca\/#\/schema\/logo\/image\/\"}}]}<\/script>\n<!-- \/ Yoast SEO plugin. -->","yoast_head_json":{"title":"Pol\u00edtica de env\u00edos - NOMAD COFFEE","description":"El meu enviament ser\u00e0 gratu\u00eft? Quan trigar\u00e0 la meva comanda? Si voleu saber com funcionen els nostres enviaments, aquest \u00e9s el vostre enlla\u00e7.","robots":{"index":"noindex","follow":"follow","max-snippet":"max-snippet:-1","max-image-preview":"max-image-preview:large","max-video-preview":"max-video-preview:-1"},"og_locale":"ca_ES","og_type":"article","og_title":"Pol\u00edtica de env\u00edos - NOMAD COFFEE","og_description":"El meu enviament ser\u00e0 gratu\u00eft? Quan trigar\u00e0 la meva comanda? Si voleu saber com funcionen els nostres enviaments, aquest \u00e9s el vostre enlla\u00e7.","og_url":"https:\/\/subs.nomadcoffee.es\/ca\/politica-denviaments-2\/","og_site_name":"NOMAD","article_modified_time":"2023-05-24T07:29:25+00:00","twitter_card":"summary_large_image","twitter_misc":{"Temps estimat de lectura":"2 minuts"},"schema":{"@context":"https:\/\/schema.org","@graph":[{"@type":"WebPage","@id":"https:\/\/subs.nomadcoffee.es\/ca\/politica-denviaments-2\/","url":"https:\/\/subs.nomadcoffee.es\/ca\/politica-denviaments-2\/","name":"Pol\u00edtica de env\u00edos - NOMAD COFFEE","isPartOf":{"@id":"https:\/\/subs.nomadcoffee.es\/ca\/#website"},"datePublished":"2021-09-29T15:22:50+00:00","dateModified":"2023-05-24T07:29:25+00:00","description":"El meu enviament ser\u00e0 gratu\u00eft? Quan trigar\u00e0 la meva comanda? Si voleu saber com funcionen els nostres enviaments, aquest \u00e9s el vostre enlla\u00e7.","breadcrumb":{"@id":"https:\/\/subs.nomadcoffee.es\/ca\/politica-denviaments-2\/#breadcrumb"},"inLanguage":"ca","potentialAction":[{"@type":"ReadAction","target":["https:\/\/subs.nomadcoffee.es\/ca\/politica-denviaments-2\/"]}]},{"@type":"BreadcrumbList","@id":"https:\/\/subs.nomadcoffee.es\/ca\/politica-denviaments-2\/#breadcrumb","itemListElement":[{"@type":"ListItem","position":1,"name":"Portada","item":"https:\/\/subs.nomadcoffee.es\/ca\/"},{"@type":"ListItem","position":2,"name":"Politica d&#8217;enviaments"}]},{"@type":"WebSite","@id":"https:\/\/subs.nomadcoffee.es\/ca\/#website","url":"https:\/\/subs.nomadcoffee.es\/ca\/","name":"Nomad Coffee","description":"Caf\u00e9 de origen, tostado en Barcelona","publisher":{"@id":"https:\/\/subs.nomadcoffee.es\/ca\/#organization"},"alternateName":"Nomad Coffee","potentialAction":[{"@type":"SearchAction","target":{"@type":"EntryPoint","urlTemplate":"https:\/\/subs.nomadcoffee.es\/ca\/?s={search_term_string}"},"query-input":"required name=search_term_string"}],"inLanguage":"ca"},{"@type":"Organization","@id":"https:\/\/subs.nomadcoffee.es\/ca\/#organization","name":"Nomad Coffee","alternateName":"Nomad Coffee","url":"https:\/\/subs.nomadcoffee.es\/ca\/","logo":{"@type":"ImageObject","inLanguage":"ca","@id":"https:\/\/subs.nomadcoffee.es\/ca\/#\/schema\/logo\/image\/","url":"https:\/\/nomadcoffee.es\/wp-content\/uploads\/2023\/05\/logo-Nomad.jpg","contentUrl":"https:\/\/nomadcoffee.es\/wp-content\/uploads\/2023\/05\/logo-Nomad.jpg","width":200,"height":200,"caption":"Nomad Coffee"},"image":{"@id":"https:\/\/subs.nomadcoffee.es\/ca\/#\/schema\/logo\/image\/"}}]}},"_links":{"self":[{"href":"https:\/\/subs.nomadcoffee.es\/ca\/wp-json\/wp\/v2\/pages\/65458"}],"collection":[{"href":"https:\/\/subs.nomadcoffee.es\/ca\/wp-json\/wp\/v2\/pages"}],"about":[{"href":"https:\/\/subs.nomadcoffee.es\/ca\/wp-json\/wp\/v2\/types\/page"}],"author":[{"embeddable":true,"href":"https:\/\/subs.nomadcoffee.es\/ca\/wp-json\/wp\/v2\/users\/5"}],"replies":[{"embeddable":true,"href":"https:\/\/subs.nomadcoffee.es\/ca\/wp-json\/wp\/v2\/comments?post=65458"}],"version-history":[{"count":12,"href":"https:\/\/subs.nomadcoffee.es\/ca\/wp-json\/wp\/v2\/pages\/65458\/revisions"}],"predecessor-version":[{"id":81158,"href":"https:\/\/subs.nomadcoffee.es\/ca\/wp-json\/wp\/v2\/pages\/65458\/revisions\/81158"}],"wp:attachment":[{"href":"https:\/\/subs.nomadcoffee.es\/ca\/wp-json\/wp\/v2\/media?parent=65458"}],"curies":[{"name":"wp","href":"https:\/\/api.w.org\/{rel}","templated":true}]}}