{"id":65469,"date":"2022-02-17T14:23:35","date_gmt":"2022-02-17T13:23:35","guid":{"rendered":"https:\/\/nomadcoffee.es\/?page_id=65469"},"modified":"2022-10-07T13:34:37","modified_gmt":"2022-10-07T11:34:37","slug":"dubtes-sobre-la-teva-suscripcio","status":"publish","type":"page","link":"https:\/\/subs.nomadcoffee.es\/ca\/dubtes-sobre-la-teva-suscripcio\/","title":{"rendered":"Dubtes sobre la teva subscripci\u00f3"},"content":{"rendered":"<p style=\"text-align: center;\">Tens una subscripci\u00f3 amb nosaltres i necessites fer alguns canvis?<\/p>\n","protected":false},"excerpt":{"rendered":"<p>Tens una subscripci\u00f3 amb nosaltres i necessites fer alguns canvis?<\/p>\n","protected":false},"author":1098,"featured_media":0,"parent":0,"menu_order":0,"comment_status":"closed","ping_status":"closed","template":"page-politica-envios.php","meta":{"footnotes":""},"acf":[],"yoast_head":"<!-- This site is optimized with the Yoast SEO plugin v22.6 - https:\/\/yoast.com\/wordpress\/plugins\/seo\/ -->\n<title>Dubtes sobre la teva subscripci\u00f3 - NOMAD COFFEE<\/title>\n<meta name=\"description\" content=\"\u00bfMi env\u00edo ser\u00e1 gratuito? \u00bfCu\u00e1nto tardar\u00e1 mi pedido? Si quieres saber c\u00f3mo funcionan nuestros env\u00edos este es tu enlace.\" \/>\n<meta name=\"robots\" content=\"noindex, follow, max-snippet:-1, max-image-preview:large, max-video-preview:-1\" \/>\n<meta property=\"og:locale\" content=\"ca_ES\" \/>\n<meta property=\"og:type\" content=\"article\" \/>\n<meta property=\"og:title\" content=\"Dubtes sobre la teva subscripci\u00f3 - NOMAD COFFEE\" \/>\n<meta property=\"og:description\" content=\"\u00bfMi env\u00edo ser\u00e1 gratuito? \u00bfCu\u00e1nto tardar\u00e1 mi pedido? Si quieres saber c\u00f3mo funcionan nuestros env\u00edos este es tu enlace.\" \/>\n<meta property=\"og:url\" content=\"https:\/\/subs.nomadcoffee.es\/ca\/dubtes-sobre-la-teva-suscripcio\/\" \/>\n<meta property=\"og:site_name\" content=\"NOMAD\" \/>\n<meta property=\"article:modified_time\" content=\"2022-10-07T11:34:37+00:00\" \/>\n<meta name=\"twitter:card\" content=\"summary_large_image\" \/>\n<meta name=\"twitter:label1\" content=\"Temps estimat de lectura\" \/>\n\t<meta name=\"twitter:data1\" content=\"1 minut\" \/>\n<script type=\"application\/ld+json\" class=\"yoast-schema-graph\">{\"@context\":\"https:\/\/schema.org\",\"@graph\":[{\"@type\":\"WebPage\",\"@id\":\"https:\/\/subs.nomadcoffee.es\/ca\/dubtes-sobre-la-teva-suscripcio\/\",\"url\":\"https:\/\/subs.nomadcoffee.es\/ca\/dubtes-sobre-la-teva-suscripcio\/\",\"name\":\"Dubtes sobre la teva subscripci\u00f3 - NOMAD COFFEE\",\"isPartOf\":{\"@id\":\"https:\/\/subs.nomadcoffee.es\/ca\/#website\"},\"datePublished\":\"2022-02-17T13:23:35+00:00\",\"dateModified\":\"2022-10-07T11:34:37+00:00\",\"description\":\"\u00bfMi env\u00edo ser\u00e1 gratuito? \u00bfCu\u00e1nto tardar\u00e1 mi pedido? Si quieres saber c\u00f3mo funcionan nuestros env\u00edos este es tu enlace.\",\"breadcrumb\":{\"@id\":\"https:\/\/subs.nomadcoffee.es\/ca\/dubtes-sobre-la-teva-suscripcio\/#breadcrumb\"},\"inLanguage\":\"ca\",\"potentialAction\":[{\"@type\":\"ReadAction\",\"target\":[\"https:\/\/subs.nomadcoffee.es\/ca\/dubtes-sobre-la-teva-suscripcio\/\"]}]},{\"@type\":\"BreadcrumbList\",\"@id\":\"https:\/\/subs.nomadcoffee.es\/ca\/dubtes-sobre-la-teva-suscripcio\/#breadcrumb\",\"itemListElement\":[{\"@type\":\"ListItem\",\"position\":1,\"name\":\"Portada\",\"item\":\"https:\/\/subs.nomadcoffee.es\/ca\/\"},{\"@type\":\"ListItem\",\"position\":2,\"name\":\"Dubtes sobre la teva subscripci\u00f3\"}]},{\"@type\":\"WebSite\",\"@id\":\"https:\/\/subs.nomadcoffee.es\/ca\/#website\",\"url\":\"https:\/\/subs.nomadcoffee.es\/ca\/\",\"name\":\"Nomad Coffee\",\"description\":\"Caf\u00e9 de origen, tostado en Barcelona\",\"publisher\":{\"@id\":\"https:\/\/subs.nomadcoffee.es\/ca\/#organization\"},\"alternateName\":\"Nomad Coffee\",\"potentialAction\":[{\"@type\":\"SearchAction\",\"target\":{\"@type\":\"EntryPoint\",\"urlTemplate\":\"https:\/\/subs.nomadcoffee.es\/ca\/?s={search_term_string}\"},\"query-input\":\"required name=search_term_string\"}],\"inLanguage\":\"ca\"},{\"@type\":\"Organization\",\"@id\":\"https:\/\/subs.nomadcoffee.es\/ca\/#organization\",\"name\":\"Nomad Coffee\",\"alternateName\":\"Nomad Coffee\",\"url\":\"https:\/\/subs.nomadcoffee.es\/ca\/\",\"logo\":{\"@type\":\"ImageObject\",\"inLanguage\":\"ca\",\"@id\":\"https:\/\/subs.nomadcoffee.es\/ca\/#\/schema\/logo\/image\/\",\"url\":\"https:\/\/nomadcoffee.es\/wp-content\/uploads\/2023\/05\/logo-Nomad.jpg\",\"contentUrl\":\"https:\/\/nomadcoffee.es\/wp-content\/uploads\/2023\/05\/logo-Nomad.jpg\",\"width\":200,\"height\":200,\"caption\":\"Nomad Coffee\"},\"image\":{\"@id\":\"https:\/\/subs.nomadcoffee.es\/ca\/#\/schema\/logo\/image\/\"}}]}<\/script>\n<!-- \/ Yoast SEO plugin. -->","yoast_head_json":{"title":"Dubtes sobre la teva subscripci\u00f3 - NOMAD COFFEE","description":"\u00bfMi env\u00edo ser\u00e1 gratuito? \u00bfCu\u00e1nto tardar\u00e1 mi pedido? Si quieres saber c\u00f3mo funcionan nuestros env\u00edos este es tu enlace.","robots":{"index":"noindex","follow":"follow","max-snippet":"max-snippet:-1","max-image-preview":"max-image-preview:large","max-video-preview":"max-video-preview:-1"},"og_locale":"ca_ES","og_type":"article","og_title":"Dubtes sobre la teva subscripci\u00f3 - NOMAD COFFEE","og_description":"\u00bfMi env\u00edo ser\u00e1 gratuito? \u00bfCu\u00e1nto tardar\u00e1 mi pedido? Si quieres saber c\u00f3mo funcionan nuestros env\u00edos este es tu enlace.","og_url":"https:\/\/subs.nomadcoffee.es\/ca\/dubtes-sobre-la-teva-suscripcio\/","og_site_name":"NOMAD","article_modified_time":"2022-10-07T11:34:37+00:00","twitter_card":"summary_large_image","twitter_misc":{"Temps estimat de lectura":"1 minut"},"schema":{"@context":"https:\/\/schema.org","@graph":[{"@type":"WebPage","@id":"https:\/\/subs.nomadcoffee.es\/ca\/dubtes-sobre-la-teva-suscripcio\/","url":"https:\/\/subs.nomadcoffee.es\/ca\/dubtes-sobre-la-teva-suscripcio\/","name":"Dubtes sobre la teva subscripci\u00f3 - NOMAD COFFEE","isPartOf":{"@id":"https:\/\/subs.nomadcoffee.es\/ca\/#website"},"datePublished":"2022-02-17T13:23:35+00:00","dateModified":"2022-10-07T11:34:37+00:00","description":"\u00bfMi env\u00edo ser\u00e1 gratuito? \u00bfCu\u00e1nto tardar\u00e1 mi pedido? Si quieres saber c\u00f3mo funcionan nuestros env\u00edos este es tu enlace.","breadcrumb":{"@id":"https:\/\/subs.nomadcoffee.es\/ca\/dubtes-sobre-la-teva-suscripcio\/#breadcrumb"},"inLanguage":"ca","potentialAction":[{"@type":"ReadAction","target":["https:\/\/subs.nomadcoffee.es\/ca\/dubtes-sobre-la-teva-suscripcio\/"]}]},{"@type":"BreadcrumbList","@id":"https:\/\/subs.nomadcoffee.es\/ca\/dubtes-sobre-la-teva-suscripcio\/#breadcrumb","itemListElement":[{"@type":"ListItem","position":1,"name":"Portada","item":"https:\/\/subs.nomadcoffee.es\/ca\/"},{"@type":"ListItem","position":2,"name":"Dubtes sobre la teva subscripci\u00f3"}]},{"@type":"WebSite","@id":"https:\/\/subs.nomadcoffee.es\/ca\/#website","url":"https:\/\/subs.nomadcoffee.es\/ca\/","name":"Nomad Coffee","description":"Caf\u00e9 de origen, tostado en Barcelona","publisher":{"@id":"https:\/\/subs.nomadcoffee.es\/ca\/#organization"},"alternateName":"Nomad Coffee","potentialAction":[{"@type":"SearchAction","target":{"@type":"EntryPoint","urlTemplate":"https:\/\/subs.nomadcoffee.es\/ca\/?s={search_term_string}"},"query-input":"required name=search_term_string"}],"inLanguage":"ca"},{"@type":"Organization","@id":"https:\/\/subs.nomadcoffee.es\/ca\/#organization","name":"Nomad Coffee","alternateName":"Nomad Coffee","url":"https:\/\/subs.nomadcoffee.es\/ca\/","logo":{"@type":"ImageObject","inLanguage":"ca","@id":"https:\/\/subs.nomadcoffee.es\/ca\/#\/schema\/logo\/image\/","url":"https:\/\/nomadcoffee.es\/wp-content\/uploads\/2023\/05\/logo-Nomad.jpg","contentUrl":"https:\/\/nomadcoffee.es\/wp-content\/uploads\/2023\/05\/logo-Nomad.jpg","width":200,"height":200,"caption":"Nomad Coffee"},"image":{"@id":"https:\/\/subs.nomadcoffee.es\/ca\/#\/schema\/logo\/image\/"}}]}},"_links":{"self":[{"href":"https:\/\/subs.nomadcoffee.es\/ca\/wp-json\/wp\/v2\/pages\/65469"}],"collection":[{"href":"https:\/\/subs.nomadcoffee.es\/ca\/wp-json\/wp\/v2\/pages"}],"about":[{"href":"https:\/\/subs.nomadcoffee.es\/ca\/wp-json\/wp\/v2\/types\/page"}],"author":[{"embeddable":true,"href":"https:\/\/subs.nomadcoffee.es\/ca\/wp-json\/wp\/v2\/users\/1098"}],"replies":[{"embeddable":true,"href":"https:\/\/subs.nomadcoffee.es\/ca\/wp-json\/wp\/v2\/comments?post=65469"}],"version-history":[{"count":3,"href":"https:\/\/subs.nomadcoffee.es\/ca\/wp-json\/wp\/v2\/pages\/65469\/revisions"}],"predecessor-version":[{"id":72927,"href":"https:\/\/subs.nomadcoffee.es\/ca\/wp-json\/wp\/v2\/pages\/65469\/revisions\/72927"}],"wp:attachment":[{"href":"https:\/\/subs.nomadcoffee.es\/ca\/wp-json\/wp\/v2\/media?parent=65469"}],"curies":[{"name":"wp","href":"https:\/\/api.w.org\/{rel}","templated":true}]}}