{"id":52559,"date":"2021-02-15T11:09:52","date_gmt":"2021-02-15T10:09:52","guid":{"rendered":"https:\/\/nomadcoffee.es\/producto\/quintas-de-guimaraes\/"},"modified":"2021-07-16T10:27:32","modified_gmt":"2021-07-16T08:27:32","slug":"quintas-de-guimaraes","status":"publish","type":"product","link":"https:\/\/subs.nomadcoffee.es\/ca\/producte\/quintas-de-guimaraes\/","title":{"rendered":"Quinta de Guimaraes"},"content":{"rendered":"<p>A la regi\u00f3 de Cerrado Mineiro, trobem fam\u00edlies que han crescut econ\u00f2micament gr\u00e0cies a la producci\u00f3 de caf\u00e8, per\u00f2 aquesta hist\u00f2ria \u00e9s diferent. Amb seu a Patroc\u00ednio i Serra do Salitre, Quinta de Guimar\u00e3es \u00e9s una empresa familiar que va cr\u00e9ixer especialitzant-se en altres cultius d&#8217;alta qualitat com blat de moro, cot\u00f3, blat i soja, des de finals de segle XIX. La seva participaci\u00f3 en el desenvolupament de la regi\u00f3 \u00e9s notable. La fam\u00edlia t\u00e9 diverses finques dins Cerrado Mineiro, fins i tot en Guimar\u00e2nia, una ciutat fundada per ells.<\/p>\n<p>Francisco Guimar\u00e3es, tamb\u00e9 conegut com Chico, ens va dir que la seva fam\u00edlia \u00e9s molt coneguda pels cereals, per\u00f2 encara es desconeix la seva producci\u00f3 de caf\u00e8. La fam\u00edlia va plantar els seus primers caf\u00e8s de caf\u00e8 en 2010. La seva experi\u00e8ncia i ull per la tecnologia innovadora els ha ajudat a donar grans passos cap a la producci\u00f3 de caf\u00e8s especials d&#8217;alta qualitat.<\/p>\n<p>Quinta de Guimar\u00e3es t\u00e9 com a objectiu produ\u00efr lots pulped-natural m\u00e9s que naturals utilitzant temps de fermentaci\u00f3 prolongats. Tots els lots tenen tra\u00e7abilitat, mantenint els lots ben separats durant la postcollita. Tenen diverses varietats a la seva finca, com IAC 125 RN (IBC 12), Top\u00e1zio, Catua\u00ed 62 i Catua\u00ed 144, Parad\u00eds MG2, Guar\u00e1, Llaur\u00e9s (com aquesta), IPR 103 i Catigu\u00e1 MG2.<\/p>\n<p>El caf\u00e8 d&#8217;aquesta Fazenda ha estat guanyador de m\u00faltiples concursos locals dins de la regi\u00f3, com el &#8220;Tancat Mineiro&#8221;, el &#8220;Emater&#8221; o el &#8220;Expocaccer&#8221;, situant-se 1\u00ba dos anys consecutius.<\/p>\n<p>&#8220;Vull que tothom pugui consumir caf\u00e8 de qualitat, no nom\u00e9s per entendre la qualitat en si, sin\u00f3 tamb\u00e9 perqu\u00e8 s\u00e0piguen com es fa. Busquem produir caf\u00e8s de qualitat i trobar clients que apreci\u00efn\u00a0 no nom\u00e9s la nostra hist\u00f2ria, sin\u00f3 tamb\u00e9 el nostre producte &#8220;. &#8211; Chico<\/p>\n<p>En Cinquenes de Guimar\u00e3es s\u00f3n conscients de la import\u00e0ncia de la preservaci\u00f3 de l&#8217;entorn ja que t\u00e9 un impacte notable en el seu futur. Regularment fan estudis de recerca sobre la flora i la fauna de la regi\u00f3 per mantenir l&#8217;ecosistema el m\u00e9s preservat possible.<\/p>\n<p>&#8220;Sabem que si no protegim els nostres deus d&#8217;aigua, podem danyar el nostre futur&#8221;. &#8211; Chico<\/p>\n<p>Per complir amb la seva promesa i mantenir les certificacions de les que presumeixen (Rain Forest Alliance, UTZ, 4C, Cafepratices, Certifica Minas), segueixen estrictament les lleis brasileres. No obstant aix\u00f2, el seu comprom\u00eds va m\u00e9s enll\u00e0, ja que tamb\u00e9 brinden protecci\u00f3 a rius i reserves, al proporcionar al voltant de 700 hect\u00e0rees de la seva superf\u00edcie terrestre per a una \u00e0rea de conservaci\u00f3 natural.<\/p>\n","protected":false},"excerpt":{"rendered":"<p>A la regi\u00f3 de Cerrado Mineiro, trobem fam\u00edlies que han crescut econ\u00f2micament gr\u00e0cies a la producci\u00f3 de caf\u00e8, per\u00f2 aquesta [&hellip;]<\/p>\n","protected":false},"featured_media":51023,"template":"","meta":[],"product_cat":[137,476],"product_tag":[755,599,617],"acf":[],"yoast_head":"<!-- This site is optimized with the Yoast SEO plugin v22.6 - https:\/\/yoast.com\/wordpress\/plugins\/seo\/ -->\n<title>Quinta de Guimaraes - NOMAD<\/title>\n<meta name=\"description\" content=\"Aromas un poco m\u00e1s tropicales cuando entra en contacto con el agua que nos recuerdan a la fresa y a una cerveza artesanal estilo IPA.\" \/>\n<meta name=\"robots\" content=\"noindex, follow, max-snippet:-1, max-image-preview:large, max-video-preview:-1\" \/>\n<meta property=\"og:locale\" content=\"ca_ES\" \/>\n<meta property=\"og:type\" content=\"article\" \/>\n<meta property=\"og:title\" content=\"Quinta de Guimaraes - NOMAD\" \/>\n<meta property=\"og:description\" content=\"Aromas un poco m\u00e1s tropicales cuando entra en contacto con el agua que nos recuerdan a la fresa y a una cerveza artesanal estilo IPA.\" \/>\n<meta property=\"og:url\" content=\"https:\/\/subs.nomadcoffee.es\/ca\/producte\/quintas-de-guimaraes\/\" \/>\n<meta property=\"og:site_name\" content=\"NOMAD\" \/>\n<meta property=\"article:modified_time\" content=\"2021-07-16T08:27:32+00:00\" \/>\n<meta property=\"og:image\" content=\"https:\/\/subs.nomadcoffee.es\/wp-content\/uploads\/2021\/02\/quinta.jpg\" \/>\n\t<meta property=\"og:image:width\" content=\"2000\" \/>\n\t<meta property=\"og:image:height\" content=\"2000\" \/>\n\t<meta property=\"og:image:type\" content=\"image\/jpeg\" \/>\n<meta name=\"twitter:card\" content=\"summary_large_image\" \/>\n<meta name=\"twitter:label1\" content=\"Temps estimat de lectura\" \/>\n\t<meta name=\"twitter:data1\" content=\"2 minuts\" \/>\n<script type=\"application\/ld+json\" class=\"yoast-schema-graph\">{\"@context\":\"https:\/\/schema.org\",\"@graph\":[{\"@type\":\"WebPage\",\"@id\":\"https:\/\/subs.nomadcoffee.es\/ca\/producte\/quintas-de-guimaraes\/\",\"url\":\"https:\/\/subs.nomadcoffee.es\/ca\/producte\/quintas-de-guimaraes\/\",\"name\":\"Quinta de Guimaraes - NOMAD\",\"isPartOf\":{\"@id\":\"https:\/\/subs.nomadcoffee.es\/ca\/#website\"},\"primaryImageOfPage\":{\"@id\":\"https:\/\/subs.nomadcoffee.es\/ca\/producte\/quintas-de-guimaraes\/#primaryimage\"},\"image\":{\"@id\":\"https:\/\/subs.nomadcoffee.es\/ca\/producte\/quintas-de-guimaraes\/#primaryimage\"},\"thumbnailUrl\":\"https:\/\/subs.nomadcoffee.es\/wp-content\/uploads\/2021\/02\/quinta.jpg\",\"datePublished\":\"2021-02-15T10:09:52+00:00\",\"dateModified\":\"2021-07-16T08:27:32+00:00\",\"description\":\"Aromas un poco m\u00e1s tropicales cuando entra en contacto con el agua que nos recuerdan a la fresa y a una cerveza artesanal estilo IPA.\",\"breadcrumb\":{\"@id\":\"https:\/\/subs.nomadcoffee.es\/ca\/producte\/quintas-de-guimaraes\/#breadcrumb\"},\"inLanguage\":\"ca\",\"potentialAction\":[{\"@type\":\"ReadAction\",\"target\":[\"https:\/\/subs.nomadcoffee.es\/ca\/producte\/quintas-de-guimaraes\/\"]}]},{\"@type\":\"ImageObject\",\"inLanguage\":\"ca\",\"@id\":\"https:\/\/subs.nomadcoffee.es\/ca\/producte\/quintas-de-guimaraes\/#primaryimage\",\"url\":\"https:\/\/subs.nomadcoffee.es\/wp-content\/uploads\/2021\/02\/quinta.jpg\",\"contentUrl\":\"https:\/\/subs.nomadcoffee.es\/wp-content\/uploads\/2021\/02\/quinta.jpg\",\"width\":2000,\"height\":2000,\"caption\":\"Caf\u00e9 de especialidad tostado en Barcelona.\"},{\"@type\":\"BreadcrumbList\",\"@id\":\"https:\/\/subs.nomadcoffee.es\/ca\/producte\/quintas-de-guimaraes\/#breadcrumb\",\"itemListElement\":[{\"@type\":\"ListItem\",\"position\":1,\"name\":\"Portada\",\"item\":\"https:\/\/subs.nomadcoffee.es\/ca\/\"},{\"@type\":\"ListItem\",\"position\":2,\"name\":\"Tienda\",\"item\":\"https:\/\/subs.nomadcoffee.es\/tienda\/\"},{\"@type\":\"ListItem\",\"position\":3,\"name\":\"Quinta de Guimaraes\"}]},{\"@type\":\"WebSite\",\"@id\":\"https:\/\/subs.nomadcoffee.es\/ca\/#website\",\"url\":\"https:\/\/subs.nomadcoffee.es\/ca\/\",\"name\":\"Nomad Coffee\",\"description\":\"Caf\u00e9 de origen, tostado en Barcelona\",\"publisher\":{\"@id\":\"https:\/\/subs.nomadcoffee.es\/ca\/#organization\"},\"alternateName\":\"Nomad Coffee\",\"potentialAction\":[{\"@type\":\"SearchAction\",\"target\":{\"@type\":\"EntryPoint\",\"urlTemplate\":\"https:\/\/subs.nomadcoffee.es\/ca\/?s={search_term_string}\"},\"query-input\":\"required name=search_term_string\"}],\"inLanguage\":\"ca\"},{\"@type\":\"Organization\",\"@id\":\"https:\/\/subs.nomadcoffee.es\/ca\/#organization\",\"name\":\"Nomad Coffee\",\"alternateName\":\"Nomad Coffee\",\"url\":\"https:\/\/subs.nomadcoffee.es\/ca\/\",\"logo\":{\"@type\":\"ImageObject\",\"inLanguage\":\"ca\",\"@id\":\"https:\/\/subs.nomadcoffee.es\/ca\/#\/schema\/logo\/image\/\",\"url\":\"https:\/\/nomadcoffee.es\/wp-content\/uploads\/2023\/05\/logo-Nomad.jpg\",\"contentUrl\":\"https:\/\/nomadcoffee.es\/wp-content\/uploads\/2023\/05\/logo-Nomad.jpg\",\"width\":200,\"height\":200,\"caption\":\"Nomad Coffee\"},\"image\":{\"@id\":\"https:\/\/subs.nomadcoffee.es\/ca\/#\/schema\/logo\/image\/\"}}]}<\/script>\n<!-- \/ Yoast SEO plugin. -->","yoast_head_json":{"title":"Quinta de Guimaraes - NOMAD","description":"Aromas un poco m\u00e1s tropicales cuando entra en contacto con el agua que nos recuerdan a la fresa y a una cerveza artesanal estilo IPA.","robots":{"index":"noindex","follow":"follow","max-snippet":"max-snippet:-1","max-image-preview":"max-image-preview:large","max-video-preview":"max-video-preview:-1"},"og_locale":"ca_ES","og_type":"article","og_title":"Quinta de Guimaraes - NOMAD","og_description":"Aromas un poco m\u00e1s tropicales cuando entra en contacto con el agua que nos recuerdan a la fresa y a una cerveza artesanal estilo IPA.","og_url":"https:\/\/subs.nomadcoffee.es\/ca\/producte\/quintas-de-guimaraes\/","og_site_name":"NOMAD","article_modified_time":"2021-07-16T08:27:32+00:00","og_image":[{"width":2000,"height":2000,"url":"https:\/\/subs.nomadcoffee.es\/wp-content\/uploads\/2021\/02\/quinta.jpg","type":"image\/jpeg"}],"twitter_card":"summary_large_image","twitter_misc":{"Temps estimat de lectura":"2 minuts"},"schema":{"@context":"https:\/\/schema.org","@graph":[{"@type":"WebPage","@id":"https:\/\/subs.nomadcoffee.es\/ca\/producte\/quintas-de-guimaraes\/","url":"https:\/\/subs.nomadcoffee.es\/ca\/producte\/quintas-de-guimaraes\/","name":"Quinta de Guimaraes - NOMAD","isPartOf":{"@id":"https:\/\/subs.nomadcoffee.es\/ca\/#website"},"primaryImageOfPage":{"@id":"https:\/\/subs.nomadcoffee.es\/ca\/producte\/quintas-de-guimaraes\/#primaryimage"},"image":{"@id":"https:\/\/subs.nomadcoffee.es\/ca\/producte\/quintas-de-guimaraes\/#primaryimage"},"thumbnailUrl":"https:\/\/subs.nomadcoffee.es\/wp-content\/uploads\/2021\/02\/quinta.jpg","datePublished":"2021-02-15T10:09:52+00:00","dateModified":"2021-07-16T08:27:32+00:00","description":"Aromas un poco m\u00e1s tropicales cuando entra en contacto con el agua que nos recuerdan a la fresa y a una cerveza artesanal estilo IPA.","breadcrumb":{"@id":"https:\/\/subs.nomadcoffee.es\/ca\/producte\/quintas-de-guimaraes\/#breadcrumb"},"inLanguage":"ca","potentialAction":[{"@type":"ReadAction","target":["https:\/\/subs.nomadcoffee.es\/ca\/producte\/quintas-de-guimaraes\/"]}]},{"@type":"ImageObject","inLanguage":"ca","@id":"https:\/\/subs.nomadcoffee.es\/ca\/producte\/quintas-de-guimaraes\/#primaryimage","url":"https:\/\/subs.nomadcoffee.es\/wp-content\/uploads\/2021\/02\/quinta.jpg","contentUrl":"https:\/\/subs.nomadcoffee.es\/wp-content\/uploads\/2021\/02\/quinta.jpg","width":2000,"height":2000,"caption":"Caf\u00e9 de especialidad tostado en Barcelona."},{"@type":"BreadcrumbList","@id":"https:\/\/subs.nomadcoffee.es\/ca\/producte\/quintas-de-guimaraes\/#breadcrumb","itemListElement":[{"@type":"ListItem","position":1,"name":"Portada","item":"https:\/\/subs.nomadcoffee.es\/ca\/"},{"@type":"ListItem","position":2,"name":"Tienda","item":"https:\/\/subs.nomadcoffee.es\/tienda\/"},{"@type":"ListItem","position":3,"name":"Quinta de Guimaraes"}]},{"@type":"WebSite","@id":"https:\/\/subs.nomadcoffee.es\/ca\/#website","url":"https:\/\/subs.nomadcoffee.es\/ca\/","name":"Nomad Coffee","description":"Caf\u00e9 de origen, tostado en Barcelona","publisher":{"@id":"https:\/\/subs.nomadcoffee.es\/ca\/#organization"},"alternateName":"Nomad Coffee","potentialAction":[{"@type":"SearchAction","target":{"@type":"EntryPoint","urlTemplate":"https:\/\/subs.nomadcoffee.es\/ca\/?s={search_term_string}"},"query-input":"required name=search_term_string"}],"inLanguage":"ca"},{"@type":"Organization","@id":"https:\/\/subs.nomadcoffee.es\/ca\/#organization","name":"Nomad Coffee","alternateName":"Nomad Coffee","url":"https:\/\/subs.nomadcoffee.es\/ca\/","logo":{"@type":"ImageObject","inLanguage":"ca","@id":"https:\/\/subs.nomadcoffee.es\/ca\/#\/schema\/logo\/image\/","url":"https:\/\/nomadcoffee.es\/wp-content\/uploads\/2023\/05\/logo-Nomad.jpg","contentUrl":"https:\/\/nomadcoffee.es\/wp-content\/uploads\/2023\/05\/logo-Nomad.jpg","width":200,"height":200,"caption":"Nomad Coffee"},"image":{"@id":"https:\/\/subs.nomadcoffee.es\/ca\/#\/schema\/logo\/image\/"}}]}},"_links":{"self":[{"href":"https:\/\/subs.nomadcoffee.es\/ca\/wp-json\/wp\/v2\/product\/52559"}],"collection":[{"href":"https:\/\/subs.nomadcoffee.es\/ca\/wp-json\/wp\/v2\/product"}],"about":[{"href":"https:\/\/subs.nomadcoffee.es\/ca\/wp-json\/wp\/v2\/types\/product"}],"wp:featuredmedia":[{"embeddable":true,"href":"https:\/\/subs.nomadcoffee.es\/ca\/wp-json\/wp\/v2\/media\/51023"}],"wp:attachment":[{"href":"https:\/\/subs.nomadcoffee.es\/ca\/wp-json\/wp\/v2\/media?parent=52559"}],"wp:term":[{"taxonomy":"product_cat","embeddable":true,"href":"https:\/\/subs.nomadcoffee.es\/ca\/wp-json\/wp\/v2\/product_cat?post=52559"},{"taxonomy":"product_tag","embeddable":true,"href":"https:\/\/subs.nomadcoffee.es\/ca\/wp-json\/wp\/v2\/product_tag?post=52559"}],"curies":[{"name":"wp","href":"https:\/\/api.w.org\/{rel}","templated":true}]}}