{"id":52572,"date":"2021-01-22T13:34:26","date_gmt":"2021-01-22T12:34:26","guid":{"rendered":"https:\/\/nomadcoffee.es\/producto\/gahahe\/"},"modified":"2023-10-17T11:23:45","modified_gmt":"2023-10-17T09:23:45","slug":"gahahe","status":"publish","type":"product","link":"https:\/\/subs.nomadcoffee.es\/ca\/producte\/gahahe\/","title":{"rendered":"Gahahe"},"content":{"rendered":"<p>L\u2019estaci\u00f3 de rentat Gahahe es troba a la regi\u00f3 de Kayanza. Aquesta estaci\u00f3 de rentat est\u00e0 equipada amb 10 tancs de fermentaci\u00f3, 4 taules de sel\u00b7lecci\u00f3 de cirera, 2 tancs d&#8217;immersi\u00f3 i una zona d\u2019assecat amb 180 taules, la qual cosa permet a l\u2019estaci\u00f3 processar fins a 750 tonelades m\u00e8triques de cirera per any. Cada fam\u00edlia productora compta amb una quantitat petita d\u2019arbres, que no acostuma a superar els 200. Cada arbre produeix una mitjana de 1.5kg anuals. La gran majoria de caf\u00e8 a Burundi \u00e9s Red Bourbon. Aix\u00f2 permet que les fam\u00edlies puguin dur el seu caf\u00e8 a l\u2019estaci\u00f3 de rentat i sigui aquesta qui processi el caf\u00e8 juntament amb el de les fam\u00edlies ve\u00efnes.<\/p>\n<p><strong>Proc\u00e9s<\/strong><br \/>\nDurant l\u2019\u00e8poca de la collita, la recol\u00b7lecci\u00f3 del caf\u00e8 es fa manualment. Un cop el caf\u00e8 arriba a l\u2019estaci\u00f3 de rentat, tot el proc\u00e9s \u00e9s monitoritzat. Les cireres passen per una sel\u00b7lecci\u00f3 per flot per a separar les madures de les immadures (aquestes \u00faltimes es vendran despr\u00e9s com a cireres de qualitat B), i despr\u00e9s es realitza una sel\u00b7lecci\u00f3 manual per a eliminar aquelles cireres danyades o que no tinguin el punt de maduraci\u00f3 desitjat. El caf\u00e8 passa despr\u00e9s a ser despulpat, despr\u00e9s \u00e9s fermentat en sec durant 12 hores i es renta en aigua entre 12 i 24 hores. A continuaci\u00f3, el caf\u00e8 en pergam\u00ed \u00e9s submergit entre 12 i 18 hores abans de ser assecat en llits africans entre 2 o 3 setmanes.<\/p>\n","protected":false},"excerpt":{"rendered":"<p>L\u2019estaci\u00f3 de rentat Gahahe es troba a la regi\u00f3 de Kayanza. Aquesta estaci\u00f3 de rentat est\u00e0 equipada amb 10 tancs [&hellip;]<\/p>\n","protected":false},"featured_media":77205,"template":"","meta":[],"product_cat":[137,476],"product_tag":[703,1453],"acf":[],"yoast_head":"<!-- This site is optimized with the Yoast SEO plugin v22.6 - https:\/\/yoast.com\/wordpress\/plugins\/seo\/ -->\n<title>Gahahe - NOMAD COFFEE<\/title>\n<meta name=\"description\" content=\"Mel, pebre negre i mel\u00f3 groc, amb notes florals. Amb un xos suc\u00f3s i una acidesa dol\u00e7a amb retrogust a avellanes i pr\u00e9ssec.\" \/>\n<meta name=\"robots\" content=\"noindex, follow, max-snippet:-1, max-image-preview:large, max-video-preview:-1\" \/>\n<meta property=\"og:locale\" content=\"ca_ES\" \/>\n<meta property=\"og:type\" content=\"article\" \/>\n<meta property=\"og:title\" content=\"Gahahe - NOMAD COFFEE\" \/>\n<meta property=\"og:description\" content=\"Mel, pebre negre i mel\u00f3 groc, amb notes florals. Amb un xos suc\u00f3s i una acidesa dol\u00e7a amb retrogust a avellanes i pr\u00e9ssec.\" \/>\n<meta property=\"og:url\" content=\"https:\/\/subs.nomadcoffee.es\/ca\/producte\/gahahe\/\" \/>\n<meta property=\"og:site_name\" content=\"NOMAD\" \/>\n<meta property=\"article:modified_time\" content=\"2023-10-17T09:23:45+00:00\" \/>\n<meta property=\"og:image\" content=\"https:\/\/subs.nomadcoffee.es\/wp-content\/uploads\/2023\/02\/F.BU_.GAH_.2023.jpg\" \/>\n\t<meta property=\"og:image:width\" content=\"2000\" \/>\n\t<meta property=\"og:image:height\" content=\"2000\" \/>\n\t<meta property=\"og:image:type\" content=\"image\/jpeg\" \/>\n<meta name=\"twitter:card\" content=\"summary_large_image\" \/>\n<meta name=\"twitter:label1\" content=\"Temps estimat de lectura\" \/>\n\t<meta name=\"twitter:data1\" content=\"2 minuts\" \/>\n<script type=\"application\/ld+json\" class=\"yoast-schema-graph\">{\"@context\":\"https:\/\/schema.org\",\"@graph\":[{\"@type\":\"WebPage\",\"@id\":\"https:\/\/subs.nomadcoffee.es\/ca\/producte\/gahahe\/\",\"url\":\"https:\/\/subs.nomadcoffee.es\/ca\/producte\/gahahe\/\",\"name\":\"Gahahe - NOMAD COFFEE\",\"isPartOf\":{\"@id\":\"https:\/\/subs.nomadcoffee.es\/ca\/#website\"},\"primaryImageOfPage\":{\"@id\":\"https:\/\/subs.nomadcoffee.es\/ca\/producte\/gahahe\/#primaryimage\"},\"image\":{\"@id\":\"https:\/\/subs.nomadcoffee.es\/ca\/producte\/gahahe\/#primaryimage\"},\"thumbnailUrl\":\"https:\/\/subs.nomadcoffee.es\/wp-content\/uploads\/2023\/02\/F.BU_.GAH_.2023.jpg\",\"datePublished\":\"2021-01-22T12:34:26+00:00\",\"dateModified\":\"2023-10-17T09:23:45+00:00\",\"description\":\"Mel, pebre negre i mel\u00f3 groc, amb notes florals. Amb un xos suc\u00f3s i una acidesa dol\u00e7a amb retrogust a avellanes i pr\u00e9ssec.\",\"breadcrumb\":{\"@id\":\"https:\/\/subs.nomadcoffee.es\/ca\/producte\/gahahe\/#breadcrumb\"},\"inLanguage\":\"ca\",\"potentialAction\":[{\"@type\":\"ReadAction\",\"target\":[\"https:\/\/subs.nomadcoffee.es\/ca\/producte\/gahahe\/\"]}]},{\"@type\":\"ImageObject\",\"inLanguage\":\"ca\",\"@id\":\"https:\/\/subs.nomadcoffee.es\/ca\/producte\/gahahe\/#primaryimage\",\"url\":\"https:\/\/subs.nomadcoffee.es\/wp-content\/uploads\/2023\/02\/F.BU_.GAH_.2023.jpg\",\"contentUrl\":\"https:\/\/subs.nomadcoffee.es\/wp-content\/uploads\/2023\/02\/F.BU_.GAH_.2023.jpg\",\"width\":2000,\"height\":2000},{\"@type\":\"BreadcrumbList\",\"@id\":\"https:\/\/subs.nomadcoffee.es\/ca\/producte\/gahahe\/#breadcrumb\",\"itemListElement\":[{\"@type\":\"ListItem\",\"position\":1,\"name\":\"Portada\",\"item\":\"https:\/\/subs.nomadcoffee.es\/ca\/\"},{\"@type\":\"ListItem\",\"position\":2,\"name\":\"Tienda\",\"item\":\"https:\/\/subs.nomadcoffee.es\/tienda\/\"},{\"@type\":\"ListItem\",\"position\":3,\"name\":\"Gahahe\"}]},{\"@type\":\"WebSite\",\"@id\":\"https:\/\/subs.nomadcoffee.es\/ca\/#website\",\"url\":\"https:\/\/subs.nomadcoffee.es\/ca\/\",\"name\":\"Nomad Coffee\",\"description\":\"Caf\u00e9 de origen, tostado en Barcelona\",\"publisher\":{\"@id\":\"https:\/\/subs.nomadcoffee.es\/ca\/#organization\"},\"alternateName\":\"Nomad Coffee\",\"potentialAction\":[{\"@type\":\"SearchAction\",\"target\":{\"@type\":\"EntryPoint\",\"urlTemplate\":\"https:\/\/subs.nomadcoffee.es\/ca\/?s={search_term_string}\"},\"query-input\":\"required name=search_term_string\"}],\"inLanguage\":\"ca\"},{\"@type\":\"Organization\",\"@id\":\"https:\/\/subs.nomadcoffee.es\/ca\/#organization\",\"name\":\"Nomad Coffee\",\"alternateName\":\"Nomad Coffee\",\"url\":\"https:\/\/subs.nomadcoffee.es\/ca\/\",\"logo\":{\"@type\":\"ImageObject\",\"inLanguage\":\"ca\",\"@id\":\"https:\/\/subs.nomadcoffee.es\/ca\/#\/schema\/logo\/image\/\",\"url\":\"https:\/\/nomadcoffee.es\/wp-content\/uploads\/2023\/05\/logo-Nomad.jpg\",\"contentUrl\":\"https:\/\/nomadcoffee.es\/wp-content\/uploads\/2023\/05\/logo-Nomad.jpg\",\"width\":200,\"height\":200,\"caption\":\"Nomad Coffee\"},\"image\":{\"@id\":\"https:\/\/subs.nomadcoffee.es\/ca\/#\/schema\/logo\/image\/\"}}]}<\/script>\n<!-- \/ Yoast SEO plugin. -->","yoast_head_json":{"title":"Gahahe - NOMAD COFFEE","description":"Mel, pebre negre i mel\u00f3 groc, amb notes florals. Amb un xos suc\u00f3s i una acidesa dol\u00e7a amb retrogust a avellanes i pr\u00e9ssec.","robots":{"index":"noindex","follow":"follow","max-snippet":"max-snippet:-1","max-image-preview":"max-image-preview:large","max-video-preview":"max-video-preview:-1"},"og_locale":"ca_ES","og_type":"article","og_title":"Gahahe - NOMAD COFFEE","og_description":"Mel, pebre negre i mel\u00f3 groc, amb notes florals. Amb un xos suc\u00f3s i una acidesa dol\u00e7a amb retrogust a avellanes i pr\u00e9ssec.","og_url":"https:\/\/subs.nomadcoffee.es\/ca\/producte\/gahahe\/","og_site_name":"NOMAD","article_modified_time":"2023-10-17T09:23:45+00:00","og_image":[{"width":2000,"height":2000,"url":"https:\/\/subs.nomadcoffee.es\/wp-content\/uploads\/2023\/02\/F.BU_.GAH_.2023.jpg","type":"image\/jpeg"}],"twitter_card":"summary_large_image","twitter_misc":{"Temps estimat de lectura":"2 minuts"},"schema":{"@context":"https:\/\/schema.org","@graph":[{"@type":"WebPage","@id":"https:\/\/subs.nomadcoffee.es\/ca\/producte\/gahahe\/","url":"https:\/\/subs.nomadcoffee.es\/ca\/producte\/gahahe\/","name":"Gahahe - NOMAD COFFEE","isPartOf":{"@id":"https:\/\/subs.nomadcoffee.es\/ca\/#website"},"primaryImageOfPage":{"@id":"https:\/\/subs.nomadcoffee.es\/ca\/producte\/gahahe\/#primaryimage"},"image":{"@id":"https:\/\/subs.nomadcoffee.es\/ca\/producte\/gahahe\/#primaryimage"},"thumbnailUrl":"https:\/\/subs.nomadcoffee.es\/wp-content\/uploads\/2023\/02\/F.BU_.GAH_.2023.jpg","datePublished":"2021-01-22T12:34:26+00:00","dateModified":"2023-10-17T09:23:45+00:00","description":"Mel, pebre negre i mel\u00f3 groc, amb notes florals. Amb un xos suc\u00f3s i una acidesa dol\u00e7a amb retrogust a avellanes i pr\u00e9ssec.","breadcrumb":{"@id":"https:\/\/subs.nomadcoffee.es\/ca\/producte\/gahahe\/#breadcrumb"},"inLanguage":"ca","potentialAction":[{"@type":"ReadAction","target":["https:\/\/subs.nomadcoffee.es\/ca\/producte\/gahahe\/"]}]},{"@type":"ImageObject","inLanguage":"ca","@id":"https:\/\/subs.nomadcoffee.es\/ca\/producte\/gahahe\/#primaryimage","url":"https:\/\/subs.nomadcoffee.es\/wp-content\/uploads\/2023\/02\/F.BU_.GAH_.2023.jpg","contentUrl":"https:\/\/subs.nomadcoffee.es\/wp-content\/uploads\/2023\/02\/F.BU_.GAH_.2023.jpg","width":2000,"height":2000},{"@type":"BreadcrumbList","@id":"https:\/\/subs.nomadcoffee.es\/ca\/producte\/gahahe\/#breadcrumb","itemListElement":[{"@type":"ListItem","position":1,"name":"Portada","item":"https:\/\/subs.nomadcoffee.es\/ca\/"},{"@type":"ListItem","position":2,"name":"Tienda","item":"https:\/\/subs.nomadcoffee.es\/tienda\/"},{"@type":"ListItem","position":3,"name":"Gahahe"}]},{"@type":"WebSite","@id":"https:\/\/subs.nomadcoffee.es\/ca\/#website","url":"https:\/\/subs.nomadcoffee.es\/ca\/","name":"Nomad Coffee","description":"Caf\u00e9 de origen, tostado en Barcelona","publisher":{"@id":"https:\/\/subs.nomadcoffee.es\/ca\/#organization"},"alternateName":"Nomad Coffee","potentialAction":[{"@type":"SearchAction","target":{"@type":"EntryPoint","urlTemplate":"https:\/\/subs.nomadcoffee.es\/ca\/?s={search_term_string}"},"query-input":"required name=search_term_string"}],"inLanguage":"ca"},{"@type":"Organization","@id":"https:\/\/subs.nomadcoffee.es\/ca\/#organization","name":"Nomad Coffee","alternateName":"Nomad Coffee","url":"https:\/\/subs.nomadcoffee.es\/ca\/","logo":{"@type":"ImageObject","inLanguage":"ca","@id":"https:\/\/subs.nomadcoffee.es\/ca\/#\/schema\/logo\/image\/","url":"https:\/\/nomadcoffee.es\/wp-content\/uploads\/2023\/05\/logo-Nomad.jpg","contentUrl":"https:\/\/nomadcoffee.es\/wp-content\/uploads\/2023\/05\/logo-Nomad.jpg","width":200,"height":200,"caption":"Nomad Coffee"},"image":{"@id":"https:\/\/subs.nomadcoffee.es\/ca\/#\/schema\/logo\/image\/"}}]}},"_links":{"self":[{"href":"https:\/\/subs.nomadcoffee.es\/ca\/wp-json\/wp\/v2\/product\/52572"}],"collection":[{"href":"https:\/\/subs.nomadcoffee.es\/ca\/wp-json\/wp\/v2\/product"}],"about":[{"href":"https:\/\/subs.nomadcoffee.es\/ca\/wp-json\/wp\/v2\/types\/product"}],"wp:featuredmedia":[{"embeddable":true,"href":"https:\/\/subs.nomadcoffee.es\/ca\/wp-json\/wp\/v2\/media\/77205"}],"wp:attachment":[{"href":"https:\/\/subs.nomadcoffee.es\/ca\/wp-json\/wp\/v2\/media?parent=52572"}],"wp:term":[{"taxonomy":"product_cat","embeddable":true,"href":"https:\/\/subs.nomadcoffee.es\/ca\/wp-json\/wp\/v2\/product_cat?post=52572"},{"taxonomy":"product_tag","embeddable":true,"href":"https:\/\/subs.nomadcoffee.es\/ca\/wp-json\/wp\/v2\/product_tag?post=52572"}],"curies":[{"name":"wp","href":"https:\/\/api.w.org\/{rel}","templated":true}]}}