{"id":52592,"date":"2021-01-22T13:34:17","date_gmt":"2021-01-22T12:34:17","guid":{"rendered":"https:\/\/nomadcoffee.es\/producto\/nemba-natural\/"},"modified":"2021-04-23T10:39:10","modified_gmt":"2021-04-23T08:39:10","slug":"nemba-natural","status":"publish","type":"product","link":"https:\/\/subs.nomadcoffee.es\/ca\/producte\/nemba-natural\/","title":{"rendered":"Nemba Natural"},"content":{"rendered":"<p>L&#8217;estaci\u00f3 de rentat de Nemba es troba a la prov\u00edncia de Kayanza. Hi ha diferents punts dins de la zona on es recullen les cireres dels m\u00e9s de 3000 petits productors de Kayanza. En cada punt de recollida hi ha un agronomista encarregat d&#8217;ensenyar bones pr\u00e0ctiques de cultiu, cura i collita a cadascuna de les fam\u00edlies productores. L&#8217;estaci\u00f3 de rentat tamb\u00e9 s&#8217;encarrega de proporcionar-fertilitzants org\u00e0nics derivats de l&#8217;compost de la cirera de caf\u00e8. A m\u00e9s, l&#8217;estaci\u00f3 de rentat t\u00e9 una &#8220;guarderia&#8221; de caf\u00e8s, petits caf\u00e8s preparats per ser plantats per aquestes fam\u00edlies en el cas que vulguin renovar la seva petita finca. Cadascuna d&#8217;aquestes fam\u00edlies posseeix aproximadament 250 caf\u00e8s en el seu petit terreny, el que vol dir, que produeix entre 200 i 300 quilos de cirera de caf\u00e8 a l&#8217;any.<\/p>\n<p>El proc\u00e9s d&#8217;aquest lot consisteix en la selecci\u00f3 de les cireres m\u00e9s madures en la collita i despr\u00e9s una tria manual a l&#8217;estaci\u00f3 de rentat on se separen les cireres amb defectes o danyades. Despr\u00e9s es fa una selecci\u00f3 addicional per Suris en l&#8217;aigua, on les cireres menys (suren) denses s\u00f3n separades de les m\u00e9s denses (no suren). Un cop acabada aquesta selecci\u00f3 es duen a llits africanes on es col\u00b7loquen en fines capes de cireres i es remouen cada dia fins a arribar a el nivell d&#8217;humitat desitjat.<\/p>\n","protected":false},"excerpt":{"rendered":"<p>L&#8217;estaci\u00f3 de rentat de Nemba es troba a la prov\u00edncia de Kayanza. Hi ha diferents punts dins de la zona [&hellip;]<\/p>\n","protected":false},"featured_media":47728,"template":"","meta":[],"product_cat":[137,476],"product_tag":[771,770,772],"acf":[],"yoast_head":"<!-- This site is optimized with the Yoast SEO plugin v22.6 - https:\/\/yoast.com\/wordpress\/plugins\/seo\/ -->\n<title>Nemba Natural - NOMAD<\/title>\n<meta name=\"description\" content=\"Notas a pomelo rosado y naranja sanguina en aroma. Un cuerpo muy jugoso junto con una acidez c\u00edtrica y melosa.\" \/>\n<meta name=\"robots\" content=\"noindex, follow, max-snippet:-1, max-image-preview:large, max-video-preview:-1\" \/>\n<meta property=\"og:locale\" content=\"ca_ES\" \/>\n<meta property=\"og:type\" content=\"article\" \/>\n<meta property=\"og:title\" content=\"Nemba Natural - NOMAD\" \/>\n<meta property=\"og:description\" content=\"Notas a pomelo rosado y naranja sanguina en aroma. Un cuerpo muy jugoso junto con una acidez c\u00edtrica y melosa.\" \/>\n<meta property=\"og:url\" content=\"https:\/\/subs.nomadcoffee.es\/ca\/producte\/nemba-natural\/\" \/>\n<meta property=\"og:site_name\" content=\"NOMAD\" \/>\n<meta property=\"article:modified_time\" content=\"2021-04-23T08:39:10+00:00\" \/>\n<meta property=\"og:image\" content=\"https:\/\/subs.nomadcoffee.es\/wp-content\/uploads\/2021\/01\/NEMBANATURAL.jpg\" \/>\n\t<meta property=\"og:image:width\" content=\"2000\" \/>\n\t<meta property=\"og:image:height\" content=\"2000\" \/>\n\t<meta property=\"og:image:type\" content=\"image\/jpeg\" \/>\n<meta name=\"twitter:card\" content=\"summary_large_image\" \/>\n<meta name=\"twitter:label1\" content=\"Temps estimat de lectura\" \/>\n\t<meta name=\"twitter:data1\" content=\"1 minut\" \/>\n<script type=\"application\/ld+json\" class=\"yoast-schema-graph\">{\"@context\":\"https:\/\/schema.org\",\"@graph\":[{\"@type\":\"WebPage\",\"@id\":\"https:\/\/subs.nomadcoffee.es\/ca\/producte\/nemba-natural\/\",\"url\":\"https:\/\/subs.nomadcoffee.es\/ca\/producte\/nemba-natural\/\",\"name\":\"Nemba Natural - NOMAD\",\"isPartOf\":{\"@id\":\"https:\/\/subs.nomadcoffee.es\/ca\/#website\"},\"primaryImageOfPage\":{\"@id\":\"https:\/\/subs.nomadcoffee.es\/ca\/producte\/nemba-natural\/#primaryimage\"},\"image\":{\"@id\":\"https:\/\/subs.nomadcoffee.es\/ca\/producte\/nemba-natural\/#primaryimage\"},\"thumbnailUrl\":\"https:\/\/subs.nomadcoffee.es\/wp-content\/uploads\/2021\/01\/NEMBANATURAL.jpg\",\"datePublished\":\"2021-01-22T12:34:17+00:00\",\"dateModified\":\"2021-04-23T08:39:10+00:00\",\"description\":\"Notas a pomelo rosado y naranja sanguina en aroma. Un cuerpo muy jugoso junto con una acidez c\u00edtrica y melosa.\",\"breadcrumb\":{\"@id\":\"https:\/\/subs.nomadcoffee.es\/ca\/producte\/nemba-natural\/#breadcrumb\"},\"inLanguage\":\"ca\",\"potentialAction\":[{\"@type\":\"ReadAction\",\"target\":[\"https:\/\/subs.nomadcoffee.es\/ca\/producte\/nemba-natural\/\"]}]},{\"@type\":\"ImageObject\",\"inLanguage\":\"ca\",\"@id\":\"https:\/\/subs.nomadcoffee.es\/ca\/producte\/nemba-natural\/#primaryimage\",\"url\":\"https:\/\/subs.nomadcoffee.es\/wp-content\/uploads\/2021\/01\/NEMBANATURAL.jpg\",\"contentUrl\":\"https:\/\/subs.nomadcoffee.es\/wp-content\/uploads\/2021\/01\/NEMBANATURAL.jpg\",\"width\":2000,\"height\":2000,\"caption\":\"Caf\u00e9 de especialidad tostado en Barcelona.\"},{\"@type\":\"BreadcrumbList\",\"@id\":\"https:\/\/subs.nomadcoffee.es\/ca\/producte\/nemba-natural\/#breadcrumb\",\"itemListElement\":[{\"@type\":\"ListItem\",\"position\":1,\"name\":\"Portada\",\"item\":\"https:\/\/subs.nomadcoffee.es\/ca\/\"},{\"@type\":\"ListItem\",\"position\":2,\"name\":\"Tienda\",\"item\":\"https:\/\/subs.nomadcoffee.es\/tienda\/\"},{\"@type\":\"ListItem\",\"position\":3,\"name\":\"Nemba Natural\"}]},{\"@type\":\"WebSite\",\"@id\":\"https:\/\/subs.nomadcoffee.es\/ca\/#website\",\"url\":\"https:\/\/subs.nomadcoffee.es\/ca\/\",\"name\":\"Nomad Coffee\",\"description\":\"Caf\u00e9 de origen, tostado en Barcelona\",\"publisher\":{\"@id\":\"https:\/\/subs.nomadcoffee.es\/ca\/#organization\"},\"alternateName\":\"Nomad Coffee\",\"potentialAction\":[{\"@type\":\"SearchAction\",\"target\":{\"@type\":\"EntryPoint\",\"urlTemplate\":\"https:\/\/subs.nomadcoffee.es\/ca\/?s={search_term_string}\"},\"query-input\":\"required name=search_term_string\"}],\"inLanguage\":\"ca\"},{\"@type\":\"Organization\",\"@id\":\"https:\/\/subs.nomadcoffee.es\/ca\/#organization\",\"name\":\"Nomad Coffee\",\"alternateName\":\"Nomad Coffee\",\"url\":\"https:\/\/subs.nomadcoffee.es\/ca\/\",\"logo\":{\"@type\":\"ImageObject\",\"inLanguage\":\"ca\",\"@id\":\"https:\/\/subs.nomadcoffee.es\/ca\/#\/schema\/logo\/image\/\",\"url\":\"https:\/\/nomadcoffee.es\/wp-content\/uploads\/2023\/05\/logo-Nomad.jpg\",\"contentUrl\":\"https:\/\/nomadcoffee.es\/wp-content\/uploads\/2023\/05\/logo-Nomad.jpg\",\"width\":200,\"height\":200,\"caption\":\"Nomad Coffee\"},\"image\":{\"@id\":\"https:\/\/subs.nomadcoffee.es\/ca\/#\/schema\/logo\/image\/\"}}]}<\/script>\n<!-- \/ Yoast SEO plugin. -->","yoast_head_json":{"title":"Nemba Natural - NOMAD","description":"Notas a pomelo rosado y naranja sanguina en aroma. Un cuerpo muy jugoso junto con una acidez c\u00edtrica y melosa.","robots":{"index":"noindex","follow":"follow","max-snippet":"max-snippet:-1","max-image-preview":"max-image-preview:large","max-video-preview":"max-video-preview:-1"},"og_locale":"ca_ES","og_type":"article","og_title":"Nemba Natural - NOMAD","og_description":"Notas a pomelo rosado y naranja sanguina en aroma. Un cuerpo muy jugoso junto con una acidez c\u00edtrica y melosa.","og_url":"https:\/\/subs.nomadcoffee.es\/ca\/producte\/nemba-natural\/","og_site_name":"NOMAD","article_modified_time":"2021-04-23T08:39:10+00:00","og_image":[{"width":2000,"height":2000,"url":"https:\/\/subs.nomadcoffee.es\/wp-content\/uploads\/2021\/01\/NEMBANATURAL.jpg","type":"image\/jpeg"}],"twitter_card":"summary_large_image","twitter_misc":{"Temps estimat de lectura":"1 minut"},"schema":{"@context":"https:\/\/schema.org","@graph":[{"@type":"WebPage","@id":"https:\/\/subs.nomadcoffee.es\/ca\/producte\/nemba-natural\/","url":"https:\/\/subs.nomadcoffee.es\/ca\/producte\/nemba-natural\/","name":"Nemba Natural - NOMAD","isPartOf":{"@id":"https:\/\/subs.nomadcoffee.es\/ca\/#website"},"primaryImageOfPage":{"@id":"https:\/\/subs.nomadcoffee.es\/ca\/producte\/nemba-natural\/#primaryimage"},"image":{"@id":"https:\/\/subs.nomadcoffee.es\/ca\/producte\/nemba-natural\/#primaryimage"},"thumbnailUrl":"https:\/\/subs.nomadcoffee.es\/wp-content\/uploads\/2021\/01\/NEMBANATURAL.jpg","datePublished":"2021-01-22T12:34:17+00:00","dateModified":"2021-04-23T08:39:10+00:00","description":"Notas a pomelo rosado y naranja sanguina en aroma. Un cuerpo muy jugoso junto con una acidez c\u00edtrica y melosa.","breadcrumb":{"@id":"https:\/\/subs.nomadcoffee.es\/ca\/producte\/nemba-natural\/#breadcrumb"},"inLanguage":"ca","potentialAction":[{"@type":"ReadAction","target":["https:\/\/subs.nomadcoffee.es\/ca\/producte\/nemba-natural\/"]}]},{"@type":"ImageObject","inLanguage":"ca","@id":"https:\/\/subs.nomadcoffee.es\/ca\/producte\/nemba-natural\/#primaryimage","url":"https:\/\/subs.nomadcoffee.es\/wp-content\/uploads\/2021\/01\/NEMBANATURAL.jpg","contentUrl":"https:\/\/subs.nomadcoffee.es\/wp-content\/uploads\/2021\/01\/NEMBANATURAL.jpg","width":2000,"height":2000,"caption":"Caf\u00e9 de especialidad tostado en Barcelona."},{"@type":"BreadcrumbList","@id":"https:\/\/subs.nomadcoffee.es\/ca\/producte\/nemba-natural\/#breadcrumb","itemListElement":[{"@type":"ListItem","position":1,"name":"Portada","item":"https:\/\/subs.nomadcoffee.es\/ca\/"},{"@type":"ListItem","position":2,"name":"Tienda","item":"https:\/\/subs.nomadcoffee.es\/tienda\/"},{"@type":"ListItem","position":3,"name":"Nemba Natural"}]},{"@type":"WebSite","@id":"https:\/\/subs.nomadcoffee.es\/ca\/#website","url":"https:\/\/subs.nomadcoffee.es\/ca\/","name":"Nomad Coffee","description":"Caf\u00e9 de origen, tostado en Barcelona","publisher":{"@id":"https:\/\/subs.nomadcoffee.es\/ca\/#organization"},"alternateName":"Nomad Coffee","potentialAction":[{"@type":"SearchAction","target":{"@type":"EntryPoint","urlTemplate":"https:\/\/subs.nomadcoffee.es\/ca\/?s={search_term_string}"},"query-input":"required name=search_term_string"}],"inLanguage":"ca"},{"@type":"Organization","@id":"https:\/\/subs.nomadcoffee.es\/ca\/#organization","name":"Nomad Coffee","alternateName":"Nomad Coffee","url":"https:\/\/subs.nomadcoffee.es\/ca\/","logo":{"@type":"ImageObject","inLanguage":"ca","@id":"https:\/\/subs.nomadcoffee.es\/ca\/#\/schema\/logo\/image\/","url":"https:\/\/nomadcoffee.es\/wp-content\/uploads\/2023\/05\/logo-Nomad.jpg","contentUrl":"https:\/\/nomadcoffee.es\/wp-content\/uploads\/2023\/05\/logo-Nomad.jpg","width":200,"height":200,"caption":"Nomad Coffee"},"image":{"@id":"https:\/\/subs.nomadcoffee.es\/ca\/#\/schema\/logo\/image\/"}}]}},"_links":{"self":[{"href":"https:\/\/subs.nomadcoffee.es\/ca\/wp-json\/wp\/v2\/product\/52592"}],"collection":[{"href":"https:\/\/subs.nomadcoffee.es\/ca\/wp-json\/wp\/v2\/product"}],"about":[{"href":"https:\/\/subs.nomadcoffee.es\/ca\/wp-json\/wp\/v2\/types\/product"}],"wp:featuredmedia":[{"embeddable":true,"href":"https:\/\/subs.nomadcoffee.es\/ca\/wp-json\/wp\/v2\/media\/47728"}],"wp:attachment":[{"href":"https:\/\/subs.nomadcoffee.es\/ca\/wp-json\/wp\/v2\/media?parent=52592"}],"wp:term":[{"taxonomy":"product_cat","embeddable":true,"href":"https:\/\/subs.nomadcoffee.es\/ca\/wp-json\/wp\/v2\/product_cat?post=52592"},{"taxonomy":"product_tag","embeddable":true,"href":"https:\/\/subs.nomadcoffee.es\/ca\/wp-json\/wp\/v2\/product_tag?post=52592"}],"curies":[{"name":"wp","href":"https:\/\/api.w.org\/{rel}","templated":true}]}}