{"id":52602,"date":"2021-01-13T11:29:07","date_gmt":"2021-01-13T10:29:07","guid":{"rendered":"https:\/\/nomadcoffee.es\/producto\/la-divina-providencia\/"},"modified":"2021-03-14T17:44:21","modified_gmt":"2021-03-14T16:44:21","slug":"la-divina-providencia","status":"publish","type":"product","link":"https:\/\/subs.nomadcoffee.es\/ca\/producte\/la-divina-providencia\/","title":{"rendered":"La Divina Providencia"},"content":{"rendered":"<p>Divina Provid\u00e8ncia existeix perqu\u00e8 Roberto Ulloa aix\u00ed ho va voler. Roberto no va heretar Divina Providencia, ja que la majoria de les granges a El Salvador aterren a la falda dels propietaris per her\u00e8ncia de la seva fam\u00edlia.<\/p>\n<p>La fam\u00edlia de Roberto nom\u00e9s tenia granges de baixa altura, per\u00f2 ell tenia la missi\u00f3 de produir el millor caf\u00e8 possible, pel que va ser tan alt com va poder en el volc\u00e0 de Santa Ana i va comprar una granja abandonada. A poc a poc, va continuar comprant granges abandonades per unir Divina Provid\u00e8ncia. Amb molta feina i dedicaci\u00f3, la seva finca s&#8217;ha convertit en una de les granges m\u00e9s saludables i belles d&#8217;El Salvador. En un moment en qu\u00e8 el cultiu de el caf\u00e8 no \u00e9s molt rendible i la producci\u00f3 d&#8217;El Salvador ha tocat fons, Divina Providencia existeix perqu\u00e8 Roberto est\u00e0 impulsat per una passi\u00f3 imparable per produir caf\u00e8s incre\u00efbles.<\/p>\n","protected":false},"excerpt":{"rendered":"<p>Divina Provid\u00e8ncia existeix perqu\u00e8 Roberto Ulloa aix\u00ed ho va voler. Roberto no va heretar Divina Providencia, ja que la majoria [&hellip;]<\/p>\n","protected":false},"featured_media":47731,"template":"","meta":[],"product_cat":[137,475],"product_tag":[755,774,773],"acf":[],"yoast_head":"<!-- This site is optimized with the Yoast SEO plugin v22.6 - https:\/\/yoast.com\/wordpress\/plugins\/seo\/ -->\n<title>La Divina Providencia - NOMAD<\/title>\n<meta name=\"description\" content=\"Un cuerpo untuoso con una acidez melosa y notas que nos recuerdan al pl\u00e1tano y a la frambruesa. Disfrutalo tanto como nosotros.\" \/>\n<meta name=\"robots\" content=\"noindex, follow, max-snippet:-1, max-image-preview:large, max-video-preview:-1\" \/>\n<meta property=\"og:locale\" content=\"ca_ES\" \/>\n<meta property=\"og:type\" content=\"article\" \/>\n<meta property=\"og:title\" content=\"La Divina Providencia - NOMAD\" \/>\n<meta property=\"og:description\" content=\"Un cuerpo untuoso con una acidez melosa y notas que nos recuerdan al pl\u00e1tano y a la frambruesa. Disfrutalo tanto como nosotros.\" \/>\n<meta property=\"og:url\" content=\"https:\/\/subs.nomadcoffee.es\/ca\/producte\/la-divina-providencia\/\" \/>\n<meta property=\"og:site_name\" content=\"NOMAD\" \/>\n<meta property=\"article:modified_time\" content=\"2021-03-14T16:44:21+00:00\" \/>\n<meta property=\"og:image\" content=\"https:\/\/subs.nomadcoffee.es\/wp-content\/uploads\/2021\/01\/LADIVINA-1.jpg\" \/>\n\t<meta property=\"og:image:width\" content=\"2000\" \/>\n\t<meta property=\"og:image:height\" content=\"2000\" \/>\n\t<meta property=\"og:image:type\" content=\"image\/jpeg\" \/>\n<meta name=\"twitter:card\" content=\"summary_large_image\" \/>\n<meta name=\"twitter:label1\" content=\"Temps estimat de lectura\" \/>\n\t<meta name=\"twitter:data1\" content=\"1 minut\" \/>\n<script type=\"application\/ld+json\" class=\"yoast-schema-graph\">{\"@context\":\"https:\/\/schema.org\",\"@graph\":[{\"@type\":\"WebPage\",\"@id\":\"https:\/\/subs.nomadcoffee.es\/ca\/producte\/la-divina-providencia\/\",\"url\":\"https:\/\/subs.nomadcoffee.es\/ca\/producte\/la-divina-providencia\/\",\"name\":\"La Divina Providencia - NOMAD\",\"isPartOf\":{\"@id\":\"https:\/\/subs.nomadcoffee.es\/ca\/#website\"},\"primaryImageOfPage\":{\"@id\":\"https:\/\/subs.nomadcoffee.es\/ca\/producte\/la-divina-providencia\/#primaryimage\"},\"image\":{\"@id\":\"https:\/\/subs.nomadcoffee.es\/ca\/producte\/la-divina-providencia\/#primaryimage\"},\"thumbnailUrl\":\"https:\/\/subs.nomadcoffee.es\/wp-content\/uploads\/2021\/01\/LADIVINA-1.jpg\",\"datePublished\":\"2021-01-13T10:29:07+00:00\",\"dateModified\":\"2021-03-14T16:44:21+00:00\",\"description\":\"Un cuerpo untuoso con una acidez melosa y notas que nos recuerdan al pl\u00e1tano y a la frambruesa. Disfrutalo tanto como nosotros.\",\"breadcrumb\":{\"@id\":\"https:\/\/subs.nomadcoffee.es\/ca\/producte\/la-divina-providencia\/#breadcrumb\"},\"inLanguage\":\"ca\",\"potentialAction\":[{\"@type\":\"ReadAction\",\"target\":[\"https:\/\/subs.nomadcoffee.es\/ca\/producte\/la-divina-providencia\/\"]}]},{\"@type\":\"ImageObject\",\"inLanguage\":\"ca\",\"@id\":\"https:\/\/subs.nomadcoffee.es\/ca\/producte\/la-divina-providencia\/#primaryimage\",\"url\":\"https:\/\/subs.nomadcoffee.es\/wp-content\/uploads\/2021\/01\/LADIVINA-1.jpg\",\"contentUrl\":\"https:\/\/subs.nomadcoffee.es\/wp-content\/uploads\/2021\/01\/LADIVINA-1.jpg\",\"width\":2000,\"height\":2000,\"caption\":\"Caf\u00e9 de especialidad tostado en Barcelona.\"},{\"@type\":\"BreadcrumbList\",\"@id\":\"https:\/\/subs.nomadcoffee.es\/ca\/producte\/la-divina-providencia\/#breadcrumb\",\"itemListElement\":[{\"@type\":\"ListItem\",\"position\":1,\"name\":\"Portada\",\"item\":\"https:\/\/subs.nomadcoffee.es\/ca\/\"},{\"@type\":\"ListItem\",\"position\":2,\"name\":\"Tienda\",\"item\":\"https:\/\/subs.nomadcoffee.es\/tienda\/\"},{\"@type\":\"ListItem\",\"position\":3,\"name\":\"La Divina Providencia\"}]},{\"@type\":\"WebSite\",\"@id\":\"https:\/\/subs.nomadcoffee.es\/ca\/#website\",\"url\":\"https:\/\/subs.nomadcoffee.es\/ca\/\",\"name\":\"Nomad Coffee\",\"description\":\"Caf\u00e9 de origen, tostado en Barcelona\",\"publisher\":{\"@id\":\"https:\/\/subs.nomadcoffee.es\/ca\/#organization\"},\"alternateName\":\"Nomad Coffee\",\"potentialAction\":[{\"@type\":\"SearchAction\",\"target\":{\"@type\":\"EntryPoint\",\"urlTemplate\":\"https:\/\/subs.nomadcoffee.es\/ca\/?s={search_term_string}\"},\"query-input\":\"required name=search_term_string\"}],\"inLanguage\":\"ca\"},{\"@type\":\"Organization\",\"@id\":\"https:\/\/subs.nomadcoffee.es\/ca\/#organization\",\"name\":\"Nomad Coffee\",\"alternateName\":\"Nomad Coffee\",\"url\":\"https:\/\/subs.nomadcoffee.es\/ca\/\",\"logo\":{\"@type\":\"ImageObject\",\"inLanguage\":\"ca\",\"@id\":\"https:\/\/subs.nomadcoffee.es\/ca\/#\/schema\/logo\/image\/\",\"url\":\"https:\/\/nomadcoffee.es\/wp-content\/uploads\/2023\/05\/logo-Nomad.jpg\",\"contentUrl\":\"https:\/\/nomadcoffee.es\/wp-content\/uploads\/2023\/05\/logo-Nomad.jpg\",\"width\":200,\"height\":200,\"caption\":\"Nomad Coffee\"},\"image\":{\"@id\":\"https:\/\/subs.nomadcoffee.es\/ca\/#\/schema\/logo\/image\/\"}}]}<\/script>\n<!-- \/ Yoast SEO plugin. -->","yoast_head_json":{"title":"La Divina Providencia - NOMAD","description":"Un cuerpo untuoso con una acidez melosa y notas que nos recuerdan al pl\u00e1tano y a la frambruesa. Disfrutalo tanto como nosotros.","robots":{"index":"noindex","follow":"follow","max-snippet":"max-snippet:-1","max-image-preview":"max-image-preview:large","max-video-preview":"max-video-preview:-1"},"og_locale":"ca_ES","og_type":"article","og_title":"La Divina Providencia - NOMAD","og_description":"Un cuerpo untuoso con una acidez melosa y notas que nos recuerdan al pl\u00e1tano y a la frambruesa. Disfrutalo tanto como nosotros.","og_url":"https:\/\/subs.nomadcoffee.es\/ca\/producte\/la-divina-providencia\/","og_site_name":"NOMAD","article_modified_time":"2021-03-14T16:44:21+00:00","og_image":[{"width":2000,"height":2000,"url":"https:\/\/subs.nomadcoffee.es\/wp-content\/uploads\/2021\/01\/LADIVINA-1.jpg","type":"image\/jpeg"}],"twitter_card":"summary_large_image","twitter_misc":{"Temps estimat de lectura":"1 minut"},"schema":{"@context":"https:\/\/schema.org","@graph":[{"@type":"WebPage","@id":"https:\/\/subs.nomadcoffee.es\/ca\/producte\/la-divina-providencia\/","url":"https:\/\/subs.nomadcoffee.es\/ca\/producte\/la-divina-providencia\/","name":"La Divina Providencia - NOMAD","isPartOf":{"@id":"https:\/\/subs.nomadcoffee.es\/ca\/#website"},"primaryImageOfPage":{"@id":"https:\/\/subs.nomadcoffee.es\/ca\/producte\/la-divina-providencia\/#primaryimage"},"image":{"@id":"https:\/\/subs.nomadcoffee.es\/ca\/producte\/la-divina-providencia\/#primaryimage"},"thumbnailUrl":"https:\/\/subs.nomadcoffee.es\/wp-content\/uploads\/2021\/01\/LADIVINA-1.jpg","datePublished":"2021-01-13T10:29:07+00:00","dateModified":"2021-03-14T16:44:21+00:00","description":"Un cuerpo untuoso con una acidez melosa y notas que nos recuerdan al pl\u00e1tano y a la frambruesa. Disfrutalo tanto como nosotros.","breadcrumb":{"@id":"https:\/\/subs.nomadcoffee.es\/ca\/producte\/la-divina-providencia\/#breadcrumb"},"inLanguage":"ca","potentialAction":[{"@type":"ReadAction","target":["https:\/\/subs.nomadcoffee.es\/ca\/producte\/la-divina-providencia\/"]}]},{"@type":"ImageObject","inLanguage":"ca","@id":"https:\/\/subs.nomadcoffee.es\/ca\/producte\/la-divina-providencia\/#primaryimage","url":"https:\/\/subs.nomadcoffee.es\/wp-content\/uploads\/2021\/01\/LADIVINA-1.jpg","contentUrl":"https:\/\/subs.nomadcoffee.es\/wp-content\/uploads\/2021\/01\/LADIVINA-1.jpg","width":2000,"height":2000,"caption":"Caf\u00e9 de especialidad tostado en Barcelona."},{"@type":"BreadcrumbList","@id":"https:\/\/subs.nomadcoffee.es\/ca\/producte\/la-divina-providencia\/#breadcrumb","itemListElement":[{"@type":"ListItem","position":1,"name":"Portada","item":"https:\/\/subs.nomadcoffee.es\/ca\/"},{"@type":"ListItem","position":2,"name":"Tienda","item":"https:\/\/subs.nomadcoffee.es\/tienda\/"},{"@type":"ListItem","position":3,"name":"La Divina Providencia"}]},{"@type":"WebSite","@id":"https:\/\/subs.nomadcoffee.es\/ca\/#website","url":"https:\/\/subs.nomadcoffee.es\/ca\/","name":"Nomad Coffee","description":"Caf\u00e9 de origen, tostado en Barcelona","publisher":{"@id":"https:\/\/subs.nomadcoffee.es\/ca\/#organization"},"alternateName":"Nomad Coffee","potentialAction":[{"@type":"SearchAction","target":{"@type":"EntryPoint","urlTemplate":"https:\/\/subs.nomadcoffee.es\/ca\/?s={search_term_string}"},"query-input":"required name=search_term_string"}],"inLanguage":"ca"},{"@type":"Organization","@id":"https:\/\/subs.nomadcoffee.es\/ca\/#organization","name":"Nomad Coffee","alternateName":"Nomad Coffee","url":"https:\/\/subs.nomadcoffee.es\/ca\/","logo":{"@type":"ImageObject","inLanguage":"ca","@id":"https:\/\/subs.nomadcoffee.es\/ca\/#\/schema\/logo\/image\/","url":"https:\/\/nomadcoffee.es\/wp-content\/uploads\/2023\/05\/logo-Nomad.jpg","contentUrl":"https:\/\/nomadcoffee.es\/wp-content\/uploads\/2023\/05\/logo-Nomad.jpg","width":200,"height":200,"caption":"Nomad Coffee"},"image":{"@id":"https:\/\/subs.nomadcoffee.es\/ca\/#\/schema\/logo\/image\/"}}]}},"_links":{"self":[{"href":"https:\/\/subs.nomadcoffee.es\/ca\/wp-json\/wp\/v2\/product\/52602"}],"collection":[{"href":"https:\/\/subs.nomadcoffee.es\/ca\/wp-json\/wp\/v2\/product"}],"about":[{"href":"https:\/\/subs.nomadcoffee.es\/ca\/wp-json\/wp\/v2\/types\/product"}],"wp:featuredmedia":[{"embeddable":true,"href":"https:\/\/subs.nomadcoffee.es\/ca\/wp-json\/wp\/v2\/media\/47731"}],"wp:attachment":[{"href":"https:\/\/subs.nomadcoffee.es\/ca\/wp-json\/wp\/v2\/media?parent=52602"}],"wp:term":[{"taxonomy":"product_cat","embeddable":true,"href":"https:\/\/subs.nomadcoffee.es\/ca\/wp-json\/wp\/v2\/product_cat?post=52602"},{"taxonomy":"product_tag","embeddable":true,"href":"https:\/\/subs.nomadcoffee.es\/ca\/wp-json\/wp\/v2\/product_tag?post=52602"}],"curies":[{"name":"wp","href":"https:\/\/api.w.org\/{rel}","templated":true}]}}