{"id":52632,"date":"2020-12-10T17:08:10","date_gmt":"2020-12-10T16:08:10","guid":{"rendered":"https:\/\/nomadcoffee.es\/producto\/tarjeta-regalo-nomad-coffee\/"},"modified":"2023-05-11T14:55:52","modified_gmt":"2023-05-11T12:55:52","slug":"tarjeta-regal-nomad-coffee","status":"publish","type":"product","link":"https:\/\/subs.nomadcoffee.es\/ca\/producte\/tarjeta-regal-nomad-coffee\/","title":{"rendered":"Targeta regal NOMAD COFFEE"},"content":{"rendered":"","protected":false},"excerpt":{"rendered":"","protected":false},"featured_media":43433,"template":"","meta":[],"product_cat":[517,137,106],"product_tag":[],"acf":[],"yoast_head":"<!-- This site is optimized with the Yoast SEO plugin v22.6 - https:\/\/yoast.com\/wordpress\/plugins\/seo\/ -->\n<title>Targeta regal NOMAD COFFEE - NOMAD<\/title>\n<meta name=\"description\" content=\"Tarjeta regalo de NOMAD COFFEE! Puedes regalara a quien quieras y as\u00ed podr\u00e1 disfrutar de nuestros caf\u00e9s de especialidad.\" \/>\n<meta name=\"robots\" content=\"noindex, follow, max-snippet:-1, max-image-preview:large, max-video-preview:-1\" \/>\n<meta property=\"og:locale\" content=\"ca_ES\" \/>\n<meta property=\"og:type\" content=\"article\" \/>\n<meta property=\"og:title\" content=\"Targeta regal NOMAD COFFEE - NOMAD\" \/>\n<meta property=\"og:description\" content=\"Tarjeta regalo de NOMAD COFFEE! Puedes regalara a quien quieras y as\u00ed podr\u00e1 disfrutar de nuestros caf\u00e9s de especialidad.\" \/>\n<meta property=\"og:url\" content=\"https:\/\/subs.nomadcoffee.es\/ca\/producte\/tarjeta-regal-nomad-coffee\/\" \/>\n<meta property=\"og:site_name\" content=\"NOMAD\" \/>\n<meta property=\"article:modified_time\" content=\"2023-05-11T12:55:52+00:00\" \/>\n<meta property=\"og:image\" content=\"https:\/\/subs.nomadcoffee.es\/wp-content\/uploads\/2020\/12\/targeta.jpg\" \/>\n\t<meta property=\"og:image:width\" content=\"2044\" \/>\n\t<meta property=\"og:image:height\" content=\"2044\" \/>\n\t<meta property=\"og:image:type\" content=\"image\/jpeg\" \/>\n<meta name=\"twitter:card\" content=\"summary_large_image\" \/>\n<script type=\"application\/ld+json\" class=\"yoast-schema-graph\">{\"@context\":\"https:\/\/schema.org\",\"@graph\":[{\"@type\":\"WebPage\",\"@id\":\"https:\/\/subs.nomadcoffee.es\/ca\/producte\/tarjeta-regal-nomad-coffee\/\",\"url\":\"https:\/\/subs.nomadcoffee.es\/ca\/producte\/tarjeta-regal-nomad-coffee\/\",\"name\":\"Targeta regal NOMAD COFFEE - NOMAD\",\"isPartOf\":{\"@id\":\"https:\/\/subs.nomadcoffee.es\/ca\/#website\"},\"primaryImageOfPage\":{\"@id\":\"https:\/\/subs.nomadcoffee.es\/ca\/producte\/tarjeta-regal-nomad-coffee\/#primaryimage\"},\"image\":{\"@id\":\"https:\/\/subs.nomadcoffee.es\/ca\/producte\/tarjeta-regal-nomad-coffee\/#primaryimage\"},\"thumbnailUrl\":\"https:\/\/subs.nomadcoffee.es\/wp-content\/uploads\/2020\/12\/targeta.jpg\",\"datePublished\":\"2020-12-10T16:08:10+00:00\",\"dateModified\":\"2023-05-11T12:55:52+00:00\",\"description\":\"Tarjeta regalo de NOMAD COFFEE! Puedes regalara a quien quieras y as\u00ed podr\u00e1 disfrutar de nuestros caf\u00e9s de especialidad.\",\"breadcrumb\":{\"@id\":\"https:\/\/subs.nomadcoffee.es\/ca\/producte\/tarjeta-regal-nomad-coffee\/#breadcrumb\"},\"inLanguage\":\"ca\",\"potentialAction\":[{\"@type\":\"ReadAction\",\"target\":[\"https:\/\/subs.nomadcoffee.es\/ca\/producte\/tarjeta-regal-nomad-coffee\/\"]}]},{\"@type\":\"ImageObject\",\"inLanguage\":\"ca\",\"@id\":\"https:\/\/subs.nomadcoffee.es\/ca\/producte\/tarjeta-regal-nomad-coffee\/#primaryimage\",\"url\":\"https:\/\/subs.nomadcoffee.es\/wp-content\/uploads\/2020\/12\/targeta.jpg\",\"contentUrl\":\"https:\/\/subs.nomadcoffee.es\/wp-content\/uploads\/2020\/12\/targeta.jpg\",\"width\":2044,\"height\":2044},{\"@type\":\"BreadcrumbList\",\"@id\":\"https:\/\/subs.nomadcoffee.es\/ca\/producte\/tarjeta-regal-nomad-coffee\/#breadcrumb\",\"itemListElement\":[{\"@type\":\"ListItem\",\"position\":1,\"name\":\"Portada\",\"item\":\"https:\/\/subs.nomadcoffee.es\/ca\/\"},{\"@type\":\"ListItem\",\"position\":2,\"name\":\"Tienda\",\"item\":\"https:\/\/subs.nomadcoffee.es\/tienda\/\"},{\"@type\":\"ListItem\",\"position\":3,\"name\":\"Targeta regal NOMAD COFFEE\"}]},{\"@type\":\"WebSite\",\"@id\":\"https:\/\/subs.nomadcoffee.es\/ca\/#website\",\"url\":\"https:\/\/subs.nomadcoffee.es\/ca\/\",\"name\":\"Nomad Coffee\",\"description\":\"Caf\u00e9 de origen, tostado en Barcelona\",\"publisher\":{\"@id\":\"https:\/\/subs.nomadcoffee.es\/ca\/#organization\"},\"alternateName\":\"Nomad Coffee\",\"potentialAction\":[{\"@type\":\"SearchAction\",\"target\":{\"@type\":\"EntryPoint\",\"urlTemplate\":\"https:\/\/subs.nomadcoffee.es\/ca\/?s={search_term_string}\"},\"query-input\":\"required name=search_term_string\"}],\"inLanguage\":\"ca\"},{\"@type\":\"Organization\",\"@id\":\"https:\/\/subs.nomadcoffee.es\/ca\/#organization\",\"name\":\"Nomad Coffee\",\"alternateName\":\"Nomad Coffee\",\"url\":\"https:\/\/subs.nomadcoffee.es\/ca\/\",\"logo\":{\"@type\":\"ImageObject\",\"inLanguage\":\"ca\",\"@id\":\"https:\/\/subs.nomadcoffee.es\/ca\/#\/schema\/logo\/image\/\",\"url\":\"https:\/\/nomadcoffee.es\/wp-content\/uploads\/2023\/05\/logo-Nomad.jpg\",\"contentUrl\":\"https:\/\/nomadcoffee.es\/wp-content\/uploads\/2023\/05\/logo-Nomad.jpg\",\"width\":200,\"height\":200,\"caption\":\"Nomad Coffee\"},\"image\":{\"@id\":\"https:\/\/subs.nomadcoffee.es\/ca\/#\/schema\/logo\/image\/\"}}]}<\/script>\n<!-- \/ Yoast SEO plugin. -->","yoast_head_json":{"title":"Targeta regal NOMAD COFFEE - NOMAD","description":"Tarjeta regalo de NOMAD COFFEE! Puedes regalara a quien quieras y as\u00ed podr\u00e1 disfrutar de nuestros caf\u00e9s de especialidad.","robots":{"index":"noindex","follow":"follow","max-snippet":"max-snippet:-1","max-image-preview":"max-image-preview:large","max-video-preview":"max-video-preview:-1"},"og_locale":"ca_ES","og_type":"article","og_title":"Targeta regal NOMAD COFFEE - NOMAD","og_description":"Tarjeta regalo de NOMAD COFFEE! Puedes regalara a quien quieras y as\u00ed podr\u00e1 disfrutar de nuestros caf\u00e9s de especialidad.","og_url":"https:\/\/subs.nomadcoffee.es\/ca\/producte\/tarjeta-regal-nomad-coffee\/","og_site_name":"NOMAD","article_modified_time":"2023-05-11T12:55:52+00:00","og_image":[{"width":2044,"height":2044,"url":"https:\/\/subs.nomadcoffee.es\/wp-content\/uploads\/2020\/12\/targeta.jpg","type":"image\/jpeg"}],"twitter_card":"summary_large_image","schema":{"@context":"https:\/\/schema.org","@graph":[{"@type":"WebPage","@id":"https:\/\/subs.nomadcoffee.es\/ca\/producte\/tarjeta-regal-nomad-coffee\/","url":"https:\/\/subs.nomadcoffee.es\/ca\/producte\/tarjeta-regal-nomad-coffee\/","name":"Targeta regal NOMAD COFFEE - NOMAD","isPartOf":{"@id":"https:\/\/subs.nomadcoffee.es\/ca\/#website"},"primaryImageOfPage":{"@id":"https:\/\/subs.nomadcoffee.es\/ca\/producte\/tarjeta-regal-nomad-coffee\/#primaryimage"},"image":{"@id":"https:\/\/subs.nomadcoffee.es\/ca\/producte\/tarjeta-regal-nomad-coffee\/#primaryimage"},"thumbnailUrl":"https:\/\/subs.nomadcoffee.es\/wp-content\/uploads\/2020\/12\/targeta.jpg","datePublished":"2020-12-10T16:08:10+00:00","dateModified":"2023-05-11T12:55:52+00:00","description":"Tarjeta regalo de NOMAD COFFEE! Puedes regalara a quien quieras y as\u00ed podr\u00e1 disfrutar de nuestros caf\u00e9s de especialidad.","breadcrumb":{"@id":"https:\/\/subs.nomadcoffee.es\/ca\/producte\/tarjeta-regal-nomad-coffee\/#breadcrumb"},"inLanguage":"ca","potentialAction":[{"@type":"ReadAction","target":["https:\/\/subs.nomadcoffee.es\/ca\/producte\/tarjeta-regal-nomad-coffee\/"]}]},{"@type":"ImageObject","inLanguage":"ca","@id":"https:\/\/subs.nomadcoffee.es\/ca\/producte\/tarjeta-regal-nomad-coffee\/#primaryimage","url":"https:\/\/subs.nomadcoffee.es\/wp-content\/uploads\/2020\/12\/targeta.jpg","contentUrl":"https:\/\/subs.nomadcoffee.es\/wp-content\/uploads\/2020\/12\/targeta.jpg","width":2044,"height":2044},{"@type":"BreadcrumbList","@id":"https:\/\/subs.nomadcoffee.es\/ca\/producte\/tarjeta-regal-nomad-coffee\/#breadcrumb","itemListElement":[{"@type":"ListItem","position":1,"name":"Portada","item":"https:\/\/subs.nomadcoffee.es\/ca\/"},{"@type":"ListItem","position":2,"name":"Tienda","item":"https:\/\/subs.nomadcoffee.es\/tienda\/"},{"@type":"ListItem","position":3,"name":"Targeta regal NOMAD COFFEE"}]},{"@type":"WebSite","@id":"https:\/\/subs.nomadcoffee.es\/ca\/#website","url":"https:\/\/subs.nomadcoffee.es\/ca\/","name":"Nomad Coffee","description":"Caf\u00e9 de origen, tostado en Barcelona","publisher":{"@id":"https:\/\/subs.nomadcoffee.es\/ca\/#organization"},"alternateName":"Nomad Coffee","potentialAction":[{"@type":"SearchAction","target":{"@type":"EntryPoint","urlTemplate":"https:\/\/subs.nomadcoffee.es\/ca\/?s={search_term_string}"},"query-input":"required name=search_term_string"}],"inLanguage":"ca"},{"@type":"Organization","@id":"https:\/\/subs.nomadcoffee.es\/ca\/#organization","name":"Nomad Coffee","alternateName":"Nomad Coffee","url":"https:\/\/subs.nomadcoffee.es\/ca\/","logo":{"@type":"ImageObject","inLanguage":"ca","@id":"https:\/\/subs.nomadcoffee.es\/ca\/#\/schema\/logo\/image\/","url":"https:\/\/nomadcoffee.es\/wp-content\/uploads\/2023\/05\/logo-Nomad.jpg","contentUrl":"https:\/\/nomadcoffee.es\/wp-content\/uploads\/2023\/05\/logo-Nomad.jpg","width":200,"height":200,"caption":"Nomad Coffee"},"image":{"@id":"https:\/\/subs.nomadcoffee.es\/ca\/#\/schema\/logo\/image\/"}}]}},"_links":{"self":[{"href":"https:\/\/subs.nomadcoffee.es\/ca\/wp-json\/wp\/v2\/product\/52632"}],"collection":[{"href":"https:\/\/subs.nomadcoffee.es\/ca\/wp-json\/wp\/v2\/product"}],"about":[{"href":"https:\/\/subs.nomadcoffee.es\/ca\/wp-json\/wp\/v2\/types\/product"}],"wp:featuredmedia":[{"embeddable":true,"href":"https:\/\/subs.nomadcoffee.es\/ca\/wp-json\/wp\/v2\/media\/43433"}],"wp:attachment":[{"href":"https:\/\/subs.nomadcoffee.es\/ca\/wp-json\/wp\/v2\/media?parent=52632"}],"wp:term":[{"taxonomy":"product_cat","embeddable":true,"href":"https:\/\/subs.nomadcoffee.es\/ca\/wp-json\/wp\/v2\/product_cat?post=52632"},{"taxonomy":"product_tag","embeddable":true,"href":"https:\/\/subs.nomadcoffee.es\/ca\/wp-json\/wp\/v2\/product_tag?post=52632"}],"curies":[{"name":"wp","href":"https:\/\/api.w.org\/{rel}","templated":true}]}}