{"id":52645,"date":"2020-09-16T15:31:51","date_gmt":"2020-09-16T13:31:51","guid":{"rendered":"https:\/\/nomadcoffee.es\/producto\/ayla\/"},"modified":"2021-03-14T19:14:40","modified_gmt":"2021-03-14T18:14:40","slug":"ayla","status":"publish","type":"product","link":"https:\/\/subs.nomadcoffee.es\/ca\/producte\/ayla\/","title":{"rendered":"Ayla"},"content":{"rendered":"<p>Al voltant de 14 hores viatjant en cotxe des de Addis Abeba, trobar\u00e0s la comunitat de les terres altes de la vila Bombe al districte de Bensa a Sidama. La zona \u00e9s coneguda com &#8220;Konjo Buna&#8221;, que significa &#8220;bon caf\u00e8&#8221; en et\u00edop. En aquest lloc remot es reuneixen unes condicions ideals per conrear caf\u00e8s excepcionals ia m\u00e9s, la gent que ho conrea realitza un treball excel\u00b7lent treball classificant i processant amb cura gra. En general, el caf\u00e8 cultivat en aquest paratge, posseeix un caracter\u00edstic sabor afruitat i notes florals a m\u00e9s de qualitat excel\u00b7lent. En grans altures com aquesta, el creixement de el caf\u00e8 resulta m\u00e9s lent, donada la poca quantitat d&#8217;oxigen i les baixes temperatures. Aquestes condicions fan que els sucres generats siguin m\u00e9s densos i intensos i per tant, d&#8217;ells extraiem tasses m\u00e9s dol\u00e7os i interessants.<\/p>\n<p>Un factor sorprenent d&#8217;aquest lot \u00e9s que aquesta compost per una \u00fanica varietat. La varietat Kurume. Normalment, els caf\u00e8s et\u00edops v\u00e9nen barrejats amb diferents varietats locals al que en angl\u00e8s se l&#8217;anomena &#8220;Heirloom&#8221;. El fet que sigui una \u00fanica varietat, fa que el torrat d&#8217;aquest caf\u00e8 sigui molt m\u00e9s estable i que les caracter\u00edstiques organol\u00e8ptiques d&#8217;aquest origen siguin m\u00e9s netes i clares.<\/p>\n","protected":false},"excerpt":{"rendered":"<p>Al voltant de 14 hores viatjant en cotxe des de Addis Abeba, trobar\u00e0s la comunitat de les terres altes de [&hellip;]<\/p>\n","protected":false},"featured_media":46540,"template":"","meta":[],"product_cat":[137,476],"product_tag":[595,701,625,589,706],"acf":[],"yoast_head":"<!-- This site is optimized with the Yoast SEO plugin v22.6 - https:\/\/yoast.com\/wordpress\/plugins\/seo\/ -->\n<title>Ayla - NOMAD<\/title>\n<meta name=\"description\" content=\"Posee una fragancia embriagadora, muy tropical y melosa. Podemos encontrar notas muy claras a pi\u00f1a y tamarindo. Caf\u00e9 de proceso natural.\" \/>\n<meta name=\"robots\" content=\"noindex, follow, max-snippet:-1, max-image-preview:large, max-video-preview:-1\" \/>\n<meta property=\"og:locale\" content=\"ca_ES\" \/>\n<meta property=\"og:type\" content=\"article\" \/>\n<meta property=\"og:title\" content=\"Ayla - NOMAD\" \/>\n<meta property=\"og:description\" content=\"Posee una fragancia embriagadora, muy tropical y melosa. Podemos encontrar notas muy claras a pi\u00f1a y tamarindo. Caf\u00e9 de proceso natural.\" \/>\n<meta property=\"og:url\" content=\"https:\/\/subs.nomadcoffee.es\/ca\/producte\/ayla\/\" \/>\n<meta property=\"og:site_name\" content=\"NOMAD\" \/>\n<meta property=\"article:modified_time\" content=\"2021-03-14T18:14:40+00:00\" \/>\n<meta property=\"og:image\" content=\"https:\/\/subs.nomadcoffee.es\/wp-content\/uploads\/2020\/09\/AYLA.jpg\" \/>\n\t<meta property=\"og:image:width\" content=\"2000\" \/>\n\t<meta property=\"og:image:height\" content=\"2000\" \/>\n\t<meta property=\"og:image:type\" content=\"image\/jpeg\" \/>\n<meta name=\"twitter:card\" content=\"summary_large_image\" \/>\n<meta name=\"twitter:label1\" content=\"Temps estimat de lectura\" \/>\n\t<meta name=\"twitter:data1\" content=\"1 minut\" \/>\n<script type=\"application\/ld+json\" class=\"yoast-schema-graph\">{\"@context\":\"https:\/\/schema.org\",\"@graph\":[{\"@type\":\"WebPage\",\"@id\":\"https:\/\/subs.nomadcoffee.es\/ca\/producte\/ayla\/\",\"url\":\"https:\/\/subs.nomadcoffee.es\/ca\/producte\/ayla\/\",\"name\":\"Ayla - NOMAD\",\"isPartOf\":{\"@id\":\"https:\/\/subs.nomadcoffee.es\/ca\/#website\"},\"primaryImageOfPage\":{\"@id\":\"https:\/\/subs.nomadcoffee.es\/ca\/producte\/ayla\/#primaryimage\"},\"image\":{\"@id\":\"https:\/\/subs.nomadcoffee.es\/ca\/producte\/ayla\/#primaryimage\"},\"thumbnailUrl\":\"https:\/\/subs.nomadcoffee.es\/wp-content\/uploads\/2020\/09\/AYLA.jpg\",\"datePublished\":\"2020-09-16T13:31:51+00:00\",\"dateModified\":\"2021-03-14T18:14:40+00:00\",\"description\":\"Posee una fragancia embriagadora, muy tropical y melosa. Podemos encontrar notas muy claras a pi\u00f1a y tamarindo. Caf\u00e9 de proceso natural.\",\"breadcrumb\":{\"@id\":\"https:\/\/subs.nomadcoffee.es\/ca\/producte\/ayla\/#breadcrumb\"},\"inLanguage\":\"ca\",\"potentialAction\":[{\"@type\":\"ReadAction\",\"target\":[\"https:\/\/subs.nomadcoffee.es\/ca\/producte\/ayla\/\"]}]},{\"@type\":\"ImageObject\",\"inLanguage\":\"ca\",\"@id\":\"https:\/\/subs.nomadcoffee.es\/ca\/producte\/ayla\/#primaryimage\",\"url\":\"https:\/\/subs.nomadcoffee.es\/wp-content\/uploads\/2020\/09\/AYLA.jpg\",\"contentUrl\":\"https:\/\/subs.nomadcoffee.es\/wp-content\/uploads\/2020\/09\/AYLA.jpg\",\"width\":2000,\"height\":2000,\"caption\":\"Cafe de especialidad tostado en Barcelona\"},{\"@type\":\"BreadcrumbList\",\"@id\":\"https:\/\/subs.nomadcoffee.es\/ca\/producte\/ayla\/#breadcrumb\",\"itemListElement\":[{\"@type\":\"ListItem\",\"position\":1,\"name\":\"Portada\",\"item\":\"https:\/\/subs.nomadcoffee.es\/ca\/\"},{\"@type\":\"ListItem\",\"position\":2,\"name\":\"Tienda\",\"item\":\"https:\/\/subs.nomadcoffee.es\/tienda\/\"},{\"@type\":\"ListItem\",\"position\":3,\"name\":\"Ayla\"}]},{\"@type\":\"WebSite\",\"@id\":\"https:\/\/subs.nomadcoffee.es\/ca\/#website\",\"url\":\"https:\/\/subs.nomadcoffee.es\/ca\/\",\"name\":\"Nomad Coffee\",\"description\":\"Caf\u00e9 de origen, tostado en Barcelona\",\"publisher\":{\"@id\":\"https:\/\/subs.nomadcoffee.es\/ca\/#organization\"},\"alternateName\":\"Nomad Coffee\",\"potentialAction\":[{\"@type\":\"SearchAction\",\"target\":{\"@type\":\"EntryPoint\",\"urlTemplate\":\"https:\/\/subs.nomadcoffee.es\/ca\/?s={search_term_string}\"},\"query-input\":\"required name=search_term_string\"}],\"inLanguage\":\"ca\"},{\"@type\":\"Organization\",\"@id\":\"https:\/\/subs.nomadcoffee.es\/ca\/#organization\",\"name\":\"Nomad Coffee\",\"alternateName\":\"Nomad Coffee\",\"url\":\"https:\/\/subs.nomadcoffee.es\/ca\/\",\"logo\":{\"@type\":\"ImageObject\",\"inLanguage\":\"ca\",\"@id\":\"https:\/\/subs.nomadcoffee.es\/ca\/#\/schema\/logo\/image\/\",\"url\":\"https:\/\/nomadcoffee.es\/wp-content\/uploads\/2023\/05\/logo-Nomad.jpg\",\"contentUrl\":\"https:\/\/nomadcoffee.es\/wp-content\/uploads\/2023\/05\/logo-Nomad.jpg\",\"width\":200,\"height\":200,\"caption\":\"Nomad Coffee\"},\"image\":{\"@id\":\"https:\/\/subs.nomadcoffee.es\/ca\/#\/schema\/logo\/image\/\"}}]}<\/script>\n<!-- \/ Yoast SEO plugin. -->","yoast_head_json":{"title":"Ayla - NOMAD","description":"Posee una fragancia embriagadora, muy tropical y melosa. Podemos encontrar notas muy claras a pi\u00f1a y tamarindo. Caf\u00e9 de proceso natural.","robots":{"index":"noindex","follow":"follow","max-snippet":"max-snippet:-1","max-image-preview":"max-image-preview:large","max-video-preview":"max-video-preview:-1"},"og_locale":"ca_ES","og_type":"article","og_title":"Ayla - NOMAD","og_description":"Posee una fragancia embriagadora, muy tropical y melosa. Podemos encontrar notas muy claras a pi\u00f1a y tamarindo. Caf\u00e9 de proceso natural.","og_url":"https:\/\/subs.nomadcoffee.es\/ca\/producte\/ayla\/","og_site_name":"NOMAD","article_modified_time":"2021-03-14T18:14:40+00:00","og_image":[{"width":2000,"height":2000,"url":"https:\/\/subs.nomadcoffee.es\/wp-content\/uploads\/2020\/09\/AYLA.jpg","type":"image\/jpeg"}],"twitter_card":"summary_large_image","twitter_misc":{"Temps estimat de lectura":"1 minut"},"schema":{"@context":"https:\/\/schema.org","@graph":[{"@type":"WebPage","@id":"https:\/\/subs.nomadcoffee.es\/ca\/producte\/ayla\/","url":"https:\/\/subs.nomadcoffee.es\/ca\/producte\/ayla\/","name":"Ayla - NOMAD","isPartOf":{"@id":"https:\/\/subs.nomadcoffee.es\/ca\/#website"},"primaryImageOfPage":{"@id":"https:\/\/subs.nomadcoffee.es\/ca\/producte\/ayla\/#primaryimage"},"image":{"@id":"https:\/\/subs.nomadcoffee.es\/ca\/producte\/ayla\/#primaryimage"},"thumbnailUrl":"https:\/\/subs.nomadcoffee.es\/wp-content\/uploads\/2020\/09\/AYLA.jpg","datePublished":"2020-09-16T13:31:51+00:00","dateModified":"2021-03-14T18:14:40+00:00","description":"Posee una fragancia embriagadora, muy tropical y melosa. Podemos encontrar notas muy claras a pi\u00f1a y tamarindo. Caf\u00e9 de proceso natural.","breadcrumb":{"@id":"https:\/\/subs.nomadcoffee.es\/ca\/producte\/ayla\/#breadcrumb"},"inLanguage":"ca","potentialAction":[{"@type":"ReadAction","target":["https:\/\/subs.nomadcoffee.es\/ca\/producte\/ayla\/"]}]},{"@type":"ImageObject","inLanguage":"ca","@id":"https:\/\/subs.nomadcoffee.es\/ca\/producte\/ayla\/#primaryimage","url":"https:\/\/subs.nomadcoffee.es\/wp-content\/uploads\/2020\/09\/AYLA.jpg","contentUrl":"https:\/\/subs.nomadcoffee.es\/wp-content\/uploads\/2020\/09\/AYLA.jpg","width":2000,"height":2000,"caption":"Cafe de especialidad tostado en Barcelona"},{"@type":"BreadcrumbList","@id":"https:\/\/subs.nomadcoffee.es\/ca\/producte\/ayla\/#breadcrumb","itemListElement":[{"@type":"ListItem","position":1,"name":"Portada","item":"https:\/\/subs.nomadcoffee.es\/ca\/"},{"@type":"ListItem","position":2,"name":"Tienda","item":"https:\/\/subs.nomadcoffee.es\/tienda\/"},{"@type":"ListItem","position":3,"name":"Ayla"}]},{"@type":"WebSite","@id":"https:\/\/subs.nomadcoffee.es\/ca\/#website","url":"https:\/\/subs.nomadcoffee.es\/ca\/","name":"Nomad Coffee","description":"Caf\u00e9 de origen, tostado en Barcelona","publisher":{"@id":"https:\/\/subs.nomadcoffee.es\/ca\/#organization"},"alternateName":"Nomad Coffee","potentialAction":[{"@type":"SearchAction","target":{"@type":"EntryPoint","urlTemplate":"https:\/\/subs.nomadcoffee.es\/ca\/?s={search_term_string}"},"query-input":"required name=search_term_string"}],"inLanguage":"ca"},{"@type":"Organization","@id":"https:\/\/subs.nomadcoffee.es\/ca\/#organization","name":"Nomad Coffee","alternateName":"Nomad Coffee","url":"https:\/\/subs.nomadcoffee.es\/ca\/","logo":{"@type":"ImageObject","inLanguage":"ca","@id":"https:\/\/subs.nomadcoffee.es\/ca\/#\/schema\/logo\/image\/","url":"https:\/\/nomadcoffee.es\/wp-content\/uploads\/2023\/05\/logo-Nomad.jpg","contentUrl":"https:\/\/nomadcoffee.es\/wp-content\/uploads\/2023\/05\/logo-Nomad.jpg","width":200,"height":200,"caption":"Nomad Coffee"},"image":{"@id":"https:\/\/subs.nomadcoffee.es\/ca\/#\/schema\/logo\/image\/"}}]}},"_links":{"self":[{"href":"https:\/\/subs.nomadcoffee.es\/ca\/wp-json\/wp\/v2\/product\/52645"}],"collection":[{"href":"https:\/\/subs.nomadcoffee.es\/ca\/wp-json\/wp\/v2\/product"}],"about":[{"href":"https:\/\/subs.nomadcoffee.es\/ca\/wp-json\/wp\/v2\/types\/product"}],"wp:featuredmedia":[{"embeddable":true,"href":"https:\/\/subs.nomadcoffee.es\/ca\/wp-json\/wp\/v2\/media\/46540"}],"wp:attachment":[{"href":"https:\/\/subs.nomadcoffee.es\/ca\/wp-json\/wp\/v2\/media?parent=52645"}],"wp:term":[{"taxonomy":"product_cat","embeddable":true,"href":"https:\/\/subs.nomadcoffee.es\/ca\/wp-json\/wp\/v2\/product_cat?post=52645"},{"taxonomy":"product_tag","embeddable":true,"href":"https:\/\/subs.nomadcoffee.es\/ca\/wp-json\/wp\/v2\/product_tag?post=52645"}],"curies":[{"name":"wp","href":"https:\/\/api.w.org\/{rel}","templated":true}]}}