{"id":52711,"date":"2020-05-04T16:26:05","date_gmt":"2020-05-04T14:26:05","guid":{"rendered":"https:\/\/nomadcoffee.es\/producto\/leche-de-avena-minors-figures\/"},"modified":"2023-09-21T10:45:21","modified_gmt":"2023-09-21T08:45:21","slug":"llet-de-civada-minors-figures","status":"publish","type":"product","link":"https:\/\/subs.nomadcoffee.es\/ca\/producte\/llet-de-civada-minors-figures\/","title":{"rendered":"Llet de civada &#8211; Minor Figures"},"content":{"rendered":"<p>Sabem que trobar una llet vegetal que no canvi\u00ef el gust de el caf\u00e8 \u00e9s complicat per\u00f2 creiem que hem donat amb la soluci\u00f3. Els nostres amics de <a href=\"https:\/\/minorfigures.com\/\">Minors Figures<\/a> t\u00e9 una llet de civada que combina de meravella amb qualsevol caf\u00e8, a m\u00e9s si tens una vaporizadora, french press, o qualsevol altre m\u00e8tode per cremar la llet veur\u00e0s que no hi ha cap problema!<\/p>\n<p>&#8211; Apte per vegans<br \/>\n&#8211; Sense lactis<br \/>\n&#8211; Sense sucre afegit<br \/>\n&#8211; Fet al Regne Unit<\/p>\n<p>Per a l&#8217;emmagatzematge es recomana guardar en un lloc fresc i sec. Un cop oberta mantenir-la en la nevera i beure-en els pr\u00f2xims 7 dies.<\/p>\n<p>ingredients:<br \/>\nAigua, civada ecol\u00f3gica (12%), oli de girasol ecol\u00f3gic, sal, corrector d&#8217;acidez (carbonat de Potasi).<\/p>\n<p>Informaci\u00f3 nutricional (per 100 ml)<br \/>\nEnergia: 185kj\/44kcal<br \/>\nGrasa, total: 1,8g de las cuales saturadas: 0,2g<br \/>\nCarbohidrats: 6,8g<br \/>\nDels cuals sucres:4,5g<br \/>\nProte\u00efna: 0,2g<br \/>\nSal: 0.1g<\/p>\n","protected":false},"excerpt":{"rendered":"<p>Sabem que trobar una llet vegetal que no canvi\u00ef el gust de el caf\u00e8 \u00e9s complicat per\u00f2 creiem que hem [&hellip;]<\/p>\n","protected":false},"featured_media":85448,"template":"","meta":[],"product_cat":[517],"product_tag":[],"acf":[],"yoast_head":"<!-- This site is optimized with the Yoast SEO plugin v22.6 - https:\/\/yoast.com\/wordpress\/plugins\/seo\/ -->\n<title>Llet de civada - Minor Figures - NOMAD<\/title>\n<meta name=\"robots\" content=\"noindex, follow, max-snippet:-1, max-image-preview:large, max-video-preview:-1\" \/>\n<meta property=\"og:locale\" content=\"ca_ES\" \/>\n<meta property=\"og:type\" content=\"article\" \/>\n<meta property=\"og:title\" content=\"Llet de civada - Minor Figures - NOMAD\" \/>\n<meta property=\"og:description\" content=\"Sabem que trobar una llet vegetal que no canvi\u00ef el gust de el caf\u00e8 \u00e9s complicat per\u00f2 creiem que hem [&hellip;]\" \/>\n<meta property=\"og:url\" content=\"https:\/\/subs.nomadcoffee.es\/ca\/producte\/llet-de-civada-minors-figures\/\" \/>\n<meta property=\"og:site_name\" content=\"NOMAD\" \/>\n<meta property=\"article:modified_time\" content=\"2023-09-21T08:45:21+00:00\" \/>\n<meta property=\"og:image\" content=\"https:\/\/subs.nomadcoffee.es\/wp-content\/uploads\/2020\/05\/Oat-milk-.jpeg\" \/>\n\t<meta property=\"og:image:width\" content=\"2000\" \/>\n\t<meta property=\"og:image:height\" content=\"2000\" \/>\n\t<meta property=\"og:image:type\" content=\"image\/jpeg\" \/>\n<meta name=\"twitter:card\" content=\"summary_large_image\" \/>\n<meta name=\"twitter:label1\" content=\"Temps estimat de lectura\" \/>\n\t<meta name=\"twitter:data1\" content=\"1 minut\" \/>\n<script type=\"application\/ld+json\" class=\"yoast-schema-graph\">{\"@context\":\"https:\/\/schema.org\",\"@graph\":[{\"@type\":\"WebPage\",\"@id\":\"https:\/\/subs.nomadcoffee.es\/ca\/producte\/llet-de-civada-minors-figures\/\",\"url\":\"https:\/\/subs.nomadcoffee.es\/ca\/producte\/llet-de-civada-minors-figures\/\",\"name\":\"Llet de civada - Minor Figures - NOMAD\",\"isPartOf\":{\"@id\":\"https:\/\/subs.nomadcoffee.es\/ca\/#website\"},\"primaryImageOfPage\":{\"@id\":\"https:\/\/subs.nomadcoffee.es\/ca\/producte\/llet-de-civada-minors-figures\/#primaryimage\"},\"image\":{\"@id\":\"https:\/\/subs.nomadcoffee.es\/ca\/producte\/llet-de-civada-minors-figures\/#primaryimage\"},\"thumbnailUrl\":\"https:\/\/subs.nomadcoffee.es\/wp-content\/uploads\/2020\/05\/Oat-milk-.jpeg\",\"datePublished\":\"2020-05-04T14:26:05+00:00\",\"dateModified\":\"2023-09-21T08:45:21+00:00\",\"breadcrumb\":{\"@id\":\"https:\/\/subs.nomadcoffee.es\/ca\/producte\/llet-de-civada-minors-figures\/#breadcrumb\"},\"inLanguage\":\"ca\",\"potentialAction\":[{\"@type\":\"ReadAction\",\"target\":[\"https:\/\/subs.nomadcoffee.es\/ca\/producte\/llet-de-civada-minors-figures\/\"]}]},{\"@type\":\"ImageObject\",\"inLanguage\":\"ca\",\"@id\":\"https:\/\/subs.nomadcoffee.es\/ca\/producte\/llet-de-civada-minors-figures\/#primaryimage\",\"url\":\"https:\/\/subs.nomadcoffee.es\/wp-content\/uploads\/2020\/05\/Oat-milk-.jpeg\",\"contentUrl\":\"https:\/\/subs.nomadcoffee.es\/wp-content\/uploads\/2020\/05\/Oat-milk-.jpeg\",\"width\":2000,\"height\":2000},{\"@type\":\"BreadcrumbList\",\"@id\":\"https:\/\/subs.nomadcoffee.es\/ca\/producte\/llet-de-civada-minors-figures\/#breadcrumb\",\"itemListElement\":[{\"@type\":\"ListItem\",\"position\":1,\"name\":\"Portada\",\"item\":\"https:\/\/subs.nomadcoffee.es\/ca\/\"},{\"@type\":\"ListItem\",\"position\":2,\"name\":\"Tienda\",\"item\":\"https:\/\/subs.nomadcoffee.es\/tienda\/\"},{\"@type\":\"ListItem\",\"position\":3,\"name\":\"Llet de civada &#8211; Minor Figures\"}]},{\"@type\":\"WebSite\",\"@id\":\"https:\/\/subs.nomadcoffee.es\/ca\/#website\",\"url\":\"https:\/\/subs.nomadcoffee.es\/ca\/\",\"name\":\"Nomad Coffee\",\"description\":\"Caf\u00e9 de origen, tostado en Barcelona\",\"publisher\":{\"@id\":\"https:\/\/subs.nomadcoffee.es\/ca\/#organization\"},\"alternateName\":\"Nomad Coffee\",\"potentialAction\":[{\"@type\":\"SearchAction\",\"target\":{\"@type\":\"EntryPoint\",\"urlTemplate\":\"https:\/\/subs.nomadcoffee.es\/ca\/?s={search_term_string}\"},\"query-input\":\"required name=search_term_string\"}],\"inLanguage\":\"ca\"},{\"@type\":\"Organization\",\"@id\":\"https:\/\/subs.nomadcoffee.es\/ca\/#organization\",\"name\":\"Nomad Coffee\",\"alternateName\":\"Nomad Coffee\",\"url\":\"https:\/\/subs.nomadcoffee.es\/ca\/\",\"logo\":{\"@type\":\"ImageObject\",\"inLanguage\":\"ca\",\"@id\":\"https:\/\/subs.nomadcoffee.es\/ca\/#\/schema\/logo\/image\/\",\"url\":\"https:\/\/nomadcoffee.es\/wp-content\/uploads\/2023\/05\/logo-Nomad.jpg\",\"contentUrl\":\"https:\/\/nomadcoffee.es\/wp-content\/uploads\/2023\/05\/logo-Nomad.jpg\",\"width\":200,\"height\":200,\"caption\":\"Nomad Coffee\"},\"image\":{\"@id\":\"https:\/\/subs.nomadcoffee.es\/ca\/#\/schema\/logo\/image\/\"}}]}<\/script>\n<!-- \/ Yoast SEO plugin. -->","yoast_head_json":{"title":"Llet de civada - Minor Figures - NOMAD","robots":{"index":"noindex","follow":"follow","max-snippet":"max-snippet:-1","max-image-preview":"max-image-preview:large","max-video-preview":"max-video-preview:-1"},"og_locale":"ca_ES","og_type":"article","og_title":"Llet de civada - Minor Figures - NOMAD","og_description":"Sabem que trobar una llet vegetal que no canvi\u00ef el gust de el caf\u00e8 \u00e9s complicat per\u00f2 creiem que hem [&hellip;]","og_url":"https:\/\/subs.nomadcoffee.es\/ca\/producte\/llet-de-civada-minors-figures\/","og_site_name":"NOMAD","article_modified_time":"2023-09-21T08:45:21+00:00","og_image":[{"width":2000,"height":2000,"url":"https:\/\/subs.nomadcoffee.es\/wp-content\/uploads\/2020\/05\/Oat-milk-.jpeg","type":"image\/jpeg"}],"twitter_card":"summary_large_image","twitter_misc":{"Temps estimat de lectura":"1 minut"},"schema":{"@context":"https:\/\/schema.org","@graph":[{"@type":"WebPage","@id":"https:\/\/subs.nomadcoffee.es\/ca\/producte\/llet-de-civada-minors-figures\/","url":"https:\/\/subs.nomadcoffee.es\/ca\/producte\/llet-de-civada-minors-figures\/","name":"Llet de civada - Minor Figures - NOMAD","isPartOf":{"@id":"https:\/\/subs.nomadcoffee.es\/ca\/#website"},"primaryImageOfPage":{"@id":"https:\/\/subs.nomadcoffee.es\/ca\/producte\/llet-de-civada-minors-figures\/#primaryimage"},"image":{"@id":"https:\/\/subs.nomadcoffee.es\/ca\/producte\/llet-de-civada-minors-figures\/#primaryimage"},"thumbnailUrl":"https:\/\/subs.nomadcoffee.es\/wp-content\/uploads\/2020\/05\/Oat-milk-.jpeg","datePublished":"2020-05-04T14:26:05+00:00","dateModified":"2023-09-21T08:45:21+00:00","breadcrumb":{"@id":"https:\/\/subs.nomadcoffee.es\/ca\/producte\/llet-de-civada-minors-figures\/#breadcrumb"},"inLanguage":"ca","potentialAction":[{"@type":"ReadAction","target":["https:\/\/subs.nomadcoffee.es\/ca\/producte\/llet-de-civada-minors-figures\/"]}]},{"@type":"ImageObject","inLanguage":"ca","@id":"https:\/\/subs.nomadcoffee.es\/ca\/producte\/llet-de-civada-minors-figures\/#primaryimage","url":"https:\/\/subs.nomadcoffee.es\/wp-content\/uploads\/2020\/05\/Oat-milk-.jpeg","contentUrl":"https:\/\/subs.nomadcoffee.es\/wp-content\/uploads\/2020\/05\/Oat-milk-.jpeg","width":2000,"height":2000},{"@type":"BreadcrumbList","@id":"https:\/\/subs.nomadcoffee.es\/ca\/producte\/llet-de-civada-minors-figures\/#breadcrumb","itemListElement":[{"@type":"ListItem","position":1,"name":"Portada","item":"https:\/\/subs.nomadcoffee.es\/ca\/"},{"@type":"ListItem","position":2,"name":"Tienda","item":"https:\/\/subs.nomadcoffee.es\/tienda\/"},{"@type":"ListItem","position":3,"name":"Llet de civada &#8211; Minor Figures"}]},{"@type":"WebSite","@id":"https:\/\/subs.nomadcoffee.es\/ca\/#website","url":"https:\/\/subs.nomadcoffee.es\/ca\/","name":"Nomad Coffee","description":"Caf\u00e9 de origen, tostado en Barcelona","publisher":{"@id":"https:\/\/subs.nomadcoffee.es\/ca\/#organization"},"alternateName":"Nomad Coffee","potentialAction":[{"@type":"SearchAction","target":{"@type":"EntryPoint","urlTemplate":"https:\/\/subs.nomadcoffee.es\/ca\/?s={search_term_string}"},"query-input":"required name=search_term_string"}],"inLanguage":"ca"},{"@type":"Organization","@id":"https:\/\/subs.nomadcoffee.es\/ca\/#organization","name":"Nomad Coffee","alternateName":"Nomad Coffee","url":"https:\/\/subs.nomadcoffee.es\/ca\/","logo":{"@type":"ImageObject","inLanguage":"ca","@id":"https:\/\/subs.nomadcoffee.es\/ca\/#\/schema\/logo\/image\/","url":"https:\/\/nomadcoffee.es\/wp-content\/uploads\/2023\/05\/logo-Nomad.jpg","contentUrl":"https:\/\/nomadcoffee.es\/wp-content\/uploads\/2023\/05\/logo-Nomad.jpg","width":200,"height":200,"caption":"Nomad Coffee"},"image":{"@id":"https:\/\/subs.nomadcoffee.es\/ca\/#\/schema\/logo\/image\/"}}]}},"_links":{"self":[{"href":"https:\/\/subs.nomadcoffee.es\/ca\/wp-json\/wp\/v2\/product\/52711"}],"collection":[{"href":"https:\/\/subs.nomadcoffee.es\/ca\/wp-json\/wp\/v2\/product"}],"about":[{"href":"https:\/\/subs.nomadcoffee.es\/ca\/wp-json\/wp\/v2\/types\/product"}],"wp:featuredmedia":[{"embeddable":true,"href":"https:\/\/subs.nomadcoffee.es\/ca\/wp-json\/wp\/v2\/media\/85448"}],"wp:attachment":[{"href":"https:\/\/subs.nomadcoffee.es\/ca\/wp-json\/wp\/v2\/media?parent=52711"}],"wp:term":[{"taxonomy":"product_cat","embeddable":true,"href":"https:\/\/subs.nomadcoffee.es\/ca\/wp-json\/wp\/v2\/product_cat?post=52711"},{"taxonomy":"product_tag","embeddable":true,"href":"https:\/\/subs.nomadcoffee.es\/ca\/wp-json\/wp\/v2\/product_tag?post=52711"}],"curies":[{"name":"wp","href":"https:\/\/api.w.org\/{rel}","templated":true}]}}