{"id":52797,"date":"2020-04-15T17:14:49","date_gmt":"2020-04-15T15:14:49","guid":{"rendered":"https:\/\/nomadcoffee.es\/producto\/bialetti-moka-express-2tz\/"},"modified":"2022-09-15T16:28:43","modified_gmt":"2022-09-15T14:28:43","slug":"bialetti-moka-express-3tz","status":"publish","type":"product","link":"https:\/\/subs.nomadcoffee.es\/ca\/producte\/bialetti-moka-express-3tz\/","title":{"rendered":"Bialetti Moka Express"},"content":{"rendered":"<p>La Moka Express \u00e9s el model m\u00e9s cl\u00e0ssic entre les cafeteres. Va ser aquest model a la d\u00e8cada de 1930 que va fer fam\u00f3s al productor itali\u00e0. Fins al dia d\u2019avui, \u00e9s el model de mokapot m\u00e9s popular del m\u00f3n.<\/p>\n<p>El model Bialetti Moka Express 3tz s\u2019utilitza per a preparar 3 tasses d&#8217;espresso al mateix temps (d&#8217;aproximadament 50 ml cadascuna). La capacitat total \u00e9s de 130 ml.<\/p>\n<p>Est\u00e0s farta de que et surti un caf\u00e8 amarg o molt aigualit? Potser tots dos? <a href=\"https:\/\/nomadcoffee.es\/help\/como-preparar-cafe-en-casa\/\">Tenim la soluci\u00f3!<\/a><\/p>\n<p>Aquest model es pot utilitzar en cremadors de gas i el\u00e8ctrics. El producte s\u2019ha de col\u00b7locar de manera que el m\u00e0nec estigui fora de l\u2019abast de la font de calor.<\/p>\n<p>*** La cafetera s\u2019ha de rentar a m\u00e0 sense utilitzar detergents. No \u00e9s apte per a rentavaixelles.<\/p>\n","protected":false},"excerpt":{"rendered":"<p>La Moka Express \u00e9s el model m\u00e9s cl\u00e0ssic entre les cafeteres. Va ser aquest model a la d\u00e8cada de 1930 [&hellip;]<\/p>\n","protected":false},"featured_media":15620,"template":"","meta":[],"product_cat":[517],"product_tag":[],"acf":[],"yoast_head":"<!-- This site is optimized with the Yoast SEO plugin v22.6 - https:\/\/yoast.com\/wordpress\/plugins\/seo\/ -->\n<title>Bialetti Moka Express - NOMAD<\/title>\n<meta name=\"description\" content=\"Moka Express de Bialetti es la cafetera cl\u00e1sica por excelencia perfecta para hacer caf\u00e9 en casa.\" \/>\n<meta name=\"robots\" content=\"noindex, follow, max-snippet:-1, max-image-preview:large, max-video-preview:-1\" \/>\n<meta property=\"og:locale\" content=\"ca_ES\" \/>\n<meta property=\"og:type\" content=\"article\" \/>\n<meta property=\"og:title\" content=\"Bialetti Moka Express - NOMAD\" \/>\n<meta property=\"og:description\" content=\"Moka Express de Bialetti es la cafetera cl\u00e1sica por excelencia perfecta para hacer caf\u00e9 en casa.\" \/>\n<meta property=\"og:url\" content=\"https:\/\/subs.nomadcoffee.es\/ca\/producte\/bialetti-moka-express-3tz\/\" \/>\n<meta property=\"og:site_name\" content=\"NOMAD\" \/>\n<meta property=\"article:modified_time\" content=\"2022-09-15T14:28:43+00:00\" \/>\n<meta property=\"og:image\" content=\"https:\/\/subs.nomadcoffee.es\/wp-content\/uploads\/2020\/04\/BIALETTI-MOKA-EXPRESS-2.jpg\" \/>\n\t<meta property=\"og:image:width\" content=\"1000\" \/>\n\t<meta property=\"og:image:height\" content=\"1000\" \/>\n\t<meta property=\"og:image:type\" content=\"image\/jpeg\" \/>\n<meta name=\"twitter:card\" content=\"summary_large_image\" \/>\n<meta name=\"twitter:label1\" content=\"Temps estimat de lectura\" \/>\n\t<meta name=\"twitter:data1\" content=\"1 minut\" \/>\n<script type=\"application\/ld+json\" class=\"yoast-schema-graph\">{\"@context\":\"https:\/\/schema.org\",\"@graph\":[{\"@type\":\"WebPage\",\"@id\":\"https:\/\/subs.nomadcoffee.es\/ca\/producte\/bialetti-moka-express-3tz\/\",\"url\":\"https:\/\/subs.nomadcoffee.es\/ca\/producte\/bialetti-moka-express-3tz\/\",\"name\":\"Bialetti Moka Express - NOMAD\",\"isPartOf\":{\"@id\":\"https:\/\/subs.nomadcoffee.es\/ca\/#website\"},\"primaryImageOfPage\":{\"@id\":\"https:\/\/subs.nomadcoffee.es\/ca\/producte\/bialetti-moka-express-3tz\/#primaryimage\"},\"image\":{\"@id\":\"https:\/\/subs.nomadcoffee.es\/ca\/producte\/bialetti-moka-express-3tz\/#primaryimage\"},\"thumbnailUrl\":\"https:\/\/subs.nomadcoffee.es\/wp-content\/uploads\/2020\/04\/BIALETTI-MOKA-EXPRESS-2.jpg\",\"datePublished\":\"2020-04-15T15:14:49+00:00\",\"dateModified\":\"2022-09-15T14:28:43+00:00\",\"description\":\"Moka Express de Bialetti es la cafetera cl\u00e1sica por excelencia perfecta para hacer caf\u00e9 en casa.\",\"breadcrumb\":{\"@id\":\"https:\/\/subs.nomadcoffee.es\/ca\/producte\/bialetti-moka-express-3tz\/#breadcrumb\"},\"inLanguage\":\"ca\",\"potentialAction\":[{\"@type\":\"ReadAction\",\"target\":[\"https:\/\/subs.nomadcoffee.es\/ca\/producte\/bialetti-moka-express-3tz\/\"]}]},{\"@type\":\"ImageObject\",\"inLanguage\":\"ca\",\"@id\":\"https:\/\/subs.nomadcoffee.es\/ca\/producte\/bialetti-moka-express-3tz\/#primaryimage\",\"url\":\"https:\/\/subs.nomadcoffee.es\/wp-content\/uploads\/2020\/04\/BIALETTI-MOKA-EXPRESS-2.jpg\",\"contentUrl\":\"https:\/\/subs.nomadcoffee.es\/wp-content\/uploads\/2020\/04\/BIALETTI-MOKA-EXPRESS-2.jpg\",\"width\":1000,\"height\":1000},{\"@type\":\"BreadcrumbList\",\"@id\":\"https:\/\/subs.nomadcoffee.es\/ca\/producte\/bialetti-moka-express-3tz\/#breadcrumb\",\"itemListElement\":[{\"@type\":\"ListItem\",\"position\":1,\"name\":\"Portada\",\"item\":\"https:\/\/subs.nomadcoffee.es\/ca\/\"},{\"@type\":\"ListItem\",\"position\":2,\"name\":\"Tienda\",\"item\":\"https:\/\/subs.nomadcoffee.es\/tienda\/\"},{\"@type\":\"ListItem\",\"position\":3,\"name\":\"Bialetti Moka Express\"}]},{\"@type\":\"WebSite\",\"@id\":\"https:\/\/subs.nomadcoffee.es\/ca\/#website\",\"url\":\"https:\/\/subs.nomadcoffee.es\/ca\/\",\"name\":\"Nomad Coffee\",\"description\":\"Caf\u00e9 de origen, tostado en Barcelona\",\"publisher\":{\"@id\":\"https:\/\/subs.nomadcoffee.es\/ca\/#organization\"},\"alternateName\":\"Nomad Coffee\",\"potentialAction\":[{\"@type\":\"SearchAction\",\"target\":{\"@type\":\"EntryPoint\",\"urlTemplate\":\"https:\/\/subs.nomadcoffee.es\/ca\/?s={search_term_string}\"},\"query-input\":\"required name=search_term_string\"}],\"inLanguage\":\"ca\"},{\"@type\":\"Organization\",\"@id\":\"https:\/\/subs.nomadcoffee.es\/ca\/#organization\",\"name\":\"Nomad Coffee\",\"alternateName\":\"Nomad Coffee\",\"url\":\"https:\/\/subs.nomadcoffee.es\/ca\/\",\"logo\":{\"@type\":\"ImageObject\",\"inLanguage\":\"ca\",\"@id\":\"https:\/\/subs.nomadcoffee.es\/ca\/#\/schema\/logo\/image\/\",\"url\":\"https:\/\/nomadcoffee.es\/wp-content\/uploads\/2023\/05\/logo-Nomad.jpg\",\"contentUrl\":\"https:\/\/nomadcoffee.es\/wp-content\/uploads\/2023\/05\/logo-Nomad.jpg\",\"width\":200,\"height\":200,\"caption\":\"Nomad Coffee\"},\"image\":{\"@id\":\"https:\/\/subs.nomadcoffee.es\/ca\/#\/schema\/logo\/image\/\"}}]}<\/script>\n<!-- \/ Yoast SEO plugin. -->","yoast_head_json":{"title":"Bialetti Moka Express - NOMAD","description":"Moka Express de Bialetti es la cafetera cl\u00e1sica por excelencia perfecta para hacer caf\u00e9 en casa.","robots":{"index":"noindex","follow":"follow","max-snippet":"max-snippet:-1","max-image-preview":"max-image-preview:large","max-video-preview":"max-video-preview:-1"},"og_locale":"ca_ES","og_type":"article","og_title":"Bialetti Moka Express - NOMAD","og_description":"Moka Express de Bialetti es la cafetera cl\u00e1sica por excelencia perfecta para hacer caf\u00e9 en casa.","og_url":"https:\/\/subs.nomadcoffee.es\/ca\/producte\/bialetti-moka-express-3tz\/","og_site_name":"NOMAD","article_modified_time":"2022-09-15T14:28:43+00:00","og_image":[{"width":1000,"height":1000,"url":"https:\/\/subs.nomadcoffee.es\/wp-content\/uploads\/2020\/04\/BIALETTI-MOKA-EXPRESS-2.jpg","type":"image\/jpeg"}],"twitter_card":"summary_large_image","twitter_misc":{"Temps estimat de lectura":"1 minut"},"schema":{"@context":"https:\/\/schema.org","@graph":[{"@type":"WebPage","@id":"https:\/\/subs.nomadcoffee.es\/ca\/producte\/bialetti-moka-express-3tz\/","url":"https:\/\/subs.nomadcoffee.es\/ca\/producte\/bialetti-moka-express-3tz\/","name":"Bialetti Moka Express - NOMAD","isPartOf":{"@id":"https:\/\/subs.nomadcoffee.es\/ca\/#website"},"primaryImageOfPage":{"@id":"https:\/\/subs.nomadcoffee.es\/ca\/producte\/bialetti-moka-express-3tz\/#primaryimage"},"image":{"@id":"https:\/\/subs.nomadcoffee.es\/ca\/producte\/bialetti-moka-express-3tz\/#primaryimage"},"thumbnailUrl":"https:\/\/subs.nomadcoffee.es\/wp-content\/uploads\/2020\/04\/BIALETTI-MOKA-EXPRESS-2.jpg","datePublished":"2020-04-15T15:14:49+00:00","dateModified":"2022-09-15T14:28:43+00:00","description":"Moka Express de Bialetti es la cafetera cl\u00e1sica por excelencia perfecta para hacer caf\u00e9 en casa.","breadcrumb":{"@id":"https:\/\/subs.nomadcoffee.es\/ca\/producte\/bialetti-moka-express-3tz\/#breadcrumb"},"inLanguage":"ca","potentialAction":[{"@type":"ReadAction","target":["https:\/\/subs.nomadcoffee.es\/ca\/producte\/bialetti-moka-express-3tz\/"]}]},{"@type":"ImageObject","inLanguage":"ca","@id":"https:\/\/subs.nomadcoffee.es\/ca\/producte\/bialetti-moka-express-3tz\/#primaryimage","url":"https:\/\/subs.nomadcoffee.es\/wp-content\/uploads\/2020\/04\/BIALETTI-MOKA-EXPRESS-2.jpg","contentUrl":"https:\/\/subs.nomadcoffee.es\/wp-content\/uploads\/2020\/04\/BIALETTI-MOKA-EXPRESS-2.jpg","width":1000,"height":1000},{"@type":"BreadcrumbList","@id":"https:\/\/subs.nomadcoffee.es\/ca\/producte\/bialetti-moka-express-3tz\/#breadcrumb","itemListElement":[{"@type":"ListItem","position":1,"name":"Portada","item":"https:\/\/subs.nomadcoffee.es\/ca\/"},{"@type":"ListItem","position":2,"name":"Tienda","item":"https:\/\/subs.nomadcoffee.es\/tienda\/"},{"@type":"ListItem","position":3,"name":"Bialetti Moka Express"}]},{"@type":"WebSite","@id":"https:\/\/subs.nomadcoffee.es\/ca\/#website","url":"https:\/\/subs.nomadcoffee.es\/ca\/","name":"Nomad Coffee","description":"Caf\u00e9 de origen, tostado en Barcelona","publisher":{"@id":"https:\/\/subs.nomadcoffee.es\/ca\/#organization"},"alternateName":"Nomad Coffee","potentialAction":[{"@type":"SearchAction","target":{"@type":"EntryPoint","urlTemplate":"https:\/\/subs.nomadcoffee.es\/ca\/?s={search_term_string}"},"query-input":"required name=search_term_string"}],"inLanguage":"ca"},{"@type":"Organization","@id":"https:\/\/subs.nomadcoffee.es\/ca\/#organization","name":"Nomad Coffee","alternateName":"Nomad Coffee","url":"https:\/\/subs.nomadcoffee.es\/ca\/","logo":{"@type":"ImageObject","inLanguage":"ca","@id":"https:\/\/subs.nomadcoffee.es\/ca\/#\/schema\/logo\/image\/","url":"https:\/\/nomadcoffee.es\/wp-content\/uploads\/2023\/05\/logo-Nomad.jpg","contentUrl":"https:\/\/nomadcoffee.es\/wp-content\/uploads\/2023\/05\/logo-Nomad.jpg","width":200,"height":200,"caption":"Nomad Coffee"},"image":{"@id":"https:\/\/subs.nomadcoffee.es\/ca\/#\/schema\/logo\/image\/"}}]}},"_links":{"self":[{"href":"https:\/\/subs.nomadcoffee.es\/ca\/wp-json\/wp\/v2\/product\/52797"}],"collection":[{"href":"https:\/\/subs.nomadcoffee.es\/ca\/wp-json\/wp\/v2\/product"}],"about":[{"href":"https:\/\/subs.nomadcoffee.es\/ca\/wp-json\/wp\/v2\/types\/product"}],"wp:featuredmedia":[{"embeddable":true,"href":"https:\/\/subs.nomadcoffee.es\/ca\/wp-json\/wp\/v2\/media\/15620"}],"wp:attachment":[{"href":"https:\/\/subs.nomadcoffee.es\/ca\/wp-json\/wp\/v2\/media?parent=52797"}],"wp:term":[{"taxonomy":"product_cat","embeddable":true,"href":"https:\/\/subs.nomadcoffee.es\/ca\/wp-json\/wp\/v2\/product_cat?post=52797"},{"taxonomy":"product_tag","embeddable":true,"href":"https:\/\/subs.nomadcoffee.es\/ca\/wp-json\/wp\/v2\/product_tag?post=52797"}],"curies":[{"name":"wp","href":"https:\/\/api.w.org\/{rel}","templated":true}]}}