{"id":52800,"date":"2020-04-15T17:03:30","date_gmt":"2020-04-15T15:03:30","guid":{"rendered":"https:\/\/nomadcoffee.es\/producto\/hario-v60-plastic-dripper\/"},"modified":"2021-11-11T08:01:25","modified_gmt":"2021-11-11T07:01:25","slug":"hario-v60-plastic-dripper","status":"publish","type":"product","link":"https:\/\/subs.nomadcoffee.es\/ca\/producte\/hario-v60-plastic-dripper\/","title":{"rendered":"Hario V60 Plastic Dripper"},"content":{"rendered":"<p>Vols comen\u00e7ar a preparar caf\u00e8 de filtre a casa, per\u00f2 no saps qu\u00e8 escollir? Aquest V-60 \u00e9s nom\u00e9s una de moltes opcions per comen\u00e7ar. De disseny japon\u00e8s, et permet aprofitar al m\u00e0xim el teu caf\u00e8 d&#8217;una manera simple i efectiva. Aquest m\u00e8tode de filtrat \u00e9s molt divertit i et permet experimentar amb diferents extraccions.<\/p>\n<p>La versi\u00f3 pl\u00e0stica \u00e9s l&#8217;opci\u00f3 m\u00e9s b\u00e0sica. Tot i aix\u00f2, no \u00e9s pitjor que altres versions en termes de sensacions de sabor. A m\u00e9s, a l&#8217;\u00e9sser de pl\u00e0stic proporciona durabilitat i comoditat, per exemple si t&#8217;el vols emportar de viatge. La seva forma c\u00f2nica i solcs especials a l&#8217;interior proporcionen un bon flux de l&#8217;aigua. <a href=\"https:\/\/nomadcoffee.es\/ca\/help\/com-preparar-cafe-a-casa\/\">Vols veure el f\u00e0cil que \u00e9s preparar caf\u00e8 amb aquest m\u00e8tode?<\/a><\/p>\n<p>F\u00e0cil, oi que si?<\/p>\n<p>Un altre avantatge d&#8217;aquest m\u00e8tode \u00e9s el manteniment extremadament senzill. Despr\u00e9s de preparar el teu caf\u00e8, simplement retira el filtre i neteja&#8217;l amb aigua o en un rentaplats.<\/p>\n","protected":false},"excerpt":{"rendered":"<p>Vols comen\u00e7ar a preparar caf\u00e8 de filtre a casa, per\u00f2 no saps qu\u00e8 escollir? Aquest V-60 \u00e9s nom\u00e9s una de [&hellip;]<\/p>\n","protected":false},"featured_media":70109,"template":"","meta":[],"product_cat":[517],"product_tag":[],"acf":[],"yoast_head":"<!-- This site is optimized with the Yoast SEO plugin v22.6 - https:\/\/yoast.com\/wordpress\/plugins\/seo\/ -->\n<title>Hario V60 Plastic Dripper - NOMAD<\/title>\n<meta name=\"description\" content=\"Este V-60 Hario de pl\u00e1stico es una gran opci\u00f3n para preparar caf\u00e9 en casa, encu\u00e9ntralo en Nomad Shop.\" \/>\n<meta name=\"robots\" content=\"noindex, follow, max-snippet:-1, max-image-preview:large, max-video-preview:-1\" \/>\n<meta property=\"og:locale\" content=\"ca_ES\" \/>\n<meta property=\"og:type\" content=\"article\" \/>\n<meta property=\"og:title\" content=\"Hario V60 Plastic Dripper - NOMAD\" \/>\n<meta property=\"og:description\" content=\"Este V-60 Hario de pl\u00e1stico es una gran opci\u00f3n para preparar caf\u00e9 en casa, encu\u00e9ntralo en Nomad Shop.\" \/>\n<meta property=\"og:url\" content=\"https:\/\/subs.nomadcoffee.es\/ca\/producte\/hario-v60-plastic-dripper\/\" \/>\n<meta property=\"og:site_name\" content=\"NOMAD\" \/>\n<meta property=\"article:modified_time\" content=\"2021-11-11T07:01:25+00:00\" \/>\n<meta property=\"og:image\" content=\"https:\/\/subs.nomadcoffee.es\/wp-content\/uploads\/2020\/04\/1-HARIO-V60-02-1.jpg\" \/>\n\t<meta property=\"og:image:width\" content=\"1000\" \/>\n\t<meta property=\"og:image:height\" content=\"1000\" \/>\n\t<meta property=\"og:image:type\" content=\"image\/jpeg\" \/>\n<meta name=\"twitter:card\" content=\"summary_large_image\" \/>\n<meta name=\"twitter:label1\" content=\"Temps estimat de lectura\" \/>\n\t<meta name=\"twitter:data1\" content=\"1 minut\" \/>\n<script type=\"application\/ld+json\" class=\"yoast-schema-graph\">{\"@context\":\"https:\/\/schema.org\",\"@graph\":[{\"@type\":\"WebPage\",\"@id\":\"https:\/\/subs.nomadcoffee.es\/ca\/producte\/hario-v60-plastic-dripper\/\",\"url\":\"https:\/\/subs.nomadcoffee.es\/ca\/producte\/hario-v60-plastic-dripper\/\",\"name\":\"Hario V60 Plastic Dripper - NOMAD\",\"isPartOf\":{\"@id\":\"https:\/\/subs.nomadcoffee.es\/ca\/#website\"},\"primaryImageOfPage\":{\"@id\":\"https:\/\/subs.nomadcoffee.es\/ca\/producte\/hario-v60-plastic-dripper\/#primaryimage\"},\"image\":{\"@id\":\"https:\/\/subs.nomadcoffee.es\/ca\/producte\/hario-v60-plastic-dripper\/#primaryimage\"},\"thumbnailUrl\":\"https:\/\/subs.nomadcoffee.es\/wp-content\/uploads\/2020\/04\/1-HARIO-V60-02-1.jpg\",\"datePublished\":\"2020-04-15T15:03:30+00:00\",\"dateModified\":\"2021-11-11T07:01:25+00:00\",\"description\":\"Este V-60 Hario de pl\u00e1stico es una gran opci\u00f3n para preparar caf\u00e9 en casa, encu\u00e9ntralo en Nomad Shop.\",\"breadcrumb\":{\"@id\":\"https:\/\/subs.nomadcoffee.es\/ca\/producte\/hario-v60-plastic-dripper\/#breadcrumb\"},\"inLanguage\":\"ca\",\"potentialAction\":[{\"@type\":\"ReadAction\",\"target\":[\"https:\/\/subs.nomadcoffee.es\/ca\/producte\/hario-v60-plastic-dripper\/\"]}]},{\"@type\":\"ImageObject\",\"inLanguage\":\"ca\",\"@id\":\"https:\/\/subs.nomadcoffee.es\/ca\/producte\/hario-v60-plastic-dripper\/#primaryimage\",\"url\":\"https:\/\/subs.nomadcoffee.es\/wp-content\/uploads\/2020\/04\/1-HARIO-V60-02-1.jpg\",\"contentUrl\":\"https:\/\/subs.nomadcoffee.es\/wp-content\/uploads\/2020\/04\/1-HARIO-V60-02-1.jpg\",\"width\":1000,\"height\":1000},{\"@type\":\"BreadcrumbList\",\"@id\":\"https:\/\/subs.nomadcoffee.es\/ca\/producte\/hario-v60-plastic-dripper\/#breadcrumb\",\"itemListElement\":[{\"@type\":\"ListItem\",\"position\":1,\"name\":\"Portada\",\"item\":\"https:\/\/subs.nomadcoffee.es\/ca\/\"},{\"@type\":\"ListItem\",\"position\":2,\"name\":\"Tienda\",\"item\":\"https:\/\/subs.nomadcoffee.es\/tienda\/\"},{\"@type\":\"ListItem\",\"position\":3,\"name\":\"Hario V60 Plastic Dripper\"}]},{\"@type\":\"WebSite\",\"@id\":\"https:\/\/subs.nomadcoffee.es\/ca\/#website\",\"url\":\"https:\/\/subs.nomadcoffee.es\/ca\/\",\"name\":\"Nomad Coffee\",\"description\":\"Caf\u00e9 de origen, tostado en Barcelona\",\"publisher\":{\"@id\":\"https:\/\/subs.nomadcoffee.es\/ca\/#organization\"},\"alternateName\":\"Nomad Coffee\",\"potentialAction\":[{\"@type\":\"SearchAction\",\"target\":{\"@type\":\"EntryPoint\",\"urlTemplate\":\"https:\/\/subs.nomadcoffee.es\/ca\/?s={search_term_string}\"},\"query-input\":\"required name=search_term_string\"}],\"inLanguage\":\"ca\"},{\"@type\":\"Organization\",\"@id\":\"https:\/\/subs.nomadcoffee.es\/ca\/#organization\",\"name\":\"Nomad Coffee\",\"alternateName\":\"Nomad Coffee\",\"url\":\"https:\/\/subs.nomadcoffee.es\/ca\/\",\"logo\":{\"@type\":\"ImageObject\",\"inLanguage\":\"ca\",\"@id\":\"https:\/\/subs.nomadcoffee.es\/ca\/#\/schema\/logo\/image\/\",\"url\":\"https:\/\/nomadcoffee.es\/wp-content\/uploads\/2023\/05\/logo-Nomad.jpg\",\"contentUrl\":\"https:\/\/nomadcoffee.es\/wp-content\/uploads\/2023\/05\/logo-Nomad.jpg\",\"width\":200,\"height\":200,\"caption\":\"Nomad Coffee\"},\"image\":{\"@id\":\"https:\/\/subs.nomadcoffee.es\/ca\/#\/schema\/logo\/image\/\"}}]}<\/script>\n<!-- \/ Yoast SEO plugin. -->","yoast_head_json":{"title":"Hario V60 Plastic Dripper - NOMAD","description":"Este V-60 Hario de pl\u00e1stico es una gran opci\u00f3n para preparar caf\u00e9 en casa, encu\u00e9ntralo en Nomad Shop.","robots":{"index":"noindex","follow":"follow","max-snippet":"max-snippet:-1","max-image-preview":"max-image-preview:large","max-video-preview":"max-video-preview:-1"},"og_locale":"ca_ES","og_type":"article","og_title":"Hario V60 Plastic Dripper - NOMAD","og_description":"Este V-60 Hario de pl\u00e1stico es una gran opci\u00f3n para preparar caf\u00e9 en casa, encu\u00e9ntralo en Nomad Shop.","og_url":"https:\/\/subs.nomadcoffee.es\/ca\/producte\/hario-v60-plastic-dripper\/","og_site_name":"NOMAD","article_modified_time":"2021-11-11T07:01:25+00:00","og_image":[{"width":1000,"height":1000,"url":"https:\/\/subs.nomadcoffee.es\/wp-content\/uploads\/2020\/04\/1-HARIO-V60-02-1.jpg","type":"image\/jpeg"}],"twitter_card":"summary_large_image","twitter_misc":{"Temps estimat de lectura":"1 minut"},"schema":{"@context":"https:\/\/schema.org","@graph":[{"@type":"WebPage","@id":"https:\/\/subs.nomadcoffee.es\/ca\/producte\/hario-v60-plastic-dripper\/","url":"https:\/\/subs.nomadcoffee.es\/ca\/producte\/hario-v60-plastic-dripper\/","name":"Hario V60 Plastic Dripper - NOMAD","isPartOf":{"@id":"https:\/\/subs.nomadcoffee.es\/ca\/#website"},"primaryImageOfPage":{"@id":"https:\/\/subs.nomadcoffee.es\/ca\/producte\/hario-v60-plastic-dripper\/#primaryimage"},"image":{"@id":"https:\/\/subs.nomadcoffee.es\/ca\/producte\/hario-v60-plastic-dripper\/#primaryimage"},"thumbnailUrl":"https:\/\/subs.nomadcoffee.es\/wp-content\/uploads\/2020\/04\/1-HARIO-V60-02-1.jpg","datePublished":"2020-04-15T15:03:30+00:00","dateModified":"2021-11-11T07:01:25+00:00","description":"Este V-60 Hario de pl\u00e1stico es una gran opci\u00f3n para preparar caf\u00e9 en casa, encu\u00e9ntralo en Nomad Shop.","breadcrumb":{"@id":"https:\/\/subs.nomadcoffee.es\/ca\/producte\/hario-v60-plastic-dripper\/#breadcrumb"},"inLanguage":"ca","potentialAction":[{"@type":"ReadAction","target":["https:\/\/subs.nomadcoffee.es\/ca\/producte\/hario-v60-plastic-dripper\/"]}]},{"@type":"ImageObject","inLanguage":"ca","@id":"https:\/\/subs.nomadcoffee.es\/ca\/producte\/hario-v60-plastic-dripper\/#primaryimage","url":"https:\/\/subs.nomadcoffee.es\/wp-content\/uploads\/2020\/04\/1-HARIO-V60-02-1.jpg","contentUrl":"https:\/\/subs.nomadcoffee.es\/wp-content\/uploads\/2020\/04\/1-HARIO-V60-02-1.jpg","width":1000,"height":1000},{"@type":"BreadcrumbList","@id":"https:\/\/subs.nomadcoffee.es\/ca\/producte\/hario-v60-plastic-dripper\/#breadcrumb","itemListElement":[{"@type":"ListItem","position":1,"name":"Portada","item":"https:\/\/subs.nomadcoffee.es\/ca\/"},{"@type":"ListItem","position":2,"name":"Tienda","item":"https:\/\/subs.nomadcoffee.es\/tienda\/"},{"@type":"ListItem","position":3,"name":"Hario V60 Plastic Dripper"}]},{"@type":"WebSite","@id":"https:\/\/subs.nomadcoffee.es\/ca\/#website","url":"https:\/\/subs.nomadcoffee.es\/ca\/","name":"Nomad Coffee","description":"Caf\u00e9 de origen, tostado en Barcelona","publisher":{"@id":"https:\/\/subs.nomadcoffee.es\/ca\/#organization"},"alternateName":"Nomad Coffee","potentialAction":[{"@type":"SearchAction","target":{"@type":"EntryPoint","urlTemplate":"https:\/\/subs.nomadcoffee.es\/ca\/?s={search_term_string}"},"query-input":"required name=search_term_string"}],"inLanguage":"ca"},{"@type":"Organization","@id":"https:\/\/subs.nomadcoffee.es\/ca\/#organization","name":"Nomad Coffee","alternateName":"Nomad Coffee","url":"https:\/\/subs.nomadcoffee.es\/ca\/","logo":{"@type":"ImageObject","inLanguage":"ca","@id":"https:\/\/subs.nomadcoffee.es\/ca\/#\/schema\/logo\/image\/","url":"https:\/\/nomadcoffee.es\/wp-content\/uploads\/2023\/05\/logo-Nomad.jpg","contentUrl":"https:\/\/nomadcoffee.es\/wp-content\/uploads\/2023\/05\/logo-Nomad.jpg","width":200,"height":200,"caption":"Nomad Coffee"},"image":{"@id":"https:\/\/subs.nomadcoffee.es\/ca\/#\/schema\/logo\/image\/"}}]}},"_links":{"self":[{"href":"https:\/\/subs.nomadcoffee.es\/ca\/wp-json\/wp\/v2\/product\/52800"}],"collection":[{"href":"https:\/\/subs.nomadcoffee.es\/ca\/wp-json\/wp\/v2\/product"}],"about":[{"href":"https:\/\/subs.nomadcoffee.es\/ca\/wp-json\/wp\/v2\/types\/product"}],"wp:featuredmedia":[{"embeddable":true,"href":"https:\/\/subs.nomadcoffee.es\/ca\/wp-json\/wp\/v2\/media\/70109"}],"wp:attachment":[{"href":"https:\/\/subs.nomadcoffee.es\/ca\/wp-json\/wp\/v2\/media?parent=52800"}],"wp:term":[{"taxonomy":"product_cat","embeddable":true,"href":"https:\/\/subs.nomadcoffee.es\/ca\/wp-json\/wp\/v2\/product_cat?post=52800"},{"taxonomy":"product_tag","embeddable":true,"href":"https:\/\/subs.nomadcoffee.es\/ca\/wp-json\/wp\/v2\/product_tag?post=52800"}],"curies":[{"name":"wp","href":"https:\/\/api.w.org\/{rel}","templated":true}]}}