{"id":52877,"date":"2020-04-01T11:20:31","date_gmt":"2020-04-01T09:20:31","guid":{"rendered":"https:\/\/nomadcoffee.es\/producto\/aeropress\/"},"modified":"2022-11-24T14:06:41","modified_gmt":"2022-11-24T13:06:41","slug":"aeropress","status":"publish","type":"product","link":"https:\/\/subs.nomadcoffee.es\/ca\/producte\/aeropress\/","title":{"rendered":"Aeropress"},"content":{"rendered":"<p>AeroPress es una conocida cafetera de filtro con la cual podr\u00e1 elaborar de 1 a 3 tazas. Es el resultado de combinar el papel de filtro con una prensa de estilo franc\u00e9s. Su funcionamiento es simple, ya que su dise\u00f1o le permite hacer un caf\u00e9 excepcional utilizando la presi\u00f3n ejercida por el aire. Esto hace que en un cort\u00edsimo periodo de tiempo podamos obtener un caf\u00e9 con una gran cantidad de aceites, reduciendo al m\u00ednimo la cantidad de sedimentaciones.<\/p>\n<p>Su tama\u00f1o hace que sea muy usable diariamente y f\u00e1cilmente trasladable a cualquier lugar en el que queramos elaborar nuestro caf\u00e9.<\/p>\n<p>Tiene un dise\u00f1o moderno, sali\u00f3 al mercado en 2006 y ha conseguido una gran notoriedad a nivel internacional. Est\u00e1 fabricada en pl\u00e1sticos de gran calidad (sin BPA).<\/p>\n<p>\u00bfEs tu primera vez?, \u00bfSigues sin pillarle el truco? No te rayes, ojea por <a href=\"http:\/\/nomadcoffee.es\/help\/como-preparar-cafe-en-casa\/\">aqu\u00ed<\/a> y seguro que encuentras algo \u00fatil?.<\/p>\n<p>Este producto incluye:<\/p>\n<p>&#8211; AeroPress<\/p>\n<p>&#8211; Removedor<\/p>\n<p>&#8211; Dosificador<\/p>\n<p>&#8211; Filtros de papel (350 unidades)<\/p>\n<p>&#8211; Porta filtros<\/p>\n<p>&#8211; Embudo<\/p>\n","protected":false},"excerpt":{"rendered":"<p>AeroPress es una conocida cafetera de filtro con la cual podr\u00e1 elaborar de 1 a 3 tazas. Es el resultado [&hellip;]<\/p>\n","protected":false},"featured_media":15473,"template":"","meta":[],"product_cat":[517],"product_tag":[],"acf":[],"yoast_head":"<!-- This site is optimized with the Yoast SEO plugin v22.6 - https:\/\/yoast.com\/wordpress\/plugins\/seo\/ -->\n<title>Aeropress - Cafetera d&#039;\u00c8mbol \u3010 Comprar al Millor Preu \u3011<\/title>\n<meta name=\"description\" content=\"AeroPress serveix tant per a caf\u00e8 de filtre com espresso, f\u00e0cil i r\u00e0pid, \u00e9s la cafetera m\u00e9s vers\u00e0til i c\u00f2moda per a portar a qualsevol costat.\" \/>\n<meta name=\"robots\" content=\"noindex, follow, max-snippet:-1, max-image-preview:large, max-video-preview:-1\" \/>\n<meta property=\"og:locale\" content=\"ca_ES\" \/>\n<meta property=\"og:type\" content=\"article\" \/>\n<meta property=\"og:title\" content=\"Aeropress - Cafetera d&#039;\u00c8mbol \u3010 Comprar al Millor Preu \u3011\" \/>\n<meta property=\"og:description\" content=\"AeroPress serveix tant per a caf\u00e8 de filtre com espresso, f\u00e0cil i r\u00e0pid, \u00e9s la cafetera m\u00e9s vers\u00e0til i c\u00f2moda per a portar a qualsevol costat.\" \/>\n<meta property=\"og:url\" content=\"https:\/\/subs.nomadcoffee.es\/ca\/producte\/aeropress\/\" \/>\n<meta property=\"og:site_name\" content=\"NOMAD\" \/>\n<meta property=\"article:modified_time\" content=\"2022-11-24T13:06:41+00:00\" \/>\n<meta property=\"og:image\" content=\"https:\/\/subs.nomadcoffee.es\/wp-content\/uploads\/2020\/04\/AEROPRESS-COFFE-MAKER.jpg\" \/>\n\t<meta property=\"og:image:width\" content=\"1000\" \/>\n\t<meta property=\"og:image:height\" content=\"1000\" \/>\n\t<meta property=\"og:image:type\" content=\"image\/jpeg\" \/>\n<meta name=\"twitter:card\" content=\"summary_large_image\" \/>\n<meta name=\"twitter:label1\" content=\"Temps estimat de lectura\" \/>\n\t<meta name=\"twitter:data1\" content=\"1 minut\" \/>\n<script type=\"application\/ld+json\" class=\"yoast-schema-graph\">{\"@context\":\"https:\/\/schema.org\",\"@graph\":[{\"@type\":\"WebPage\",\"@id\":\"https:\/\/subs.nomadcoffee.es\/ca\/producte\/aeropress\/\",\"url\":\"https:\/\/subs.nomadcoffee.es\/ca\/producte\/aeropress\/\",\"name\":\"Aeropress - Cafetera d'\u00c8mbol \u3010 Comprar al Millor Preu \u3011\",\"isPartOf\":{\"@id\":\"https:\/\/subs.nomadcoffee.es\/ca\/#website\"},\"primaryImageOfPage\":{\"@id\":\"https:\/\/subs.nomadcoffee.es\/ca\/producte\/aeropress\/#primaryimage\"},\"image\":{\"@id\":\"https:\/\/subs.nomadcoffee.es\/ca\/producte\/aeropress\/#primaryimage\"},\"thumbnailUrl\":\"https:\/\/subs.nomadcoffee.es\/wp-content\/uploads\/2020\/04\/AEROPRESS-COFFE-MAKER.jpg\",\"datePublished\":\"2020-04-01T09:20:31+00:00\",\"dateModified\":\"2022-11-24T13:06:41+00:00\",\"description\":\"AeroPress serveix tant per a caf\u00e8 de filtre com espresso, f\u00e0cil i r\u00e0pid, \u00e9s la cafetera m\u00e9s vers\u00e0til i c\u00f2moda per a portar a qualsevol costat.\",\"breadcrumb\":{\"@id\":\"https:\/\/subs.nomadcoffee.es\/ca\/producte\/aeropress\/#breadcrumb\"},\"inLanguage\":\"ca\",\"potentialAction\":[{\"@type\":\"ReadAction\",\"target\":[\"https:\/\/subs.nomadcoffee.es\/ca\/producte\/aeropress\/\"]}]},{\"@type\":\"ImageObject\",\"inLanguage\":\"ca\",\"@id\":\"https:\/\/subs.nomadcoffee.es\/ca\/producte\/aeropress\/#primaryimage\",\"url\":\"https:\/\/subs.nomadcoffee.es\/wp-content\/uploads\/2020\/04\/AEROPRESS-COFFE-MAKER.jpg\",\"contentUrl\":\"https:\/\/subs.nomadcoffee.es\/wp-content\/uploads\/2020\/04\/AEROPRESS-COFFE-MAKER.jpg\",\"width\":1000,\"height\":1000},{\"@type\":\"BreadcrumbList\",\"@id\":\"https:\/\/subs.nomadcoffee.es\/ca\/producte\/aeropress\/#breadcrumb\",\"itemListElement\":[{\"@type\":\"ListItem\",\"position\":1,\"name\":\"Portada\",\"item\":\"https:\/\/subs.nomadcoffee.es\/ca\/\"},{\"@type\":\"ListItem\",\"position\":2,\"name\":\"Tienda\",\"item\":\"https:\/\/subs.nomadcoffee.es\/tienda\/\"},{\"@type\":\"ListItem\",\"position\":3,\"name\":\"Aeropress\"}]},{\"@type\":\"WebSite\",\"@id\":\"https:\/\/subs.nomadcoffee.es\/ca\/#website\",\"url\":\"https:\/\/subs.nomadcoffee.es\/ca\/\",\"name\":\"Nomad Coffee\",\"description\":\"Caf\u00e9 de origen, tostado en Barcelona\",\"publisher\":{\"@id\":\"https:\/\/subs.nomadcoffee.es\/ca\/#organization\"},\"alternateName\":\"Nomad Coffee\",\"potentialAction\":[{\"@type\":\"SearchAction\",\"target\":{\"@type\":\"EntryPoint\",\"urlTemplate\":\"https:\/\/subs.nomadcoffee.es\/ca\/?s={search_term_string}\"},\"query-input\":\"required name=search_term_string\"}],\"inLanguage\":\"ca\"},{\"@type\":\"Organization\",\"@id\":\"https:\/\/subs.nomadcoffee.es\/ca\/#organization\",\"name\":\"Nomad Coffee\",\"alternateName\":\"Nomad Coffee\",\"url\":\"https:\/\/subs.nomadcoffee.es\/ca\/\",\"logo\":{\"@type\":\"ImageObject\",\"inLanguage\":\"ca\",\"@id\":\"https:\/\/subs.nomadcoffee.es\/ca\/#\/schema\/logo\/image\/\",\"url\":\"https:\/\/nomadcoffee.es\/wp-content\/uploads\/2023\/05\/logo-Nomad.jpg\",\"contentUrl\":\"https:\/\/nomadcoffee.es\/wp-content\/uploads\/2023\/05\/logo-Nomad.jpg\",\"width\":200,\"height\":200,\"caption\":\"Nomad Coffee\"},\"image\":{\"@id\":\"https:\/\/subs.nomadcoffee.es\/ca\/#\/schema\/logo\/image\/\"}}]}<\/script>\n<!-- \/ Yoast SEO plugin. -->","yoast_head_json":{"title":"Aeropress - Cafetera d'\u00c8mbol \u3010 Comprar al Millor Preu \u3011","description":"AeroPress serveix tant per a caf\u00e8 de filtre com espresso, f\u00e0cil i r\u00e0pid, \u00e9s la cafetera m\u00e9s vers\u00e0til i c\u00f2moda per a portar a qualsevol costat.","robots":{"index":"noindex","follow":"follow","max-snippet":"max-snippet:-1","max-image-preview":"max-image-preview:large","max-video-preview":"max-video-preview:-1"},"og_locale":"ca_ES","og_type":"article","og_title":"Aeropress - Cafetera d'\u00c8mbol \u3010 Comprar al Millor Preu \u3011","og_description":"AeroPress serveix tant per a caf\u00e8 de filtre com espresso, f\u00e0cil i r\u00e0pid, \u00e9s la cafetera m\u00e9s vers\u00e0til i c\u00f2moda per a portar a qualsevol costat.","og_url":"https:\/\/subs.nomadcoffee.es\/ca\/producte\/aeropress\/","og_site_name":"NOMAD","article_modified_time":"2022-11-24T13:06:41+00:00","og_image":[{"width":1000,"height":1000,"url":"https:\/\/subs.nomadcoffee.es\/wp-content\/uploads\/2020\/04\/AEROPRESS-COFFE-MAKER.jpg","type":"image\/jpeg"}],"twitter_card":"summary_large_image","twitter_misc":{"Temps estimat de lectura":"1 minut"},"schema":{"@context":"https:\/\/schema.org","@graph":[{"@type":"WebPage","@id":"https:\/\/subs.nomadcoffee.es\/ca\/producte\/aeropress\/","url":"https:\/\/subs.nomadcoffee.es\/ca\/producte\/aeropress\/","name":"Aeropress - Cafetera d'\u00c8mbol \u3010 Comprar al Millor Preu \u3011","isPartOf":{"@id":"https:\/\/subs.nomadcoffee.es\/ca\/#website"},"primaryImageOfPage":{"@id":"https:\/\/subs.nomadcoffee.es\/ca\/producte\/aeropress\/#primaryimage"},"image":{"@id":"https:\/\/subs.nomadcoffee.es\/ca\/producte\/aeropress\/#primaryimage"},"thumbnailUrl":"https:\/\/subs.nomadcoffee.es\/wp-content\/uploads\/2020\/04\/AEROPRESS-COFFE-MAKER.jpg","datePublished":"2020-04-01T09:20:31+00:00","dateModified":"2022-11-24T13:06:41+00:00","description":"AeroPress serveix tant per a caf\u00e8 de filtre com espresso, f\u00e0cil i r\u00e0pid, \u00e9s la cafetera m\u00e9s vers\u00e0til i c\u00f2moda per a portar a qualsevol costat.","breadcrumb":{"@id":"https:\/\/subs.nomadcoffee.es\/ca\/producte\/aeropress\/#breadcrumb"},"inLanguage":"ca","potentialAction":[{"@type":"ReadAction","target":["https:\/\/subs.nomadcoffee.es\/ca\/producte\/aeropress\/"]}]},{"@type":"ImageObject","inLanguage":"ca","@id":"https:\/\/subs.nomadcoffee.es\/ca\/producte\/aeropress\/#primaryimage","url":"https:\/\/subs.nomadcoffee.es\/wp-content\/uploads\/2020\/04\/AEROPRESS-COFFE-MAKER.jpg","contentUrl":"https:\/\/subs.nomadcoffee.es\/wp-content\/uploads\/2020\/04\/AEROPRESS-COFFE-MAKER.jpg","width":1000,"height":1000},{"@type":"BreadcrumbList","@id":"https:\/\/subs.nomadcoffee.es\/ca\/producte\/aeropress\/#breadcrumb","itemListElement":[{"@type":"ListItem","position":1,"name":"Portada","item":"https:\/\/subs.nomadcoffee.es\/ca\/"},{"@type":"ListItem","position":2,"name":"Tienda","item":"https:\/\/subs.nomadcoffee.es\/tienda\/"},{"@type":"ListItem","position":3,"name":"Aeropress"}]},{"@type":"WebSite","@id":"https:\/\/subs.nomadcoffee.es\/ca\/#website","url":"https:\/\/subs.nomadcoffee.es\/ca\/","name":"Nomad Coffee","description":"Caf\u00e9 de origen, tostado en Barcelona","publisher":{"@id":"https:\/\/subs.nomadcoffee.es\/ca\/#organization"},"alternateName":"Nomad Coffee","potentialAction":[{"@type":"SearchAction","target":{"@type":"EntryPoint","urlTemplate":"https:\/\/subs.nomadcoffee.es\/ca\/?s={search_term_string}"},"query-input":"required name=search_term_string"}],"inLanguage":"ca"},{"@type":"Organization","@id":"https:\/\/subs.nomadcoffee.es\/ca\/#organization","name":"Nomad Coffee","alternateName":"Nomad Coffee","url":"https:\/\/subs.nomadcoffee.es\/ca\/","logo":{"@type":"ImageObject","inLanguage":"ca","@id":"https:\/\/subs.nomadcoffee.es\/ca\/#\/schema\/logo\/image\/","url":"https:\/\/nomadcoffee.es\/wp-content\/uploads\/2023\/05\/logo-Nomad.jpg","contentUrl":"https:\/\/nomadcoffee.es\/wp-content\/uploads\/2023\/05\/logo-Nomad.jpg","width":200,"height":200,"caption":"Nomad Coffee"},"image":{"@id":"https:\/\/subs.nomadcoffee.es\/ca\/#\/schema\/logo\/image\/"}}]}},"_links":{"self":[{"href":"https:\/\/subs.nomadcoffee.es\/ca\/wp-json\/wp\/v2\/product\/52877"}],"collection":[{"href":"https:\/\/subs.nomadcoffee.es\/ca\/wp-json\/wp\/v2\/product"}],"about":[{"href":"https:\/\/subs.nomadcoffee.es\/ca\/wp-json\/wp\/v2\/types\/product"}],"wp:featuredmedia":[{"embeddable":true,"href":"https:\/\/subs.nomadcoffee.es\/ca\/wp-json\/wp\/v2\/media\/15473"}],"wp:attachment":[{"href":"https:\/\/subs.nomadcoffee.es\/ca\/wp-json\/wp\/v2\/media?parent=52877"}],"wp:term":[{"taxonomy":"product_cat","embeddable":true,"href":"https:\/\/subs.nomadcoffee.es\/ca\/wp-json\/wp\/v2\/product_cat?post=52877"},{"taxonomy":"product_tag","embeddable":true,"href":"https:\/\/subs.nomadcoffee.es\/ca\/wp-json\/wp\/v2\/product_tag?post=52877"}],"curies":[{"name":"wp","href":"https:\/\/api.w.org\/{rel}","templated":true}]}}