{"id":55313,"date":"2021-04-05T00:00:55","date_gmt":"2021-04-04T22:00:55","guid":{"rendered":"https:\/\/nomadcoffee.es\/producto\/la-florida-catucai-amarillo\/"},"modified":"2021-04-11T20:50:44","modified_gmt":"2021-04-11T18:50:44","slug":"la-florida-catucai-grop","status":"publish","type":"product","link":"https:\/\/subs.nomadcoffee.es\/ca\/producte\/la-florida-catucai-grop\/","title":{"rendered":"La Florida &#8211; Catuca\u00ed Groc"},"content":{"rendered":"<p>La Florida \u00e9s una finca agroforestal portada per la fam\u00edlia Coronel. Una fam\u00edlia summament agradable i acollidora. La seva manera de rebre a gent que ve a visitar la seva finca, \u00e9s oferint-li un glop de &#8216;puntes amb llom de serp&#8217;. Aquesta \u00e9s una beguda alcoh\u00f2lica casolana molt fort, feta amb canya de sucre destil\u00b7lada i el llom d&#8217;una de les serps m\u00e9s verinoses de la zona dins de l&#8217;ampolla. Despr\u00e9s d&#8217;un glop un est\u00e0 a punt per visitar aquest lloc.<\/p>\n<p>La Florida \u00e9s un exemple de producci\u00f3 integrada on es produeix caf\u00e8 ar\u00e0biga, canya de sucre, fruites, vegetals i es cria til\u00e0pia i porcs. A la finca s&#8217;han implementat mecanismes agroforestals c\u00edclics on es d\u00f3na prioritat a la salut de terra i on cada producte es beneficia l&#8217;un a l&#8217;altre. La Florida \u00e9s una de les plantacions m\u00e9s saludables que podem trobar a l&#8217;Equador.<\/p>\n<p>Els Germans Coronel, Ramiro i Fabrizio, que han impulsat la producci\u00f3 de caf\u00e8 d&#8217;alta qualitat s\u00f3n dos enginyers agr\u00f2noms amb una visi\u00f3 mediambiental. Mitjan\u00e7ant els seus coneixements han aconseguit arribar a molt bon resultats. Van comen\u00e7ar a plantar caf\u00e8 al 2014 i nom\u00e9s els va portar 5 anys en arribar a una fita important, ja que en el 2019 la seva Catuca\u00ed natural amb maceraci\u00f3 carb\u00f2nica va guanyar tres premis en competicions de barismo a It\u00e0lia: Barista Championship, Coffee in Good Spirits i Brewers Cup. A m\u00e9s, en aquest 2020 tamb\u00e9 van guanyar la tassa daurada de l&#8217;Equador tamb\u00e9 amb el seu Catuca\u00ed Groc.<\/p>\n<p>La hist\u00f2ria d&#8217;aquesta finca en \u00e8poca de la col\u00f2nia, quan aquest tros de terra era part d&#8217;una gran hisenda portada per espanyols. En aquella \u00e8poca, la zona de Sozoranga era utilitzada per produir molts aliments ja que est\u00e0 privilegiada de clima calent, aigua abundant i terra f\u00e8rtil. En cert punt, aquesta va ser una regi\u00f3 crucial que va alimentar a l&#8217;ex\u00e8rcit independentista.<\/p>\n<p>Tornant endavant en el temps, Sozoranga durant el segle XX va ser una gran productora de caf\u00e8, com moltes altres zones de la prov\u00edncia de Loja. Per\u00f2 despr\u00e9s de la crisi cafetera que va portar els preus d&#8217;el caf\u00e8 a terra, juntament amb la major crisi econ\u00f2mica que ha patit el pa\u00eds en els \u00faltims 50 anys, els cultius de caf\u00e8 es van reduir dr\u00e0sticament en menys d&#8217;una d\u00e8cada. Aquests successos s\u00f3n presumptament part de les causes que van generar l&#8217;\u00e8xode de pobladors d&#8217;aquesta zona a pa\u00efsos com Espanya i els Estats Units.<\/p>\n<p>El 1993, aquesta finca va ser adquirida per la fam\u00edlia Coronel i impulsada a produir uns dels millors caf\u00e8s que tenim ara mateix en Nomad gr\u00e0cies als germans Ramiro i Fabrizio Coronel.<\/p>\n","protected":false},"excerpt":{"rendered":"<p>La Florida \u00e9s una finca agroforestal portada per la fam\u00edlia Coronel. Una fam\u00edlia summament agradable i acollidora. La seva manera [&hellip;]<\/p>\n","protected":false},"featured_media":54505,"template":"","meta":[],"product_cat":[137,476],"product_tag":[700,831,832],"acf":[],"yoast_head":"<!-- This site is optimized with the Yoast SEO plugin v22.6 - https:\/\/yoast.com\/wordpress\/plugins\/seo\/ -->\n<title>La Florida - Catuca\u00ed Groc - NOMAD<\/title>\n<meta name=\"description\" content=\"Una frag\u00e0ncia que ens recorda a Lychee, xocolata amb llet i mores i una aroma fresca i dol\u00e7a a roman\u00ed i te sakura.\" \/>\n<meta name=\"robots\" content=\"noindex, follow, max-snippet:-1, max-image-preview:large, max-video-preview:-1\" \/>\n<meta property=\"og:locale\" content=\"ca_ES\" \/>\n<meta property=\"og:type\" content=\"article\" \/>\n<meta property=\"og:title\" content=\"La Florida - Catuca\u00ed Groc - NOMAD\" \/>\n<meta property=\"og:description\" content=\"Una frag\u00e0ncia que ens recorda a Lychee, xocolata amb llet i mores i una aroma fresca i dol\u00e7a a roman\u00ed i te sakura.\" \/>\n<meta property=\"og:url\" content=\"https:\/\/subs.nomadcoffee.es\/ca\/producte\/la-florida-catucai-grop\/\" \/>\n<meta property=\"og:site_name\" content=\"NOMAD\" \/>\n<meta property=\"article:modified_time\" content=\"2021-04-11T18:50:44+00:00\" \/>\n<meta property=\"og:image\" content=\"https:\/\/subs.nomadcoffee.es\/wp-content\/uploads\/2021\/04\/FOTO_WEB_CARBON_NOMAD_LLAUNA.jpg\" \/>\n\t<meta property=\"og:image:width\" content=\"1000\" \/>\n\t<meta property=\"og:image:height\" content=\"1000\" \/>\n\t<meta property=\"og:image:type\" content=\"image\/jpeg\" \/>\n<meta name=\"twitter:card\" content=\"summary_large_image\" \/>\n<meta name=\"twitter:label1\" content=\"Temps estimat de lectura\" \/>\n\t<meta name=\"twitter:data1\" content=\"2 minuts\" \/>\n<script type=\"application\/ld+json\" class=\"yoast-schema-graph\">{\"@context\":\"https:\/\/schema.org\",\"@graph\":[{\"@type\":\"WebPage\",\"@id\":\"https:\/\/subs.nomadcoffee.es\/ca\/producte\/la-florida-catucai-grop\/\",\"url\":\"https:\/\/subs.nomadcoffee.es\/ca\/producte\/la-florida-catucai-grop\/\",\"name\":\"La Florida - Catuca\u00ed Groc - NOMAD\",\"isPartOf\":{\"@id\":\"https:\/\/subs.nomadcoffee.es\/ca\/#website\"},\"primaryImageOfPage\":{\"@id\":\"https:\/\/subs.nomadcoffee.es\/ca\/producte\/la-florida-catucai-grop\/#primaryimage\"},\"image\":{\"@id\":\"https:\/\/subs.nomadcoffee.es\/ca\/producte\/la-florida-catucai-grop\/#primaryimage\"},\"thumbnailUrl\":\"https:\/\/subs.nomadcoffee.es\/wp-content\/uploads\/2021\/04\/FOTO_WEB_CARBON_NOMAD_LLAUNA.jpg\",\"datePublished\":\"2021-04-04T22:00:55+00:00\",\"dateModified\":\"2021-04-11T18:50:44+00:00\",\"description\":\"Una frag\u00e0ncia que ens recorda a Lychee, xocolata amb llet i mores i una aroma fresca i dol\u00e7a a roman\u00ed i te sakura.\",\"breadcrumb\":{\"@id\":\"https:\/\/subs.nomadcoffee.es\/ca\/producte\/la-florida-catucai-grop\/#breadcrumb\"},\"inLanguage\":\"ca\",\"potentialAction\":[{\"@type\":\"ReadAction\",\"target\":[\"https:\/\/subs.nomadcoffee.es\/ca\/producte\/la-florida-catucai-grop\/\"]}]},{\"@type\":\"ImageObject\",\"inLanguage\":\"ca\",\"@id\":\"https:\/\/subs.nomadcoffee.es\/ca\/producte\/la-florida-catucai-grop\/#primaryimage\",\"url\":\"https:\/\/subs.nomadcoffee.es\/wp-content\/uploads\/2021\/04\/FOTO_WEB_CARBON_NOMAD_LLAUNA.jpg\",\"contentUrl\":\"https:\/\/subs.nomadcoffee.es\/wp-content\/uploads\/2021\/04\/FOTO_WEB_CARBON_NOMAD_LLAUNA.jpg\",\"width\":1000,\"height\":1000,\"caption\":\"La Florida\"},{\"@type\":\"BreadcrumbList\",\"@id\":\"https:\/\/subs.nomadcoffee.es\/ca\/producte\/la-florida-catucai-grop\/#breadcrumb\",\"itemListElement\":[{\"@type\":\"ListItem\",\"position\":1,\"name\":\"Portada\",\"item\":\"https:\/\/subs.nomadcoffee.es\/ca\/\"},{\"@type\":\"ListItem\",\"position\":2,\"name\":\"Tienda\",\"item\":\"https:\/\/subs.nomadcoffee.es\/tienda\/\"},{\"@type\":\"ListItem\",\"position\":3,\"name\":\"La Florida &#8211; Catuca\u00ed Groc\"}]},{\"@type\":\"WebSite\",\"@id\":\"https:\/\/subs.nomadcoffee.es\/ca\/#website\",\"url\":\"https:\/\/subs.nomadcoffee.es\/ca\/\",\"name\":\"Nomad Coffee\",\"description\":\"Caf\u00e9 de origen, tostado en Barcelona\",\"publisher\":{\"@id\":\"https:\/\/subs.nomadcoffee.es\/ca\/#organization\"},\"alternateName\":\"Nomad Coffee\",\"potentialAction\":[{\"@type\":\"SearchAction\",\"target\":{\"@type\":\"EntryPoint\",\"urlTemplate\":\"https:\/\/subs.nomadcoffee.es\/ca\/?s={search_term_string}\"},\"query-input\":\"required name=search_term_string\"}],\"inLanguage\":\"ca\"},{\"@type\":\"Organization\",\"@id\":\"https:\/\/subs.nomadcoffee.es\/ca\/#organization\",\"name\":\"Nomad Coffee\",\"alternateName\":\"Nomad Coffee\",\"url\":\"https:\/\/subs.nomadcoffee.es\/ca\/\",\"logo\":{\"@type\":\"ImageObject\",\"inLanguage\":\"ca\",\"@id\":\"https:\/\/subs.nomadcoffee.es\/ca\/#\/schema\/logo\/image\/\",\"url\":\"https:\/\/nomadcoffee.es\/wp-content\/uploads\/2023\/05\/logo-Nomad.jpg\",\"contentUrl\":\"https:\/\/nomadcoffee.es\/wp-content\/uploads\/2023\/05\/logo-Nomad.jpg\",\"width\":200,\"height\":200,\"caption\":\"Nomad Coffee\"},\"image\":{\"@id\":\"https:\/\/subs.nomadcoffee.es\/ca\/#\/schema\/logo\/image\/\"}}]}<\/script>\n<!-- \/ Yoast SEO plugin. -->","yoast_head_json":{"title":"La Florida - Catuca\u00ed Groc - NOMAD","description":"Una frag\u00e0ncia que ens recorda a Lychee, xocolata amb llet i mores i una aroma fresca i dol\u00e7a a roman\u00ed i te sakura.","robots":{"index":"noindex","follow":"follow","max-snippet":"max-snippet:-1","max-image-preview":"max-image-preview:large","max-video-preview":"max-video-preview:-1"},"og_locale":"ca_ES","og_type":"article","og_title":"La Florida - Catuca\u00ed Groc - NOMAD","og_description":"Una frag\u00e0ncia que ens recorda a Lychee, xocolata amb llet i mores i una aroma fresca i dol\u00e7a a roman\u00ed i te sakura.","og_url":"https:\/\/subs.nomadcoffee.es\/ca\/producte\/la-florida-catucai-grop\/","og_site_name":"NOMAD","article_modified_time":"2021-04-11T18:50:44+00:00","og_image":[{"width":1000,"height":1000,"url":"https:\/\/subs.nomadcoffee.es\/wp-content\/uploads\/2021\/04\/FOTO_WEB_CARBON_NOMAD_LLAUNA.jpg","type":"image\/jpeg"}],"twitter_card":"summary_large_image","twitter_misc":{"Temps estimat de lectura":"2 minuts"},"schema":{"@context":"https:\/\/schema.org","@graph":[{"@type":"WebPage","@id":"https:\/\/subs.nomadcoffee.es\/ca\/producte\/la-florida-catucai-grop\/","url":"https:\/\/subs.nomadcoffee.es\/ca\/producte\/la-florida-catucai-grop\/","name":"La Florida - Catuca\u00ed Groc - NOMAD","isPartOf":{"@id":"https:\/\/subs.nomadcoffee.es\/ca\/#website"},"primaryImageOfPage":{"@id":"https:\/\/subs.nomadcoffee.es\/ca\/producte\/la-florida-catucai-grop\/#primaryimage"},"image":{"@id":"https:\/\/subs.nomadcoffee.es\/ca\/producte\/la-florida-catucai-grop\/#primaryimage"},"thumbnailUrl":"https:\/\/subs.nomadcoffee.es\/wp-content\/uploads\/2021\/04\/FOTO_WEB_CARBON_NOMAD_LLAUNA.jpg","datePublished":"2021-04-04T22:00:55+00:00","dateModified":"2021-04-11T18:50:44+00:00","description":"Una frag\u00e0ncia que ens recorda a Lychee, xocolata amb llet i mores i una aroma fresca i dol\u00e7a a roman\u00ed i te sakura.","breadcrumb":{"@id":"https:\/\/subs.nomadcoffee.es\/ca\/producte\/la-florida-catucai-grop\/#breadcrumb"},"inLanguage":"ca","potentialAction":[{"@type":"ReadAction","target":["https:\/\/subs.nomadcoffee.es\/ca\/producte\/la-florida-catucai-grop\/"]}]},{"@type":"ImageObject","inLanguage":"ca","@id":"https:\/\/subs.nomadcoffee.es\/ca\/producte\/la-florida-catucai-grop\/#primaryimage","url":"https:\/\/subs.nomadcoffee.es\/wp-content\/uploads\/2021\/04\/FOTO_WEB_CARBON_NOMAD_LLAUNA.jpg","contentUrl":"https:\/\/subs.nomadcoffee.es\/wp-content\/uploads\/2021\/04\/FOTO_WEB_CARBON_NOMAD_LLAUNA.jpg","width":1000,"height":1000,"caption":"La Florida"},{"@type":"BreadcrumbList","@id":"https:\/\/subs.nomadcoffee.es\/ca\/producte\/la-florida-catucai-grop\/#breadcrumb","itemListElement":[{"@type":"ListItem","position":1,"name":"Portada","item":"https:\/\/subs.nomadcoffee.es\/ca\/"},{"@type":"ListItem","position":2,"name":"Tienda","item":"https:\/\/subs.nomadcoffee.es\/tienda\/"},{"@type":"ListItem","position":3,"name":"La Florida &#8211; Catuca\u00ed Groc"}]},{"@type":"WebSite","@id":"https:\/\/subs.nomadcoffee.es\/ca\/#website","url":"https:\/\/subs.nomadcoffee.es\/ca\/","name":"Nomad Coffee","description":"Caf\u00e9 de origen, tostado en Barcelona","publisher":{"@id":"https:\/\/subs.nomadcoffee.es\/ca\/#organization"},"alternateName":"Nomad Coffee","potentialAction":[{"@type":"SearchAction","target":{"@type":"EntryPoint","urlTemplate":"https:\/\/subs.nomadcoffee.es\/ca\/?s={search_term_string}"},"query-input":"required name=search_term_string"}],"inLanguage":"ca"},{"@type":"Organization","@id":"https:\/\/subs.nomadcoffee.es\/ca\/#organization","name":"Nomad Coffee","alternateName":"Nomad Coffee","url":"https:\/\/subs.nomadcoffee.es\/ca\/","logo":{"@type":"ImageObject","inLanguage":"ca","@id":"https:\/\/subs.nomadcoffee.es\/ca\/#\/schema\/logo\/image\/","url":"https:\/\/nomadcoffee.es\/wp-content\/uploads\/2023\/05\/logo-Nomad.jpg","contentUrl":"https:\/\/nomadcoffee.es\/wp-content\/uploads\/2023\/05\/logo-Nomad.jpg","width":200,"height":200,"caption":"Nomad Coffee"},"image":{"@id":"https:\/\/subs.nomadcoffee.es\/ca\/#\/schema\/logo\/image\/"}}]}},"_links":{"self":[{"href":"https:\/\/subs.nomadcoffee.es\/ca\/wp-json\/wp\/v2\/product\/55313"}],"collection":[{"href":"https:\/\/subs.nomadcoffee.es\/ca\/wp-json\/wp\/v2\/product"}],"about":[{"href":"https:\/\/subs.nomadcoffee.es\/ca\/wp-json\/wp\/v2\/types\/product"}],"wp:featuredmedia":[{"embeddable":true,"href":"https:\/\/subs.nomadcoffee.es\/ca\/wp-json\/wp\/v2\/media\/54505"}],"wp:attachment":[{"href":"https:\/\/subs.nomadcoffee.es\/ca\/wp-json\/wp\/v2\/media?parent=55313"}],"wp:term":[{"taxonomy":"product_cat","embeddable":true,"href":"https:\/\/subs.nomadcoffee.es\/ca\/wp-json\/wp\/v2\/product_cat?post=55313"},{"taxonomy":"product_tag","embeddable":true,"href":"https:\/\/subs.nomadcoffee.es\/ca\/wp-json\/wp\/v2\/product_tag?post=55313"}],"curies":[{"name":"wp","href":"https:\/\/api.w.org\/{rel}","templated":true}]}}