{"id":57678,"date":"2021-06-03T10:46:37","date_gmt":"2021-06-03T08:46:37","guid":{"rendered":"https:\/\/nomadcoffee.es\/?post_type=product&#038;p=57678"},"modified":"2023-07-14T18:39:25","modified_gmt":"2023-07-14T16:39:25","slug":"latte-art-nomad-at-home","status":"publish","type":"product","link":"https:\/\/subs.nomadcoffee.es\/ca\/producte\/latte-art-nomad-at-home\/","title":{"rendered":"WORKSHOP<br>LATTE ART"},"content":{"rendered":"<p>Si ja saps com preparar un espresso amb caf\u00e8 d&#8217;especialitat, per\u00f2 encara no domines la t\u00e8cnica, la textura, la temperatura i l&#8217;emulsi\u00f3 de la llet, aquest curs \u00e9s per a tu.<\/p>\n<p>Aprendr\u00e0s sobre els diferents tipus de llets, les seves composicions i com interactuen amb el caf\u00e8. T&#8217;ensenyarem tot sobre l&#8217;emulsi\u00f3 i resoldrem els dubtes quotidians que poden sorgir en les teves preparacions.<\/p>\n<p>Prepararem 2 figures clau per comen\u00e7ar: un cor i una tulipa. Per descomptat, si t&#8217;animes, podem fer-ne m\u00e9s.<\/p>\n<p><b>Qu\u00e8 inclou?<\/b><\/p>\n<ul>\n<li>Cata de llets i les seves difer\u00e8ncies<\/li>\n<li>Emulsi\u00f3 de diferents tipus de llets i begudes vegetals<\/li>\n<li>Vaporitzaci\u00f3 de la llet amb m\u00e0quina<\/li>\n<li>Simetria i contrast<\/li>\n<li>Dissenyos b\u00e0sics: cor, tulipa<\/li>\n<\/ul>\n<p><b>DETALLS PR\u00c0CTICS<\/b><br \/>\nEl Workshop Espresso t\u00e9 un cost de 110\u20ac per persona i es realitza al nostre torrador ubicat a Carrer Marroc 160, 08019 Barcelona. L&#8217;horari \u00e9s de 9:30 a 12:30 i el taller es dicta en castell\u00e0.<br \/>\nLa setmana del curs t&#8217;enviarem un correu electr\u00f2nic recordant-te la nostra cita, ens veiem aviat!<\/p>\n<p><b>TERMES I CONDICIONS<\/b><br \/>\nA The Coffee Academy ens esforcem per oferir una experi\u00e8ncia d&#8217;aprenentatge d&#8217;alta qualitat a tots els nostres estudiants. No obstant aix\u00f2, ens reservem el dret de reprogramar la data del curs o retornar l&#8217;import total del curs si l&#8217;assist\u00e8ncia m\u00ednima no supera els 2 assistents.<br \/>\nEstem compromesos amb la teva satisfacci\u00f3 i farem tot el possible per acomodar les teves necessitats i assegurar-nos que obtinguis el m\u00e0xim benefici de la teva experi\u00e8ncia amb nosaltres.<\/p>\n<p>Per a qualsevol informaci\u00f3 addicional ens pots escriure a info@thecoffeeacademy.es.<\/p>\n","protected":false},"excerpt":{"rendered":"<p>Si ja saps com preparar un espresso amb caf\u00e8 d&#8217;especialitat, per\u00f2 encara no domines la t\u00e8cnica, la textura, la temperatura [&hellip;]<\/p>\n","protected":false},"featured_media":83078,"template":"","meta":[],"product_cat":[96,853],"product_tag":[],"acf":[],"yoast_head":"<!-- This site is optimized with the Yoast SEO plugin v22.6 - https:\/\/yoast.com\/wordpress\/plugins\/seo\/ -->\n<title>CURSO DE WORKSHOPLATTE ART - NOMAD COFFEE at Home<\/title>\n<meta name=\"description\" content=\"Si necessites aprendre t\u00e8cniques per ser m\u00e9s constant en l&#039;emulsi\u00f3 de la llet i del latte art, aquest curs \u00e9s per a tu.\" \/>\n<meta name=\"robots\" content=\"noindex, follow, max-snippet:-1, max-image-preview:large, max-video-preview:-1\" \/>\n<meta property=\"og:locale\" content=\"ca_ES\" \/>\n<meta property=\"og:type\" content=\"article\" \/>\n<meta property=\"og:title\" content=\"CURSO DE WORKSHOPLATTE ART - NOMAD COFFEE at Home\" \/>\n<meta property=\"og:description\" content=\"Si necessites aprendre t\u00e8cniques per ser m\u00e9s constant en l&#039;emulsi\u00f3 de la llet i del latte art, aquest curs \u00e9s per a tu.\" \/>\n<meta property=\"og:url\" content=\"https:\/\/subs.nomadcoffee.es\/ca\/producte\/latte-art-nomad-at-home\/\" \/>\n<meta property=\"og:site_name\" content=\"NOMAD\" \/>\n<meta property=\"article:modified_time\" content=\"2023-07-14T16:39:25+00:00\" \/>\n<meta property=\"og:image\" content=\"https:\/\/subs.nomadcoffee.es\/wp-content\/uploads\/2023\/07\/WORKSHOPS-LATTE-ART.png\" \/>\n\t<meta property=\"og:image:width\" content=\"1080\" \/>\n\t<meta property=\"og:image:height\" content=\"1080\" \/>\n\t<meta property=\"og:image:type\" content=\"image\/png\" \/>\n<meta name=\"twitter:card\" content=\"summary_large_image\" \/>\n<meta name=\"twitter:label1\" content=\"Temps estimat de lectura\" \/>\n\t<meta name=\"twitter:data1\" content=\"2 minuts\" \/>\n<script type=\"application\/ld+json\" class=\"yoast-schema-graph\">{\"@context\":\"https:\/\/schema.org\",\"@graph\":[{\"@type\":\"WebPage\",\"@id\":\"https:\/\/subs.nomadcoffee.es\/ca\/producte\/latte-art-nomad-at-home\/\",\"url\":\"https:\/\/subs.nomadcoffee.es\/ca\/producte\/latte-art-nomad-at-home\/\",\"name\":\"CURSO DE WORKSHOP LATTE ART - NOMAD COFFEE at Home\",\"isPartOf\":{\"@id\":\"https:\/\/subs.nomadcoffee.es\/ca\/#website\"},\"primaryImageOfPage\":{\"@id\":\"https:\/\/subs.nomadcoffee.es\/ca\/producte\/latte-art-nomad-at-home\/#primaryimage\"},\"image\":{\"@id\":\"https:\/\/subs.nomadcoffee.es\/ca\/producte\/latte-art-nomad-at-home\/#primaryimage\"},\"thumbnailUrl\":\"https:\/\/subs.nomadcoffee.es\/wp-content\/uploads\/2023\/07\/WORKSHOPS-LATTE-ART.png\",\"datePublished\":\"2021-06-03T08:46:37+00:00\",\"dateModified\":\"2023-07-14T16:39:25+00:00\",\"description\":\"Si necessites aprendre t\u00e8cniques per ser m\u00e9s constant en l'emulsi\u00f3 de la llet i del latte art, aquest curs \u00e9s per a tu.\",\"breadcrumb\":{\"@id\":\"https:\/\/subs.nomadcoffee.es\/ca\/producte\/latte-art-nomad-at-home\/#breadcrumb\"},\"inLanguage\":\"ca\",\"potentialAction\":[{\"@type\":\"ReadAction\",\"target\":[\"https:\/\/subs.nomadcoffee.es\/ca\/producte\/latte-art-nomad-at-home\/\"]}]},{\"@type\":\"ImageObject\",\"inLanguage\":\"ca\",\"@id\":\"https:\/\/subs.nomadcoffee.es\/ca\/producte\/latte-art-nomad-at-home\/#primaryimage\",\"url\":\"https:\/\/subs.nomadcoffee.es\/wp-content\/uploads\/2023\/07\/WORKSHOPS-LATTE-ART.png\",\"contentUrl\":\"https:\/\/subs.nomadcoffee.es\/wp-content\/uploads\/2023\/07\/WORKSHOPS-LATTE-ART.png\",\"width\":1080,\"height\":1080},{\"@type\":\"BreadcrumbList\",\"@id\":\"https:\/\/subs.nomadcoffee.es\/ca\/producte\/latte-art-nomad-at-home\/#breadcrumb\",\"itemListElement\":[{\"@type\":\"ListItem\",\"position\":1,\"name\":\"Portada\",\"item\":\"https:\/\/subs.nomadcoffee.es\/ca\/\"},{\"@type\":\"ListItem\",\"position\":2,\"name\":\"Tienda\",\"item\":\"https:\/\/subs.nomadcoffee.es\/tienda\/\"},{\"@type\":\"ListItem\",\"position\":3,\"name\":\"WORKSHOPLATTE ART\"}]},{\"@type\":\"WebSite\",\"@id\":\"https:\/\/subs.nomadcoffee.es\/ca\/#website\",\"url\":\"https:\/\/subs.nomadcoffee.es\/ca\/\",\"name\":\"Nomad Coffee\",\"description\":\"Caf\u00e9 de origen, tostado en Barcelona\",\"publisher\":{\"@id\":\"https:\/\/subs.nomadcoffee.es\/ca\/#organization\"},\"alternateName\":\"Nomad Coffee\",\"potentialAction\":[{\"@type\":\"SearchAction\",\"target\":{\"@type\":\"EntryPoint\",\"urlTemplate\":\"https:\/\/subs.nomadcoffee.es\/ca\/?s={search_term_string}\"},\"query-input\":\"required name=search_term_string\"}],\"inLanguage\":\"ca\"},{\"@type\":\"Organization\",\"@id\":\"https:\/\/subs.nomadcoffee.es\/ca\/#organization\",\"name\":\"Nomad Coffee\",\"alternateName\":\"Nomad Coffee\",\"url\":\"https:\/\/subs.nomadcoffee.es\/ca\/\",\"logo\":{\"@type\":\"ImageObject\",\"inLanguage\":\"ca\",\"@id\":\"https:\/\/subs.nomadcoffee.es\/ca\/#\/schema\/logo\/image\/\",\"url\":\"https:\/\/nomadcoffee.es\/wp-content\/uploads\/2023\/05\/logo-Nomad.jpg\",\"contentUrl\":\"https:\/\/nomadcoffee.es\/wp-content\/uploads\/2023\/05\/logo-Nomad.jpg\",\"width\":200,\"height\":200,\"caption\":\"Nomad Coffee\"},\"image\":{\"@id\":\"https:\/\/subs.nomadcoffee.es\/ca\/#\/schema\/logo\/image\/\"}}]}<\/script>\n<!-- \/ Yoast SEO plugin. -->","yoast_head_json":{"title":"CURSO DE WORKSHOPLATTE ART - NOMAD COFFEE at Home","description":"Si necessites aprendre t\u00e8cniques per ser m\u00e9s constant en l'emulsi\u00f3 de la llet i del latte art, aquest curs \u00e9s per a tu.","robots":{"index":"noindex","follow":"follow","max-snippet":"max-snippet:-1","max-image-preview":"max-image-preview:large","max-video-preview":"max-video-preview:-1"},"og_locale":"ca_ES","og_type":"article","og_title":"CURSO DE WORKSHOPLATTE ART - NOMAD COFFEE at Home","og_description":"Si necessites aprendre t\u00e8cniques per ser m\u00e9s constant en l'emulsi\u00f3 de la llet i del latte art, aquest curs \u00e9s per a tu.","og_url":"https:\/\/subs.nomadcoffee.es\/ca\/producte\/latte-art-nomad-at-home\/","og_site_name":"NOMAD","article_modified_time":"2023-07-14T16:39:25+00:00","og_image":[{"width":1080,"height":1080,"url":"https:\/\/subs.nomadcoffee.es\/wp-content\/uploads\/2023\/07\/WORKSHOPS-LATTE-ART.png","type":"image\/png"}],"twitter_card":"summary_large_image","twitter_misc":{"Temps estimat de lectura":"2 minuts"},"schema":{"@context":"https:\/\/schema.org","@graph":[{"@type":"WebPage","@id":"https:\/\/subs.nomadcoffee.es\/ca\/producte\/latte-art-nomad-at-home\/","url":"https:\/\/subs.nomadcoffee.es\/ca\/producte\/latte-art-nomad-at-home\/","name":"CURSO DE WORKSHOP LATTE ART - NOMAD COFFEE at Home","isPartOf":{"@id":"https:\/\/subs.nomadcoffee.es\/ca\/#website"},"primaryImageOfPage":{"@id":"https:\/\/subs.nomadcoffee.es\/ca\/producte\/latte-art-nomad-at-home\/#primaryimage"},"image":{"@id":"https:\/\/subs.nomadcoffee.es\/ca\/producte\/latte-art-nomad-at-home\/#primaryimage"},"thumbnailUrl":"https:\/\/subs.nomadcoffee.es\/wp-content\/uploads\/2023\/07\/WORKSHOPS-LATTE-ART.png","datePublished":"2021-06-03T08:46:37+00:00","dateModified":"2023-07-14T16:39:25+00:00","description":"Si necessites aprendre t\u00e8cniques per ser m\u00e9s constant en l'emulsi\u00f3 de la llet i del latte art, aquest curs \u00e9s per a tu.","breadcrumb":{"@id":"https:\/\/subs.nomadcoffee.es\/ca\/producte\/latte-art-nomad-at-home\/#breadcrumb"},"inLanguage":"ca","potentialAction":[{"@type":"ReadAction","target":["https:\/\/subs.nomadcoffee.es\/ca\/producte\/latte-art-nomad-at-home\/"]}]},{"@type":"ImageObject","inLanguage":"ca","@id":"https:\/\/subs.nomadcoffee.es\/ca\/producte\/latte-art-nomad-at-home\/#primaryimage","url":"https:\/\/subs.nomadcoffee.es\/wp-content\/uploads\/2023\/07\/WORKSHOPS-LATTE-ART.png","contentUrl":"https:\/\/subs.nomadcoffee.es\/wp-content\/uploads\/2023\/07\/WORKSHOPS-LATTE-ART.png","width":1080,"height":1080},{"@type":"BreadcrumbList","@id":"https:\/\/subs.nomadcoffee.es\/ca\/producte\/latte-art-nomad-at-home\/#breadcrumb","itemListElement":[{"@type":"ListItem","position":1,"name":"Portada","item":"https:\/\/subs.nomadcoffee.es\/ca\/"},{"@type":"ListItem","position":2,"name":"Tienda","item":"https:\/\/subs.nomadcoffee.es\/tienda\/"},{"@type":"ListItem","position":3,"name":"WORKSHOPLATTE ART"}]},{"@type":"WebSite","@id":"https:\/\/subs.nomadcoffee.es\/ca\/#website","url":"https:\/\/subs.nomadcoffee.es\/ca\/","name":"Nomad Coffee","description":"Caf\u00e9 de origen, tostado en Barcelona","publisher":{"@id":"https:\/\/subs.nomadcoffee.es\/ca\/#organization"},"alternateName":"Nomad Coffee","potentialAction":[{"@type":"SearchAction","target":{"@type":"EntryPoint","urlTemplate":"https:\/\/subs.nomadcoffee.es\/ca\/?s={search_term_string}"},"query-input":"required name=search_term_string"}],"inLanguage":"ca"},{"@type":"Organization","@id":"https:\/\/subs.nomadcoffee.es\/ca\/#organization","name":"Nomad Coffee","alternateName":"Nomad Coffee","url":"https:\/\/subs.nomadcoffee.es\/ca\/","logo":{"@type":"ImageObject","inLanguage":"ca","@id":"https:\/\/subs.nomadcoffee.es\/ca\/#\/schema\/logo\/image\/","url":"https:\/\/nomadcoffee.es\/wp-content\/uploads\/2023\/05\/logo-Nomad.jpg","contentUrl":"https:\/\/nomadcoffee.es\/wp-content\/uploads\/2023\/05\/logo-Nomad.jpg","width":200,"height":200,"caption":"Nomad Coffee"},"image":{"@id":"https:\/\/subs.nomadcoffee.es\/ca\/#\/schema\/logo\/image\/"}}]}},"_links":{"self":[{"href":"https:\/\/subs.nomadcoffee.es\/ca\/wp-json\/wp\/v2\/product\/57678"}],"collection":[{"href":"https:\/\/subs.nomadcoffee.es\/ca\/wp-json\/wp\/v2\/product"}],"about":[{"href":"https:\/\/subs.nomadcoffee.es\/ca\/wp-json\/wp\/v2\/types\/product"}],"wp:featuredmedia":[{"embeddable":true,"href":"https:\/\/subs.nomadcoffee.es\/ca\/wp-json\/wp\/v2\/media\/83078"}],"wp:attachment":[{"href":"https:\/\/subs.nomadcoffee.es\/ca\/wp-json\/wp\/v2\/media?parent=57678"}],"wp:term":[{"taxonomy":"product_cat","embeddable":true,"href":"https:\/\/subs.nomadcoffee.es\/ca\/wp-json\/wp\/v2\/product_cat?post=57678"},{"taxonomy":"product_tag","embeddable":true,"href":"https:\/\/subs.nomadcoffee.es\/ca\/wp-json\/wp\/v2\/product_tag?post=57678"}],"curies":[{"name":"wp","href":"https:\/\/api.w.org\/{rel}","templated":true}]}}