{"id":57860,"date":"2019-01-29T10:44:06","date_gmt":"2019-01-29T09:44:06","guid":{"rendered":"https:\/\/nomadcoffee.es\/producto\/sugar-cane-decaf-2\/"},"modified":"2023-02-23T16:18:03","modified_gmt":"2023-02-23T15:18:03","slug":"chambaku-decaf","status":"publish","type":"product","link":"https:\/\/subs.nomadcoffee.es\/ca\/producte\/chambaku-decaf\/","title":{"rendered":"Descafeinat &#8211; Chambak\u00fa"},"content":{"rendered":"<p>Finca Chambak\u00fa \u00e9s una de les finques amb les quals NOMAD treballa cada any. Juan Felipe Restrepo (Pipe per als amics) ens porta aquesta vegada un nou lot per\u00f2 aquesta vegada sent un caf\u00e8 descafe\u00efnat amb el m\u00e8tode \u201cSugar Cane Process\u201d. Per a aquest lot van voler fer un pas m\u00e9s enll\u00e0 i descafe\u00efnar un dels processos naturals de Pipe que tant coneixem aqu\u00ed en NOMAD. Una acidesa m\u00e9s pronunciada, amb unes notes m\u00e9s afruitades es compensen amb la dol\u00e7or caracter\u00edstica que el proc\u00e9s de descafe\u00efnat genera creant aix\u00ed una tassa molt m\u00e9s complexa.<\/p>\n<p><strong>Proc\u00e8s<\/strong><br \/>\nEl proc\u00e9s es realitza a trav\u00e9s d&#8217;acetat d&#8217;etil de canya de sucre. \u00c9s un dissolvent selectiu per a la cafe\u00efna que es troba present en la naturalesa. S&#8217;aconsegueix a trav\u00e9s de la fermentaci\u00f3 de la canya de sucre. Despr\u00e9s el caf\u00e8 \u00e9s submergit en 4 ocasions en una mescla d&#8217;aigua amb aquest acetat, el qual absorbeix gaireb\u00e9 per complet la cafe\u00efna del caf\u00e8. Una vegada passat aquest proc\u00e9s, el caf\u00e8 s&#8217;asseca fins a deixar-lo en un 12,5% d&#8217;humitat i es recobreix amb una capa de cera tamb\u00e9 org\u00e0nica per a protegir-lo i aix\u00ed aguanti m\u00e9s temps al m\u00e0xim rendiment.<\/p>\n","protected":false},"excerpt":{"rendered":"<p>Finca Chambak\u00fa \u00e9s una de les finques amb les quals NOMAD treballa cada any. Juan Felipe Restrepo (Pipe per als [&hellip;]<\/p>\n","protected":false},"featured_media":66334,"template":"","meta":[],"product_cat":[137,475],"product_tag":[755,843,896],"acf":[],"yoast_head":"<!-- This site is optimized with the Yoast SEO plugin v22.6 - https:\/\/yoast.com\/wordpress\/plugins\/seo\/ -->\n<title>Descafeinat - Chambak\u00fa - NOMAD<\/title>\n<meta name=\"robots\" content=\"noindex, follow, max-snippet:-1, max-image-preview:large, max-video-preview:-1\" \/>\n<meta property=\"og:locale\" content=\"ca_ES\" \/>\n<meta property=\"og:type\" content=\"article\" \/>\n<meta property=\"og:title\" content=\"Descafeinat - Chambak\u00fa - NOMAD\" \/>\n<meta property=\"og:description\" content=\"Finca Chambak\u00fa \u00e9s una de les finques amb les quals NOMAD treballa cada any. Juan Felipe Restrepo (Pipe per als [&hellip;]\" \/>\n<meta property=\"og:url\" content=\"https:\/\/subs.nomadcoffee.es\/ca\/producte\/chambaku-decaf\/\" \/>\n<meta property=\"og:site_name\" content=\"NOMAD\" \/>\n<meta property=\"article:modified_time\" content=\"2023-02-23T15:18:03+00:00\" \/>\n<meta property=\"og:image\" content=\"https:\/\/subs.nomadcoffee.es\/wp-content\/uploads\/2019\/01\/D.CO_.DCF_.jpg\" \/>\n\t<meta property=\"og:image:width\" content=\"2000\" \/>\n\t<meta property=\"og:image:height\" content=\"2000\" \/>\n\t<meta property=\"og:image:type\" content=\"image\/jpeg\" \/>\n<meta name=\"twitter:card\" content=\"summary_large_image\" \/>\n<meta name=\"twitter:label1\" content=\"Temps estimat de lectura\" \/>\n\t<meta name=\"twitter:data1\" content=\"1 minut\" \/>\n<script type=\"application\/ld+json\" class=\"yoast-schema-graph\">{\"@context\":\"https:\/\/schema.org\",\"@graph\":[{\"@type\":\"WebPage\",\"@id\":\"https:\/\/subs.nomadcoffee.es\/ca\/producte\/chambaku-decaf\/\",\"url\":\"https:\/\/subs.nomadcoffee.es\/ca\/producte\/chambaku-decaf\/\",\"name\":\"Descafeinat - Chambak\u00fa - NOMAD\",\"isPartOf\":{\"@id\":\"https:\/\/subs.nomadcoffee.es\/ca\/#website\"},\"primaryImageOfPage\":{\"@id\":\"https:\/\/subs.nomadcoffee.es\/ca\/producte\/chambaku-decaf\/#primaryimage\"},\"image\":{\"@id\":\"https:\/\/subs.nomadcoffee.es\/ca\/producte\/chambaku-decaf\/#primaryimage\"},\"thumbnailUrl\":\"https:\/\/subs.nomadcoffee.es\/wp-content\/uploads\/2019\/01\/D.CO_.DCF_.jpg\",\"datePublished\":\"2019-01-29T09:44:06+00:00\",\"dateModified\":\"2023-02-23T15:18:03+00:00\",\"breadcrumb\":{\"@id\":\"https:\/\/subs.nomadcoffee.es\/ca\/producte\/chambaku-decaf\/#breadcrumb\"},\"inLanguage\":\"ca\",\"potentialAction\":[{\"@type\":\"ReadAction\",\"target\":[\"https:\/\/subs.nomadcoffee.es\/ca\/producte\/chambaku-decaf\/\"]}]},{\"@type\":\"ImageObject\",\"inLanguage\":\"ca\",\"@id\":\"https:\/\/subs.nomadcoffee.es\/ca\/producte\/chambaku-decaf\/#primaryimage\",\"url\":\"https:\/\/subs.nomadcoffee.es\/wp-content\/uploads\/2019\/01\/D.CO_.DCF_.jpg\",\"contentUrl\":\"https:\/\/subs.nomadcoffee.es\/wp-content\/uploads\/2019\/01\/D.CO_.DCF_.jpg\",\"width\":2000,\"height\":2000,\"caption\":\"Chambak\u00fa descafeinado\"},{\"@type\":\"BreadcrumbList\",\"@id\":\"https:\/\/subs.nomadcoffee.es\/ca\/producte\/chambaku-decaf\/#breadcrumb\",\"itemListElement\":[{\"@type\":\"ListItem\",\"position\":1,\"name\":\"Portada\",\"item\":\"https:\/\/subs.nomadcoffee.es\/ca\/\"},{\"@type\":\"ListItem\",\"position\":2,\"name\":\"Tienda\",\"item\":\"https:\/\/subs.nomadcoffee.es\/tienda\/\"},{\"@type\":\"ListItem\",\"position\":3,\"name\":\"Descafeinat &#8211; Chambak\u00fa\"}]},{\"@type\":\"WebSite\",\"@id\":\"https:\/\/subs.nomadcoffee.es\/ca\/#website\",\"url\":\"https:\/\/subs.nomadcoffee.es\/ca\/\",\"name\":\"Nomad Coffee\",\"description\":\"Caf\u00e9 de origen, tostado en Barcelona\",\"publisher\":{\"@id\":\"https:\/\/subs.nomadcoffee.es\/ca\/#organization\"},\"alternateName\":\"Nomad Coffee\",\"potentialAction\":[{\"@type\":\"SearchAction\",\"target\":{\"@type\":\"EntryPoint\",\"urlTemplate\":\"https:\/\/subs.nomadcoffee.es\/ca\/?s={search_term_string}\"},\"query-input\":\"required name=search_term_string\"}],\"inLanguage\":\"ca\"},{\"@type\":\"Organization\",\"@id\":\"https:\/\/subs.nomadcoffee.es\/ca\/#organization\",\"name\":\"Nomad Coffee\",\"alternateName\":\"Nomad Coffee\",\"url\":\"https:\/\/subs.nomadcoffee.es\/ca\/\",\"logo\":{\"@type\":\"ImageObject\",\"inLanguage\":\"ca\",\"@id\":\"https:\/\/subs.nomadcoffee.es\/ca\/#\/schema\/logo\/image\/\",\"url\":\"https:\/\/nomadcoffee.es\/wp-content\/uploads\/2023\/05\/logo-Nomad.jpg\",\"contentUrl\":\"https:\/\/nomadcoffee.es\/wp-content\/uploads\/2023\/05\/logo-Nomad.jpg\",\"width\":200,\"height\":200,\"caption\":\"Nomad Coffee\"},\"image\":{\"@id\":\"https:\/\/subs.nomadcoffee.es\/ca\/#\/schema\/logo\/image\/\"}}]}<\/script>\n<!-- \/ Yoast SEO plugin. -->","yoast_head_json":{"title":"Descafeinat - Chambak\u00fa - NOMAD","robots":{"index":"noindex","follow":"follow","max-snippet":"max-snippet:-1","max-image-preview":"max-image-preview:large","max-video-preview":"max-video-preview:-1"},"og_locale":"ca_ES","og_type":"article","og_title":"Descafeinat - Chambak\u00fa - NOMAD","og_description":"Finca Chambak\u00fa \u00e9s una de les finques amb les quals NOMAD treballa cada any. Juan Felipe Restrepo (Pipe per als [&hellip;]","og_url":"https:\/\/subs.nomadcoffee.es\/ca\/producte\/chambaku-decaf\/","og_site_name":"NOMAD","article_modified_time":"2023-02-23T15:18:03+00:00","og_image":[{"width":2000,"height":2000,"url":"https:\/\/subs.nomadcoffee.es\/wp-content\/uploads\/2019\/01\/D.CO_.DCF_.jpg","type":"image\/jpeg"}],"twitter_card":"summary_large_image","twitter_misc":{"Temps estimat de lectura":"1 minut"},"schema":{"@context":"https:\/\/schema.org","@graph":[{"@type":"WebPage","@id":"https:\/\/subs.nomadcoffee.es\/ca\/producte\/chambaku-decaf\/","url":"https:\/\/subs.nomadcoffee.es\/ca\/producte\/chambaku-decaf\/","name":"Descafeinat - Chambak\u00fa - NOMAD","isPartOf":{"@id":"https:\/\/subs.nomadcoffee.es\/ca\/#website"},"primaryImageOfPage":{"@id":"https:\/\/subs.nomadcoffee.es\/ca\/producte\/chambaku-decaf\/#primaryimage"},"image":{"@id":"https:\/\/subs.nomadcoffee.es\/ca\/producte\/chambaku-decaf\/#primaryimage"},"thumbnailUrl":"https:\/\/subs.nomadcoffee.es\/wp-content\/uploads\/2019\/01\/D.CO_.DCF_.jpg","datePublished":"2019-01-29T09:44:06+00:00","dateModified":"2023-02-23T15:18:03+00:00","breadcrumb":{"@id":"https:\/\/subs.nomadcoffee.es\/ca\/producte\/chambaku-decaf\/#breadcrumb"},"inLanguage":"ca","potentialAction":[{"@type":"ReadAction","target":["https:\/\/subs.nomadcoffee.es\/ca\/producte\/chambaku-decaf\/"]}]},{"@type":"ImageObject","inLanguage":"ca","@id":"https:\/\/subs.nomadcoffee.es\/ca\/producte\/chambaku-decaf\/#primaryimage","url":"https:\/\/subs.nomadcoffee.es\/wp-content\/uploads\/2019\/01\/D.CO_.DCF_.jpg","contentUrl":"https:\/\/subs.nomadcoffee.es\/wp-content\/uploads\/2019\/01\/D.CO_.DCF_.jpg","width":2000,"height":2000,"caption":"Chambak\u00fa descafeinado"},{"@type":"BreadcrumbList","@id":"https:\/\/subs.nomadcoffee.es\/ca\/producte\/chambaku-decaf\/#breadcrumb","itemListElement":[{"@type":"ListItem","position":1,"name":"Portada","item":"https:\/\/subs.nomadcoffee.es\/ca\/"},{"@type":"ListItem","position":2,"name":"Tienda","item":"https:\/\/subs.nomadcoffee.es\/tienda\/"},{"@type":"ListItem","position":3,"name":"Descafeinat &#8211; Chambak\u00fa"}]},{"@type":"WebSite","@id":"https:\/\/subs.nomadcoffee.es\/ca\/#website","url":"https:\/\/subs.nomadcoffee.es\/ca\/","name":"Nomad Coffee","description":"Caf\u00e9 de origen, tostado en Barcelona","publisher":{"@id":"https:\/\/subs.nomadcoffee.es\/ca\/#organization"},"alternateName":"Nomad Coffee","potentialAction":[{"@type":"SearchAction","target":{"@type":"EntryPoint","urlTemplate":"https:\/\/subs.nomadcoffee.es\/ca\/?s={search_term_string}"},"query-input":"required name=search_term_string"}],"inLanguage":"ca"},{"@type":"Organization","@id":"https:\/\/subs.nomadcoffee.es\/ca\/#organization","name":"Nomad Coffee","alternateName":"Nomad Coffee","url":"https:\/\/subs.nomadcoffee.es\/ca\/","logo":{"@type":"ImageObject","inLanguage":"ca","@id":"https:\/\/subs.nomadcoffee.es\/ca\/#\/schema\/logo\/image\/","url":"https:\/\/nomadcoffee.es\/wp-content\/uploads\/2023\/05\/logo-Nomad.jpg","contentUrl":"https:\/\/nomadcoffee.es\/wp-content\/uploads\/2023\/05\/logo-Nomad.jpg","width":200,"height":200,"caption":"Nomad Coffee"},"image":{"@id":"https:\/\/subs.nomadcoffee.es\/ca\/#\/schema\/logo\/image\/"}}]}},"_links":{"self":[{"href":"https:\/\/subs.nomadcoffee.es\/ca\/wp-json\/wp\/v2\/product\/57860"}],"collection":[{"href":"https:\/\/subs.nomadcoffee.es\/ca\/wp-json\/wp\/v2\/product"}],"about":[{"href":"https:\/\/subs.nomadcoffee.es\/ca\/wp-json\/wp\/v2\/types\/product"}],"wp:featuredmedia":[{"embeddable":true,"href":"https:\/\/subs.nomadcoffee.es\/ca\/wp-json\/wp\/v2\/media\/66334"}],"wp:attachment":[{"href":"https:\/\/subs.nomadcoffee.es\/ca\/wp-json\/wp\/v2\/media?parent=57860"}],"wp:term":[{"taxonomy":"product_cat","embeddable":true,"href":"https:\/\/subs.nomadcoffee.es\/ca\/wp-json\/wp\/v2\/product_cat?post=57860"},{"taxonomy":"product_tag","embeddable":true,"href":"https:\/\/subs.nomadcoffee.es\/ca\/wp-json\/wp\/v2\/product_tag?post=57860"}],"curies":[{"name":"wp","href":"https:\/\/api.w.org\/{rel}","templated":true}]}}