{"id":58317,"date":"2021-06-29T13:11:36","date_gmt":"2021-06-29T11:11:36","guid":{"rendered":"https:\/\/nomadcoffee.es\/?post_type=product&#038;p=58317"},"modified":"2021-07-16T08:37:46","modified_gmt":"2021-07-16T06:37:46","slug":"flower-cultured","status":"publish","type":"product","link":"https:\/\/subs.nomadcoffee.es\/ca\/producte\/flower-cultured\/","title":{"rendered":"Flower Cultured"},"content":{"rendered":"<p>Aquiares t\u00e9 una caracter\u00edstica \u00fanica, i \u00e9s que durant la collita poden oc\u00f3rrer floracions espor\u00e0diques a causa de les pluges influenciades pel Carib. El seu equip ha detectat una oportunitat en aquest fenomen ja que estaven avaluant quins cultius microbians usar en fermentar les seves cireres de caf\u00e8. Hi ha llevats molt singulars que s&#8217;alimenten del n\u00e8ctar de les flors del caf\u00e8 durant el primer dia de floraci\u00f3. Aix\u00ed l&#8217;equip de Aquiares va recol\u00b7lectar flors recentment obertes completament colonitzades amb aquesta mena de llevat en particular.<\/p>\n<p>Van aplicar una t\u00e8cnica d&#8217;a\u00efllament per a collir llevats silvestres de les flors recol\u00b7lectades. D&#8217;aquesta forma creem un cultiu microbi\u00e0 a partir d&#8217;aquests llevats. En identificar aquest cultiu, trobem que un cep natiu de Metschnikowia Pulcherrima era molt abundant, aix\u00ed com col\u00f2nies m\u00e9s petites d&#8217;esp\u00e8cies de Hanseniaspora. El cultiu microbi\u00e0 es va deixar cr\u00e9ixer i desenvolupar-se.<\/p>\n<p>Despr\u00e9s van usar un 5% d&#8217;aquest cultiu per a inocular el caf\u00e8 despulpado dins d&#8217;uns tancs de fermentaci\u00f3 amb aigua. La fermentaci\u00f3 va durar 3 dies fins que el pH va descendir i es van consumir els sucres disponibles.<\/p>\n<p>Finalment, els grans es van assecar al sol lentament fins que es va mostrar el pergam\u00ed rosa daurat resultant i la humitat va aconseguir el 10,5%.<\/p>\n<p><iframe loading=\"lazy\" title=\"Competition series - Gesha &amp; Flower Cultured\" src=\"https:\/\/player.vimeo.com\/video\/575699771?dnt=1&amp;app_id=122963\" width=\"1778\" height=\"1000\" frameborder=\"0\" allow=\"autoplay; fullscreen; picture-in-picture; clipboard-write\"><\/iframe><script type=\"application\/json\" data-arve-oembed>{\"type\":\"video\",\"version\":\"1.0\",\"provider_name\":\"Vimeo\",\"provider_url\":\"https:\/\/vimeo.com\/\",\"title\":\"Competition series - Gesha & Flower Cultured\",\"author_name\":\"Nomad Coffee\",\"author_url\":\"https:\/\/vimeo.com\/nomadcoffeebarcelona\",\"is_plus\":\"1\",\"account_type\":\"plus\",\"width\":1778,\"height\":1000,\"duration\":253,\"description\":\"Hoy os traemos unos lotes muy especiales Gesha & Flower Cultured. Las maravillas de Volc\u00e1n Azul vuelven a Nomad.nnn\u26ab NUESTROS CAF\u00c9Sn\u00b7 NOMAD SHOP \ufffd\ufe0f  https:\/\/nomadcoffee.es\/producto-categoria\/coffee\/nnn\u2615 RECETASn\u00b7 FRENCH PRESS TUTORIAL \ufffd\ufe0f  https:\/\/youtu.be\/RasQ9jdv-Con\u00b7 SAGE PRECISION BREWER TUTORIAL \ufffd\ufe0f  https:\/\/youtu.be\/xjUlvhnA-r8n\u00b7 AEROPRESS TUTORIAL \ufffd\ufe0f  https:\/\/youtu.be\/XIqnCnAlCvgnnn\ufffd\ufe0f EQUIPAMIENTO NOMADn\u00b7 TARJETA REGALO NOMAD \ufffd\ufe0f https:\/\/nomadcoffee.es\/producto\/tarjeta-regalo-nomad-coffee\/n\u00b7 SAGE BARISTA PRO \ufffd\ufe0f https:\/\/nomadcoffee.es\/producto\/sage-barista-pro\/n\u00b7 SAGE PRECISION BREWER \ufffd\ufe0f  https:\/\/nomadcoffee.es\/producto\/sage-precision-brewer\/n\u00b7 NOMAD KEEP CUP \ufffd\ufe0f  https:\/\/nomadcoffee.es\/producto\/nomad-keep-cup\/nnnCONTACTOn\u27a1\ufe0f WEB \u00b7 WWW.NOMADCOFFEE.ESn\u27a1\ufe0f EMAIL \u00b7 https:\/\/nomadcoffee.es\/contacto\/nnnNOS PUEDES ENCONTRAR EN n\ufffdCOFFEE LAB Passatge Sert, 12 08003 Barcelonan\ufffdEVERY DAY Carrer Joaqu\u00edn Costa 26 08001 Barcelonan\ufffdFRUTAS SELECTAS Carrer de Pujades, 95 08005 BarcelonannnnS\u00cdGUENOS EN n\ufffd Instagram  \u27a1\ufe0f https:\/\/www.instagram.com\/nomadcoffee\/n\ufffd Facebook \u27a1\ufe0f https:\/\/www.facebook.com\/nomadcoffeeproductionsn\ufffd Youtube \u27a1\ufe0f https:\/\/www.youtube.com\/channel\/UC5jtTmWQGFV-ADKdZsmGBhw\",\"thumbnail_url\":\"https:\/\/i.vimeocdn.com\/video\/1190574647-0e37c3c9295f969552d67f679a7f55c9c70377ed8c3f0fd41318b8b7c4af8230-d_1280\",\"thumbnail_width\":1280,\"thumbnail_height\":720,\"thumbnail_url_with_play_button\":\"https:\/\/i.vimeocdn.com\/filter\/overlay?src0=https%3A%2F%2Fi.vimeocdn.com%2Fvideo%2F1190574647-0e37c3c9295f969552d67f679a7f55c9c70377ed8c3f0fd41318b8b7c4af8230-d_1280&src1=http%3A%2F%2Ff.vimeocdn.com%2Fp%2Fimages%2Fcrawler_play.png\",\"upload_date\":\"2021-07-16 02:13:32\",\"video_id\":575699771,\"uri\":\"\/videos\/575699771\",\"arve_iframe_src\":\"https:\/\/player.vimeo.com\/video\/575699771?dnt=1&app_id=122963\",\"arve_provider\":\"vimeo\",\"arve_cachetime\":\"2024-05-22T23:27:01+02:00\",\"arve_url\":\"https:\/\/vimeo.com\/575699771\",\"arve_thumbnail_small\":\"https:\/\/i.vimeocdn.com\/video\/1190574647-0e37c3c9295f969552d67f679a7f55c9c70377ed8c3f0fd41318b8b7c4af8230-d_320\",\"arve_thumbnail_large\":\"https:\/\/i.vimeocdn.com\/video\/1190574647-0e37c3c9295f969552d67f679a7f55c9c70377ed8c3f0fd41318b8b7c4af8230-d_1280\",\"arve_srcset\":\"https:\/\/i.vimeocdn.com\/video\/1190574647-0e37c3c9295f969552d67f679a7f55c9c70377ed8c3f0fd41318b8b7c4af8230-d_320 320w, https:\/\/i.vimeocdn.com\/video\/1190574647-0e37c3c9295f969552d67f679a7f55c9c70377ed8c3f0fd41318b8b7c4af8230-d_640 640w, https:\/\/i.vimeocdn.com\/video\/1190574647-0e37c3c9295f969552d67f679a7f55c9c70377ed8c3f0fd41318b8b7c4af8230-d_960 960w, https:\/\/i.vimeocdn.com\/video\/1190574647-0e37c3c9295f969552d67f679a7f55c9c70377ed8c3f0fd41318b8b7c4af8230-d_1280 1280w\"}<\/script><\/p>\n","protected":false},"excerpt":{"rendered":"<p>Aquiares t\u00e9 una caracter\u00edstica \u00fanica, i \u00e9s que durant la collita poden oc\u00f3rrer floracions espor\u00e0diques a causa de les pluges [&hellip;]<\/p>\n","protected":false},"featured_media":58741,"template":"","meta":[],"product_cat":[137,475,476],"product_tag":[893,870,890],"acf":[],"yoast_head":"<!-- This site is optimized with the Yoast SEO plugin v22.6 - https:\/\/yoast.com\/wordpress\/plugins\/seo\/ -->\n<title>Aquiares Flower Cultured - NOMAD COFFEE<\/title>\n<meta name=\"robots\" content=\"noindex, follow, max-snippet:-1, max-image-preview:large, max-video-preview:-1\" \/>\n<meta property=\"og:locale\" content=\"ca_ES\" \/>\n<meta property=\"og:type\" content=\"article\" \/>\n<meta property=\"og:title\" content=\"Aquiares Flower Cultured - NOMAD COFFEE\" \/>\n<meta property=\"og:description\" content=\"Aquiares t\u00e9 una caracter\u00edstica \u00fanica, i \u00e9s que durant la collita poden oc\u00f3rrer floracions espor\u00e0diques a causa de les pluges [&hellip;]\" \/>\n<meta property=\"og:url\" content=\"https:\/\/subs.nomadcoffee.es\/ca\/producte\/flower-cultured\/\" \/>\n<meta property=\"og:site_name\" content=\"NOMAD\" \/>\n<meta property=\"article:modified_time\" content=\"2021-07-16T06:37:46+00:00\" \/>\n<meta property=\"og:image\" content=\"https:\/\/subs.nomadcoffee.es\/wp-content\/uploads\/2021\/06\/CAFLOWER.jpg\" \/>\n\t<meta property=\"og:image:width\" content=\"2000\" \/>\n\t<meta property=\"og:image:height\" content=\"2000\" \/>\n\t<meta property=\"og:image:type\" content=\"image\/jpeg\" \/>\n<meta name=\"twitter:card\" content=\"summary_large_image\" \/>\n<meta name=\"twitter:label1\" content=\"Temps estimat de lectura\" \/>\n\t<meta name=\"twitter:data1\" content=\"1 minut\" \/>\n<script type=\"application\/ld+json\" class=\"yoast-schema-graph\">{\"@context\":\"https:\/\/schema.org\",\"@graph\":[{\"@type\":\"WebPage\",\"@id\":\"https:\/\/subs.nomadcoffee.es\/ca\/producte\/flower-cultured\/\",\"url\":\"https:\/\/subs.nomadcoffee.es\/ca\/producte\/flower-cultured\/\",\"name\":\"Aquiares Flower Cultured - NOMAD COFFEE\",\"isPartOf\":{\"@id\":\"https:\/\/subs.nomadcoffee.es\/ca\/#website\"},\"primaryImageOfPage\":{\"@id\":\"https:\/\/subs.nomadcoffee.es\/ca\/producte\/flower-cultured\/#primaryimage\"},\"image\":{\"@id\":\"https:\/\/subs.nomadcoffee.es\/ca\/producte\/flower-cultured\/#primaryimage\"},\"thumbnailUrl\":\"https:\/\/subs.nomadcoffee.es\/wp-content\/uploads\/2021\/06\/CAFLOWER.jpg\",\"datePublished\":\"2021-06-29T11:11:36+00:00\",\"dateModified\":\"2021-07-16T06:37:46+00:00\",\"breadcrumb\":{\"@id\":\"https:\/\/subs.nomadcoffee.es\/ca\/producte\/flower-cultured\/#breadcrumb\"},\"inLanguage\":\"ca\",\"potentialAction\":[{\"@type\":\"ReadAction\",\"target\":[\"https:\/\/subs.nomadcoffee.es\/ca\/producte\/flower-cultured\/\"]}]},{\"@type\":\"ImageObject\",\"inLanguage\":\"ca\",\"@id\":\"https:\/\/subs.nomadcoffee.es\/ca\/producte\/flower-cultured\/#primaryimage\",\"url\":\"https:\/\/subs.nomadcoffee.es\/wp-content\/uploads\/2021\/06\/CAFLOWER.jpg\",\"contentUrl\":\"https:\/\/subs.nomadcoffee.es\/wp-content\/uploads\/2021\/06\/CAFLOWER.jpg\",\"width\":2000,\"height\":2000},{\"@type\":\"BreadcrumbList\",\"@id\":\"https:\/\/subs.nomadcoffee.es\/ca\/producte\/flower-cultured\/#breadcrumb\",\"itemListElement\":[{\"@type\":\"ListItem\",\"position\":1,\"name\":\"Portada\",\"item\":\"https:\/\/subs.nomadcoffee.es\/ca\/\"},{\"@type\":\"ListItem\",\"position\":2,\"name\":\"Tienda\",\"item\":\"https:\/\/subs.nomadcoffee.es\/tienda\/\"},{\"@type\":\"ListItem\",\"position\":3,\"name\":\"Flower Cultured\"}]},{\"@type\":\"WebSite\",\"@id\":\"https:\/\/subs.nomadcoffee.es\/ca\/#website\",\"url\":\"https:\/\/subs.nomadcoffee.es\/ca\/\",\"name\":\"Nomad Coffee\",\"description\":\"Caf\u00e9 de origen, tostado en Barcelona\",\"publisher\":{\"@id\":\"https:\/\/subs.nomadcoffee.es\/ca\/#organization\"},\"alternateName\":\"Nomad Coffee\",\"potentialAction\":[{\"@type\":\"SearchAction\",\"target\":{\"@type\":\"EntryPoint\",\"urlTemplate\":\"https:\/\/subs.nomadcoffee.es\/ca\/?s={search_term_string}\"},\"query-input\":\"required name=search_term_string\"}],\"inLanguage\":\"ca\"},{\"@type\":\"Organization\",\"@id\":\"https:\/\/subs.nomadcoffee.es\/ca\/#organization\",\"name\":\"Nomad Coffee\",\"alternateName\":\"Nomad Coffee\",\"url\":\"https:\/\/subs.nomadcoffee.es\/ca\/\",\"logo\":{\"@type\":\"ImageObject\",\"inLanguage\":\"ca\",\"@id\":\"https:\/\/subs.nomadcoffee.es\/ca\/#\/schema\/logo\/image\/\",\"url\":\"https:\/\/nomadcoffee.es\/wp-content\/uploads\/2023\/05\/logo-Nomad.jpg\",\"contentUrl\":\"https:\/\/nomadcoffee.es\/wp-content\/uploads\/2023\/05\/logo-Nomad.jpg\",\"width\":200,\"height\":200,\"caption\":\"Nomad Coffee\"},\"image\":{\"@id\":\"https:\/\/subs.nomadcoffee.es\/ca\/#\/schema\/logo\/image\/\"}}]}<\/script>\n<!-- \/ Yoast SEO plugin. -->","yoast_head_json":{"title":"Aquiares Flower Cultured - NOMAD COFFEE","robots":{"index":"noindex","follow":"follow","max-snippet":"max-snippet:-1","max-image-preview":"max-image-preview:large","max-video-preview":"max-video-preview:-1"},"og_locale":"ca_ES","og_type":"article","og_title":"Aquiares Flower Cultured - NOMAD COFFEE","og_description":"Aquiares t\u00e9 una caracter\u00edstica \u00fanica, i \u00e9s que durant la collita poden oc\u00f3rrer floracions espor\u00e0diques a causa de les pluges [&hellip;]","og_url":"https:\/\/subs.nomadcoffee.es\/ca\/producte\/flower-cultured\/","og_site_name":"NOMAD","article_modified_time":"2021-07-16T06:37:46+00:00","og_image":[{"width":2000,"height":2000,"url":"https:\/\/subs.nomadcoffee.es\/wp-content\/uploads\/2021\/06\/CAFLOWER.jpg","type":"image\/jpeg"}],"twitter_card":"summary_large_image","twitter_misc":{"Temps estimat de lectura":"1 minut"},"schema":{"@context":"https:\/\/schema.org","@graph":[{"@type":"WebPage","@id":"https:\/\/subs.nomadcoffee.es\/ca\/producte\/flower-cultured\/","url":"https:\/\/subs.nomadcoffee.es\/ca\/producte\/flower-cultured\/","name":"Aquiares Flower Cultured - NOMAD COFFEE","isPartOf":{"@id":"https:\/\/subs.nomadcoffee.es\/ca\/#website"},"primaryImageOfPage":{"@id":"https:\/\/subs.nomadcoffee.es\/ca\/producte\/flower-cultured\/#primaryimage"},"image":{"@id":"https:\/\/subs.nomadcoffee.es\/ca\/producte\/flower-cultured\/#primaryimage"},"thumbnailUrl":"https:\/\/subs.nomadcoffee.es\/wp-content\/uploads\/2021\/06\/CAFLOWER.jpg","datePublished":"2021-06-29T11:11:36+00:00","dateModified":"2021-07-16T06:37:46+00:00","breadcrumb":{"@id":"https:\/\/subs.nomadcoffee.es\/ca\/producte\/flower-cultured\/#breadcrumb"},"inLanguage":"ca","potentialAction":[{"@type":"ReadAction","target":["https:\/\/subs.nomadcoffee.es\/ca\/producte\/flower-cultured\/"]}]},{"@type":"ImageObject","inLanguage":"ca","@id":"https:\/\/subs.nomadcoffee.es\/ca\/producte\/flower-cultured\/#primaryimage","url":"https:\/\/subs.nomadcoffee.es\/wp-content\/uploads\/2021\/06\/CAFLOWER.jpg","contentUrl":"https:\/\/subs.nomadcoffee.es\/wp-content\/uploads\/2021\/06\/CAFLOWER.jpg","width":2000,"height":2000},{"@type":"BreadcrumbList","@id":"https:\/\/subs.nomadcoffee.es\/ca\/producte\/flower-cultured\/#breadcrumb","itemListElement":[{"@type":"ListItem","position":1,"name":"Portada","item":"https:\/\/subs.nomadcoffee.es\/ca\/"},{"@type":"ListItem","position":2,"name":"Tienda","item":"https:\/\/subs.nomadcoffee.es\/tienda\/"},{"@type":"ListItem","position":3,"name":"Flower Cultured"}]},{"@type":"WebSite","@id":"https:\/\/subs.nomadcoffee.es\/ca\/#website","url":"https:\/\/subs.nomadcoffee.es\/ca\/","name":"Nomad Coffee","description":"Caf\u00e9 de origen, tostado en Barcelona","publisher":{"@id":"https:\/\/subs.nomadcoffee.es\/ca\/#organization"},"alternateName":"Nomad Coffee","potentialAction":[{"@type":"SearchAction","target":{"@type":"EntryPoint","urlTemplate":"https:\/\/subs.nomadcoffee.es\/ca\/?s={search_term_string}"},"query-input":"required name=search_term_string"}],"inLanguage":"ca"},{"@type":"Organization","@id":"https:\/\/subs.nomadcoffee.es\/ca\/#organization","name":"Nomad Coffee","alternateName":"Nomad Coffee","url":"https:\/\/subs.nomadcoffee.es\/ca\/","logo":{"@type":"ImageObject","inLanguage":"ca","@id":"https:\/\/subs.nomadcoffee.es\/ca\/#\/schema\/logo\/image\/","url":"https:\/\/nomadcoffee.es\/wp-content\/uploads\/2023\/05\/logo-Nomad.jpg","contentUrl":"https:\/\/nomadcoffee.es\/wp-content\/uploads\/2023\/05\/logo-Nomad.jpg","width":200,"height":200,"caption":"Nomad Coffee"},"image":{"@id":"https:\/\/subs.nomadcoffee.es\/ca\/#\/schema\/logo\/image\/"}}]}},"_links":{"self":[{"href":"https:\/\/subs.nomadcoffee.es\/ca\/wp-json\/wp\/v2\/product\/58317"}],"collection":[{"href":"https:\/\/subs.nomadcoffee.es\/ca\/wp-json\/wp\/v2\/product"}],"about":[{"href":"https:\/\/subs.nomadcoffee.es\/ca\/wp-json\/wp\/v2\/types\/product"}],"wp:featuredmedia":[{"embeddable":true,"href":"https:\/\/subs.nomadcoffee.es\/ca\/wp-json\/wp\/v2\/media\/58741"}],"wp:attachment":[{"href":"https:\/\/subs.nomadcoffee.es\/ca\/wp-json\/wp\/v2\/media?parent=58317"}],"wp:term":[{"taxonomy":"product_cat","embeddable":true,"href":"https:\/\/subs.nomadcoffee.es\/ca\/wp-json\/wp\/v2\/product_cat?post=58317"},{"taxonomy":"product_tag","embeddable":true,"href":"https:\/\/subs.nomadcoffee.es\/ca\/wp-json\/wp\/v2\/product_tag?post=58317"}],"curies":[{"name":"wp","href":"https:\/\/api.w.org\/{rel}","templated":true}]}}