{"id":60458,"date":"2021-09-01T16:26:45","date_gmt":"2021-09-01T14:26:45","guid":{"rendered":"https:\/\/nomadcoffee.es\/?post_type=product&#038;p=60458"},"modified":"2021-09-15T12:26:01","modified_gmt":"2021-09-15T10:26:01","slug":"montes-tatama-sidra","status":"publish","type":"product","link":"https:\/\/subs.nomadcoffee.es\/ca\/producte\/montes-tatama-sidra\/","title":{"rendered":"Montes Tatama &#8211; Sidra"},"content":{"rendered":"<p>La finca es troba a la regi\u00f3 anomenada Santuari, Risaralda, al costat del cim de Monte Tatam\u00e1, paraula que significa l&#8217;avi dels rius. Fa tres anys que vam estar de visita i la veritat \u00e9s que aquesta finca \u00e9s un veritable parad\u00eds ja que \u00e9s a prop a una reserva protegida de bosc de m\u00e9s de 60,000 hect\u00e0rees. L&#8217;arribada pot ser dif\u00edcil pels seus alts pendents i carreteres fracturades per\u00f2 realment val la pena visitar-la per a sentir l&#8217;energia que acompanya aquesta finca a les seves m\u00e9s de 2,000 metres d&#8217;altura. Santuari \u00e9s un bonic poble pegat a la serralada occidental de Col\u00f2mbia i a 1 hora de Pereira.<\/p>\n<p>A aquest lot se li realitza una fermentaci\u00f3 en caneca sense aire per 48 hores a baixa temperatura abans de ser despulpat. Posteriorment es despolpa, es renta i s&#8217;asseca al sol a assecadors parab\u00f2lics<\/p>\n<p>&nbsp;<\/p>\n<p><iframe loading=\"lazy\" title=\"Competition Series - Sidra Montes del Tatam\u00e1\" src=\"https:\/\/player.vimeo.com\/video\/605524622?dnt=1&amp;app_id=122963\" width=\"1778\" height=\"1000\" frameborder=\"0\" allow=\"autoplay; fullscreen; picture-in-picture; clipboard-write\"><\/iframe><script type=\"application\/json\" data-arve-oembed>{\"type\":\"video\",\"version\":\"1.0\",\"provider_name\":\"Vimeo\",\"provider_url\":\"https:\/\/vimeo.com\/\",\"title\":\"Competition Series - Sidra Montes del Tatam\u00e1\",\"author_name\":\"Nomad Coffee\",\"author_url\":\"https:\/\/vimeo.com\/nomadcoffeebarcelona\",\"is_plus\":\"1\",\"account_type\":\"plus\",\"width\":1778,\"height\":1000,\"duration\":195,\"description\":\"La variedad Sidra es una de las variedades m\u00e1s complejas que existen. Este caf\u00e9 tiene una gran intensidad arom\u00e1tica y de sabor. Fragancia a naranjilla y lima-lim\u00f3n. En aroma podemos encontrar notas a bizcocho de lim\u00f3n y lemongrass. Una acidez c\u00edtrica y brillante con un cuerpo jugoso nos acompa\u00f1an en boca.nnn\u26ab NUESTROS CAF\u00c9Sn\u00b7 NOMAD SHOP \ufffd\ufe0f  https:\/\/nomadcoffee.es\/producto-categoria\/coffee\/nnn\u2615 RECETASn\u00b7 FRENCH PRESS TUTORIAL \ufffd\ufe0f  https:\/\/youtu.be\/RasQ9jdv-Con\u00b7 SAGE PRECISION BREWER TUTORIAL \ufffd\ufe0f  https:\/\/youtu.be\/xjUlvhnA-r8n\u00b7 AEROPRESS TUTORIAL \ufffd\ufe0f  https:\/\/youtu.be\/XIqnCnAlCvgnnn\ufffd\ufe0f EQUIPAMIENTO NOMADn\u00b7 TARJETA REGALO NOMAD \ufffd\ufe0f https:\/\/nomadcoffee.es\/producto\/tarjeta-regalo-nomad-coffee\/n\u00b7 SAGE BARISTA PRO \ufffd\ufe0f https:\/\/nomadcoffee.es\/producto\/sage-barista-pro\/n\u00b7 SAGE PRECISION BREWER \ufffd\ufe0f  https:\/\/nomadcoffee.es\/producto\/sage-precision-brewer\/n\u00b7 NOMAD KEEP CUP \ufffd\ufe0f  https:\/\/nomadcoffee.es\/producto\/nomad-keep-cup\/nnnCONTACTOn\u27a1\ufe0f WEB \u00b7 WWW.NOMADCOFFEE.ESn\u27a1\ufe0f EMAIL \u00b7 https:\/\/nomadcoffee.es\/contacto\/nnnNOS PUEDES ENCONTRAR EN n\ufffdCOFFEE LAB Passatge Sert, 12 08003 Barcelonan\ufffdEVERY DAY Carrer Joaqu\u00edn Costa 26 08001 Barcelonan\ufffdFRUTAS SELECTAS Carrer de Pujades, 95 08005 BarcelonannnnS\u00cdGUENOS EN n\ufffd Instagram  \u27a1\ufe0f https:\/\/www.instagram.com\/nomadcoffee\/n\ufffd Facebook \u27a1\ufe0f https:\/\/www.facebook.com\/nomadcoffeeproductionsn\ufffd Youtube \u27a1\ufe0f https:\/\/www.youtube.com\/channel\/UC5jtTmWQGFV-ADKdZsmGBhw\",\"thumbnail_url\":\"https:\/\/i.vimeocdn.com\/video\/1242052233-1a3f21761535cbba7a4303c209acd75b185c1ca16468aaef04ba18dd45471ea4-d_1280\",\"thumbnail_width\":1280,\"thumbnail_height\":720,\"thumbnail_url_with_play_button\":\"https:\/\/i.vimeocdn.com\/filter\/overlay?src0=https%3A%2F%2Fi.vimeocdn.com%2Fvideo%2F1242052233-1a3f21761535cbba7a4303c209acd75b185c1ca16468aaef04ba18dd45471ea4-d_1280&src1=http%3A%2F%2Ff.vimeocdn.com%2Fp%2Fimages%2Fcrawler_play.png\",\"upload_date\":\"2021-09-15 06:12:31\",\"video_id\":605524622,\"uri\":\"\/videos\/605524622\",\"arve_iframe_src\":\"https:\/\/player.vimeo.com\/video\/605524622?dnt=1&app_id=122963\",\"arve_provider\":\"vimeo\",\"arve_cachetime\":\"2024-05-22T22:23:48+02:00\",\"arve_url\":\"https:\/\/vimeo.com\/605524622\",\"arve_thumbnail_small\":\"https:\/\/i.vimeocdn.com\/video\/1242052233-1a3f21761535cbba7a4303c209acd75b185c1ca16468aaef04ba18dd45471ea4-d_320\",\"arve_thumbnail_large\":\"https:\/\/i.vimeocdn.com\/video\/1242052233-1a3f21761535cbba7a4303c209acd75b185c1ca16468aaef04ba18dd45471ea4-d_1280\",\"arve_srcset\":\"https:\/\/i.vimeocdn.com\/video\/1242052233-1a3f21761535cbba7a4303c209acd75b185c1ca16468aaef04ba18dd45471ea4-d_320 320w, https:\/\/i.vimeocdn.com\/video\/1242052233-1a3f21761535cbba7a4303c209acd75b185c1ca16468aaef04ba18dd45471ea4-d_640 640w, https:\/\/i.vimeocdn.com\/video\/1242052233-1a3f21761535cbba7a4303c209acd75b185c1ca16468aaef04ba18dd45471ea4-d_960 960w, https:\/\/i.vimeocdn.com\/video\/1242052233-1a3f21761535cbba7a4303c209acd75b185c1ca16468aaef04ba18dd45471ea4-d_1280 1280w\"}<\/script><\/p>\n","protected":false},"excerpt":{"rendered":"<p>La finca es troba a la regi\u00f3 anomenada Santuari, Risaralda, al costat del cim de Monte Tatam\u00e1, paraula que significa [&hellip;]<\/p>\n","protected":false},"featured_media":60429,"template":"","meta":[],"product_cat":[137,475,476],"product_tag":[588,609],"acf":[],"yoast_head":"<!-- This site is optimized with the Yoast SEO plugin v22.6 - https:\/\/yoast.com\/wordpress\/plugins\/seo\/ -->\n<title>Montes Tatama - Sidra - NOMAD<\/title>\n<meta name=\"robots\" content=\"noindex, follow, max-snippet:-1, max-image-preview:large, max-video-preview:-1\" \/>\n<meta property=\"og:locale\" content=\"ca_ES\" \/>\n<meta property=\"og:type\" content=\"article\" \/>\n<meta property=\"og:title\" content=\"Montes Tatama - Sidra - NOMAD\" \/>\n<meta property=\"og:description\" content=\"La finca es troba a la regi\u00f3 anomenada Santuari, Risaralda, al costat del cim de Monte Tatam\u00e1, paraula que significa [&hellip;]\" \/>\n<meta property=\"og:url\" content=\"https:\/\/subs.nomadcoffee.es\/ca\/producte\/montes-tatama-sidra\/\" \/>\n<meta property=\"og:site_name\" content=\"NOMAD\" \/>\n<meta property=\"article:modified_time\" content=\"2021-09-15T10:26:01+00:00\" \/>\n<meta property=\"og:image\" content=\"https:\/\/subs.nomadcoffee.es\/wp-content\/uploads\/2021\/08\/COMPETI-TATAMA-SIDRA-1.jpg\" \/>\n\t<meta property=\"og:image:width\" content=\"2000\" \/>\n\t<meta property=\"og:image:height\" content=\"2000\" \/>\n\t<meta property=\"og:image:type\" content=\"image\/jpeg\" \/>\n<meta name=\"twitter:card\" content=\"summary_large_image\" \/>\n<meta name=\"twitter:label1\" content=\"Temps estimat de lectura\" \/>\n\t<meta name=\"twitter:data1\" content=\"1 minut\" \/>\n<script type=\"application\/ld+json\" class=\"yoast-schema-graph\">{\"@context\":\"https:\/\/schema.org\",\"@graph\":[{\"@type\":\"WebPage\",\"@id\":\"https:\/\/subs.nomadcoffee.es\/ca\/producte\/montes-tatama-sidra\/\",\"url\":\"https:\/\/subs.nomadcoffee.es\/ca\/producte\/montes-tatama-sidra\/\",\"name\":\"Montes Tatama - Sidra - NOMAD\",\"isPartOf\":{\"@id\":\"https:\/\/subs.nomadcoffee.es\/ca\/#website\"},\"primaryImageOfPage\":{\"@id\":\"https:\/\/subs.nomadcoffee.es\/ca\/producte\/montes-tatama-sidra\/#primaryimage\"},\"image\":{\"@id\":\"https:\/\/subs.nomadcoffee.es\/ca\/producte\/montes-tatama-sidra\/#primaryimage\"},\"thumbnailUrl\":\"https:\/\/subs.nomadcoffee.es\/wp-content\/uploads\/2021\/08\/COMPETI-TATAMA-SIDRA-1.jpg\",\"datePublished\":\"2021-09-01T14:26:45+00:00\",\"dateModified\":\"2021-09-15T10:26:01+00:00\",\"breadcrumb\":{\"@id\":\"https:\/\/subs.nomadcoffee.es\/ca\/producte\/montes-tatama-sidra\/#breadcrumb\"},\"inLanguage\":\"ca\",\"potentialAction\":[{\"@type\":\"ReadAction\",\"target\":[\"https:\/\/subs.nomadcoffee.es\/ca\/producte\/montes-tatama-sidra\/\"]}]},{\"@type\":\"ImageObject\",\"inLanguage\":\"ca\",\"@id\":\"https:\/\/subs.nomadcoffee.es\/ca\/producte\/montes-tatama-sidra\/#primaryimage\",\"url\":\"https:\/\/subs.nomadcoffee.es\/wp-content\/uploads\/2021\/08\/COMPETI-TATAMA-SIDRA-1.jpg\",\"contentUrl\":\"https:\/\/subs.nomadcoffee.es\/wp-content\/uploads\/2021\/08\/COMPETI-TATAMA-SIDRA-1.jpg\",\"width\":2000,\"height\":2000},{\"@type\":\"BreadcrumbList\",\"@id\":\"https:\/\/subs.nomadcoffee.es\/ca\/producte\/montes-tatama-sidra\/#breadcrumb\",\"itemListElement\":[{\"@type\":\"ListItem\",\"position\":1,\"name\":\"Portada\",\"item\":\"https:\/\/subs.nomadcoffee.es\/ca\/\"},{\"@type\":\"ListItem\",\"position\":2,\"name\":\"Tienda\",\"item\":\"https:\/\/subs.nomadcoffee.es\/tienda\/\"},{\"@type\":\"ListItem\",\"position\":3,\"name\":\"Montes Tatama &#8211; Sidra\"}]},{\"@type\":\"WebSite\",\"@id\":\"https:\/\/subs.nomadcoffee.es\/ca\/#website\",\"url\":\"https:\/\/subs.nomadcoffee.es\/ca\/\",\"name\":\"Nomad Coffee\",\"description\":\"Caf\u00e9 de origen, tostado en Barcelona\",\"publisher\":{\"@id\":\"https:\/\/subs.nomadcoffee.es\/ca\/#organization\"},\"alternateName\":\"Nomad Coffee\",\"potentialAction\":[{\"@type\":\"SearchAction\",\"target\":{\"@type\":\"EntryPoint\",\"urlTemplate\":\"https:\/\/subs.nomadcoffee.es\/ca\/?s={search_term_string}\"},\"query-input\":\"required name=search_term_string\"}],\"inLanguage\":\"ca\"},{\"@type\":\"Organization\",\"@id\":\"https:\/\/subs.nomadcoffee.es\/ca\/#organization\",\"name\":\"Nomad Coffee\",\"alternateName\":\"Nomad Coffee\",\"url\":\"https:\/\/subs.nomadcoffee.es\/ca\/\",\"logo\":{\"@type\":\"ImageObject\",\"inLanguage\":\"ca\",\"@id\":\"https:\/\/subs.nomadcoffee.es\/ca\/#\/schema\/logo\/image\/\",\"url\":\"https:\/\/nomadcoffee.es\/wp-content\/uploads\/2023\/05\/logo-Nomad.jpg\",\"contentUrl\":\"https:\/\/nomadcoffee.es\/wp-content\/uploads\/2023\/05\/logo-Nomad.jpg\",\"width\":200,\"height\":200,\"caption\":\"Nomad Coffee\"},\"image\":{\"@id\":\"https:\/\/subs.nomadcoffee.es\/ca\/#\/schema\/logo\/image\/\"}}]}<\/script>\n<!-- \/ Yoast SEO plugin. -->","yoast_head_json":{"title":"Montes Tatama - Sidra - NOMAD","robots":{"index":"noindex","follow":"follow","max-snippet":"max-snippet:-1","max-image-preview":"max-image-preview:large","max-video-preview":"max-video-preview:-1"},"og_locale":"ca_ES","og_type":"article","og_title":"Montes Tatama - Sidra - NOMAD","og_description":"La finca es troba a la regi\u00f3 anomenada Santuari, Risaralda, al costat del cim de Monte Tatam\u00e1, paraula que significa [&hellip;]","og_url":"https:\/\/subs.nomadcoffee.es\/ca\/producte\/montes-tatama-sidra\/","og_site_name":"NOMAD","article_modified_time":"2021-09-15T10:26:01+00:00","og_image":[{"width":2000,"height":2000,"url":"https:\/\/subs.nomadcoffee.es\/wp-content\/uploads\/2021\/08\/COMPETI-TATAMA-SIDRA-1.jpg","type":"image\/jpeg"}],"twitter_card":"summary_large_image","twitter_misc":{"Temps estimat de lectura":"1 minut"},"schema":{"@context":"https:\/\/schema.org","@graph":[{"@type":"WebPage","@id":"https:\/\/subs.nomadcoffee.es\/ca\/producte\/montes-tatama-sidra\/","url":"https:\/\/subs.nomadcoffee.es\/ca\/producte\/montes-tatama-sidra\/","name":"Montes Tatama - Sidra - NOMAD","isPartOf":{"@id":"https:\/\/subs.nomadcoffee.es\/ca\/#website"},"primaryImageOfPage":{"@id":"https:\/\/subs.nomadcoffee.es\/ca\/producte\/montes-tatama-sidra\/#primaryimage"},"image":{"@id":"https:\/\/subs.nomadcoffee.es\/ca\/producte\/montes-tatama-sidra\/#primaryimage"},"thumbnailUrl":"https:\/\/subs.nomadcoffee.es\/wp-content\/uploads\/2021\/08\/COMPETI-TATAMA-SIDRA-1.jpg","datePublished":"2021-09-01T14:26:45+00:00","dateModified":"2021-09-15T10:26:01+00:00","breadcrumb":{"@id":"https:\/\/subs.nomadcoffee.es\/ca\/producte\/montes-tatama-sidra\/#breadcrumb"},"inLanguage":"ca","potentialAction":[{"@type":"ReadAction","target":["https:\/\/subs.nomadcoffee.es\/ca\/producte\/montes-tatama-sidra\/"]}]},{"@type":"ImageObject","inLanguage":"ca","@id":"https:\/\/subs.nomadcoffee.es\/ca\/producte\/montes-tatama-sidra\/#primaryimage","url":"https:\/\/subs.nomadcoffee.es\/wp-content\/uploads\/2021\/08\/COMPETI-TATAMA-SIDRA-1.jpg","contentUrl":"https:\/\/subs.nomadcoffee.es\/wp-content\/uploads\/2021\/08\/COMPETI-TATAMA-SIDRA-1.jpg","width":2000,"height":2000},{"@type":"BreadcrumbList","@id":"https:\/\/subs.nomadcoffee.es\/ca\/producte\/montes-tatama-sidra\/#breadcrumb","itemListElement":[{"@type":"ListItem","position":1,"name":"Portada","item":"https:\/\/subs.nomadcoffee.es\/ca\/"},{"@type":"ListItem","position":2,"name":"Tienda","item":"https:\/\/subs.nomadcoffee.es\/tienda\/"},{"@type":"ListItem","position":3,"name":"Montes Tatama &#8211; Sidra"}]},{"@type":"WebSite","@id":"https:\/\/subs.nomadcoffee.es\/ca\/#website","url":"https:\/\/subs.nomadcoffee.es\/ca\/","name":"Nomad Coffee","description":"Caf\u00e9 de origen, tostado en Barcelona","publisher":{"@id":"https:\/\/subs.nomadcoffee.es\/ca\/#organization"},"alternateName":"Nomad Coffee","potentialAction":[{"@type":"SearchAction","target":{"@type":"EntryPoint","urlTemplate":"https:\/\/subs.nomadcoffee.es\/ca\/?s={search_term_string}"},"query-input":"required name=search_term_string"}],"inLanguage":"ca"},{"@type":"Organization","@id":"https:\/\/subs.nomadcoffee.es\/ca\/#organization","name":"Nomad Coffee","alternateName":"Nomad Coffee","url":"https:\/\/subs.nomadcoffee.es\/ca\/","logo":{"@type":"ImageObject","inLanguage":"ca","@id":"https:\/\/subs.nomadcoffee.es\/ca\/#\/schema\/logo\/image\/","url":"https:\/\/nomadcoffee.es\/wp-content\/uploads\/2023\/05\/logo-Nomad.jpg","contentUrl":"https:\/\/nomadcoffee.es\/wp-content\/uploads\/2023\/05\/logo-Nomad.jpg","width":200,"height":200,"caption":"Nomad Coffee"},"image":{"@id":"https:\/\/subs.nomadcoffee.es\/ca\/#\/schema\/logo\/image\/"}}]}},"_links":{"self":[{"href":"https:\/\/subs.nomadcoffee.es\/ca\/wp-json\/wp\/v2\/product\/60458"}],"collection":[{"href":"https:\/\/subs.nomadcoffee.es\/ca\/wp-json\/wp\/v2\/product"}],"about":[{"href":"https:\/\/subs.nomadcoffee.es\/ca\/wp-json\/wp\/v2\/types\/product"}],"wp:featuredmedia":[{"embeddable":true,"href":"https:\/\/subs.nomadcoffee.es\/ca\/wp-json\/wp\/v2\/media\/60429"}],"wp:attachment":[{"href":"https:\/\/subs.nomadcoffee.es\/ca\/wp-json\/wp\/v2\/media?parent=60458"}],"wp:term":[{"taxonomy":"product_cat","embeddable":true,"href":"https:\/\/subs.nomadcoffee.es\/ca\/wp-json\/wp\/v2\/product_cat?post=60458"},{"taxonomy":"product_tag","embeddable":true,"href":"https:\/\/subs.nomadcoffee.es\/ca\/wp-json\/wp\/v2\/product_tag?post=60458"}],"curies":[{"name":"wp","href":"https:\/\/api.w.org\/{rel}","templated":true}]}}