{"id":60912,"date":"2021-09-16T10:23:37","date_gmt":"2021-09-16T08:23:37","guid":{"rendered":"https:\/\/nomadcoffee.es\/?post_type=product&#038;p=60912"},"modified":"2021-09-16T10:32:43","modified_gmt":"2021-09-16T08:32:43","slug":"entre-rios-anerobic-natural","status":"publish","type":"product","link":"https:\/\/subs.nomadcoffee.es\/ca\/producte\/entre-rios-anerobic-natural\/","title":{"rendered":"Entre R\u00edos Aner\u00f3bico Natural"},"content":{"rendered":"<p><span style=\"font-weight: 400;\">Com cada any us portem el caf\u00e8 de la finca Aquiares, del nostre amic Diego Robelo.\u00a0<\/span><\/p>\n<p><span style=\"font-weight: 400;\">\u00c9s el cinqu\u00e8 any consecutiu que treballem junts i el\u00a0 uart on fem tracte directe. Negociem el preu directament amb ell, el Diego fa d\u2019exportador, amb la qual cosa aquesta comisi\u00f3 es queda a la finca. A m\u00e9s, nosaltres fem d\u2019importador, contractant el contenidor directe de Costa Rica a Barcelona. En paraules de Diego: \u201cNomad \u00e9s l\u2019\u00fanic client amb el que tenim una relaci\u00f3 de tracte directe REAL\u201d. I estem orgullosos d\u2019aix\u00f2!<\/span><\/p>\n<p><span style=\"font-weight: 400;\">Les cireres, recol.lectades en el seu punt \u00f2ptim de maduraci\u00f3 s\u00f3n classificades per densitat utilitzant el m\u00e8tode de flotament. Les cireres m\u00e9s denses s\u2019enfonsen, i s\u00f3n precisament les utilitzades per a fer aquest lot. Un cop passada aquesta sel.lecci\u00f3 de cireres (sense despulpar), s\u00f3n col.locades dins d\u2019un barril d\u2019acer innoxidable on se\u2019ls hi afegeix mosto (aigua resultant de fermentacions anteriores, amb la qual s\u2019aconsegueix una major activitqt bacteriana i tasses m\u00e9s complexes). El barril \u00e9s sellat i es fermenta sense oxigen. Cada dia es controla la temperatura i el pH amb l\u2019objectiu d\u2019acabar aquest proc\u00e9s amb un 4.3 de pH. El proc\u00e9s acostuma a durar 48 hores. Desp\u00e9s el caf\u00e8 s\u2019asseca durant 10 dies al Sol.<\/span><\/p>\n","protected":false},"excerpt":{"rendered":"<p>Com cada any us portem el caf\u00e8 de la finca Aquiares, del nostre amic Diego Robelo.\u00a0 \u00c9s el cinqu\u00e8 any [&hellip;]<\/p>\n","protected":false},"featured_media":60895,"template":"","meta":[],"product_cat":[137,476],"product_tag":[595,925,696],"acf":[],"yoast_head":"<!-- This site is optimized with the Yoast SEO plugin v22.6 - https:\/\/yoast.com\/wordpress\/plugins\/seo\/ -->\n<title>Entre R\u00edos Aner\u00f3bico Natural - NOMAD<\/title>\n<meta name=\"robots\" content=\"noindex, follow, max-snippet:-1, max-image-preview:large, max-video-preview:-1\" \/>\n<meta property=\"og:locale\" content=\"ca_ES\" \/>\n<meta property=\"og:type\" content=\"article\" \/>\n<meta property=\"og:title\" content=\"Entre R\u00edos Aner\u00f3bico Natural - NOMAD\" \/>\n<meta property=\"og:description\" content=\"Com cada any us portem el caf\u00e8 de la finca Aquiares, del nostre amic Diego Robelo.\u00a0 \u00c9s el cinqu\u00e8 any [&hellip;]\" \/>\n<meta property=\"og:url\" content=\"https:\/\/subs.nomadcoffee.es\/ca\/producte\/entre-rios-anerobic-natural\/\" \/>\n<meta property=\"og:site_name\" content=\"NOMAD\" \/>\n<meta property=\"article:modified_time\" content=\"2021-09-16T08:32:43+00:00\" \/>\n<meta property=\"og:image\" content=\"https:\/\/subs.nomadcoffee.es\/wp-content\/uploads\/2021\/09\/F.CR_.ERAN_.jpg\" \/>\n\t<meta property=\"og:image:width\" content=\"2000\" \/>\n\t<meta property=\"og:image:height\" content=\"2000\" \/>\n\t<meta property=\"og:image:type\" content=\"image\/jpeg\" \/>\n<meta name=\"twitter:card\" content=\"summary_large_image\" \/>\n<meta name=\"twitter:label1\" content=\"Temps estimat de lectura\" \/>\n\t<meta name=\"twitter:data1\" content=\"1 minut\" \/>\n<script type=\"application\/ld+json\" class=\"yoast-schema-graph\">{\"@context\":\"https:\/\/schema.org\",\"@graph\":[{\"@type\":\"WebPage\",\"@id\":\"https:\/\/subs.nomadcoffee.es\/ca\/producte\/entre-rios-anerobic-natural\/\",\"url\":\"https:\/\/subs.nomadcoffee.es\/ca\/producte\/entre-rios-anerobic-natural\/\",\"name\":\"Entre R\u00edos Aner\u00f3bico Natural - NOMAD\",\"isPartOf\":{\"@id\":\"https:\/\/subs.nomadcoffee.es\/ca\/#website\"},\"primaryImageOfPage\":{\"@id\":\"https:\/\/subs.nomadcoffee.es\/ca\/producte\/entre-rios-anerobic-natural\/#primaryimage\"},\"image\":{\"@id\":\"https:\/\/subs.nomadcoffee.es\/ca\/producte\/entre-rios-anerobic-natural\/#primaryimage\"},\"thumbnailUrl\":\"https:\/\/subs.nomadcoffee.es\/wp-content\/uploads\/2021\/09\/F.CR_.ERAN_.jpg\",\"datePublished\":\"2021-09-16T08:23:37+00:00\",\"dateModified\":\"2021-09-16T08:32:43+00:00\",\"breadcrumb\":{\"@id\":\"https:\/\/subs.nomadcoffee.es\/ca\/producte\/entre-rios-anerobic-natural\/#breadcrumb\"},\"inLanguage\":\"ca\",\"potentialAction\":[{\"@type\":\"ReadAction\",\"target\":[\"https:\/\/subs.nomadcoffee.es\/ca\/producte\/entre-rios-anerobic-natural\/\"]}]},{\"@type\":\"ImageObject\",\"inLanguage\":\"ca\",\"@id\":\"https:\/\/subs.nomadcoffee.es\/ca\/producte\/entre-rios-anerobic-natural\/#primaryimage\",\"url\":\"https:\/\/subs.nomadcoffee.es\/wp-content\/uploads\/2021\/09\/F.CR_.ERAN_.jpg\",\"contentUrl\":\"https:\/\/subs.nomadcoffee.es\/wp-content\/uploads\/2021\/09\/F.CR_.ERAN_.jpg\",\"width\":2000,\"height\":2000},{\"@type\":\"BreadcrumbList\",\"@id\":\"https:\/\/subs.nomadcoffee.es\/ca\/producte\/entre-rios-anerobic-natural\/#breadcrumb\",\"itemListElement\":[{\"@type\":\"ListItem\",\"position\":1,\"name\":\"Portada\",\"item\":\"https:\/\/subs.nomadcoffee.es\/ca\/\"},{\"@type\":\"ListItem\",\"position\":2,\"name\":\"Tienda\",\"item\":\"https:\/\/subs.nomadcoffee.es\/tienda\/\"},{\"@type\":\"ListItem\",\"position\":3,\"name\":\"Entre R\u00edos Aner\u00f3bico Natural\"}]},{\"@type\":\"WebSite\",\"@id\":\"https:\/\/subs.nomadcoffee.es\/ca\/#website\",\"url\":\"https:\/\/subs.nomadcoffee.es\/ca\/\",\"name\":\"Nomad Coffee\",\"description\":\"Caf\u00e9 de origen, tostado en Barcelona\",\"publisher\":{\"@id\":\"https:\/\/subs.nomadcoffee.es\/ca\/#organization\"},\"alternateName\":\"Nomad Coffee\",\"potentialAction\":[{\"@type\":\"SearchAction\",\"target\":{\"@type\":\"EntryPoint\",\"urlTemplate\":\"https:\/\/subs.nomadcoffee.es\/ca\/?s={search_term_string}\"},\"query-input\":\"required name=search_term_string\"}],\"inLanguage\":\"ca\"},{\"@type\":\"Organization\",\"@id\":\"https:\/\/subs.nomadcoffee.es\/ca\/#organization\",\"name\":\"Nomad Coffee\",\"alternateName\":\"Nomad Coffee\",\"url\":\"https:\/\/subs.nomadcoffee.es\/ca\/\",\"logo\":{\"@type\":\"ImageObject\",\"inLanguage\":\"ca\",\"@id\":\"https:\/\/subs.nomadcoffee.es\/ca\/#\/schema\/logo\/image\/\",\"url\":\"https:\/\/nomadcoffee.es\/wp-content\/uploads\/2023\/05\/logo-Nomad.jpg\",\"contentUrl\":\"https:\/\/nomadcoffee.es\/wp-content\/uploads\/2023\/05\/logo-Nomad.jpg\",\"width\":200,\"height\":200,\"caption\":\"Nomad Coffee\"},\"image\":{\"@id\":\"https:\/\/subs.nomadcoffee.es\/ca\/#\/schema\/logo\/image\/\"}}]}<\/script>\n<!-- \/ Yoast SEO plugin. -->","yoast_head_json":{"title":"Entre R\u00edos Aner\u00f3bico Natural - NOMAD","robots":{"index":"noindex","follow":"follow","max-snippet":"max-snippet:-1","max-image-preview":"max-image-preview:large","max-video-preview":"max-video-preview:-1"},"og_locale":"ca_ES","og_type":"article","og_title":"Entre R\u00edos Aner\u00f3bico Natural - NOMAD","og_description":"Com cada any us portem el caf\u00e8 de la finca Aquiares, del nostre amic Diego Robelo.\u00a0 \u00c9s el cinqu\u00e8 any [&hellip;]","og_url":"https:\/\/subs.nomadcoffee.es\/ca\/producte\/entre-rios-anerobic-natural\/","og_site_name":"NOMAD","article_modified_time":"2021-09-16T08:32:43+00:00","og_image":[{"width":2000,"height":2000,"url":"https:\/\/subs.nomadcoffee.es\/wp-content\/uploads\/2021\/09\/F.CR_.ERAN_.jpg","type":"image\/jpeg"}],"twitter_card":"summary_large_image","twitter_misc":{"Temps estimat de lectura":"1 minut"},"schema":{"@context":"https:\/\/schema.org","@graph":[{"@type":"WebPage","@id":"https:\/\/subs.nomadcoffee.es\/ca\/producte\/entre-rios-anerobic-natural\/","url":"https:\/\/subs.nomadcoffee.es\/ca\/producte\/entre-rios-anerobic-natural\/","name":"Entre R\u00edos Aner\u00f3bico Natural - NOMAD","isPartOf":{"@id":"https:\/\/subs.nomadcoffee.es\/ca\/#website"},"primaryImageOfPage":{"@id":"https:\/\/subs.nomadcoffee.es\/ca\/producte\/entre-rios-anerobic-natural\/#primaryimage"},"image":{"@id":"https:\/\/subs.nomadcoffee.es\/ca\/producte\/entre-rios-anerobic-natural\/#primaryimage"},"thumbnailUrl":"https:\/\/subs.nomadcoffee.es\/wp-content\/uploads\/2021\/09\/F.CR_.ERAN_.jpg","datePublished":"2021-09-16T08:23:37+00:00","dateModified":"2021-09-16T08:32:43+00:00","breadcrumb":{"@id":"https:\/\/subs.nomadcoffee.es\/ca\/producte\/entre-rios-anerobic-natural\/#breadcrumb"},"inLanguage":"ca","potentialAction":[{"@type":"ReadAction","target":["https:\/\/subs.nomadcoffee.es\/ca\/producte\/entre-rios-anerobic-natural\/"]}]},{"@type":"ImageObject","inLanguage":"ca","@id":"https:\/\/subs.nomadcoffee.es\/ca\/producte\/entre-rios-anerobic-natural\/#primaryimage","url":"https:\/\/subs.nomadcoffee.es\/wp-content\/uploads\/2021\/09\/F.CR_.ERAN_.jpg","contentUrl":"https:\/\/subs.nomadcoffee.es\/wp-content\/uploads\/2021\/09\/F.CR_.ERAN_.jpg","width":2000,"height":2000},{"@type":"BreadcrumbList","@id":"https:\/\/subs.nomadcoffee.es\/ca\/producte\/entre-rios-anerobic-natural\/#breadcrumb","itemListElement":[{"@type":"ListItem","position":1,"name":"Portada","item":"https:\/\/subs.nomadcoffee.es\/ca\/"},{"@type":"ListItem","position":2,"name":"Tienda","item":"https:\/\/subs.nomadcoffee.es\/tienda\/"},{"@type":"ListItem","position":3,"name":"Entre R\u00edos Aner\u00f3bico Natural"}]},{"@type":"WebSite","@id":"https:\/\/subs.nomadcoffee.es\/ca\/#website","url":"https:\/\/subs.nomadcoffee.es\/ca\/","name":"Nomad Coffee","description":"Caf\u00e9 de origen, tostado en Barcelona","publisher":{"@id":"https:\/\/subs.nomadcoffee.es\/ca\/#organization"},"alternateName":"Nomad Coffee","potentialAction":[{"@type":"SearchAction","target":{"@type":"EntryPoint","urlTemplate":"https:\/\/subs.nomadcoffee.es\/ca\/?s={search_term_string}"},"query-input":"required name=search_term_string"}],"inLanguage":"ca"},{"@type":"Organization","@id":"https:\/\/subs.nomadcoffee.es\/ca\/#organization","name":"Nomad Coffee","alternateName":"Nomad Coffee","url":"https:\/\/subs.nomadcoffee.es\/ca\/","logo":{"@type":"ImageObject","inLanguage":"ca","@id":"https:\/\/subs.nomadcoffee.es\/ca\/#\/schema\/logo\/image\/","url":"https:\/\/nomadcoffee.es\/wp-content\/uploads\/2023\/05\/logo-Nomad.jpg","contentUrl":"https:\/\/nomadcoffee.es\/wp-content\/uploads\/2023\/05\/logo-Nomad.jpg","width":200,"height":200,"caption":"Nomad Coffee"},"image":{"@id":"https:\/\/subs.nomadcoffee.es\/ca\/#\/schema\/logo\/image\/"}}]}},"_links":{"self":[{"href":"https:\/\/subs.nomadcoffee.es\/ca\/wp-json\/wp\/v2\/product\/60912"}],"collection":[{"href":"https:\/\/subs.nomadcoffee.es\/ca\/wp-json\/wp\/v2\/product"}],"about":[{"href":"https:\/\/subs.nomadcoffee.es\/ca\/wp-json\/wp\/v2\/types\/product"}],"wp:featuredmedia":[{"embeddable":true,"href":"https:\/\/subs.nomadcoffee.es\/ca\/wp-json\/wp\/v2\/media\/60895"}],"wp:attachment":[{"href":"https:\/\/subs.nomadcoffee.es\/ca\/wp-json\/wp\/v2\/media?parent=60912"}],"wp:term":[{"taxonomy":"product_cat","embeddable":true,"href":"https:\/\/subs.nomadcoffee.es\/ca\/wp-json\/wp\/v2\/product_cat?post=60912"},{"taxonomy":"product_tag","embeddable":true,"href":"https:\/\/subs.nomadcoffee.es\/ca\/wp-json\/wp\/v2\/product_tag?post=60912"}],"curies":[{"name":"wp","href":"https:\/\/api.w.org\/{rel}","templated":true}]}}