{"id":62437,"date":"2021-11-17T12:38:57","date_gmt":"2021-11-17T11:38:57","guid":{"rendered":"https:\/\/nomadcoffee.es\/?post_type=product&#038;p=62437"},"modified":"2021-11-17T12:46:00","modified_gmt":"2021-11-17T11:46:00","slug":"gracias-a-dios","status":"publish","type":"product","link":"https:\/\/subs.nomadcoffee.es\/ca\/producte\/gracias-a-dios\/","title":{"rendered":"Gracias a Dios"},"content":{"rendered":"<p>Aquest lot \u00e9s un blend de COOP JUMARP, una cooperativa que es troba a la Cordillera dels Andes peruans. La regi\u00f3 amaz\u00f3nica dels Andes es coneguda com a Selva Alta. Degut a la altura i humitat, la Selva Alta suposa un ecosistema idoni per a cultivar caf\u00e8 d\u2019especialitat.<\/p>\n<p>La cooperativa Jumarp \u00e9s membre del projecte Caf\u00e9 Selva Norte (CSN), desenvolupat en conjunt amb Ecotierra. Aquest projecte agroforestal busca duplicar els beneficis dels producters augmentant la seva producci\u00f3 i ajudant a implementar pr\u00e0ctiques agr\u00edcolas sostenibles. El projecte CSN busca fer front a la deforestaci\u00f3 i degradaci\u00f3 del pa\u00eds. Segons Ecotierra, un 15% de les emisions de gassos amb efectes d\u2019hinvernacle s\u00f3n degudes a les pr\u00e0ctiques agr\u00edcoles migrat\u00f2ries. Quan la roya va atacar al pa\u00eds l\u2019any 2013, els productors van comen\u00e7ar a tallar arbres utilitzats per a la producci\u00f3 d\u2019ombra, per a permetre una millor circulaci\u00f3 d\u2019aire a la plantaci\u00f3. Cultivar caf\u00e8 sense ombra resulta molt complicat i va provocar que els productors disminu\u00efssin la seva producci\u00f3.<\/p>\n<p>Per tal d\u2019obtenir una major producci\u00f3, els productors van comen\u00e7ar a migrar o canviar els seus cultius per altres d\u2019annuals, com el blat de moro. Abans de fer-ho, el terreny era cremat per a netejar-se, provocant aix\u00ed s\u00f2ls m\u00e9s \u00e0cids. I sense ombra, a m\u00e9s, el s\u00f2l queda desprotegit davant la pluja, que s\u2019emporta els nutrients de la terra.<\/p>\n<p>El projecte CSN va comen\u00e7ar l\u2019any 2019 i ja ha aconseguit mig mili\u00f3 de d\u00f2lars en pr\u00e9stams per a ajudar als productors en la transici\u00f3 a pr\u00e0ctiques sostenibles, ajudant ja uns 300 productors. El CSN planeja tamb\u00e9 construir un benefici sec i un laboratori de control de qualitat per a les cooperatives involucrades.<\/p>\n<p>Per a aquest lot, el caf\u00e8 va ser recol\u00b7lectat selectivament per recollir les cireres al punt \u00f2ptim de maduraci\u00f3. A continuaci\u00f3, es van ensorrar i es van deixar fermentar en bosses herm\u00e8tiques de manera controlada durant 48 hores, per passar despr\u00e9s a ser assecat durant 12 dies.<\/p>\n","protected":false},"excerpt":{"rendered":"<p>Aquest lot \u00e9s un blend de COOP JUMARP, una cooperativa que es troba a la Cordillera dels Andes peruans. La [&hellip;]<\/p>\n","protected":false},"featured_media":62415,"template":"","meta":[],"product_cat":[137,475],"product_tag":[978,901,598],"acf":[],"yoast_head":"<!-- This site is optimized with the Yoast SEO plugin v22.6 - https:\/\/yoast.com\/wordpress\/plugins\/seo\/ -->\n<title>Per\u00fa - Gracias a Dios - NOMAD COFFEE<\/title>\n<meta name=\"robots\" content=\"noindex, follow, max-snippet:-1, max-image-preview:large, max-video-preview:-1\" \/>\n<meta property=\"og:locale\" content=\"ca_ES\" \/>\n<meta property=\"og:type\" content=\"article\" \/>\n<meta property=\"og:title\" content=\"Per\u00fa - Gracias a Dios - NOMAD COFFEE\" \/>\n<meta property=\"og:description\" content=\"Aquest lot \u00e9s un blend de COOP JUMARP, una cooperativa que es troba a la Cordillera dels Andes peruans. La [&hellip;]\" \/>\n<meta property=\"og:url\" content=\"https:\/\/subs.nomadcoffee.es\/ca\/producte\/gracias-a-dios\/\" \/>\n<meta property=\"og:site_name\" content=\"NOMAD\" \/>\n<meta property=\"article:modified_time\" content=\"2021-11-17T11:46:00+00:00\" \/>\n<meta property=\"og:image\" content=\"https:\/\/subs.nomadcoffee.es\/wp-content\/uploads\/2021\/11\/E.PE_.DIOS_.jpg\" \/>\n\t<meta property=\"og:image:width\" content=\"2000\" \/>\n\t<meta property=\"og:image:height\" content=\"2000\" \/>\n\t<meta property=\"og:image:type\" content=\"image\/jpeg\" \/>\n<meta name=\"twitter:card\" content=\"summary_large_image\" \/>\n<meta name=\"twitter:label1\" content=\"Temps estimat de lectura\" \/>\n\t<meta name=\"twitter:data1\" content=\"2 minuts\" \/>\n<script type=\"application\/ld+json\" class=\"yoast-schema-graph\">{\"@context\":\"https:\/\/schema.org\",\"@graph\":[{\"@type\":\"WebPage\",\"@id\":\"https:\/\/subs.nomadcoffee.es\/ca\/producte\/gracias-a-dios\/\",\"url\":\"https:\/\/subs.nomadcoffee.es\/ca\/producte\/gracias-a-dios\/\",\"name\":\"Per\u00fa - Gracias a Dios - NOMAD COFFEE\",\"isPartOf\":{\"@id\":\"https:\/\/subs.nomadcoffee.es\/ca\/#website\"},\"primaryImageOfPage\":{\"@id\":\"https:\/\/subs.nomadcoffee.es\/ca\/producte\/gracias-a-dios\/#primaryimage\"},\"image\":{\"@id\":\"https:\/\/subs.nomadcoffee.es\/ca\/producte\/gracias-a-dios\/#primaryimage\"},\"thumbnailUrl\":\"https:\/\/subs.nomadcoffee.es\/wp-content\/uploads\/2021\/11\/E.PE_.DIOS_.jpg\",\"datePublished\":\"2021-11-17T11:38:57+00:00\",\"dateModified\":\"2021-11-17T11:46:00+00:00\",\"breadcrumb\":{\"@id\":\"https:\/\/subs.nomadcoffee.es\/ca\/producte\/gracias-a-dios\/#breadcrumb\"},\"inLanguage\":\"ca\",\"potentialAction\":[{\"@type\":\"ReadAction\",\"target\":[\"https:\/\/subs.nomadcoffee.es\/ca\/producte\/gracias-a-dios\/\"]}]},{\"@type\":\"ImageObject\",\"inLanguage\":\"ca\",\"@id\":\"https:\/\/subs.nomadcoffee.es\/ca\/producte\/gracias-a-dios\/#primaryimage\",\"url\":\"https:\/\/subs.nomadcoffee.es\/wp-content\/uploads\/2021\/11\/E.PE_.DIOS_.jpg\",\"contentUrl\":\"https:\/\/subs.nomadcoffee.es\/wp-content\/uploads\/2021\/11\/E.PE_.DIOS_.jpg\",\"width\":2000,\"height\":2000},{\"@type\":\"BreadcrumbList\",\"@id\":\"https:\/\/subs.nomadcoffee.es\/ca\/producte\/gracias-a-dios\/#breadcrumb\",\"itemListElement\":[{\"@type\":\"ListItem\",\"position\":1,\"name\":\"Portada\",\"item\":\"https:\/\/subs.nomadcoffee.es\/ca\/\"},{\"@type\":\"ListItem\",\"position\":2,\"name\":\"Tienda\",\"item\":\"https:\/\/subs.nomadcoffee.es\/tienda\/\"},{\"@type\":\"ListItem\",\"position\":3,\"name\":\"Gracias a Dios\"}]},{\"@type\":\"WebSite\",\"@id\":\"https:\/\/subs.nomadcoffee.es\/ca\/#website\",\"url\":\"https:\/\/subs.nomadcoffee.es\/ca\/\",\"name\":\"Nomad Coffee\",\"description\":\"Caf\u00e9 de origen, tostado en Barcelona\",\"publisher\":{\"@id\":\"https:\/\/subs.nomadcoffee.es\/ca\/#organization\"},\"alternateName\":\"Nomad Coffee\",\"potentialAction\":[{\"@type\":\"SearchAction\",\"target\":{\"@type\":\"EntryPoint\",\"urlTemplate\":\"https:\/\/subs.nomadcoffee.es\/ca\/?s={search_term_string}\"},\"query-input\":\"required name=search_term_string\"}],\"inLanguage\":\"ca\"},{\"@type\":\"Organization\",\"@id\":\"https:\/\/subs.nomadcoffee.es\/ca\/#organization\",\"name\":\"Nomad Coffee\",\"alternateName\":\"Nomad Coffee\",\"url\":\"https:\/\/subs.nomadcoffee.es\/ca\/\",\"logo\":{\"@type\":\"ImageObject\",\"inLanguage\":\"ca\",\"@id\":\"https:\/\/subs.nomadcoffee.es\/ca\/#\/schema\/logo\/image\/\",\"url\":\"https:\/\/nomadcoffee.es\/wp-content\/uploads\/2023\/05\/logo-Nomad.jpg\",\"contentUrl\":\"https:\/\/nomadcoffee.es\/wp-content\/uploads\/2023\/05\/logo-Nomad.jpg\",\"width\":200,\"height\":200,\"caption\":\"Nomad Coffee\"},\"image\":{\"@id\":\"https:\/\/subs.nomadcoffee.es\/ca\/#\/schema\/logo\/image\/\"}}]}<\/script>\n<!-- \/ Yoast SEO plugin. -->","yoast_head_json":{"title":"Per\u00fa - Gracias a Dios - NOMAD COFFEE","robots":{"index":"noindex","follow":"follow","max-snippet":"max-snippet:-1","max-image-preview":"max-image-preview:large","max-video-preview":"max-video-preview:-1"},"og_locale":"ca_ES","og_type":"article","og_title":"Per\u00fa - Gracias a Dios - NOMAD COFFEE","og_description":"Aquest lot \u00e9s un blend de COOP JUMARP, una cooperativa que es troba a la Cordillera dels Andes peruans. La [&hellip;]","og_url":"https:\/\/subs.nomadcoffee.es\/ca\/producte\/gracias-a-dios\/","og_site_name":"NOMAD","article_modified_time":"2021-11-17T11:46:00+00:00","og_image":[{"width":2000,"height":2000,"url":"https:\/\/subs.nomadcoffee.es\/wp-content\/uploads\/2021\/11\/E.PE_.DIOS_.jpg","type":"image\/jpeg"}],"twitter_card":"summary_large_image","twitter_misc":{"Temps estimat de lectura":"2 minuts"},"schema":{"@context":"https:\/\/schema.org","@graph":[{"@type":"WebPage","@id":"https:\/\/subs.nomadcoffee.es\/ca\/producte\/gracias-a-dios\/","url":"https:\/\/subs.nomadcoffee.es\/ca\/producte\/gracias-a-dios\/","name":"Per\u00fa - Gracias a Dios - NOMAD COFFEE","isPartOf":{"@id":"https:\/\/subs.nomadcoffee.es\/ca\/#website"},"primaryImageOfPage":{"@id":"https:\/\/subs.nomadcoffee.es\/ca\/producte\/gracias-a-dios\/#primaryimage"},"image":{"@id":"https:\/\/subs.nomadcoffee.es\/ca\/producte\/gracias-a-dios\/#primaryimage"},"thumbnailUrl":"https:\/\/subs.nomadcoffee.es\/wp-content\/uploads\/2021\/11\/E.PE_.DIOS_.jpg","datePublished":"2021-11-17T11:38:57+00:00","dateModified":"2021-11-17T11:46:00+00:00","breadcrumb":{"@id":"https:\/\/subs.nomadcoffee.es\/ca\/producte\/gracias-a-dios\/#breadcrumb"},"inLanguage":"ca","potentialAction":[{"@type":"ReadAction","target":["https:\/\/subs.nomadcoffee.es\/ca\/producte\/gracias-a-dios\/"]}]},{"@type":"ImageObject","inLanguage":"ca","@id":"https:\/\/subs.nomadcoffee.es\/ca\/producte\/gracias-a-dios\/#primaryimage","url":"https:\/\/subs.nomadcoffee.es\/wp-content\/uploads\/2021\/11\/E.PE_.DIOS_.jpg","contentUrl":"https:\/\/subs.nomadcoffee.es\/wp-content\/uploads\/2021\/11\/E.PE_.DIOS_.jpg","width":2000,"height":2000},{"@type":"BreadcrumbList","@id":"https:\/\/subs.nomadcoffee.es\/ca\/producte\/gracias-a-dios\/#breadcrumb","itemListElement":[{"@type":"ListItem","position":1,"name":"Portada","item":"https:\/\/subs.nomadcoffee.es\/ca\/"},{"@type":"ListItem","position":2,"name":"Tienda","item":"https:\/\/subs.nomadcoffee.es\/tienda\/"},{"@type":"ListItem","position":3,"name":"Gracias a Dios"}]},{"@type":"WebSite","@id":"https:\/\/subs.nomadcoffee.es\/ca\/#website","url":"https:\/\/subs.nomadcoffee.es\/ca\/","name":"Nomad Coffee","description":"Caf\u00e9 de origen, tostado en Barcelona","publisher":{"@id":"https:\/\/subs.nomadcoffee.es\/ca\/#organization"},"alternateName":"Nomad Coffee","potentialAction":[{"@type":"SearchAction","target":{"@type":"EntryPoint","urlTemplate":"https:\/\/subs.nomadcoffee.es\/ca\/?s={search_term_string}"},"query-input":"required name=search_term_string"}],"inLanguage":"ca"},{"@type":"Organization","@id":"https:\/\/subs.nomadcoffee.es\/ca\/#organization","name":"Nomad Coffee","alternateName":"Nomad Coffee","url":"https:\/\/subs.nomadcoffee.es\/ca\/","logo":{"@type":"ImageObject","inLanguage":"ca","@id":"https:\/\/subs.nomadcoffee.es\/ca\/#\/schema\/logo\/image\/","url":"https:\/\/nomadcoffee.es\/wp-content\/uploads\/2023\/05\/logo-Nomad.jpg","contentUrl":"https:\/\/nomadcoffee.es\/wp-content\/uploads\/2023\/05\/logo-Nomad.jpg","width":200,"height":200,"caption":"Nomad Coffee"},"image":{"@id":"https:\/\/subs.nomadcoffee.es\/ca\/#\/schema\/logo\/image\/"}}]}},"_links":{"self":[{"href":"https:\/\/subs.nomadcoffee.es\/ca\/wp-json\/wp\/v2\/product\/62437"}],"collection":[{"href":"https:\/\/subs.nomadcoffee.es\/ca\/wp-json\/wp\/v2\/product"}],"about":[{"href":"https:\/\/subs.nomadcoffee.es\/ca\/wp-json\/wp\/v2\/types\/product"}],"wp:featuredmedia":[{"embeddable":true,"href":"https:\/\/subs.nomadcoffee.es\/ca\/wp-json\/wp\/v2\/media\/62415"}],"wp:attachment":[{"href":"https:\/\/subs.nomadcoffee.es\/ca\/wp-json\/wp\/v2\/media?parent=62437"}],"wp:term":[{"taxonomy":"product_cat","embeddable":true,"href":"https:\/\/subs.nomadcoffee.es\/ca\/wp-json\/wp\/v2\/product_cat?post=62437"},{"taxonomy":"product_tag","embeddable":true,"href":"https:\/\/subs.nomadcoffee.es\/ca\/wp-json\/wp\/v2\/product_tag?post=62437"}],"curies":[{"name":"wp","href":"https:\/\/api.w.org\/{rel}","templated":true}]}}