{"id":69140,"date":"2022-06-10T14:51:50","date_gmt":"2022-06-10T12:51:50","guid":{"rendered":"https:\/\/nomadcoffee.es\/?post_type=product&#038;p=69140"},"modified":"2022-06-29T16:22:06","modified_gmt":"2022-06-29T14:22:06","slug":"fellow-molinet-ode","status":"publish","type":"product","link":"https:\/\/subs.nomadcoffee.es\/ca\/producte\/fellow-molinet-ode\/","title":{"rendered":"Fellow &#8211; Molinet Ode"},"content":{"rendered":"","protected":false},"excerpt":{"rendered":"","protected":false},"featured_media":69125,"template":"","meta":[],"product_cat":[517],"product_tag":[],"acf":[],"yoast_head":"<!-- This site is optimized with the Yoast SEO plugin v22.6 - https:\/\/yoast.com\/wordpress\/plugins\/seo\/ -->\n<title>Fellow - Molinet Ode - NOMAD COFFEE<\/title>\n<meta name=\"description\" content=\"Amb maduixes planes professionals de 64 mm, 31 configuracions de molta i c\u00e0rrega \u00fanica per a una m\u00e0xima frescor del gra.\" \/>\n<meta name=\"robots\" content=\"noindex, follow, max-snippet:-1, max-image-preview:large, max-video-preview:-1\" \/>\n<meta property=\"og:locale\" content=\"ca_ES\" \/>\n<meta property=\"og:type\" content=\"article\" \/>\n<meta property=\"og:title\" content=\"Fellow - Molinet Ode - NOMAD COFFEE\" \/>\n<meta property=\"og:description\" content=\"Amb maduixes planes professionals de 64 mm, 31 configuracions de molta i c\u00e0rrega \u00fanica per a una m\u00e0xima frescor del gra.\" \/>\n<meta property=\"og:url\" content=\"https:\/\/subs.nomadcoffee.es\/ca\/producte\/fellow-molinet-ode\/\" \/>\n<meta property=\"og:site_name\" content=\"NOMAD\" \/>\n<meta property=\"article:modified_time\" content=\"2022-06-29T14:22:06+00:00\" \/>\n<meta property=\"og:image\" content=\"https:\/\/subs.nomadcoffee.es\/wp-content\/uploads\/2022\/06\/ODE_BREW_GRINDER_FELLOW-1.jpg\" \/>\n\t<meta property=\"og:image:width\" content=\"1000\" \/>\n\t<meta property=\"og:image:height\" content=\"1000\" \/>\n\t<meta property=\"og:image:type\" content=\"image\/jpeg\" \/>\n<meta name=\"twitter:card\" content=\"summary_large_image\" \/>\n<script type=\"application\/ld+json\" class=\"yoast-schema-graph\">{\"@context\":\"https:\/\/schema.org\",\"@graph\":[{\"@type\":\"WebPage\",\"@id\":\"https:\/\/subs.nomadcoffee.es\/ca\/producte\/fellow-molinet-ode\/\",\"url\":\"https:\/\/subs.nomadcoffee.es\/ca\/producte\/fellow-molinet-ode\/\",\"name\":\"Fellow - Molinet Ode - NOMAD COFFEE\",\"isPartOf\":{\"@id\":\"https:\/\/subs.nomadcoffee.es\/ca\/#website\"},\"primaryImageOfPage\":{\"@id\":\"https:\/\/subs.nomadcoffee.es\/ca\/producte\/fellow-molinet-ode\/#primaryimage\"},\"image\":{\"@id\":\"https:\/\/subs.nomadcoffee.es\/ca\/producte\/fellow-molinet-ode\/#primaryimage\"},\"thumbnailUrl\":\"https:\/\/subs.nomadcoffee.es\/wp-content\/uploads\/2022\/06\/ODE_BREW_GRINDER_FELLOW-1.jpg\",\"datePublished\":\"2022-06-10T12:51:50+00:00\",\"dateModified\":\"2022-06-29T14:22:06+00:00\",\"description\":\"Amb maduixes planes professionals de 64 mm, 31 configuracions de molta i c\u00e0rrega \u00fanica per a una m\u00e0xima frescor del gra.\",\"breadcrumb\":{\"@id\":\"https:\/\/subs.nomadcoffee.es\/ca\/producte\/fellow-molinet-ode\/#breadcrumb\"},\"inLanguage\":\"ca\",\"potentialAction\":[{\"@type\":\"ReadAction\",\"target\":[\"https:\/\/subs.nomadcoffee.es\/ca\/producte\/fellow-molinet-ode\/\"]}]},{\"@type\":\"ImageObject\",\"inLanguage\":\"ca\",\"@id\":\"https:\/\/subs.nomadcoffee.es\/ca\/producte\/fellow-molinet-ode\/#primaryimage\",\"url\":\"https:\/\/subs.nomadcoffee.es\/wp-content\/uploads\/2022\/06\/ODE_BREW_GRINDER_FELLOW-1.jpg\",\"contentUrl\":\"https:\/\/subs.nomadcoffee.es\/wp-content\/uploads\/2022\/06\/ODE_BREW_GRINDER_FELLOW-1.jpg\",\"width\":1000,\"height\":1000,\"caption\":\"ODE_BREW_GRINDER_FELLOW_NOMAD_COFFEE\"},{\"@type\":\"BreadcrumbList\",\"@id\":\"https:\/\/subs.nomadcoffee.es\/ca\/producte\/fellow-molinet-ode\/#breadcrumb\",\"itemListElement\":[{\"@type\":\"ListItem\",\"position\":1,\"name\":\"Portada\",\"item\":\"https:\/\/subs.nomadcoffee.es\/ca\/\"},{\"@type\":\"ListItem\",\"position\":2,\"name\":\"Tienda\",\"item\":\"https:\/\/subs.nomadcoffee.es\/tienda\/\"},{\"@type\":\"ListItem\",\"position\":3,\"name\":\"Fellow &#8211; Molinet Ode\"}]},{\"@type\":\"WebSite\",\"@id\":\"https:\/\/subs.nomadcoffee.es\/ca\/#website\",\"url\":\"https:\/\/subs.nomadcoffee.es\/ca\/\",\"name\":\"Nomad Coffee\",\"description\":\"Caf\u00e9 de origen, tostado en Barcelona\",\"publisher\":{\"@id\":\"https:\/\/subs.nomadcoffee.es\/ca\/#organization\"},\"alternateName\":\"Nomad Coffee\",\"potentialAction\":[{\"@type\":\"SearchAction\",\"target\":{\"@type\":\"EntryPoint\",\"urlTemplate\":\"https:\/\/subs.nomadcoffee.es\/ca\/?s={search_term_string}\"},\"query-input\":\"required name=search_term_string\"}],\"inLanguage\":\"ca\"},{\"@type\":\"Organization\",\"@id\":\"https:\/\/subs.nomadcoffee.es\/ca\/#organization\",\"name\":\"Nomad Coffee\",\"alternateName\":\"Nomad Coffee\",\"url\":\"https:\/\/subs.nomadcoffee.es\/ca\/\",\"logo\":{\"@type\":\"ImageObject\",\"inLanguage\":\"ca\",\"@id\":\"https:\/\/subs.nomadcoffee.es\/ca\/#\/schema\/logo\/image\/\",\"url\":\"https:\/\/nomadcoffee.es\/wp-content\/uploads\/2023\/05\/logo-Nomad.jpg\",\"contentUrl\":\"https:\/\/nomadcoffee.es\/wp-content\/uploads\/2023\/05\/logo-Nomad.jpg\",\"width\":200,\"height\":200,\"caption\":\"Nomad Coffee\"},\"image\":{\"@id\":\"https:\/\/subs.nomadcoffee.es\/ca\/#\/schema\/logo\/image\/\"}}]}<\/script>\n<!-- \/ Yoast SEO plugin. -->","yoast_head_json":{"title":"Fellow - Molinet Ode - NOMAD COFFEE","description":"Amb maduixes planes professionals de 64 mm, 31 configuracions de molta i c\u00e0rrega \u00fanica per a una m\u00e0xima frescor del gra.","robots":{"index":"noindex","follow":"follow","max-snippet":"max-snippet:-1","max-image-preview":"max-image-preview:large","max-video-preview":"max-video-preview:-1"},"og_locale":"ca_ES","og_type":"article","og_title":"Fellow - Molinet Ode - NOMAD COFFEE","og_description":"Amb maduixes planes professionals de 64 mm, 31 configuracions de molta i c\u00e0rrega \u00fanica per a una m\u00e0xima frescor del gra.","og_url":"https:\/\/subs.nomadcoffee.es\/ca\/producte\/fellow-molinet-ode\/","og_site_name":"NOMAD","article_modified_time":"2022-06-29T14:22:06+00:00","og_image":[{"width":1000,"height":1000,"url":"https:\/\/subs.nomadcoffee.es\/wp-content\/uploads\/2022\/06\/ODE_BREW_GRINDER_FELLOW-1.jpg","type":"image\/jpeg"}],"twitter_card":"summary_large_image","schema":{"@context":"https:\/\/schema.org","@graph":[{"@type":"WebPage","@id":"https:\/\/subs.nomadcoffee.es\/ca\/producte\/fellow-molinet-ode\/","url":"https:\/\/subs.nomadcoffee.es\/ca\/producte\/fellow-molinet-ode\/","name":"Fellow - Molinet Ode - NOMAD COFFEE","isPartOf":{"@id":"https:\/\/subs.nomadcoffee.es\/ca\/#website"},"primaryImageOfPage":{"@id":"https:\/\/subs.nomadcoffee.es\/ca\/producte\/fellow-molinet-ode\/#primaryimage"},"image":{"@id":"https:\/\/subs.nomadcoffee.es\/ca\/producte\/fellow-molinet-ode\/#primaryimage"},"thumbnailUrl":"https:\/\/subs.nomadcoffee.es\/wp-content\/uploads\/2022\/06\/ODE_BREW_GRINDER_FELLOW-1.jpg","datePublished":"2022-06-10T12:51:50+00:00","dateModified":"2022-06-29T14:22:06+00:00","description":"Amb maduixes planes professionals de 64 mm, 31 configuracions de molta i c\u00e0rrega \u00fanica per a una m\u00e0xima frescor del gra.","breadcrumb":{"@id":"https:\/\/subs.nomadcoffee.es\/ca\/producte\/fellow-molinet-ode\/#breadcrumb"},"inLanguage":"ca","potentialAction":[{"@type":"ReadAction","target":["https:\/\/subs.nomadcoffee.es\/ca\/producte\/fellow-molinet-ode\/"]}]},{"@type":"ImageObject","inLanguage":"ca","@id":"https:\/\/subs.nomadcoffee.es\/ca\/producte\/fellow-molinet-ode\/#primaryimage","url":"https:\/\/subs.nomadcoffee.es\/wp-content\/uploads\/2022\/06\/ODE_BREW_GRINDER_FELLOW-1.jpg","contentUrl":"https:\/\/subs.nomadcoffee.es\/wp-content\/uploads\/2022\/06\/ODE_BREW_GRINDER_FELLOW-1.jpg","width":1000,"height":1000,"caption":"ODE_BREW_GRINDER_FELLOW_NOMAD_COFFEE"},{"@type":"BreadcrumbList","@id":"https:\/\/subs.nomadcoffee.es\/ca\/producte\/fellow-molinet-ode\/#breadcrumb","itemListElement":[{"@type":"ListItem","position":1,"name":"Portada","item":"https:\/\/subs.nomadcoffee.es\/ca\/"},{"@type":"ListItem","position":2,"name":"Tienda","item":"https:\/\/subs.nomadcoffee.es\/tienda\/"},{"@type":"ListItem","position":3,"name":"Fellow &#8211; Molinet Ode"}]},{"@type":"WebSite","@id":"https:\/\/subs.nomadcoffee.es\/ca\/#website","url":"https:\/\/subs.nomadcoffee.es\/ca\/","name":"Nomad Coffee","description":"Caf\u00e9 de origen, tostado en Barcelona","publisher":{"@id":"https:\/\/subs.nomadcoffee.es\/ca\/#organization"},"alternateName":"Nomad Coffee","potentialAction":[{"@type":"SearchAction","target":{"@type":"EntryPoint","urlTemplate":"https:\/\/subs.nomadcoffee.es\/ca\/?s={search_term_string}"},"query-input":"required name=search_term_string"}],"inLanguage":"ca"},{"@type":"Organization","@id":"https:\/\/subs.nomadcoffee.es\/ca\/#organization","name":"Nomad Coffee","alternateName":"Nomad Coffee","url":"https:\/\/subs.nomadcoffee.es\/ca\/","logo":{"@type":"ImageObject","inLanguage":"ca","@id":"https:\/\/subs.nomadcoffee.es\/ca\/#\/schema\/logo\/image\/","url":"https:\/\/nomadcoffee.es\/wp-content\/uploads\/2023\/05\/logo-Nomad.jpg","contentUrl":"https:\/\/nomadcoffee.es\/wp-content\/uploads\/2023\/05\/logo-Nomad.jpg","width":200,"height":200,"caption":"Nomad Coffee"},"image":{"@id":"https:\/\/subs.nomadcoffee.es\/ca\/#\/schema\/logo\/image\/"}}]}},"_links":{"self":[{"href":"https:\/\/subs.nomadcoffee.es\/ca\/wp-json\/wp\/v2\/product\/69140"}],"collection":[{"href":"https:\/\/subs.nomadcoffee.es\/ca\/wp-json\/wp\/v2\/product"}],"about":[{"href":"https:\/\/subs.nomadcoffee.es\/ca\/wp-json\/wp\/v2\/types\/product"}],"wp:featuredmedia":[{"embeddable":true,"href":"https:\/\/subs.nomadcoffee.es\/ca\/wp-json\/wp\/v2\/media\/69125"}],"wp:attachment":[{"href":"https:\/\/subs.nomadcoffee.es\/ca\/wp-json\/wp\/v2\/media?parent=69140"}],"wp:term":[{"taxonomy":"product_cat","embeddable":true,"href":"https:\/\/subs.nomadcoffee.es\/ca\/wp-json\/wp\/v2\/product_cat?post=69140"},{"taxonomy":"product_tag","embeddable":true,"href":"https:\/\/subs.nomadcoffee.es\/ca\/wp-json\/wp\/v2\/product_tag?post=69140"}],"curies":[{"name":"wp","href":"https:\/\/api.w.org\/{rel}","templated":true}]}}