{"id":69307,"date":"2022-06-17T16:24:23","date_gmt":"2022-06-17T14:24:23","guid":{"rendered":"https:\/\/nomadcoffee.es\/?post_type=product&#038;p=69307"},"modified":"2022-07-15T12:24:04","modified_gmt":"2022-07-15T10:24:04","slug":"los-pablos","status":"publish","type":"product","link":"https:\/\/subs.nomadcoffee.es\/ca\/producte\/los-pablos\/","title":{"rendered":"Los Pablos"},"content":{"rendered":"<p>Ram\u00f3n Pablo Chalez \u00e9s un productor de caf\u00e8 de primera generaci\u00f3 en Jacaltenango, a la regi\u00f3 de Huehuetenango. Conrea caf\u00e8 en la seva finca anomenada \u201cEls Pablos\u201d, que porta el nom de la seva fam\u00edlia. Tot el treball que es realitza en la finca el realitzen \u00fanicament els membres de la fam\u00edlia i \u00e9s la seva \u00fanica font d&#8217;ingressos.<\/p>\n<p>\u201cVaig comen\u00e7ar a sembrar caf\u00e8 fa 20 anys i abans sembrava alguns grans b\u00e0sics com a blat de moro i monjetes. Al comen\u00e7ament de la meva producci\u00f3 de caf\u00e8, nom\u00e9s tenia molt poc caf\u00e8, per\u00f2 a trav\u00e9s de microcr\u00e8dits vaig poder sembrar m\u00e9s cafetos per a mantenir a la meva fam\u00edlia\u201d, compte Ram\u00f3n.<\/p>\n<p><strong>Proc\u00e9s<\/strong><\/p>\n<p>El mateix Ram\u00f3n est\u00e0 a c\u00e0rrec del processament posterior a la collita dels seus caf\u00e8s, i la seva atenci\u00f3 al detall i el treball dur s\u00f3n claus per a fer que aquest caf\u00e8 sigui tan \u00fanic. Despr\u00e9s de la recol\u00b7lecci\u00f3, el caf\u00e8 es trasllada al benefici humit i es despolpa, durant una mitjana de 5 hores despr\u00e9s de la recol\u00b7lecci\u00f3. Pel fet que el benefici humit es troba a gran altura amb un clima relativament fresc, Ram\u00f3n utilitza una fermentaci\u00f3 seca lenta d&#8217;aproximadament 32 hores. Una vegada que es completa la fermentaci\u00f3, renta el caf\u00e8 acuradament i el col\u00b7loca en un tanc amb aigua neta i fresca per a un remull addicional de 6 hores. Despr\u00e9s de la segona remullada, anomenada \u201crep\u00f2s\u201d, el caf\u00e8 es trasllada al pati on romandr\u00e0 al sol durant 6 hores al dia durant uns 6 dies. El caf\u00e8 es gira amb freq\u00fc\u00e8ncia per a assegurar un assecat adequat. Una vegada que es completa l&#8217;assecat, Ram\u00f3n emmagatzema el caf\u00e8 en condicions netes i seques fins que estigui llest per a ser lliurat.<\/p>\n","protected":false},"excerpt":{"rendered":"<p>Ram\u00f3n Pablo Chalez \u00e9s un productor de caf\u00e8 de primera generaci\u00f3 en Jacaltenango, a la regi\u00f3 de Huehuetenango. Conrea caf\u00e8 [&hellip;]<\/p>\n","protected":false},"featured_media":69347,"template":"","meta":[],"product_cat":[137,475],"product_tag":[1208,901,613],"acf":[],"yoast_head":"<!-- This site is optimized with the Yoast SEO plugin v22.6 - https:\/\/yoast.com\/wordpress\/plugins\/seo\/ -->\n<title>Los Pablos - NOMAD COFFEE<\/title>\n<meta name=\"description\" content=\"Dol\u00e7 amb notes a cacau en pols, notes florals i fruita d&#039;os com el pr\u00e9ssec. Retrogust fresc i prolongat a poma verda i llimona.\" \/>\n<meta name=\"robots\" content=\"noindex, follow, max-snippet:-1, max-image-preview:large, max-video-preview:-1\" \/>\n<meta property=\"og:locale\" content=\"ca_ES\" \/>\n<meta property=\"og:type\" content=\"article\" \/>\n<meta property=\"og:title\" content=\"Los Pablos - NOMAD COFFEE\" \/>\n<meta property=\"og:description\" content=\"Dol\u00e7 amb notes a cacau en pols, notes florals i fruita d&#039;os com el pr\u00e9ssec. Retrogust fresc i prolongat a poma verda i llimona.\" \/>\n<meta property=\"og:url\" content=\"https:\/\/subs.nomadcoffee.es\/ca\/producte\/los-pablos\/\" \/>\n<meta property=\"og:site_name\" content=\"NOMAD\" \/>\n<meta property=\"article:modified_time\" content=\"2022-07-15T10:24:04+00:00\" \/>\n<meta property=\"og:image\" content=\"https:\/\/subs.nomadcoffee.es\/wp-content\/uploads\/2022\/06\/E.GU_.PABL-1.jpg\" \/>\n\t<meta property=\"og:image:width\" content=\"2000\" \/>\n\t<meta property=\"og:image:height\" content=\"2000\" \/>\n\t<meta property=\"og:image:type\" content=\"image\/jpeg\" \/>\n<meta name=\"twitter:card\" content=\"summary_large_image\" \/>\n<meta name=\"twitter:label1\" content=\"Temps estimat de lectura\" \/>\n\t<meta name=\"twitter:data1\" content=\"2 minuts\" \/>\n<script type=\"application\/ld+json\" class=\"yoast-schema-graph\">{\"@context\":\"https:\/\/schema.org\",\"@graph\":[{\"@type\":\"WebPage\",\"@id\":\"https:\/\/subs.nomadcoffee.es\/ca\/producte\/los-pablos\/\",\"url\":\"https:\/\/subs.nomadcoffee.es\/ca\/producte\/los-pablos\/\",\"name\":\"Los Pablos - NOMAD COFFEE\",\"isPartOf\":{\"@id\":\"https:\/\/subs.nomadcoffee.es\/ca\/#website\"},\"primaryImageOfPage\":{\"@id\":\"https:\/\/subs.nomadcoffee.es\/ca\/producte\/los-pablos\/#primaryimage\"},\"image\":{\"@id\":\"https:\/\/subs.nomadcoffee.es\/ca\/producte\/los-pablos\/#primaryimage\"},\"thumbnailUrl\":\"https:\/\/subs.nomadcoffee.es\/wp-content\/uploads\/2022\/06\/E.GU_.PABL-1.jpg\",\"datePublished\":\"2022-06-17T14:24:23+00:00\",\"dateModified\":\"2022-07-15T10:24:04+00:00\",\"description\":\"Dol\u00e7 amb notes a cacau en pols, notes florals i fruita d'os com el pr\u00e9ssec. Retrogust fresc i prolongat a poma verda i llimona.\",\"breadcrumb\":{\"@id\":\"https:\/\/subs.nomadcoffee.es\/ca\/producte\/los-pablos\/#breadcrumb\"},\"inLanguage\":\"ca\",\"potentialAction\":[{\"@type\":\"ReadAction\",\"target\":[\"https:\/\/subs.nomadcoffee.es\/ca\/producte\/los-pablos\/\"]}]},{\"@type\":\"ImageObject\",\"inLanguage\":\"ca\",\"@id\":\"https:\/\/subs.nomadcoffee.es\/ca\/producte\/los-pablos\/#primaryimage\",\"url\":\"https:\/\/subs.nomadcoffee.es\/wp-content\/uploads\/2022\/06\/E.GU_.PABL-1.jpg\",\"contentUrl\":\"https:\/\/subs.nomadcoffee.es\/wp-content\/uploads\/2022\/06\/E.GU_.PABL-1.jpg\",\"width\":2000,\"height\":2000,\"caption\":\"Caf\u00e9 de especialidad, guatemala, los pablos, tostado por Nomad Coffee\"},{\"@type\":\"BreadcrumbList\",\"@id\":\"https:\/\/subs.nomadcoffee.es\/ca\/producte\/los-pablos\/#breadcrumb\",\"itemListElement\":[{\"@type\":\"ListItem\",\"position\":1,\"name\":\"Portada\",\"item\":\"https:\/\/subs.nomadcoffee.es\/ca\/\"},{\"@type\":\"ListItem\",\"position\":2,\"name\":\"Tienda\",\"item\":\"https:\/\/subs.nomadcoffee.es\/tienda\/\"},{\"@type\":\"ListItem\",\"position\":3,\"name\":\"Los Pablos\"}]},{\"@type\":\"WebSite\",\"@id\":\"https:\/\/subs.nomadcoffee.es\/ca\/#website\",\"url\":\"https:\/\/subs.nomadcoffee.es\/ca\/\",\"name\":\"Nomad Coffee\",\"description\":\"Caf\u00e9 de origen, tostado en Barcelona\",\"publisher\":{\"@id\":\"https:\/\/subs.nomadcoffee.es\/ca\/#organization\"},\"alternateName\":\"Nomad Coffee\",\"potentialAction\":[{\"@type\":\"SearchAction\",\"target\":{\"@type\":\"EntryPoint\",\"urlTemplate\":\"https:\/\/subs.nomadcoffee.es\/ca\/?s={search_term_string}\"},\"query-input\":\"required name=search_term_string\"}],\"inLanguage\":\"ca\"},{\"@type\":\"Organization\",\"@id\":\"https:\/\/subs.nomadcoffee.es\/ca\/#organization\",\"name\":\"Nomad Coffee\",\"alternateName\":\"Nomad Coffee\",\"url\":\"https:\/\/subs.nomadcoffee.es\/ca\/\",\"logo\":{\"@type\":\"ImageObject\",\"inLanguage\":\"ca\",\"@id\":\"https:\/\/subs.nomadcoffee.es\/ca\/#\/schema\/logo\/image\/\",\"url\":\"https:\/\/nomadcoffee.es\/wp-content\/uploads\/2023\/05\/logo-Nomad.jpg\",\"contentUrl\":\"https:\/\/nomadcoffee.es\/wp-content\/uploads\/2023\/05\/logo-Nomad.jpg\",\"width\":200,\"height\":200,\"caption\":\"Nomad Coffee\"},\"image\":{\"@id\":\"https:\/\/subs.nomadcoffee.es\/ca\/#\/schema\/logo\/image\/\"}}]}<\/script>\n<!-- \/ Yoast SEO plugin. -->","yoast_head_json":{"title":"Los Pablos - NOMAD COFFEE","description":"Dol\u00e7 amb notes a cacau en pols, notes florals i fruita d'os com el pr\u00e9ssec. Retrogust fresc i prolongat a poma verda i llimona.","robots":{"index":"noindex","follow":"follow","max-snippet":"max-snippet:-1","max-image-preview":"max-image-preview:large","max-video-preview":"max-video-preview:-1"},"og_locale":"ca_ES","og_type":"article","og_title":"Los Pablos - NOMAD COFFEE","og_description":"Dol\u00e7 amb notes a cacau en pols, notes florals i fruita d'os com el pr\u00e9ssec. Retrogust fresc i prolongat a poma verda i llimona.","og_url":"https:\/\/subs.nomadcoffee.es\/ca\/producte\/los-pablos\/","og_site_name":"NOMAD","article_modified_time":"2022-07-15T10:24:04+00:00","og_image":[{"width":2000,"height":2000,"url":"https:\/\/subs.nomadcoffee.es\/wp-content\/uploads\/2022\/06\/E.GU_.PABL-1.jpg","type":"image\/jpeg"}],"twitter_card":"summary_large_image","twitter_misc":{"Temps estimat de lectura":"2 minuts"},"schema":{"@context":"https:\/\/schema.org","@graph":[{"@type":"WebPage","@id":"https:\/\/subs.nomadcoffee.es\/ca\/producte\/los-pablos\/","url":"https:\/\/subs.nomadcoffee.es\/ca\/producte\/los-pablos\/","name":"Los Pablos - NOMAD COFFEE","isPartOf":{"@id":"https:\/\/subs.nomadcoffee.es\/ca\/#website"},"primaryImageOfPage":{"@id":"https:\/\/subs.nomadcoffee.es\/ca\/producte\/los-pablos\/#primaryimage"},"image":{"@id":"https:\/\/subs.nomadcoffee.es\/ca\/producte\/los-pablos\/#primaryimage"},"thumbnailUrl":"https:\/\/subs.nomadcoffee.es\/wp-content\/uploads\/2022\/06\/E.GU_.PABL-1.jpg","datePublished":"2022-06-17T14:24:23+00:00","dateModified":"2022-07-15T10:24:04+00:00","description":"Dol\u00e7 amb notes a cacau en pols, notes florals i fruita d'os com el pr\u00e9ssec. Retrogust fresc i prolongat a poma verda i llimona.","breadcrumb":{"@id":"https:\/\/subs.nomadcoffee.es\/ca\/producte\/los-pablos\/#breadcrumb"},"inLanguage":"ca","potentialAction":[{"@type":"ReadAction","target":["https:\/\/subs.nomadcoffee.es\/ca\/producte\/los-pablos\/"]}]},{"@type":"ImageObject","inLanguage":"ca","@id":"https:\/\/subs.nomadcoffee.es\/ca\/producte\/los-pablos\/#primaryimage","url":"https:\/\/subs.nomadcoffee.es\/wp-content\/uploads\/2022\/06\/E.GU_.PABL-1.jpg","contentUrl":"https:\/\/subs.nomadcoffee.es\/wp-content\/uploads\/2022\/06\/E.GU_.PABL-1.jpg","width":2000,"height":2000,"caption":"Caf\u00e9 de especialidad, guatemala, los pablos, tostado por Nomad Coffee"},{"@type":"BreadcrumbList","@id":"https:\/\/subs.nomadcoffee.es\/ca\/producte\/los-pablos\/#breadcrumb","itemListElement":[{"@type":"ListItem","position":1,"name":"Portada","item":"https:\/\/subs.nomadcoffee.es\/ca\/"},{"@type":"ListItem","position":2,"name":"Tienda","item":"https:\/\/subs.nomadcoffee.es\/tienda\/"},{"@type":"ListItem","position":3,"name":"Los Pablos"}]},{"@type":"WebSite","@id":"https:\/\/subs.nomadcoffee.es\/ca\/#website","url":"https:\/\/subs.nomadcoffee.es\/ca\/","name":"Nomad Coffee","description":"Caf\u00e9 de origen, tostado en Barcelona","publisher":{"@id":"https:\/\/subs.nomadcoffee.es\/ca\/#organization"},"alternateName":"Nomad Coffee","potentialAction":[{"@type":"SearchAction","target":{"@type":"EntryPoint","urlTemplate":"https:\/\/subs.nomadcoffee.es\/ca\/?s={search_term_string}"},"query-input":"required name=search_term_string"}],"inLanguage":"ca"},{"@type":"Organization","@id":"https:\/\/subs.nomadcoffee.es\/ca\/#organization","name":"Nomad Coffee","alternateName":"Nomad Coffee","url":"https:\/\/subs.nomadcoffee.es\/ca\/","logo":{"@type":"ImageObject","inLanguage":"ca","@id":"https:\/\/subs.nomadcoffee.es\/ca\/#\/schema\/logo\/image\/","url":"https:\/\/nomadcoffee.es\/wp-content\/uploads\/2023\/05\/logo-Nomad.jpg","contentUrl":"https:\/\/nomadcoffee.es\/wp-content\/uploads\/2023\/05\/logo-Nomad.jpg","width":200,"height":200,"caption":"Nomad Coffee"},"image":{"@id":"https:\/\/subs.nomadcoffee.es\/ca\/#\/schema\/logo\/image\/"}}]}},"_links":{"self":[{"href":"https:\/\/subs.nomadcoffee.es\/ca\/wp-json\/wp\/v2\/product\/69307"}],"collection":[{"href":"https:\/\/subs.nomadcoffee.es\/ca\/wp-json\/wp\/v2\/product"}],"about":[{"href":"https:\/\/subs.nomadcoffee.es\/ca\/wp-json\/wp\/v2\/types\/product"}],"wp:featuredmedia":[{"embeddable":true,"href":"https:\/\/subs.nomadcoffee.es\/ca\/wp-json\/wp\/v2\/media\/69347"}],"wp:attachment":[{"href":"https:\/\/subs.nomadcoffee.es\/ca\/wp-json\/wp\/v2\/media?parent=69307"}],"wp:term":[{"taxonomy":"product_cat","embeddable":true,"href":"https:\/\/subs.nomadcoffee.es\/ca\/wp-json\/wp\/v2\/product_cat?post=69307"},{"taxonomy":"product_tag","embeddable":true,"href":"https:\/\/subs.nomadcoffee.es\/ca\/wp-json\/wp\/v2\/product_tag?post=69307"}],"curies":[{"name":"wp","href":"https:\/\/api.w.org\/{rel}","templated":true}]}}