{"id":73192,"date":"2022-10-20T09:00:36","date_gmt":"2022-10-20T07:00:36","guid":{"rendered":"https:\/\/nomadcoffee.es\/?post_type=product&#038;p=73192"},"modified":"2023-06-27T16:39:56","modified_gmt":"2023-06-27T14:39:56","slug":"4-processos-aquiares","status":"publish","type":"product","link":"https:\/\/subs.nomadcoffee.es\/ca\/producte\/4-processos-aquiares\/","title":{"rendered":"4 Processos Aquiares"},"content":{"rendered":"<p>Una varietat, 4 processos diferents. En Diego Robelo, amic de Nomad i productor de la finca Aquiares, ens torna a donar l\u2019oportunitat per tercer any consecutiu de gaudir d\u2019aquest pack i compartir-lo amb vosaltres.<\/p>\n<p>La varietat utilitzada \u00e9s coneguda com Centroamericano, un h\u00edbrid entre Sarchimor T5296 i Sud\u00e1n Rum\u00e9. \u00c9s un h\u00edbrid resistent a malalties com la Roya i d\u2019alt rendiment. En aquest pack el trobarem processat de manera rentada, red honey, natural i fermentat amb llevats.<\/p>\n<p>Amb aquests 4 lots podem descobrir com afecta al resultat en tassa el tipus de proc\u00e9s que en Diego i el seu equip realitzen a l\u2019origen. Us donem l\u2019oportunitat de tastar-los en format pack, el qual recomanem, o tamb\u00e9 per separat. Esperem que els gaudiu tant com nosaltres!<\/p>\n","protected":false},"excerpt":{"rendered":"<p>Una varietat, 4 processos diferents. En Diego Robelo, amic de Nomad i productor de la finca Aquiares, ens torna a [&hellip;]<\/p>\n","protected":false},"featured_media":82336,"template":"","meta":[],"product_cat":[137,476],"product_tag":[],"acf":[],"yoast_head":"<!-- This site is optimized with the Yoast SEO plugin v22.6 - https:\/\/yoast.com\/wordpress\/plugins\/seo\/ -->\n<title>4 Processos Aquiares - NOMAD COFFEE<\/title>\n<meta name=\"description\" content=\"Amb aquests 4 lots podem descobrir com el tipus de proc\u00e9s que fan Diego i el seu equip en origen afecta el resultat a la tassa.\" \/>\n<meta name=\"robots\" content=\"noindex, follow, max-snippet:-1, max-image-preview:large, max-video-preview:-1\" \/>\n<meta property=\"og:locale\" content=\"ca_ES\" \/>\n<meta property=\"og:type\" content=\"article\" \/>\n<meta property=\"og:title\" content=\"4 Processos Aquiares - NOMAD COFFEE\" \/>\n<meta property=\"og:description\" content=\"Amb aquests 4 lots podem descobrir com el tipus de proc\u00e9s que fan Diego i el seu equip en origen afecta el resultat a la tassa.\" \/>\n<meta property=\"og:url\" content=\"https:\/\/subs.nomadcoffee.es\/ca\/producte\/4-processos-aquiares\/\" \/>\n<meta property=\"og:site_name\" content=\"NOMAD\" \/>\n<meta property=\"article:modified_time\" content=\"2023-06-27T14:39:56+00:00\" \/>\n<meta property=\"og:image\" content=\"https:\/\/subs.nomadcoffee.es\/wp-content\/uploads\/2022\/10\/4PROCESOS_2023_2000x2000px_web.jpeg\" \/>\n\t<meta property=\"og:image:width\" content=\"480\" \/>\n\t<meta property=\"og:image:height\" content=\"480\" \/>\n\t<meta property=\"og:image:type\" content=\"image\/jpeg\" \/>\n<meta name=\"twitter:card\" content=\"summary_large_image\" \/>\n<meta name=\"twitter:label1\" content=\"Temps estimat de lectura\" \/>\n\t<meta name=\"twitter:data1\" content=\"1 minut\" \/>\n<script type=\"application\/ld+json\" class=\"yoast-schema-graph\">{\"@context\":\"https:\/\/schema.org\",\"@graph\":[{\"@type\":\"WebPage\",\"@id\":\"https:\/\/subs.nomadcoffee.es\/ca\/producte\/4-processos-aquiares\/\",\"url\":\"https:\/\/subs.nomadcoffee.es\/ca\/producte\/4-processos-aquiares\/\",\"name\":\"4 Processos Aquiares - NOMAD COFFEE\",\"isPartOf\":{\"@id\":\"https:\/\/subs.nomadcoffee.es\/ca\/#website\"},\"primaryImageOfPage\":{\"@id\":\"https:\/\/subs.nomadcoffee.es\/ca\/producte\/4-processos-aquiares\/#primaryimage\"},\"image\":{\"@id\":\"https:\/\/subs.nomadcoffee.es\/ca\/producte\/4-processos-aquiares\/#primaryimage\"},\"thumbnailUrl\":\"https:\/\/subs.nomadcoffee.es\/wp-content\/uploads\/2022\/10\/4PROCESOS_2023_2000x2000px_web.jpeg\",\"datePublished\":\"2022-10-20T07:00:36+00:00\",\"dateModified\":\"2023-06-27T14:39:56+00:00\",\"description\":\"Amb aquests 4 lots podem descobrir com el tipus de proc\u00e9s que fan Diego i el seu equip en origen afecta el resultat a la tassa.\",\"breadcrumb\":{\"@id\":\"https:\/\/subs.nomadcoffee.es\/ca\/producte\/4-processos-aquiares\/#breadcrumb\"},\"inLanguage\":\"ca\",\"potentialAction\":[{\"@type\":\"ReadAction\",\"target\":[\"https:\/\/subs.nomadcoffee.es\/ca\/producte\/4-processos-aquiares\/\"]}]},{\"@type\":\"ImageObject\",\"inLanguage\":\"ca\",\"@id\":\"https:\/\/subs.nomadcoffee.es\/ca\/producte\/4-processos-aquiares\/#primaryimage\",\"url\":\"https:\/\/subs.nomadcoffee.es\/wp-content\/uploads\/2022\/10\/4PROCESOS_2023_2000x2000px_web.jpeg\",\"contentUrl\":\"https:\/\/subs.nomadcoffee.es\/wp-content\/uploads\/2022\/10\/4PROCESOS_2023_2000x2000px_web.jpeg\",\"width\":480,\"height\":480},{\"@type\":\"BreadcrumbList\",\"@id\":\"https:\/\/subs.nomadcoffee.es\/ca\/producte\/4-processos-aquiares\/#breadcrumb\",\"itemListElement\":[{\"@type\":\"ListItem\",\"position\":1,\"name\":\"Portada\",\"item\":\"https:\/\/subs.nomadcoffee.es\/ca\/\"},{\"@type\":\"ListItem\",\"position\":2,\"name\":\"Tienda\",\"item\":\"https:\/\/subs.nomadcoffee.es\/tienda\/\"},{\"@type\":\"ListItem\",\"position\":3,\"name\":\"4 Processos Aquiares\"}]},{\"@type\":\"WebSite\",\"@id\":\"https:\/\/subs.nomadcoffee.es\/ca\/#website\",\"url\":\"https:\/\/subs.nomadcoffee.es\/ca\/\",\"name\":\"Nomad Coffee\",\"description\":\"Caf\u00e9 de origen, tostado en Barcelona\",\"publisher\":{\"@id\":\"https:\/\/subs.nomadcoffee.es\/ca\/#organization\"},\"alternateName\":\"Nomad Coffee\",\"potentialAction\":[{\"@type\":\"SearchAction\",\"target\":{\"@type\":\"EntryPoint\",\"urlTemplate\":\"https:\/\/subs.nomadcoffee.es\/ca\/?s={search_term_string}\"},\"query-input\":\"required name=search_term_string\"}],\"inLanguage\":\"ca\"},{\"@type\":\"Organization\",\"@id\":\"https:\/\/subs.nomadcoffee.es\/ca\/#organization\",\"name\":\"Nomad Coffee\",\"alternateName\":\"Nomad Coffee\",\"url\":\"https:\/\/subs.nomadcoffee.es\/ca\/\",\"logo\":{\"@type\":\"ImageObject\",\"inLanguage\":\"ca\",\"@id\":\"https:\/\/subs.nomadcoffee.es\/ca\/#\/schema\/logo\/image\/\",\"url\":\"https:\/\/nomadcoffee.es\/wp-content\/uploads\/2023\/05\/logo-Nomad.jpg\",\"contentUrl\":\"https:\/\/nomadcoffee.es\/wp-content\/uploads\/2023\/05\/logo-Nomad.jpg\",\"width\":200,\"height\":200,\"caption\":\"Nomad Coffee\"},\"image\":{\"@id\":\"https:\/\/subs.nomadcoffee.es\/ca\/#\/schema\/logo\/image\/\"}}]}<\/script>\n<!-- \/ Yoast SEO plugin. -->","yoast_head_json":{"title":"4 Processos Aquiares - NOMAD COFFEE","description":"Amb aquests 4 lots podem descobrir com el tipus de proc\u00e9s que fan Diego i el seu equip en origen afecta el resultat a la tassa.","robots":{"index":"noindex","follow":"follow","max-snippet":"max-snippet:-1","max-image-preview":"max-image-preview:large","max-video-preview":"max-video-preview:-1"},"og_locale":"ca_ES","og_type":"article","og_title":"4 Processos Aquiares - NOMAD COFFEE","og_description":"Amb aquests 4 lots podem descobrir com el tipus de proc\u00e9s que fan Diego i el seu equip en origen afecta el resultat a la tassa.","og_url":"https:\/\/subs.nomadcoffee.es\/ca\/producte\/4-processos-aquiares\/","og_site_name":"NOMAD","article_modified_time":"2023-06-27T14:39:56+00:00","og_image":[{"width":480,"height":480,"url":"https:\/\/subs.nomadcoffee.es\/wp-content\/uploads\/2022\/10\/4PROCESOS_2023_2000x2000px_web.jpeg","type":"image\/jpeg"}],"twitter_card":"summary_large_image","twitter_misc":{"Temps estimat de lectura":"1 minut"},"schema":{"@context":"https:\/\/schema.org","@graph":[{"@type":"WebPage","@id":"https:\/\/subs.nomadcoffee.es\/ca\/producte\/4-processos-aquiares\/","url":"https:\/\/subs.nomadcoffee.es\/ca\/producte\/4-processos-aquiares\/","name":"4 Processos Aquiares - NOMAD COFFEE","isPartOf":{"@id":"https:\/\/subs.nomadcoffee.es\/ca\/#website"},"primaryImageOfPage":{"@id":"https:\/\/subs.nomadcoffee.es\/ca\/producte\/4-processos-aquiares\/#primaryimage"},"image":{"@id":"https:\/\/subs.nomadcoffee.es\/ca\/producte\/4-processos-aquiares\/#primaryimage"},"thumbnailUrl":"https:\/\/subs.nomadcoffee.es\/wp-content\/uploads\/2022\/10\/4PROCESOS_2023_2000x2000px_web.jpeg","datePublished":"2022-10-20T07:00:36+00:00","dateModified":"2023-06-27T14:39:56+00:00","description":"Amb aquests 4 lots podem descobrir com el tipus de proc\u00e9s que fan Diego i el seu equip en origen afecta el resultat a la tassa.","breadcrumb":{"@id":"https:\/\/subs.nomadcoffee.es\/ca\/producte\/4-processos-aquiares\/#breadcrumb"},"inLanguage":"ca","potentialAction":[{"@type":"ReadAction","target":["https:\/\/subs.nomadcoffee.es\/ca\/producte\/4-processos-aquiares\/"]}]},{"@type":"ImageObject","inLanguage":"ca","@id":"https:\/\/subs.nomadcoffee.es\/ca\/producte\/4-processos-aquiares\/#primaryimage","url":"https:\/\/subs.nomadcoffee.es\/wp-content\/uploads\/2022\/10\/4PROCESOS_2023_2000x2000px_web.jpeg","contentUrl":"https:\/\/subs.nomadcoffee.es\/wp-content\/uploads\/2022\/10\/4PROCESOS_2023_2000x2000px_web.jpeg","width":480,"height":480},{"@type":"BreadcrumbList","@id":"https:\/\/subs.nomadcoffee.es\/ca\/producte\/4-processos-aquiares\/#breadcrumb","itemListElement":[{"@type":"ListItem","position":1,"name":"Portada","item":"https:\/\/subs.nomadcoffee.es\/ca\/"},{"@type":"ListItem","position":2,"name":"Tienda","item":"https:\/\/subs.nomadcoffee.es\/tienda\/"},{"@type":"ListItem","position":3,"name":"4 Processos Aquiares"}]},{"@type":"WebSite","@id":"https:\/\/subs.nomadcoffee.es\/ca\/#website","url":"https:\/\/subs.nomadcoffee.es\/ca\/","name":"Nomad Coffee","description":"Caf\u00e9 de origen, tostado en Barcelona","publisher":{"@id":"https:\/\/subs.nomadcoffee.es\/ca\/#organization"},"alternateName":"Nomad Coffee","potentialAction":[{"@type":"SearchAction","target":{"@type":"EntryPoint","urlTemplate":"https:\/\/subs.nomadcoffee.es\/ca\/?s={search_term_string}"},"query-input":"required name=search_term_string"}],"inLanguage":"ca"},{"@type":"Organization","@id":"https:\/\/subs.nomadcoffee.es\/ca\/#organization","name":"Nomad Coffee","alternateName":"Nomad Coffee","url":"https:\/\/subs.nomadcoffee.es\/ca\/","logo":{"@type":"ImageObject","inLanguage":"ca","@id":"https:\/\/subs.nomadcoffee.es\/ca\/#\/schema\/logo\/image\/","url":"https:\/\/nomadcoffee.es\/wp-content\/uploads\/2023\/05\/logo-Nomad.jpg","contentUrl":"https:\/\/nomadcoffee.es\/wp-content\/uploads\/2023\/05\/logo-Nomad.jpg","width":200,"height":200,"caption":"Nomad Coffee"},"image":{"@id":"https:\/\/subs.nomadcoffee.es\/ca\/#\/schema\/logo\/image\/"}}]}},"_links":{"self":[{"href":"https:\/\/subs.nomadcoffee.es\/ca\/wp-json\/wp\/v2\/product\/73192"}],"collection":[{"href":"https:\/\/subs.nomadcoffee.es\/ca\/wp-json\/wp\/v2\/product"}],"about":[{"href":"https:\/\/subs.nomadcoffee.es\/ca\/wp-json\/wp\/v2\/types\/product"}],"wp:featuredmedia":[{"embeddable":true,"href":"https:\/\/subs.nomadcoffee.es\/ca\/wp-json\/wp\/v2\/media\/82336"}],"wp:attachment":[{"href":"https:\/\/subs.nomadcoffee.es\/ca\/wp-json\/wp\/v2\/media?parent=73192"}],"wp:term":[{"taxonomy":"product_cat","embeddable":true,"href":"https:\/\/subs.nomadcoffee.es\/ca\/wp-json\/wp\/v2\/product_cat?post=73192"},{"taxonomy":"product_tag","embeddable":true,"href":"https:\/\/subs.nomadcoffee.es\/ca\/wp-json\/wp\/v2\/product_tag?post=73192"}],"curies":[{"name":"wp","href":"https:\/\/api.w.org\/{rel}","templated":true}]}}