{"id":75517,"date":"2022-12-16T11:07:55","date_gmt":"2022-12-16T10:07:55","guid":{"rendered":"https:\/\/nomadcoffee.es\/?post_type=product&#038;p=75517"},"modified":"2023-03-02T11:31:58","modified_gmt":"2023-03-02T10:31:58","slug":"omar-arango","status":"publish","type":"product","link":"https:\/\/subs.nomadcoffee.es\/ca\/producte\/omar-arango\/","title":{"rendered":"Omar Arango"},"content":{"rendered":"<p>El treball de conservaci\u00f3 medioambiental que fa l\u2019Omar a la seva finca \u00e9s incre\u00efble. Realment la seva finca \u00e9s un bosc amb caf\u00e8 a dins. El que aconsegueix amb l&#8217;ombra del bosc \u00e9s que els seus caf\u00e8s madurin lentament i tinguin una gran nutrici\u00f3 gr\u00e0cies a les fulles que cauen dels arbres. A terra hi ha molts fongs que ajuden a millorar-ne la qualitat. Tot aix\u00f2 es reflecteix despr\u00e9s en una tassa intensa i complexa, plena de notes tropicals, c\u00edtriques i dolces.<\/p>\n<p>Omar no nom\u00e9s t\u00e9 cura de la biodiversitat de la seva finca, sin\u00f3 que tamb\u00e9 t\u00e9 cura de la gent que hi treballa. Els cuida com si fos de la fam\u00edlia i els reconeix di\u00e0riament l&#8217;esfor\u00e7 que fan.<\/p>\n<p><strong>Proc\u00e9s<\/strong><br \/>\nPer a preparar aquest lot, les cireres passen per un proc\u00e9s de sel\u00b7lecci\u00f3 per flot un cop son recollides al seu punt de maduraci\u00f3. A continuaci\u00f3, s\u00f3n fermentades de manera aer\u00f2bica en bosses GrainPro durant 24 hores. Despr\u00e9s, el caf\u00e8 es separa de la polpa i posat a rentar durant 18-20 hores. El seg\u00fcent pas consisteix en un assecat al sol durant 12-15 dies en llits africans de nivells, dins d\u2019una marquesina, fins a arribar al 15 d\u2019humitat, per a passar a acabar de ser assecat de manera mec\u00e0nica fins a arribar al 11% d\u2019humitat.<\/p>\n","protected":false},"excerpt":{"rendered":"<p>El treball de conservaci\u00f3 medioambiental que fa l\u2019Omar a la seva finca \u00e9s incre\u00efble. Realment la seva finca \u00e9s un [&hellip;]<\/p>\n","protected":false},"featured_media":0,"template":"","meta":[],"product_cat":[137,475],"product_tag":[703,613,1420],"acf":[],"yoast_head":"<!-- This site is optimized with the Yoast SEO plugin v22.6 - https:\/\/yoast.com\/wordpress\/plugins\/seo\/ -->\n<title>Omar Arango - NOMAD COFFEE<\/title>\n<meta name=\"description\" content=\"Trobem notes a pruna groga, mel i pr\u00e9ssec. En boca, un cos net i rod\u00f3. El seu postgust \u00e9s llarg i dol\u00e7 amb una nota caracter\u00edstica de cacau en pols.\" \/>\n<meta name=\"robots\" content=\"noindex, follow, max-snippet:-1, max-image-preview:large, max-video-preview:-1\" \/>\n<meta property=\"og:locale\" content=\"ca_ES\" \/>\n<meta property=\"og:type\" content=\"article\" \/>\n<meta property=\"og:title\" content=\"Omar Arango - NOMAD COFFEE\" \/>\n<meta property=\"og:description\" content=\"Trobem notes a pruna groga, mel i pr\u00e9ssec. En boca, un cos net i rod\u00f3. El seu postgust \u00e9s llarg i dol\u00e7 amb una nota caracter\u00edstica de cacau en pols.\" \/>\n<meta property=\"og:url\" content=\"https:\/\/subs.nomadcoffee.es\/ca\/producte\/omar-arango\/\" \/>\n<meta property=\"og:site_name\" content=\"NOMAD\" \/>\n<meta property=\"article:modified_time\" content=\"2023-03-02T10:31:58+00:00\" \/>\n<meta property=\"og:image\" content=\"https:\/\/subs.nomadcoffee.es\/wp-content\/uploads\/2022\/12\/E.CO_.OMA-copy-1.jpg\" \/>\n\t<meta property=\"og:image:width\" content=\"2000\" \/>\n\t<meta property=\"og:image:height\" content=\"2000\" \/>\n\t<meta property=\"og:image:type\" content=\"image\/jpeg\" \/>\n<meta name=\"twitter:card\" content=\"summary_large_image\" \/>\n<meta name=\"twitter:label1\" content=\"Temps estimat de lectura\" \/>\n\t<meta name=\"twitter:data1\" content=\"1 minut\" \/>\n<script type=\"application\/ld+json\" class=\"yoast-schema-graph\">{\"@context\":\"https:\/\/schema.org\",\"@graph\":[{\"@type\":\"WebPage\",\"@id\":\"https:\/\/subs.nomadcoffee.es\/ca\/producte\/omar-arango\/\",\"url\":\"https:\/\/subs.nomadcoffee.es\/ca\/producte\/omar-arango\/\",\"name\":\"Omar Arango - NOMAD COFFEE\",\"isPartOf\":{\"@id\":\"https:\/\/subs.nomadcoffee.es\/ca\/#website\"},\"datePublished\":\"2022-12-16T10:07:55+00:00\",\"dateModified\":\"2023-03-02T10:31:58+00:00\",\"description\":\"Trobem notes a pruna groga, mel i pr\u00e9ssec. En boca, un cos net i rod\u00f3. El seu postgust \u00e9s llarg i dol\u00e7 amb una nota caracter\u00edstica de cacau en pols.\",\"breadcrumb\":{\"@id\":\"https:\/\/subs.nomadcoffee.es\/ca\/producte\/omar-arango\/#breadcrumb\"},\"inLanguage\":\"ca\",\"potentialAction\":[{\"@type\":\"ReadAction\",\"target\":[\"https:\/\/subs.nomadcoffee.es\/ca\/producte\/omar-arango\/\"]}]},{\"@type\":\"BreadcrumbList\",\"@id\":\"https:\/\/subs.nomadcoffee.es\/ca\/producte\/omar-arango\/#breadcrumb\",\"itemListElement\":[{\"@type\":\"ListItem\",\"position\":1,\"name\":\"Portada\",\"item\":\"https:\/\/subs.nomadcoffee.es\/ca\/\"},{\"@type\":\"ListItem\",\"position\":2,\"name\":\"Tienda\",\"item\":\"https:\/\/subs.nomadcoffee.es\/tienda\/\"},{\"@type\":\"ListItem\",\"position\":3,\"name\":\"Omar Arango\"}]},{\"@type\":\"WebSite\",\"@id\":\"https:\/\/subs.nomadcoffee.es\/ca\/#website\",\"url\":\"https:\/\/subs.nomadcoffee.es\/ca\/\",\"name\":\"Nomad Coffee\",\"description\":\"Caf\u00e9 de origen, tostado en Barcelona\",\"publisher\":{\"@id\":\"https:\/\/subs.nomadcoffee.es\/ca\/#organization\"},\"alternateName\":\"Nomad Coffee\",\"potentialAction\":[{\"@type\":\"SearchAction\",\"target\":{\"@type\":\"EntryPoint\",\"urlTemplate\":\"https:\/\/subs.nomadcoffee.es\/ca\/?s={search_term_string}\"},\"query-input\":\"required name=search_term_string\"}],\"inLanguage\":\"ca\"},{\"@type\":\"Organization\",\"@id\":\"https:\/\/subs.nomadcoffee.es\/ca\/#organization\",\"name\":\"Nomad Coffee\",\"alternateName\":\"Nomad Coffee\",\"url\":\"https:\/\/subs.nomadcoffee.es\/ca\/\",\"logo\":{\"@type\":\"ImageObject\",\"inLanguage\":\"ca\",\"@id\":\"https:\/\/subs.nomadcoffee.es\/ca\/#\/schema\/logo\/image\/\",\"url\":\"https:\/\/nomadcoffee.es\/wp-content\/uploads\/2023\/05\/logo-Nomad.jpg\",\"contentUrl\":\"https:\/\/nomadcoffee.es\/wp-content\/uploads\/2023\/05\/logo-Nomad.jpg\",\"width\":200,\"height\":200,\"caption\":\"Nomad Coffee\"},\"image\":{\"@id\":\"https:\/\/subs.nomadcoffee.es\/ca\/#\/schema\/logo\/image\/\"}}]}<\/script>\n<!-- \/ Yoast SEO plugin. -->","yoast_head_json":{"title":"Omar Arango - NOMAD COFFEE","description":"Trobem notes a pruna groga, mel i pr\u00e9ssec. En boca, un cos net i rod\u00f3. El seu postgust \u00e9s llarg i dol\u00e7 amb una nota caracter\u00edstica de cacau en pols.","robots":{"index":"noindex","follow":"follow","max-snippet":"max-snippet:-1","max-image-preview":"max-image-preview:large","max-video-preview":"max-video-preview:-1"},"og_locale":"ca_ES","og_type":"article","og_title":"Omar Arango - NOMAD COFFEE","og_description":"Trobem notes a pruna groga, mel i pr\u00e9ssec. En boca, un cos net i rod\u00f3. El seu postgust \u00e9s llarg i dol\u00e7 amb una nota caracter\u00edstica de cacau en pols.","og_url":"https:\/\/subs.nomadcoffee.es\/ca\/producte\/omar-arango\/","og_site_name":"NOMAD","article_modified_time":"2023-03-02T10:31:58+00:00","og_image":[{"width":2000,"height":2000,"url":"https:\/\/subs.nomadcoffee.es\/wp-content\/uploads\/2022\/12\/E.CO_.OMA-copy-1.jpg","type":"image\/jpeg"}],"twitter_card":"summary_large_image","twitter_misc":{"Temps estimat de lectura":"1 minut"},"schema":{"@context":"https:\/\/schema.org","@graph":[{"@type":"WebPage","@id":"https:\/\/subs.nomadcoffee.es\/ca\/producte\/omar-arango\/","url":"https:\/\/subs.nomadcoffee.es\/ca\/producte\/omar-arango\/","name":"Omar Arango - NOMAD COFFEE","isPartOf":{"@id":"https:\/\/subs.nomadcoffee.es\/ca\/#website"},"datePublished":"2022-12-16T10:07:55+00:00","dateModified":"2023-03-02T10:31:58+00:00","description":"Trobem notes a pruna groga, mel i pr\u00e9ssec. En boca, un cos net i rod\u00f3. El seu postgust \u00e9s llarg i dol\u00e7 amb una nota caracter\u00edstica de cacau en pols.","breadcrumb":{"@id":"https:\/\/subs.nomadcoffee.es\/ca\/producte\/omar-arango\/#breadcrumb"},"inLanguage":"ca","potentialAction":[{"@type":"ReadAction","target":["https:\/\/subs.nomadcoffee.es\/ca\/producte\/omar-arango\/"]}]},{"@type":"BreadcrumbList","@id":"https:\/\/subs.nomadcoffee.es\/ca\/producte\/omar-arango\/#breadcrumb","itemListElement":[{"@type":"ListItem","position":1,"name":"Portada","item":"https:\/\/subs.nomadcoffee.es\/ca\/"},{"@type":"ListItem","position":2,"name":"Tienda","item":"https:\/\/subs.nomadcoffee.es\/tienda\/"},{"@type":"ListItem","position":3,"name":"Omar Arango"}]},{"@type":"WebSite","@id":"https:\/\/subs.nomadcoffee.es\/ca\/#website","url":"https:\/\/subs.nomadcoffee.es\/ca\/","name":"Nomad Coffee","description":"Caf\u00e9 de origen, tostado en Barcelona","publisher":{"@id":"https:\/\/subs.nomadcoffee.es\/ca\/#organization"},"alternateName":"Nomad Coffee","potentialAction":[{"@type":"SearchAction","target":{"@type":"EntryPoint","urlTemplate":"https:\/\/subs.nomadcoffee.es\/ca\/?s={search_term_string}"},"query-input":"required name=search_term_string"}],"inLanguage":"ca"},{"@type":"Organization","@id":"https:\/\/subs.nomadcoffee.es\/ca\/#organization","name":"Nomad Coffee","alternateName":"Nomad Coffee","url":"https:\/\/subs.nomadcoffee.es\/ca\/","logo":{"@type":"ImageObject","inLanguage":"ca","@id":"https:\/\/subs.nomadcoffee.es\/ca\/#\/schema\/logo\/image\/","url":"https:\/\/nomadcoffee.es\/wp-content\/uploads\/2023\/05\/logo-Nomad.jpg","contentUrl":"https:\/\/nomadcoffee.es\/wp-content\/uploads\/2023\/05\/logo-Nomad.jpg","width":200,"height":200,"caption":"Nomad Coffee"},"image":{"@id":"https:\/\/subs.nomadcoffee.es\/ca\/#\/schema\/logo\/image\/"}}]}},"_links":{"self":[{"href":"https:\/\/subs.nomadcoffee.es\/ca\/wp-json\/wp\/v2\/product\/75517"}],"collection":[{"href":"https:\/\/subs.nomadcoffee.es\/ca\/wp-json\/wp\/v2\/product"}],"about":[{"href":"https:\/\/subs.nomadcoffee.es\/ca\/wp-json\/wp\/v2\/types\/product"}],"wp:attachment":[{"href":"https:\/\/subs.nomadcoffee.es\/ca\/wp-json\/wp\/v2\/media?parent=75517"}],"wp:term":[{"taxonomy":"product_cat","embeddable":true,"href":"https:\/\/subs.nomadcoffee.es\/ca\/wp-json\/wp\/v2\/product_cat?post=75517"},{"taxonomy":"product_tag","embeddable":true,"href":"https:\/\/subs.nomadcoffee.es\/ca\/wp-json\/wp\/v2\/product_tag?post=75517"}],"curies":[{"name":"wp","href":"https:\/\/api.w.org\/{rel}","templated":true}]}}