{"id":75684,"date":"2022-12-20T13:00:02","date_gmt":"2022-12-20T12:00:02","guid":{"rendered":"https:\/\/nomadcoffee.es\/?post_type=product&#038;p=75684"},"modified":"2022-12-20T13:01:29","modified_gmt":"2022-12-20T12:01:29","slug":"sage-barista-express-impress","status":"publish","type":"product","link":"https:\/\/subs.nomadcoffee.es\/ca\/producte\/sage-barista-express-impress\/","title":{"rendered":"Sage Barista Express Impress"},"content":{"rendered":"","protected":false},"excerpt":{"rendered":"","protected":false},"featured_media":75675,"template":"","meta":[],"product_cat":[517],"product_tag":[],"acf":[],"yoast_head":"<!-- This site is optimized with the Yoast SEO plugin v22.6 - https:\/\/yoast.com\/wordpress\/plugins\/seo\/ -->\n<title>Sage Barista Express Impress - NOMAD COFFEE<\/title>\n<meta name=\"description\" content=\"Barista Express amb el sistema Impress\u2122 Puck. Aconsegueix la dosi perfecta i un premsat prec\u00eds, a m\u00e9s d&#039;evitar que el caf\u00e8 m\u00f2lt taqui la cafetera.\" \/>\n<meta name=\"robots\" content=\"noindex, follow, max-snippet:-1, max-image-preview:large, max-video-preview:-1\" \/>\n<meta property=\"og:locale\" content=\"ca_ES\" \/>\n<meta property=\"og:type\" content=\"article\" \/>\n<meta property=\"og:title\" content=\"Sage Barista Express Impress - NOMAD COFFEE\" \/>\n<meta property=\"og:description\" content=\"Barista Express amb el sistema Impress\u2122 Puck. Aconsegueix la dosi perfecta i un premsat prec\u00eds, a m\u00e9s d&#039;evitar que el caf\u00e8 m\u00f2lt taqui la cafetera.\" \/>\n<meta property=\"og:url\" content=\"https:\/\/subs.nomadcoffee.es\/ca\/producte\/sage-barista-express-impress\/\" \/>\n<meta property=\"og:site_name\" content=\"NOMAD\" \/>\n<meta property=\"article:modified_time\" content=\"2022-12-20T12:01:29+00:00\" \/>\n<meta property=\"og:image\" content=\"https:\/\/subs.nomadcoffee.es\/wp-content\/uploads\/2022\/12\/SAGE_THE_BARISTA_EXPRESS_IMPRESS_INOX.jpg\" \/>\n\t<meta property=\"og:image:width\" content=\"1000\" \/>\n\t<meta property=\"og:image:height\" content=\"1000\" \/>\n\t<meta property=\"og:image:type\" content=\"image\/jpeg\" \/>\n<meta name=\"twitter:card\" content=\"summary_large_image\" \/>\n<script type=\"application\/ld+json\" class=\"yoast-schema-graph\">{\"@context\":\"https:\/\/schema.org\",\"@graph\":[{\"@type\":\"WebPage\",\"@id\":\"https:\/\/subs.nomadcoffee.es\/ca\/producte\/sage-barista-express-impress\/\",\"url\":\"https:\/\/subs.nomadcoffee.es\/ca\/producte\/sage-barista-express-impress\/\",\"name\":\"Sage Barista Express Impress - NOMAD COFFEE\",\"isPartOf\":{\"@id\":\"https:\/\/subs.nomadcoffee.es\/ca\/#website\"},\"primaryImageOfPage\":{\"@id\":\"https:\/\/subs.nomadcoffee.es\/ca\/producte\/sage-barista-express-impress\/#primaryimage\"},\"image\":{\"@id\":\"https:\/\/subs.nomadcoffee.es\/ca\/producte\/sage-barista-express-impress\/#primaryimage\"},\"thumbnailUrl\":\"https:\/\/subs.nomadcoffee.es\/wp-content\/uploads\/2022\/12\/SAGE_THE_BARISTA_EXPRESS_IMPRESS_INOX.jpg\",\"datePublished\":\"2022-12-20T12:00:02+00:00\",\"dateModified\":\"2022-12-20T12:01:29+00:00\",\"description\":\"Barista Express amb el sistema Impress\u2122 Puck. Aconsegueix la dosi perfecta i un premsat prec\u00eds, a m\u00e9s d'evitar que el caf\u00e8 m\u00f2lt taqui la cafetera.\",\"breadcrumb\":{\"@id\":\"https:\/\/subs.nomadcoffee.es\/ca\/producte\/sage-barista-express-impress\/#breadcrumb\"},\"inLanguage\":\"ca\",\"potentialAction\":[{\"@type\":\"ReadAction\",\"target\":[\"https:\/\/subs.nomadcoffee.es\/ca\/producte\/sage-barista-express-impress\/\"]}]},{\"@type\":\"ImageObject\",\"inLanguage\":\"ca\",\"@id\":\"https:\/\/subs.nomadcoffee.es\/ca\/producte\/sage-barista-express-impress\/#primaryimage\",\"url\":\"https:\/\/subs.nomadcoffee.es\/wp-content\/uploads\/2022\/12\/SAGE_THE_BARISTA_EXPRESS_IMPRESS_INOX.jpg\",\"contentUrl\":\"https:\/\/subs.nomadcoffee.es\/wp-content\/uploads\/2022\/12\/SAGE_THE_BARISTA_EXPRESS_IMPRESS_INOX.jpg\",\"width\":1000,\"height\":1000},{\"@type\":\"BreadcrumbList\",\"@id\":\"https:\/\/subs.nomadcoffee.es\/ca\/producte\/sage-barista-express-impress\/#breadcrumb\",\"itemListElement\":[{\"@type\":\"ListItem\",\"position\":1,\"name\":\"Portada\",\"item\":\"https:\/\/subs.nomadcoffee.es\/ca\/\"},{\"@type\":\"ListItem\",\"position\":2,\"name\":\"Tienda\",\"item\":\"https:\/\/subs.nomadcoffee.es\/tienda\/\"},{\"@type\":\"ListItem\",\"position\":3,\"name\":\"Sage Barista Express Impress\"}]},{\"@type\":\"WebSite\",\"@id\":\"https:\/\/subs.nomadcoffee.es\/ca\/#website\",\"url\":\"https:\/\/subs.nomadcoffee.es\/ca\/\",\"name\":\"Nomad Coffee\",\"description\":\"Caf\u00e9 de origen, tostado en Barcelona\",\"publisher\":{\"@id\":\"https:\/\/subs.nomadcoffee.es\/ca\/#organization\"},\"alternateName\":\"Nomad Coffee\",\"potentialAction\":[{\"@type\":\"SearchAction\",\"target\":{\"@type\":\"EntryPoint\",\"urlTemplate\":\"https:\/\/subs.nomadcoffee.es\/ca\/?s={search_term_string}\"},\"query-input\":\"required name=search_term_string\"}],\"inLanguage\":\"ca\"},{\"@type\":\"Organization\",\"@id\":\"https:\/\/subs.nomadcoffee.es\/ca\/#organization\",\"name\":\"Nomad Coffee\",\"alternateName\":\"Nomad Coffee\",\"url\":\"https:\/\/subs.nomadcoffee.es\/ca\/\",\"logo\":{\"@type\":\"ImageObject\",\"inLanguage\":\"ca\",\"@id\":\"https:\/\/subs.nomadcoffee.es\/ca\/#\/schema\/logo\/image\/\",\"url\":\"https:\/\/nomadcoffee.es\/wp-content\/uploads\/2023\/05\/logo-Nomad.jpg\",\"contentUrl\":\"https:\/\/nomadcoffee.es\/wp-content\/uploads\/2023\/05\/logo-Nomad.jpg\",\"width\":200,\"height\":200,\"caption\":\"Nomad Coffee\"},\"image\":{\"@id\":\"https:\/\/subs.nomadcoffee.es\/ca\/#\/schema\/logo\/image\/\"}}]}<\/script>\n<!-- \/ Yoast SEO plugin. -->","yoast_head_json":{"title":"Sage Barista Express Impress - NOMAD COFFEE","description":"Barista Express amb el sistema Impress\u2122 Puck. Aconsegueix la dosi perfecta i un premsat prec\u00eds, a m\u00e9s d'evitar que el caf\u00e8 m\u00f2lt taqui la cafetera.","robots":{"index":"noindex","follow":"follow","max-snippet":"max-snippet:-1","max-image-preview":"max-image-preview:large","max-video-preview":"max-video-preview:-1"},"og_locale":"ca_ES","og_type":"article","og_title":"Sage Barista Express Impress - NOMAD COFFEE","og_description":"Barista Express amb el sistema Impress\u2122 Puck. Aconsegueix la dosi perfecta i un premsat prec\u00eds, a m\u00e9s d'evitar que el caf\u00e8 m\u00f2lt taqui la cafetera.","og_url":"https:\/\/subs.nomadcoffee.es\/ca\/producte\/sage-barista-express-impress\/","og_site_name":"NOMAD","article_modified_time":"2022-12-20T12:01:29+00:00","og_image":[{"width":1000,"height":1000,"url":"https:\/\/subs.nomadcoffee.es\/wp-content\/uploads\/2022\/12\/SAGE_THE_BARISTA_EXPRESS_IMPRESS_INOX.jpg","type":"image\/jpeg"}],"twitter_card":"summary_large_image","schema":{"@context":"https:\/\/schema.org","@graph":[{"@type":"WebPage","@id":"https:\/\/subs.nomadcoffee.es\/ca\/producte\/sage-barista-express-impress\/","url":"https:\/\/subs.nomadcoffee.es\/ca\/producte\/sage-barista-express-impress\/","name":"Sage Barista Express Impress - NOMAD COFFEE","isPartOf":{"@id":"https:\/\/subs.nomadcoffee.es\/ca\/#website"},"primaryImageOfPage":{"@id":"https:\/\/subs.nomadcoffee.es\/ca\/producte\/sage-barista-express-impress\/#primaryimage"},"image":{"@id":"https:\/\/subs.nomadcoffee.es\/ca\/producte\/sage-barista-express-impress\/#primaryimage"},"thumbnailUrl":"https:\/\/subs.nomadcoffee.es\/wp-content\/uploads\/2022\/12\/SAGE_THE_BARISTA_EXPRESS_IMPRESS_INOX.jpg","datePublished":"2022-12-20T12:00:02+00:00","dateModified":"2022-12-20T12:01:29+00:00","description":"Barista Express amb el sistema Impress\u2122 Puck. Aconsegueix la dosi perfecta i un premsat prec\u00eds, a m\u00e9s d'evitar que el caf\u00e8 m\u00f2lt taqui la cafetera.","breadcrumb":{"@id":"https:\/\/subs.nomadcoffee.es\/ca\/producte\/sage-barista-express-impress\/#breadcrumb"},"inLanguage":"ca","potentialAction":[{"@type":"ReadAction","target":["https:\/\/subs.nomadcoffee.es\/ca\/producte\/sage-barista-express-impress\/"]}]},{"@type":"ImageObject","inLanguage":"ca","@id":"https:\/\/subs.nomadcoffee.es\/ca\/producte\/sage-barista-express-impress\/#primaryimage","url":"https:\/\/subs.nomadcoffee.es\/wp-content\/uploads\/2022\/12\/SAGE_THE_BARISTA_EXPRESS_IMPRESS_INOX.jpg","contentUrl":"https:\/\/subs.nomadcoffee.es\/wp-content\/uploads\/2022\/12\/SAGE_THE_BARISTA_EXPRESS_IMPRESS_INOX.jpg","width":1000,"height":1000},{"@type":"BreadcrumbList","@id":"https:\/\/subs.nomadcoffee.es\/ca\/producte\/sage-barista-express-impress\/#breadcrumb","itemListElement":[{"@type":"ListItem","position":1,"name":"Portada","item":"https:\/\/subs.nomadcoffee.es\/ca\/"},{"@type":"ListItem","position":2,"name":"Tienda","item":"https:\/\/subs.nomadcoffee.es\/tienda\/"},{"@type":"ListItem","position":3,"name":"Sage Barista Express Impress"}]},{"@type":"WebSite","@id":"https:\/\/subs.nomadcoffee.es\/ca\/#website","url":"https:\/\/subs.nomadcoffee.es\/ca\/","name":"Nomad Coffee","description":"Caf\u00e9 de origen, tostado en Barcelona","publisher":{"@id":"https:\/\/subs.nomadcoffee.es\/ca\/#organization"},"alternateName":"Nomad Coffee","potentialAction":[{"@type":"SearchAction","target":{"@type":"EntryPoint","urlTemplate":"https:\/\/subs.nomadcoffee.es\/ca\/?s={search_term_string}"},"query-input":"required name=search_term_string"}],"inLanguage":"ca"},{"@type":"Organization","@id":"https:\/\/subs.nomadcoffee.es\/ca\/#organization","name":"Nomad Coffee","alternateName":"Nomad Coffee","url":"https:\/\/subs.nomadcoffee.es\/ca\/","logo":{"@type":"ImageObject","inLanguage":"ca","@id":"https:\/\/subs.nomadcoffee.es\/ca\/#\/schema\/logo\/image\/","url":"https:\/\/nomadcoffee.es\/wp-content\/uploads\/2023\/05\/logo-Nomad.jpg","contentUrl":"https:\/\/nomadcoffee.es\/wp-content\/uploads\/2023\/05\/logo-Nomad.jpg","width":200,"height":200,"caption":"Nomad Coffee"},"image":{"@id":"https:\/\/subs.nomadcoffee.es\/ca\/#\/schema\/logo\/image\/"}}]}},"_links":{"self":[{"href":"https:\/\/subs.nomadcoffee.es\/ca\/wp-json\/wp\/v2\/product\/75684"}],"collection":[{"href":"https:\/\/subs.nomadcoffee.es\/ca\/wp-json\/wp\/v2\/product"}],"about":[{"href":"https:\/\/subs.nomadcoffee.es\/ca\/wp-json\/wp\/v2\/types\/product"}],"wp:featuredmedia":[{"embeddable":true,"href":"https:\/\/subs.nomadcoffee.es\/ca\/wp-json\/wp\/v2\/media\/75675"}],"wp:attachment":[{"href":"https:\/\/subs.nomadcoffee.es\/ca\/wp-json\/wp\/v2\/media?parent=75684"}],"wp:term":[{"taxonomy":"product_cat","embeddable":true,"href":"https:\/\/subs.nomadcoffee.es\/ca\/wp-json\/wp\/v2\/product_cat?post=75684"},{"taxonomy":"product_tag","embeddable":true,"href":"https:\/\/subs.nomadcoffee.es\/ca\/wp-json\/wp\/v2\/product_tag?post=75684"}],"curies":[{"name":"wp","href":"https:\/\/api.w.org\/{rel}","templated":true}]}}