{"id":81993,"date":"2023-06-13T10:24:46","date_gmt":"2023-06-13T08:24:46","guid":{"rendered":"https:\/\/nomadcoffee.es\/?post_type=product&#038;p=81993"},"modified":"2023-06-19T09:00:46","modified_gmt":"2023-06-19T07:00:46","slug":"churro","status":"publish","type":"product","link":"https:\/\/subs.nomadcoffee.es\/ca\/producte\/churro\/","title":{"rendered":"CA Churro"},"content":{"rendered":"<p>Propietat del Diego Robelo i la seva fam\u00edlia, ubicada al volc\u00e0 Turrialba a 1400 msnm, Entre R\u00edos \u00e9s la plantaci\u00f3 de caf\u00e9 m\u00e9s gran de Costa Rica. El terreny est\u00e0 seccionat per diverses lleres d\u2019aigua que connecten els dos grans rius que envolten la finca, el Turrialba i l\u2019Aquiares. \u00c9s un paratge natural majestu\u00f3s on encara es poden trobar vestigis de la petita comunitat precolombina que habitava la zona fa cents d\u2019anys. Aquest \u00e9s el set\u00e8 any consecutiu en qu\u00e8 treballem junts i \u00e9s el sis\u00e8 on fem tracte directe. <\/p>\n<p>A Nomad negociem el preu directament amb en Diego, ell fa d\u2019exportador de manera que aquesta comissi\u00f3 es queda a la finca. Nosaltres fem d\u2019importadors, contractant el contenidor directe des de Costa Rica fins a Barcelona.<\/p>\n<p>La varietat Centroamericano \u00e9s un h\u00edbrid F1 obtingut a partir del creuament de Sarchimor T5296 i Sudan Rum\u00e9. \u00c9s resistent a malalties com la Roya i d\u2019alt rendiment. \u00c9s la mateixa varietat que en Diego i el seu equip va utilitzar per a crear els lots que composen el nostre pack de processos.<\/p>\n<p><b>Proc\u00e9s<\/b><br \/>\nLes cireres completament madures es porten a l&#8217;estaci\u00f3 de rentat, on se separen els flotadors. A continuaci\u00f3, les cireres m\u00e9s denses s&#8217;emboliquen en un pl\u00e0stic que captura la calor i se segella per crear un entorn an\u00f2xic. A continuaci\u00f3, es col\u00b7loquen aquests cilindres (que semblen xurros) a l&#8217;interior de l&#8217;hivernacle, on el sol els escalfa per promoure una fermentaci\u00f3 t\u00e8rmica de les cireres de caf\u00e8. Aquesta fermentaci\u00f3 triga al voltant de 3 dies a acabar. Un cop acabada la fermentaci\u00f3, les cireres s&#8217;assequen al sol durant 15 dies abans de guardar-les en sacs durant 3 mesos per al rep\u00f2s.<\/p>\n","protected":false},"excerpt":{"rendered":"<p>Propietat del Diego Robelo i la seva fam\u00edlia, ubicada al volc\u00e0 Turrialba a 1400 msnm, Entre R\u00edos \u00e9s la plantaci\u00f3 [&hellip;]<\/p>\n","protected":false},"featured_media":81965,"template":"","meta":[],"product_cat":[137,476],"product_tag":[1178,602,599],"acf":[],"yoast_head":"<!-- This site is optimized with the Yoast SEO plugin v22.6 - https:\/\/yoast.com\/wordpress\/plugins\/seo\/ -->\n<title>CA Churro - NOMAD COFFEE<\/title>\n<meta name=\"description\" content=\"Heavy i complex. Aromes de nibs de cacau, hibisc i pruna. Sabors a nibs de cacau, pa de pl\u00e0tan i panses, acidesa vinosa i un regust sed\u00f3s i dol\u00e7.\" \/>\n<meta name=\"robots\" content=\"noindex, follow, max-snippet:-1, max-image-preview:large, max-video-preview:-1\" \/>\n<meta property=\"og:locale\" content=\"ca_ES\" \/>\n<meta property=\"og:type\" content=\"article\" \/>\n<meta property=\"og:title\" content=\"CA Churro - NOMAD COFFEE\" \/>\n<meta property=\"og:description\" content=\"Heavy i complex. Aromes de nibs de cacau, hibisc i pruna. Sabors a nibs de cacau, pa de pl\u00e0tan i panses, acidesa vinosa i un regust sed\u00f3s i dol\u00e7.\" \/>\n<meta property=\"og:url\" content=\"https:\/\/subs.nomadcoffee.es\/ca\/producte\/churro\/\" \/>\n<meta property=\"og:site_name\" content=\"NOMAD\" \/>\n<meta property=\"article:modified_time\" content=\"2023-06-19T07:00:46+00:00\" \/>\n<meta property=\"og:image\" content=\"https:\/\/subs.nomadcoffee.es\/wp-content\/uploads\/2023\/06\/F.CR_.CHU_.jpg\" \/>\n\t<meta property=\"og:image:width\" content=\"2000\" \/>\n\t<meta property=\"og:image:height\" content=\"2000\" \/>\n\t<meta property=\"og:image:type\" content=\"image\/jpeg\" \/>\n<meta name=\"twitter:card\" content=\"summary_large_image\" \/>\n<meta name=\"twitter:label1\" content=\"Temps estimat de lectura\" \/>\n\t<meta name=\"twitter:data1\" content=\"2 minuts\" \/>\n<script type=\"application\/ld+json\" class=\"yoast-schema-graph\">{\"@context\":\"https:\/\/schema.org\",\"@graph\":[{\"@type\":\"WebPage\",\"@id\":\"https:\/\/subs.nomadcoffee.es\/ca\/producte\/churro\/\",\"url\":\"https:\/\/subs.nomadcoffee.es\/ca\/producte\/churro\/\",\"name\":\"CA Churro - NOMAD COFFEE\",\"isPartOf\":{\"@id\":\"https:\/\/subs.nomadcoffee.es\/ca\/#website\"},\"primaryImageOfPage\":{\"@id\":\"https:\/\/subs.nomadcoffee.es\/ca\/producte\/churro\/#primaryimage\"},\"image\":{\"@id\":\"https:\/\/subs.nomadcoffee.es\/ca\/producte\/churro\/#primaryimage\"},\"thumbnailUrl\":\"https:\/\/subs.nomadcoffee.es\/wp-content\/uploads\/2023\/06\/F.CR_.CHU_.jpg\",\"datePublished\":\"2023-06-13T08:24:46+00:00\",\"dateModified\":\"2023-06-19T07:00:46+00:00\",\"description\":\"Heavy i complex. Aromes de nibs de cacau, hibisc i pruna. Sabors a nibs de cacau, pa de pl\u00e0tan i panses, acidesa vinosa i un regust sed\u00f3s i dol\u00e7.\",\"breadcrumb\":{\"@id\":\"https:\/\/subs.nomadcoffee.es\/ca\/producte\/churro\/#breadcrumb\"},\"inLanguage\":\"ca\",\"potentialAction\":[{\"@type\":\"ReadAction\",\"target\":[\"https:\/\/subs.nomadcoffee.es\/ca\/producte\/churro\/\"]}]},{\"@type\":\"ImageObject\",\"inLanguage\":\"ca\",\"@id\":\"https:\/\/subs.nomadcoffee.es\/ca\/producte\/churro\/#primaryimage\",\"url\":\"https:\/\/subs.nomadcoffee.es\/wp-content\/uploads\/2023\/06\/F.CR_.CHU_.jpg\",\"contentUrl\":\"https:\/\/subs.nomadcoffee.es\/wp-content\/uploads\/2023\/06\/F.CR_.CHU_.jpg\",\"width\":2000,\"height\":2000},{\"@type\":\"BreadcrumbList\",\"@id\":\"https:\/\/subs.nomadcoffee.es\/ca\/producte\/churro\/#breadcrumb\",\"itemListElement\":[{\"@type\":\"ListItem\",\"position\":1,\"name\":\"Portada\",\"item\":\"https:\/\/subs.nomadcoffee.es\/ca\/\"},{\"@type\":\"ListItem\",\"position\":2,\"name\":\"Tienda\",\"item\":\"https:\/\/subs.nomadcoffee.es\/tienda\/\"},{\"@type\":\"ListItem\",\"position\":3,\"name\":\"CA Churro\"}]},{\"@type\":\"WebSite\",\"@id\":\"https:\/\/subs.nomadcoffee.es\/ca\/#website\",\"url\":\"https:\/\/subs.nomadcoffee.es\/ca\/\",\"name\":\"Nomad Coffee\",\"description\":\"Caf\u00e9 de origen, tostado en Barcelona\",\"publisher\":{\"@id\":\"https:\/\/subs.nomadcoffee.es\/ca\/#organization\"},\"alternateName\":\"Nomad Coffee\",\"potentialAction\":[{\"@type\":\"SearchAction\",\"target\":{\"@type\":\"EntryPoint\",\"urlTemplate\":\"https:\/\/subs.nomadcoffee.es\/ca\/?s={search_term_string}\"},\"query-input\":\"required name=search_term_string\"}],\"inLanguage\":\"ca\"},{\"@type\":\"Organization\",\"@id\":\"https:\/\/subs.nomadcoffee.es\/ca\/#organization\",\"name\":\"Nomad Coffee\",\"alternateName\":\"Nomad Coffee\",\"url\":\"https:\/\/subs.nomadcoffee.es\/ca\/\",\"logo\":{\"@type\":\"ImageObject\",\"inLanguage\":\"ca\",\"@id\":\"https:\/\/subs.nomadcoffee.es\/ca\/#\/schema\/logo\/image\/\",\"url\":\"https:\/\/nomadcoffee.es\/wp-content\/uploads\/2023\/05\/logo-Nomad.jpg\",\"contentUrl\":\"https:\/\/nomadcoffee.es\/wp-content\/uploads\/2023\/05\/logo-Nomad.jpg\",\"width\":200,\"height\":200,\"caption\":\"Nomad Coffee\"},\"image\":{\"@id\":\"https:\/\/subs.nomadcoffee.es\/ca\/#\/schema\/logo\/image\/\"}}]}<\/script>\n<!-- \/ Yoast SEO plugin. -->","yoast_head_json":{"title":"CA Churro - NOMAD COFFEE","description":"Heavy i complex. Aromes de nibs de cacau, hibisc i pruna. Sabors a nibs de cacau, pa de pl\u00e0tan i panses, acidesa vinosa i un regust sed\u00f3s i dol\u00e7.","robots":{"index":"noindex","follow":"follow","max-snippet":"max-snippet:-1","max-image-preview":"max-image-preview:large","max-video-preview":"max-video-preview:-1"},"og_locale":"ca_ES","og_type":"article","og_title":"CA Churro - NOMAD COFFEE","og_description":"Heavy i complex. Aromes de nibs de cacau, hibisc i pruna. Sabors a nibs de cacau, pa de pl\u00e0tan i panses, acidesa vinosa i un regust sed\u00f3s i dol\u00e7.","og_url":"https:\/\/subs.nomadcoffee.es\/ca\/producte\/churro\/","og_site_name":"NOMAD","article_modified_time":"2023-06-19T07:00:46+00:00","og_image":[{"width":2000,"height":2000,"url":"https:\/\/subs.nomadcoffee.es\/wp-content\/uploads\/2023\/06\/F.CR_.CHU_.jpg","type":"image\/jpeg"}],"twitter_card":"summary_large_image","twitter_misc":{"Temps estimat de lectura":"2 minuts"},"schema":{"@context":"https:\/\/schema.org","@graph":[{"@type":"WebPage","@id":"https:\/\/subs.nomadcoffee.es\/ca\/producte\/churro\/","url":"https:\/\/subs.nomadcoffee.es\/ca\/producte\/churro\/","name":"CA Churro - NOMAD COFFEE","isPartOf":{"@id":"https:\/\/subs.nomadcoffee.es\/ca\/#website"},"primaryImageOfPage":{"@id":"https:\/\/subs.nomadcoffee.es\/ca\/producte\/churro\/#primaryimage"},"image":{"@id":"https:\/\/subs.nomadcoffee.es\/ca\/producte\/churro\/#primaryimage"},"thumbnailUrl":"https:\/\/subs.nomadcoffee.es\/wp-content\/uploads\/2023\/06\/F.CR_.CHU_.jpg","datePublished":"2023-06-13T08:24:46+00:00","dateModified":"2023-06-19T07:00:46+00:00","description":"Heavy i complex. Aromes de nibs de cacau, hibisc i pruna. Sabors a nibs de cacau, pa de pl\u00e0tan i panses, acidesa vinosa i un regust sed\u00f3s i dol\u00e7.","breadcrumb":{"@id":"https:\/\/subs.nomadcoffee.es\/ca\/producte\/churro\/#breadcrumb"},"inLanguage":"ca","potentialAction":[{"@type":"ReadAction","target":["https:\/\/subs.nomadcoffee.es\/ca\/producte\/churro\/"]}]},{"@type":"ImageObject","inLanguage":"ca","@id":"https:\/\/subs.nomadcoffee.es\/ca\/producte\/churro\/#primaryimage","url":"https:\/\/subs.nomadcoffee.es\/wp-content\/uploads\/2023\/06\/F.CR_.CHU_.jpg","contentUrl":"https:\/\/subs.nomadcoffee.es\/wp-content\/uploads\/2023\/06\/F.CR_.CHU_.jpg","width":2000,"height":2000},{"@type":"BreadcrumbList","@id":"https:\/\/subs.nomadcoffee.es\/ca\/producte\/churro\/#breadcrumb","itemListElement":[{"@type":"ListItem","position":1,"name":"Portada","item":"https:\/\/subs.nomadcoffee.es\/ca\/"},{"@type":"ListItem","position":2,"name":"Tienda","item":"https:\/\/subs.nomadcoffee.es\/tienda\/"},{"@type":"ListItem","position":3,"name":"CA Churro"}]},{"@type":"WebSite","@id":"https:\/\/subs.nomadcoffee.es\/ca\/#website","url":"https:\/\/subs.nomadcoffee.es\/ca\/","name":"Nomad Coffee","description":"Caf\u00e9 de origen, tostado en Barcelona","publisher":{"@id":"https:\/\/subs.nomadcoffee.es\/ca\/#organization"},"alternateName":"Nomad Coffee","potentialAction":[{"@type":"SearchAction","target":{"@type":"EntryPoint","urlTemplate":"https:\/\/subs.nomadcoffee.es\/ca\/?s={search_term_string}"},"query-input":"required name=search_term_string"}],"inLanguage":"ca"},{"@type":"Organization","@id":"https:\/\/subs.nomadcoffee.es\/ca\/#organization","name":"Nomad Coffee","alternateName":"Nomad Coffee","url":"https:\/\/subs.nomadcoffee.es\/ca\/","logo":{"@type":"ImageObject","inLanguage":"ca","@id":"https:\/\/subs.nomadcoffee.es\/ca\/#\/schema\/logo\/image\/","url":"https:\/\/nomadcoffee.es\/wp-content\/uploads\/2023\/05\/logo-Nomad.jpg","contentUrl":"https:\/\/nomadcoffee.es\/wp-content\/uploads\/2023\/05\/logo-Nomad.jpg","width":200,"height":200,"caption":"Nomad Coffee"},"image":{"@id":"https:\/\/subs.nomadcoffee.es\/ca\/#\/schema\/logo\/image\/"}}]}},"_links":{"self":[{"href":"https:\/\/subs.nomadcoffee.es\/ca\/wp-json\/wp\/v2\/product\/81993"}],"collection":[{"href":"https:\/\/subs.nomadcoffee.es\/ca\/wp-json\/wp\/v2\/product"}],"about":[{"href":"https:\/\/subs.nomadcoffee.es\/ca\/wp-json\/wp\/v2\/types\/product"}],"wp:featuredmedia":[{"embeddable":true,"href":"https:\/\/subs.nomadcoffee.es\/ca\/wp-json\/wp\/v2\/media\/81965"}],"wp:attachment":[{"href":"https:\/\/subs.nomadcoffee.es\/ca\/wp-json\/wp\/v2\/media?parent=81993"}],"wp:term":[{"taxonomy":"product_cat","embeddable":true,"href":"https:\/\/subs.nomadcoffee.es\/ca\/wp-json\/wp\/v2\/product_cat?post=81993"},{"taxonomy":"product_tag","embeddable":true,"href":"https:\/\/subs.nomadcoffee.es\/ca\/wp-json\/wp\/v2\/product_tag?post=81993"}],"curies":[{"name":"wp","href":"https:\/\/api.w.org\/{rel}","templated":true}]}}