{"id":82232,"date":"2023-06-19T12:26:06","date_gmt":"2023-06-19T10:26:06","guid":{"rendered":"https:\/\/nomadcoffee.es\/?post_type=product&#038;p=82232"},"modified":"2023-07-05T16:06:39","modified_gmt":"2023-07-05T14:06:39","slug":"pacamara-acacia-hills","status":"publish","type":"product","link":"https:\/\/subs.nomadcoffee.es\/ca\/producte\/pacamara-acacia-hills\/","title":{"rendered":"Pacamara Acacia Hills"},"content":{"rendered":"<p>Des de la temporada passada, el Le\u00f3n est\u00e0 implementant diverses mesures per millorar la qualitat del seu caf\u00e8. Estan vigilant de prop cada pas del proc\u00e9s, des de la recol\u00b7lecci\u00f3 a la granja fins a l&#8217;emmagatzematge en sec. A m\u00e9s, nom\u00e9s permeten que les cireres de caf\u00e8 completament madures, de color vermell brillant i vermell fosc, siguin enviades a trav\u00e9s de la m\u00e0quina despolpadora. Aquest esfor\u00e7 garantir\u00e0 que s&#8217;entregui un producte d&#8217;alta qualitat als seus clients com nosaltres a NOMAD.<\/p>\n<p>Aquest any, el Leon i el Jovin s&#8217;han esfor\u00e7at molt per assegurar-se que tot el caf\u00e8 d&#8217;Acacia Hill sigui de alta qualitat. La seva dedicaci\u00f3 a l&#8217;excel\u00b7l\u00e8ncia \u00e9s evident en cada tassa de caf\u00e8 que produeixen.<\/p>\n<p><b>Proc\u00e9s<\/b><br \/>\nEl proc\u00e9s de classificaci\u00f3 de les cireres comen\u00e7a al camp i s&#8217;est\u00e9n fins a l&#8217;estaci\u00f3 de rentat, on es realitza el despolpat durant la nit. Despr\u00e9s, el caf\u00e8 passa per un proc\u00e9s de fermentaci\u00f3 que dura al voltant de 12 a 13 hores. Durant aquest per\u00edode, es fa un seguiment constant per controlar el nivell de fermentaci\u00f3. Una vegada completada la fermentaci\u00f3, el caf\u00e8 s&#8217;esbandeix i es classifica, separant els grans en categories P1, P2 i els flotants.<\/p>\n<p>A continuaci\u00f3, s&#8217;inicia el proc\u00e9s de secat, que pot durar entre 13 i 16 dies depenent del clima. Durant aquest temps, es busca que el pergami assoli una humitat del 12% en els llits de secat. Una vegada el pergami est\u00e0 sec, es trasllada a una \u00e0rea d&#8217;emmagatzematge adequada, protegida del sol i amb condicions \u00f2ptimes d&#8217;humitat.<\/p>\n","protected":false},"excerpt":{"rendered":"<p>Des de la temporada passada, el Le\u00f3n est\u00e0 implementant diverses mesures per millorar la qualitat del seu caf\u00e8. Estan vigilant [&hellip;]<\/p>\n","protected":false},"featured_media":0,"template":"","meta":[],"product_cat":[137,475,476],"product_tag":[1056,612,706],"acf":[],"yoast_head":"<!-- This site is optimized with the Yoast SEO plugin v22.6 - https:\/\/yoast.com\/wordpress\/plugins\/seo\/ -->\n<title>Pacamara Acacia Hills - NOMAD COFFEE<\/title>\n<meta name=\"description\" content=\"Aromes tropicals intensos de maracuj\u00e0 i tamarindo. Cos crem\u00f3s, acidesa brillant i sabors fruitals destacats. Postgust llarg i dol\u00e7 com la mel.\" \/>\n<meta name=\"robots\" content=\"noindex, follow, max-snippet:-1, max-image-preview:large, max-video-preview:-1\" \/>\n<meta property=\"og:locale\" content=\"ca_ES\" \/>\n<meta property=\"og:type\" content=\"article\" \/>\n<meta property=\"og:title\" content=\"Pacamara Acacia Hills - NOMAD COFFEE\" \/>\n<meta property=\"og:description\" content=\"Aromes tropicals intensos de maracuj\u00e0 i tamarindo. Cos crem\u00f3s, acidesa brillant i sabors fruitals destacats. Postgust llarg i dol\u00e7 com la mel.\" \/>\n<meta property=\"og:url\" content=\"https:\/\/subs.nomadcoffee.es\/ca\/producte\/pacamara-acacia-hills\/\" \/>\n<meta property=\"og:site_name\" content=\"NOMAD\" \/>\n<meta property=\"article:modified_time\" content=\"2023-07-05T14:06:39+00:00\" \/>\n<meta property=\"og:image\" content=\"https:\/\/subs.nomadcoffee.es\/wp-content\/uploads\/2023\/06\/C.TZ_.PACA_.jpg\" \/>\n\t<meta property=\"og:image:width\" content=\"2000\" \/>\n\t<meta property=\"og:image:height\" content=\"2000\" \/>\n\t<meta property=\"og:image:type\" content=\"image\/jpeg\" \/>\n<meta name=\"twitter:card\" content=\"summary_large_image\" \/>\n<meta name=\"twitter:label1\" content=\"Temps estimat de lectura\" \/>\n\t<meta name=\"twitter:data1\" content=\"2 minuts\" \/>\n<script type=\"application\/ld+json\" class=\"yoast-schema-graph\">{\"@context\":\"https:\/\/schema.org\",\"@graph\":[{\"@type\":\"WebPage\",\"@id\":\"https:\/\/subs.nomadcoffee.es\/ca\/producte\/pacamara-acacia-hills\/\",\"url\":\"https:\/\/subs.nomadcoffee.es\/ca\/producte\/pacamara-acacia-hills\/\",\"name\":\"Pacamara Acacia Hills - NOMAD COFFEE\",\"isPartOf\":{\"@id\":\"https:\/\/subs.nomadcoffee.es\/ca\/#website\"},\"datePublished\":\"2023-06-19T10:26:06+00:00\",\"dateModified\":\"2023-07-05T14:06:39+00:00\",\"description\":\"Aromes tropicals intensos de maracuj\u00e0 i tamarindo. Cos crem\u00f3s, acidesa brillant i sabors fruitals destacats. Postgust llarg i dol\u00e7 com la mel.\",\"breadcrumb\":{\"@id\":\"https:\/\/subs.nomadcoffee.es\/ca\/producte\/pacamara-acacia-hills\/#breadcrumb\"},\"inLanguage\":\"ca\",\"potentialAction\":[{\"@type\":\"ReadAction\",\"target\":[\"https:\/\/subs.nomadcoffee.es\/ca\/producte\/pacamara-acacia-hills\/\"]}]},{\"@type\":\"BreadcrumbList\",\"@id\":\"https:\/\/subs.nomadcoffee.es\/ca\/producte\/pacamara-acacia-hills\/#breadcrumb\",\"itemListElement\":[{\"@type\":\"ListItem\",\"position\":1,\"name\":\"Portada\",\"item\":\"https:\/\/subs.nomadcoffee.es\/ca\/\"},{\"@type\":\"ListItem\",\"position\":2,\"name\":\"Tienda\",\"item\":\"https:\/\/subs.nomadcoffee.es\/tienda\/\"},{\"@type\":\"ListItem\",\"position\":3,\"name\":\"Pacamara Acacia Hills\"}]},{\"@type\":\"WebSite\",\"@id\":\"https:\/\/subs.nomadcoffee.es\/ca\/#website\",\"url\":\"https:\/\/subs.nomadcoffee.es\/ca\/\",\"name\":\"Nomad Coffee\",\"description\":\"Caf\u00e9 de origen, tostado en Barcelona\",\"publisher\":{\"@id\":\"https:\/\/subs.nomadcoffee.es\/ca\/#organization\"},\"alternateName\":\"Nomad Coffee\",\"potentialAction\":[{\"@type\":\"SearchAction\",\"target\":{\"@type\":\"EntryPoint\",\"urlTemplate\":\"https:\/\/subs.nomadcoffee.es\/ca\/?s={search_term_string}\"},\"query-input\":\"required name=search_term_string\"}],\"inLanguage\":\"ca\"},{\"@type\":\"Organization\",\"@id\":\"https:\/\/subs.nomadcoffee.es\/ca\/#organization\",\"name\":\"Nomad Coffee\",\"alternateName\":\"Nomad Coffee\",\"url\":\"https:\/\/subs.nomadcoffee.es\/ca\/\",\"logo\":{\"@type\":\"ImageObject\",\"inLanguage\":\"ca\",\"@id\":\"https:\/\/subs.nomadcoffee.es\/ca\/#\/schema\/logo\/image\/\",\"url\":\"https:\/\/nomadcoffee.es\/wp-content\/uploads\/2023\/05\/logo-Nomad.jpg\",\"contentUrl\":\"https:\/\/nomadcoffee.es\/wp-content\/uploads\/2023\/05\/logo-Nomad.jpg\",\"width\":200,\"height\":200,\"caption\":\"Nomad Coffee\"},\"image\":{\"@id\":\"https:\/\/subs.nomadcoffee.es\/ca\/#\/schema\/logo\/image\/\"}}]}<\/script>\n<!-- \/ Yoast SEO plugin. -->","yoast_head_json":{"title":"Pacamara Acacia Hills - NOMAD COFFEE","description":"Aromes tropicals intensos de maracuj\u00e0 i tamarindo. Cos crem\u00f3s, acidesa brillant i sabors fruitals destacats. Postgust llarg i dol\u00e7 com la mel.","robots":{"index":"noindex","follow":"follow","max-snippet":"max-snippet:-1","max-image-preview":"max-image-preview:large","max-video-preview":"max-video-preview:-1"},"og_locale":"ca_ES","og_type":"article","og_title":"Pacamara Acacia Hills - NOMAD COFFEE","og_description":"Aromes tropicals intensos de maracuj\u00e0 i tamarindo. Cos crem\u00f3s, acidesa brillant i sabors fruitals destacats. Postgust llarg i dol\u00e7 com la mel.","og_url":"https:\/\/subs.nomadcoffee.es\/ca\/producte\/pacamara-acacia-hills\/","og_site_name":"NOMAD","article_modified_time":"2023-07-05T14:06:39+00:00","og_image":[{"width":2000,"height":2000,"url":"https:\/\/subs.nomadcoffee.es\/wp-content\/uploads\/2023\/06\/C.TZ_.PACA_.jpg","type":"image\/jpeg"}],"twitter_card":"summary_large_image","twitter_misc":{"Temps estimat de lectura":"2 minuts"},"schema":{"@context":"https:\/\/schema.org","@graph":[{"@type":"WebPage","@id":"https:\/\/subs.nomadcoffee.es\/ca\/producte\/pacamara-acacia-hills\/","url":"https:\/\/subs.nomadcoffee.es\/ca\/producte\/pacamara-acacia-hills\/","name":"Pacamara Acacia Hills - NOMAD COFFEE","isPartOf":{"@id":"https:\/\/subs.nomadcoffee.es\/ca\/#website"},"datePublished":"2023-06-19T10:26:06+00:00","dateModified":"2023-07-05T14:06:39+00:00","description":"Aromes tropicals intensos de maracuj\u00e0 i tamarindo. Cos crem\u00f3s, acidesa brillant i sabors fruitals destacats. Postgust llarg i dol\u00e7 com la mel.","breadcrumb":{"@id":"https:\/\/subs.nomadcoffee.es\/ca\/producte\/pacamara-acacia-hills\/#breadcrumb"},"inLanguage":"ca","potentialAction":[{"@type":"ReadAction","target":["https:\/\/subs.nomadcoffee.es\/ca\/producte\/pacamara-acacia-hills\/"]}]},{"@type":"BreadcrumbList","@id":"https:\/\/subs.nomadcoffee.es\/ca\/producte\/pacamara-acacia-hills\/#breadcrumb","itemListElement":[{"@type":"ListItem","position":1,"name":"Portada","item":"https:\/\/subs.nomadcoffee.es\/ca\/"},{"@type":"ListItem","position":2,"name":"Tienda","item":"https:\/\/subs.nomadcoffee.es\/tienda\/"},{"@type":"ListItem","position":3,"name":"Pacamara Acacia Hills"}]},{"@type":"WebSite","@id":"https:\/\/subs.nomadcoffee.es\/ca\/#website","url":"https:\/\/subs.nomadcoffee.es\/ca\/","name":"Nomad Coffee","description":"Caf\u00e9 de origen, tostado en Barcelona","publisher":{"@id":"https:\/\/subs.nomadcoffee.es\/ca\/#organization"},"alternateName":"Nomad Coffee","potentialAction":[{"@type":"SearchAction","target":{"@type":"EntryPoint","urlTemplate":"https:\/\/subs.nomadcoffee.es\/ca\/?s={search_term_string}"},"query-input":"required name=search_term_string"}],"inLanguage":"ca"},{"@type":"Organization","@id":"https:\/\/subs.nomadcoffee.es\/ca\/#organization","name":"Nomad Coffee","alternateName":"Nomad Coffee","url":"https:\/\/subs.nomadcoffee.es\/ca\/","logo":{"@type":"ImageObject","inLanguage":"ca","@id":"https:\/\/subs.nomadcoffee.es\/ca\/#\/schema\/logo\/image\/","url":"https:\/\/nomadcoffee.es\/wp-content\/uploads\/2023\/05\/logo-Nomad.jpg","contentUrl":"https:\/\/nomadcoffee.es\/wp-content\/uploads\/2023\/05\/logo-Nomad.jpg","width":200,"height":200,"caption":"Nomad Coffee"},"image":{"@id":"https:\/\/subs.nomadcoffee.es\/ca\/#\/schema\/logo\/image\/"}}]}},"_links":{"self":[{"href":"https:\/\/subs.nomadcoffee.es\/ca\/wp-json\/wp\/v2\/product\/82232"}],"collection":[{"href":"https:\/\/subs.nomadcoffee.es\/ca\/wp-json\/wp\/v2\/product"}],"about":[{"href":"https:\/\/subs.nomadcoffee.es\/ca\/wp-json\/wp\/v2\/types\/product"}],"wp:attachment":[{"href":"https:\/\/subs.nomadcoffee.es\/ca\/wp-json\/wp\/v2\/media?parent=82232"}],"wp:term":[{"taxonomy":"product_cat","embeddable":true,"href":"https:\/\/subs.nomadcoffee.es\/ca\/wp-json\/wp\/v2\/product_cat?post=82232"},{"taxonomy":"product_tag","embeddable":true,"href":"https:\/\/subs.nomadcoffee.es\/ca\/wp-json\/wp\/v2\/product_tag?post=82232"}],"curies":[{"name":"wp","href":"https:\/\/api.w.org\/{rel}","templated":true}]}}