{"id":83242,"date":"2023-07-17T13:38:58","date_gmt":"2023-07-17T11:38:58","guid":{"rendered":"https:\/\/nomadcoffee.es\/?post_type=product&#038;p=83242"},"modified":"2023-07-27T10:16:41","modified_gmt":"2023-07-27T08:16:41","slug":"nyanjuki-aa","status":"publish","type":"product","link":"https:\/\/subs.nomadcoffee.es\/ca\/producte\/nyanjuki-aa\/","title":{"rendered":"Nyanjuki AA"},"content":{"rendered":"<p>No us preocupeu, no hem deixat de col\u00b7laborar amb Faith Estate com fem religiosament cada any, nom\u00e9s el grup ha canviat de nom a: Nyanjuki Group. \ud83d\ude42<\/p>\n<p>Aquest grup segueix situat a la regi\u00f3 de Kirinyaga, al centre del Kenya. De la mateixa manera que succeeix en molts altres pa\u00efsos on es cultiva el caf\u00e8, al Kenya els petits productors s&#8217;agrupen en centenars de cooperatives agr\u00edcoles locals per comercialitzar el seu caf\u00e8. Hi ha 9 membres del grup de productores Nyanjuki. Cadascuna d&#8217;elles posseeix i opera una petita finca en aquesta mateixa zona i totes elles estan compromeses a produir caf\u00e8 d&#8217;alta qualitat mentre augmenten la seva capacitat de producci\u00f3.<\/p>\n<p><b>Proc\u00e9s<\/b><br \/>\nEl caf\u00e8 \u00e9s una barreja dels 9 lots d&#8217;aquestes productores. Cada una, a la seva pr\u00f2pia finca, selecciona i classifica visualment les cireres abans d&#8217;espolsegar-les. El caf\u00e8 fermenta en un dip\u00f2sit durant 12 hores. A continuaci\u00f3, el pergam\u00ed es renta amb aigua neta i s&#8217;ubica en llits elevats per al seu assecament. El pergam\u00ed es mou amb freq\u00fc\u00e8ncia per assegurar que l&#8217;assecat sigui uniforme, i aquest proc\u00e9s de secat t\u00e9 una durada aproximada de 14 dies.<\/p>\n","protected":false},"excerpt":{"rendered":"<p>No us preocupeu, no hem deixat de col\u00b7laborar amb Faith Estate com fem religiosament cada any, nom\u00e9s el grup ha [&hellip;]<\/p>\n","protected":false},"featured_media":83229,"template":"","meta":[],"product_cat":[137,475],"product_tag":[975,613,598],"acf":[],"yoast_head":"<!-- This site is optimized with the Yoast SEO plugin v22.6 - https:\/\/yoast.com\/wordpress\/plugins\/seo\/ -->\n<title>Nyanjuki AA - NOMAD COFFEE<\/title>\n<meta name=\"description\" content=\"Frag\u00e0ncia amb notes florals i aroma de te negre, fruita de pinyol i xocolata amb llet. Cos aterciopelat i acidesa melosa.\" \/>\n<meta name=\"robots\" content=\"noindex, follow, max-snippet:-1, max-image-preview:large, max-video-preview:-1\" \/>\n<meta property=\"og:locale\" content=\"ca_ES\" \/>\n<meta property=\"og:type\" content=\"article\" \/>\n<meta property=\"og:title\" content=\"Nyanjuki AA - NOMAD COFFEE\" \/>\n<meta property=\"og:description\" content=\"Frag\u00e0ncia amb notes florals i aroma de te negre, fruita de pinyol i xocolata amb llet. Cos aterciopelat i acidesa melosa.\" \/>\n<meta property=\"og:url\" content=\"https:\/\/subs.nomadcoffee.es\/ca\/producte\/nyanjuki-aa\/\" \/>\n<meta property=\"og:site_name\" content=\"NOMAD\" \/>\n<meta property=\"article:modified_time\" content=\"2023-07-27T08:16:41+00:00\" \/>\n<meta property=\"og:image\" content=\"https:\/\/subs.nomadcoffee.es\/wp-content\/uploads\/2023\/07\/E.KE_.NYAA_.jpg\" \/>\n\t<meta property=\"og:image:width\" content=\"2000\" \/>\n\t<meta property=\"og:image:height\" content=\"2000\" \/>\n\t<meta property=\"og:image:type\" content=\"image\/jpeg\" \/>\n<meta name=\"twitter:card\" content=\"summary_large_image\" \/>\n<meta name=\"twitter:label1\" content=\"Temps estimat de lectura\" \/>\n\t<meta name=\"twitter:data1\" content=\"1 minut\" \/>\n<script type=\"application\/ld+json\" class=\"yoast-schema-graph\">{\"@context\":\"https:\/\/schema.org\",\"@graph\":[{\"@type\":\"WebPage\",\"@id\":\"https:\/\/subs.nomadcoffee.es\/ca\/producte\/nyanjuki-aa\/\",\"url\":\"https:\/\/subs.nomadcoffee.es\/ca\/producte\/nyanjuki-aa\/\",\"name\":\"Nyanjuki AA - NOMAD COFFEE\",\"isPartOf\":{\"@id\":\"https:\/\/subs.nomadcoffee.es\/ca\/#website\"},\"primaryImageOfPage\":{\"@id\":\"https:\/\/subs.nomadcoffee.es\/ca\/producte\/nyanjuki-aa\/#primaryimage\"},\"image\":{\"@id\":\"https:\/\/subs.nomadcoffee.es\/ca\/producte\/nyanjuki-aa\/#primaryimage\"},\"thumbnailUrl\":\"https:\/\/subs.nomadcoffee.es\/wp-content\/uploads\/2023\/07\/E.KE_.NYAA_.jpg\",\"datePublished\":\"2023-07-17T11:38:58+00:00\",\"dateModified\":\"2023-07-27T08:16:41+00:00\",\"description\":\"Frag\u00e0ncia amb notes florals i aroma de te negre, fruita de pinyol i xocolata amb llet. Cos aterciopelat i acidesa melosa.\",\"breadcrumb\":{\"@id\":\"https:\/\/subs.nomadcoffee.es\/ca\/producte\/nyanjuki-aa\/#breadcrumb\"},\"inLanguage\":\"ca\",\"potentialAction\":[{\"@type\":\"ReadAction\",\"target\":[\"https:\/\/subs.nomadcoffee.es\/ca\/producte\/nyanjuki-aa\/\"]}]},{\"@type\":\"ImageObject\",\"inLanguage\":\"ca\",\"@id\":\"https:\/\/subs.nomadcoffee.es\/ca\/producte\/nyanjuki-aa\/#primaryimage\",\"url\":\"https:\/\/subs.nomadcoffee.es\/wp-content\/uploads\/2023\/07\/E.KE_.NYAA_.jpg\",\"contentUrl\":\"https:\/\/subs.nomadcoffee.es\/wp-content\/uploads\/2023\/07\/E.KE_.NYAA_.jpg\",\"width\":2000,\"height\":2000},{\"@type\":\"BreadcrumbList\",\"@id\":\"https:\/\/subs.nomadcoffee.es\/ca\/producte\/nyanjuki-aa\/#breadcrumb\",\"itemListElement\":[{\"@type\":\"ListItem\",\"position\":1,\"name\":\"Portada\",\"item\":\"https:\/\/subs.nomadcoffee.es\/ca\/\"},{\"@type\":\"ListItem\",\"position\":2,\"name\":\"Tienda\",\"item\":\"https:\/\/subs.nomadcoffee.es\/tienda\/\"},{\"@type\":\"ListItem\",\"position\":3,\"name\":\"Nyanjuki AA\"}]},{\"@type\":\"WebSite\",\"@id\":\"https:\/\/subs.nomadcoffee.es\/ca\/#website\",\"url\":\"https:\/\/subs.nomadcoffee.es\/ca\/\",\"name\":\"Nomad Coffee\",\"description\":\"Caf\u00e9 de origen, tostado en Barcelona\",\"publisher\":{\"@id\":\"https:\/\/subs.nomadcoffee.es\/ca\/#organization\"},\"alternateName\":\"Nomad Coffee\",\"potentialAction\":[{\"@type\":\"SearchAction\",\"target\":{\"@type\":\"EntryPoint\",\"urlTemplate\":\"https:\/\/subs.nomadcoffee.es\/ca\/?s={search_term_string}\"},\"query-input\":\"required name=search_term_string\"}],\"inLanguage\":\"ca\"},{\"@type\":\"Organization\",\"@id\":\"https:\/\/subs.nomadcoffee.es\/ca\/#organization\",\"name\":\"Nomad Coffee\",\"alternateName\":\"Nomad Coffee\",\"url\":\"https:\/\/subs.nomadcoffee.es\/ca\/\",\"logo\":{\"@type\":\"ImageObject\",\"inLanguage\":\"ca\",\"@id\":\"https:\/\/subs.nomadcoffee.es\/ca\/#\/schema\/logo\/image\/\",\"url\":\"https:\/\/nomadcoffee.es\/wp-content\/uploads\/2023\/05\/logo-Nomad.jpg\",\"contentUrl\":\"https:\/\/nomadcoffee.es\/wp-content\/uploads\/2023\/05\/logo-Nomad.jpg\",\"width\":200,\"height\":200,\"caption\":\"Nomad Coffee\"},\"image\":{\"@id\":\"https:\/\/subs.nomadcoffee.es\/ca\/#\/schema\/logo\/image\/\"}}]}<\/script>\n<!-- \/ Yoast SEO plugin. -->","yoast_head_json":{"title":"Nyanjuki AA - NOMAD COFFEE","description":"Frag\u00e0ncia amb notes florals i aroma de te negre, fruita de pinyol i xocolata amb llet. Cos aterciopelat i acidesa melosa.","robots":{"index":"noindex","follow":"follow","max-snippet":"max-snippet:-1","max-image-preview":"max-image-preview:large","max-video-preview":"max-video-preview:-1"},"og_locale":"ca_ES","og_type":"article","og_title":"Nyanjuki AA - NOMAD COFFEE","og_description":"Frag\u00e0ncia amb notes florals i aroma de te negre, fruita de pinyol i xocolata amb llet. Cos aterciopelat i acidesa melosa.","og_url":"https:\/\/subs.nomadcoffee.es\/ca\/producte\/nyanjuki-aa\/","og_site_name":"NOMAD","article_modified_time":"2023-07-27T08:16:41+00:00","og_image":[{"width":2000,"height":2000,"url":"https:\/\/subs.nomadcoffee.es\/wp-content\/uploads\/2023\/07\/E.KE_.NYAA_.jpg","type":"image\/jpeg"}],"twitter_card":"summary_large_image","twitter_misc":{"Temps estimat de lectura":"1 minut"},"schema":{"@context":"https:\/\/schema.org","@graph":[{"@type":"WebPage","@id":"https:\/\/subs.nomadcoffee.es\/ca\/producte\/nyanjuki-aa\/","url":"https:\/\/subs.nomadcoffee.es\/ca\/producte\/nyanjuki-aa\/","name":"Nyanjuki AA - NOMAD COFFEE","isPartOf":{"@id":"https:\/\/subs.nomadcoffee.es\/ca\/#website"},"primaryImageOfPage":{"@id":"https:\/\/subs.nomadcoffee.es\/ca\/producte\/nyanjuki-aa\/#primaryimage"},"image":{"@id":"https:\/\/subs.nomadcoffee.es\/ca\/producte\/nyanjuki-aa\/#primaryimage"},"thumbnailUrl":"https:\/\/subs.nomadcoffee.es\/wp-content\/uploads\/2023\/07\/E.KE_.NYAA_.jpg","datePublished":"2023-07-17T11:38:58+00:00","dateModified":"2023-07-27T08:16:41+00:00","description":"Frag\u00e0ncia amb notes florals i aroma de te negre, fruita de pinyol i xocolata amb llet. Cos aterciopelat i acidesa melosa.","breadcrumb":{"@id":"https:\/\/subs.nomadcoffee.es\/ca\/producte\/nyanjuki-aa\/#breadcrumb"},"inLanguage":"ca","potentialAction":[{"@type":"ReadAction","target":["https:\/\/subs.nomadcoffee.es\/ca\/producte\/nyanjuki-aa\/"]}]},{"@type":"ImageObject","inLanguage":"ca","@id":"https:\/\/subs.nomadcoffee.es\/ca\/producte\/nyanjuki-aa\/#primaryimage","url":"https:\/\/subs.nomadcoffee.es\/wp-content\/uploads\/2023\/07\/E.KE_.NYAA_.jpg","contentUrl":"https:\/\/subs.nomadcoffee.es\/wp-content\/uploads\/2023\/07\/E.KE_.NYAA_.jpg","width":2000,"height":2000},{"@type":"BreadcrumbList","@id":"https:\/\/subs.nomadcoffee.es\/ca\/producte\/nyanjuki-aa\/#breadcrumb","itemListElement":[{"@type":"ListItem","position":1,"name":"Portada","item":"https:\/\/subs.nomadcoffee.es\/ca\/"},{"@type":"ListItem","position":2,"name":"Tienda","item":"https:\/\/subs.nomadcoffee.es\/tienda\/"},{"@type":"ListItem","position":3,"name":"Nyanjuki AA"}]},{"@type":"WebSite","@id":"https:\/\/subs.nomadcoffee.es\/ca\/#website","url":"https:\/\/subs.nomadcoffee.es\/ca\/","name":"Nomad Coffee","description":"Caf\u00e9 de origen, tostado en Barcelona","publisher":{"@id":"https:\/\/subs.nomadcoffee.es\/ca\/#organization"},"alternateName":"Nomad Coffee","potentialAction":[{"@type":"SearchAction","target":{"@type":"EntryPoint","urlTemplate":"https:\/\/subs.nomadcoffee.es\/ca\/?s={search_term_string}"},"query-input":"required name=search_term_string"}],"inLanguage":"ca"},{"@type":"Organization","@id":"https:\/\/subs.nomadcoffee.es\/ca\/#organization","name":"Nomad Coffee","alternateName":"Nomad Coffee","url":"https:\/\/subs.nomadcoffee.es\/ca\/","logo":{"@type":"ImageObject","inLanguage":"ca","@id":"https:\/\/subs.nomadcoffee.es\/ca\/#\/schema\/logo\/image\/","url":"https:\/\/nomadcoffee.es\/wp-content\/uploads\/2023\/05\/logo-Nomad.jpg","contentUrl":"https:\/\/nomadcoffee.es\/wp-content\/uploads\/2023\/05\/logo-Nomad.jpg","width":200,"height":200,"caption":"Nomad Coffee"},"image":{"@id":"https:\/\/subs.nomadcoffee.es\/ca\/#\/schema\/logo\/image\/"}}]}},"_links":{"self":[{"href":"https:\/\/subs.nomadcoffee.es\/ca\/wp-json\/wp\/v2\/product\/83242"}],"collection":[{"href":"https:\/\/subs.nomadcoffee.es\/ca\/wp-json\/wp\/v2\/product"}],"about":[{"href":"https:\/\/subs.nomadcoffee.es\/ca\/wp-json\/wp\/v2\/types\/product"}],"wp:featuredmedia":[{"embeddable":true,"href":"https:\/\/subs.nomadcoffee.es\/ca\/wp-json\/wp\/v2\/media\/83229"}],"wp:attachment":[{"href":"https:\/\/subs.nomadcoffee.es\/ca\/wp-json\/wp\/v2\/media?parent=83242"}],"wp:term":[{"taxonomy":"product_cat","embeddable":true,"href":"https:\/\/subs.nomadcoffee.es\/ca\/wp-json\/wp\/v2\/product_cat?post=83242"},{"taxonomy":"product_tag","embeddable":true,"href":"https:\/\/subs.nomadcoffee.es\/ca\/wp-json\/wp\/v2\/product_tag?post=83242"}],"curies":[{"name":"wp","href":"https:\/\/api.w.org\/{rel}","templated":true}]}}