{"id":83616,"date":"2023-07-25T11:34:04","date_gmt":"2023-07-25T09:34:04","guid":{"rendered":"https:\/\/nomadcoffee.es\/?post_type=product&#038;p=83616"},"modified":"2023-10-18T19:17:30","modified_gmt":"2023-10-18T17:17:30","slug":"el-roble","status":"publish","type":"product","link":"https:\/\/subs.nomadcoffee.es\/ca\/producte\/el-roble\/","title":{"rendered":"El Roble"},"content":{"rendered":"<p>Urrao, Antioqu\u00eda, situat a l&#8217;orient de Medell\u00edn, va ser posat al mapa del caf\u00e8 d&#8217;especialitat despr\u00e9s que Carmen Cecilia Montoya guany\u00e9s la Tassa de l&#8217;Excel\u00b7l\u00e8ncia del 2015. En els \u00faltims anys, ha estat la cuna dels millors caf\u00e8s del departament d&#8217;Antioqu\u00eda despr\u00e9s que la varietat caturra tingu\u00e9s una mutaci\u00f3 espont\u00e0nia a la qual han anomenat caturra chiroso. Una varietat molt complexa en tassa amb notes afrutades i florals.<\/p>\n<p>Albeiro \u00e9s una persona que estima la natura i hi pertany. Quan era jove, es dedicava a treballar en diferents finques a Antioqu\u00eda, on guanyava el seu salari dia a dia. M\u00e9s tard, Albeiro va provar sort treballant a la ciutat, per\u00f2 aviat es va adonar que pertanyia al camp. Va ser llavors quan va decidir tornar a Urrao i comprar la finca El Roble. \u00c9s una finca de nom\u00e9s 1,5 hect\u00e0rees, per aix\u00f2 s&#8217;ha centrat a produir caf\u00e8 d&#8217;alta qualitat que pugui generar bons beneficis fins i tot sense tenir una gran quantitat per vendre.<\/p>\n<p><b>Proc\u00e9s<\/b><br \/>\nAquest lot \u00e9s de proc\u00e9s rentat. Ha estat despulpat i fermentat sota aigua durant 72 hores amb el muc\u00edlag. Passat aquest temps, el caf\u00e8 es renta amb aigua neta i s&#8217;asseca al sol.<\/p>\n","protected":false},"excerpt":{"rendered":"<p>Urrao, Antioqu\u00eda, situat a l&#8217;orient de Medell\u00edn, va ser posat al mapa del caf\u00e8 d&#8217;especialitat despr\u00e9s que Carmen Cecilia Montoya [&hellip;]<\/p>\n","protected":false},"featured_media":83584,"template":"","meta":[],"product_cat":[137,475],"product_tag":[703,1612,613],"acf":[],"yoast_head":"<!-- This site is optimized with the Yoast SEO plugin v22.6 - https:\/\/yoast.com\/wordpress\/plugins\/seo\/ -->\n<title>El Roble - NOMAD COFFEE<\/title>\n<meta name=\"description\" content=\"Aquest Caturra chiroso t\u00e9 unes notes aterciopelades de pr\u00e9ssec i taronja, dol\u00e7 com la mel, amb un regust llarg i agradable.\" \/>\n<meta name=\"robots\" content=\"noindex, follow, max-snippet:-1, max-image-preview:large, max-video-preview:-1\" \/>\n<meta property=\"og:locale\" content=\"ca_ES\" \/>\n<meta property=\"og:type\" content=\"article\" \/>\n<meta property=\"og:title\" content=\"El Roble - NOMAD COFFEE\" \/>\n<meta property=\"og:description\" content=\"Aquest Caturra chiroso t\u00e9 unes notes aterciopelades de pr\u00e9ssec i taronja, dol\u00e7 com la mel, amb un regust llarg i agradable.\" \/>\n<meta property=\"og:url\" content=\"https:\/\/subs.nomadcoffee.es\/ca\/producte\/el-roble\/\" \/>\n<meta property=\"og:site_name\" content=\"NOMAD\" \/>\n<meta property=\"article:modified_time\" content=\"2023-10-18T17:17:30+00:00\" \/>\n<meta property=\"og:image\" content=\"https:\/\/subs.nomadcoffee.es\/wp-content\/uploads\/2023\/07\/E.CO_.ROB_.jpg\" \/>\n\t<meta property=\"og:image:width\" content=\"2000\" \/>\n\t<meta property=\"og:image:height\" content=\"2000\" \/>\n\t<meta property=\"og:image:type\" content=\"image\/jpeg\" \/>\n<meta name=\"twitter:card\" content=\"summary_large_image\" \/>\n<meta name=\"twitter:label1\" content=\"Temps estimat de lectura\" \/>\n\t<meta name=\"twitter:data1\" content=\"1 minut\" \/>\n<script type=\"application\/ld+json\" class=\"yoast-schema-graph\">{\"@context\":\"https:\/\/schema.org\",\"@graph\":[{\"@type\":\"WebPage\",\"@id\":\"https:\/\/subs.nomadcoffee.es\/ca\/producte\/el-roble\/\",\"url\":\"https:\/\/subs.nomadcoffee.es\/ca\/producte\/el-roble\/\",\"name\":\"El Roble - NOMAD COFFEE\",\"isPartOf\":{\"@id\":\"https:\/\/subs.nomadcoffee.es\/ca\/#website\"},\"primaryImageOfPage\":{\"@id\":\"https:\/\/subs.nomadcoffee.es\/ca\/producte\/el-roble\/#primaryimage\"},\"image\":{\"@id\":\"https:\/\/subs.nomadcoffee.es\/ca\/producte\/el-roble\/#primaryimage\"},\"thumbnailUrl\":\"https:\/\/subs.nomadcoffee.es\/wp-content\/uploads\/2023\/07\/E.CO_.ROB_.jpg\",\"datePublished\":\"2023-07-25T09:34:04+00:00\",\"dateModified\":\"2023-10-18T17:17:30+00:00\",\"description\":\"Aquest Caturra chiroso t\u00e9 unes notes aterciopelades de pr\u00e9ssec i taronja, dol\u00e7 com la mel, amb un regust llarg i agradable.\",\"breadcrumb\":{\"@id\":\"https:\/\/subs.nomadcoffee.es\/ca\/producte\/el-roble\/#breadcrumb\"},\"inLanguage\":\"ca\",\"potentialAction\":[{\"@type\":\"ReadAction\",\"target\":[\"https:\/\/subs.nomadcoffee.es\/ca\/producte\/el-roble\/\"]}]},{\"@type\":\"ImageObject\",\"inLanguage\":\"ca\",\"@id\":\"https:\/\/subs.nomadcoffee.es\/ca\/producte\/el-roble\/#primaryimage\",\"url\":\"https:\/\/subs.nomadcoffee.es\/wp-content\/uploads\/2023\/07\/E.CO_.ROB_.jpg\",\"contentUrl\":\"https:\/\/subs.nomadcoffee.es\/wp-content\/uploads\/2023\/07\/E.CO_.ROB_.jpg\",\"width\":2000,\"height\":2000},{\"@type\":\"BreadcrumbList\",\"@id\":\"https:\/\/subs.nomadcoffee.es\/ca\/producte\/el-roble\/#breadcrumb\",\"itemListElement\":[{\"@type\":\"ListItem\",\"position\":1,\"name\":\"Portada\",\"item\":\"https:\/\/subs.nomadcoffee.es\/ca\/\"},{\"@type\":\"ListItem\",\"position\":2,\"name\":\"Tienda\",\"item\":\"https:\/\/subs.nomadcoffee.es\/tienda\/\"},{\"@type\":\"ListItem\",\"position\":3,\"name\":\"El Roble\"}]},{\"@type\":\"WebSite\",\"@id\":\"https:\/\/subs.nomadcoffee.es\/ca\/#website\",\"url\":\"https:\/\/subs.nomadcoffee.es\/ca\/\",\"name\":\"Nomad Coffee\",\"description\":\"Caf\u00e9 de origen, tostado en Barcelona\",\"publisher\":{\"@id\":\"https:\/\/subs.nomadcoffee.es\/ca\/#organization\"},\"alternateName\":\"Nomad Coffee\",\"potentialAction\":[{\"@type\":\"SearchAction\",\"target\":{\"@type\":\"EntryPoint\",\"urlTemplate\":\"https:\/\/subs.nomadcoffee.es\/ca\/?s={search_term_string}\"},\"query-input\":\"required name=search_term_string\"}],\"inLanguage\":\"ca\"},{\"@type\":\"Organization\",\"@id\":\"https:\/\/subs.nomadcoffee.es\/ca\/#organization\",\"name\":\"Nomad Coffee\",\"alternateName\":\"Nomad Coffee\",\"url\":\"https:\/\/subs.nomadcoffee.es\/ca\/\",\"logo\":{\"@type\":\"ImageObject\",\"inLanguage\":\"ca\",\"@id\":\"https:\/\/subs.nomadcoffee.es\/ca\/#\/schema\/logo\/image\/\",\"url\":\"https:\/\/nomadcoffee.es\/wp-content\/uploads\/2023\/05\/logo-Nomad.jpg\",\"contentUrl\":\"https:\/\/nomadcoffee.es\/wp-content\/uploads\/2023\/05\/logo-Nomad.jpg\",\"width\":200,\"height\":200,\"caption\":\"Nomad Coffee\"},\"image\":{\"@id\":\"https:\/\/subs.nomadcoffee.es\/ca\/#\/schema\/logo\/image\/\"}}]}<\/script>\n<!-- \/ Yoast SEO plugin. -->","yoast_head_json":{"title":"El Roble - NOMAD COFFEE","description":"Aquest Caturra chiroso t\u00e9 unes notes aterciopelades de pr\u00e9ssec i taronja, dol\u00e7 com la mel, amb un regust llarg i agradable.","robots":{"index":"noindex","follow":"follow","max-snippet":"max-snippet:-1","max-image-preview":"max-image-preview:large","max-video-preview":"max-video-preview:-1"},"og_locale":"ca_ES","og_type":"article","og_title":"El Roble - NOMAD COFFEE","og_description":"Aquest Caturra chiroso t\u00e9 unes notes aterciopelades de pr\u00e9ssec i taronja, dol\u00e7 com la mel, amb un regust llarg i agradable.","og_url":"https:\/\/subs.nomadcoffee.es\/ca\/producte\/el-roble\/","og_site_name":"NOMAD","article_modified_time":"2023-10-18T17:17:30+00:00","og_image":[{"width":2000,"height":2000,"url":"https:\/\/subs.nomadcoffee.es\/wp-content\/uploads\/2023\/07\/E.CO_.ROB_.jpg","type":"image\/jpeg"}],"twitter_card":"summary_large_image","twitter_misc":{"Temps estimat de lectura":"1 minut"},"schema":{"@context":"https:\/\/schema.org","@graph":[{"@type":"WebPage","@id":"https:\/\/subs.nomadcoffee.es\/ca\/producte\/el-roble\/","url":"https:\/\/subs.nomadcoffee.es\/ca\/producte\/el-roble\/","name":"El Roble - NOMAD COFFEE","isPartOf":{"@id":"https:\/\/subs.nomadcoffee.es\/ca\/#website"},"primaryImageOfPage":{"@id":"https:\/\/subs.nomadcoffee.es\/ca\/producte\/el-roble\/#primaryimage"},"image":{"@id":"https:\/\/subs.nomadcoffee.es\/ca\/producte\/el-roble\/#primaryimage"},"thumbnailUrl":"https:\/\/subs.nomadcoffee.es\/wp-content\/uploads\/2023\/07\/E.CO_.ROB_.jpg","datePublished":"2023-07-25T09:34:04+00:00","dateModified":"2023-10-18T17:17:30+00:00","description":"Aquest Caturra chiroso t\u00e9 unes notes aterciopelades de pr\u00e9ssec i taronja, dol\u00e7 com la mel, amb un regust llarg i agradable.","breadcrumb":{"@id":"https:\/\/subs.nomadcoffee.es\/ca\/producte\/el-roble\/#breadcrumb"},"inLanguage":"ca","potentialAction":[{"@type":"ReadAction","target":["https:\/\/subs.nomadcoffee.es\/ca\/producte\/el-roble\/"]}]},{"@type":"ImageObject","inLanguage":"ca","@id":"https:\/\/subs.nomadcoffee.es\/ca\/producte\/el-roble\/#primaryimage","url":"https:\/\/subs.nomadcoffee.es\/wp-content\/uploads\/2023\/07\/E.CO_.ROB_.jpg","contentUrl":"https:\/\/subs.nomadcoffee.es\/wp-content\/uploads\/2023\/07\/E.CO_.ROB_.jpg","width":2000,"height":2000},{"@type":"BreadcrumbList","@id":"https:\/\/subs.nomadcoffee.es\/ca\/producte\/el-roble\/#breadcrumb","itemListElement":[{"@type":"ListItem","position":1,"name":"Portada","item":"https:\/\/subs.nomadcoffee.es\/ca\/"},{"@type":"ListItem","position":2,"name":"Tienda","item":"https:\/\/subs.nomadcoffee.es\/tienda\/"},{"@type":"ListItem","position":3,"name":"El Roble"}]},{"@type":"WebSite","@id":"https:\/\/subs.nomadcoffee.es\/ca\/#website","url":"https:\/\/subs.nomadcoffee.es\/ca\/","name":"Nomad Coffee","description":"Caf\u00e9 de origen, tostado en Barcelona","publisher":{"@id":"https:\/\/subs.nomadcoffee.es\/ca\/#organization"},"alternateName":"Nomad Coffee","potentialAction":[{"@type":"SearchAction","target":{"@type":"EntryPoint","urlTemplate":"https:\/\/subs.nomadcoffee.es\/ca\/?s={search_term_string}"},"query-input":"required name=search_term_string"}],"inLanguage":"ca"},{"@type":"Organization","@id":"https:\/\/subs.nomadcoffee.es\/ca\/#organization","name":"Nomad Coffee","alternateName":"Nomad Coffee","url":"https:\/\/subs.nomadcoffee.es\/ca\/","logo":{"@type":"ImageObject","inLanguage":"ca","@id":"https:\/\/subs.nomadcoffee.es\/ca\/#\/schema\/logo\/image\/","url":"https:\/\/nomadcoffee.es\/wp-content\/uploads\/2023\/05\/logo-Nomad.jpg","contentUrl":"https:\/\/nomadcoffee.es\/wp-content\/uploads\/2023\/05\/logo-Nomad.jpg","width":200,"height":200,"caption":"Nomad Coffee"},"image":{"@id":"https:\/\/subs.nomadcoffee.es\/ca\/#\/schema\/logo\/image\/"}}]}},"_links":{"self":[{"href":"https:\/\/subs.nomadcoffee.es\/ca\/wp-json\/wp\/v2\/product\/83616"}],"collection":[{"href":"https:\/\/subs.nomadcoffee.es\/ca\/wp-json\/wp\/v2\/product"}],"about":[{"href":"https:\/\/subs.nomadcoffee.es\/ca\/wp-json\/wp\/v2\/types\/product"}],"wp:featuredmedia":[{"embeddable":true,"href":"https:\/\/subs.nomadcoffee.es\/ca\/wp-json\/wp\/v2\/media\/83584"}],"wp:attachment":[{"href":"https:\/\/subs.nomadcoffee.es\/ca\/wp-json\/wp\/v2\/media?parent=83616"}],"wp:term":[{"taxonomy":"product_cat","embeddable":true,"href":"https:\/\/subs.nomadcoffee.es\/ca\/wp-json\/wp\/v2\/product_cat?post=83616"},{"taxonomy":"product_tag","embeddable":true,"href":"https:\/\/subs.nomadcoffee.es\/ca\/wp-json\/wp\/v2\/product_tag?post=83616"}],"curies":[{"name":"wp","href":"https:\/\/api.w.org\/{rel}","templated":true}]}}