{"id":85647,"date":"2023-09-21T09:53:29","date_gmt":"2023-09-21T07:53:29","guid":{"rendered":"https:\/\/nomadcoffee.es\/?post_type=product&#038;p=85647"},"modified":"2023-10-17T12:10:20","modified_gmt":"2023-10-17T10:10:20","slug":"las-brisas-pacas","status":"publish","type":"product","link":"https:\/\/subs.nomadcoffee.es\/ca\/producte\/las-brisas-pacas\/","title":{"rendered":"Las Brisas Pacas"},"content":{"rendered":"<p>La finca Las Brisas, ubicada al poble de Juay\u00faa en plena serralada d&#8217;Apaneca Ilamatepec, \u00e9s una prova de com les bones pr\u00e0ctiques agr\u00edcoles, la tecnologia i el coneixement en postcollita poden canviar el futur del caf\u00e8.<\/p>\n<p>Carlos prov\u00e9 d&#8217;una fam\u00edlia d&#8217;agricultors (\u00e9s la 5a generaci\u00f3) per\u00f2 va treballar a la ind\u00fastria t\u00e8xtil durant 20 anys abans de dedicar-se de ple al caf\u00e8.<\/p>\n<p>\u201cEl caf\u00e8 solia ser una cosa que la gent analitzava i deia que t&#8217;hauries de dedicar a una altra cosa. Tot i aix\u00f2, la ind\u00fastria d&#8217;especialitat va portar una nova onada d&#8217;oportunitats\u201d.<\/p>\n<p>Avui dia, administra Finca Las Brisas i dues finques familiars m\u00e9s i est\u00e0 decidit a portar el cultiu de caf\u00e8 al segle XXI invertint en tecnologia i sostenibilitat.<\/p>\n<p>Carlos descriu el seu enfocament de l&#8217;agricultura com a \u201cdram\u00e0ticament nou i sostenible\u201d. No produeix lots rentats perqu\u00e8 el proc\u00e9s \u00e9s la contaminaci\u00f3 de les fonts d&#8217;aigua. L&#8217;agricultor tamb\u00e9 creu fermament en el poder dels fongs micorizes, un tipus de fong que forma una relaci\u00f3 simbi\u00f2tica m\u00fatuament beneficiosa amb les plantes de caf\u00e8. Els fongs colonitzen la planta a trav\u00e9s de les arrels i estableixen una xarxa d&#8217;estructures a trav\u00e9s de les quals intercanvien sucres i nutrients amb l&#8217;arbre.<\/p>\n<p>\u201cLa planta aporta carbohidrats en forma de sucres que obt\u00e9 del carboni atmosf\u00e8ric mitjan\u00e7ant la fotos\u00edntesi. Els fongs a canvi proporcionen nutrients i aigua a la planta. Els fongs formen filaments (hifes) que formen una xarxa (miceli) que expandeix centenars de vegades la capacitat de l&#8217;arrel i descompon nutrients que altrament serien inaccessibles per a la planta\u201d.<\/p>\n<p>Quan la crisi de la rovella va assotar Centream\u00e8rica el 2012 i el 2013, les seves finques es van veure greument afectades, com la majoria de les de la zona. Carlos va decidir renovar la major part de la finca amb noves varietats m\u00e9s resistents a la malaltia. Aquest factor \u00e9s molt significatiu per a El Salvador, on molts productors s&#8217;aferren a la producci\u00f3 tradicional de la varietat Bourbon a causa de la bona reputaci\u00f3 de qualitat en tassa.<\/p>\n<p>\u201cA El Salvador era inconcebible sembrar una altra cosa que Bourbon o Pacas. Per\u00f2 el manteniment del Bourbon \u00e9s molt complicat&#8230; Acabes usant molts fungicides, cosa que no \u00e9s bo per al medi ambient. Vaig pensar que havia d&#8217;investigar altres varietats i convertir-me en un expert en la creaci\u00f3 de microclimes i m\u00e8todes de processament. Has de ser completament professional en benefici. Si ho fas, pots treballar amb qualsevol caf\u00e8. Despr\u00e9s de la crisi, vaig comen\u00e7ar a renovar i vaig estar 6 anys a nivells de producci\u00f3 del 15% de la meva capacitat. Vaig haver de reinventar-me. Aix\u00ed que vaig conservar una mica de Bourbon i ho vaig renovar amb Pacamaras, Pacas i altres h\u00edbrids que porten m\u00e9s de 30 anys a la finca\u201d.<\/p>\n<p><b>Proc\u00e9s<\/b><br \/>\nLes cireres de caf\u00e8 s\u00f3n flotades en aigua per a la seva selecci\u00f3 i despr\u00e9s posades en barrils en fermentaci\u00f3 anaer\u00f2bica durant cinc dies. Es realitza el despullat sense aigua. Posteriorment s\u00f3n posades a assecar als llits. Els primers dos dies al sol i posteriorment a l&#8217;ombra.<\/p>\n","protected":false},"excerpt":{"rendered":"<p>La finca Las Brisas, ubicada al poble de Juay\u00faa en plena serralada d&#8217;Apaneca Ilamatepec, \u00e9s una prova de com les [&hellip;]<\/p>\n","protected":false},"featured_media":85508,"template":"","meta":[],"product_cat":[476],"product_tag":[595,1638,966],"acf":[],"yoast_head":"<!-- This site is optimized with the Yoast SEO plugin v22.6 - https:\/\/yoast.com\/wordpress\/plugins\/seo\/ -->\n<title>Las Brisas Pacas - NOMAD COFFEE<\/title>\n<meta name=\"description\" content=\"Caf\u00e8 d&#039;especialitat amb notes licoroses de cireres i cacau, juntament amb sabors m\u00e9s vius i sorprenents de papaia, pistatxos i poma de fira.\" \/>\n<meta name=\"robots\" content=\"noindex, follow, max-snippet:-1, max-image-preview:large, max-video-preview:-1\" \/>\n<meta property=\"og:locale\" content=\"ca_ES\" \/>\n<meta property=\"og:type\" content=\"article\" \/>\n<meta property=\"og:title\" content=\"Las Brisas Pacas - NOMAD COFFEE\" \/>\n<meta property=\"og:description\" content=\"Caf\u00e8 d&#039;especialitat amb notes licoroses de cireres i cacau, juntament amb sabors m\u00e9s vius i sorprenents de papaia, pistatxos i poma de fira.\" \/>\n<meta property=\"og:url\" content=\"https:\/\/subs.nomadcoffee.es\/ca\/producte\/las-brisas-pacas\/\" \/>\n<meta property=\"og:site_name\" content=\"NOMAD\" \/>\n<meta property=\"article:modified_time\" content=\"2023-10-17T10:10:20+00:00\" \/>\n<meta property=\"og:image\" content=\"https:\/\/subs.nomadcoffee.es\/wp-content\/uploads\/2023\/09\/F.SA_.PACA_.jpg\" \/>\n\t<meta property=\"og:image:width\" content=\"2000\" \/>\n\t<meta property=\"og:image:height\" content=\"2000\" \/>\n\t<meta property=\"og:image:type\" content=\"image\/jpeg\" \/>\n<meta name=\"twitter:card\" content=\"summary_large_image\" \/>\n<meta name=\"twitter:label1\" content=\"Temps estimat de lectura\" \/>\n\t<meta name=\"twitter:data1\" content=\"3 minuts\" \/>\n<script type=\"application\/ld+json\" class=\"yoast-schema-graph\">{\"@context\":\"https:\/\/schema.org\",\"@graph\":[{\"@type\":\"WebPage\",\"@id\":\"https:\/\/subs.nomadcoffee.es\/ca\/producte\/las-brisas-pacas\/\",\"url\":\"https:\/\/subs.nomadcoffee.es\/ca\/producte\/las-brisas-pacas\/\",\"name\":\"Las Brisas Pacas - NOMAD COFFEE\",\"isPartOf\":{\"@id\":\"https:\/\/subs.nomadcoffee.es\/ca\/#website\"},\"primaryImageOfPage\":{\"@id\":\"https:\/\/subs.nomadcoffee.es\/ca\/producte\/las-brisas-pacas\/#primaryimage\"},\"image\":{\"@id\":\"https:\/\/subs.nomadcoffee.es\/ca\/producte\/las-brisas-pacas\/#primaryimage\"},\"thumbnailUrl\":\"https:\/\/subs.nomadcoffee.es\/wp-content\/uploads\/2023\/09\/F.SA_.PACA_.jpg\",\"datePublished\":\"2023-09-21T07:53:29+00:00\",\"dateModified\":\"2023-10-17T10:10:20+00:00\",\"description\":\"Caf\u00e8 d'especialitat amb notes licoroses de cireres i cacau, juntament amb sabors m\u00e9s vius i sorprenents de papaia, pistatxos i poma de fira.\",\"breadcrumb\":{\"@id\":\"https:\/\/subs.nomadcoffee.es\/ca\/producte\/las-brisas-pacas\/#breadcrumb\"},\"inLanguage\":\"ca\",\"potentialAction\":[{\"@type\":\"ReadAction\",\"target\":[\"https:\/\/subs.nomadcoffee.es\/ca\/producte\/las-brisas-pacas\/\"]}]},{\"@type\":\"ImageObject\",\"inLanguage\":\"ca\",\"@id\":\"https:\/\/subs.nomadcoffee.es\/ca\/producte\/las-brisas-pacas\/#primaryimage\",\"url\":\"https:\/\/subs.nomadcoffee.es\/wp-content\/uploads\/2023\/09\/F.SA_.PACA_.jpg\",\"contentUrl\":\"https:\/\/subs.nomadcoffee.es\/wp-content\/uploads\/2023\/09\/F.SA_.PACA_.jpg\",\"width\":2000,\"height\":2000},{\"@type\":\"BreadcrumbList\",\"@id\":\"https:\/\/subs.nomadcoffee.es\/ca\/producte\/las-brisas-pacas\/#breadcrumb\",\"itemListElement\":[{\"@type\":\"ListItem\",\"position\":1,\"name\":\"Portada\",\"item\":\"https:\/\/subs.nomadcoffee.es\/ca\/\"},{\"@type\":\"ListItem\",\"position\":2,\"name\":\"Tienda\",\"item\":\"https:\/\/subs.nomadcoffee.es\/tienda\/\"},{\"@type\":\"ListItem\",\"position\":3,\"name\":\"Las Brisas Pacas\"}]},{\"@type\":\"WebSite\",\"@id\":\"https:\/\/subs.nomadcoffee.es\/ca\/#website\",\"url\":\"https:\/\/subs.nomadcoffee.es\/ca\/\",\"name\":\"Nomad Coffee\",\"description\":\"Caf\u00e9 de origen, tostado en Barcelona\",\"publisher\":{\"@id\":\"https:\/\/subs.nomadcoffee.es\/ca\/#organization\"},\"alternateName\":\"Nomad Coffee\",\"potentialAction\":[{\"@type\":\"SearchAction\",\"target\":{\"@type\":\"EntryPoint\",\"urlTemplate\":\"https:\/\/subs.nomadcoffee.es\/ca\/?s={search_term_string}\"},\"query-input\":\"required name=search_term_string\"}],\"inLanguage\":\"ca\"},{\"@type\":\"Organization\",\"@id\":\"https:\/\/subs.nomadcoffee.es\/ca\/#organization\",\"name\":\"Nomad Coffee\",\"alternateName\":\"Nomad Coffee\",\"url\":\"https:\/\/subs.nomadcoffee.es\/ca\/\",\"logo\":{\"@type\":\"ImageObject\",\"inLanguage\":\"ca\",\"@id\":\"https:\/\/subs.nomadcoffee.es\/ca\/#\/schema\/logo\/image\/\",\"url\":\"https:\/\/nomadcoffee.es\/wp-content\/uploads\/2023\/05\/logo-Nomad.jpg\",\"contentUrl\":\"https:\/\/nomadcoffee.es\/wp-content\/uploads\/2023\/05\/logo-Nomad.jpg\",\"width\":200,\"height\":200,\"caption\":\"Nomad Coffee\"},\"image\":{\"@id\":\"https:\/\/subs.nomadcoffee.es\/ca\/#\/schema\/logo\/image\/\"}}]}<\/script>\n<!-- \/ Yoast SEO plugin. -->","yoast_head_json":{"title":"Las Brisas Pacas - NOMAD COFFEE","description":"Caf\u00e8 d'especialitat amb notes licoroses de cireres i cacau, juntament amb sabors m\u00e9s vius i sorprenents de papaia, pistatxos i poma de fira.","robots":{"index":"noindex","follow":"follow","max-snippet":"max-snippet:-1","max-image-preview":"max-image-preview:large","max-video-preview":"max-video-preview:-1"},"og_locale":"ca_ES","og_type":"article","og_title":"Las Brisas Pacas - NOMAD COFFEE","og_description":"Caf\u00e8 d'especialitat amb notes licoroses de cireres i cacau, juntament amb sabors m\u00e9s vius i sorprenents de papaia, pistatxos i poma de fira.","og_url":"https:\/\/subs.nomadcoffee.es\/ca\/producte\/las-brisas-pacas\/","og_site_name":"NOMAD","article_modified_time":"2023-10-17T10:10:20+00:00","og_image":[{"width":2000,"height":2000,"url":"https:\/\/subs.nomadcoffee.es\/wp-content\/uploads\/2023\/09\/F.SA_.PACA_.jpg","type":"image\/jpeg"}],"twitter_card":"summary_large_image","twitter_misc":{"Temps estimat de lectura":"3 minuts"},"schema":{"@context":"https:\/\/schema.org","@graph":[{"@type":"WebPage","@id":"https:\/\/subs.nomadcoffee.es\/ca\/producte\/las-brisas-pacas\/","url":"https:\/\/subs.nomadcoffee.es\/ca\/producte\/las-brisas-pacas\/","name":"Las Brisas Pacas - NOMAD COFFEE","isPartOf":{"@id":"https:\/\/subs.nomadcoffee.es\/ca\/#website"},"primaryImageOfPage":{"@id":"https:\/\/subs.nomadcoffee.es\/ca\/producte\/las-brisas-pacas\/#primaryimage"},"image":{"@id":"https:\/\/subs.nomadcoffee.es\/ca\/producte\/las-brisas-pacas\/#primaryimage"},"thumbnailUrl":"https:\/\/subs.nomadcoffee.es\/wp-content\/uploads\/2023\/09\/F.SA_.PACA_.jpg","datePublished":"2023-09-21T07:53:29+00:00","dateModified":"2023-10-17T10:10:20+00:00","description":"Caf\u00e8 d'especialitat amb notes licoroses de cireres i cacau, juntament amb sabors m\u00e9s vius i sorprenents de papaia, pistatxos i poma de fira.","breadcrumb":{"@id":"https:\/\/subs.nomadcoffee.es\/ca\/producte\/las-brisas-pacas\/#breadcrumb"},"inLanguage":"ca","potentialAction":[{"@type":"ReadAction","target":["https:\/\/subs.nomadcoffee.es\/ca\/producte\/las-brisas-pacas\/"]}]},{"@type":"ImageObject","inLanguage":"ca","@id":"https:\/\/subs.nomadcoffee.es\/ca\/producte\/las-brisas-pacas\/#primaryimage","url":"https:\/\/subs.nomadcoffee.es\/wp-content\/uploads\/2023\/09\/F.SA_.PACA_.jpg","contentUrl":"https:\/\/subs.nomadcoffee.es\/wp-content\/uploads\/2023\/09\/F.SA_.PACA_.jpg","width":2000,"height":2000},{"@type":"BreadcrumbList","@id":"https:\/\/subs.nomadcoffee.es\/ca\/producte\/las-brisas-pacas\/#breadcrumb","itemListElement":[{"@type":"ListItem","position":1,"name":"Portada","item":"https:\/\/subs.nomadcoffee.es\/ca\/"},{"@type":"ListItem","position":2,"name":"Tienda","item":"https:\/\/subs.nomadcoffee.es\/tienda\/"},{"@type":"ListItem","position":3,"name":"Las Brisas Pacas"}]},{"@type":"WebSite","@id":"https:\/\/subs.nomadcoffee.es\/ca\/#website","url":"https:\/\/subs.nomadcoffee.es\/ca\/","name":"Nomad Coffee","description":"Caf\u00e9 de origen, tostado en Barcelona","publisher":{"@id":"https:\/\/subs.nomadcoffee.es\/ca\/#organization"},"alternateName":"Nomad Coffee","potentialAction":[{"@type":"SearchAction","target":{"@type":"EntryPoint","urlTemplate":"https:\/\/subs.nomadcoffee.es\/ca\/?s={search_term_string}"},"query-input":"required name=search_term_string"}],"inLanguage":"ca"},{"@type":"Organization","@id":"https:\/\/subs.nomadcoffee.es\/ca\/#organization","name":"Nomad Coffee","alternateName":"Nomad Coffee","url":"https:\/\/subs.nomadcoffee.es\/ca\/","logo":{"@type":"ImageObject","inLanguage":"ca","@id":"https:\/\/subs.nomadcoffee.es\/ca\/#\/schema\/logo\/image\/","url":"https:\/\/nomadcoffee.es\/wp-content\/uploads\/2023\/05\/logo-Nomad.jpg","contentUrl":"https:\/\/nomadcoffee.es\/wp-content\/uploads\/2023\/05\/logo-Nomad.jpg","width":200,"height":200,"caption":"Nomad Coffee"},"image":{"@id":"https:\/\/subs.nomadcoffee.es\/ca\/#\/schema\/logo\/image\/"}}]}},"_links":{"self":[{"href":"https:\/\/subs.nomadcoffee.es\/ca\/wp-json\/wp\/v2\/product\/85647"}],"collection":[{"href":"https:\/\/subs.nomadcoffee.es\/ca\/wp-json\/wp\/v2\/product"}],"about":[{"href":"https:\/\/subs.nomadcoffee.es\/ca\/wp-json\/wp\/v2\/types\/product"}],"wp:featuredmedia":[{"embeddable":true,"href":"https:\/\/subs.nomadcoffee.es\/ca\/wp-json\/wp\/v2\/media\/85508"}],"wp:attachment":[{"href":"https:\/\/subs.nomadcoffee.es\/ca\/wp-json\/wp\/v2\/media?parent=85647"}],"wp:term":[{"taxonomy":"product_cat","embeddable":true,"href":"https:\/\/subs.nomadcoffee.es\/ca\/wp-json\/wp\/v2\/product_cat?post=85647"},{"taxonomy":"product_tag","embeddable":true,"href":"https:\/\/subs.nomadcoffee.es\/ca\/wp-json\/wp\/v2\/product_tag?post=85647"}],"curies":[{"name":"wp","href":"https:\/\/api.w.org\/{rel}","templated":true}]}}