{"id":8583,"date":"2016-07-12T14:50:31","date_gmt":"2016-07-12T12:50:31","guid":{"rendered":"http:\/\/nomadcoffee.es\/\/producto\/tast\/"},"modified":"2021-08-23T14:23:34","modified_gmt":"2021-08-23T12:23:34","slug":"nomad-coffee-tasting-experience","status":"publish","type":"product","link":"https:\/\/subs.nomadcoffee.es\/ca\/producte\/nomad-coffee-tasting-experience\/","title":{"rendered":"Nomad Tasting Experience"},"content":{"rendered":"<p>Benvinguda\/t al nostre nou format de tasteigs online!<br \/>\nAra en versi\u00f3 subscripci\u00f3 perqu\u00e8 no et perdis mai cap de les nostres experi\u00e8ncies.<br \/>\nD&#8217;aquesta manera, un cop t&#8217;inscriguis s&#8217;anir\u00e0 renovant de forma autom\u00e0tica i podr\u00e0s cancel\u00b7lar-la a qualsevol moment.<\/p>\n<p>Cada mes tindrem una tasting experience diferent a l&#8217;anterior, d&#8217;aquesta forma no deixar\u00e0s d&#8217;aprendre alguna cosa nova durant aquest recorregut \ud83d\ude09<\/p>\n<p><strong>En qu\u00e8 consisteix?<\/strong><\/p>\n<ul>\n<li>T&#8217;enviarem un pack format per 5 caf\u00e8s, 30 grams de cada caf\u00e8 (amb aix\u00f2 tindreu suficient per poder preparar 2 tasses de la cata i et sobrar\u00e0 per despr\u00e9s preparar-te un filtret).<\/li>\n<li>Es far\u00e0 a trav\u00e9s de YouTube. Ivette us guiar\u00e0 en tot moment, us ene\u00f1ar\u00e1 el protocol de cata i alguna coseta sobre el caf\u00e8 d&#8217;especialitat, a m\u00e9s a m\u00e9s podreu fer preguntes al xat on Fran us contestar\u00e0 a totes elles.<\/li>\n<\/ul>\n<p><strong>Qu\u00e8 aprendr\u00e0s?<\/strong><\/p>\n<p>Aquest mes farem una cata de processos amb en Diego Robelo de la finca Aquiares de Costa Rica.<\/p>\n<p><strong>Qu\u00e8 necessitareu?<\/strong><\/p>\n<ul>\n<li>5 tasses de la mateixa mida.<\/li>\n<li>1 balan\u00e7a.<\/li>\n<li>1 cullerada de tast (tamb\u00e9 val la cullera sopera de tota la vida).<\/li>\n<li>Aigua filtrada o embotellada.<\/li>\n<li>Cafet\u00f3 del b\u00f3. (T&#8217;enviarem el caf\u00e8 m\u00f2lt i segellat la mateixa setmana perqu\u00e8 el tinguis ben fresc)<\/li>\n<li>MOLTES GANES DE DIVERTIRSE I APRENDRE!<\/li>\n<\/ul>\n<p>** El preu inclou l&#8217;enviament dels caf\u00e8s que tastarem. Un cop t&#8217;apuntis al tast, t&#8217;enviarem molts m\u00e9s detalls! No et preocupis per res, \u00e9s per a tots tots els nivells cafeters. \ud83d\ude42<\/p>\n<p>Vinga va! Anima&#8217;t<\/p>\n<p><iframe loading=\"lazy\" title=\"CATA EN CASA - NOMAD COFFEE - AGUAS\" width=\"1778\" height=\"1000\" src=\"https:\/\/www.youtube.com\/embed\/AZvd8nMhnz0?feature=oembed\" frameborder=\"0\" allow=\"accelerometer; autoplay; clipboard-write; encrypted-media; gyroscope; picture-in-picture; web-share\" referrerpolicy=\"strict-origin-when-cross-origin\" allowfullscreen><\/iframe><script type=\"application\/json\" data-arve-oembed>{\n    \"title\": \"CATA EN CASA - NOMAD COFFEE - AGUAS\",\n    \"author_name\": \"NOMAD COFFEE\",\n    \"author_url\": \"https:\/\/www.youtube.com\/@nomadcoffee5561\",\n    \"type\": \"video\",\n    \"height\": 1000,\n    \"width\": 1778,\n    \"version\": \"1.0\",\n    \"provider_name\": \"YouTube\",\n    \"provider_url\": \"https:\/\/www.youtube.com\/\",\n    \"thumbnail_height\": 360,\n    \"thumbnail_width\": 480,\n    \"thumbnail_url\": \"https:\/\/i.ytimg.com\/vi_webp\/AZvd8nMhnz0\/hqdefault.webp\",\n    \"arve_iframe_src\": \"https:\/\/www.youtube.com\/embed\/AZvd8nMhnz0?feature=oembed\",\n    \"arve_provider\": \"youtube\",\n    \"arve_cachetime\": \"2024-05-30T04:49:17+02:00\",\n    \"arve_url\": \"https:\/\/youtu.be\/AZvd8nMhnz0\",\n    \"arve_thumbnail_url_org\": \"https:\/\/i.ytimg.com\/vi\/AZvd8nMhnz0\/hqdefault.jpg\",\n    \"arve_thumbnail_small\": \"https:\/\/i.ytimg.com\/vi_webp\/AZvd8nMhnz0\/mqdefault.webp\",\n    \"arve_thumbnail_large\": \"https:\/\/i.ytimg.com\/vi_webp\/AZvd8nMhnz0\/sddefault.webp\",\n    \"arve_srcset\": \"https:\/\/i.ytimg.com\/vi_webp\/AZvd8nMhnz0\/mqdefault.webp 320w, https:\/\/i.ytimg.com\/vi_webp\/AZvd8nMhnz0\/hqdefault.webp 480w, https:\/\/i.ytimg.com\/vi_webp\/AZvd8nMhnz0\/sddefault.webp 640w\"\n}<\/script><\/p>\n","protected":false},"excerpt":{"rendered":"<p>Benvinguda\/t al nostre nou format de tasteigs online! Ara en versi\u00f3 subscripci\u00f3 perqu\u00e8 no et perdis mai cap de les [&hellip;]<\/p>\n","protected":false},"featured_media":24125,"template":"","meta":[],"product_cat":[132],"product_tag":[],"acf":[],"yoast_head":"<!-- This site is optimized with the Yoast SEO plugin v22.6 - https:\/\/yoast.com\/wordpress\/plugins\/seo\/ -->\n<title>Nomad Tasting Experience at Home - NOMAD COFFEE<\/title>\n<meta name=\"description\" content=\"Experi\u00e9ncia mensual on gaudirem dels nostres caf\u00e8s amb l&#039;Ivette QC NOMAD, ens guiar\u00e0, aprendrem protocol de cata i alg\u00fan que altre tip ;)\" \/>\n<meta name=\"robots\" content=\"noindex, follow, max-snippet:-1, max-image-preview:large, max-video-preview:-1\" \/>\n<meta property=\"og:locale\" content=\"ca_ES\" \/>\n<meta property=\"og:type\" content=\"article\" \/>\n<meta property=\"og:title\" content=\"Nomad Tasting Experience at Home - NOMAD COFFEE\" \/>\n<meta property=\"og:description\" content=\"Experi\u00e9ncia mensual on gaudirem dels nostres caf\u00e8s amb l&#039;Ivette QC NOMAD, ens guiar\u00e0, aprendrem protocol de cata i alg\u00fan que altre tip ;)\" \/>\n<meta property=\"og:url\" content=\"https:\/\/subs.nomadcoffee.es\/ca\/producte\/nomad-coffee-tasting-experience\/\" \/>\n<meta property=\"og:site_name\" content=\"NOMAD\" \/>\n<meta property=\"article:modified_time\" content=\"2021-08-23T12:23:34+00:00\" \/>\n<meta property=\"og:image\" content=\"https:\/\/subs.nomadcoffee.es\/wp-content\/uploads\/2016\/07\/Mockup_Iphone_NOMAD-1.jpg\" \/>\n\t<meta property=\"og:image:width\" content=\"993\" \/>\n\t<meta property=\"og:image:height\" content=\"993\" \/>\n\t<meta property=\"og:image:type\" content=\"image\/jpeg\" \/>\n<meta name=\"twitter:card\" content=\"summary_large_image\" \/>\n<meta name=\"twitter:label1\" content=\"Temps estimat de lectura\" \/>\n\t<meta name=\"twitter:data1\" content=\"2 minuts\" \/>\n<script type=\"application\/ld+json\" class=\"yoast-schema-graph\">{\"@context\":\"https:\/\/schema.org\",\"@graph\":[{\"@type\":\"WebPage\",\"@id\":\"https:\/\/subs.nomadcoffee.es\/ca\/producte\/nomad-coffee-tasting-experience\/\",\"url\":\"https:\/\/subs.nomadcoffee.es\/ca\/producte\/nomad-coffee-tasting-experience\/\",\"name\":\"Nomad Tasting Experience at Home - NOMAD COFFEE\",\"isPartOf\":{\"@id\":\"https:\/\/subs.nomadcoffee.es\/ca\/#website\"},\"primaryImageOfPage\":{\"@id\":\"https:\/\/subs.nomadcoffee.es\/ca\/producte\/nomad-coffee-tasting-experience\/#primaryimage\"},\"image\":{\"@id\":\"https:\/\/subs.nomadcoffee.es\/ca\/producte\/nomad-coffee-tasting-experience\/#primaryimage\"},\"thumbnailUrl\":\"https:\/\/subs.nomadcoffee.es\/wp-content\/uploads\/2016\/07\/Mockup_Iphone_NOMAD-1.jpg\",\"datePublished\":\"2016-07-12T12:50:31+00:00\",\"dateModified\":\"2021-08-23T12:23:34+00:00\",\"description\":\"Experi\u00e9ncia mensual on gaudirem dels nostres caf\u00e8s amb l'Ivette QC NOMAD, ens guiar\u00e0, aprendrem protocol de cata i alg\u00fan que altre tip ;)\",\"breadcrumb\":{\"@id\":\"https:\/\/subs.nomadcoffee.es\/ca\/producte\/nomad-coffee-tasting-experience\/#breadcrumb\"},\"inLanguage\":\"ca\",\"potentialAction\":[{\"@type\":\"ReadAction\",\"target\":[\"https:\/\/subs.nomadcoffee.es\/ca\/producte\/nomad-coffee-tasting-experience\/\"]}]},{\"@type\":\"ImageObject\",\"inLanguage\":\"ca\",\"@id\":\"https:\/\/subs.nomadcoffee.es\/ca\/producte\/nomad-coffee-tasting-experience\/#primaryimage\",\"url\":\"https:\/\/subs.nomadcoffee.es\/wp-content\/uploads\/2016\/07\/Mockup_Iphone_NOMAD-1.jpg\",\"contentUrl\":\"https:\/\/subs.nomadcoffee.es\/wp-content\/uploads\/2016\/07\/Mockup_Iphone_NOMAD-1.jpg\",\"width\":993,\"height\":993,\"caption\":\"cata online\"},{\"@type\":\"BreadcrumbList\",\"@id\":\"https:\/\/subs.nomadcoffee.es\/ca\/producte\/nomad-coffee-tasting-experience\/#breadcrumb\",\"itemListElement\":[{\"@type\":\"ListItem\",\"position\":1,\"name\":\"Portada\",\"item\":\"https:\/\/subs.nomadcoffee.es\/ca\/\"},{\"@type\":\"ListItem\",\"position\":2,\"name\":\"Tienda\",\"item\":\"https:\/\/subs.nomadcoffee.es\/tienda\/\"},{\"@type\":\"ListItem\",\"position\":3,\"name\":\"Nomad Tasting Experience\"}]},{\"@type\":\"WebSite\",\"@id\":\"https:\/\/subs.nomadcoffee.es\/ca\/#website\",\"url\":\"https:\/\/subs.nomadcoffee.es\/ca\/\",\"name\":\"Nomad Coffee\",\"description\":\"Caf\u00e9 de origen, tostado en Barcelona\",\"publisher\":{\"@id\":\"https:\/\/subs.nomadcoffee.es\/ca\/#organization\"},\"alternateName\":\"Nomad Coffee\",\"potentialAction\":[{\"@type\":\"SearchAction\",\"target\":{\"@type\":\"EntryPoint\",\"urlTemplate\":\"https:\/\/subs.nomadcoffee.es\/ca\/?s={search_term_string}\"},\"query-input\":\"required name=search_term_string\"}],\"inLanguage\":\"ca\"},{\"@type\":\"Organization\",\"@id\":\"https:\/\/subs.nomadcoffee.es\/ca\/#organization\",\"name\":\"Nomad Coffee\",\"alternateName\":\"Nomad Coffee\",\"url\":\"https:\/\/subs.nomadcoffee.es\/ca\/\",\"logo\":{\"@type\":\"ImageObject\",\"inLanguage\":\"ca\",\"@id\":\"https:\/\/subs.nomadcoffee.es\/ca\/#\/schema\/logo\/image\/\",\"url\":\"https:\/\/nomadcoffee.es\/wp-content\/uploads\/2023\/05\/logo-Nomad.jpg\",\"contentUrl\":\"https:\/\/nomadcoffee.es\/wp-content\/uploads\/2023\/05\/logo-Nomad.jpg\",\"width\":200,\"height\":200,\"caption\":\"Nomad Coffee\"},\"image\":{\"@id\":\"https:\/\/subs.nomadcoffee.es\/ca\/#\/schema\/logo\/image\/\"}}]}<\/script>\n<!-- \/ Yoast SEO plugin. -->","yoast_head_json":{"title":"Nomad Tasting Experience at Home - NOMAD COFFEE","description":"Experi\u00e9ncia mensual on gaudirem dels nostres caf\u00e8s amb l'Ivette QC NOMAD, ens guiar\u00e0, aprendrem protocol de cata i alg\u00fan que altre tip ;)","robots":{"index":"noindex","follow":"follow","max-snippet":"max-snippet:-1","max-image-preview":"max-image-preview:large","max-video-preview":"max-video-preview:-1"},"og_locale":"ca_ES","og_type":"article","og_title":"Nomad Tasting Experience at Home - NOMAD COFFEE","og_description":"Experi\u00e9ncia mensual on gaudirem dels nostres caf\u00e8s amb l'Ivette QC NOMAD, ens guiar\u00e0, aprendrem protocol de cata i alg\u00fan que altre tip ;)","og_url":"https:\/\/subs.nomadcoffee.es\/ca\/producte\/nomad-coffee-tasting-experience\/","og_site_name":"NOMAD","article_modified_time":"2021-08-23T12:23:34+00:00","og_image":[{"width":993,"height":993,"url":"https:\/\/subs.nomadcoffee.es\/wp-content\/uploads\/2016\/07\/Mockup_Iphone_NOMAD-1.jpg","type":"image\/jpeg"}],"twitter_card":"summary_large_image","twitter_misc":{"Temps estimat de lectura":"2 minuts"},"schema":{"@context":"https:\/\/schema.org","@graph":[{"@type":"WebPage","@id":"https:\/\/subs.nomadcoffee.es\/ca\/producte\/nomad-coffee-tasting-experience\/","url":"https:\/\/subs.nomadcoffee.es\/ca\/producte\/nomad-coffee-tasting-experience\/","name":"Nomad Tasting Experience at Home - NOMAD COFFEE","isPartOf":{"@id":"https:\/\/subs.nomadcoffee.es\/ca\/#website"},"primaryImageOfPage":{"@id":"https:\/\/subs.nomadcoffee.es\/ca\/producte\/nomad-coffee-tasting-experience\/#primaryimage"},"image":{"@id":"https:\/\/subs.nomadcoffee.es\/ca\/producte\/nomad-coffee-tasting-experience\/#primaryimage"},"thumbnailUrl":"https:\/\/subs.nomadcoffee.es\/wp-content\/uploads\/2016\/07\/Mockup_Iphone_NOMAD-1.jpg","datePublished":"2016-07-12T12:50:31+00:00","dateModified":"2021-08-23T12:23:34+00:00","description":"Experi\u00e9ncia mensual on gaudirem dels nostres caf\u00e8s amb l'Ivette QC NOMAD, ens guiar\u00e0, aprendrem protocol de cata i alg\u00fan que altre tip ;)","breadcrumb":{"@id":"https:\/\/subs.nomadcoffee.es\/ca\/producte\/nomad-coffee-tasting-experience\/#breadcrumb"},"inLanguage":"ca","potentialAction":[{"@type":"ReadAction","target":["https:\/\/subs.nomadcoffee.es\/ca\/producte\/nomad-coffee-tasting-experience\/"]}]},{"@type":"ImageObject","inLanguage":"ca","@id":"https:\/\/subs.nomadcoffee.es\/ca\/producte\/nomad-coffee-tasting-experience\/#primaryimage","url":"https:\/\/subs.nomadcoffee.es\/wp-content\/uploads\/2016\/07\/Mockup_Iphone_NOMAD-1.jpg","contentUrl":"https:\/\/subs.nomadcoffee.es\/wp-content\/uploads\/2016\/07\/Mockup_Iphone_NOMAD-1.jpg","width":993,"height":993,"caption":"cata online"},{"@type":"BreadcrumbList","@id":"https:\/\/subs.nomadcoffee.es\/ca\/producte\/nomad-coffee-tasting-experience\/#breadcrumb","itemListElement":[{"@type":"ListItem","position":1,"name":"Portada","item":"https:\/\/subs.nomadcoffee.es\/ca\/"},{"@type":"ListItem","position":2,"name":"Tienda","item":"https:\/\/subs.nomadcoffee.es\/tienda\/"},{"@type":"ListItem","position":3,"name":"Nomad Tasting Experience"}]},{"@type":"WebSite","@id":"https:\/\/subs.nomadcoffee.es\/ca\/#website","url":"https:\/\/subs.nomadcoffee.es\/ca\/","name":"Nomad Coffee","description":"Caf\u00e9 de origen, tostado en Barcelona","publisher":{"@id":"https:\/\/subs.nomadcoffee.es\/ca\/#organization"},"alternateName":"Nomad Coffee","potentialAction":[{"@type":"SearchAction","target":{"@type":"EntryPoint","urlTemplate":"https:\/\/subs.nomadcoffee.es\/ca\/?s={search_term_string}"},"query-input":"required name=search_term_string"}],"inLanguage":"ca"},{"@type":"Organization","@id":"https:\/\/subs.nomadcoffee.es\/ca\/#organization","name":"Nomad Coffee","alternateName":"Nomad Coffee","url":"https:\/\/subs.nomadcoffee.es\/ca\/","logo":{"@type":"ImageObject","inLanguage":"ca","@id":"https:\/\/subs.nomadcoffee.es\/ca\/#\/schema\/logo\/image\/","url":"https:\/\/nomadcoffee.es\/wp-content\/uploads\/2023\/05\/logo-Nomad.jpg","contentUrl":"https:\/\/nomadcoffee.es\/wp-content\/uploads\/2023\/05\/logo-Nomad.jpg","width":200,"height":200,"caption":"Nomad Coffee"},"image":{"@id":"https:\/\/subs.nomadcoffee.es\/ca\/#\/schema\/logo\/image\/"}}]}},"_links":{"self":[{"href":"https:\/\/subs.nomadcoffee.es\/ca\/wp-json\/wp\/v2\/product\/8583"}],"collection":[{"href":"https:\/\/subs.nomadcoffee.es\/ca\/wp-json\/wp\/v2\/product"}],"about":[{"href":"https:\/\/subs.nomadcoffee.es\/ca\/wp-json\/wp\/v2\/types\/product"}],"wp:featuredmedia":[{"embeddable":true,"href":"https:\/\/subs.nomadcoffee.es\/ca\/wp-json\/wp\/v2\/media\/24125"}],"wp:attachment":[{"href":"https:\/\/subs.nomadcoffee.es\/ca\/wp-json\/wp\/v2\/media?parent=8583"}],"wp:term":[{"taxonomy":"product_cat","embeddable":true,"href":"https:\/\/subs.nomadcoffee.es\/ca\/wp-json\/wp\/v2\/product_cat?post=8583"},{"taxonomy":"product_tag","embeddable":true,"href":"https:\/\/subs.nomadcoffee.es\/ca\/wp-json\/wp\/v2\/product_tag?post=8583"}],"curies":[{"name":"wp","href":"https:\/\/api.w.org\/{rel}","templated":true}]}}