{"id":86431,"date":"2023-10-05T16:33:33","date_gmt":"2023-10-05T14:33:33","guid":{"rendered":"https:\/\/nomadcoffee.es\/?post_type=product&#038;p=86431"},"modified":"2023-10-17T13:28:53","modified_gmt":"2023-10-17T11:28:53","slug":"el-bombo-espresso","status":"publish","type":"product","link":"https:\/\/subs.nomadcoffee.es\/ca\/producte\/el-bombo-espresso\/","title":{"rendered":"El Bombo Espresso"},"content":{"rendered":"<p>Aquest lot de caf\u00e8 va ser produ\u00eft per 15 dones productores de la regi\u00f3 de Huila, Col\u00f2mbia, integrants d&#8217;Asobombo. Tenen certificaci\u00f3 org\u00e0nica i es dediquen a produir caf\u00e8s d\u2019especialitat  d&#8217;alta qualitat mitjan\u00e7ant un cultiu i processament acurat.<\/p>\n<p>Continuen invertint amb els beneficis dels seus caf\u00e8s a millorar les seves finques i les seves infraestructures de processament i sempre busquen aprendre noves t\u00e8cniques de processament per millorar la qualitat general.<br \/>\nA Pitalito, les finques tendeixen a ser una mica m\u00e9s grans que en altres regions de Col\u00f2mbia. La majoria de les explotacions tenen aqu\u00ed entre 3 i 5 hect\u00e0rees, en comparaci\u00f3 amb 1 a 3 hect\u00e0rees d\u2019altres regions.<\/p>\n<p>La majoria de les fam\u00edlies que avui viuen a Pitalito van emigrar de Nari\u00f1o als segles XIX i XX. Nari\u00f1o solia estar molt m\u00e9s densament poblada que Huila, per\u00f2 molta gent va emigrar a Pitalito a la recerca de terres f\u00e8rtils i assequibles.<\/p>\n<p>A m\u00e9s del caf\u00e8, molts productors de Pitalito tamb\u00e9 cultiven canya de sucre. Asobombo va ajudar els membres de les comunitats a construir molins on els agricultors poden processar la canya de sucre per convertir-la en emplafona, un producte t\u00edpic de la canya de sucre que \u00e9s com\u00fa a les zones rurals de Col\u00f2mbia.<\/p>\n<p><b>Proc\u00e9s<\/b><\/p>\n<p>Les dones que contribueixen a aquest lot i les seves fam\u00edlies recullen selectivament cireres vermelles madures i les processen a les seves granges. Despulpen les cireres en petites despulpadores de maneta i les fermenten en tancs durant un temps de 12 a 36 hores. Despr\u00e9s de la fermentaci\u00f3, el pergam\u00ed es renta amb aigua neta i es deixa assecar a llits parab\u00f2lics, marquesines o patis. Rastrellen el pergam\u00ed amb freq\u00fc\u00e8ncia per assegurar un assecat uniforme.<\/p>\n","protected":false},"excerpt":{"rendered":"<p>Aquest lot de caf\u00e8 va ser produ\u00eft per 15 dones productores de la regi\u00f3 de Huila, Col\u00f2mbia, integrants d&#8217;Asobombo. Tenen [&hellip;]<\/p>\n","protected":false},"featured_media":86402,"template":"","meta":[],"product_cat":[137,475],"product_tag":[1612,1649,1646],"acf":[],"yoast_head":"<!-- This site is optimized with the Yoast SEO plugin v22.6 - https:\/\/yoast.com\/wordpress\/plugins\/seo\/ -->\n<title>El Bombo Espresso - NOMAD COFFEE<\/title>\n<meta name=\"description\" content=\"Caf\u00e8 d&#039;especialitat amb frag\u00e0ncia a xocolata i fruita tropical. Fresc , acidesa c\u00edtrica de taronja i naranjilla, achocolatado i amb xarop d&#039;atzavara.\" \/>\n<meta name=\"robots\" content=\"noindex, follow, max-snippet:-1, max-image-preview:large, max-video-preview:-1\" \/>\n<meta property=\"og:locale\" content=\"ca_ES\" \/>\n<meta property=\"og:type\" content=\"article\" \/>\n<meta property=\"og:title\" content=\"El Bombo Espresso - NOMAD COFFEE\" \/>\n<meta property=\"og:description\" content=\"Caf\u00e8 d&#039;especialitat amb frag\u00e0ncia a xocolata i fruita tropical. Fresc , acidesa c\u00edtrica de taronja i naranjilla, achocolatado i amb xarop d&#039;atzavara.\" \/>\n<meta property=\"og:url\" content=\"https:\/\/subs.nomadcoffee.es\/ca\/producte\/el-bombo-espresso\/\" \/>\n<meta property=\"og:site_name\" content=\"NOMAD\" \/>\n<meta property=\"article:modified_time\" content=\"2023-10-17T11:28:53+00:00\" \/>\n<meta property=\"og:image\" content=\"https:\/\/subs.nomadcoffee.es\/wp-content\/uploads\/2023\/10\/E.CO_.BOM_-1.jpg\" \/>\n\t<meta property=\"og:image:width\" content=\"2000\" \/>\n\t<meta property=\"og:image:height\" content=\"2000\" \/>\n\t<meta property=\"og:image:type\" content=\"image\/jpeg\" \/>\n<meta name=\"twitter:card\" content=\"summary_large_image\" \/>\n<meta name=\"twitter:label1\" content=\"Temps estimat de lectura\" \/>\n\t<meta name=\"twitter:data1\" content=\"2 minuts\" \/>\n<script type=\"application\/ld+json\" class=\"yoast-schema-graph\">{\"@context\":\"https:\/\/schema.org\",\"@graph\":[{\"@type\":\"WebPage\",\"@id\":\"https:\/\/subs.nomadcoffee.es\/ca\/producte\/el-bombo-espresso\/\",\"url\":\"https:\/\/subs.nomadcoffee.es\/ca\/producte\/el-bombo-espresso\/\",\"name\":\"El Bombo Espresso - NOMAD COFFEE\",\"isPartOf\":{\"@id\":\"https:\/\/subs.nomadcoffee.es\/ca\/#website\"},\"primaryImageOfPage\":{\"@id\":\"https:\/\/subs.nomadcoffee.es\/ca\/producte\/el-bombo-espresso\/#primaryimage\"},\"image\":{\"@id\":\"https:\/\/subs.nomadcoffee.es\/ca\/producte\/el-bombo-espresso\/#primaryimage\"},\"thumbnailUrl\":\"https:\/\/subs.nomadcoffee.es\/wp-content\/uploads\/2023\/10\/E.CO_.BOM_-1.jpg\",\"datePublished\":\"2023-10-05T14:33:33+00:00\",\"dateModified\":\"2023-10-17T11:28:53+00:00\",\"description\":\"Caf\u00e8 d'especialitat amb frag\u00e0ncia a xocolata i fruita tropical. Fresc , acidesa c\u00edtrica de taronja i naranjilla, achocolatado i amb xarop d'atzavara.\",\"breadcrumb\":{\"@id\":\"https:\/\/subs.nomadcoffee.es\/ca\/producte\/el-bombo-espresso\/#breadcrumb\"},\"inLanguage\":\"ca\",\"potentialAction\":[{\"@type\":\"ReadAction\",\"target\":[\"https:\/\/subs.nomadcoffee.es\/ca\/producte\/el-bombo-espresso\/\"]}]},{\"@type\":\"ImageObject\",\"inLanguage\":\"ca\",\"@id\":\"https:\/\/subs.nomadcoffee.es\/ca\/producte\/el-bombo-espresso\/#primaryimage\",\"url\":\"https:\/\/subs.nomadcoffee.es\/wp-content\/uploads\/2023\/10\/E.CO_.BOM_-1.jpg\",\"contentUrl\":\"https:\/\/subs.nomadcoffee.es\/wp-content\/uploads\/2023\/10\/E.CO_.BOM_-1.jpg\",\"width\":2000,\"height\":2000},{\"@type\":\"BreadcrumbList\",\"@id\":\"https:\/\/subs.nomadcoffee.es\/ca\/producte\/el-bombo-espresso\/#breadcrumb\",\"itemListElement\":[{\"@type\":\"ListItem\",\"position\":1,\"name\":\"Portada\",\"item\":\"https:\/\/subs.nomadcoffee.es\/ca\/\"},{\"@type\":\"ListItem\",\"position\":2,\"name\":\"Tienda\",\"item\":\"https:\/\/subs.nomadcoffee.es\/tienda\/\"},{\"@type\":\"ListItem\",\"position\":3,\"name\":\"El Bombo Espresso\"}]},{\"@type\":\"WebSite\",\"@id\":\"https:\/\/subs.nomadcoffee.es\/ca\/#website\",\"url\":\"https:\/\/subs.nomadcoffee.es\/ca\/\",\"name\":\"Nomad Coffee\",\"description\":\"Caf\u00e9 de origen, tostado en Barcelona\",\"publisher\":{\"@id\":\"https:\/\/subs.nomadcoffee.es\/ca\/#organization\"},\"alternateName\":\"Nomad Coffee\",\"potentialAction\":[{\"@type\":\"SearchAction\",\"target\":{\"@type\":\"EntryPoint\",\"urlTemplate\":\"https:\/\/subs.nomadcoffee.es\/ca\/?s={search_term_string}\"},\"query-input\":\"required name=search_term_string\"}],\"inLanguage\":\"ca\"},{\"@type\":\"Organization\",\"@id\":\"https:\/\/subs.nomadcoffee.es\/ca\/#organization\",\"name\":\"Nomad Coffee\",\"alternateName\":\"Nomad Coffee\",\"url\":\"https:\/\/subs.nomadcoffee.es\/ca\/\",\"logo\":{\"@type\":\"ImageObject\",\"inLanguage\":\"ca\",\"@id\":\"https:\/\/subs.nomadcoffee.es\/ca\/#\/schema\/logo\/image\/\",\"url\":\"https:\/\/nomadcoffee.es\/wp-content\/uploads\/2023\/05\/logo-Nomad.jpg\",\"contentUrl\":\"https:\/\/nomadcoffee.es\/wp-content\/uploads\/2023\/05\/logo-Nomad.jpg\",\"width\":200,\"height\":200,\"caption\":\"Nomad Coffee\"},\"image\":{\"@id\":\"https:\/\/subs.nomadcoffee.es\/ca\/#\/schema\/logo\/image\/\"}}]}<\/script>\n<!-- \/ Yoast SEO plugin. -->","yoast_head_json":{"title":"El Bombo Espresso - NOMAD COFFEE","description":"Caf\u00e8 d'especialitat amb frag\u00e0ncia a xocolata i fruita tropical. Fresc , acidesa c\u00edtrica de taronja i naranjilla, achocolatado i amb xarop d'atzavara.","robots":{"index":"noindex","follow":"follow","max-snippet":"max-snippet:-1","max-image-preview":"max-image-preview:large","max-video-preview":"max-video-preview:-1"},"og_locale":"ca_ES","og_type":"article","og_title":"El Bombo Espresso - NOMAD COFFEE","og_description":"Caf\u00e8 d'especialitat amb frag\u00e0ncia a xocolata i fruita tropical. Fresc , acidesa c\u00edtrica de taronja i naranjilla, achocolatado i amb xarop d'atzavara.","og_url":"https:\/\/subs.nomadcoffee.es\/ca\/producte\/el-bombo-espresso\/","og_site_name":"NOMAD","article_modified_time":"2023-10-17T11:28:53+00:00","og_image":[{"width":2000,"height":2000,"url":"https:\/\/subs.nomadcoffee.es\/wp-content\/uploads\/2023\/10\/E.CO_.BOM_-1.jpg","type":"image\/jpeg"}],"twitter_card":"summary_large_image","twitter_misc":{"Temps estimat de lectura":"2 minuts"},"schema":{"@context":"https:\/\/schema.org","@graph":[{"@type":"WebPage","@id":"https:\/\/subs.nomadcoffee.es\/ca\/producte\/el-bombo-espresso\/","url":"https:\/\/subs.nomadcoffee.es\/ca\/producte\/el-bombo-espresso\/","name":"El Bombo Espresso - NOMAD COFFEE","isPartOf":{"@id":"https:\/\/subs.nomadcoffee.es\/ca\/#website"},"primaryImageOfPage":{"@id":"https:\/\/subs.nomadcoffee.es\/ca\/producte\/el-bombo-espresso\/#primaryimage"},"image":{"@id":"https:\/\/subs.nomadcoffee.es\/ca\/producte\/el-bombo-espresso\/#primaryimage"},"thumbnailUrl":"https:\/\/subs.nomadcoffee.es\/wp-content\/uploads\/2023\/10\/E.CO_.BOM_-1.jpg","datePublished":"2023-10-05T14:33:33+00:00","dateModified":"2023-10-17T11:28:53+00:00","description":"Caf\u00e8 d'especialitat amb frag\u00e0ncia a xocolata i fruita tropical. Fresc , acidesa c\u00edtrica de taronja i naranjilla, achocolatado i amb xarop d'atzavara.","breadcrumb":{"@id":"https:\/\/subs.nomadcoffee.es\/ca\/producte\/el-bombo-espresso\/#breadcrumb"},"inLanguage":"ca","potentialAction":[{"@type":"ReadAction","target":["https:\/\/subs.nomadcoffee.es\/ca\/producte\/el-bombo-espresso\/"]}]},{"@type":"ImageObject","inLanguage":"ca","@id":"https:\/\/subs.nomadcoffee.es\/ca\/producte\/el-bombo-espresso\/#primaryimage","url":"https:\/\/subs.nomadcoffee.es\/wp-content\/uploads\/2023\/10\/E.CO_.BOM_-1.jpg","contentUrl":"https:\/\/subs.nomadcoffee.es\/wp-content\/uploads\/2023\/10\/E.CO_.BOM_-1.jpg","width":2000,"height":2000},{"@type":"BreadcrumbList","@id":"https:\/\/subs.nomadcoffee.es\/ca\/producte\/el-bombo-espresso\/#breadcrumb","itemListElement":[{"@type":"ListItem","position":1,"name":"Portada","item":"https:\/\/subs.nomadcoffee.es\/ca\/"},{"@type":"ListItem","position":2,"name":"Tienda","item":"https:\/\/subs.nomadcoffee.es\/tienda\/"},{"@type":"ListItem","position":3,"name":"El Bombo Espresso"}]},{"@type":"WebSite","@id":"https:\/\/subs.nomadcoffee.es\/ca\/#website","url":"https:\/\/subs.nomadcoffee.es\/ca\/","name":"Nomad Coffee","description":"Caf\u00e9 de origen, tostado en Barcelona","publisher":{"@id":"https:\/\/subs.nomadcoffee.es\/ca\/#organization"},"alternateName":"Nomad Coffee","potentialAction":[{"@type":"SearchAction","target":{"@type":"EntryPoint","urlTemplate":"https:\/\/subs.nomadcoffee.es\/ca\/?s={search_term_string}"},"query-input":"required name=search_term_string"}],"inLanguage":"ca"},{"@type":"Organization","@id":"https:\/\/subs.nomadcoffee.es\/ca\/#organization","name":"Nomad Coffee","alternateName":"Nomad Coffee","url":"https:\/\/subs.nomadcoffee.es\/ca\/","logo":{"@type":"ImageObject","inLanguage":"ca","@id":"https:\/\/subs.nomadcoffee.es\/ca\/#\/schema\/logo\/image\/","url":"https:\/\/nomadcoffee.es\/wp-content\/uploads\/2023\/05\/logo-Nomad.jpg","contentUrl":"https:\/\/nomadcoffee.es\/wp-content\/uploads\/2023\/05\/logo-Nomad.jpg","width":200,"height":200,"caption":"Nomad Coffee"},"image":{"@id":"https:\/\/subs.nomadcoffee.es\/ca\/#\/schema\/logo\/image\/"}}]}},"_links":{"self":[{"href":"https:\/\/subs.nomadcoffee.es\/ca\/wp-json\/wp\/v2\/product\/86431"}],"collection":[{"href":"https:\/\/subs.nomadcoffee.es\/ca\/wp-json\/wp\/v2\/product"}],"about":[{"href":"https:\/\/subs.nomadcoffee.es\/ca\/wp-json\/wp\/v2\/types\/product"}],"wp:featuredmedia":[{"embeddable":true,"href":"https:\/\/subs.nomadcoffee.es\/ca\/wp-json\/wp\/v2\/media\/86402"}],"wp:attachment":[{"href":"https:\/\/subs.nomadcoffee.es\/ca\/wp-json\/wp\/v2\/media?parent=86431"}],"wp:term":[{"taxonomy":"product_cat","embeddable":true,"href":"https:\/\/subs.nomadcoffee.es\/ca\/wp-json\/wp\/v2\/product_cat?post=86431"},{"taxonomy":"product_tag","embeddable":true,"href":"https:\/\/subs.nomadcoffee.es\/ca\/wp-json\/wp\/v2\/product_tag?post=86431"}],"curies":[{"name":"wp","href":"https:\/\/api.w.org\/{rel}","templated":true}]}}