{"id":86636,"date":"2023-10-09T16:25:32","date_gmt":"2023-10-09T14:25:32","guid":{"rendered":"https:\/\/nomadcoffee.es\/?post_type=product&#038;p=86636"},"modified":"2023-10-19T09:19:37","modified_gmt":"2023-10-19T07:19:37","slug":"el-corozal","status":"publish","type":"product","link":"https:\/\/subs.nomadcoffee.es\/ca\/producte\/el-corozal\/","title":{"rendered":"El Corozal"},"content":{"rendered":"<p>Delf\u00edn Carvajal, de Finca El Corozal a Garz\u00f3n, Huila, \u00e9s un productor de caf\u00e8 ambici\u00f3s i de gran talent. Va quedar entre els deu primers a la competici\u00f3 Col\u00f2mbia Huila M\u00e1gico 2020, i en cinqu\u00e8 lloc a la tercera edici\u00f3.<\/p>\n<p>Situada a una altitud de m\u00e9s de 1500 metres, la Finca El Corozal s&#8217;est\u00e9n per 3 hect\u00e0rees i cultiva 20.000 arbres, incloses les varietats Caturra, Castell i Col\u00f2mbia. Dirigida pel germ\u00e0 de Delf\u00edn, Euclides Carvajal, la finca \u00e9s una her\u00e8ncia familiar i des del 2004 els dos germans han estat treballant a millorar la qualitat del caf\u00e8.<\/p>\n<p>Un dels projectes m\u00e9s interessants en qu\u00e8 Delf\u00edn ha estat involucrat ha estat intentar optimitzar el proc\u00e9s d&#8217;assecat dels caf\u00e8s m\u00e9s especials per preservar millor les seves caracter\u00edstiques f\u00edsiques i sensorials.<\/p>\n<p>D&#8217;aquesta manera es va embarcar en un projecte centrat en l&#8217;assecatge mec\u00e0nic, per al qual va haver de buscar recursos econ\u00f2mics externs per a la seva possible implementaci\u00f3 despr\u00e9s de fer diversos estudis de mercat i financers. Amb el suport de l&#8217;empresa colombiana Metalcol, Delf\u00edn va poder fer alguns ajustaments t\u00e8cnics per assegurar la conservaci\u00f3 del gra durant l&#8217;assecat mec\u00e0nic. Aquesta innovaci\u00f3 va aconseguir l&#8217;aprovaci\u00f3 del projecte i el pr\u00e9stec necessari, reconeixent-ne l&#8217;impacte potencial en l&#8217;economia del pa\u00eds.<\/p>\n<p>Les auditories cont\u00ednues van confirmar l&#8217;\u00e8xit del projecte al llarg del temps, fet que va permetre a Delf\u00edn ampliar els seus esfor\u00e7os en la producci\u00f3 de caf\u00e8s especials.<\/p>\n<p>A m\u00e9s, Delf\u00edn va establir una associaci\u00f3 de m\u00e9s de 20 membres a la regi\u00f3, fomentant la sembra de diverses varietats i la comercialitzaci\u00f3 col\u00b7laborativa del caf\u00e8. Aquest esfor\u00e7 col\u00b7lectiu no nom\u00e9s beneficia els agricultors individualment, sin\u00f3 que tamb\u00e9 contribueix a l&#8217;economia local de la regi\u00f3.<\/p>\n<p><b>Proc\u00e9s<b><\/p>\n<p>El proc\u00e9s de fermentaci\u00f3 de Delf\u00edn per a aquest caf\u00e8 natural requereix 14 hores d&#8217;assecatge en cireres, seguides de 8-12 dies en llits exposats al sol. El proc\u00e9s es completa amb 32 hores d&#8217;assecatge mec\u00e0nic a 36\u00b0C.<\/p>\n","protected":false},"excerpt":{"rendered":"<p>Delf\u00edn Carvajal, de Finca El Corozal a Garz\u00f3n, Huila, \u00e9s un productor de caf\u00e8 ambici\u00f3s i de gran talent. Va [&hellip;]<\/p>\n","protected":false},"featured_media":86612,"template":"","meta":[],"product_cat":[137],"product_tag":[1653,1127,622],"acf":[],"yoast_head":"<!-- This site is optimized with the Yoast SEO plugin v22.6 - https:\/\/yoast.com\/wordpress\/plugins\/seo\/ -->\n<title>Caf\u00e9 d&#039;especialitat - El Corozal - NOMAD COFFEE<\/title>\n<meta name=\"description\" content=\"El Corozal \u00e9s un caf\u00e8 d&#039;especialitat amb notes dolces de fruita seca garrapi\u00f1ados i mel i amb un cos suc\u00f3s que ens recorda al paraguai\u00e0.\" \/>\n<meta name=\"robots\" content=\"noindex, follow, max-snippet:-1, max-image-preview:large, max-video-preview:-1\" \/>\n<meta property=\"og:locale\" content=\"ca_ES\" \/>\n<meta property=\"og:type\" content=\"article\" \/>\n<meta property=\"og:title\" content=\"Caf\u00e9 d&#039;especialitat - El Corozal - NOMAD COFFEE\" \/>\n<meta property=\"og:description\" content=\"El Corozal \u00e9s un caf\u00e8 d&#039;especialitat amb notes dolces de fruita seca garrapi\u00f1ados i mel i amb un cos suc\u00f3s que ens recorda al paraguai\u00e0.\" \/>\n<meta property=\"og:url\" content=\"https:\/\/subs.nomadcoffee.es\/ca\/producte\/el-corozal\/\" \/>\n<meta property=\"og:site_name\" content=\"NOMAD\" \/>\n<meta property=\"article:modified_time\" content=\"2023-10-19T07:19:37+00:00\" \/>\n<meta property=\"og:image\" content=\"https:\/\/subs.nomadcoffee.es\/wp-content\/uploads\/2023\/10\/F.CO_.COR_.jpg\" \/>\n\t<meta property=\"og:image:width\" content=\"2000\" \/>\n\t<meta property=\"og:image:height\" content=\"2000\" \/>\n\t<meta property=\"og:image:type\" content=\"image\/jpeg\" \/>\n<meta name=\"twitter:card\" content=\"summary_large_image\" \/>\n<meta name=\"twitter:label1\" content=\"Temps estimat de lectura\" \/>\n\t<meta name=\"twitter:data1\" content=\"2 minuts\" \/>\n<script type=\"application\/ld+json\" class=\"yoast-schema-graph\">{\"@context\":\"https:\/\/schema.org\",\"@graph\":[{\"@type\":\"WebPage\",\"@id\":\"https:\/\/subs.nomadcoffee.es\/ca\/producte\/el-corozal\/\",\"url\":\"https:\/\/subs.nomadcoffee.es\/ca\/producte\/el-corozal\/\",\"name\":\"Caf\u00e9 d'especialitat - El Corozal - NOMAD COFFEE\",\"isPartOf\":{\"@id\":\"https:\/\/subs.nomadcoffee.es\/ca\/#website\"},\"primaryImageOfPage\":{\"@id\":\"https:\/\/subs.nomadcoffee.es\/ca\/producte\/el-corozal\/#primaryimage\"},\"image\":{\"@id\":\"https:\/\/subs.nomadcoffee.es\/ca\/producte\/el-corozal\/#primaryimage\"},\"thumbnailUrl\":\"https:\/\/subs.nomadcoffee.es\/wp-content\/uploads\/2023\/10\/F.CO_.COR_.jpg\",\"datePublished\":\"2023-10-09T14:25:32+00:00\",\"dateModified\":\"2023-10-19T07:19:37+00:00\",\"description\":\"El Corozal \u00e9s un caf\u00e8 d'especialitat amb notes dolces de fruita seca garrapi\u00f1ados i mel i amb un cos suc\u00f3s que ens recorda al paraguai\u00e0.\",\"breadcrumb\":{\"@id\":\"https:\/\/subs.nomadcoffee.es\/ca\/producte\/el-corozal\/#breadcrumb\"},\"inLanguage\":\"ca\",\"potentialAction\":[{\"@type\":\"ReadAction\",\"target\":[\"https:\/\/subs.nomadcoffee.es\/ca\/producte\/el-corozal\/\"]}]},{\"@type\":\"ImageObject\",\"inLanguage\":\"ca\",\"@id\":\"https:\/\/subs.nomadcoffee.es\/ca\/producte\/el-corozal\/#primaryimage\",\"url\":\"https:\/\/subs.nomadcoffee.es\/wp-content\/uploads\/2023\/10\/F.CO_.COR_.jpg\",\"contentUrl\":\"https:\/\/subs.nomadcoffee.es\/wp-content\/uploads\/2023\/10\/F.CO_.COR_.jpg\",\"width\":2000,\"height\":2000},{\"@type\":\"BreadcrumbList\",\"@id\":\"https:\/\/subs.nomadcoffee.es\/ca\/producte\/el-corozal\/#breadcrumb\",\"itemListElement\":[{\"@type\":\"ListItem\",\"position\":1,\"name\":\"Portada\",\"item\":\"https:\/\/subs.nomadcoffee.es\/ca\/\"},{\"@type\":\"ListItem\",\"position\":2,\"name\":\"Tienda\",\"item\":\"https:\/\/subs.nomadcoffee.es\/tienda\/\"},{\"@type\":\"ListItem\",\"position\":3,\"name\":\"El Corozal\"}]},{\"@type\":\"WebSite\",\"@id\":\"https:\/\/subs.nomadcoffee.es\/ca\/#website\",\"url\":\"https:\/\/subs.nomadcoffee.es\/ca\/\",\"name\":\"Nomad Coffee\",\"description\":\"Caf\u00e9 de origen, tostado en Barcelona\",\"publisher\":{\"@id\":\"https:\/\/subs.nomadcoffee.es\/ca\/#organization\"},\"alternateName\":\"Nomad Coffee\",\"potentialAction\":[{\"@type\":\"SearchAction\",\"target\":{\"@type\":\"EntryPoint\",\"urlTemplate\":\"https:\/\/subs.nomadcoffee.es\/ca\/?s={search_term_string}\"},\"query-input\":\"required name=search_term_string\"}],\"inLanguage\":\"ca\"},{\"@type\":\"Organization\",\"@id\":\"https:\/\/subs.nomadcoffee.es\/ca\/#organization\",\"name\":\"Nomad Coffee\",\"alternateName\":\"Nomad Coffee\",\"url\":\"https:\/\/subs.nomadcoffee.es\/ca\/\",\"logo\":{\"@type\":\"ImageObject\",\"inLanguage\":\"ca\",\"@id\":\"https:\/\/subs.nomadcoffee.es\/ca\/#\/schema\/logo\/image\/\",\"url\":\"https:\/\/nomadcoffee.es\/wp-content\/uploads\/2023\/05\/logo-Nomad.jpg\",\"contentUrl\":\"https:\/\/nomadcoffee.es\/wp-content\/uploads\/2023\/05\/logo-Nomad.jpg\",\"width\":200,\"height\":200,\"caption\":\"Nomad Coffee\"},\"image\":{\"@id\":\"https:\/\/subs.nomadcoffee.es\/ca\/#\/schema\/logo\/image\/\"}}]}<\/script>\n<!-- \/ Yoast SEO plugin. -->","yoast_head_json":{"title":"Caf\u00e9 d'especialitat - El Corozal - NOMAD COFFEE","description":"El Corozal \u00e9s un caf\u00e8 d'especialitat amb notes dolces de fruita seca garrapi\u00f1ados i mel i amb un cos suc\u00f3s que ens recorda al paraguai\u00e0.","robots":{"index":"noindex","follow":"follow","max-snippet":"max-snippet:-1","max-image-preview":"max-image-preview:large","max-video-preview":"max-video-preview:-1"},"og_locale":"ca_ES","og_type":"article","og_title":"Caf\u00e9 d'especialitat - El Corozal - NOMAD COFFEE","og_description":"El Corozal \u00e9s un caf\u00e8 d'especialitat amb notes dolces de fruita seca garrapi\u00f1ados i mel i amb un cos suc\u00f3s que ens recorda al paraguai\u00e0.","og_url":"https:\/\/subs.nomadcoffee.es\/ca\/producte\/el-corozal\/","og_site_name":"NOMAD","article_modified_time":"2023-10-19T07:19:37+00:00","og_image":[{"width":2000,"height":2000,"url":"https:\/\/subs.nomadcoffee.es\/wp-content\/uploads\/2023\/10\/F.CO_.COR_.jpg","type":"image\/jpeg"}],"twitter_card":"summary_large_image","twitter_misc":{"Temps estimat de lectura":"2 minuts"},"schema":{"@context":"https:\/\/schema.org","@graph":[{"@type":"WebPage","@id":"https:\/\/subs.nomadcoffee.es\/ca\/producte\/el-corozal\/","url":"https:\/\/subs.nomadcoffee.es\/ca\/producte\/el-corozal\/","name":"Caf\u00e9 d'especialitat - El Corozal - NOMAD COFFEE","isPartOf":{"@id":"https:\/\/subs.nomadcoffee.es\/ca\/#website"},"primaryImageOfPage":{"@id":"https:\/\/subs.nomadcoffee.es\/ca\/producte\/el-corozal\/#primaryimage"},"image":{"@id":"https:\/\/subs.nomadcoffee.es\/ca\/producte\/el-corozal\/#primaryimage"},"thumbnailUrl":"https:\/\/subs.nomadcoffee.es\/wp-content\/uploads\/2023\/10\/F.CO_.COR_.jpg","datePublished":"2023-10-09T14:25:32+00:00","dateModified":"2023-10-19T07:19:37+00:00","description":"El Corozal \u00e9s un caf\u00e8 d'especialitat amb notes dolces de fruita seca garrapi\u00f1ados i mel i amb un cos suc\u00f3s que ens recorda al paraguai\u00e0.","breadcrumb":{"@id":"https:\/\/subs.nomadcoffee.es\/ca\/producte\/el-corozal\/#breadcrumb"},"inLanguage":"ca","potentialAction":[{"@type":"ReadAction","target":["https:\/\/subs.nomadcoffee.es\/ca\/producte\/el-corozal\/"]}]},{"@type":"ImageObject","inLanguage":"ca","@id":"https:\/\/subs.nomadcoffee.es\/ca\/producte\/el-corozal\/#primaryimage","url":"https:\/\/subs.nomadcoffee.es\/wp-content\/uploads\/2023\/10\/F.CO_.COR_.jpg","contentUrl":"https:\/\/subs.nomadcoffee.es\/wp-content\/uploads\/2023\/10\/F.CO_.COR_.jpg","width":2000,"height":2000},{"@type":"BreadcrumbList","@id":"https:\/\/subs.nomadcoffee.es\/ca\/producte\/el-corozal\/#breadcrumb","itemListElement":[{"@type":"ListItem","position":1,"name":"Portada","item":"https:\/\/subs.nomadcoffee.es\/ca\/"},{"@type":"ListItem","position":2,"name":"Tienda","item":"https:\/\/subs.nomadcoffee.es\/tienda\/"},{"@type":"ListItem","position":3,"name":"El Corozal"}]},{"@type":"WebSite","@id":"https:\/\/subs.nomadcoffee.es\/ca\/#website","url":"https:\/\/subs.nomadcoffee.es\/ca\/","name":"Nomad Coffee","description":"Caf\u00e9 de origen, tostado en Barcelona","publisher":{"@id":"https:\/\/subs.nomadcoffee.es\/ca\/#organization"},"alternateName":"Nomad Coffee","potentialAction":[{"@type":"SearchAction","target":{"@type":"EntryPoint","urlTemplate":"https:\/\/subs.nomadcoffee.es\/ca\/?s={search_term_string}"},"query-input":"required name=search_term_string"}],"inLanguage":"ca"},{"@type":"Organization","@id":"https:\/\/subs.nomadcoffee.es\/ca\/#organization","name":"Nomad Coffee","alternateName":"Nomad Coffee","url":"https:\/\/subs.nomadcoffee.es\/ca\/","logo":{"@type":"ImageObject","inLanguage":"ca","@id":"https:\/\/subs.nomadcoffee.es\/ca\/#\/schema\/logo\/image\/","url":"https:\/\/nomadcoffee.es\/wp-content\/uploads\/2023\/05\/logo-Nomad.jpg","contentUrl":"https:\/\/nomadcoffee.es\/wp-content\/uploads\/2023\/05\/logo-Nomad.jpg","width":200,"height":200,"caption":"Nomad Coffee"},"image":{"@id":"https:\/\/subs.nomadcoffee.es\/ca\/#\/schema\/logo\/image\/"}}]}},"_links":{"self":[{"href":"https:\/\/subs.nomadcoffee.es\/ca\/wp-json\/wp\/v2\/product\/86636"}],"collection":[{"href":"https:\/\/subs.nomadcoffee.es\/ca\/wp-json\/wp\/v2\/product"}],"about":[{"href":"https:\/\/subs.nomadcoffee.es\/ca\/wp-json\/wp\/v2\/types\/product"}],"wp:featuredmedia":[{"embeddable":true,"href":"https:\/\/subs.nomadcoffee.es\/ca\/wp-json\/wp\/v2\/media\/86612"}],"wp:attachment":[{"href":"https:\/\/subs.nomadcoffee.es\/ca\/wp-json\/wp\/v2\/media?parent=86636"}],"wp:term":[{"taxonomy":"product_cat","embeddable":true,"href":"https:\/\/subs.nomadcoffee.es\/ca\/wp-json\/wp\/v2\/product_cat?post=86636"},{"taxonomy":"product_tag","embeddable":true,"href":"https:\/\/subs.nomadcoffee.es\/ca\/wp-json\/wp\/v2\/product_tag?post=86636"}],"curies":[{"name":"wp","href":"https:\/\/api.w.org\/{rel}","templated":true}]}}