{"id":87066,"date":"2023-10-24T13:30:50","date_gmt":"2023-10-24T11:30:50","guid":{"rendered":"https:\/\/nomadcoffee.es\/?post_type=product&#038;p=87066"},"modified":"2023-10-25T19:39:57","modified_gmt":"2023-10-25T17:39:57","slug":"mango","status":"publish","type":"product","link":"https:\/\/subs.nomadcoffee.es\/ca\/producte\/mango\/","title":{"rendered":"Mango"},"content":{"rendered":"<p>Rodrigo S\u00e1nchez Valencia \u00e9s un caficultor de tercera generaci\u00f3 de la Finca Monteblanco. El seu avi va comen\u00e7ar a conrear caf\u00e8 aqu\u00ed fa diverses d\u00e8cades i avui, Rodrigo treballa per preservar la diversitat natural i la productivitat de la granja.<\/p>\n<p>Finca Monteblanco es troba a prop de la Cueva de los Guacharos, un dels 59 parcs protegits de Col\u00f2mbia. El riu Suaza tamb\u00e9 passa a prop i proporciona aigua dol\u00e7a per al cultiu i el processament.<\/p>\n<p>Rodrigo conrea varietats Caturra, Geisha, Pink Bourbon i Pacamara a Finca Monteblanco. La gran altitud i el microclima excel\u00b7lent d&#8217;Acevedo, Huila crea les condicions ideals per al cultiu de caf\u00e8s d\u2019especialitat.<\/p>\n<p><strong>Proc\u00e9s<\/strong><\/p>\n<p>La cirera es tria selectivament a m\u00e0 i es porta a l\u2019estaci\u00f3 de rentat del lloc.<\/p>\n<p>Abans de processar la cirera, Rodrigo combina una barreja de bacteris lactobacils, saccharomyses i cerevisiae per a un total de 10 llevats diferents per afavorir la fermentaci\u00f3. Rodrigo tamb\u00e9 va afegir mango a aquesta barreja per potenciar el gust. Finalment, afegeix una barreja rica en sucre per alimentar la fermentaci\u00f3 com la melassa, la panela o el sucre granulat. La barreja es tanca i fermenta durant 8 dies.<\/p>\n<p>Un cop collides, les cireres es despolpen i s&#8217;afegeixen a la barreja de fruites fermentades. El caf\u00e8 fermenta durant 180 hores addicionals (7,5 dies).<\/p>\n<p>Despr\u00e9s de la fermentaci\u00f3, el pergam\u00ed se lesca amb aigua neta i es col\u00b7loca en llits parab\u00f2lics perqu\u00e8 s&#8217;assequi. El pergam\u00ed es rascleja sovint per assegurar un assecat uniforme. El pergam\u00ed triga aproximadament de 20 a 25 dies a assecatar-se.<\/p>\n","protected":false},"excerpt":{"rendered":"<p>Rodrigo S\u00e1nchez Valencia \u00e9s un caficultor de tercera generaci\u00f3 de la Finca Monteblanco. El seu avi va comen\u00e7ar a conrear [&hellip;]<\/p>\n","protected":false},"featured_media":87064,"template":"","meta":[],"product_cat":[137,1080,475,476],"product_tag":[919,701,612],"acf":[],"yoast_head":"<!-- This site is optimized with the Yoast SEO plugin v22.6 - https:\/\/yoast.com\/wordpress\/plugins\/seo\/ -->\n<title>Mango - NOMAD COFFEE<\/title>\n<meta name=\"description\" content=\"Cafa d&#039;especialitat amb frg\u00e0ncia a gominoles de mango, aroma aterciopelat de maracuy\u00e0. Acidesa jugosa, cos suau i notes de caramel en boca.\" \/>\n<meta name=\"robots\" content=\"noindex, follow, max-snippet:-1, max-image-preview:large, max-video-preview:-1\" \/>\n<meta property=\"og:locale\" content=\"ca_ES\" \/>\n<meta property=\"og:type\" content=\"article\" \/>\n<meta property=\"og:title\" content=\"Mango - NOMAD COFFEE\" \/>\n<meta property=\"og:description\" content=\"Cafa d&#039;especialitat amb frg\u00e0ncia a gominoles de mango, aroma aterciopelat de maracuy\u00e0. Acidesa jugosa, cos suau i notes de caramel en boca.\" \/>\n<meta property=\"og:url\" content=\"https:\/\/subs.nomadcoffee.es\/ca\/producte\/mango\/\" \/>\n<meta property=\"og:site_name\" content=\"NOMAD\" \/>\n<meta property=\"article:modified_time\" content=\"2023-10-25T17:39:57+00:00\" \/>\n<meta property=\"og:image\" content=\"https:\/\/subs.nomadcoffee.es\/wp-content\/uploads\/2023\/10\/MANGO.2023.jpg\" \/>\n\t<meta property=\"og:image:width\" content=\"2000\" \/>\n\t<meta property=\"og:image:height\" content=\"2000\" \/>\n\t<meta property=\"og:image:type\" content=\"image\/jpeg\" \/>\n<meta name=\"twitter:card\" content=\"summary_large_image\" \/>\n<meta name=\"twitter:label1\" content=\"Temps estimat de lectura\" \/>\n\t<meta name=\"twitter:data1\" content=\"2 minuts\" \/>\n<script type=\"application\/ld+json\" class=\"yoast-schema-graph\">{\"@context\":\"https:\/\/schema.org\",\"@graph\":[{\"@type\":\"WebPage\",\"@id\":\"https:\/\/subs.nomadcoffee.es\/ca\/producte\/mango\/\",\"url\":\"https:\/\/subs.nomadcoffee.es\/ca\/producte\/mango\/\",\"name\":\"Mango - NOMAD COFFEE\",\"isPartOf\":{\"@id\":\"https:\/\/subs.nomadcoffee.es\/ca\/#website\"},\"primaryImageOfPage\":{\"@id\":\"https:\/\/subs.nomadcoffee.es\/ca\/producte\/mango\/#primaryimage\"},\"image\":{\"@id\":\"https:\/\/subs.nomadcoffee.es\/ca\/producte\/mango\/#primaryimage\"},\"thumbnailUrl\":\"https:\/\/subs.nomadcoffee.es\/wp-content\/uploads\/2023\/10\/MANGO.2023.jpg\",\"datePublished\":\"2023-10-24T11:30:50+00:00\",\"dateModified\":\"2023-10-25T17:39:57+00:00\",\"description\":\"Cafa d'especialitat amb frg\u00e0ncia a gominoles de mango, aroma aterciopelat de maracuy\u00e0. Acidesa jugosa, cos suau i notes de caramel en boca.\",\"breadcrumb\":{\"@id\":\"https:\/\/subs.nomadcoffee.es\/ca\/producte\/mango\/#breadcrumb\"},\"inLanguage\":\"ca\",\"potentialAction\":[{\"@type\":\"ReadAction\",\"target\":[\"https:\/\/subs.nomadcoffee.es\/ca\/producte\/mango\/\"]}]},{\"@type\":\"ImageObject\",\"inLanguage\":\"ca\",\"@id\":\"https:\/\/subs.nomadcoffee.es\/ca\/producte\/mango\/#primaryimage\",\"url\":\"https:\/\/subs.nomadcoffee.es\/wp-content\/uploads\/2023\/10\/MANGO.2023.jpg\",\"contentUrl\":\"https:\/\/subs.nomadcoffee.es\/wp-content\/uploads\/2023\/10\/MANGO.2023.jpg\",\"width\":2000,\"height\":2000},{\"@type\":\"BreadcrumbList\",\"@id\":\"https:\/\/subs.nomadcoffee.es\/ca\/producte\/mango\/#breadcrumb\",\"itemListElement\":[{\"@type\":\"ListItem\",\"position\":1,\"name\":\"Portada\",\"item\":\"https:\/\/subs.nomadcoffee.es\/ca\/\"},{\"@type\":\"ListItem\",\"position\":2,\"name\":\"Tienda\",\"item\":\"https:\/\/subs.nomadcoffee.es\/tienda\/\"},{\"@type\":\"ListItem\",\"position\":3,\"name\":\"Mango\"}]},{\"@type\":\"WebSite\",\"@id\":\"https:\/\/subs.nomadcoffee.es\/ca\/#website\",\"url\":\"https:\/\/subs.nomadcoffee.es\/ca\/\",\"name\":\"Nomad Coffee\",\"description\":\"Caf\u00e9 de origen, tostado en Barcelona\",\"publisher\":{\"@id\":\"https:\/\/subs.nomadcoffee.es\/ca\/#organization\"},\"alternateName\":\"Nomad Coffee\",\"potentialAction\":[{\"@type\":\"SearchAction\",\"target\":{\"@type\":\"EntryPoint\",\"urlTemplate\":\"https:\/\/subs.nomadcoffee.es\/ca\/?s={search_term_string}\"},\"query-input\":\"required name=search_term_string\"}],\"inLanguage\":\"ca\"},{\"@type\":\"Organization\",\"@id\":\"https:\/\/subs.nomadcoffee.es\/ca\/#organization\",\"name\":\"Nomad Coffee\",\"alternateName\":\"Nomad Coffee\",\"url\":\"https:\/\/subs.nomadcoffee.es\/ca\/\",\"logo\":{\"@type\":\"ImageObject\",\"inLanguage\":\"ca\",\"@id\":\"https:\/\/subs.nomadcoffee.es\/ca\/#\/schema\/logo\/image\/\",\"url\":\"https:\/\/nomadcoffee.es\/wp-content\/uploads\/2023\/05\/logo-Nomad.jpg\",\"contentUrl\":\"https:\/\/nomadcoffee.es\/wp-content\/uploads\/2023\/05\/logo-Nomad.jpg\",\"width\":200,\"height\":200,\"caption\":\"Nomad Coffee\"},\"image\":{\"@id\":\"https:\/\/subs.nomadcoffee.es\/ca\/#\/schema\/logo\/image\/\"}}]}<\/script>\n<!-- \/ Yoast SEO plugin. -->","yoast_head_json":{"title":"Mango - NOMAD COFFEE","description":"Cafa d'especialitat amb frg\u00e0ncia a gominoles de mango, aroma aterciopelat de maracuy\u00e0. Acidesa jugosa, cos suau i notes de caramel en boca.","robots":{"index":"noindex","follow":"follow","max-snippet":"max-snippet:-1","max-image-preview":"max-image-preview:large","max-video-preview":"max-video-preview:-1"},"og_locale":"ca_ES","og_type":"article","og_title":"Mango - NOMAD COFFEE","og_description":"Cafa d'especialitat amb frg\u00e0ncia a gominoles de mango, aroma aterciopelat de maracuy\u00e0. Acidesa jugosa, cos suau i notes de caramel en boca.","og_url":"https:\/\/subs.nomadcoffee.es\/ca\/producte\/mango\/","og_site_name":"NOMAD","article_modified_time":"2023-10-25T17:39:57+00:00","og_image":[{"width":2000,"height":2000,"url":"https:\/\/subs.nomadcoffee.es\/wp-content\/uploads\/2023\/10\/MANGO.2023.jpg","type":"image\/jpeg"}],"twitter_card":"summary_large_image","twitter_misc":{"Temps estimat de lectura":"2 minuts"},"schema":{"@context":"https:\/\/schema.org","@graph":[{"@type":"WebPage","@id":"https:\/\/subs.nomadcoffee.es\/ca\/producte\/mango\/","url":"https:\/\/subs.nomadcoffee.es\/ca\/producte\/mango\/","name":"Mango - NOMAD COFFEE","isPartOf":{"@id":"https:\/\/subs.nomadcoffee.es\/ca\/#website"},"primaryImageOfPage":{"@id":"https:\/\/subs.nomadcoffee.es\/ca\/producte\/mango\/#primaryimage"},"image":{"@id":"https:\/\/subs.nomadcoffee.es\/ca\/producte\/mango\/#primaryimage"},"thumbnailUrl":"https:\/\/subs.nomadcoffee.es\/wp-content\/uploads\/2023\/10\/MANGO.2023.jpg","datePublished":"2023-10-24T11:30:50+00:00","dateModified":"2023-10-25T17:39:57+00:00","description":"Cafa d'especialitat amb frg\u00e0ncia a gominoles de mango, aroma aterciopelat de maracuy\u00e0. Acidesa jugosa, cos suau i notes de caramel en boca.","breadcrumb":{"@id":"https:\/\/subs.nomadcoffee.es\/ca\/producte\/mango\/#breadcrumb"},"inLanguage":"ca","potentialAction":[{"@type":"ReadAction","target":["https:\/\/subs.nomadcoffee.es\/ca\/producte\/mango\/"]}]},{"@type":"ImageObject","inLanguage":"ca","@id":"https:\/\/subs.nomadcoffee.es\/ca\/producte\/mango\/#primaryimage","url":"https:\/\/subs.nomadcoffee.es\/wp-content\/uploads\/2023\/10\/MANGO.2023.jpg","contentUrl":"https:\/\/subs.nomadcoffee.es\/wp-content\/uploads\/2023\/10\/MANGO.2023.jpg","width":2000,"height":2000},{"@type":"BreadcrumbList","@id":"https:\/\/subs.nomadcoffee.es\/ca\/producte\/mango\/#breadcrumb","itemListElement":[{"@type":"ListItem","position":1,"name":"Portada","item":"https:\/\/subs.nomadcoffee.es\/ca\/"},{"@type":"ListItem","position":2,"name":"Tienda","item":"https:\/\/subs.nomadcoffee.es\/tienda\/"},{"@type":"ListItem","position":3,"name":"Mango"}]},{"@type":"WebSite","@id":"https:\/\/subs.nomadcoffee.es\/ca\/#website","url":"https:\/\/subs.nomadcoffee.es\/ca\/","name":"Nomad Coffee","description":"Caf\u00e9 de origen, tostado en Barcelona","publisher":{"@id":"https:\/\/subs.nomadcoffee.es\/ca\/#organization"},"alternateName":"Nomad Coffee","potentialAction":[{"@type":"SearchAction","target":{"@type":"EntryPoint","urlTemplate":"https:\/\/subs.nomadcoffee.es\/ca\/?s={search_term_string}"},"query-input":"required name=search_term_string"}],"inLanguage":"ca"},{"@type":"Organization","@id":"https:\/\/subs.nomadcoffee.es\/ca\/#organization","name":"Nomad Coffee","alternateName":"Nomad Coffee","url":"https:\/\/subs.nomadcoffee.es\/ca\/","logo":{"@type":"ImageObject","inLanguage":"ca","@id":"https:\/\/subs.nomadcoffee.es\/ca\/#\/schema\/logo\/image\/","url":"https:\/\/nomadcoffee.es\/wp-content\/uploads\/2023\/05\/logo-Nomad.jpg","contentUrl":"https:\/\/nomadcoffee.es\/wp-content\/uploads\/2023\/05\/logo-Nomad.jpg","width":200,"height":200,"caption":"Nomad Coffee"},"image":{"@id":"https:\/\/subs.nomadcoffee.es\/ca\/#\/schema\/logo\/image\/"}}]}},"_links":{"self":[{"href":"https:\/\/subs.nomadcoffee.es\/ca\/wp-json\/wp\/v2\/product\/87066"}],"collection":[{"href":"https:\/\/subs.nomadcoffee.es\/ca\/wp-json\/wp\/v2\/product"}],"about":[{"href":"https:\/\/subs.nomadcoffee.es\/ca\/wp-json\/wp\/v2\/types\/product"}],"wp:featuredmedia":[{"embeddable":true,"href":"https:\/\/subs.nomadcoffee.es\/ca\/wp-json\/wp\/v2\/media\/87064"}],"wp:attachment":[{"href":"https:\/\/subs.nomadcoffee.es\/ca\/wp-json\/wp\/v2\/media?parent=87066"}],"wp:term":[{"taxonomy":"product_cat","embeddable":true,"href":"https:\/\/subs.nomadcoffee.es\/ca\/wp-json\/wp\/v2\/product_cat?post=87066"},{"taxonomy":"product_tag","embeddable":true,"href":"https:\/\/subs.nomadcoffee.es\/ca\/wp-json\/wp\/v2\/product_tag?post=87066"}],"curies":[{"name":"wp","href":"https:\/\/api.w.org\/{rel}","templated":true}]}}