{"id":87115,"date":"2023-10-24T13:30:55","date_gmt":"2023-10-24T11:30:55","guid":{"rendered":"https:\/\/nomadcoffee.es\/?post_type=product&#038;p=87115"},"modified":"2023-10-25T19:56:25","modified_gmt":"2023-10-25T17:56:25","slug":"el-bosque","status":"publish","type":"product","link":"https:\/\/subs.nomadcoffee.es\/ca\/producte\/el-bosque\/","title":{"rendered":"El Bosque"},"content":{"rendered":"<p>Finca El Bosque est\u00e0 gestionada per Julio Peralta i es troba a la pintoresca zona d&#8217;Ocotal, enclavada prop de la serralada Dipilto-Jalapa, que fa la frontera entre Nicaragua i Hondures. Malgrat el seu passat turbulent durant la guerra civil, Nueva Segovia s&#8217;ha convertit en un centre per als guanyadors de la Copa d&#8217;Excel\u00b7l\u00e8ncia en els \u00faltims anys.<\/p>\n<p>Les seves finques produeixen un caf\u00e8 excepcional, amb la collita de desembre a abril. Les parts m\u00e9s altes de les muntanyes experimenten una collita posterior. Nicaragua \u00e9s un jugador intrigant en la ind\u00fastria del caf\u00e8 d\u2019especialitat, que utilitza m\u00e8todes tradicionals juntament amb t\u00e8cniques de processament modernes, com ara els red i yellow honeys. <\/p>\n<p>Mentre que el processament de rentat es produeix a les granges de les muntanyes, el caf\u00e8 es transporta a un mol\u00ed sec centralitzat per assecar-lo, aprofitant el canvi clim\u00e0tic favorable una hora muntanya avall. Les finques es gestionen centralment des del mol\u00ed on l&#8217;agr\u00f2nom Edwin surt a visitar-les cada dia de la setmana.<\/p>\n<p>Els Peralta van ser pioners a produir microlots, aprofitant el coneixement de Guatemala i adaptant-lo al context nicarag\u00fcenc. Al llarg dels anys, s&#8217;han introdu\u00eft microlots de les cinc finques: El Bosque, Santa Maria de Lourdes, Samaria, La Argentina i La Cascada.<\/p>\n<p>A les finques de Peralta, el concepte de microlots se centra en un petit volum de caf\u00e8 recollit el mateix dia d&#8217;una parcel\u00b7la concreta. Els criteris engloben el dia de la recollida i la ubicaci\u00f3 geogr\u00e0fica, destacant les varietats de caf\u00e8 i els microclimes. Les divisions naturals com les vessants de les muntanyes, els rierols i les zones boscoses guien la separaci\u00f3 de les seccions. L&#8217;altitud, l&#8217;ombra i la biodiversitat tenen un paper vital en la protecci\u00f3 de les plantes de caf\u00e8, inspirant-se en els boscos d&#8217;Eti\u00f2pia, el lloc de naixement de la planta de caf\u00e8.<\/p>\n<p>Diferents varietats prosperen a diferents altituds; per exemple, Catuai t\u00e9 un bon rendiment a uns 1200 metres sobre el nivell del mar (m.s.n.m.), mentre que les plantes de Bourb\u00f3n troben una protecci\u00f3 \u00f2ptima contra determinades malalties a cotes d&#8217;almenys 1400 m.s.n.m. Aquesta atenci\u00f3 acurada a l&#8217;altitud i al microclima garanteix que cada lot ofereixi sabors \u00fanics i excepcionals, que reflecteixen la riquesa del patrimoni caf\u00e8 de Nicaragua.<\/p>\n","protected":false},"excerpt":{"rendered":"<p>Finca El Bosque est\u00e0 gestionada per Julio Peralta i es troba a la pintoresca zona d&#8217;Ocotal, enclavada prop de la [&hellip;]<\/p>\n","protected":false},"featured_media":87088,"template":"","meta":[],"product_cat":[137,476],"product_tag":[768,617,597],"acf":[],"yoast_head":"<!-- This site is optimized with the Yoast SEO plugin v22.6 - https:\/\/yoast.com\/wordpress\/plugins\/seo\/ -->\n<title>El Bosque - NOMAD COFFEE<\/title>\n<meta name=\"description\" content=\"Caf\u00e8 d&#039;especialitat amb frag\u00e0ncia a xocolata i fruits vermells. Cos crem\u00f3s amb gerds, cireres, acidesa equilibrada, regust a taronja.\" \/>\n<meta name=\"robots\" content=\"noindex, follow, max-snippet:-1, max-image-preview:large, max-video-preview:-1\" \/>\n<meta property=\"og:locale\" content=\"ca_ES\" \/>\n<meta property=\"og:type\" content=\"article\" \/>\n<meta property=\"og:title\" content=\"El Bosque - NOMAD COFFEE\" \/>\n<meta property=\"og:description\" content=\"Caf\u00e8 d&#039;especialitat amb frag\u00e0ncia a xocolata i fruits vermells. Cos crem\u00f3s amb gerds, cireres, acidesa equilibrada, regust a taronja.\" \/>\n<meta property=\"og:url\" content=\"https:\/\/subs.nomadcoffee.es\/ca\/producte\/el-bosque\/\" \/>\n<meta property=\"og:site_name\" content=\"NOMAD\" \/>\n<meta property=\"article:modified_time\" content=\"2023-10-25T17:56:25+00:00\" \/>\n<meta property=\"og:image\" content=\"https:\/\/subs.nomadcoffee.es\/wp-content\/uploads\/2023\/10\/F.NI_.BOSQ_.jpg\" \/>\n\t<meta property=\"og:image:width\" content=\"2000\" \/>\n\t<meta property=\"og:image:height\" content=\"2000\" \/>\n\t<meta property=\"og:image:type\" content=\"image\/jpeg\" \/>\n<meta name=\"twitter:card\" content=\"summary_large_image\" \/>\n<meta name=\"twitter:label1\" content=\"Temps estimat de lectura\" \/>\n\t<meta name=\"twitter:data1\" content=\"2 minuts\" \/>\n<script type=\"application\/ld+json\" class=\"yoast-schema-graph\">{\"@context\":\"https:\/\/schema.org\",\"@graph\":[{\"@type\":\"WebPage\",\"@id\":\"https:\/\/subs.nomadcoffee.es\/ca\/producte\/el-bosque\/\",\"url\":\"https:\/\/subs.nomadcoffee.es\/ca\/producte\/el-bosque\/\",\"name\":\"El Bosque - NOMAD COFFEE\",\"isPartOf\":{\"@id\":\"https:\/\/subs.nomadcoffee.es\/ca\/#website\"},\"primaryImageOfPage\":{\"@id\":\"https:\/\/subs.nomadcoffee.es\/ca\/producte\/el-bosque\/#primaryimage\"},\"image\":{\"@id\":\"https:\/\/subs.nomadcoffee.es\/ca\/producte\/el-bosque\/#primaryimage\"},\"thumbnailUrl\":\"https:\/\/subs.nomadcoffee.es\/wp-content\/uploads\/2023\/10\/F.NI_.BOSQ_.jpg\",\"datePublished\":\"2023-10-24T11:30:55+00:00\",\"dateModified\":\"2023-10-25T17:56:25+00:00\",\"description\":\"Caf\u00e8 d'especialitat amb frag\u00e0ncia a xocolata i fruits vermells. Cos crem\u00f3s amb gerds, cireres, acidesa equilibrada, regust a taronja.\",\"breadcrumb\":{\"@id\":\"https:\/\/subs.nomadcoffee.es\/ca\/producte\/el-bosque\/#breadcrumb\"},\"inLanguage\":\"ca\",\"potentialAction\":[{\"@type\":\"ReadAction\",\"target\":[\"https:\/\/subs.nomadcoffee.es\/ca\/producte\/el-bosque\/\"]}]},{\"@type\":\"ImageObject\",\"inLanguage\":\"ca\",\"@id\":\"https:\/\/subs.nomadcoffee.es\/ca\/producte\/el-bosque\/#primaryimage\",\"url\":\"https:\/\/subs.nomadcoffee.es\/wp-content\/uploads\/2023\/10\/F.NI_.BOSQ_.jpg\",\"contentUrl\":\"https:\/\/subs.nomadcoffee.es\/wp-content\/uploads\/2023\/10\/F.NI_.BOSQ_.jpg\",\"width\":2000,\"height\":2000},{\"@type\":\"BreadcrumbList\",\"@id\":\"https:\/\/subs.nomadcoffee.es\/ca\/producte\/el-bosque\/#breadcrumb\",\"itemListElement\":[{\"@type\":\"ListItem\",\"position\":1,\"name\":\"Portada\",\"item\":\"https:\/\/subs.nomadcoffee.es\/ca\/\"},{\"@type\":\"ListItem\",\"position\":2,\"name\":\"Tienda\",\"item\":\"https:\/\/subs.nomadcoffee.es\/tienda\/\"},{\"@type\":\"ListItem\",\"position\":3,\"name\":\"El Bosque\"}]},{\"@type\":\"WebSite\",\"@id\":\"https:\/\/subs.nomadcoffee.es\/ca\/#website\",\"url\":\"https:\/\/subs.nomadcoffee.es\/ca\/\",\"name\":\"Nomad Coffee\",\"description\":\"Caf\u00e9 de origen, tostado en Barcelona\",\"publisher\":{\"@id\":\"https:\/\/subs.nomadcoffee.es\/ca\/#organization\"},\"alternateName\":\"Nomad Coffee\",\"potentialAction\":[{\"@type\":\"SearchAction\",\"target\":{\"@type\":\"EntryPoint\",\"urlTemplate\":\"https:\/\/subs.nomadcoffee.es\/ca\/?s={search_term_string}\"},\"query-input\":\"required name=search_term_string\"}],\"inLanguage\":\"ca\"},{\"@type\":\"Organization\",\"@id\":\"https:\/\/subs.nomadcoffee.es\/ca\/#organization\",\"name\":\"Nomad Coffee\",\"alternateName\":\"Nomad Coffee\",\"url\":\"https:\/\/subs.nomadcoffee.es\/ca\/\",\"logo\":{\"@type\":\"ImageObject\",\"inLanguage\":\"ca\",\"@id\":\"https:\/\/subs.nomadcoffee.es\/ca\/#\/schema\/logo\/image\/\",\"url\":\"https:\/\/nomadcoffee.es\/wp-content\/uploads\/2023\/05\/logo-Nomad.jpg\",\"contentUrl\":\"https:\/\/nomadcoffee.es\/wp-content\/uploads\/2023\/05\/logo-Nomad.jpg\",\"width\":200,\"height\":200,\"caption\":\"Nomad Coffee\"},\"image\":{\"@id\":\"https:\/\/subs.nomadcoffee.es\/ca\/#\/schema\/logo\/image\/\"}}]}<\/script>\n<!-- \/ Yoast SEO plugin. -->","yoast_head_json":{"title":"El Bosque - NOMAD COFFEE","description":"Caf\u00e8 d'especialitat amb frag\u00e0ncia a xocolata i fruits vermells. Cos crem\u00f3s amb gerds, cireres, acidesa equilibrada, regust a taronja.","robots":{"index":"noindex","follow":"follow","max-snippet":"max-snippet:-1","max-image-preview":"max-image-preview:large","max-video-preview":"max-video-preview:-1"},"og_locale":"ca_ES","og_type":"article","og_title":"El Bosque - NOMAD COFFEE","og_description":"Caf\u00e8 d'especialitat amb frag\u00e0ncia a xocolata i fruits vermells. Cos crem\u00f3s amb gerds, cireres, acidesa equilibrada, regust a taronja.","og_url":"https:\/\/subs.nomadcoffee.es\/ca\/producte\/el-bosque\/","og_site_name":"NOMAD","article_modified_time":"2023-10-25T17:56:25+00:00","og_image":[{"width":2000,"height":2000,"url":"https:\/\/subs.nomadcoffee.es\/wp-content\/uploads\/2023\/10\/F.NI_.BOSQ_.jpg","type":"image\/jpeg"}],"twitter_card":"summary_large_image","twitter_misc":{"Temps estimat de lectura":"2 minuts"},"schema":{"@context":"https:\/\/schema.org","@graph":[{"@type":"WebPage","@id":"https:\/\/subs.nomadcoffee.es\/ca\/producte\/el-bosque\/","url":"https:\/\/subs.nomadcoffee.es\/ca\/producte\/el-bosque\/","name":"El Bosque - NOMAD COFFEE","isPartOf":{"@id":"https:\/\/subs.nomadcoffee.es\/ca\/#website"},"primaryImageOfPage":{"@id":"https:\/\/subs.nomadcoffee.es\/ca\/producte\/el-bosque\/#primaryimage"},"image":{"@id":"https:\/\/subs.nomadcoffee.es\/ca\/producte\/el-bosque\/#primaryimage"},"thumbnailUrl":"https:\/\/subs.nomadcoffee.es\/wp-content\/uploads\/2023\/10\/F.NI_.BOSQ_.jpg","datePublished":"2023-10-24T11:30:55+00:00","dateModified":"2023-10-25T17:56:25+00:00","description":"Caf\u00e8 d'especialitat amb frag\u00e0ncia a xocolata i fruits vermells. Cos crem\u00f3s amb gerds, cireres, acidesa equilibrada, regust a taronja.","breadcrumb":{"@id":"https:\/\/subs.nomadcoffee.es\/ca\/producte\/el-bosque\/#breadcrumb"},"inLanguage":"ca","potentialAction":[{"@type":"ReadAction","target":["https:\/\/subs.nomadcoffee.es\/ca\/producte\/el-bosque\/"]}]},{"@type":"ImageObject","inLanguage":"ca","@id":"https:\/\/subs.nomadcoffee.es\/ca\/producte\/el-bosque\/#primaryimage","url":"https:\/\/subs.nomadcoffee.es\/wp-content\/uploads\/2023\/10\/F.NI_.BOSQ_.jpg","contentUrl":"https:\/\/subs.nomadcoffee.es\/wp-content\/uploads\/2023\/10\/F.NI_.BOSQ_.jpg","width":2000,"height":2000},{"@type":"BreadcrumbList","@id":"https:\/\/subs.nomadcoffee.es\/ca\/producte\/el-bosque\/#breadcrumb","itemListElement":[{"@type":"ListItem","position":1,"name":"Portada","item":"https:\/\/subs.nomadcoffee.es\/ca\/"},{"@type":"ListItem","position":2,"name":"Tienda","item":"https:\/\/subs.nomadcoffee.es\/tienda\/"},{"@type":"ListItem","position":3,"name":"El Bosque"}]},{"@type":"WebSite","@id":"https:\/\/subs.nomadcoffee.es\/ca\/#website","url":"https:\/\/subs.nomadcoffee.es\/ca\/","name":"Nomad Coffee","description":"Caf\u00e9 de origen, tostado en Barcelona","publisher":{"@id":"https:\/\/subs.nomadcoffee.es\/ca\/#organization"},"alternateName":"Nomad Coffee","potentialAction":[{"@type":"SearchAction","target":{"@type":"EntryPoint","urlTemplate":"https:\/\/subs.nomadcoffee.es\/ca\/?s={search_term_string}"},"query-input":"required name=search_term_string"}],"inLanguage":"ca"},{"@type":"Organization","@id":"https:\/\/subs.nomadcoffee.es\/ca\/#organization","name":"Nomad Coffee","alternateName":"Nomad Coffee","url":"https:\/\/subs.nomadcoffee.es\/ca\/","logo":{"@type":"ImageObject","inLanguage":"ca","@id":"https:\/\/subs.nomadcoffee.es\/ca\/#\/schema\/logo\/image\/","url":"https:\/\/nomadcoffee.es\/wp-content\/uploads\/2023\/05\/logo-Nomad.jpg","contentUrl":"https:\/\/nomadcoffee.es\/wp-content\/uploads\/2023\/05\/logo-Nomad.jpg","width":200,"height":200,"caption":"Nomad Coffee"},"image":{"@id":"https:\/\/subs.nomadcoffee.es\/ca\/#\/schema\/logo\/image\/"}}]}},"_links":{"self":[{"href":"https:\/\/subs.nomadcoffee.es\/ca\/wp-json\/wp\/v2\/product\/87115"}],"collection":[{"href":"https:\/\/subs.nomadcoffee.es\/ca\/wp-json\/wp\/v2\/product"}],"about":[{"href":"https:\/\/subs.nomadcoffee.es\/ca\/wp-json\/wp\/v2\/types\/product"}],"wp:featuredmedia":[{"embeddable":true,"href":"https:\/\/subs.nomadcoffee.es\/ca\/wp-json\/wp\/v2\/media\/87088"}],"wp:attachment":[{"href":"https:\/\/subs.nomadcoffee.es\/ca\/wp-json\/wp\/v2\/media?parent=87115"}],"wp:term":[{"taxonomy":"product_cat","embeddable":true,"href":"https:\/\/subs.nomadcoffee.es\/ca\/wp-json\/wp\/v2\/product_cat?post=87115"},{"taxonomy":"product_tag","embeddable":true,"href":"https:\/\/subs.nomadcoffee.es\/ca\/wp-json\/wp\/v2\/product_tag?post=87115"}],"curies":[{"name":"wp","href":"https:\/\/api.w.org\/{rel}","templated":true}]}}