{"id":87393,"date":"2023-10-27T14:35:16","date_gmt":"2023-10-27T12:35:16","guid":{"rendered":"https:\/\/nomadcoffee.es\/?post_type=product&#038;p=87393"},"modified":"2023-11-13T11:30:48","modified_gmt":"2023-11-13T10:30:48","slug":"el-jardin","status":"publish","type":"product","link":"https:\/\/subs.nomadcoffee.es\/ca\/producte\/el-jardin\/","title":{"rendered":"El Jard\u00edn"},"content":{"rendered":"<p>La Finca El Jard\u00edn es troba a Tolima, Col\u00f2mbia, a la ciutat de Planadas, i el productor responsable es diu Jorge El\u00edas Rojas. La finca es troba a una altitud d&#8217;aproximadament m\u00e9s de 1.800 metres i consisteix en aproximadament 3 hect\u00e0rees de cafeters. A la plantaci\u00f3 hi ha uns 4.000 cafetos de Caturra, 7.000 de Yellow Colombia, 1.000 de Pink Bourbon, 800 de Wush Wush i 1.000 de Geisha.<\/p>\n<p>Des de la seva introducci\u00f3 al m\u00f3n del caf\u00e8 d&#8217;especialitat l&#8217;any 2016, Jorge sempre est\u00e0 duent a terme noves idees i projectes per millorar la qualitat del caf\u00e8 conreat. M\u00e9s recentment ha desenvolupat el seu propi sistema de fermentaci\u00f3 i assecat de les cireres de caf\u00e8.<\/p>\n<p>La seva fam\u00edlia tamb\u00e9 est\u00e0 involucrada en la producci\u00f3 de la finca, amb els seus germans sempre presents als camps controlant la qualitat de la plantaci\u00f3. Jorge ha creat, a m\u00e9s, la seva pr\u00f2pia marca comercial, La Roca State; torrefacten caf\u00e8 i actualment estan construint una estaci\u00f3 de rentat i assecat pr\u00f2pia per tractar tamb\u00e9 els caf\u00e8s d&#8217;altres productors de la zona. El seu somni \u00e9s convertir-se en un productor reconegut a la seva regi\u00f3 i t\u00e9 ganes que el seu fill, actualment de deu anys, formin part tamb\u00e9 de la propera generaci\u00f3 de productors de caf\u00e8 d&#8217;especialitat.<\/p>\n<p><strong>Proc\u00e9s<\/strong><\/p>\n<p>Tot caf\u00e8 comen\u00e7a amb una estricta selecci\u00f3 de les cireres de caf\u00e8 durant la collita. Despr\u00e9s de la seva arribada a l&#8217;estaci\u00f3 de rentat i assecat, les cireres s\u00f3n seleccionades a m\u00e0 per assegurar l&#8217;eliminaci\u00f3 de grans immadurs i de baixa qualitat. Despr\u00e9s el caf\u00e8 \u00e9s dipositat en dip\u00f2sits tancats durant 72 hores, despr\u00e9s despolpat i novament fermentat durant 38 hores en els mateixos dip\u00f2sits. Despr\u00e9s d&#8217;aquest proc\u00e9s de fermentaci\u00f3, el caf\u00e8 \u00e9s rentat o posat a assecar amb el muc\u00edlag en el cas de caf\u00e8s de proc\u00e9s honey.<\/p>\n<p>La primera fase de l&#8217;assecat t\u00e9 lloc en un assecador mec\u00e0nic durant 28 hores a una temperatura constant de 30 graus Celsius. El caf\u00e8 llavors \u00e9s posat en bosses de fique durant 24 hores en un lloc fosc i amb temperatura ambient mitja de 20-24 graus, i llavors assecat novament en hivernacle durant 48 hores a una temperatura de 30-34 graus. El caf\u00e8 es deixa reposar unes altres 24 hores en sacs de fique i despr\u00e9s assecat mec\u00e0nicament durant 48 hores a 38 graus. Llavors es deixa refredar i en rep\u00f2s, i es posa en bosses.<\/p>\n","protected":false},"excerpt":{"rendered":"<p>La Finca El Jard\u00edn es troba a Tolima, Col\u00f2mbia, a la ciutat de Planadas, i el productor responsable es diu [&hellip;]<\/p>\n","protected":false},"featured_media":87366,"template":"","meta":[],"product_cat":[137,476],"product_tag":[919,1208,614],"acf":[],"yoast_head":"<!-- This site is optimized with the Yoast SEO plugin v22.6 - https:\/\/yoast.com\/wordpress\/plugins\/seo\/ -->\n<title>El Jard\u00edn - NOMAD COFFEE<\/title>\n<meta name=\"description\" content=\"Aquest caf\u00e8 d&#039;especialitat t\u00e9 un aroma floral, \u00e9s dol\u00e7 amb d\u00e0tils i caramel en boca. A m\u00e9s, t\u00e9 notes jugoses de mel\u00f3 verd i gerds.\" \/>\n<meta name=\"robots\" content=\"noindex, follow, max-snippet:-1, max-image-preview:large, max-video-preview:-1\" \/>\n<meta property=\"og:locale\" content=\"ca_ES\" \/>\n<meta property=\"og:type\" content=\"article\" \/>\n<meta property=\"og:title\" content=\"El Jard\u00edn - NOMAD COFFEE\" \/>\n<meta property=\"og:description\" content=\"Aquest caf\u00e8 d&#039;especialitat t\u00e9 un aroma floral, \u00e9s dol\u00e7 amb d\u00e0tils i caramel en boca. A m\u00e9s, t\u00e9 notes jugoses de mel\u00f3 verd i gerds.\" \/>\n<meta property=\"og:url\" content=\"https:\/\/subs.nomadcoffee.es\/ca\/producte\/el-jardin\/\" \/>\n<meta property=\"og:site_name\" content=\"NOMAD\" \/>\n<meta property=\"article:modified_time\" content=\"2023-11-13T10:30:48+00:00\" \/>\n<meta property=\"og:image\" content=\"https:\/\/subs.nomadcoffee.es\/wp-content\/uploads\/2023\/10\/El-Jardin-2.jpg\" \/>\n\t<meta property=\"og:image:width\" content=\"2000\" \/>\n\t<meta property=\"og:image:height\" content=\"2000\" \/>\n\t<meta property=\"og:image:type\" content=\"image\/jpeg\" \/>\n<meta name=\"twitter:card\" content=\"summary_large_image\" \/>\n<meta name=\"twitter:label1\" content=\"Temps estimat de lectura\" \/>\n\t<meta name=\"twitter:data1\" content=\"2 minuts\" \/>\n<script type=\"application\/ld+json\" class=\"yoast-schema-graph\">{\"@context\":\"https:\/\/schema.org\",\"@graph\":[{\"@type\":\"WebPage\",\"@id\":\"https:\/\/subs.nomadcoffee.es\/ca\/producte\/el-jardin\/\",\"url\":\"https:\/\/subs.nomadcoffee.es\/ca\/producte\/el-jardin\/\",\"name\":\"El Jard\u00edn - NOMAD COFFEE\",\"isPartOf\":{\"@id\":\"https:\/\/subs.nomadcoffee.es\/ca\/#website\"},\"primaryImageOfPage\":{\"@id\":\"https:\/\/subs.nomadcoffee.es\/ca\/producte\/el-jardin\/#primaryimage\"},\"image\":{\"@id\":\"https:\/\/subs.nomadcoffee.es\/ca\/producte\/el-jardin\/#primaryimage\"},\"thumbnailUrl\":\"https:\/\/subs.nomadcoffee.es\/wp-content\/uploads\/2023\/10\/El-Jardin-2.jpg\",\"datePublished\":\"2023-10-27T12:35:16+00:00\",\"dateModified\":\"2023-11-13T10:30:48+00:00\",\"description\":\"Aquest caf\u00e8 d'especialitat t\u00e9 un aroma floral, \u00e9s dol\u00e7 amb d\u00e0tils i caramel en boca. A m\u00e9s, t\u00e9 notes jugoses de mel\u00f3 verd i gerds.\",\"breadcrumb\":{\"@id\":\"https:\/\/subs.nomadcoffee.es\/ca\/producte\/el-jardin\/#breadcrumb\"},\"inLanguage\":\"ca\",\"potentialAction\":[{\"@type\":\"ReadAction\",\"target\":[\"https:\/\/subs.nomadcoffee.es\/ca\/producte\/el-jardin\/\"]}]},{\"@type\":\"ImageObject\",\"inLanguage\":\"ca\",\"@id\":\"https:\/\/subs.nomadcoffee.es\/ca\/producte\/el-jardin\/#primaryimage\",\"url\":\"https:\/\/subs.nomadcoffee.es\/wp-content\/uploads\/2023\/10\/El-Jardin-2.jpg\",\"contentUrl\":\"https:\/\/subs.nomadcoffee.es\/wp-content\/uploads\/2023\/10\/El-Jardin-2.jpg\",\"width\":2000,\"height\":2000},{\"@type\":\"BreadcrumbList\",\"@id\":\"https:\/\/subs.nomadcoffee.es\/ca\/producte\/el-jardin\/#breadcrumb\",\"itemListElement\":[{\"@type\":\"ListItem\",\"position\":1,\"name\":\"Portada\",\"item\":\"https:\/\/subs.nomadcoffee.es\/ca\/\"},{\"@type\":\"ListItem\",\"position\":2,\"name\":\"Tienda\",\"item\":\"https:\/\/subs.nomadcoffee.es\/tienda\/\"},{\"@type\":\"ListItem\",\"position\":3,\"name\":\"El Jard\u00edn\"}]},{\"@type\":\"WebSite\",\"@id\":\"https:\/\/subs.nomadcoffee.es\/ca\/#website\",\"url\":\"https:\/\/subs.nomadcoffee.es\/ca\/\",\"name\":\"Nomad Coffee\",\"description\":\"Caf\u00e9 de origen, tostado en Barcelona\",\"publisher\":{\"@id\":\"https:\/\/subs.nomadcoffee.es\/ca\/#organization\"},\"alternateName\":\"Nomad Coffee\",\"potentialAction\":[{\"@type\":\"SearchAction\",\"target\":{\"@type\":\"EntryPoint\",\"urlTemplate\":\"https:\/\/subs.nomadcoffee.es\/ca\/?s={search_term_string}\"},\"query-input\":\"required name=search_term_string\"}],\"inLanguage\":\"ca\"},{\"@type\":\"Organization\",\"@id\":\"https:\/\/subs.nomadcoffee.es\/ca\/#organization\",\"name\":\"Nomad Coffee\",\"alternateName\":\"Nomad Coffee\",\"url\":\"https:\/\/subs.nomadcoffee.es\/ca\/\",\"logo\":{\"@type\":\"ImageObject\",\"inLanguage\":\"ca\",\"@id\":\"https:\/\/subs.nomadcoffee.es\/ca\/#\/schema\/logo\/image\/\",\"url\":\"https:\/\/nomadcoffee.es\/wp-content\/uploads\/2023\/05\/logo-Nomad.jpg\",\"contentUrl\":\"https:\/\/nomadcoffee.es\/wp-content\/uploads\/2023\/05\/logo-Nomad.jpg\",\"width\":200,\"height\":200,\"caption\":\"Nomad Coffee\"},\"image\":{\"@id\":\"https:\/\/subs.nomadcoffee.es\/ca\/#\/schema\/logo\/image\/\"}}]}<\/script>\n<!-- \/ Yoast SEO plugin. -->","yoast_head_json":{"title":"El Jard\u00edn - NOMAD COFFEE","description":"Aquest caf\u00e8 d'especialitat t\u00e9 un aroma floral, \u00e9s dol\u00e7 amb d\u00e0tils i caramel en boca. A m\u00e9s, t\u00e9 notes jugoses de mel\u00f3 verd i gerds.","robots":{"index":"noindex","follow":"follow","max-snippet":"max-snippet:-1","max-image-preview":"max-image-preview:large","max-video-preview":"max-video-preview:-1"},"og_locale":"ca_ES","og_type":"article","og_title":"El Jard\u00edn - NOMAD COFFEE","og_description":"Aquest caf\u00e8 d'especialitat t\u00e9 un aroma floral, \u00e9s dol\u00e7 amb d\u00e0tils i caramel en boca. A m\u00e9s, t\u00e9 notes jugoses de mel\u00f3 verd i gerds.","og_url":"https:\/\/subs.nomadcoffee.es\/ca\/producte\/el-jardin\/","og_site_name":"NOMAD","article_modified_time":"2023-11-13T10:30:48+00:00","og_image":[{"width":2000,"height":2000,"url":"https:\/\/subs.nomadcoffee.es\/wp-content\/uploads\/2023\/10\/El-Jardin-2.jpg","type":"image\/jpeg"}],"twitter_card":"summary_large_image","twitter_misc":{"Temps estimat de lectura":"2 minuts"},"schema":{"@context":"https:\/\/schema.org","@graph":[{"@type":"WebPage","@id":"https:\/\/subs.nomadcoffee.es\/ca\/producte\/el-jardin\/","url":"https:\/\/subs.nomadcoffee.es\/ca\/producte\/el-jardin\/","name":"El Jard\u00edn - NOMAD COFFEE","isPartOf":{"@id":"https:\/\/subs.nomadcoffee.es\/ca\/#website"},"primaryImageOfPage":{"@id":"https:\/\/subs.nomadcoffee.es\/ca\/producte\/el-jardin\/#primaryimage"},"image":{"@id":"https:\/\/subs.nomadcoffee.es\/ca\/producte\/el-jardin\/#primaryimage"},"thumbnailUrl":"https:\/\/subs.nomadcoffee.es\/wp-content\/uploads\/2023\/10\/El-Jardin-2.jpg","datePublished":"2023-10-27T12:35:16+00:00","dateModified":"2023-11-13T10:30:48+00:00","description":"Aquest caf\u00e8 d'especialitat t\u00e9 un aroma floral, \u00e9s dol\u00e7 amb d\u00e0tils i caramel en boca. A m\u00e9s, t\u00e9 notes jugoses de mel\u00f3 verd i gerds.","breadcrumb":{"@id":"https:\/\/subs.nomadcoffee.es\/ca\/producte\/el-jardin\/#breadcrumb"},"inLanguage":"ca","potentialAction":[{"@type":"ReadAction","target":["https:\/\/subs.nomadcoffee.es\/ca\/producte\/el-jardin\/"]}]},{"@type":"ImageObject","inLanguage":"ca","@id":"https:\/\/subs.nomadcoffee.es\/ca\/producte\/el-jardin\/#primaryimage","url":"https:\/\/subs.nomadcoffee.es\/wp-content\/uploads\/2023\/10\/El-Jardin-2.jpg","contentUrl":"https:\/\/subs.nomadcoffee.es\/wp-content\/uploads\/2023\/10\/El-Jardin-2.jpg","width":2000,"height":2000},{"@type":"BreadcrumbList","@id":"https:\/\/subs.nomadcoffee.es\/ca\/producte\/el-jardin\/#breadcrumb","itemListElement":[{"@type":"ListItem","position":1,"name":"Portada","item":"https:\/\/subs.nomadcoffee.es\/ca\/"},{"@type":"ListItem","position":2,"name":"Tienda","item":"https:\/\/subs.nomadcoffee.es\/tienda\/"},{"@type":"ListItem","position":3,"name":"El Jard\u00edn"}]},{"@type":"WebSite","@id":"https:\/\/subs.nomadcoffee.es\/ca\/#website","url":"https:\/\/subs.nomadcoffee.es\/ca\/","name":"Nomad Coffee","description":"Caf\u00e9 de origen, tostado en Barcelona","publisher":{"@id":"https:\/\/subs.nomadcoffee.es\/ca\/#organization"},"alternateName":"Nomad Coffee","potentialAction":[{"@type":"SearchAction","target":{"@type":"EntryPoint","urlTemplate":"https:\/\/subs.nomadcoffee.es\/ca\/?s={search_term_string}"},"query-input":"required name=search_term_string"}],"inLanguage":"ca"},{"@type":"Organization","@id":"https:\/\/subs.nomadcoffee.es\/ca\/#organization","name":"Nomad Coffee","alternateName":"Nomad Coffee","url":"https:\/\/subs.nomadcoffee.es\/ca\/","logo":{"@type":"ImageObject","inLanguage":"ca","@id":"https:\/\/subs.nomadcoffee.es\/ca\/#\/schema\/logo\/image\/","url":"https:\/\/nomadcoffee.es\/wp-content\/uploads\/2023\/05\/logo-Nomad.jpg","contentUrl":"https:\/\/nomadcoffee.es\/wp-content\/uploads\/2023\/05\/logo-Nomad.jpg","width":200,"height":200,"caption":"Nomad Coffee"},"image":{"@id":"https:\/\/subs.nomadcoffee.es\/ca\/#\/schema\/logo\/image\/"}}]}},"_links":{"self":[{"href":"https:\/\/subs.nomadcoffee.es\/ca\/wp-json\/wp\/v2\/product\/87393"}],"collection":[{"href":"https:\/\/subs.nomadcoffee.es\/ca\/wp-json\/wp\/v2\/product"}],"about":[{"href":"https:\/\/subs.nomadcoffee.es\/ca\/wp-json\/wp\/v2\/types\/product"}],"wp:featuredmedia":[{"embeddable":true,"href":"https:\/\/subs.nomadcoffee.es\/ca\/wp-json\/wp\/v2\/media\/87366"}],"wp:attachment":[{"href":"https:\/\/subs.nomadcoffee.es\/ca\/wp-json\/wp\/v2\/media?parent=87393"}],"wp:term":[{"taxonomy":"product_cat","embeddable":true,"href":"https:\/\/subs.nomadcoffee.es\/ca\/wp-json\/wp\/v2\/product_cat?post=87393"},{"taxonomy":"product_tag","embeddable":true,"href":"https:\/\/subs.nomadcoffee.es\/ca\/wp-json\/wp\/v2\/product_tag?post=87393"}],"curies":[{"name":"wp","href":"https:\/\/api.w.org\/{rel}","templated":true}]}}