{"id":87882,"date":"2023-11-09T09:09:15","date_gmt":"2023-11-09T08:09:15","guid":{"rendered":"https:\/\/nomadcoffee.es\/?post_type=product&#038;p=87882"},"modified":"2023-11-13T11:29:11","modified_gmt":"2023-11-13T10:29:11","slug":"miriam-quesada","status":"publish","type":"product","link":"https:\/\/subs.nomadcoffee.es\/ca\/producte\/miriam-quesada\/","title":{"rendered":"Miriam Quesada"},"content":{"rendered":"<p>Miriam Quesada Enciso \u00e9s una productora de caf\u00e8 de segona generaci\u00f3. Va heretar la Finca El Guayac\u00e1n del seu exmarit quan van dividir les seves terres. Ha estat cultivant caf\u00e8 a la finca des del 2005. Avui en dia, Miriam i el seu actual marit, Libardo, gestionen la Finca El Guayac\u00e1n centrant-se en el cultiu i processament d&#8217;alta qualitat.<\/p>\n<p>El s\u00f2l de lim volc\u00e0nic \u00e9s ric en nutrients i excel\u00b7lent per al cultiu de caf\u00e8. A m\u00e9s del caf\u00e8, Miriam i Libardo tamb\u00e9 cultiven pl\u00e0tan mascle i mandioca.<\/p>\n<p>La varietat \u2018bourbon rayat&#8217; \u00e9s una mutaci\u00f3 natural del Bourbon que t\u00e9 ratlles clares a la pell de la cirera. Aquesta mutaci\u00f3 es va descobrir a Huila, Col\u00f2mbia.<\/p>\n<p><strong>Proc\u00e9s<\/strong><\/p>\n<p>Miriam i Libardo estan treballant per millorar els m\u00e8todes de collita i garantir que els treballadors recullin nom\u00e9s cireres vermelles madures. Estan utilitzant incentius com millors preus i menjars gratu\u00efts per atreure bons treballadors i recompensar els seus esfor\u00e7os.<\/p>\n<p>Un cop collit el caf\u00e8, fan flotar les cireres i retiren les de pes lleuger. Despr\u00e9s, les cireres de bona qualitat es col\u00b7loquen en bosses segellades i es fermenten durant 4 dies. Despr\u00e9s de la fermentaci\u00f3, entreguen la cirera a una instal\u00b7laci\u00f3 de assecat independent on s&#8217;asseca durant aproximadament 15 dies. La cirera es gira amb freq\u00fc\u00e8ncia per assegurar un assecat uniforme.<\/p>\n","protected":false},"excerpt":{"rendered":"<p>Miriam Quesada Enciso \u00e9s una productora de caf\u00e8 de segona generaci\u00f3. Va heretar la Finca El Guayac\u00e1n del seu exmarit [&hellip;]<\/p>\n","protected":false},"featured_media":87854,"template":"","meta":[],"product_cat":[137,475],"product_tag":[1009,600,1655],"acf":[],"yoast_head":"<!-- This site is optimized with the Yoast SEO plugin v22.6 - https:\/\/yoast.com\/wordpress\/plugins\/seo\/ -->\n<title>Miriam Quesada - NOMAD<\/title>\n<meta name=\"description\" content=\"Xocolata i cireres al principi, en refredar-se, notes sedoses de xocolatines, \u00e0ctels i panses. A la boca, acidesa v\u00ednica, cos untu\u00f3s i gust a baies de goji.\" \/>\n<meta name=\"robots\" content=\"noindex, follow, max-snippet:-1, max-image-preview:large, max-video-preview:-1\" \/>\n<meta property=\"og:locale\" content=\"ca_ES\" \/>\n<meta property=\"og:type\" content=\"article\" \/>\n<meta property=\"og:title\" content=\"Miriam Quesada - NOMAD\" \/>\n<meta property=\"og:description\" content=\"Xocolata i cireres al principi, en refredar-se, notes sedoses de xocolatines, \u00e0ctels i panses. A la boca, acidesa v\u00ednica, cos untu\u00f3s i gust a baies de goji.\" \/>\n<meta property=\"og:url\" content=\"https:\/\/subs.nomadcoffee.es\/ca\/producte\/miriam-quesada\/\" \/>\n<meta property=\"og:site_name\" content=\"NOMAD\" \/>\n<meta property=\"article:modified_time\" content=\"2023-11-13T10:29:11+00:00\" \/>\n<meta property=\"og:image\" content=\"https:\/\/subs.nomadcoffee.es\/wp-content\/uploads\/2023\/11\/E.CO_.MIRI-.jpg\" \/>\n\t<meta property=\"og:image:width\" content=\"2000\" \/>\n\t<meta property=\"og:image:height\" content=\"2000\" \/>\n\t<meta property=\"og:image:type\" content=\"image\/jpeg\" \/>\n<meta name=\"twitter:card\" content=\"summary_large_image\" \/>\n<meta name=\"twitter:label1\" content=\"Temps estimat de lectura\" \/>\n\t<meta name=\"twitter:data1\" content=\"1 minut\" \/>\n<script type=\"application\/ld+json\" class=\"yoast-schema-graph\">{\"@context\":\"https:\/\/schema.org\",\"@graph\":[{\"@type\":\"WebPage\",\"@id\":\"https:\/\/subs.nomadcoffee.es\/ca\/producte\/miriam-quesada\/\",\"url\":\"https:\/\/subs.nomadcoffee.es\/ca\/producte\/miriam-quesada\/\",\"name\":\"Miriam Quesada - NOMAD\",\"isPartOf\":{\"@id\":\"https:\/\/subs.nomadcoffee.es\/ca\/#website\"},\"primaryImageOfPage\":{\"@id\":\"https:\/\/subs.nomadcoffee.es\/ca\/producte\/miriam-quesada\/#primaryimage\"},\"image\":{\"@id\":\"https:\/\/subs.nomadcoffee.es\/ca\/producte\/miriam-quesada\/#primaryimage\"},\"thumbnailUrl\":\"https:\/\/subs.nomadcoffee.es\/wp-content\/uploads\/2023\/11\/E.CO_.MIRI-.jpg\",\"datePublished\":\"2023-11-09T08:09:15+00:00\",\"dateModified\":\"2023-11-13T10:29:11+00:00\",\"description\":\"Xocolata i cireres al principi, en refredar-se, notes sedoses de xocolatines, \u00e0ctels i panses. A la boca, acidesa v\u00ednica, cos untu\u00f3s i gust a baies de goji.\",\"breadcrumb\":{\"@id\":\"https:\/\/subs.nomadcoffee.es\/ca\/producte\/miriam-quesada\/#breadcrumb\"},\"inLanguage\":\"ca\",\"potentialAction\":[{\"@type\":\"ReadAction\",\"target\":[\"https:\/\/subs.nomadcoffee.es\/ca\/producte\/miriam-quesada\/\"]}]},{\"@type\":\"ImageObject\",\"inLanguage\":\"ca\",\"@id\":\"https:\/\/subs.nomadcoffee.es\/ca\/producte\/miriam-quesada\/#primaryimage\",\"url\":\"https:\/\/subs.nomadcoffee.es\/wp-content\/uploads\/2023\/11\/E.CO_.MIRI-.jpg\",\"contentUrl\":\"https:\/\/subs.nomadcoffee.es\/wp-content\/uploads\/2023\/11\/E.CO_.MIRI-.jpg\",\"width\":2000,\"height\":2000},{\"@type\":\"BreadcrumbList\",\"@id\":\"https:\/\/subs.nomadcoffee.es\/ca\/producte\/miriam-quesada\/#breadcrumb\",\"itemListElement\":[{\"@type\":\"ListItem\",\"position\":1,\"name\":\"Portada\",\"item\":\"https:\/\/subs.nomadcoffee.es\/ca\/\"},{\"@type\":\"ListItem\",\"position\":2,\"name\":\"Tienda\",\"item\":\"https:\/\/subs.nomadcoffee.es\/tienda\/\"},{\"@type\":\"ListItem\",\"position\":3,\"name\":\"Miriam Quesada\"}]},{\"@type\":\"WebSite\",\"@id\":\"https:\/\/subs.nomadcoffee.es\/ca\/#website\",\"url\":\"https:\/\/subs.nomadcoffee.es\/ca\/\",\"name\":\"Nomad Coffee\",\"description\":\"Caf\u00e9 de origen, tostado en Barcelona\",\"publisher\":{\"@id\":\"https:\/\/subs.nomadcoffee.es\/ca\/#organization\"},\"alternateName\":\"Nomad Coffee\",\"potentialAction\":[{\"@type\":\"SearchAction\",\"target\":{\"@type\":\"EntryPoint\",\"urlTemplate\":\"https:\/\/subs.nomadcoffee.es\/ca\/?s={search_term_string}\"},\"query-input\":\"required name=search_term_string\"}],\"inLanguage\":\"ca\"},{\"@type\":\"Organization\",\"@id\":\"https:\/\/subs.nomadcoffee.es\/ca\/#organization\",\"name\":\"Nomad Coffee\",\"alternateName\":\"Nomad Coffee\",\"url\":\"https:\/\/subs.nomadcoffee.es\/ca\/\",\"logo\":{\"@type\":\"ImageObject\",\"inLanguage\":\"ca\",\"@id\":\"https:\/\/subs.nomadcoffee.es\/ca\/#\/schema\/logo\/image\/\",\"url\":\"https:\/\/nomadcoffee.es\/wp-content\/uploads\/2023\/05\/logo-Nomad.jpg\",\"contentUrl\":\"https:\/\/nomadcoffee.es\/wp-content\/uploads\/2023\/05\/logo-Nomad.jpg\",\"width\":200,\"height\":200,\"caption\":\"Nomad Coffee\"},\"image\":{\"@id\":\"https:\/\/subs.nomadcoffee.es\/ca\/#\/schema\/logo\/image\/\"}}]}<\/script>\n<!-- \/ Yoast SEO plugin. -->","yoast_head_json":{"title":"Miriam Quesada - NOMAD","description":"Xocolata i cireres al principi, en refredar-se, notes sedoses de xocolatines, \u00e0ctels i panses. A la boca, acidesa v\u00ednica, cos untu\u00f3s i gust a baies de goji.","robots":{"index":"noindex","follow":"follow","max-snippet":"max-snippet:-1","max-image-preview":"max-image-preview:large","max-video-preview":"max-video-preview:-1"},"og_locale":"ca_ES","og_type":"article","og_title":"Miriam Quesada - NOMAD","og_description":"Xocolata i cireres al principi, en refredar-se, notes sedoses de xocolatines, \u00e0ctels i panses. A la boca, acidesa v\u00ednica, cos untu\u00f3s i gust a baies de goji.","og_url":"https:\/\/subs.nomadcoffee.es\/ca\/producte\/miriam-quesada\/","og_site_name":"NOMAD","article_modified_time":"2023-11-13T10:29:11+00:00","og_image":[{"width":2000,"height":2000,"url":"https:\/\/subs.nomadcoffee.es\/wp-content\/uploads\/2023\/11\/E.CO_.MIRI-.jpg","type":"image\/jpeg"}],"twitter_card":"summary_large_image","twitter_misc":{"Temps estimat de lectura":"1 minut"},"schema":{"@context":"https:\/\/schema.org","@graph":[{"@type":"WebPage","@id":"https:\/\/subs.nomadcoffee.es\/ca\/producte\/miriam-quesada\/","url":"https:\/\/subs.nomadcoffee.es\/ca\/producte\/miriam-quesada\/","name":"Miriam Quesada - NOMAD","isPartOf":{"@id":"https:\/\/subs.nomadcoffee.es\/ca\/#website"},"primaryImageOfPage":{"@id":"https:\/\/subs.nomadcoffee.es\/ca\/producte\/miriam-quesada\/#primaryimage"},"image":{"@id":"https:\/\/subs.nomadcoffee.es\/ca\/producte\/miriam-quesada\/#primaryimage"},"thumbnailUrl":"https:\/\/subs.nomadcoffee.es\/wp-content\/uploads\/2023\/11\/E.CO_.MIRI-.jpg","datePublished":"2023-11-09T08:09:15+00:00","dateModified":"2023-11-13T10:29:11+00:00","description":"Xocolata i cireres al principi, en refredar-se, notes sedoses de xocolatines, \u00e0ctels i panses. A la boca, acidesa v\u00ednica, cos untu\u00f3s i gust a baies de goji.","breadcrumb":{"@id":"https:\/\/subs.nomadcoffee.es\/ca\/producte\/miriam-quesada\/#breadcrumb"},"inLanguage":"ca","potentialAction":[{"@type":"ReadAction","target":["https:\/\/subs.nomadcoffee.es\/ca\/producte\/miriam-quesada\/"]}]},{"@type":"ImageObject","inLanguage":"ca","@id":"https:\/\/subs.nomadcoffee.es\/ca\/producte\/miriam-quesada\/#primaryimage","url":"https:\/\/subs.nomadcoffee.es\/wp-content\/uploads\/2023\/11\/E.CO_.MIRI-.jpg","contentUrl":"https:\/\/subs.nomadcoffee.es\/wp-content\/uploads\/2023\/11\/E.CO_.MIRI-.jpg","width":2000,"height":2000},{"@type":"BreadcrumbList","@id":"https:\/\/subs.nomadcoffee.es\/ca\/producte\/miriam-quesada\/#breadcrumb","itemListElement":[{"@type":"ListItem","position":1,"name":"Portada","item":"https:\/\/subs.nomadcoffee.es\/ca\/"},{"@type":"ListItem","position":2,"name":"Tienda","item":"https:\/\/subs.nomadcoffee.es\/tienda\/"},{"@type":"ListItem","position":3,"name":"Miriam Quesada"}]},{"@type":"WebSite","@id":"https:\/\/subs.nomadcoffee.es\/ca\/#website","url":"https:\/\/subs.nomadcoffee.es\/ca\/","name":"Nomad Coffee","description":"Caf\u00e9 de origen, tostado en Barcelona","publisher":{"@id":"https:\/\/subs.nomadcoffee.es\/ca\/#organization"},"alternateName":"Nomad Coffee","potentialAction":[{"@type":"SearchAction","target":{"@type":"EntryPoint","urlTemplate":"https:\/\/subs.nomadcoffee.es\/ca\/?s={search_term_string}"},"query-input":"required name=search_term_string"}],"inLanguage":"ca"},{"@type":"Organization","@id":"https:\/\/subs.nomadcoffee.es\/ca\/#organization","name":"Nomad Coffee","alternateName":"Nomad Coffee","url":"https:\/\/subs.nomadcoffee.es\/ca\/","logo":{"@type":"ImageObject","inLanguage":"ca","@id":"https:\/\/subs.nomadcoffee.es\/ca\/#\/schema\/logo\/image\/","url":"https:\/\/nomadcoffee.es\/wp-content\/uploads\/2023\/05\/logo-Nomad.jpg","contentUrl":"https:\/\/nomadcoffee.es\/wp-content\/uploads\/2023\/05\/logo-Nomad.jpg","width":200,"height":200,"caption":"Nomad Coffee"},"image":{"@id":"https:\/\/subs.nomadcoffee.es\/ca\/#\/schema\/logo\/image\/"}}]}},"_links":{"self":[{"href":"https:\/\/subs.nomadcoffee.es\/ca\/wp-json\/wp\/v2\/product\/87882"}],"collection":[{"href":"https:\/\/subs.nomadcoffee.es\/ca\/wp-json\/wp\/v2\/product"}],"about":[{"href":"https:\/\/subs.nomadcoffee.es\/ca\/wp-json\/wp\/v2\/types\/product"}],"wp:featuredmedia":[{"embeddable":true,"href":"https:\/\/subs.nomadcoffee.es\/ca\/wp-json\/wp\/v2\/media\/87854"}],"wp:attachment":[{"href":"https:\/\/subs.nomadcoffee.es\/ca\/wp-json\/wp\/v2\/media?parent=87882"}],"wp:term":[{"taxonomy":"product_cat","embeddable":true,"href":"https:\/\/subs.nomadcoffee.es\/ca\/wp-json\/wp\/v2\/product_cat?post=87882"},{"taxonomy":"product_tag","embeddable":true,"href":"https:\/\/subs.nomadcoffee.es\/ca\/wp-json\/wp\/v2\/product_tag?post=87882"}],"curies":[{"name":"wp","href":"https:\/\/api.w.org\/{rel}","templated":true}]}}